{"id":90567,"date":"2026-05-07T17:28:16","date_gmt":"2026-05-07T15:28:16","guid":{"rendered":"https:\/\/www.librairieclavreuil.com\/steinmann-johann-jacob-souvenirs-de-rio-de-janeiro-dessines-dapres-nature-et-publies-par-j-steinmann\/"},"modified":"2026-05-07T17:28:21","modified_gmt":"2026-05-07T15:28:21","slug":"steinmann-johann-jacob-souvenirs-de-rio-de-janeiro-dessines-dapres-nature-et-publies-par-j-steinmann","status":"publish","type":"product","link":"https:\/\/www.librairieclavreuil.com\/en\/steinmann-johann-jacob-souvenirs-de-rio-de-janeiro-dessines-dapres-nature-et-publies-par-j-steinmann\/","title":{"rendered":"[STEINMANN Johann Jacob] Souvenirs de Rio de Janeiro,..."},"content":{"rendered":"<p style=\"text-align:justify\"><i>Borba de Moraes, II, 839; Palau (for an edition dated 1839); Not in Abbey.<\/i><\/p>\n<p style=\"text-align:justify\"><span style=\"font-variant:small-caps\">A magnificent album of views of Rio de Janeiro, coloured at the time.<\/span><\/p>\n<p style=\"text-align:justify\">Brazil held immense appeal for 19th-century artists, and the numerous illustrated albums and travel books that immortalise the luminous landscapes, the unusual aspects of a constantly evolving society and the popular customs bear witness to this interest. Among these collections that introduced Brazil to Europe, this precious album is one of the finest examples.<\/p>\n<p style=\"text-align:justify\">Very little information is available on Johann Jacob Steinmann (1800\u20131844), a Swiss lithographer and draughtsman, regarded as the pioneer of lithography within the official institutions of Rio de Janeiro. Hired by the Military Archives, he arrived in Brazil in October 1825, accompanied by his wife and daughter, disembarking from the brigantine <i>Cec\u00edlia<\/i>, which had sailed from France. His arrival in Brazil was the result of agreements reached with the Brazilian government\u2019s representative in Paris, who had hired him to take up the art of lithography in Rio de Janeiro as the \u2018Emperor\u2019s lithographer\u2019, that is to say, the official lithographer, under the supervision of the Archives and the Military Academy.<\/p>\n<p style=\"text-align:justify\">Steinmann had begun his studies in 1821, joining Engelmann\u2019s lithographic workshop in Mulhouse, Alsace. He subsequently honed his skills under Alois Senefelder, the inventor of lithography, who was based in Paris, where the Brazilian charg\u00e9 d\u2019affaires met him. He brought with him all the equipment necessary for teaching the art of lithography in Brazil. Whilst he worked for Seignot-Plancher, the Parisian publishing house established in Rio de Janeiro, and for the Imperial Printing Office, Steinmann also carried out work on his own account, making use of the facilities, presses and apprentices provided to him by the government.<\/p>\n<p style=\"text-align:justify\">This magnificent album, entitled <i>Souvenirs de Rio de Janeiro<\/i>, consists of twelve watercolours, presented on separate sheets mounted on thick paper, whose lithographed border features, amidst arabesques and ornamental motifs of a naturalistic nature, small scenes of Brazilian customs interwoven within a meticulous profusion of tropical foliage and fruit. The title page features, within the frame, two columns of tropical plant motifs, framing typically Brazilian scenes<\/p>\n<p style=\"text-align:justify\">This series was produced based on drawings by various artists who stayed in Brazil between 1825 and 1833. The 12 aquatints, enhanced with watercolours and gum arabic, measure 161 mm x 126 mm and are titled:<\/p>\n<p style=\"text-align:justify\">1-<i>Caminho dos orga\u00f5s<\/i>, drawing by Steinmann<\/p>\n<p style=\"text-align:justify\">2-<i>Vista tomada de S<sup>ta<\/sup> Thereza<\/i>, drawing by Kretschmer<\/p>\n<p style=\"text-align:justify\">3-<i>Largo Do Pa\u00e7o<\/i>, drawing by Victor Barat<\/p>\n<p style=\"text-align:justify\">4-<i>Vista Do Sacco d\u2019Alfer\u00e8s &amp; de St Cristovao<\/i>, drawing by Steinmann<\/p>\n<p style=\"text-align:justify\">5-<i>Vista de N.S.Da Gloria et Da Barra do Rio de Janeiro<\/i>, drawing by Kretschmer<\/p>\n<p style=\"text-align:justify\">6-<i>Moro do Castello &amp; Da Praya d\u2019Ajuda<\/i>, drawing by Steinmann<\/p>\n<p style=\"text-align:justify\">7-<i>Bota Fogo<\/i>, drawing by Steinmann<\/p>\n<p style=\"text-align:justify\">8-<i>Novo Friburgo (Swiss Colony, Ao Morro Queimado<\/i>), drawing by Steinmann<\/p>\n<p style=\"text-align:justify\">9-<i>St Joao De Carahy, A praya grande<\/i>, drawing by Steinmann<\/p>\n<p style=\"text-align:justify\">10-<i>Igreja de St Sebastia\u00f5<\/i>, drawing by Steinmann<\/p>\n<p style=\"text-align:justify\">11-<i>Planta\u00e7a\u00f5 de Caf\u00e9<\/i>, drawing by Steinmann<\/p>\n<p style=\"text-align:justify\">12-<i>Ilha das Cobras<\/i>, drawing by Steinmann<\/p>\n<p style=\"text-align:justify\">The question of the edition appears difficult to resolve; whilst it seems an edition appeared as early as 1835 in Basel, Borba de Moraes nevertheless points out that Rittner and Goupil may have been the custodians of the album and that \u201cAll bookdealers who bought it could print their names on the cover where a space had been left blank for that purpose [\u2026] Many copies bear a date on the cover. I have seen copies dated 1835, and one with the title \u2018Souvenirs de Rio de Janeiro dessin\u00e9s d&#8217;apr\u00e8s nature &amp; publi\u00e9s par J. Steinmann \u00e0 Naples. Chez Rittner &amp; Goupil \u00e0 Paris, &amp; Birman &amp; Fils \u00e0 Basle, 1834.\u2019 I have also seen copies dated from 1834 to 1839 and a copy in which the number 6 has been cut out and ingeniously turned upside down to alter the date to 1839. Finally, undated copies also exist. These facts lead me to believe that the albums were distributed without a date and that the bookdealers dated, bound, and perhaps even coloured them.\u201d<\/p>\n<p style=\"text-align:justify\">All pages bear an embossed \u2018J.P.\u2019 stamp.<\/p>\n<p style=\"text-align:justify\">The cover has a few stains and traces of old repairs, yet this is a magnificent copy of this remarkable album, notable not only for the beauty of its illustrations but also because it constitutes an indispensable document on Rio de Janeiro in the first half of the 19th century.<\/p>\n<p style=\"text-align:justify\">Provenance: Pimenta Camargo (bookplate) \u2013 Bonchristiano (bookplate).<\/p>\n","protected":false},"excerpt":{"rendered":"<p style=\"text-align:justify\">Small oblong folio (312 x 233 mm) containing 12 aquatints enhanced with colour. Red morocco, alternating gold and black fillets on the covers, smooth spine, title running lengthwise, interior roulette, upper cover preserved <i>(L. Berger &amp; Filho &#8211; Rio)<\/i>.<\/p>\n","protected":false},"featured_media":90546,"comment_status":"open","ping_status":"closed","template":"","meta":{"_acf_changed":false},"product_brand":[],"product_cat":[552],"product_tag":[1376,1202],"class_list":{"0":"post-90567","1":"product","2":"type-product","3":"status-publish","4":"has-post-thumbnail","6":"product_cat-travel","7":"product_tag-brazil","8":"product_tag-engraving","9":"pa_auteur-steinmann-johann-jacob-2","10":"pa_type-de-livre-printed-book","12":"first","13":"instock","14":"shipping-taxable","15":"purchasable","16":"product-type-simple"},"acf":{"artist":"Johann Jacob] [STEINMANN","chapeau":"","adresse_bibliographique":"Paris, Ritter et Goupil, 1836","book_type":"Printed book","provenance":"","afficher_prix":"oui"},"yoast_head":"<!-- This site is optimized with the Yoast SEO plugin v24.7 - https:\/\/yoast.com\/wordpress\/plugins\/seo\/ -->\n<title>[STEINMANN Johann Jacob] Souvenirs de Rio de Janeiro, dessin\u00e9s d&#039;apr\u00e8s nature et publi\u00e9s par J. Steinmann. - Libairie Clavreuil<\/title>\n<meta name=\"robots\" content=\"index, follow, max-snippet:-1, max-image-preview:large, max-video-preview:-1\" \/>\n<link rel=\"canonical\" href=\"https:\/\/www.librairieclavreuil.com\/en\/steinmann-johann-jacob-souvenirs-de-rio-de-janeiro-dessines-dapres-nature-et-publies-par-j-steinmann\/\" \/>\n<meta property=\"og:locale\" content=\"en_US\" \/>\n<meta property=\"og:type\" content=\"article\" \/>\n<meta property=\"og:title\" content=\"[STEINMANN Johann Jacob] Souvenirs de Rio de Janeiro, dessin\u00e9s d&#039;apr\u00e8s nature et publi\u00e9s par J. Steinmann. - Libairie Clavreuil\" \/>\n<meta property=\"og:description\" content=\"Small oblong folio (312 x 233 mm) containing 12 aquatints enhanced with colour. Red morocco, alternating gold and black fillets on the covers, smooth spine, title running lengthwise, interior roulette, upper cover preserved (L. Berger &amp; Filho - Rio).\" \/>\n<meta property=\"og:url\" content=\"https:\/\/www.librairieclavreuil.com\/en\/steinmann-johann-jacob-souvenirs-de-rio-de-janeiro-dessines-dapres-nature-et-publies-par-j-steinmann\/\" \/>\n<meta property=\"og:site_name\" content=\"Libairie Clavreuil\" \/>\n<meta property=\"article:modified_time\" content=\"2026-05-07T15:28:21+00:00\" \/>\n<meta property=\"og:image\" content=\"https:\/\/www.librairieclavreuil.com\/wp-content\/uploads\/2026\/05\/johann-jacob-steinmann-souvenirs-de-rio-de-janeiro-dessines-d-apres-nature-et-publies-par-j-steinmann-3590-69fc97a972c72.jpg\" \/>\n\t<meta property=\"og:image:width\" content=\"800\" \/>\n\t<meta property=\"og:image:height\" content=\"644\" \/>\n\t<meta property=\"og:image:type\" content=\"image\/jpeg\" \/>\n<meta name=\"twitter:card\" content=\"summary_large_image\" \/>\n<meta name=\"twitter:label1\" content=\"Est. reading time\" \/>\n\t<meta name=\"twitter:data1\" content=\"4 minutes\" \/>\n<script type=\"application\/ld+json\" class=\"yoast-schema-graph\">{\"@context\":\"https:\/\/schema.org\",\"@graph\":[{\"@type\":\"WebPage\",\"@id\":\"https:\/\/www.librairieclavreuil.com\/en\/steinmann-johann-jacob-souvenirs-de-rio-de-janeiro-dessines-dapres-nature-et-publies-par-j-steinmann\/\",\"url\":\"https:\/\/www.librairieclavreuil.com\/en\/steinmann-johann-jacob-souvenirs-de-rio-de-janeiro-dessines-dapres-nature-et-publies-par-j-steinmann\/\",\"name\":\"[STEINMANN Johann Jacob] Souvenirs de Rio de Janeiro, dessin\u00e9s d'apr\u00e8s nature et publi\u00e9s par J. Steinmann. - Libairie Clavreuil\",\"isPartOf\":{\"@id\":\"https:\/\/www.librairieclavreuil.com\/#website\"},\"primaryImageOfPage\":{\"@id\":\"https:\/\/www.librairieclavreuil.com\/en\/steinmann-johann-jacob-souvenirs-de-rio-de-janeiro-dessines-dapres-nature-et-publies-par-j-steinmann\/#primaryimage\"},\"image\":{\"@id\":\"https:\/\/www.librairieclavreuil.com\/en\/steinmann-johann-jacob-souvenirs-de-rio-de-janeiro-dessines-dapres-nature-et-publies-par-j-steinmann\/#primaryimage\"},\"thumbnailUrl\":\"https:\/\/www.librairieclavreuil.com\/wp-content\/uploads\/2026\/05\/johann-jacob-steinmann-souvenirs-de-rio-de-janeiro-dessines-d-apres-nature-et-publies-par-j-steinmann-3590-69fc97a972c72.jpg\",\"datePublished\":\"2026-05-07T15:28:16+00:00\",\"dateModified\":\"2026-05-07T15:28:21+00:00\",\"breadcrumb\":{\"@id\":\"https:\/\/www.librairieclavreuil.com\/en\/steinmann-johann-jacob-souvenirs-de-rio-de-janeiro-dessines-dapres-nature-et-publies-par-j-steinmann\/#breadcrumb\"},\"inLanguage\":\"en-US\",\"potentialAction\":[{\"@type\":\"ReadAction\",\"target\":[\"https:\/\/www.librairieclavreuil.com\/en\/steinmann-johann-jacob-souvenirs-de-rio-de-janeiro-dessines-dapres-nature-et-publies-par-j-steinmann\/\"]}]},{\"@type\":\"ImageObject\",\"inLanguage\":\"en-US\",\"@id\":\"https:\/\/www.librairieclavreuil.com\/en\/steinmann-johann-jacob-souvenirs-de-rio-de-janeiro-dessines-dapres-nature-et-publies-par-j-steinmann\/#primaryimage\",\"url\":\"https:\/\/www.librairieclavreuil.com\/wp-content\/uploads\/2026\/05\/johann-jacob-steinmann-souvenirs-de-rio-de-janeiro-dessines-d-apres-nature-et-publies-par-j-steinmann-3590-69fc97a972c72.jpg\",\"contentUrl\":\"https:\/\/www.librairieclavreuil.com\/wp-content\/uploads\/2026\/05\/johann-jacob-steinmann-souvenirs-de-rio-de-janeiro-dessines-d-apres-nature-et-publies-par-j-steinmann-3590-69fc97a972c72.jpg\",\"width\":800,\"height\":644},{\"@type\":\"BreadcrumbList\",\"@id\":\"https:\/\/www.librairieclavreuil.com\/en\/steinmann-johann-jacob-souvenirs-de-rio-de-janeiro-dessines-dapres-nature-et-publies-par-j-steinmann\/#breadcrumb\",\"itemListElement\":[{\"@type\":\"ListItem\",\"position\":1,\"name\":\"Accueil\",\"item\":\"https:\/\/www.librairieclavreuil.com\/\"},{\"@type\":\"ListItem\",\"position\":2,\"name\":\"All our books\",\"item\":\"https:\/\/www.librairieclavreuil.com\/en\/all-our-books\/\"},{\"@type\":\"ListItem\",\"position\":3,\"name\":\"[STEINMANN Johann Jacob] Souvenirs de Rio de Janeiro,...\"}]},{\"@type\":\"WebSite\",\"@id\":\"https:\/\/www.librairieclavreuil.com\/#website\",\"url\":\"https:\/\/www.librairieclavreuil.com\/\",\"name\":\"Libairie Clavreuil\",\"description\":\"Livres anciens, manuscrits rares et \u00e9ditions originales \u2013 Librairie Clavreuil\",\"publisher\":{\"@id\":\"https:\/\/www.librairieclavreuil.com\/#organization\"},\"potentialAction\":[{\"@type\":\"SearchAction\",\"target\":{\"@type\":\"EntryPoint\",\"urlTemplate\":\"https:\/\/www.librairieclavreuil.com\/?s={search_term_string}\"},\"query-input\":{\"@type\":\"PropertyValueSpecification\",\"valueRequired\":true,\"valueName\":\"search_term_string\"}}],\"inLanguage\":\"en-US\"},{\"@type\":\"Organization\",\"@id\":\"https:\/\/www.librairieclavreuil.com\/#organization\",\"name\":\"Libairie Clavreuil\",\"url\":\"https:\/\/www.librairieclavreuil.com\/\",\"logo\":{\"@type\":\"ImageObject\",\"inLanguage\":\"en-US\",\"@id\":\"https:\/\/www.librairieclavreuil.com\/#\/schema\/logo\/image\/\",\"url\":\"https:\/\/www.librairieclavreuil.com\/wp-content\/uploads\/2021\/06\/cropped-LOGO_PNG_DATE-_gold-512x512-1.png\",\"contentUrl\":\"https:\/\/www.librairieclavreuil.com\/wp-content\/uploads\/2021\/06\/cropped-LOGO_PNG_DATE-_gold-512x512-1.png\",\"width\":512,\"height\":512,\"caption\":\"Libairie Clavreuil\"},\"image\":{\"@id\":\"https:\/\/www.librairieclavreuil.com\/#\/schema\/logo\/image\/\"},\"sameAs\":[\"https:\/\/www.instagram.com\/librairieclavreuil\/\"]}]}<\/script>\n<!-- \/ Yoast SEO plugin. -->","yoast_head_json":{"title":"[STEINMANN Johann Jacob] Souvenirs de Rio de Janeiro, dessin\u00e9s d'apr\u00e8s nature et publi\u00e9s par J. Steinmann. - Libairie Clavreuil","robots":{"index":"index","follow":"follow","max-snippet":"max-snippet:-1","max-image-preview":"max-image-preview:large","max-video-preview":"max-video-preview:-1"},"canonical":"https:\/\/www.librairieclavreuil.com\/en\/steinmann-johann-jacob-souvenirs-de-rio-de-janeiro-dessines-dapres-nature-et-publies-par-j-steinmann\/","og_locale":"en_US","og_type":"article","og_title":"[STEINMANN Johann Jacob] Souvenirs de Rio de Janeiro, dessin\u00e9s d'apr\u00e8s nature et publi\u00e9s par J. Steinmann. - Libairie Clavreuil","og_description":"Small oblong folio (312 x 233 mm) containing 12 aquatints enhanced with colour. Red morocco, alternating gold and black fillets on the covers, smooth spine, title running lengthwise, interior roulette, upper cover preserved (L. Berger &amp; Filho - Rio).","og_url":"https:\/\/www.librairieclavreuil.com\/en\/steinmann-johann-jacob-souvenirs-de-rio-de-janeiro-dessines-dapres-nature-et-publies-par-j-steinmann\/","og_site_name":"Libairie Clavreuil","article_modified_time":"2026-05-07T15:28:21+00:00","og_image":[{"width":800,"height":644,"url":"https:\/\/www.librairieclavreuil.com\/wp-content\/uploads\/2026\/05\/johann-jacob-steinmann-souvenirs-de-rio-de-janeiro-dessines-d-apres-nature-et-publies-par-j-steinmann-3590-69fc97a972c72.jpg","type":"image\/jpeg"}],"twitter_card":"summary_large_image","twitter_misc":{"Est. reading time":"4 minutes"},"schema":{"@context":"https:\/\/schema.org","@graph":[{"@type":"WebPage","@id":"https:\/\/www.librairieclavreuil.com\/en\/steinmann-johann-jacob-souvenirs-de-rio-de-janeiro-dessines-dapres-nature-et-publies-par-j-steinmann\/","url":"https:\/\/www.librairieclavreuil.com\/en\/steinmann-johann-jacob-souvenirs-de-rio-de-janeiro-dessines-dapres-nature-et-publies-par-j-steinmann\/","name":"[STEINMANN Johann Jacob] Souvenirs de Rio de Janeiro, dessin\u00e9s d'apr\u00e8s nature et publi\u00e9s par J. Steinmann. - Libairie Clavreuil","isPartOf":{"@id":"https:\/\/www.librairieclavreuil.com\/#website"},"primaryImageOfPage":{"@id":"https:\/\/www.librairieclavreuil.com\/en\/steinmann-johann-jacob-souvenirs-de-rio-de-janeiro-dessines-dapres-nature-et-publies-par-j-steinmann\/#primaryimage"},"image":{"@id":"https:\/\/www.librairieclavreuil.com\/en\/steinmann-johann-jacob-souvenirs-de-rio-de-janeiro-dessines-dapres-nature-et-publies-par-j-steinmann\/#primaryimage"},"thumbnailUrl":"https:\/\/www.librairieclavreuil.com\/wp-content\/uploads\/2026\/05\/johann-jacob-steinmann-souvenirs-de-rio-de-janeiro-dessines-d-apres-nature-et-publies-par-j-steinmann-3590-69fc97a972c72.jpg","datePublished":"2026-05-07T15:28:16+00:00","dateModified":"2026-05-07T15:28:21+00:00","breadcrumb":{"@id":"https:\/\/www.librairieclavreuil.com\/en\/steinmann-johann-jacob-souvenirs-de-rio-de-janeiro-dessines-dapres-nature-et-publies-par-j-steinmann\/#breadcrumb"},"inLanguage":"en-US","potentialAction":[{"@type":"ReadAction","target":["https:\/\/www.librairieclavreuil.com\/en\/steinmann-johann-jacob-souvenirs-de-rio-de-janeiro-dessines-dapres-nature-et-publies-par-j-steinmann\/"]}]},{"@type":"ImageObject","inLanguage":"en-US","@id":"https:\/\/www.librairieclavreuil.com\/en\/steinmann-johann-jacob-souvenirs-de-rio-de-janeiro-dessines-dapres-nature-et-publies-par-j-steinmann\/#primaryimage","url":"https:\/\/www.librairieclavreuil.com\/wp-content\/uploads\/2026\/05\/johann-jacob-steinmann-souvenirs-de-rio-de-janeiro-dessines-d-apres-nature-et-publies-par-j-steinmann-3590-69fc97a972c72.jpg","contentUrl":"https:\/\/www.librairieclavreuil.com\/wp-content\/uploads\/2026\/05\/johann-jacob-steinmann-souvenirs-de-rio-de-janeiro-dessines-d-apres-nature-et-publies-par-j-steinmann-3590-69fc97a972c72.jpg","width":800,"height":644},{"@type":"BreadcrumbList","@id":"https:\/\/www.librairieclavreuil.com\/en\/steinmann-johann-jacob-souvenirs-de-rio-de-janeiro-dessines-dapres-nature-et-publies-par-j-steinmann\/#breadcrumb","itemListElement":[{"@type":"ListItem","position":1,"name":"Accueil","item":"https:\/\/www.librairieclavreuil.com\/"},{"@type":"ListItem","position":2,"name":"All our books","item":"https:\/\/www.librairieclavreuil.com\/en\/all-our-books\/"},{"@type":"ListItem","position":3,"name":"[STEINMANN Johann Jacob] Souvenirs de Rio de Janeiro,..."}]},{"@type":"WebSite","@id":"https:\/\/www.librairieclavreuil.com\/#website","url":"https:\/\/www.librairieclavreuil.com\/","name":"Libairie Clavreuil","description":"Livres anciens, manuscrits rares et \u00e9ditions originales \u2013 Librairie Clavreuil","publisher":{"@id":"https:\/\/www.librairieclavreuil.com\/#organization"},"potentialAction":[{"@type":"SearchAction","target":{"@type":"EntryPoint","urlTemplate":"https:\/\/www.librairieclavreuil.com\/?s={search_term_string}"},"query-input":{"@type":"PropertyValueSpecification","valueRequired":true,"valueName":"search_term_string"}}],"inLanguage":"en-US"},{"@type":"Organization","@id":"https:\/\/www.librairieclavreuil.com\/#organization","name":"Libairie Clavreuil","url":"https:\/\/www.librairieclavreuil.com\/","logo":{"@type":"ImageObject","inLanguage":"en-US","@id":"https:\/\/www.librairieclavreuil.com\/#\/schema\/logo\/image\/","url":"https:\/\/www.librairieclavreuil.com\/wp-content\/uploads\/2021\/06\/cropped-LOGO_PNG_DATE-_gold-512x512-1.png","contentUrl":"https:\/\/www.librairieclavreuil.com\/wp-content\/uploads\/2021\/06\/cropped-LOGO_PNG_DATE-_gold-512x512-1.png","width":512,"height":512,"caption":"Libairie Clavreuil"},"image":{"@id":"https:\/\/www.librairieclavreuil.com\/#\/schema\/logo\/image\/"},"sameAs":["https:\/\/www.instagram.com\/librairieclavreuil\/"]}]}},"jetpack_sharing_enabled":true,"_links":{"self":[{"href":"https:\/\/www.librairieclavreuil.com\/en\/wp-json\/wp\/v2\/product\/90567","targetHints":{"allow":["GET"]}}],"collection":[{"href":"https:\/\/www.librairieclavreuil.com\/en\/wp-json\/wp\/v2\/product"}],"about":[{"href":"https:\/\/www.librairieclavreuil.com\/en\/wp-json\/wp\/v2\/types\/product"}],"replies":[{"embeddable":true,"href":"https:\/\/www.librairieclavreuil.com\/en\/wp-json\/wp\/v2\/comments?post=90567"}],"wp:featuredmedia":[{"embeddable":true,"href":"https:\/\/www.librairieclavreuil.com\/en\/wp-json\/wp\/v2\/media\/90546"}],"wp:attachment":[{"href":"https:\/\/www.librairieclavreuil.com\/en\/wp-json\/wp\/v2\/media?parent=90567"}],"wp:term":[{"taxonomy":"product_brand","embeddable":true,"href":"https:\/\/www.librairieclavreuil.com\/en\/wp-json\/wp\/v2\/product_brand?post=90567"},{"taxonomy":"product_cat","embeddable":true,"href":"https:\/\/www.librairieclavreuil.com\/en\/wp-json\/wp\/v2\/product_cat?post=90567"},{"taxonomy":"product_tag","embeddable":true,"href":"https:\/\/www.librairieclavreuil.com\/en\/wp-json\/wp\/v2\/product_tag?post=90567"}],"curies":[{"name":"wp","href":"https:\/\/api.w.org\/{rel}","templated":true}]}}