{"id":90545,"date":"2026-05-07T17:27:59","date_gmt":"2026-05-07T15:27:59","guid":{"rendered":"https:\/\/www.librairieclavreuil.com\/sourbets-georges-precis-de-fauconnerie-contenant-les-indications-necessaires-pour-affaiter-et-gouverner-les-principaux-oiseaux-de-vol-suivi-de-leducation-du-cormoran\/"},"modified":"2026-05-07T17:28:05","modified_gmt":"2026-05-07T15:28:05","slug":"sourbets-georges-precis-de-fauconnerie-contenant-les-indications-necessaires-pour-affaiter-et-gouverner-les-principaux-oiseaux-de-vol-suivi-de-leducation-du-cormoran","status":"publish","type":"product","link":"https:\/\/www.librairieclavreuil.com\/en\/sourbets-georges-precis-de-fauconnerie-contenant-les-indications-necessaires-pour-affaiter-et-gouverner-les-principaux-oiseaux-de-vol-suivi-de-leducation-du-cormoran\/","title":{"rendered":"SOURBETS Georges Pr\u00e9cis de fauconnerie contenant les indications..."},"content":{"rendered":"<p style=\"text-align:justify\"><i>Not in Frank ;&nbsp;<\/i> T<i>hi\u00e9baud, 853; Schwerdt, II, 168; not in Souhart.<\/i><\/p>\n<p style=\"text-align:justify\"><span style=\"font-variant:small-caps\">First edition, very rare.<\/span><\/p>\n<p style=\"text-align:justify\">Thi\u00e9baud indicates that the book was printed in 150 copies only.<\/p>\n<p style=\"text-align:justify\">The <i>Trait\u00e9 de fauconnerie<\/i> occupies 10 chapters, followed by a long essay on the training of fishing for cormorants.<\/p>\n<p style=\"text-align:justify\">&#8220;This book is of considerable value to the present-day falconers. George Sourbets was a practical falconer and had written in 1885 a small pamphlet, called &#8216;La Chasse au vol&#8217;, and the present publication, which he made in conjunction with M. de Saint-Marc, is a summary of the experiences of these two sportsmen. Mr. Harting (pp. 105-106) gives a description thereof and speaks well of it. It is divided into 10 chapters, which are followed by a treatise on the training of cormorants for fishing. Chapter 10 gives a collection of copies of letters addressed to one of the authors by well-known English and French falconers, which contain useful hints&#8221; (Schwerdt).<\/p>\n<p style=\"text-align:justify\">It is &#8220;a neat summary of nearly all that is necessary to be known in order to tame, train, and fly a hawk successfully&#8221; (Harting).<\/p>\n<p style=\"text-align:justify\">Fine copy.<\/p>\n<p style=\"text-align:justify\">Provenance : unidentified bookplate with the motto &#8220;Pas Veinard&#8221; &#8211; Hubert Lebaudy (bookplate).<\/p>\n","protected":false},"excerpt":{"rendered":"<p>8vo (213 x 136 mm) 2 unn.ll., 123 pp., 4 plates. Contemporary green morocco backed boards, spine gilt with raised bands.<\/p>\n","protected":false},"featured_media":90539,"comment_status":"open","ping_status":"closed","template":"","meta":{"_acf_changed":false},"product_brand":[],"product_cat":[534],"product_tag":[1476,1349,1342,1340],"class_list":{"0":"post-90545","1":"product","2":"type-product","3":"status-publish","4":"has-post-thumbnail","6":"product_cat-hunting","7":"product_tag-falconry","8":"product_tag-general-zoology","9":"product_tag-ornithology","10":"product_tag-zoology","11":"pa_auteur-sourbets-georges-2","12":"pa_type-de-livre-printed-book","14":"first","15":"instock","16":"shipping-taxable","17":"purchasable","18":"product-type-simple"},"acf":{"artist":"Georges SOURBETS","chapeau":"","adresse_bibliographique":"Niort, L. Clouzot, 1887","book_type":"Printed book","provenance":"","afficher_prix":"oui"},"yoast_head":"<!-- This site is optimized with the Yoast SEO plugin v24.7 - https:\/\/yoast.com\/wordpress\/plugins\/seo\/ -->\n<title>SOURBETS Georges Pr\u00e9cis de fauconnerie contenant les indications n\u00e9cessaires pour affaiter et gouverner les principaux oiseaux de vol suivi de l&#039;\u00e9ducation du cormoran. - Libairie Clavreuil<\/title>\n<meta name=\"robots\" content=\"index, follow, max-snippet:-1, max-image-preview:large, max-video-preview:-1\" \/>\n<link rel=\"canonical\" href=\"https:\/\/www.librairieclavreuil.com\/en\/sourbets-georges-precis-de-fauconnerie-contenant-les-indications-necessaires-pour-affaiter-et-gouverner-les-principaux-oiseaux-de-vol-suivi-de-leducation-du-cormoran\/\" \/>\n<meta property=\"og:locale\" content=\"en_US\" \/>\n<meta property=\"og:type\" content=\"article\" \/>\n<meta property=\"og:title\" content=\"SOURBETS Georges Pr\u00e9cis de fauconnerie contenant les indications n\u00e9cessaires pour affaiter et gouverner les principaux oiseaux de vol suivi de l&#039;\u00e9ducation du cormoran. - Libairie Clavreuil\" \/>\n<meta property=\"og:description\" content=\"8vo (213 x 136 mm) 2 unn.ll., 123 pp., 4 plates. Contemporary green morocco backed boards, spine gilt with raised bands.\" \/>\n<meta property=\"og:url\" content=\"https:\/\/www.librairieclavreuil.com\/en\/sourbets-georges-precis-de-fauconnerie-contenant-les-indications-necessaires-pour-affaiter-et-gouverner-les-principaux-oiseaux-de-vol-suivi-de-leducation-du-cormoran\/\" \/>\n<meta property=\"og:site_name\" content=\"Libairie Clavreuil\" \/>\n<meta property=\"article:modified_time\" content=\"2026-05-07T15:28:05+00:00\" \/>\n<meta property=\"og:image\" content=\"https:\/\/www.librairieclavreuil.com\/wp-content\/uploads\/2026\/05\/georges-sourbets-precis-de-fauconnerie-contenant-les-indications-necessaires-pour-affaiter-et-gouverner-les-principaux-oiseaux-de-vol-suivi-66e9a5378ca1b-1.jpg\" \/>\n\t<meta property=\"og:image:width\" content=\"548\" \/>\n\t<meta property=\"og:image:height\" content=\"800\" \/>\n\t<meta property=\"og:image:type\" content=\"image\/jpeg\" \/>\n<meta name=\"twitter:card\" content=\"summary_large_image\" \/>\n<meta name=\"twitter:label1\" content=\"Est. reading time\" \/>\n\t<meta name=\"twitter:data1\" content=\"1 minute\" \/>\n<script type=\"application\/ld+json\" class=\"yoast-schema-graph\">{\"@context\":\"https:\/\/schema.org\",\"@graph\":[{\"@type\":\"WebPage\",\"@id\":\"https:\/\/www.librairieclavreuil.com\/en\/sourbets-georges-precis-de-fauconnerie-contenant-les-indications-necessaires-pour-affaiter-et-gouverner-les-principaux-oiseaux-de-vol-suivi-de-leducation-du-cormoran\/\",\"url\":\"https:\/\/www.librairieclavreuil.com\/en\/sourbets-georges-precis-de-fauconnerie-contenant-les-indications-necessaires-pour-affaiter-et-gouverner-les-principaux-oiseaux-de-vol-suivi-de-leducation-du-cormoran\/\",\"name\":\"SOURBETS Georges Pr\u00e9cis de fauconnerie contenant les indications n\u00e9cessaires pour affaiter et gouverner les principaux oiseaux de vol suivi de l'\u00e9ducation du cormoran. - Libairie Clavreuil\",\"isPartOf\":{\"@id\":\"https:\/\/www.librairieclavreuil.com\/#website\"},\"primaryImageOfPage\":{\"@id\":\"https:\/\/www.librairieclavreuil.com\/en\/sourbets-georges-precis-de-fauconnerie-contenant-les-indications-necessaires-pour-affaiter-et-gouverner-les-principaux-oiseaux-de-vol-suivi-de-leducation-du-cormoran\/#primaryimage\"},\"image\":{\"@id\":\"https:\/\/www.librairieclavreuil.com\/en\/sourbets-georges-precis-de-fauconnerie-contenant-les-indications-necessaires-pour-affaiter-et-gouverner-les-principaux-oiseaux-de-vol-suivi-de-leducation-du-cormoran\/#primaryimage\"},\"thumbnailUrl\":\"https:\/\/www.librairieclavreuil.com\/wp-content\/uploads\/2026\/05\/georges-sourbets-precis-de-fauconnerie-contenant-les-indications-necessaires-pour-affaiter-et-gouverner-les-principaux-oiseaux-de-vol-suivi-66e9a5378ca1b-1.jpg\",\"datePublished\":\"2026-05-07T15:27:59+00:00\",\"dateModified\":\"2026-05-07T15:28:05+00:00\",\"breadcrumb\":{\"@id\":\"https:\/\/www.librairieclavreuil.com\/en\/sourbets-georges-precis-de-fauconnerie-contenant-les-indications-necessaires-pour-affaiter-et-gouverner-les-principaux-oiseaux-de-vol-suivi-de-leducation-du-cormoran\/#breadcrumb\"},\"inLanguage\":\"en-US\",\"potentialAction\":[{\"@type\":\"ReadAction\",\"target\":[\"https:\/\/www.librairieclavreuil.com\/en\/sourbets-georges-precis-de-fauconnerie-contenant-les-indications-necessaires-pour-affaiter-et-gouverner-les-principaux-oiseaux-de-vol-suivi-de-leducation-du-cormoran\/\"]}]},{\"@type\":\"ImageObject\",\"inLanguage\":\"en-US\",\"@id\":\"https:\/\/www.librairieclavreuil.com\/en\/sourbets-georges-precis-de-fauconnerie-contenant-les-indications-necessaires-pour-affaiter-et-gouverner-les-principaux-oiseaux-de-vol-suivi-de-leducation-du-cormoran\/#primaryimage\",\"url\":\"https:\/\/www.librairieclavreuil.com\/wp-content\/uploads\/2026\/05\/georges-sourbets-precis-de-fauconnerie-contenant-les-indications-necessaires-pour-affaiter-et-gouverner-les-principaux-oiseaux-de-vol-suivi-66e9a5378ca1b-1.jpg\",\"contentUrl\":\"https:\/\/www.librairieclavreuil.com\/wp-content\/uploads\/2026\/05\/georges-sourbets-precis-de-fauconnerie-contenant-les-indications-necessaires-pour-affaiter-et-gouverner-les-principaux-oiseaux-de-vol-suivi-66e9a5378ca1b-1.jpg\",\"width\":548,\"height\":800},{\"@type\":\"BreadcrumbList\",\"@id\":\"https:\/\/www.librairieclavreuil.com\/en\/sourbets-georges-precis-de-fauconnerie-contenant-les-indications-necessaires-pour-affaiter-et-gouverner-les-principaux-oiseaux-de-vol-suivi-de-leducation-du-cormoran\/#breadcrumb\",\"itemListElement\":[{\"@type\":\"ListItem\",\"position\":1,\"name\":\"Accueil\",\"item\":\"https:\/\/www.librairieclavreuil.com\/\"},{\"@type\":\"ListItem\",\"position\":2,\"name\":\"All our books\",\"item\":\"https:\/\/www.librairieclavreuil.com\/en\/all-our-books\/\"},{\"@type\":\"ListItem\",\"position\":3,\"name\":\"SOURBETS Georges Pr\u00e9cis de fauconnerie contenant les indications...\"}]},{\"@type\":\"WebSite\",\"@id\":\"https:\/\/www.librairieclavreuil.com\/#website\",\"url\":\"https:\/\/www.librairieclavreuil.com\/\",\"name\":\"Libairie Clavreuil\",\"description\":\"Livres anciens, manuscrits rares et \u00e9ditions originales \u2013 Librairie Clavreuil\",\"publisher\":{\"@id\":\"https:\/\/www.librairieclavreuil.com\/#organization\"},\"potentialAction\":[{\"@type\":\"SearchAction\",\"target\":{\"@type\":\"EntryPoint\",\"urlTemplate\":\"https:\/\/www.librairieclavreuil.com\/?s={search_term_string}\"},\"query-input\":{\"@type\":\"PropertyValueSpecification\",\"valueRequired\":true,\"valueName\":\"search_term_string\"}}],\"inLanguage\":\"en-US\"},{\"@type\":\"Organization\",\"@id\":\"https:\/\/www.librairieclavreuil.com\/#organization\",\"name\":\"Libairie Clavreuil\",\"url\":\"https:\/\/www.librairieclavreuil.com\/\",\"logo\":{\"@type\":\"ImageObject\",\"inLanguage\":\"en-US\",\"@id\":\"https:\/\/www.librairieclavreuil.com\/#\/schema\/logo\/image\/\",\"url\":\"https:\/\/www.librairieclavreuil.com\/wp-content\/uploads\/2021\/06\/cropped-LOGO_PNG_DATE-_gold-512x512-1.png\",\"contentUrl\":\"https:\/\/www.librairieclavreuil.com\/wp-content\/uploads\/2021\/06\/cropped-LOGO_PNG_DATE-_gold-512x512-1.png\",\"width\":512,\"height\":512,\"caption\":\"Libairie Clavreuil\"},\"image\":{\"@id\":\"https:\/\/www.librairieclavreuil.com\/#\/schema\/logo\/image\/\"},\"sameAs\":[\"https:\/\/www.instagram.com\/librairieclavreuil\/\"]}]}<\/script>\n<!-- \/ Yoast SEO plugin. -->","yoast_head_json":{"title":"SOURBETS Georges Pr\u00e9cis de fauconnerie contenant les indications n\u00e9cessaires pour affaiter et gouverner les principaux oiseaux de vol suivi de l'\u00e9ducation du cormoran. - Libairie Clavreuil","robots":{"index":"index","follow":"follow","max-snippet":"max-snippet:-1","max-image-preview":"max-image-preview:large","max-video-preview":"max-video-preview:-1"},"canonical":"https:\/\/www.librairieclavreuil.com\/en\/sourbets-georges-precis-de-fauconnerie-contenant-les-indications-necessaires-pour-affaiter-et-gouverner-les-principaux-oiseaux-de-vol-suivi-de-leducation-du-cormoran\/","og_locale":"en_US","og_type":"article","og_title":"SOURBETS Georges Pr\u00e9cis de fauconnerie contenant les indications n\u00e9cessaires pour affaiter et gouverner les principaux oiseaux de vol suivi de l'\u00e9ducation du cormoran. - Libairie Clavreuil","og_description":"8vo (213 x 136 mm) 2 unn.ll., 123 pp., 4 plates. Contemporary green morocco backed boards, spine gilt with raised bands.","og_url":"https:\/\/www.librairieclavreuil.com\/en\/sourbets-georges-precis-de-fauconnerie-contenant-les-indications-necessaires-pour-affaiter-et-gouverner-les-principaux-oiseaux-de-vol-suivi-de-leducation-du-cormoran\/","og_site_name":"Libairie Clavreuil","article_modified_time":"2026-05-07T15:28:05+00:00","og_image":[{"width":548,"height":800,"url":"https:\/\/www.librairieclavreuil.com\/wp-content\/uploads\/2026\/05\/georges-sourbets-precis-de-fauconnerie-contenant-les-indications-necessaires-pour-affaiter-et-gouverner-les-principaux-oiseaux-de-vol-suivi-66e9a5378ca1b-1.jpg","type":"image\/jpeg"}],"twitter_card":"summary_large_image","twitter_misc":{"Est. reading time":"1 minute"},"schema":{"@context":"https:\/\/schema.org","@graph":[{"@type":"WebPage","@id":"https:\/\/www.librairieclavreuil.com\/en\/sourbets-georges-precis-de-fauconnerie-contenant-les-indications-necessaires-pour-affaiter-et-gouverner-les-principaux-oiseaux-de-vol-suivi-de-leducation-du-cormoran\/","url":"https:\/\/www.librairieclavreuil.com\/en\/sourbets-georges-precis-de-fauconnerie-contenant-les-indications-necessaires-pour-affaiter-et-gouverner-les-principaux-oiseaux-de-vol-suivi-de-leducation-du-cormoran\/","name":"SOURBETS Georges Pr\u00e9cis de fauconnerie contenant les indications n\u00e9cessaires pour affaiter et gouverner les principaux oiseaux de vol suivi de l'\u00e9ducation du cormoran. - Libairie Clavreuil","isPartOf":{"@id":"https:\/\/www.librairieclavreuil.com\/#website"},"primaryImageOfPage":{"@id":"https:\/\/www.librairieclavreuil.com\/en\/sourbets-georges-precis-de-fauconnerie-contenant-les-indications-necessaires-pour-affaiter-et-gouverner-les-principaux-oiseaux-de-vol-suivi-de-leducation-du-cormoran\/#primaryimage"},"image":{"@id":"https:\/\/www.librairieclavreuil.com\/en\/sourbets-georges-precis-de-fauconnerie-contenant-les-indications-necessaires-pour-affaiter-et-gouverner-les-principaux-oiseaux-de-vol-suivi-de-leducation-du-cormoran\/#primaryimage"},"thumbnailUrl":"https:\/\/www.librairieclavreuil.com\/wp-content\/uploads\/2026\/05\/georges-sourbets-precis-de-fauconnerie-contenant-les-indications-necessaires-pour-affaiter-et-gouverner-les-principaux-oiseaux-de-vol-suivi-66e9a5378ca1b-1.jpg","datePublished":"2026-05-07T15:27:59+00:00","dateModified":"2026-05-07T15:28:05+00:00","breadcrumb":{"@id":"https:\/\/www.librairieclavreuil.com\/en\/sourbets-georges-precis-de-fauconnerie-contenant-les-indications-necessaires-pour-affaiter-et-gouverner-les-principaux-oiseaux-de-vol-suivi-de-leducation-du-cormoran\/#breadcrumb"},"inLanguage":"en-US","potentialAction":[{"@type":"ReadAction","target":["https:\/\/www.librairieclavreuil.com\/en\/sourbets-georges-precis-de-fauconnerie-contenant-les-indications-necessaires-pour-affaiter-et-gouverner-les-principaux-oiseaux-de-vol-suivi-de-leducation-du-cormoran\/"]}]},{"@type":"ImageObject","inLanguage":"en-US","@id":"https:\/\/www.librairieclavreuil.com\/en\/sourbets-georges-precis-de-fauconnerie-contenant-les-indications-necessaires-pour-affaiter-et-gouverner-les-principaux-oiseaux-de-vol-suivi-de-leducation-du-cormoran\/#primaryimage","url":"https:\/\/www.librairieclavreuil.com\/wp-content\/uploads\/2026\/05\/georges-sourbets-precis-de-fauconnerie-contenant-les-indications-necessaires-pour-affaiter-et-gouverner-les-principaux-oiseaux-de-vol-suivi-66e9a5378ca1b-1.jpg","contentUrl":"https:\/\/www.librairieclavreuil.com\/wp-content\/uploads\/2026\/05\/georges-sourbets-precis-de-fauconnerie-contenant-les-indications-necessaires-pour-affaiter-et-gouverner-les-principaux-oiseaux-de-vol-suivi-66e9a5378ca1b-1.jpg","width":548,"height":800},{"@type":"BreadcrumbList","@id":"https:\/\/www.librairieclavreuil.com\/en\/sourbets-georges-precis-de-fauconnerie-contenant-les-indications-necessaires-pour-affaiter-et-gouverner-les-principaux-oiseaux-de-vol-suivi-de-leducation-du-cormoran\/#breadcrumb","itemListElement":[{"@type":"ListItem","position":1,"name":"Accueil","item":"https:\/\/www.librairieclavreuil.com\/"},{"@type":"ListItem","position":2,"name":"All our books","item":"https:\/\/www.librairieclavreuil.com\/en\/all-our-books\/"},{"@type":"ListItem","position":3,"name":"SOURBETS Georges Pr\u00e9cis de fauconnerie contenant les indications..."}]},{"@type":"WebSite","@id":"https:\/\/www.librairieclavreuil.com\/#website","url":"https:\/\/www.librairieclavreuil.com\/","name":"Libairie Clavreuil","description":"Livres anciens, manuscrits rares et \u00e9ditions originales \u2013 Librairie Clavreuil","publisher":{"@id":"https:\/\/www.librairieclavreuil.com\/#organization"},"potentialAction":[{"@type":"SearchAction","target":{"@type":"EntryPoint","urlTemplate":"https:\/\/www.librairieclavreuil.com\/?s={search_term_string}"},"query-input":{"@type":"PropertyValueSpecification","valueRequired":true,"valueName":"search_term_string"}}],"inLanguage":"en-US"},{"@type":"Organization","@id":"https:\/\/www.librairieclavreuil.com\/#organization","name":"Libairie Clavreuil","url":"https:\/\/www.librairieclavreuil.com\/","logo":{"@type":"ImageObject","inLanguage":"en-US","@id":"https:\/\/www.librairieclavreuil.com\/#\/schema\/logo\/image\/","url":"https:\/\/www.librairieclavreuil.com\/wp-content\/uploads\/2021\/06\/cropped-LOGO_PNG_DATE-_gold-512x512-1.png","contentUrl":"https:\/\/www.librairieclavreuil.com\/wp-content\/uploads\/2021\/06\/cropped-LOGO_PNG_DATE-_gold-512x512-1.png","width":512,"height":512,"caption":"Libairie Clavreuil"},"image":{"@id":"https:\/\/www.librairieclavreuil.com\/#\/schema\/logo\/image\/"},"sameAs":["https:\/\/www.instagram.com\/librairieclavreuil\/"]}]}},"jetpack_sharing_enabled":true,"_links":{"self":[{"href":"https:\/\/www.librairieclavreuil.com\/en\/wp-json\/wp\/v2\/product\/90545","targetHints":{"allow":["GET"]}}],"collection":[{"href":"https:\/\/www.librairieclavreuil.com\/en\/wp-json\/wp\/v2\/product"}],"about":[{"href":"https:\/\/www.librairieclavreuil.com\/en\/wp-json\/wp\/v2\/types\/product"}],"replies":[{"embeddable":true,"href":"https:\/\/www.librairieclavreuil.com\/en\/wp-json\/wp\/v2\/comments?post=90545"}],"wp:featuredmedia":[{"embeddable":true,"href":"https:\/\/www.librairieclavreuil.com\/en\/wp-json\/wp\/v2\/media\/90539"}],"wp:attachment":[{"href":"https:\/\/www.librairieclavreuil.com\/en\/wp-json\/wp\/v2\/media?parent=90545"}],"wp:term":[{"taxonomy":"product_brand","embeddable":true,"href":"https:\/\/www.librairieclavreuil.com\/en\/wp-json\/wp\/v2\/product_brand?post=90545"},{"taxonomy":"product_cat","embeddable":true,"href":"https:\/\/www.librairieclavreuil.com\/en\/wp-json\/wp\/v2\/product_cat?post=90545"},{"taxonomy":"product_tag","embeddable":true,"href":"https:\/\/www.librairieclavreuil.com\/en\/wp-json\/wp\/v2\/product_tag?post=90545"}],"curies":[{"name":"wp","href":"https:\/\/api.w.org\/{rel}","templated":true}]}}