{"id":90443,"date":"2026-05-07T17:23:16","date_gmt":"2026-05-07T15:23:16","guid":{"rendered":"https:\/\/www.librairieclavreuil.com\/naderman-francois-joseph-recueil-de-differentes-etudes-et-pieces-pour-la-harpe-duos-trios-et-quatuor-composes-pour-s-al-royale-madame-duchesse-de-berry\/"},"modified":"2026-05-07T17:23:23","modified_gmt":"2026-05-07T15:23:23","slug":"naderman-francois-joseph-recueil-de-differentes-etudes-et-pieces-pour-la-harpe-duos-trios-et-quatuor-composes-pour-s-al-royale-madame-duchesse-de-berry","status":"publish","type":"product","link":"https:\/\/www.librairieclavreuil.com\/en\/naderman-francois-joseph-recueil-de-differentes-etudes-et-pieces-pour-la-harpe-duos-trios-et-quatuor-composes-pour-s-al-royale-madame-duchesse-de-berry\/","title":{"rendered":"NADERMAN Fran\u00e7ois Joseph Recueil de diff\u00e9rentes \u00e9tudes et..."},"content":{"rendered":"<p style=\"text-align:justify\"><span style=\"font-variant:small-caps\">A highly important musical manuscript by Fran\u00e7ois Joseph Naderman (1781\u20131835).<\/span><\/p>\n<p style=\"text-align:justify\">Naderman was a French harpist and composer, he studied with Krumpholz and quickly became the most famous and gifted harpist of the begining of the 19th century.<\/p>\n<p style=\"text-align:justify\">The son of a harp maker, he first became harpist at the Paris Op\u00e9ra and then in the French royal chapel. From 1825 he established the first class of harp and became the first &nbsp;professor of harp at the Paris Conservatory.&nbsp;<\/p>\n<p style=\"text-align:justify\">Very close to the king Charles X and the royal familly, Naderman was the professor of harp to Princess Maria Carolina Ferdinanda Luisa of Naples and Sicily, known in France as the Duchesse de Berry, the King&#8217;s daughter-in-law.<\/p>\n<p style=\"text-align:justify\">This exceptionnal manuscript contains several unpublished original scores for the duchesse de Berry. These two magnificent volumes are luxuriously bound in green morocco for the Duchesse de Berrry.<\/p>\n<p style=\"text-align:justify\">These two magnificent volumes are luxuriously bound in green morocco for the duchesse de Berry.<\/p>\n","protected":false},"excerpt":{"rendered":"<p style=\"text-align:justify\">2 volumes, folio (331 x 252 mm) 1 nn.l. (table), 96 pp. of which 83 used for&nbsp;volume I ; 100 pp. of which 41 used for volume II.&nbsp;Contemporary green straight grained morocco, large gilt floral scroll around the covers, spine richly gilt with harp tools, arms in the center of cover, on the front cover of both volumes gilt lettering: Musique de Harpe n\u00b0 1 and n\u00b02, pink end leaves, gilt edges.<\/p>\n","protected":false},"featured_media":90434,"comment_status":"open","ping_status":"closed","template":"","meta":{"_acf_changed":false},"product_brand":[],"product_cat":[546],"product_tag":[568],"class_list":{"0":"post-90443","1":"product","2":"type-product","3":"status-publish","4":"has-post-thumbnail","6":"product_cat-manuscript","7":"product_tag-music","8":"pa_auteur-naderman-francois-joseph-2","9":"pa_type-de-livre-manuscript","11":"first","12":"instock","13":"shipping-taxable","14":"purchasable","15":"product-type-simple"},"acf":{"artist":" Fran\u00e7ois Joseph NADERMAN","chapeau":"A musical manuscript for the Duchesse de Berry","adresse_bibliographique":"S.l., n.d. (vers 1820)","book_type":"Manuscript","provenance":"","afficher_prix":"oui"},"yoast_head":"<!-- This site is optimized with the Yoast SEO plugin v24.7 - https:\/\/yoast.com\/wordpress\/plugins\/seo\/ -->\n<title>NADERMAN Fran\u00e7ois Joseph Recueil de diff\u00e9rentes \u00e9tudes et pi\u00e8ces pour la harpe; Duos, Trios et Quatuor. Compos\u00e9s pour S. Al. Royale Madame, Duchesse de Berry. - Libairie Clavreuil<\/title>\n<meta name=\"robots\" content=\"index, follow, max-snippet:-1, max-image-preview:large, max-video-preview:-1\" \/>\n<link rel=\"canonical\" href=\"https:\/\/www.librairieclavreuil.com\/en\/naderman-francois-joseph-recueil-de-differentes-etudes-et-pieces-pour-la-harpe-duos-trios-et-quatuor-composes-pour-s-al-royale-madame-duchesse-de-berry\/\" \/>\n<meta property=\"og:locale\" content=\"en_US\" \/>\n<meta property=\"og:type\" content=\"article\" \/>\n<meta property=\"og:title\" content=\"NADERMAN Fran\u00e7ois Joseph Recueil de diff\u00e9rentes \u00e9tudes et pi\u00e8ces pour la harpe; Duos, Trios et Quatuor. Compos\u00e9s pour S. Al. Royale Madame, Duchesse de Berry. - Libairie Clavreuil\" \/>\n<meta property=\"og:description\" content=\"2 volumes, folio (331 x 252 mm) 1 nn.l. (table), 96 pp. of which 83 used for&nbsp;volume I ; 100 pp. of which 41 used for volume II.&nbsp;Contemporary green straight grained morocco, large gilt floral scroll around the covers, spine richly gilt with harp tools, arms in the center of cover, on the front cover of both volumes gilt lettering: Musique de Harpe n\u00b0 1 and n\u00b02, pink end leaves, gilt edges.\" \/>\n<meta property=\"og:url\" content=\"https:\/\/www.librairieclavreuil.com\/en\/naderman-francois-joseph-recueil-de-differentes-etudes-et-pieces-pour-la-harpe-duos-trios-et-quatuor-composes-pour-s-al-royale-madame-duchesse-de-berry\/\" \/>\n<meta property=\"og:site_name\" content=\"Libairie Clavreuil\" \/>\n<meta property=\"article:modified_time\" content=\"2026-05-07T15:23:23+00:00\" \/>\n<meta property=\"og:image\" content=\"https:\/\/www.librairieclavreuil.com\/wp-content\/uploads\/2026\/05\/francois-joseph-naderman-recueil-de-differentes-etudes-et-pieces-pour-la-harpe-duos-trios-et-quatuor-composes-pour-s-al-royale-madame-duchesse-de-berr.jpg\" \/>\n\t<meta property=\"og:image:width\" content=\"800\" \/>\n\t<meta property=\"og:image:height\" content=\"606\" \/>\n\t<meta property=\"og:image:type\" content=\"image\/jpeg\" \/>\n<meta name=\"twitter:card\" content=\"summary_large_image\" \/>\n<meta name=\"twitter:label1\" content=\"Est. reading time\" \/>\n\t<meta name=\"twitter:data1\" content=\"1 minute\" \/>\n<script type=\"application\/ld+json\" class=\"yoast-schema-graph\">{\"@context\":\"https:\/\/schema.org\",\"@graph\":[{\"@type\":\"WebPage\",\"@id\":\"https:\/\/www.librairieclavreuil.com\/en\/naderman-francois-joseph-recueil-de-differentes-etudes-et-pieces-pour-la-harpe-duos-trios-et-quatuor-composes-pour-s-al-royale-madame-duchesse-de-berry\/\",\"url\":\"https:\/\/www.librairieclavreuil.com\/en\/naderman-francois-joseph-recueil-de-differentes-etudes-et-pieces-pour-la-harpe-duos-trios-et-quatuor-composes-pour-s-al-royale-madame-duchesse-de-berry\/\",\"name\":\"NADERMAN Fran\u00e7ois Joseph Recueil de diff\u00e9rentes \u00e9tudes et pi\u00e8ces pour la harpe; Duos, Trios et Quatuor. Compos\u00e9s pour S. Al. Royale Madame, Duchesse de Berry. - Libairie Clavreuil\",\"isPartOf\":{\"@id\":\"https:\/\/www.librairieclavreuil.com\/#website\"},\"primaryImageOfPage\":{\"@id\":\"https:\/\/www.librairieclavreuil.com\/en\/naderman-francois-joseph-recueil-de-differentes-etudes-et-pieces-pour-la-harpe-duos-trios-et-quatuor-composes-pour-s-al-royale-madame-duchesse-de-berry\/#primaryimage\"},\"image\":{\"@id\":\"https:\/\/www.librairieclavreuil.com\/en\/naderman-francois-joseph-recueil-de-differentes-etudes-et-pieces-pour-la-harpe-duos-trios-et-quatuor-composes-pour-s-al-royale-madame-duchesse-de-berry\/#primaryimage\"},\"thumbnailUrl\":\"https:\/\/www.librairieclavreuil.com\/wp-content\/uploads\/2026\/05\/francois-joseph-naderman-recueil-de-differentes-etudes-et-pieces-pour-la-harpe-duos-trios-et-quatuor-composes-pour-s-al-royale-madame-duchesse-de-berr.jpg\",\"datePublished\":\"2026-05-07T15:23:16+00:00\",\"dateModified\":\"2026-05-07T15:23:23+00:00\",\"breadcrumb\":{\"@id\":\"https:\/\/www.librairieclavreuil.com\/en\/naderman-francois-joseph-recueil-de-differentes-etudes-et-pieces-pour-la-harpe-duos-trios-et-quatuor-composes-pour-s-al-royale-madame-duchesse-de-berry\/#breadcrumb\"},\"inLanguage\":\"en-US\",\"potentialAction\":[{\"@type\":\"ReadAction\",\"target\":[\"https:\/\/www.librairieclavreuil.com\/en\/naderman-francois-joseph-recueil-de-differentes-etudes-et-pieces-pour-la-harpe-duos-trios-et-quatuor-composes-pour-s-al-royale-madame-duchesse-de-berry\/\"]}]},{\"@type\":\"ImageObject\",\"inLanguage\":\"en-US\",\"@id\":\"https:\/\/www.librairieclavreuil.com\/en\/naderman-francois-joseph-recueil-de-differentes-etudes-et-pieces-pour-la-harpe-duos-trios-et-quatuor-composes-pour-s-al-royale-madame-duchesse-de-berry\/#primaryimage\",\"url\":\"https:\/\/www.librairieclavreuil.com\/wp-content\/uploads\/2026\/05\/francois-joseph-naderman-recueil-de-differentes-etudes-et-pieces-pour-la-harpe-duos-trios-et-quatuor-composes-pour-s-al-royale-madame-duchesse-de-berr.jpg\",\"contentUrl\":\"https:\/\/www.librairieclavreuil.com\/wp-content\/uploads\/2026\/05\/francois-joseph-naderman-recueil-de-differentes-etudes-et-pieces-pour-la-harpe-duos-trios-et-quatuor-composes-pour-s-al-royale-madame-duchesse-de-berr.jpg\",\"width\":800,\"height\":606},{\"@type\":\"BreadcrumbList\",\"@id\":\"https:\/\/www.librairieclavreuil.com\/en\/naderman-francois-joseph-recueil-de-differentes-etudes-et-pieces-pour-la-harpe-duos-trios-et-quatuor-composes-pour-s-al-royale-madame-duchesse-de-berry\/#breadcrumb\",\"itemListElement\":[{\"@type\":\"ListItem\",\"position\":1,\"name\":\"Accueil\",\"item\":\"https:\/\/www.librairieclavreuil.com\/\"},{\"@type\":\"ListItem\",\"position\":2,\"name\":\"All our books\",\"item\":\"https:\/\/www.librairieclavreuil.com\/en\/all-our-books\/\"},{\"@type\":\"ListItem\",\"position\":3,\"name\":\"NADERMAN Fran\u00e7ois Joseph Recueil de diff\u00e9rentes \u00e9tudes et...\"}]},{\"@type\":\"WebSite\",\"@id\":\"https:\/\/www.librairieclavreuil.com\/#website\",\"url\":\"https:\/\/www.librairieclavreuil.com\/\",\"name\":\"Libairie Clavreuil\",\"description\":\"Livres anciens, manuscrits rares et \u00e9ditions originales \u2013 Librairie Clavreuil\",\"publisher\":{\"@id\":\"https:\/\/www.librairieclavreuil.com\/#organization\"},\"potentialAction\":[{\"@type\":\"SearchAction\",\"target\":{\"@type\":\"EntryPoint\",\"urlTemplate\":\"https:\/\/www.librairieclavreuil.com\/?s={search_term_string}\"},\"query-input\":{\"@type\":\"PropertyValueSpecification\",\"valueRequired\":true,\"valueName\":\"search_term_string\"}}],\"inLanguage\":\"en-US\"},{\"@type\":\"Organization\",\"@id\":\"https:\/\/www.librairieclavreuil.com\/#organization\",\"name\":\"Libairie Clavreuil\",\"url\":\"https:\/\/www.librairieclavreuil.com\/\",\"logo\":{\"@type\":\"ImageObject\",\"inLanguage\":\"en-US\",\"@id\":\"https:\/\/www.librairieclavreuil.com\/#\/schema\/logo\/image\/\",\"url\":\"https:\/\/www.librairieclavreuil.com\/wp-content\/uploads\/2021\/06\/cropped-LOGO_PNG_DATE-_gold-512x512-1.png\",\"contentUrl\":\"https:\/\/www.librairieclavreuil.com\/wp-content\/uploads\/2021\/06\/cropped-LOGO_PNG_DATE-_gold-512x512-1.png\",\"width\":512,\"height\":512,\"caption\":\"Libairie Clavreuil\"},\"image\":{\"@id\":\"https:\/\/www.librairieclavreuil.com\/#\/schema\/logo\/image\/\"},\"sameAs\":[\"https:\/\/www.instagram.com\/librairieclavreuil\/\"]}]}<\/script>\n<!-- \/ Yoast SEO plugin. -->","yoast_head_json":{"title":"NADERMAN Fran\u00e7ois Joseph Recueil de diff\u00e9rentes \u00e9tudes et pi\u00e8ces pour la harpe; Duos, Trios et Quatuor. Compos\u00e9s pour S. Al. Royale Madame, Duchesse de Berry. - Libairie Clavreuil","robots":{"index":"index","follow":"follow","max-snippet":"max-snippet:-1","max-image-preview":"max-image-preview:large","max-video-preview":"max-video-preview:-1"},"canonical":"https:\/\/www.librairieclavreuil.com\/en\/naderman-francois-joseph-recueil-de-differentes-etudes-et-pieces-pour-la-harpe-duos-trios-et-quatuor-composes-pour-s-al-royale-madame-duchesse-de-berry\/","og_locale":"en_US","og_type":"article","og_title":"NADERMAN Fran\u00e7ois Joseph Recueil de diff\u00e9rentes \u00e9tudes et pi\u00e8ces pour la harpe; Duos, Trios et Quatuor. Compos\u00e9s pour S. Al. Royale Madame, Duchesse de Berry. - Libairie Clavreuil","og_description":"2 volumes, folio (331 x 252 mm) 1 nn.l. (table), 96 pp. of which 83 used for&nbsp;volume I ; 100 pp. of which 41 used for volume II.&nbsp;Contemporary green straight grained morocco, large gilt floral scroll around the covers, spine richly gilt with harp tools, arms in the center of cover, on the front cover of both volumes gilt lettering: Musique de Harpe n\u00b0 1 and n\u00b02, pink end leaves, gilt edges.","og_url":"https:\/\/www.librairieclavreuil.com\/en\/naderman-francois-joseph-recueil-de-differentes-etudes-et-pieces-pour-la-harpe-duos-trios-et-quatuor-composes-pour-s-al-royale-madame-duchesse-de-berry\/","og_site_name":"Libairie Clavreuil","article_modified_time":"2026-05-07T15:23:23+00:00","og_image":[{"width":800,"height":606,"url":"https:\/\/www.librairieclavreuil.com\/wp-content\/uploads\/2026\/05\/francois-joseph-naderman-recueil-de-differentes-etudes-et-pieces-pour-la-harpe-duos-trios-et-quatuor-composes-pour-s-al-royale-madame-duchesse-de-berr.jpg","type":"image\/jpeg"}],"twitter_card":"summary_large_image","twitter_misc":{"Est. reading time":"1 minute"},"schema":{"@context":"https:\/\/schema.org","@graph":[{"@type":"WebPage","@id":"https:\/\/www.librairieclavreuil.com\/en\/naderman-francois-joseph-recueil-de-differentes-etudes-et-pieces-pour-la-harpe-duos-trios-et-quatuor-composes-pour-s-al-royale-madame-duchesse-de-berry\/","url":"https:\/\/www.librairieclavreuil.com\/en\/naderman-francois-joseph-recueil-de-differentes-etudes-et-pieces-pour-la-harpe-duos-trios-et-quatuor-composes-pour-s-al-royale-madame-duchesse-de-berry\/","name":"NADERMAN Fran\u00e7ois Joseph Recueil de diff\u00e9rentes \u00e9tudes et pi\u00e8ces pour la harpe; Duos, Trios et Quatuor. Compos\u00e9s pour S. Al. Royale Madame, Duchesse de Berry. - Libairie Clavreuil","isPartOf":{"@id":"https:\/\/www.librairieclavreuil.com\/#website"},"primaryImageOfPage":{"@id":"https:\/\/www.librairieclavreuil.com\/en\/naderman-francois-joseph-recueil-de-differentes-etudes-et-pieces-pour-la-harpe-duos-trios-et-quatuor-composes-pour-s-al-royale-madame-duchesse-de-berry\/#primaryimage"},"image":{"@id":"https:\/\/www.librairieclavreuil.com\/en\/naderman-francois-joseph-recueil-de-differentes-etudes-et-pieces-pour-la-harpe-duos-trios-et-quatuor-composes-pour-s-al-royale-madame-duchesse-de-berry\/#primaryimage"},"thumbnailUrl":"https:\/\/www.librairieclavreuil.com\/wp-content\/uploads\/2026\/05\/francois-joseph-naderman-recueil-de-differentes-etudes-et-pieces-pour-la-harpe-duos-trios-et-quatuor-composes-pour-s-al-royale-madame-duchesse-de-berr.jpg","datePublished":"2026-05-07T15:23:16+00:00","dateModified":"2026-05-07T15:23:23+00:00","breadcrumb":{"@id":"https:\/\/www.librairieclavreuil.com\/en\/naderman-francois-joseph-recueil-de-differentes-etudes-et-pieces-pour-la-harpe-duos-trios-et-quatuor-composes-pour-s-al-royale-madame-duchesse-de-berry\/#breadcrumb"},"inLanguage":"en-US","potentialAction":[{"@type":"ReadAction","target":["https:\/\/www.librairieclavreuil.com\/en\/naderman-francois-joseph-recueil-de-differentes-etudes-et-pieces-pour-la-harpe-duos-trios-et-quatuor-composes-pour-s-al-royale-madame-duchesse-de-berry\/"]}]},{"@type":"ImageObject","inLanguage":"en-US","@id":"https:\/\/www.librairieclavreuil.com\/en\/naderman-francois-joseph-recueil-de-differentes-etudes-et-pieces-pour-la-harpe-duos-trios-et-quatuor-composes-pour-s-al-royale-madame-duchesse-de-berry\/#primaryimage","url":"https:\/\/www.librairieclavreuil.com\/wp-content\/uploads\/2026\/05\/francois-joseph-naderman-recueil-de-differentes-etudes-et-pieces-pour-la-harpe-duos-trios-et-quatuor-composes-pour-s-al-royale-madame-duchesse-de-berr.jpg","contentUrl":"https:\/\/www.librairieclavreuil.com\/wp-content\/uploads\/2026\/05\/francois-joseph-naderman-recueil-de-differentes-etudes-et-pieces-pour-la-harpe-duos-trios-et-quatuor-composes-pour-s-al-royale-madame-duchesse-de-berr.jpg","width":800,"height":606},{"@type":"BreadcrumbList","@id":"https:\/\/www.librairieclavreuil.com\/en\/naderman-francois-joseph-recueil-de-differentes-etudes-et-pieces-pour-la-harpe-duos-trios-et-quatuor-composes-pour-s-al-royale-madame-duchesse-de-berry\/#breadcrumb","itemListElement":[{"@type":"ListItem","position":1,"name":"Accueil","item":"https:\/\/www.librairieclavreuil.com\/"},{"@type":"ListItem","position":2,"name":"All our books","item":"https:\/\/www.librairieclavreuil.com\/en\/all-our-books\/"},{"@type":"ListItem","position":3,"name":"NADERMAN Fran\u00e7ois Joseph Recueil de diff\u00e9rentes \u00e9tudes et..."}]},{"@type":"WebSite","@id":"https:\/\/www.librairieclavreuil.com\/#website","url":"https:\/\/www.librairieclavreuil.com\/","name":"Libairie Clavreuil","description":"Livres anciens, manuscrits rares et \u00e9ditions originales \u2013 Librairie Clavreuil","publisher":{"@id":"https:\/\/www.librairieclavreuil.com\/#organization"},"potentialAction":[{"@type":"SearchAction","target":{"@type":"EntryPoint","urlTemplate":"https:\/\/www.librairieclavreuil.com\/?s={search_term_string}"},"query-input":{"@type":"PropertyValueSpecification","valueRequired":true,"valueName":"search_term_string"}}],"inLanguage":"en-US"},{"@type":"Organization","@id":"https:\/\/www.librairieclavreuil.com\/#organization","name":"Libairie Clavreuil","url":"https:\/\/www.librairieclavreuil.com\/","logo":{"@type":"ImageObject","inLanguage":"en-US","@id":"https:\/\/www.librairieclavreuil.com\/#\/schema\/logo\/image\/","url":"https:\/\/www.librairieclavreuil.com\/wp-content\/uploads\/2021\/06\/cropped-LOGO_PNG_DATE-_gold-512x512-1.png","contentUrl":"https:\/\/www.librairieclavreuil.com\/wp-content\/uploads\/2021\/06\/cropped-LOGO_PNG_DATE-_gold-512x512-1.png","width":512,"height":512,"caption":"Libairie Clavreuil"},"image":{"@id":"https:\/\/www.librairieclavreuil.com\/#\/schema\/logo\/image\/"},"sameAs":["https:\/\/www.instagram.com\/librairieclavreuil\/"]}]}},"jetpack_sharing_enabled":true,"_links":{"self":[{"href":"https:\/\/www.librairieclavreuil.com\/en\/wp-json\/wp\/v2\/product\/90443","targetHints":{"allow":["GET"]}}],"collection":[{"href":"https:\/\/www.librairieclavreuil.com\/en\/wp-json\/wp\/v2\/product"}],"about":[{"href":"https:\/\/www.librairieclavreuil.com\/en\/wp-json\/wp\/v2\/types\/product"}],"replies":[{"embeddable":true,"href":"https:\/\/www.librairieclavreuil.com\/en\/wp-json\/wp\/v2\/comments?post=90443"}],"wp:featuredmedia":[{"embeddable":true,"href":"https:\/\/www.librairieclavreuil.com\/en\/wp-json\/wp\/v2\/media\/90434"}],"wp:attachment":[{"href":"https:\/\/www.librairieclavreuil.com\/en\/wp-json\/wp\/v2\/media?parent=90443"}],"wp:term":[{"taxonomy":"product_brand","embeddable":true,"href":"https:\/\/www.librairieclavreuil.com\/en\/wp-json\/wp\/v2\/product_brand?post=90443"},{"taxonomy":"product_cat","embeddable":true,"href":"https:\/\/www.librairieclavreuil.com\/en\/wp-json\/wp\/v2\/product_cat?post=90443"},{"taxonomy":"product_tag","embeddable":true,"href":"https:\/\/www.librairieclavreuil.com\/en\/wp-json\/wp\/v2\/product_tag?post=90443"}],"curies":[{"name":"wp","href":"https:\/\/api.w.org\/{rel}","templated":true}]}}