{"id":90087,"date":"2026-03-14T12:18:55","date_gmt":"2026-03-14T11:18:55","guid":{"rendered":"https:\/\/www.librairieclavreuil.com\/vasari-giorgio-le-vite-de-piu-eccellenti-pittori-scultori-et-architettori-scritte-di-nuovo-ampliate-da-m-giorgio-vasari-pit-et-archit-aretino-co-ritratti-loro-et-con-le-nuove-vite-d\/"},"modified":"2026-03-14T12:19:19","modified_gmt":"2026-03-14T11:19:19","slug":"vasari-giorgio-le-vite-de-piu-eccellenti-pittori-scultori-et-architettori-scritte-di-nuovo-ampliate-da-m-giorgio-vasari-pit-et-archit-aretino-co-ritratti-loro-et-con-le-nuove-vite-d","status":"publish","type":"product","link":"https:\/\/www.librairieclavreuil.com\/en\/vasari-giorgio-le-vite-de-piu-eccellenti-pittori-scultori-et-architettori-scritte-di-nuovo-ampliate-da-m-giorgio-vasari-pit-et-archit-aretino-co-ritratti-loro-et-con-le-nuove-vite-d\/","title":{"rendered":"VASARI Giorgio Le Vite de&#8217; piu eccellenti Pittori,..."},"content":{"rendered":"<p style=\"text-align:justify\"><i>Mortimer (French), II, 515 ; Julius von Schlosser, La Litt\u00e9rature artistique, Paris, 1984, pp. 309; Brunet, V, 1096 &amp; Suppl., II, 845 ; Cicognara, I, 2391 ; PMM, 88; de Diesbach, Biblioth\u00e8que Jean Bonna, le XVIe si\u00e8cle, 353.<\/i><\/p>\n<p style=\"text-align:justify\">The second edition &#8211; the first to be illustrated &#8211; of Vasari&#8217;s, the first art historian and often referred to as the \u201cfather of art history\u201d, famous &#8216;Vite&#8217; and the first complete edition with much new material.<\/p>\n<p style=\"text-align:justify\">First published in three parts in two volumes in 1550 by Lorenzo Torrentino, Vasari had provided biographies &#8211; with the exception of that for Michelangelo whom Vasari and his contemporaries idolised &#8211; of deceased artists only. Eighteen years were to pass before Vasari issued this second edition and he added so much new information that this second edition is considered preferable to the first.<\/p>\n<p style=\"text-align:justify\">This second edition features woodcut portraits of the artists, adds a further 28 lives (including that of Titian), Vasari&#8217;s own biography, a technical treatise on painting and updates much of the information in the previous edition to the year 1567.<\/p>\n<p style=\"text-align:justify\">&#8220;Michelangelo was the only artist still living when the&nbsp;<i>Vite<\/i> appeared. Vasari ends with a section to \u2018artists and readers\u2019. Vasari\u2019s contribution was to create a critical, i.e., evaluative, history of artistic style, although he was far from unbiased. Core to Vasari was the notion of the rebirth of art, a&nbsp;rinascita. Art had a history and by new birth, it reestablished itself as a noble pursuit worthy of study.&nbsp; Vasari\u2019s division of art history into ages took as its paradigm the stages of human development. This, too, was not a novel conception with Vasari, but in his book, it took on a logical sense of order.&nbsp; Art\u2019s early perfection was the antique, but had then declined under Constantine. This low period of barbaric or Germanic art (\u201cGothic\u201d Vasari called it) far removed from classical models, was ready for renaissance. Cimabue, Giotto and others formed the nascence of art, inspired by the imitation of nature, a primary stage (primi lumi).&nbsp; A developmental period (augumento) was ultimately succeeded by the age of perfection (perfezione)&#8211;coincidentally Vasari\u2019s own time and that of Michelangelo. Vasari\u2019s book created a sensation. Michelangelo, Gherardi, Salviati and Carlo Fontana praised it&#8221; (A Biographical Dictionary of Historic Scholars, Museum Professionals and Academic Historians of Art online).<\/p>\n<p style=\"text-align:justify\">This copy with the variant title for vol. I (see Mortimer) with blank verso and without the Medici arms; in copies without the variant, the block for the title, here incorporated within the woodcut frame of the title, is printed on the verso.<\/p>\n<p style=\"text-align:justify\">&#8220;Vasari&#8217;s excellent sense of narrative &#8230; and lively style combined with his wide personal acquaintance makes his &#8216;Lives&#8217; a vital contribution to our understanding of the character and psychology of the great artists of the Renaissance, a term (rinascita) which he was the first writer to use &#8230; It [the &#8216;Lives&#8217;] became a model for subsequent writings on the history of art &#8230; For its period it has remained the chief authority &#8230; &#8221; (Printing and the Mind of Man).<\/p>\n<p style=\"text-align:justify\">&#8220;Entre-temps, Vasari avait beaucoup lu et beaucoup appris ; il avait visit\u00e9 des r\u00e9gions qu&#8217;il ne connaissait pas, ou bien qu&#8217;il avait vues superficiellement (Assise, l&#8217;Italie du Nord). Il est ind\u00e9niable qu&#8217;elle apporte beaucoup d&#8217;am\u00e9liorations, bien des n\u00e9gligences , des m\u00e9prises ont \u00e9t\u00e9 \u00e9limin\u00e9es&#8230; De nouvelles sources se sont ouvertes \u00e0 lui, surtout les portraits ; gr\u00e2ce \u00e0 ses activit\u00e9s au Palazzo Vecchio, les portrait de l&#8217;\u00e9lite intellectuelle des M\u00e9dicis lui \u00e9taient devenus familiers ; \u00e0 pr\u00e9sent, il orne son \u0153uvre de portrait d&#8217;artistes dessin\u00e9s par lui et ses \u00e9l\u00e8ves et il donne ainsi un mod\u00e8le \u00e0 ses successeurs&#8230;. Ses mat\u00e9riaux se sont consid\u00e9rablement accrus, la seconde \u00e9dition le montre, ne serait-ce que par ses dimensions ; un grand nombre de biographies nouvelles sont venues s&#8217;y ajouter (trente-quatre rien que pour le XVIe si\u00e8cle !), et surtout il est tenu compte d&#8217;artistes vivants dans un volumineux appendice sp\u00e9cial&#8230; A c\u00f4t\u00e9 des portraits d\u00e9j\u00e0 mentionn\u00e9s, on voit appara\u00eetre une nouvelle source : les dessins ; la collection personnelle de Vasari, le Libro souvent mentionn\u00e9 apparaissent cit\u00e9s ici pour la premi\u00e8re fois. Vasari qui se sent maintenant, et \u00e0 bon droit, homme de lettres reconnu, s&#8217;efforce d&#8217;am\u00e9liorer son style et son expos\u00e9&#8230;&#8221; (Schlosser).<\/p>\n<p style=\"text-align:justify\">A magnificent copy in seventeenth-century Italian red morocco with large margins of the first Western history of art and one of the most important books of the Renaissance.<\/p>\n<p style=\"text-align:justify\">Provenance : This copy was in the collection of Ad\u00e9la\u00efde Suzanne de Vismes (1753 &#8211; 1832), a poet and intimate of Queen Marie-Antoinette, who married the composer Jean-Benjamin de Laborde, a favourite of Louis XV and son of the financier Jean-Fran\u00e7ois de Laborde, who became a &#8216;fermier g\u00e9n\u00e9ral&#8217;. In the nineteenth-century the Vasari passed into the collection of John Gardiner Kinnear (1794 &#8211; 1865), the Scottish financier, who had his arms stamped on the boards of each volume and her bookplates to front pastedown of each vol. with the text &#8216;Biblioth\u00e8que de Madame de la Borde&#8217; &#8211; Jean Gardiner Kinnear (1794 &#8211; 1865) with his arms to front and rear boards of each volume.<\/p>\n","protected":false},"excerpt":{"rendered":"<p style=\"text-align:justify\">3 parts in 3 volumes, 4to (235 x 160 mm) 28 nn.ll. (including title and engraved portrait), 523 pp. (misnumbered 529) for volume I (parts one and two); 20 nn.ll. (including engraved title), 370 pp. nd 1 nnL; (errata) for volume II (part three, first half); 42 nn.ll. (including engraved title) pp. 371 to 974 (misnumbered 1012), 2 nn.ll. (errata, index) for the volume III (part three, second and final part). 144 woodcut portraits after designs by Vasari or his pupils, each with title and within six differing borders of female figures representing the arts (woodcut portrait of Giulio Genga in vol. III with cancel slip correcting title), historiated or decorated woodcut initials and head- and tail-pieces throughout. Full seventeenth-century Italian red morocco, boards with gilt-tooled borders and gilt rules to surround central armorial vignettes, banded spine with title and decoration in gilt, turn-ins with gilt tooled borders, gilt edges.<\/p>\n","protected":false},"featured_media":90084,"comment_status":"open","ping_status":"closed","template":"","meta":{"_acf_changed":false},"product_brand":[],"product_cat":[544],"product_tag":[1202,1199,1233],"class_list":{"0":"post-90087","1":"product","2":"type-product","3":"status-publish","4":"has-post-thumbnail","6":"product_cat-literature","7":"product_tag-engraving","8":"product_tag-fine-arts","9":"product_tag-pmm-2","10":"pa_auteur-vasari-giorgio-2","11":"pa_type-de-livre-printed-book","13":"first","14":"instock","15":"shipping-taxable","16":"purchasable","17":"product-type-simple"},"acf":{"artist":" Giorgio VASARI","chapeau":"The \"father of art history\" \r\nFirst illustrated edition beautifully bound in 17th century red morocco","adresse_bibliographique":"Florence, Giunti, 1568","book_type":"Printed book","provenance":"","afficher_prix":""},"yoast_head":"<!-- This site is optimized with the Yoast SEO plugin v24.7 - https:\/\/yoast.com\/wordpress\/plugins\/seo\/ -->\n<title>VASARI Giorgio Le Vite de&#039; piu eccellenti Pittori, Scultori, et Architettori, Scritte, &amp; di nuovo Ampliate da M. Giorgio Vasari Pit. et Archit. Aretino. Co&#039; ritratti loro et con le nuove vite dal 1550. insino al 1567. - Libairie Clavreuil<\/title>\n<meta name=\"robots\" content=\"index, follow, max-snippet:-1, max-image-preview:large, max-video-preview:-1\" \/>\n<link rel=\"canonical\" href=\"https:\/\/www.librairieclavreuil.com\/en\/vasari-giorgio-le-vite-de-piu-eccellenti-pittori-scultori-et-architettori-scritte-di-nuovo-ampliate-da-m-giorgio-vasari-pit-et-archit-aretino-co-ritratti-loro-et-con-le-nuove-vite-d\/\" \/>\n<meta property=\"og:locale\" content=\"en_US\" \/>\n<meta property=\"og:type\" content=\"article\" \/>\n<meta property=\"og:title\" content=\"VASARI Giorgio Le Vite de&#039; piu eccellenti Pittori, Scultori, et Architettori, Scritte, &amp; di nuovo Ampliate da M. Giorgio Vasari Pit. et Archit. Aretino. Co&#039; ritratti loro et con le nuove vite dal 1550. insino al 1567. - Libairie Clavreuil\" \/>\n<meta property=\"og:description\" content=\"3 parts in 3 volumes, 4to (235 x 160 mm) 28 nn.ll. (including title and engraved portrait), 523 pp. (misnumbered 529) for volume I (parts one and two); 20 nn.ll. (including engraved title), 370 pp. nd 1 nnL; (errata) for volume II (part three, first half); 42 nn.ll. (including engraved title) pp. 371 to 974 (misnumbered 1012), 2 nn.ll. (errata, index) for the volume III (part three, second and final part). 144 woodcut portraits after designs by Vasari or his pupils, each with title and within six differing borders of female figures representing the arts (woodcut portrait of Giulio Genga in vol. III with cancel slip correcting title), historiated or decorated woodcut initials and head- and tail-pieces throughout. Full seventeenth-century Italian red morocco, boards with gilt-tooled borders and gilt rules to surround central armorial vignettes, banded spine with title and decoration in gilt, turn-ins with gilt tooled borders, gilt edges.\" \/>\n<meta property=\"og:url\" content=\"https:\/\/www.librairieclavreuil.com\/en\/vasari-giorgio-le-vite-de-piu-eccellenti-pittori-scultori-et-architettori-scritte-di-nuovo-ampliate-da-m-giorgio-vasari-pit-et-archit-aretino-co-ritratti-loro-et-con-le-nuove-vite-d\/\" \/>\n<meta property=\"og:site_name\" content=\"Libairie Clavreuil\" \/>\n<meta property=\"article:modified_time\" content=\"2026-03-14T11:19:19+00:00\" \/>\n<meta property=\"og:image\" content=\"https:\/\/www.librairieclavreuil.com\/wp-content\/uploads\/2026\/03\/giorgio-vasari-le-vite-de-piu-eccellenti-pittori-scultori-et-architettori-scritte-di-nuovo-ampliate-da-m-giorgio-vasari-pit-et-archit-aretino-co-ritra.jpg\" \/>\n\t<meta property=\"og:image:width\" content=\"800\" \/>\n\t<meta property=\"og:image:height\" content=\"513\" \/>\n\t<meta property=\"og:image:type\" content=\"image\/jpeg\" \/>\n<meta name=\"twitter:card\" content=\"summary_large_image\" \/>\n<meta name=\"twitter:label1\" content=\"Est. reading time\" \/>\n\t<meta name=\"twitter:data1\" content=\"4 minutes\" \/>\n<script type=\"application\/ld+json\" class=\"yoast-schema-graph\">{\"@context\":\"https:\/\/schema.org\",\"@graph\":[{\"@type\":\"WebPage\",\"@id\":\"https:\/\/www.librairieclavreuil.com\/en\/vasari-giorgio-le-vite-de-piu-eccellenti-pittori-scultori-et-architettori-scritte-di-nuovo-ampliate-da-m-giorgio-vasari-pit-et-archit-aretino-co-ritratti-loro-et-con-le-nuove-vite-d\/\",\"url\":\"https:\/\/www.librairieclavreuil.com\/en\/vasari-giorgio-le-vite-de-piu-eccellenti-pittori-scultori-et-architettori-scritte-di-nuovo-ampliate-da-m-giorgio-vasari-pit-et-archit-aretino-co-ritratti-loro-et-con-le-nuove-vite-d\/\",\"name\":\"VASARI Giorgio Le Vite de' piu eccellenti Pittori, Scultori, et Architettori, Scritte, &amp; di nuovo Ampliate da M. Giorgio Vasari Pit. et Archit. Aretino. Co' ritratti loro et con le nuove vite dal 1550. insino al 1567. - Libairie Clavreuil\",\"isPartOf\":{\"@id\":\"https:\/\/www.librairieclavreuil.com\/#website\"},\"primaryImageOfPage\":{\"@id\":\"https:\/\/www.librairieclavreuil.com\/en\/vasari-giorgio-le-vite-de-piu-eccellenti-pittori-scultori-et-architettori-scritte-di-nuovo-ampliate-da-m-giorgio-vasari-pit-et-archit-aretino-co-ritratti-loro-et-con-le-nuove-vite-d\/#primaryimage\"},\"image\":{\"@id\":\"https:\/\/www.librairieclavreuil.com\/en\/vasari-giorgio-le-vite-de-piu-eccellenti-pittori-scultori-et-architettori-scritte-di-nuovo-ampliate-da-m-giorgio-vasari-pit-et-archit-aretino-co-ritratti-loro-et-con-le-nuove-vite-d\/#primaryimage\"},\"thumbnailUrl\":\"https:\/\/www.librairieclavreuil.com\/wp-content\/uploads\/2026\/03\/giorgio-vasari-le-vite-de-piu-eccellenti-pittori-scultori-et-architettori-scritte-di-nuovo-ampliate-da-m-giorgio-vasari-pit-et-archit-aretino-co-ritra.jpg\",\"datePublished\":\"2026-03-14T11:18:55+00:00\",\"dateModified\":\"2026-03-14T11:19:19+00:00\",\"breadcrumb\":{\"@id\":\"https:\/\/www.librairieclavreuil.com\/en\/vasari-giorgio-le-vite-de-piu-eccellenti-pittori-scultori-et-architettori-scritte-di-nuovo-ampliate-da-m-giorgio-vasari-pit-et-archit-aretino-co-ritratti-loro-et-con-le-nuove-vite-d\/#breadcrumb\"},\"inLanguage\":\"en-US\",\"potentialAction\":[{\"@type\":\"ReadAction\",\"target\":[\"https:\/\/www.librairieclavreuil.com\/en\/vasari-giorgio-le-vite-de-piu-eccellenti-pittori-scultori-et-architettori-scritte-di-nuovo-ampliate-da-m-giorgio-vasari-pit-et-archit-aretino-co-ritratti-loro-et-con-le-nuove-vite-d\/\"]}]},{\"@type\":\"ImageObject\",\"inLanguage\":\"en-US\",\"@id\":\"https:\/\/www.librairieclavreuil.com\/en\/vasari-giorgio-le-vite-de-piu-eccellenti-pittori-scultori-et-architettori-scritte-di-nuovo-ampliate-da-m-giorgio-vasari-pit-et-archit-aretino-co-ritratti-loro-et-con-le-nuove-vite-d\/#primaryimage\",\"url\":\"https:\/\/www.librairieclavreuil.com\/wp-content\/uploads\/2026\/03\/giorgio-vasari-le-vite-de-piu-eccellenti-pittori-scultori-et-architettori-scritte-di-nuovo-ampliate-da-m-giorgio-vasari-pit-et-archit-aretino-co-ritra.jpg\",\"contentUrl\":\"https:\/\/www.librairieclavreuil.com\/wp-content\/uploads\/2026\/03\/giorgio-vasari-le-vite-de-piu-eccellenti-pittori-scultori-et-architettori-scritte-di-nuovo-ampliate-da-m-giorgio-vasari-pit-et-archit-aretino-co-ritra.jpg\",\"width\":800,\"height\":513},{\"@type\":\"BreadcrumbList\",\"@id\":\"https:\/\/www.librairieclavreuil.com\/en\/vasari-giorgio-le-vite-de-piu-eccellenti-pittori-scultori-et-architettori-scritte-di-nuovo-ampliate-da-m-giorgio-vasari-pit-et-archit-aretino-co-ritratti-loro-et-con-le-nuove-vite-d\/#breadcrumb\",\"itemListElement\":[{\"@type\":\"ListItem\",\"position\":1,\"name\":\"Accueil\",\"item\":\"https:\/\/www.librairieclavreuil.com\/\"},{\"@type\":\"ListItem\",\"position\":2,\"name\":\"All our books\",\"item\":\"https:\/\/www.librairieclavreuil.com\/en\/all-our-books\/\"},{\"@type\":\"ListItem\",\"position\":3,\"name\":\"VASARI Giorgio Le Vite de&rsquo; piu eccellenti Pittori,...\"}]},{\"@type\":\"WebSite\",\"@id\":\"https:\/\/www.librairieclavreuil.com\/#website\",\"url\":\"https:\/\/www.librairieclavreuil.com\/\",\"name\":\"Libairie Clavreuil\",\"description\":\"Livres anciens, manuscrits rares et \u00e9ditions originales \u2013 Librairie Clavreuil\",\"publisher\":{\"@id\":\"https:\/\/www.librairieclavreuil.com\/#organization\"},\"potentialAction\":[{\"@type\":\"SearchAction\",\"target\":{\"@type\":\"EntryPoint\",\"urlTemplate\":\"https:\/\/www.librairieclavreuil.com\/?s={search_term_string}\"},\"query-input\":{\"@type\":\"PropertyValueSpecification\",\"valueRequired\":true,\"valueName\":\"search_term_string\"}}],\"inLanguage\":\"en-US\"},{\"@type\":\"Organization\",\"@id\":\"https:\/\/www.librairieclavreuil.com\/#organization\",\"name\":\"Libairie Clavreuil\",\"url\":\"https:\/\/www.librairieclavreuil.com\/\",\"logo\":{\"@type\":\"ImageObject\",\"inLanguage\":\"en-US\",\"@id\":\"https:\/\/www.librairieclavreuil.com\/#\/schema\/logo\/image\/\",\"url\":\"https:\/\/www.librairieclavreuil.com\/wp-content\/uploads\/2021\/06\/cropped-LOGO_PNG_DATE-_gold-512x512-1.png\",\"contentUrl\":\"https:\/\/www.librairieclavreuil.com\/wp-content\/uploads\/2021\/06\/cropped-LOGO_PNG_DATE-_gold-512x512-1.png\",\"width\":512,\"height\":512,\"caption\":\"Libairie Clavreuil\"},\"image\":{\"@id\":\"https:\/\/www.librairieclavreuil.com\/#\/schema\/logo\/image\/\"},\"sameAs\":[\"https:\/\/www.instagram.com\/librairieclavreuil\/\"]}]}<\/script>\n<!-- \/ Yoast SEO plugin. -->","yoast_head_json":{"title":"VASARI Giorgio Le Vite de' piu eccellenti Pittori, Scultori, et Architettori, Scritte, &amp; di nuovo Ampliate da M. Giorgio Vasari Pit. et Archit. Aretino. Co' ritratti loro et con le nuove vite dal 1550. insino al 1567. - Libairie Clavreuil","robots":{"index":"index","follow":"follow","max-snippet":"max-snippet:-1","max-image-preview":"max-image-preview:large","max-video-preview":"max-video-preview:-1"},"canonical":"https:\/\/www.librairieclavreuil.com\/en\/vasari-giorgio-le-vite-de-piu-eccellenti-pittori-scultori-et-architettori-scritte-di-nuovo-ampliate-da-m-giorgio-vasari-pit-et-archit-aretino-co-ritratti-loro-et-con-le-nuove-vite-d\/","og_locale":"en_US","og_type":"article","og_title":"VASARI Giorgio Le Vite de' piu eccellenti Pittori, Scultori, et Architettori, Scritte, &amp; di nuovo Ampliate da M. Giorgio Vasari Pit. et Archit. Aretino. Co' ritratti loro et con le nuove vite dal 1550. insino al 1567. - Libairie Clavreuil","og_description":"3 parts in 3 volumes, 4to (235 x 160 mm) 28 nn.ll. (including title and engraved portrait), 523 pp. (misnumbered 529) for volume I (parts one and two); 20 nn.ll. (including engraved title), 370 pp. nd 1 nnL; (errata) for volume II (part three, first half); 42 nn.ll. (including engraved title) pp. 371 to 974 (misnumbered 1012), 2 nn.ll. (errata, index) for the volume III (part three, second and final part). 144 woodcut portraits after designs by Vasari or his pupils, each with title and within six differing borders of female figures representing the arts (woodcut portrait of Giulio Genga in vol. III with cancel slip correcting title), historiated or decorated woodcut initials and head- and tail-pieces throughout. Full seventeenth-century Italian red morocco, boards with gilt-tooled borders and gilt rules to surround central armorial vignettes, banded spine with title and decoration in gilt, turn-ins with gilt tooled borders, gilt edges.","og_url":"https:\/\/www.librairieclavreuil.com\/en\/vasari-giorgio-le-vite-de-piu-eccellenti-pittori-scultori-et-architettori-scritte-di-nuovo-ampliate-da-m-giorgio-vasari-pit-et-archit-aretino-co-ritratti-loro-et-con-le-nuove-vite-d\/","og_site_name":"Libairie Clavreuil","article_modified_time":"2026-03-14T11:19:19+00:00","og_image":[{"width":800,"height":513,"url":"https:\/\/www.librairieclavreuil.com\/wp-content\/uploads\/2026\/03\/giorgio-vasari-le-vite-de-piu-eccellenti-pittori-scultori-et-architettori-scritte-di-nuovo-ampliate-da-m-giorgio-vasari-pit-et-archit-aretino-co-ritra.jpg","type":"image\/jpeg"}],"twitter_card":"summary_large_image","twitter_misc":{"Est. reading time":"4 minutes"},"schema":{"@context":"https:\/\/schema.org","@graph":[{"@type":"WebPage","@id":"https:\/\/www.librairieclavreuil.com\/en\/vasari-giorgio-le-vite-de-piu-eccellenti-pittori-scultori-et-architettori-scritte-di-nuovo-ampliate-da-m-giorgio-vasari-pit-et-archit-aretino-co-ritratti-loro-et-con-le-nuove-vite-d\/","url":"https:\/\/www.librairieclavreuil.com\/en\/vasari-giorgio-le-vite-de-piu-eccellenti-pittori-scultori-et-architettori-scritte-di-nuovo-ampliate-da-m-giorgio-vasari-pit-et-archit-aretino-co-ritratti-loro-et-con-le-nuove-vite-d\/","name":"VASARI Giorgio Le Vite de' piu eccellenti Pittori, Scultori, et Architettori, Scritte, &amp; di nuovo Ampliate da M. Giorgio Vasari Pit. et Archit. Aretino. Co' ritratti loro et con le nuove vite dal 1550. insino al 1567. - Libairie Clavreuil","isPartOf":{"@id":"https:\/\/www.librairieclavreuil.com\/#website"},"primaryImageOfPage":{"@id":"https:\/\/www.librairieclavreuil.com\/en\/vasari-giorgio-le-vite-de-piu-eccellenti-pittori-scultori-et-architettori-scritte-di-nuovo-ampliate-da-m-giorgio-vasari-pit-et-archit-aretino-co-ritratti-loro-et-con-le-nuove-vite-d\/#primaryimage"},"image":{"@id":"https:\/\/www.librairieclavreuil.com\/en\/vasari-giorgio-le-vite-de-piu-eccellenti-pittori-scultori-et-architettori-scritte-di-nuovo-ampliate-da-m-giorgio-vasari-pit-et-archit-aretino-co-ritratti-loro-et-con-le-nuove-vite-d\/#primaryimage"},"thumbnailUrl":"https:\/\/www.librairieclavreuil.com\/wp-content\/uploads\/2026\/03\/giorgio-vasari-le-vite-de-piu-eccellenti-pittori-scultori-et-architettori-scritte-di-nuovo-ampliate-da-m-giorgio-vasari-pit-et-archit-aretino-co-ritra.jpg","datePublished":"2026-03-14T11:18:55+00:00","dateModified":"2026-03-14T11:19:19+00:00","breadcrumb":{"@id":"https:\/\/www.librairieclavreuil.com\/en\/vasari-giorgio-le-vite-de-piu-eccellenti-pittori-scultori-et-architettori-scritte-di-nuovo-ampliate-da-m-giorgio-vasari-pit-et-archit-aretino-co-ritratti-loro-et-con-le-nuove-vite-d\/#breadcrumb"},"inLanguage":"en-US","potentialAction":[{"@type":"ReadAction","target":["https:\/\/www.librairieclavreuil.com\/en\/vasari-giorgio-le-vite-de-piu-eccellenti-pittori-scultori-et-architettori-scritte-di-nuovo-ampliate-da-m-giorgio-vasari-pit-et-archit-aretino-co-ritratti-loro-et-con-le-nuove-vite-d\/"]}]},{"@type":"ImageObject","inLanguage":"en-US","@id":"https:\/\/www.librairieclavreuil.com\/en\/vasari-giorgio-le-vite-de-piu-eccellenti-pittori-scultori-et-architettori-scritte-di-nuovo-ampliate-da-m-giorgio-vasari-pit-et-archit-aretino-co-ritratti-loro-et-con-le-nuove-vite-d\/#primaryimage","url":"https:\/\/www.librairieclavreuil.com\/wp-content\/uploads\/2026\/03\/giorgio-vasari-le-vite-de-piu-eccellenti-pittori-scultori-et-architettori-scritte-di-nuovo-ampliate-da-m-giorgio-vasari-pit-et-archit-aretino-co-ritra.jpg","contentUrl":"https:\/\/www.librairieclavreuil.com\/wp-content\/uploads\/2026\/03\/giorgio-vasari-le-vite-de-piu-eccellenti-pittori-scultori-et-architettori-scritte-di-nuovo-ampliate-da-m-giorgio-vasari-pit-et-archit-aretino-co-ritra.jpg","width":800,"height":513},{"@type":"BreadcrumbList","@id":"https:\/\/www.librairieclavreuil.com\/en\/vasari-giorgio-le-vite-de-piu-eccellenti-pittori-scultori-et-architettori-scritte-di-nuovo-ampliate-da-m-giorgio-vasari-pit-et-archit-aretino-co-ritratti-loro-et-con-le-nuove-vite-d\/#breadcrumb","itemListElement":[{"@type":"ListItem","position":1,"name":"Accueil","item":"https:\/\/www.librairieclavreuil.com\/"},{"@type":"ListItem","position":2,"name":"All our books","item":"https:\/\/www.librairieclavreuil.com\/en\/all-our-books\/"},{"@type":"ListItem","position":3,"name":"VASARI Giorgio Le Vite de&rsquo; piu eccellenti Pittori,..."}]},{"@type":"WebSite","@id":"https:\/\/www.librairieclavreuil.com\/#website","url":"https:\/\/www.librairieclavreuil.com\/","name":"Libairie Clavreuil","description":"Livres anciens, manuscrits rares et \u00e9ditions originales \u2013 Librairie Clavreuil","publisher":{"@id":"https:\/\/www.librairieclavreuil.com\/#organization"},"potentialAction":[{"@type":"SearchAction","target":{"@type":"EntryPoint","urlTemplate":"https:\/\/www.librairieclavreuil.com\/?s={search_term_string}"},"query-input":{"@type":"PropertyValueSpecification","valueRequired":true,"valueName":"search_term_string"}}],"inLanguage":"en-US"},{"@type":"Organization","@id":"https:\/\/www.librairieclavreuil.com\/#organization","name":"Libairie Clavreuil","url":"https:\/\/www.librairieclavreuil.com\/","logo":{"@type":"ImageObject","inLanguage":"en-US","@id":"https:\/\/www.librairieclavreuil.com\/#\/schema\/logo\/image\/","url":"https:\/\/www.librairieclavreuil.com\/wp-content\/uploads\/2021\/06\/cropped-LOGO_PNG_DATE-_gold-512x512-1.png","contentUrl":"https:\/\/www.librairieclavreuil.com\/wp-content\/uploads\/2021\/06\/cropped-LOGO_PNG_DATE-_gold-512x512-1.png","width":512,"height":512,"caption":"Libairie Clavreuil"},"image":{"@id":"https:\/\/www.librairieclavreuil.com\/#\/schema\/logo\/image\/"},"sameAs":["https:\/\/www.instagram.com\/librairieclavreuil\/"]}]}},"jetpack_sharing_enabled":true,"_links":{"self":[{"href":"https:\/\/www.librairieclavreuil.com\/en\/wp-json\/wp\/v2\/product\/90087","targetHints":{"allow":["GET"]}}],"collection":[{"href":"https:\/\/www.librairieclavreuil.com\/en\/wp-json\/wp\/v2\/product"}],"about":[{"href":"https:\/\/www.librairieclavreuil.com\/en\/wp-json\/wp\/v2\/types\/product"}],"replies":[{"embeddable":true,"href":"https:\/\/www.librairieclavreuil.com\/en\/wp-json\/wp\/v2\/comments?post=90087"}],"wp:featuredmedia":[{"embeddable":true,"href":"https:\/\/www.librairieclavreuil.com\/en\/wp-json\/wp\/v2\/media\/90084"}],"wp:attachment":[{"href":"https:\/\/www.librairieclavreuil.com\/en\/wp-json\/wp\/v2\/media?parent=90087"}],"wp:term":[{"taxonomy":"product_brand","embeddable":true,"href":"https:\/\/www.librairieclavreuil.com\/en\/wp-json\/wp\/v2\/product_brand?post=90087"},{"taxonomy":"product_cat","embeddable":true,"href":"https:\/\/www.librairieclavreuil.com\/en\/wp-json\/wp\/v2\/product_cat?post=90087"},{"taxonomy":"product_tag","embeddable":true,"href":"https:\/\/www.librairieclavreuil.com\/en\/wp-json\/wp\/v2\/product_tag?post=90087"}],"curies":[{"name":"wp","href":"https:\/\/api.w.org\/{rel}","templated":true}]}}