{"id":90053,"date":"2026-03-13T16:46:05","date_gmt":"2026-03-13T15:46:05","guid":{"rendered":"https:\/\/www.librairieclavreuil.com\/dentrecasteaux-antoine-raymond-joseph-de-bruni-voyage-de-dentrecasteaux-envoye-a-la-recherche-de-la-perouse-redige-par-m-de-rossel-ancien-capitaine-de-vaisseau\/"},"modified":"2026-03-13T16:46:11","modified_gmt":"2026-03-13T15:46:11","slug":"dentrecasteaux-antoine-raymond-joseph-de-bruni-voyage-de-dentrecasteaux-envoye-a-la-recherche-de-la-perouse-redige-par-m-de-rossel-ancien-capitaine-de-vaisseau","status":"publish","type":"product","link":"https:\/\/www.librairieclavreuil.com\/en\/dentrecasteaux-antoine-raymond-joseph-de-bruni-voyage-de-dentrecasteaux-envoye-a-la-recherche-de-la-perouse-redige-par-m-de-rossel-ancien-capitaine-de-vaisseau\/","title":{"rendered":"D&#8217;ENTRECASTEAUX Antoine Raymond Joseph de Bruni Voyage de..."},"content":{"rendered":"<p style=\"text-align:justify\"><i>Sabin, 22671-72 ; Hill, 467 ; Ferguson, I, 461 ; O&#8217;Reilly, Bibl. de la Nouvelle-Cal\u00e9donie, 82; Taillemite, dictionnaire des marins fran\u00e7ais, p. 111-112.<\/i><\/p>\n<p style=\"text-align:justify\"><span style=\"font-variant:small-caps\">First edition.<\/span><\/p>\n<p style=\"text-align:justify\">It contains the account of the rescue expedition of Rear-Admiral d&#8217;Entrecasteaux (1737-1793). This expedition, which left between 1791 and 1794, was a relief mission ordered by the Constituent Assembly. Two ships, <i>La Recherche<\/i> and <i>L&#8217;Esp\u00e9rance<\/i>, were armed as frigates, with the aim of finding traces of La P\u00e9rouse&#8217;s expedition in the Pacific Ocean.<\/p>\n<p style=\"text-align:justify\">It was also a voyage of scientific exploration, useful for navigation, geography, commerce, the arts and the sciences, with resources superior to those of La P\u00e9rouse. But many of the crew did not survive the voyage. The expedition failed in its primary mission of finding \u2018Monsieur de La P\u00e9rouse\u2019, but it did provide new topographical knowledge of many of the islands in the Indian Ocean, as well as numerous discoveries, particularly in botany. Thanks to the work of Beautemps-Beaupr\u00e9, it was a laboratory for modern hydrography.<\/p>\n<p style=\"text-align:justify\">The expedition&#8217;s scientific committee included the following famous researchers: Amboise Pierson (? -1796; astronomer) &#8211; Miroir-Jouvency (1754-1798; geographer) &#8211; Jacques-Julien Houtou de La Billardi\u00e8re (1755-1834; botanist, naturalist) &#8211; Claude Bertrand (1757-1792; geographer, astronomer, encyclopaedist) &#8211; Claude Antoine Gaspard Riche (1762-1798; botanist, naturalist) &#8211; Jean Blavier (1764-1828; botanist, naturalist, mineralogist) &#8211; Louis Ventenat (1765-1794; naturalist and ship&#8217;s chaplain) &#8211; Louis Auguste Deschamps de Pas (1765-1842; botanist, naturalist) &#8211; Charles-Fran\u00e7ois Beautemps-Beaupr\u00e9 (1766-1854; hydrographic engineer, cartographer).<\/p>\n<p style=\"text-align:justify\">The text is illustrated with 33 folding plates; the atlas, published in 1807, contains 39 maps and plans. A particularly important account of the nautical details of this voyage to the South Seas. The charts that make up the atlas of the voyage were drawn up by the hydrographic engineer Beautemps-Beaupr\u00e9, and the measurements taken with the aid of the Borda reflection circle helped to clarify the geography of these distant lands. During this voyage, D&#8217;Entrecasteaux&#8217;s ships were stopped by the Dutch in Java. The logbook and collections seized by the English were not returned to France until 1802.<\/p>\n<p style=\"text-align:justify\">\u201c[Promoted] to Rear-Admiral in September 1791, he was given command of the <i>Recherche<\/i> and the <i>Esp\u00e9rance<\/i>, which were sent in search of the missing Lap\u00e9rouse. He took with him a scientific team (the botanist La Billardi\u00e8re, the hydrographer Beautemps-Beaupr\u00e9), which enabled him to make numerous astronomical, nautical, ethnological and other observations. Leaving via the Cape of Good Hope, he reconnoitered Amsterdam Island, reached the southern shores of Australia, reconnoitered Tasmania, the insularity of which he guessed, New Caledonia, the New Hebrides, the Solomon Islands and the Admiralty, then went to rest his crews in Amboine (September 1792). Leaving again five weeks later, she headed for New Holland, stopped off in the Tonga Islands and returned to New Caledonia where Kermadec, commander of the <i>Esp\u00e9rance<\/i>, died. On 9 May 1793, she set sail for the north, crossed the Santa Cruz Islands and passed unsuspectingly a few miles from Vanikoro, where the Lap\u00e9rouse disaster had occurred\u2019 (see Taillemite).<\/p>\n<p style=\"text-align:justify\">&#8220;D&#8217;Entrecasteaux, French admiral and governor of Mauritius, was sent to the Pacific in 1791 to search for La P\u00e9rouse. No traces of the lost expedition were found, but in the course of his search d&#8217;Entrecasteaux made important geographical discoveries. He commanded the Recherche and the Esp\u00e9rance. The second captain was Huon Kermadec, after whom the islands north of New Zealand were named. The naturalist for the expedition was Jacques Julien de Labillardi\u00e8re. They explored the west and southwest coasts of Australia, the south coast of Tasmania, the west coast of New Caledonia, and visited Tonga and the Santa Cruz Islands. The D&#8217;Entrecasteaux Islands near New Guinea were discovered and named for the admiral, who later died of colic off the north coast of New Guinea. The French Revolution divided the expedition; the royalists joined the Dutch on Java, and the Republicans fell into the hands of the British Royal Navy. Also captured were the expedition&#8217;s journal, charts, and natural history specimens. Sir Joseph Banks ordered that they be delivered to the coast of France under a flag of truce&#8221; (Hill).<\/p>\n<p style=\"text-align:justify\">&#8220;Du 20 juin au 2 juillet (1792), il longea les r\u00e9cifs qui bordent la c\u00f4te ouest de la Cal\u00e9donie sur une longueur de plus de 300 milles, tandis que Beautemps-Baupr\u00e9 dresse sous voile la carte de l&#8217;lle. D&#8217;Entrecasteaux d\u00e9couvre plusieurs \u00eelots (\u00eelots Huon et Surprise) au nord de la Cal\u00e9donie et d\u00e9termine la position du r\u00e9cit qui porte son nom. Il ne p\u00e9n\u00e9tra pas dans le r\u00e9cif. Mais reconnait (le 21 juin) Port-Saint- Vincent, qu&#8217;il d\u00e9nomme le Havre trompeur faute d&#8217;en avoir su d\u00e9couvrir la passe. Le 23. Ils aper\u00e7oivent des indig\u00e8nes, le 22, d\u00e9nomment le cap Goulvain du nom du maitre d&#8217;\u00e9quipage de la Recherche et, le 28, le cap Tonnerre \u2013 du nom du maitre d&#8217;\u00e9quipage de l&#8217;Esp\u00e9rance. Apr\u00e8s avoir visit\u00e9 les archipels situ\u00e9s \u00e0 l&#8217;ouest et au nord de la Nouvelle-Guin\u00e9e et l&#8217;archipel des Amis, sans y avoir trouv\u00e9 des traces de La P\u00e9rouse, et apr\u00e8s avoir contourn\u00e9 l&#8217;Australie, d&#8217;Entrecasteaux revient en Cal\u00e9donie et mouille le 19 avril 1793 \u00e0 Balade, au lieu m\u00eame o\u00f9 Cook avait s\u00e9journ\u00e9. L&#8217;exp\u00e9dition y restera jusqu&#8217;au 1o mai. Pendant que les matelots font de l&#8217;eau et du bois, les savants se livrent \u00e0 leurs occupations : La Billardi\u00e8re et La Haye herborisent et recueillent des sp\u00e9cimens d&#8217;oiseaux, Bonvouloir fait des observations astronomiques, P\u00e9ron dessine. Les relations avec les indig\u00e8nes ne vont pas sans heurts : la discipline des \u00e9quipages fran\u00e7ais est loin d&#8217;\u00eatre aussi stricte que celle de Cook. Il y a des vols, des indig\u00e8nes tu\u00e9s par des coups de feu, la famine est extr\u00eame&#8230; On croit bon d&#8217;enterrer sur l&#8217;ilot, de nuit, secr\u00e8tement, Huon de Kermadec, le commandant de l&#8217;Esp\u00e9rance, mort le 6 mai, par crainte d&#8217;une exhumation par les indig\u00e8nes, cannibales. Le 9 mai l&#8217;exp\u00e9dition quitte Balade. Les navires s&#8217;en furent reconna\u00eetre les r\u00e9cifs que Cook avait d\u00e9couverts au N.-O. de la Nouvelle-Cal\u00e9donie. D&#8217;Entrecasteaux mourut en mer, de dysenterie et de scorbut, en juillet 1793, quelques semaines apr\u00e8s son passage en Nouvelle-Cal\u00e9donie. Le premier r\u00e9cit de son exp\u00e9dition contient des d\u00e9tails sur les indig\u00e8nes qui compl\u00e8tent ou confirment ceux de Cook&#8221; (O\u2019Reilly).<\/p>\n<p style=\"text-align:justify\">Very nice copy, attractively bound and complete with all plates called for.<\/p>\n","protected":false},"excerpt":{"rendered":"<p style=\"text-align:justify\">2 text volumes, 4to (287 x 215 mm), and the atlas, large folio (555 x 428 mm). Texte: 2 nn.ll., LVI, 704 pp., 32 engraved folding plates for volume I; 2 nn.ll., VIII, 692 pp., 1 engraved folding plate for volume II. Atlas:2 nn.ll. engraved (title and table of plates), 39 engraved plates (29 double page). Uniformly bound in contemporary half blue calf, flat spine gilt.<\/p>\n","protected":false},"featured_media":90040,"comment_status":"open","ping_status":"closed","template":"","meta":{"_acf_changed":false},"product_brand":[],"product_cat":[552],"product_tag":[1407,1450,1409,620],"class_list":{"0":"post-90053","1":"product","2":"type-product","3":"status-publish","4":"has-post-thumbnail","6":"product_cat-travel","7":"product_tag-circum-2","8":"product_tag-first-edition","9":"product_tag-oceania","10":"product_tag-travel","11":"pa_auteur-dentrecasteaux-antoine-raymond-joseph-de-bruni-2","12":"pa_type-de-livre-printed-book","14":"first","15":"instock","16":"shipping-taxable","17":"purchasable","18":"product-type-simple"},"acf":{"artist":" Antoine Raymond Joseph de Bruni D'ENTRECASTEAUX","chapeau":"","adresse_bibliographique":"Paris, De l'Imprimerie Royale, 1807-1808","book_type":"Printed book","provenance":"","afficher_prix":""},"yoast_head":"<!-- This site is optimized with the Yoast SEO plugin v24.7 - https:\/\/yoast.com\/wordpress\/plugins\/seo\/ -->\n<title>D&#039;ENTRECASTEAUX Antoine Raymond Joseph de Bruni Voyage de Dentrecasteaux, envoy\u00e9 \u00e0 la recherche de La P\u00e9rouse... R\u00e9dig\u00e9 par M. de Rossel, ancien capitaine de vaisseau. - Libairie Clavreuil<\/title>\n<meta name=\"robots\" content=\"index, follow, max-snippet:-1, max-image-preview:large, max-video-preview:-1\" \/>\n<link rel=\"canonical\" href=\"https:\/\/www.librairieclavreuil.com\/en\/dentrecasteaux-antoine-raymond-joseph-de-bruni-voyage-de-dentrecasteaux-envoye-a-la-recherche-de-la-perouse-redige-par-m-de-rossel-ancien-capitaine-de-vaisseau\/\" \/>\n<meta property=\"og:locale\" content=\"en_US\" \/>\n<meta property=\"og:type\" content=\"article\" \/>\n<meta property=\"og:title\" content=\"D&#039;ENTRECASTEAUX Antoine Raymond Joseph de Bruni Voyage de Dentrecasteaux, envoy\u00e9 \u00e0 la recherche de La P\u00e9rouse... R\u00e9dig\u00e9 par M. de Rossel, ancien capitaine de vaisseau. - Libairie Clavreuil\" \/>\n<meta property=\"og:description\" content=\"2 text volumes, 4to (287 x 215 mm), and the atlas, large folio (555 x 428 mm). Texte: 2 nn.ll., LVI, 704 pp., 32 engraved folding plates for volume I; 2 nn.ll., VIII, 692 pp., 1 engraved folding plate for volume II. Atlas:2 nn.ll. engraved (title and table of plates), 39 engraved plates (29 double page). Uniformly bound in contemporary half blue calf, flat spine gilt.\" \/>\n<meta property=\"og:url\" content=\"https:\/\/www.librairieclavreuil.com\/en\/dentrecasteaux-antoine-raymond-joseph-de-bruni-voyage-de-dentrecasteaux-envoye-a-la-recherche-de-la-perouse-redige-par-m-de-rossel-ancien-capitaine-de-vaisseau\/\" \/>\n<meta property=\"og:site_name\" content=\"Libairie Clavreuil\" \/>\n<meta property=\"article:modified_time\" content=\"2026-03-13T15:46:11+00:00\" \/>\n<meta property=\"og:image\" content=\"https:\/\/www.librairieclavreuil.com\/wp-content\/uploads\/2026\/03\/antoine-raymond-joseph-de-bruni-d-entrecasteaux-voyage-de-dentrecasteaux-envoye-a-la-recherche-de-la-perouse-redige-par-m-de-rossel-ancien-c-6751cd6e307d6.jpg\" \/>\n\t<meta property=\"og:image:width\" content=\"800\" \/>\n\t<meta property=\"og:image:height\" content=\"533\" \/>\n\t<meta property=\"og:image:type\" content=\"image\/jpeg\" \/>\n<meta name=\"twitter:card\" content=\"summary_large_image\" \/>\n<meta name=\"twitter:label1\" content=\"Est. reading time\" \/>\n\t<meta name=\"twitter:data1\" content=\"5 minutes\" \/>\n<script type=\"application\/ld+json\" class=\"yoast-schema-graph\">{\"@context\":\"https:\/\/schema.org\",\"@graph\":[{\"@type\":\"WebPage\",\"@id\":\"https:\/\/www.librairieclavreuil.com\/en\/dentrecasteaux-antoine-raymond-joseph-de-bruni-voyage-de-dentrecasteaux-envoye-a-la-recherche-de-la-perouse-redige-par-m-de-rossel-ancien-capitaine-de-vaisseau\/\",\"url\":\"https:\/\/www.librairieclavreuil.com\/en\/dentrecasteaux-antoine-raymond-joseph-de-bruni-voyage-de-dentrecasteaux-envoye-a-la-recherche-de-la-perouse-redige-par-m-de-rossel-ancien-capitaine-de-vaisseau\/\",\"name\":\"D'ENTRECASTEAUX Antoine Raymond Joseph de Bruni Voyage de Dentrecasteaux, envoy\u00e9 \u00e0 la recherche de La P\u00e9rouse... R\u00e9dig\u00e9 par M. de Rossel, ancien capitaine de vaisseau. - Libairie Clavreuil\",\"isPartOf\":{\"@id\":\"https:\/\/www.librairieclavreuil.com\/#website\"},\"primaryImageOfPage\":{\"@id\":\"https:\/\/www.librairieclavreuil.com\/en\/dentrecasteaux-antoine-raymond-joseph-de-bruni-voyage-de-dentrecasteaux-envoye-a-la-recherche-de-la-perouse-redige-par-m-de-rossel-ancien-capitaine-de-vaisseau\/#primaryimage\"},\"image\":{\"@id\":\"https:\/\/www.librairieclavreuil.com\/en\/dentrecasteaux-antoine-raymond-joseph-de-bruni-voyage-de-dentrecasteaux-envoye-a-la-recherche-de-la-perouse-redige-par-m-de-rossel-ancien-capitaine-de-vaisseau\/#primaryimage\"},\"thumbnailUrl\":\"https:\/\/www.librairieclavreuil.com\/wp-content\/uploads\/2026\/03\/antoine-raymond-joseph-de-bruni-d-entrecasteaux-voyage-de-dentrecasteaux-envoye-a-la-recherche-de-la-perouse-redige-par-m-de-rossel-ancien-c-6751cd6e307d6.jpg\",\"datePublished\":\"2026-03-13T15:46:05+00:00\",\"dateModified\":\"2026-03-13T15:46:11+00:00\",\"breadcrumb\":{\"@id\":\"https:\/\/www.librairieclavreuil.com\/en\/dentrecasteaux-antoine-raymond-joseph-de-bruni-voyage-de-dentrecasteaux-envoye-a-la-recherche-de-la-perouse-redige-par-m-de-rossel-ancien-capitaine-de-vaisseau\/#breadcrumb\"},\"inLanguage\":\"en-US\",\"potentialAction\":[{\"@type\":\"ReadAction\",\"target\":[\"https:\/\/www.librairieclavreuil.com\/en\/dentrecasteaux-antoine-raymond-joseph-de-bruni-voyage-de-dentrecasteaux-envoye-a-la-recherche-de-la-perouse-redige-par-m-de-rossel-ancien-capitaine-de-vaisseau\/\"]}]},{\"@type\":\"ImageObject\",\"inLanguage\":\"en-US\",\"@id\":\"https:\/\/www.librairieclavreuil.com\/en\/dentrecasteaux-antoine-raymond-joseph-de-bruni-voyage-de-dentrecasteaux-envoye-a-la-recherche-de-la-perouse-redige-par-m-de-rossel-ancien-capitaine-de-vaisseau\/#primaryimage\",\"url\":\"https:\/\/www.librairieclavreuil.com\/wp-content\/uploads\/2026\/03\/antoine-raymond-joseph-de-bruni-d-entrecasteaux-voyage-de-dentrecasteaux-envoye-a-la-recherche-de-la-perouse-redige-par-m-de-rossel-ancien-c-6751cd6e307d6.jpg\",\"contentUrl\":\"https:\/\/www.librairieclavreuil.com\/wp-content\/uploads\/2026\/03\/antoine-raymond-joseph-de-bruni-d-entrecasteaux-voyage-de-dentrecasteaux-envoye-a-la-recherche-de-la-perouse-redige-par-m-de-rossel-ancien-c-6751cd6e307d6.jpg\",\"width\":800,\"height\":533},{\"@type\":\"BreadcrumbList\",\"@id\":\"https:\/\/www.librairieclavreuil.com\/en\/dentrecasteaux-antoine-raymond-joseph-de-bruni-voyage-de-dentrecasteaux-envoye-a-la-recherche-de-la-perouse-redige-par-m-de-rossel-ancien-capitaine-de-vaisseau\/#breadcrumb\",\"itemListElement\":[{\"@type\":\"ListItem\",\"position\":1,\"name\":\"Accueil\",\"item\":\"https:\/\/www.librairieclavreuil.com\/\"},{\"@type\":\"ListItem\",\"position\":2,\"name\":\"All our books\",\"item\":\"https:\/\/www.librairieclavreuil.com\/en\/all-our-books\/\"},{\"@type\":\"ListItem\",\"position\":3,\"name\":\"D&rsquo;ENTRECASTEAUX Antoine Raymond Joseph de Bruni Voyage de...\"}]},{\"@type\":\"WebSite\",\"@id\":\"https:\/\/www.librairieclavreuil.com\/#website\",\"url\":\"https:\/\/www.librairieclavreuil.com\/\",\"name\":\"Libairie Clavreuil\",\"description\":\"Livres anciens, manuscrits rares et \u00e9ditions originales \u2013 Librairie Clavreuil\",\"publisher\":{\"@id\":\"https:\/\/www.librairieclavreuil.com\/#organization\"},\"potentialAction\":[{\"@type\":\"SearchAction\",\"target\":{\"@type\":\"EntryPoint\",\"urlTemplate\":\"https:\/\/www.librairieclavreuil.com\/?s={search_term_string}\"},\"query-input\":{\"@type\":\"PropertyValueSpecification\",\"valueRequired\":true,\"valueName\":\"search_term_string\"}}],\"inLanguage\":\"en-US\"},{\"@type\":\"Organization\",\"@id\":\"https:\/\/www.librairieclavreuil.com\/#organization\",\"name\":\"Libairie Clavreuil\",\"url\":\"https:\/\/www.librairieclavreuil.com\/\",\"logo\":{\"@type\":\"ImageObject\",\"inLanguage\":\"en-US\",\"@id\":\"https:\/\/www.librairieclavreuil.com\/#\/schema\/logo\/image\/\",\"url\":\"https:\/\/www.librairieclavreuil.com\/wp-content\/uploads\/2021\/06\/cropped-LOGO_PNG_DATE-_gold-512x512-1.png\",\"contentUrl\":\"https:\/\/www.librairieclavreuil.com\/wp-content\/uploads\/2021\/06\/cropped-LOGO_PNG_DATE-_gold-512x512-1.png\",\"width\":512,\"height\":512,\"caption\":\"Libairie Clavreuil\"},\"image\":{\"@id\":\"https:\/\/www.librairieclavreuil.com\/#\/schema\/logo\/image\/\"},\"sameAs\":[\"https:\/\/www.instagram.com\/librairieclavreuil\/\"]}]}<\/script>\n<!-- \/ Yoast SEO plugin. -->","yoast_head_json":{"title":"D'ENTRECASTEAUX Antoine Raymond Joseph de Bruni Voyage de Dentrecasteaux, envoy\u00e9 \u00e0 la recherche de La P\u00e9rouse... R\u00e9dig\u00e9 par M. de Rossel, ancien capitaine de vaisseau. - Libairie Clavreuil","robots":{"index":"index","follow":"follow","max-snippet":"max-snippet:-1","max-image-preview":"max-image-preview:large","max-video-preview":"max-video-preview:-1"},"canonical":"https:\/\/www.librairieclavreuil.com\/en\/dentrecasteaux-antoine-raymond-joseph-de-bruni-voyage-de-dentrecasteaux-envoye-a-la-recherche-de-la-perouse-redige-par-m-de-rossel-ancien-capitaine-de-vaisseau\/","og_locale":"en_US","og_type":"article","og_title":"D'ENTRECASTEAUX Antoine Raymond Joseph de Bruni Voyage de Dentrecasteaux, envoy\u00e9 \u00e0 la recherche de La P\u00e9rouse... R\u00e9dig\u00e9 par M. de Rossel, ancien capitaine de vaisseau. - Libairie Clavreuil","og_description":"2 text volumes, 4to (287 x 215 mm), and the atlas, large folio (555 x 428 mm). Texte: 2 nn.ll., LVI, 704 pp., 32 engraved folding plates for volume I; 2 nn.ll., VIII, 692 pp., 1 engraved folding plate for volume II. Atlas:2 nn.ll. engraved (title and table of plates), 39 engraved plates (29 double page). Uniformly bound in contemporary half blue calf, flat spine gilt.","og_url":"https:\/\/www.librairieclavreuil.com\/en\/dentrecasteaux-antoine-raymond-joseph-de-bruni-voyage-de-dentrecasteaux-envoye-a-la-recherche-de-la-perouse-redige-par-m-de-rossel-ancien-capitaine-de-vaisseau\/","og_site_name":"Libairie Clavreuil","article_modified_time":"2026-03-13T15:46:11+00:00","og_image":[{"width":800,"height":533,"url":"https:\/\/www.librairieclavreuil.com\/wp-content\/uploads\/2026\/03\/antoine-raymond-joseph-de-bruni-d-entrecasteaux-voyage-de-dentrecasteaux-envoye-a-la-recherche-de-la-perouse-redige-par-m-de-rossel-ancien-c-6751cd6e307d6.jpg","type":"image\/jpeg"}],"twitter_card":"summary_large_image","twitter_misc":{"Est. reading time":"5 minutes"},"schema":{"@context":"https:\/\/schema.org","@graph":[{"@type":"WebPage","@id":"https:\/\/www.librairieclavreuil.com\/en\/dentrecasteaux-antoine-raymond-joseph-de-bruni-voyage-de-dentrecasteaux-envoye-a-la-recherche-de-la-perouse-redige-par-m-de-rossel-ancien-capitaine-de-vaisseau\/","url":"https:\/\/www.librairieclavreuil.com\/en\/dentrecasteaux-antoine-raymond-joseph-de-bruni-voyage-de-dentrecasteaux-envoye-a-la-recherche-de-la-perouse-redige-par-m-de-rossel-ancien-capitaine-de-vaisseau\/","name":"D'ENTRECASTEAUX Antoine Raymond Joseph de Bruni Voyage de Dentrecasteaux, envoy\u00e9 \u00e0 la recherche de La P\u00e9rouse... R\u00e9dig\u00e9 par M. de Rossel, ancien capitaine de vaisseau. - Libairie Clavreuil","isPartOf":{"@id":"https:\/\/www.librairieclavreuil.com\/#website"},"primaryImageOfPage":{"@id":"https:\/\/www.librairieclavreuil.com\/en\/dentrecasteaux-antoine-raymond-joseph-de-bruni-voyage-de-dentrecasteaux-envoye-a-la-recherche-de-la-perouse-redige-par-m-de-rossel-ancien-capitaine-de-vaisseau\/#primaryimage"},"image":{"@id":"https:\/\/www.librairieclavreuil.com\/en\/dentrecasteaux-antoine-raymond-joseph-de-bruni-voyage-de-dentrecasteaux-envoye-a-la-recherche-de-la-perouse-redige-par-m-de-rossel-ancien-capitaine-de-vaisseau\/#primaryimage"},"thumbnailUrl":"https:\/\/www.librairieclavreuil.com\/wp-content\/uploads\/2026\/03\/antoine-raymond-joseph-de-bruni-d-entrecasteaux-voyage-de-dentrecasteaux-envoye-a-la-recherche-de-la-perouse-redige-par-m-de-rossel-ancien-c-6751cd6e307d6.jpg","datePublished":"2026-03-13T15:46:05+00:00","dateModified":"2026-03-13T15:46:11+00:00","breadcrumb":{"@id":"https:\/\/www.librairieclavreuil.com\/en\/dentrecasteaux-antoine-raymond-joseph-de-bruni-voyage-de-dentrecasteaux-envoye-a-la-recherche-de-la-perouse-redige-par-m-de-rossel-ancien-capitaine-de-vaisseau\/#breadcrumb"},"inLanguage":"en-US","potentialAction":[{"@type":"ReadAction","target":["https:\/\/www.librairieclavreuil.com\/en\/dentrecasteaux-antoine-raymond-joseph-de-bruni-voyage-de-dentrecasteaux-envoye-a-la-recherche-de-la-perouse-redige-par-m-de-rossel-ancien-capitaine-de-vaisseau\/"]}]},{"@type":"ImageObject","inLanguage":"en-US","@id":"https:\/\/www.librairieclavreuil.com\/en\/dentrecasteaux-antoine-raymond-joseph-de-bruni-voyage-de-dentrecasteaux-envoye-a-la-recherche-de-la-perouse-redige-par-m-de-rossel-ancien-capitaine-de-vaisseau\/#primaryimage","url":"https:\/\/www.librairieclavreuil.com\/wp-content\/uploads\/2026\/03\/antoine-raymond-joseph-de-bruni-d-entrecasteaux-voyage-de-dentrecasteaux-envoye-a-la-recherche-de-la-perouse-redige-par-m-de-rossel-ancien-c-6751cd6e307d6.jpg","contentUrl":"https:\/\/www.librairieclavreuil.com\/wp-content\/uploads\/2026\/03\/antoine-raymond-joseph-de-bruni-d-entrecasteaux-voyage-de-dentrecasteaux-envoye-a-la-recherche-de-la-perouse-redige-par-m-de-rossel-ancien-c-6751cd6e307d6.jpg","width":800,"height":533},{"@type":"BreadcrumbList","@id":"https:\/\/www.librairieclavreuil.com\/en\/dentrecasteaux-antoine-raymond-joseph-de-bruni-voyage-de-dentrecasteaux-envoye-a-la-recherche-de-la-perouse-redige-par-m-de-rossel-ancien-capitaine-de-vaisseau\/#breadcrumb","itemListElement":[{"@type":"ListItem","position":1,"name":"Accueil","item":"https:\/\/www.librairieclavreuil.com\/"},{"@type":"ListItem","position":2,"name":"All our books","item":"https:\/\/www.librairieclavreuil.com\/en\/all-our-books\/"},{"@type":"ListItem","position":3,"name":"D&rsquo;ENTRECASTEAUX Antoine Raymond Joseph de Bruni Voyage de..."}]},{"@type":"WebSite","@id":"https:\/\/www.librairieclavreuil.com\/#website","url":"https:\/\/www.librairieclavreuil.com\/","name":"Libairie Clavreuil","description":"Livres anciens, manuscrits rares et \u00e9ditions originales \u2013 Librairie Clavreuil","publisher":{"@id":"https:\/\/www.librairieclavreuil.com\/#organization"},"potentialAction":[{"@type":"SearchAction","target":{"@type":"EntryPoint","urlTemplate":"https:\/\/www.librairieclavreuil.com\/?s={search_term_string}"},"query-input":{"@type":"PropertyValueSpecification","valueRequired":true,"valueName":"search_term_string"}}],"inLanguage":"en-US"},{"@type":"Organization","@id":"https:\/\/www.librairieclavreuil.com\/#organization","name":"Libairie Clavreuil","url":"https:\/\/www.librairieclavreuil.com\/","logo":{"@type":"ImageObject","inLanguage":"en-US","@id":"https:\/\/www.librairieclavreuil.com\/#\/schema\/logo\/image\/","url":"https:\/\/www.librairieclavreuil.com\/wp-content\/uploads\/2021\/06\/cropped-LOGO_PNG_DATE-_gold-512x512-1.png","contentUrl":"https:\/\/www.librairieclavreuil.com\/wp-content\/uploads\/2021\/06\/cropped-LOGO_PNG_DATE-_gold-512x512-1.png","width":512,"height":512,"caption":"Libairie Clavreuil"},"image":{"@id":"https:\/\/www.librairieclavreuil.com\/#\/schema\/logo\/image\/"},"sameAs":["https:\/\/www.instagram.com\/librairieclavreuil\/"]}]}},"jetpack_sharing_enabled":true,"_links":{"self":[{"href":"https:\/\/www.librairieclavreuil.com\/en\/wp-json\/wp\/v2\/product\/90053","targetHints":{"allow":["GET"]}}],"collection":[{"href":"https:\/\/www.librairieclavreuil.com\/en\/wp-json\/wp\/v2\/product"}],"about":[{"href":"https:\/\/www.librairieclavreuil.com\/en\/wp-json\/wp\/v2\/types\/product"}],"replies":[{"embeddable":true,"href":"https:\/\/www.librairieclavreuil.com\/en\/wp-json\/wp\/v2\/comments?post=90053"}],"wp:featuredmedia":[{"embeddable":true,"href":"https:\/\/www.librairieclavreuil.com\/en\/wp-json\/wp\/v2\/media\/90040"}],"wp:attachment":[{"href":"https:\/\/www.librairieclavreuil.com\/en\/wp-json\/wp\/v2\/media?parent=90053"}],"wp:term":[{"taxonomy":"product_brand","embeddable":true,"href":"https:\/\/www.librairieclavreuil.com\/en\/wp-json\/wp\/v2\/product_brand?post=90053"},{"taxonomy":"product_cat","embeddable":true,"href":"https:\/\/www.librairieclavreuil.com\/en\/wp-json\/wp\/v2\/product_cat?post=90053"},{"taxonomy":"product_tag","embeddable":true,"href":"https:\/\/www.librairieclavreuil.com\/en\/wp-json\/wp\/v2\/product_tag?post=90053"}],"curies":[{"name":"wp","href":"https:\/\/api.w.org\/{rel}","templated":true}]}}