{"id":89925,"date":"2026-03-10T18:18:11","date_gmt":"2026-03-10T17:18:11","guid":{"rendered":"https:\/\/www.librairieclavreuil.com\/luther-martin-kirchen-postilla-das-ist-auslegung-der-episteln-und-evangelien-von-ostern-bis-auff-das-advent-auffs-new-zugericht\/"},"modified":"2026-03-10T18:22:46","modified_gmt":"2026-03-10T17:22:46","slug":"luther-martin-kirchen-postilla-das-ist-auslegung-der-episteln-und-evangelien-von-ostern-bis-auff-das-advent-auffs-new-zugericht","status":"publish","type":"product","link":"https:\/\/www.librairieclavreuil.com\/en\/luther-martin-kirchen-postilla-das-ist-auslegung-der-episteln-und-evangelien-von-ostern-bis-auff-das-advent-auffs-new-zugericht\/","title":{"rendered":"LUTHER Martin Kirchen Postilla das ist: Auslegung der..."},"content":{"rendered":"<p style=\"text-align:justify\"><i>(I) VD16 L-5616; USTC 669930; The New Hollstein: Hans and Martin Brosamer II, p. 84; B. Gotzkowsky, Die Buchholzschnitte Hans Brosamers in Werken Martin Luthers, p. 118, no.5; (II) VD16 L-3992; Benzing, Lutherbibliographie, no. 1127; The New Hollstein, p. 39; Gotzkowsky, pp.225\u2013226, no. 1. For this and related bindings, see Foot, \u201cA Leipzig Binding for Nikolaus von Ebeleben,\u201d in The Henry Davis Gift: A Collection of Bookbindings, Volume 1: Studies in the History of Bookbinding (London, 1978), p. 276; Fliege, \u201cDie Bibel des Nikolaus von Ebeleben im Besitz der Staatsbibliothek zu Berlin\u2014Preu\u00dfischer Kulturbesitz,\u201d in Mitteilungen der Staatsbibliothek zu Berlin N.F. 7 (1998), pp. 267, 289: \u201cDie Staatsbibliothek hat sich sehr bem\u00fcht, dieses wertvolle St\u00fcck zu ersteigen, wurde jedoch in der Auktion weit \u00fcberboten\u201d).<\/i><\/p>\n<p style=\"text-align:justify\"><span style=\"font-variant:small-caps\">An extraordinary mix of binding, colour, and provenance, the luxurious Von Ebelen copy of Luther\u2019s <\/span><i><span style=\"font-variant:small-caps\">Kirchen Postilla<\/span><\/i><span style=\"font-variant:small-caps\"> and the <\/span><i><span style=\"font-variant:small-caps\">Auslegung der Euangelien<\/span><\/i><span style=\"font-variant:small-caps\">, with all woodcuts in brilliant vibrant contemporary colour by a German hand, often heightened in gold, covered by the exquisite German binding by Jakob Weidlich, richly tooled and in exceptional condition.<\/span><\/p>\n<p style=\"text-align:justify\">The first work that comprises this sammelband is a collection of sermons for the Sunday epistle and gospel passage, from Easter through the 26th Sunday after Advent (\u201cSommerteil\u201d). They are not sermons from Luther\u2019s own pen, but collections made by Stephan Roth of notes taken by listeners in Wittenberg, originally published without Luther\u2019s participation or permission in 1526, here revised with Luther\u2019s approval by Kaspar Creutziger, and dedicated to Georg III von Anhalt-Pl\u00f6tzkau, at Wittenberg, in 1544. In 1545, Nikolaus Wolrab reprinted at Leipzig <i>Roths Festpostille<\/i>, his compilation of gospel periscopes on the saints\u2019 and festival days for the entire year, in two parts (winter and summer). Bound-in here is the summer volume too.<\/p>\n<p style=\"text-align:justify\">Illustration:<\/p>\n<p style=\"text-align:justify\">Both works are copiously including a woodcut on title-page, 40 woodcuts illustrations, of which 15 by Hans Brosamer, woodcut initials, all woodcuts and initials coloured by a contemporary German hand, some heightened in gold; II: final quire signed *8 headed \u201cRegister\u201d), historiated woodcut title-border incorporating various Biblical scenes, 9 woodcut illustrations by Hans Brosamer, 11 by another hand, woodcut initials, all also coloured by a contemporary German hand, some heightened in gold.<\/p>\n<p style=\"text-align:justify\">Binding:<\/p>\n<p style=\"text-align:justify\">Contemporary marvelous Dresden red morocco (326 x 222 mm), dated 1552, by Jakob Weidlich for Georg von Ebeleben, double fillets forming an intricate strapwork design of intersecting rectangles, enameled black, interspersed with a large variety of solid ornamental and floral tools, in center interlacing strapwork lozenge with 2 triangular finials, all filled with title in gold letters on upper cover and \u201c<i>IORG VON EBELEBEN M:D:LII<\/i>\u201d on lower, 2 clasps, spine with 5 full and 2 half bands, compartments decorated in gilt, edges gilt and gauffered;<\/p>\n<p style=\"text-align:justify\">This exceptional binding is a fine example of the diffusion of Italian Renaissance bookbinding styles, in this case from Bologna to Dresden. The binder, Jakob Weidlich settled in Dresden sometime before 1550, found work at the kurs\u00e4chsischen Hof, and in 1564 cofounded the local bookbinders\u2019 guild (Einbanddatenbank, workshop w003975). According to Ilse Schunke, Weidlich was a binder \u201cadaptable and receptive to everything new\u201d (Leben und Werk Jakob Krauses, p. 62). Two bindings now in Weimar executed by Weidlich ca. 1549\u20131550 might be Nikolas von Ebeleben\u2019s first commissions. About 1553, Nikolas commissioned Weidlich to bind Luther\u2019s works in German. Eight (of twelve) volumes of this set have survived: five in red goatskin bindings by Weidlich, these imitating Bolognese styles, and three in brown goatskin bindings by Thomas Stelbogen of Leipzig, in German style. Altogether, eleven bindings by Weidlich for Nikolas are known (Einband Forschung 18 (2006), pp. 25\u201333; 19 (2006), pp. 26\u201337).<\/p>\n<p style=\"text-align:justify\">The owner of the present volume, Georg (J\u00f6rg) von Ebeleben (ca. 1500\u20131554), was Nikolas\u2019s brother. Five volumes from a Wittenberg edition of Luther\u2019s works (published 1550\u20131552) are said to be bound similarly, in red goatskin, with \u201c<i>Iorge Von Ebeleben<\/i>\u201d and date <i>1552<\/i> lettered on the lower covers (Foot, Henry Davis Gift, 1, p. 276). Either this set was a gift from Nikolas to Georg, or Georg commissioned Weidlich to copy bindings he admired in Nikolas\u2019s library. Another brother, Hans (ca. 1500\u20131569), was late to the party: his set of Luther\u2019s works in German was bound in 1560 by Stelbogen (Foot, p. 277).<\/p>\n<p style=\"text-align:justify\">Nikolas and Georg and Hans were three of seven sons of Apel von Ebeleben (ca. 1460\u20131528) and Agnes von L\u00f6ser. Unlike Nikolas, who matriculated at six universities (the last Ferrara, in 1546), and married late (1555), Georg skipped university, and ca. 1530 married Margarethe Zenger von Thanstein. After the death of her father, they came into possession of Hofmark Thanstein, and it remained an Ebeleben seat for one hundred years. Georg entered the service of the Schwarzburg-Leutenberg, became a councilor in Neumarkt, later a Palatine bailiff in Waldm\u00fcnchen. In 1552, he was in the entourage of Kurf\u00fcrst Friedrich II von der Pfalz; in 1553, he was appointed Hofmeister of Neunburg. Georg died 5 December 1554. Shortly after his death this book seems to have left the possession of his family.<\/p>\n<p style=\"text-align:justify\">Weidlich\u2019s binding for Georg is not an exact copy of those he executed on Luther\u2019s works for Nikolas. Georg\u2019s volume has five raised bands on the back, whereas Nikolas\u2019s uniformly have four; the geometric bandwork on Georg\u2019s binding is painted black, and the covers on Georg\u2019s binding are closed by clasps (stamped \u201cPB\u201d). Such differences led Jutta Fliege to suggest that our volume might perhaps have emanated from a different shop (Einband Forschung 4, p. 52).<\/p>\n<p style=\"text-align:justify\">Minor repair to spine and corners. Lower fore-edge corner torn from first title-page, d5 in first work with long repaired tear into text, c1.6 and h1.6 in second work very browned, occasional browning and marginal soiling.<\/p>\n<p style=\"text-align:justify\">Provenance: Georg von Ebeleben\u2019s (1505?\u20131554) supralibros on boards; inscription \u201cMelcher von Swarewock\u201d (?) \u201dAller Iur\u00e3 un vagesso\u201d (?) and date (1567, or 1561?); Venator &amp; Hanstein, Auktion 75, Cologne, 14\u201315 October 1996, lot 687, purchased by an unidentified owner; Reiss &amp; Sohn, Auktion 86, K\u00f6nigstein im Taunus, 15\u201318 October 2002, lot 1239; T Kimball Brooker, American collector.<\/p>\n","protected":false},"excerpt":{"rendered":"<p style=\"text-align:justify\">[bound with]: <strong>LUTHER, Martin<\/strong>. Auslegung der Euangelien an dem f\u00fcrnemsten Festen, von Ostern bis auff Aduent. <i>Leipzig, Nikolaus Wolrab, 1545<\/i>. Folio, (315 x 203 mm). 406 ff. (Tt4 blank, last two signatures of index bound at front like in most copies); including a woodcut on title-page, 40 large woodcuts in text (15 by Hans Brosamer), all woodcuts and initials colored by a contemporary hand, some heightened in gold; II: final quire signed *8 headed \u201cRegister\u201d), historiated woodcut title-border, 9 woodcut illustrations by Hans Brosamer, 11 by another hand, all also colored by a contemporary hand. Contemporary marvelous Dresden red morocco (326 x 222 mm), dated 1552, by Jakob Weidlich for Georg von Ebeleben, full details below.<\/p>\n","protected":false},"featured_media":89912,"comment_status":"open","ping_status":"closed","template":"","meta":{"_acf_changed":false},"product_brand":[],"product_cat":[544],"product_tag":[1243,1267],"class_list":{"0":"post-89925","1":"product","2":"type-product","3":"status-publish","4":"has-post-thumbnail","6":"product_cat-literature","7":"product_tag-16th-century-literature","8":"product_tag-binding","9":"pa_type-de-livre-printed-book","11":"first","12":"instock","13":"shipping-taxable","14":"purchasable","15":"product-type-simple"},"acf":{"artist":" Martin LUTHER","chapeau":"Von Ebeleben\u2019s princely copy of Luther\u2019s Postilla,\r\nin fabulous contemporary colouring","adresse_bibliographique":"Wittenberg, H. Lufft, 1550","book_type":"Printed book","provenance":"","afficher_prix":""},"yoast_head":"<!-- This site is optimized with the Yoast SEO plugin v24.7 - https:\/\/yoast.com\/wordpress\/plugins\/seo\/ -->\n<title>LUTHER Martin Kirchen Postilla das ist: Auslegung der Episteln und Evangelien, von Ostern bis auff das Advent. Auffs new zugericht. - Libairie Clavreuil<\/title>\n<meta name=\"robots\" content=\"index, follow, max-snippet:-1, max-image-preview:large, max-video-preview:-1\" \/>\n<link rel=\"canonical\" href=\"https:\/\/www.librairieclavreuil.com\/en\/luther-martin-kirchen-postilla-das-ist-auslegung-der-episteln-und-evangelien-von-ostern-bis-auff-das-advent-auffs-new-zugericht\/\" \/>\n<meta property=\"og:locale\" content=\"en_US\" \/>\n<meta property=\"og:type\" content=\"article\" \/>\n<meta property=\"og:title\" content=\"LUTHER Martin Kirchen Postilla das ist: Auslegung der Episteln und Evangelien, von Ostern bis auff das Advent. Auffs new zugericht. - Libairie Clavreuil\" \/>\n<meta property=\"og:description\" content=\"[bound with]: LUTHER, Martin. Auslegung der Euangelien an dem f\u00fcrnemsten Festen, von Ostern bis auff Aduent. Leipzig, Nikolaus Wolrab, 1545. Folio, (315 x 203 mm). 406 ff. (Tt4 blank, last two signatures of index bound at front like in most copies); including a woodcut on title-page, 40 large woodcuts in text (15 by Hans Brosamer), all woodcuts and initials colored by a contemporary hand, some heightened in gold; II: final quire signed *8 headed \u201cRegister\u201d), historiated woodcut title-border, 9 woodcut illustrations by Hans Brosamer, 11 by another hand, all also colored by a contemporary hand. Contemporary marvelous Dresden red morocco (326 x 222 mm), dated 1552, by Jakob Weidlich for Georg von Ebeleben, full details below.\" \/>\n<meta property=\"og:url\" content=\"https:\/\/www.librairieclavreuil.com\/en\/luther-martin-kirchen-postilla-das-ist-auslegung-der-episteln-und-evangelien-von-ostern-bis-auff-das-advent-auffs-new-zugericht\/\" \/>\n<meta property=\"og:site_name\" content=\"Libairie Clavreuil\" \/>\n<meta property=\"article:modified_time\" content=\"2026-03-10T17:22:46+00:00\" \/>\n<meta property=\"og:image\" content=\"https:\/\/www.librairieclavreuil.com\/wp-content\/uploads\/2026\/03\/martin-luther-kirchen-postilla-das-ist-auslegung-der-episteln-und-evangelien-von-ostern-bis-auff-das-advent-auffs-new-zugericht-2281-68b2b988330e8.jpg\" \/>\n\t<meta property=\"og:image:width\" content=\"612\" \/>\n\t<meta property=\"og:image:height\" content=\"800\" \/>\n\t<meta property=\"og:image:type\" content=\"image\/jpeg\" \/>\n<meta name=\"twitter:card\" content=\"summary_large_image\" \/>\n<meta name=\"twitter:label1\" content=\"Est. reading time\" \/>\n\t<meta name=\"twitter:data1\" content=\"5 minutes\" \/>\n<script type=\"application\/ld+json\" class=\"yoast-schema-graph\">{\"@context\":\"https:\/\/schema.org\",\"@graph\":[{\"@type\":\"WebPage\",\"@id\":\"https:\/\/www.librairieclavreuil.com\/en\/luther-martin-kirchen-postilla-das-ist-auslegung-der-episteln-und-evangelien-von-ostern-bis-auff-das-advent-auffs-new-zugericht\/\",\"url\":\"https:\/\/www.librairieclavreuil.com\/en\/luther-martin-kirchen-postilla-das-ist-auslegung-der-episteln-und-evangelien-von-ostern-bis-auff-das-advent-auffs-new-zugericht\/\",\"name\":\"LUTHER Martin Kirchen Postilla das ist: Auslegung der Episteln und Evangelien, von Ostern bis auff das Advent. Auffs new zugericht. - Libairie Clavreuil\",\"isPartOf\":{\"@id\":\"https:\/\/www.librairieclavreuil.com\/#website\"},\"primaryImageOfPage\":{\"@id\":\"https:\/\/www.librairieclavreuil.com\/en\/luther-martin-kirchen-postilla-das-ist-auslegung-der-episteln-und-evangelien-von-ostern-bis-auff-das-advent-auffs-new-zugericht\/#primaryimage\"},\"image\":{\"@id\":\"https:\/\/www.librairieclavreuil.com\/en\/luther-martin-kirchen-postilla-das-ist-auslegung-der-episteln-und-evangelien-von-ostern-bis-auff-das-advent-auffs-new-zugericht\/#primaryimage\"},\"thumbnailUrl\":\"https:\/\/www.librairieclavreuil.com\/wp-content\/uploads\/2026\/03\/martin-luther-kirchen-postilla-das-ist-auslegung-der-episteln-und-evangelien-von-ostern-bis-auff-das-advent-auffs-new-zugericht-2281-68b2b988330e8.jpg\",\"datePublished\":\"2026-03-10T17:18:11+00:00\",\"dateModified\":\"2026-03-10T17:22:46+00:00\",\"breadcrumb\":{\"@id\":\"https:\/\/www.librairieclavreuil.com\/en\/luther-martin-kirchen-postilla-das-ist-auslegung-der-episteln-und-evangelien-von-ostern-bis-auff-das-advent-auffs-new-zugericht\/#breadcrumb\"},\"inLanguage\":\"en-US\",\"potentialAction\":[{\"@type\":\"ReadAction\",\"target\":[\"https:\/\/www.librairieclavreuil.com\/en\/luther-martin-kirchen-postilla-das-ist-auslegung-der-episteln-und-evangelien-von-ostern-bis-auff-das-advent-auffs-new-zugericht\/\"]}]},{\"@type\":\"ImageObject\",\"inLanguage\":\"en-US\",\"@id\":\"https:\/\/www.librairieclavreuil.com\/en\/luther-martin-kirchen-postilla-das-ist-auslegung-der-episteln-und-evangelien-von-ostern-bis-auff-das-advent-auffs-new-zugericht\/#primaryimage\",\"url\":\"https:\/\/www.librairieclavreuil.com\/wp-content\/uploads\/2026\/03\/martin-luther-kirchen-postilla-das-ist-auslegung-der-episteln-und-evangelien-von-ostern-bis-auff-das-advent-auffs-new-zugericht-2281-68b2b988330e8.jpg\",\"contentUrl\":\"https:\/\/www.librairieclavreuil.com\/wp-content\/uploads\/2026\/03\/martin-luther-kirchen-postilla-das-ist-auslegung-der-episteln-und-evangelien-von-ostern-bis-auff-das-advent-auffs-new-zugericht-2281-68b2b988330e8.jpg\",\"width\":612,\"height\":800},{\"@type\":\"BreadcrumbList\",\"@id\":\"https:\/\/www.librairieclavreuil.com\/en\/luther-martin-kirchen-postilla-das-ist-auslegung-der-episteln-und-evangelien-von-ostern-bis-auff-das-advent-auffs-new-zugericht\/#breadcrumb\",\"itemListElement\":[{\"@type\":\"ListItem\",\"position\":1,\"name\":\"Accueil\",\"item\":\"https:\/\/www.librairieclavreuil.com\/\"},{\"@type\":\"ListItem\",\"position\":2,\"name\":\"All our books\",\"item\":\"https:\/\/www.librairieclavreuil.com\/en\/all-our-books\/\"},{\"@type\":\"ListItem\",\"position\":3,\"name\":\"LUTHER Martin Kirchen Postilla das ist: Auslegung der...\"}]},{\"@type\":\"WebSite\",\"@id\":\"https:\/\/www.librairieclavreuil.com\/#website\",\"url\":\"https:\/\/www.librairieclavreuil.com\/\",\"name\":\"Libairie Clavreuil\",\"description\":\"Livres anciens, manuscrits rares et \u00e9ditions originales \u2013 Librairie Clavreuil\",\"publisher\":{\"@id\":\"https:\/\/www.librairieclavreuil.com\/#organization\"},\"potentialAction\":[{\"@type\":\"SearchAction\",\"target\":{\"@type\":\"EntryPoint\",\"urlTemplate\":\"https:\/\/www.librairieclavreuil.com\/?s={search_term_string}\"},\"query-input\":{\"@type\":\"PropertyValueSpecification\",\"valueRequired\":true,\"valueName\":\"search_term_string\"}}],\"inLanguage\":\"en-US\"},{\"@type\":\"Organization\",\"@id\":\"https:\/\/www.librairieclavreuil.com\/#organization\",\"name\":\"Libairie Clavreuil\",\"url\":\"https:\/\/www.librairieclavreuil.com\/\",\"logo\":{\"@type\":\"ImageObject\",\"inLanguage\":\"en-US\",\"@id\":\"https:\/\/www.librairieclavreuil.com\/#\/schema\/logo\/image\/\",\"url\":\"https:\/\/www.librairieclavreuil.com\/wp-content\/uploads\/2021\/06\/cropped-LOGO_PNG_DATE-_gold-512x512-1.png\",\"contentUrl\":\"https:\/\/www.librairieclavreuil.com\/wp-content\/uploads\/2021\/06\/cropped-LOGO_PNG_DATE-_gold-512x512-1.png\",\"width\":512,\"height\":512,\"caption\":\"Libairie Clavreuil\"},\"image\":{\"@id\":\"https:\/\/www.librairieclavreuil.com\/#\/schema\/logo\/image\/\"},\"sameAs\":[\"https:\/\/www.instagram.com\/librairieclavreuil\/\"]}]}<\/script>\n<!-- \/ Yoast SEO plugin. -->","yoast_head_json":{"title":"LUTHER Martin Kirchen Postilla das ist: Auslegung der Episteln und Evangelien, von Ostern bis auff das Advent. Auffs new zugericht. - Libairie Clavreuil","robots":{"index":"index","follow":"follow","max-snippet":"max-snippet:-1","max-image-preview":"max-image-preview:large","max-video-preview":"max-video-preview:-1"},"canonical":"https:\/\/www.librairieclavreuil.com\/en\/luther-martin-kirchen-postilla-das-ist-auslegung-der-episteln-und-evangelien-von-ostern-bis-auff-das-advent-auffs-new-zugericht\/","og_locale":"en_US","og_type":"article","og_title":"LUTHER Martin Kirchen Postilla das ist: Auslegung der Episteln und Evangelien, von Ostern bis auff das Advent. Auffs new zugericht. - Libairie Clavreuil","og_description":"[bound with]: LUTHER, Martin. Auslegung der Euangelien an dem f\u00fcrnemsten Festen, von Ostern bis auff Aduent. Leipzig, Nikolaus Wolrab, 1545. Folio, (315 x 203 mm). 406 ff. (Tt4 blank, last two signatures of index bound at front like in most copies); including a woodcut on title-page, 40 large woodcuts in text (15 by Hans Brosamer), all woodcuts and initials colored by a contemporary hand, some heightened in gold; II: final quire signed *8 headed \u201cRegister\u201d), historiated woodcut title-border, 9 woodcut illustrations by Hans Brosamer, 11 by another hand, all also colored by a contemporary hand. Contemporary marvelous Dresden red morocco (326 x 222 mm), dated 1552, by Jakob Weidlich for Georg von Ebeleben, full details below.","og_url":"https:\/\/www.librairieclavreuil.com\/en\/luther-martin-kirchen-postilla-das-ist-auslegung-der-episteln-und-evangelien-von-ostern-bis-auff-das-advent-auffs-new-zugericht\/","og_site_name":"Libairie Clavreuil","article_modified_time":"2026-03-10T17:22:46+00:00","og_image":[{"width":612,"height":800,"url":"https:\/\/www.librairieclavreuil.com\/wp-content\/uploads\/2026\/03\/martin-luther-kirchen-postilla-das-ist-auslegung-der-episteln-und-evangelien-von-ostern-bis-auff-das-advent-auffs-new-zugericht-2281-68b2b988330e8.jpg","type":"image\/jpeg"}],"twitter_card":"summary_large_image","twitter_misc":{"Est. reading time":"5 minutes"},"schema":{"@context":"https:\/\/schema.org","@graph":[{"@type":"WebPage","@id":"https:\/\/www.librairieclavreuil.com\/en\/luther-martin-kirchen-postilla-das-ist-auslegung-der-episteln-und-evangelien-von-ostern-bis-auff-das-advent-auffs-new-zugericht\/","url":"https:\/\/www.librairieclavreuil.com\/en\/luther-martin-kirchen-postilla-das-ist-auslegung-der-episteln-und-evangelien-von-ostern-bis-auff-das-advent-auffs-new-zugericht\/","name":"LUTHER Martin Kirchen Postilla das ist: Auslegung der Episteln und Evangelien, von Ostern bis auff das Advent. Auffs new zugericht. - Libairie Clavreuil","isPartOf":{"@id":"https:\/\/www.librairieclavreuil.com\/#website"},"primaryImageOfPage":{"@id":"https:\/\/www.librairieclavreuil.com\/en\/luther-martin-kirchen-postilla-das-ist-auslegung-der-episteln-und-evangelien-von-ostern-bis-auff-das-advent-auffs-new-zugericht\/#primaryimage"},"image":{"@id":"https:\/\/www.librairieclavreuil.com\/en\/luther-martin-kirchen-postilla-das-ist-auslegung-der-episteln-und-evangelien-von-ostern-bis-auff-das-advent-auffs-new-zugericht\/#primaryimage"},"thumbnailUrl":"https:\/\/www.librairieclavreuil.com\/wp-content\/uploads\/2026\/03\/martin-luther-kirchen-postilla-das-ist-auslegung-der-episteln-und-evangelien-von-ostern-bis-auff-das-advent-auffs-new-zugericht-2281-68b2b988330e8.jpg","datePublished":"2026-03-10T17:18:11+00:00","dateModified":"2026-03-10T17:22:46+00:00","breadcrumb":{"@id":"https:\/\/www.librairieclavreuil.com\/en\/luther-martin-kirchen-postilla-das-ist-auslegung-der-episteln-und-evangelien-von-ostern-bis-auff-das-advent-auffs-new-zugericht\/#breadcrumb"},"inLanguage":"en-US","potentialAction":[{"@type":"ReadAction","target":["https:\/\/www.librairieclavreuil.com\/en\/luther-martin-kirchen-postilla-das-ist-auslegung-der-episteln-und-evangelien-von-ostern-bis-auff-das-advent-auffs-new-zugericht\/"]}]},{"@type":"ImageObject","inLanguage":"en-US","@id":"https:\/\/www.librairieclavreuil.com\/en\/luther-martin-kirchen-postilla-das-ist-auslegung-der-episteln-und-evangelien-von-ostern-bis-auff-das-advent-auffs-new-zugericht\/#primaryimage","url":"https:\/\/www.librairieclavreuil.com\/wp-content\/uploads\/2026\/03\/martin-luther-kirchen-postilla-das-ist-auslegung-der-episteln-und-evangelien-von-ostern-bis-auff-das-advent-auffs-new-zugericht-2281-68b2b988330e8.jpg","contentUrl":"https:\/\/www.librairieclavreuil.com\/wp-content\/uploads\/2026\/03\/martin-luther-kirchen-postilla-das-ist-auslegung-der-episteln-und-evangelien-von-ostern-bis-auff-das-advent-auffs-new-zugericht-2281-68b2b988330e8.jpg","width":612,"height":800},{"@type":"BreadcrumbList","@id":"https:\/\/www.librairieclavreuil.com\/en\/luther-martin-kirchen-postilla-das-ist-auslegung-der-episteln-und-evangelien-von-ostern-bis-auff-das-advent-auffs-new-zugericht\/#breadcrumb","itemListElement":[{"@type":"ListItem","position":1,"name":"Accueil","item":"https:\/\/www.librairieclavreuil.com\/"},{"@type":"ListItem","position":2,"name":"All our books","item":"https:\/\/www.librairieclavreuil.com\/en\/all-our-books\/"},{"@type":"ListItem","position":3,"name":"LUTHER Martin Kirchen Postilla das ist: Auslegung der..."}]},{"@type":"WebSite","@id":"https:\/\/www.librairieclavreuil.com\/#website","url":"https:\/\/www.librairieclavreuil.com\/","name":"Libairie Clavreuil","description":"Livres anciens, manuscrits rares et \u00e9ditions originales \u2013 Librairie Clavreuil","publisher":{"@id":"https:\/\/www.librairieclavreuil.com\/#organization"},"potentialAction":[{"@type":"SearchAction","target":{"@type":"EntryPoint","urlTemplate":"https:\/\/www.librairieclavreuil.com\/?s={search_term_string}"},"query-input":{"@type":"PropertyValueSpecification","valueRequired":true,"valueName":"search_term_string"}}],"inLanguage":"en-US"},{"@type":"Organization","@id":"https:\/\/www.librairieclavreuil.com\/#organization","name":"Libairie Clavreuil","url":"https:\/\/www.librairieclavreuil.com\/","logo":{"@type":"ImageObject","inLanguage":"en-US","@id":"https:\/\/www.librairieclavreuil.com\/#\/schema\/logo\/image\/","url":"https:\/\/www.librairieclavreuil.com\/wp-content\/uploads\/2021\/06\/cropped-LOGO_PNG_DATE-_gold-512x512-1.png","contentUrl":"https:\/\/www.librairieclavreuil.com\/wp-content\/uploads\/2021\/06\/cropped-LOGO_PNG_DATE-_gold-512x512-1.png","width":512,"height":512,"caption":"Libairie Clavreuil"},"image":{"@id":"https:\/\/www.librairieclavreuil.com\/#\/schema\/logo\/image\/"},"sameAs":["https:\/\/www.instagram.com\/librairieclavreuil\/"]}]}},"jetpack_sharing_enabled":true,"_links":{"self":[{"href":"https:\/\/www.librairieclavreuil.com\/en\/wp-json\/wp\/v2\/product\/89925","targetHints":{"allow":["GET"]}}],"collection":[{"href":"https:\/\/www.librairieclavreuil.com\/en\/wp-json\/wp\/v2\/product"}],"about":[{"href":"https:\/\/www.librairieclavreuil.com\/en\/wp-json\/wp\/v2\/types\/product"}],"replies":[{"embeddable":true,"href":"https:\/\/www.librairieclavreuil.com\/en\/wp-json\/wp\/v2\/comments?post=89925"}],"wp:featuredmedia":[{"embeddable":true,"href":"https:\/\/www.librairieclavreuil.com\/en\/wp-json\/wp\/v2\/media\/89912"}],"wp:attachment":[{"href":"https:\/\/www.librairieclavreuil.com\/en\/wp-json\/wp\/v2\/media?parent=89925"}],"wp:term":[{"taxonomy":"product_brand","embeddable":true,"href":"https:\/\/www.librairieclavreuil.com\/en\/wp-json\/wp\/v2\/product_brand?post=89925"},{"taxonomy":"product_cat","embeddable":true,"href":"https:\/\/www.librairieclavreuil.com\/en\/wp-json\/wp\/v2\/product_cat?post=89925"},{"taxonomy":"product_tag","embeddable":true,"href":"https:\/\/www.librairieclavreuil.com\/en\/wp-json\/wp\/v2\/product_tag?post=89925"}],"curies":[{"name":"wp","href":"https:\/\/api.w.org\/{rel}","templated":true}]}}