{"id":89911,"date":"2026-03-10T15:59:49","date_gmt":"2026-03-10T14:59:49","guid":{"rendered":"https:\/\/www.librairieclavreuil.com\/watteau-antoine-figures-de-differents-caracteres-de-paysages-detudes-dessinees-dapres-nature-par-antoine-watteau-peintre-du-roy-en-son-academie-royale-de-peinture-et-sculpture-gravees-a-leau\/"},"modified":"2026-03-12T10:20:40","modified_gmt":"2026-03-12T09:20:40","slug":"watteau-antoine-figures-de-differents-caracteres-de-paysages-detudes-dessinees-dapres-nature-par-antoine-watteau-peintre-du-roy-en-son-academie-royale-de-peinture-et-sculpture-gravees-a-leau","status":"publish","type":"product","link":"https:\/\/www.librairieclavreuil.com\/en\/watteau-antoine-figures-de-differents-caracteres-de-paysages-detudes-dessinees-dapres-nature-par-antoine-watteau-peintre-du-roy-en-son-academie-royale-de-peinture-et-sculpture-gravees-a-leau\/","title":{"rendered":"WATTEAU Antoine Figures de diff\u00e9rents caract\u00e8res, de paysages,..."},"content":{"rendered":"<p style=\"text-align:justify\"><strong>1- Figures de diff\u00e9rents caract\u00e8res<\/strong>: 351 plates. 2 folio volumes (483 x 318 mm): volume I: 1 engraved title page, 1 engraved preface page, 1 engraved epitaph in Latin verse, 1 engraved epitaph in French verse, 2 engraved pages for the Abr\u00e9g\u00e9 de la vie d&#8217;Antoine Watteau (by Jean de Jullienne), 1 engraved portrait of Watteau, 132 engraved plates numbered 1 to 132, some printed two to a sheet. \u2014 volume II: 1 engraved title page, 1 allegorical frontispiece designed and engraved by Fran\u00e7ois Boucher, 218 engraved plates numbered 132 to 350, some printed two or four to a sheet; plus one unnumbered engraved plate between plates 170 and 171. Contemporary red morocco, gilt roulette and Greek tool framing around covers, flat gilt spine, gilt turn-inns, gilt edges on marbled paper.<\/p>\n<p style=\"text-align:justify\"><strong>2- L&#8217;\u0152uvre d&#8217;Antoine Watteau<\/strong>: 266 engraved plates. 2 large folio volumes (950 x 458 mm). Volume I: 1 engraved title, 1 l. of engraved text (allegorical fable by Abb\u00e9 de La Mare \u2018L&#8217;Art et la Nature\u2019), 102 plates engraved [sometimes 2 or 4 on the same leaf; including two complete series from folios 38 to 42: \u2018Figures Fran\u00e7aises et comiques\u2019, 1 engraved title and 11 plates &#8211; and \u2018Figures de mode\u2019, 1 engraved title and 7 plates]. \u2014 volume II: Works of engraved prints, based on the paintings and drawings of the late Antoine Watteau. Fourth and final part. <i>Paris, Gersaint, undated<\/i>. 1 engraved title and 164 plates engraved. Contemporary light brown morocco, gilt roulette framing, flat decorated spine, interior roulette and on the cuts, gilt edges, edged cases.<\/p>\n<p style=\"text-align:justify\"><i>Cohen de Ricci, 1054-1065 : \u00ab Ce somptueux recueil imprim\u00e9 en 1735 est un des livres les plus beaux et les plus rares du XVIIIe si\u00e8cle. Des 100 exemplaires qui furent tir\u00e9s il y a pr\u00e8s de trois si\u00e8cles, \u00e0 peine une trentaine existe encore aujourd\u2019hui \u00bb.<\/i><\/p>\n<p style=\"text-align:justify\"><span style=\"font-variant:small-caps\">Extremely rare first edition. The \u2018Recueil Jullienne\u2019 preserves the memory of Antoine Watteau&#8217;s work by bringing together more than 600 etched and engraved plates. One of the most complete copies, containing 617 plates. Superb copy bound in red morocco.<\/span><\/p>\n<p style=\"text-align:justify\">Jean de Jullienne (1686-1766), the King&#8217;s official dyer and a wealthy manufacturer in the Gobelins district, was one of Antoine Watteau&#8217;s (1684-1721) closest supporters.<\/p>\n<p style=\"text-align:justify\">In 1717, four years before Watteau&#8217;s death, Jean de Jullienne undertook to reproduce the artist&#8217;s drawings\u2014using etching and engraving\u2014to create an impressive collection intended to ensure the posterity of his work. Jullienne thus rivalled the banker Pierre Crozat, who, around 1730, undertook to have the collections of paintings belonging to the king, the Duke of Orl\u00e9ans and his own cabinet engraved at his own expense (the Crozat set was published in 1729 and 1742).<\/p>\n<p style=\"text-align:justify\">Jullienne called upon some fifteen talented engravers of the time for the <i>Figures<\/i>. Jean Audran and Fran\u00e7ois Boucher produced the largest number of prints; 119 pieces are attributed to the young Boucher (aged 19), to which are added nine other unsigned plates that are also attributed to him. The other artists were Beno\u00eet Audran, Laurent Cars, the Comte de Caylus, Charles-Nicolas Cochin, Louis Desplaces, Charles Dupuis, Edme Jeaurat, Fran\u00e7ois-Bernard L\u00e9pici\u00e9, Nicolas Charles de Silvestre, Henri Simon Thomassin, Pierre-Charles Tremoli\u00e8re and Carle Vanloo.<\/p>\n<p style=\"text-align:justify\">The plates were printed by Jullienne at the Gobelins Manufactory and compiled into two volumes, published by Audran and Ch\u00e9reau in 1726 and then in 1728. The print run was limited to only 100 copies.<\/p>\n<p style=\"text-align:justify\">A beautiful copy, bound in red morocco, and particularly fresh, most of the pages printed on strong laid paper, without foxing.<\/p>\n<p style=\"text-align:justify\">To compose the second part, entitled <i>L&#8217;\u0152uvre<\/i>, Julienne called on additional artists, and a total of 36 professional engravers worked on the project, including N.-H. Tardieu, Maurice, a specialist in arabesques, Bernard Baron, Fran\u00e7ois Foullain, the Liotard brothers from Geneva, Baquoy, Louis Cr\u00e9py, Nicolas de Larmessin, H. Thomassin, Jean Moyreau, Gabriel Huquier, P. Aveline, Fran\u00e7ois Ch\u00e9del, Jacques Ph. Le Bas, Marie-Jeanne Renard du Bos, Louis Jacob, and Etienne Fessard. Watteau himself engraved ten pieces, which were retouched by professional engravers.<\/p>\n<p style=\"text-align:justify\">The composition of this second part varies depending on the copy, and the plates are not always placed in the same order, as may be the case in copies bound at the time.<\/p>\n<p style=\"text-align:justify\">&#8220;It is very difficult to give the exact composition of this collection. H. Cohen describes R. Schuhmann&#8217;s copy as containing 271 plates; this was also the number of plates in J. de Jullienne&#8217;s copy, which is kept at the Biblioth\u00e8que de l&#8217;Ecole des Beaux-Arts in Paris, but now contains only 248. The copy in Versailles, bearing the royal coat of arms, contains 268 plates, and the copy in the Biblioth\u00e8que nationale contains only 244. The copy belonging to Jacques Doucet, bequeathed to the Biblioth\u00e8que d&#8217;art et d&#8217;arch\u00e9ologie, contains 265 plates. Other copies are either very incomplete [Bull. Morgand, new series, I, no. 885, 232 plates; A. Beurdeley, 176 plates; H. Destailleur, 227 plates] or augmented with plates which, as Messrs. Vuaflart and Dacier [<i>Jean de Jullienne et les Graveurs de Watteau au XVIIIe si\u00e8cle<\/i>. 1922-1929], were never part of the collection; such was the case with the L. de Montgermont sale of 1931, with 275 plates&#8221;. (Kunding, <i>L&#8217;\u0152uvre grav\u00e9 d&#8217;Antoine Watteau. Description d&#8217;un exemplaire inconnu<\/i>. Geneva, circa 1948).<\/p>\n<p style=\"text-align:justify\">Cohen (col. 1054) and Edmond de Goncourt (<i>Catalogue raisonn\u00e9 de l&#8217;\u0153uvre peint, dessin\u00e9 et grav\u00e9 d&#8217;Antoine Watteau<\/i>. Paris, Rapilly, 1875) also list the differences in composition between the known copies.<\/p>\n<p style=\"text-align:justify\">Exceptional copy bearing Jullienne&#8217;s autograph signature on the title page. This justification was promised to subscribers in the 1734 prospectus. The Esm\u00e9rian copy (no. 107 of the third sale, 6 June 1973) also bore this signature.<\/p>\n<p style=\"text-align:justify\">This extremely rare first edition is to be distinguished from the second edition, which was published in 1740 in Paris by Huquier in one folio volume; it contains only 7 preliminary engraved leaves and 351 plates.<\/p>\n<p style=\"text-align:justify\">Provenance: Stroganoff (with engraved armorial book plate and library mark in pen on the reverse of the flyleaves). Of this wealthy family of Russian patrons and collectors from Saint Petersburg, Alexander Sergeyevich Stroganoff (1733-1811), a friend of the painter Hubert Robert, was the most prestigious &#8211; Rossignol: bookplate.<\/p>\n<p style=\"text-align:justify\"><i>Figures<\/i>:<\/p>\n<p style=\"text-align:justify\">&#8211; I: minor marginal wormholes; rare small marginal stains (on plates 69 and 76, minimal stain on the engraving); margins of the engraved text pages slightly darkened. Corners very slightly bumped.<\/p>\n<p style=\"text-align:justify\">&#8211; II: without the introductory engraved warning leaf; faint foxing on some plates. F. pl. 176-177 bound upside down; small watermark on pl. 214; pl. 260, stain on the engraving. Slight ink stains on some plates.<\/p>\n<p style=\"text-align:justify\"><i>Oeuvres<\/i>:<\/p>\n<p style=\"text-align:justify\">&#8211; I: Missing, at the beginning of the volume, the plate engraved with the portraits of Watteau and J. de Jullienne. Traces of paper glued to the left corners of the plates. Some plates cut short at the bottom. On the verso of ff. 13 and 34: Russian dry stamp with handwritten pencil notation. Pl. 98, small marginal tear previously restored. The 38th plate (\u2018<i>Louis XIII<\/i>&#8230;\u2019) is in width rather than height. At the top of the spine, notation in pen.<\/p>\n<p style=\"text-align:justify\">&#8211; II: some foxing; pl. 194, small stain; the body of the volume is slightly detached from its binding at the top, with reinforcement stitching at the end of the volume.<\/p>\n<p style=\"text-align:justify\">&#8211; Foxing on some plates. Tiny stains and rubbing on the bindings.<\/p>\n","protected":false},"excerpt":{"rendered":"<p style=\"text-align:justify\">2 folio volumes \u2014 L&#8217;\u0152uvre d&#8217;Antoine Watteau, peintre du roy en son Academie ro\u00efale de peinture et sculpture : grav\u00e9 d&#8217;apr\u00e8s ses tableaux &amp; desseins originaux, tirez du Cabinet du Roy et des plus curieux de l&#8217;Europe, par les soins de M. de Jullienne. <i>Paris, [1735].<\/i> 2 large folio volumes.<\/p>\n","protected":false},"featured_media":89878,"comment_status":"open","ping_status":"closed","template":"","meta":{"_acf_changed":false},"product_brand":[],"product_cat":[544],"product_tag":[1199,1450],"class_list":{"0":"post-89911","1":"product","2":"type-product","3":"status-publish","4":"has-post-thumbnail","6":"product_cat-literature","7":"product_tag-fine-arts","8":"product_tag-first-edition","9":"pa_auteur-watteau-antoine-2","10":"pa_type-de-livre-printed-book","12":"first","13":"instock","14":"shipping-taxable","15":"purchasable","16":"product-type-simple"},"acf":{"artist":"Antoine WATTEAU","chapeau":"One of the rarest and most sumptuous publications of the 18th century.","adresse_bibliographique":"Paris, Audran, F. Chereau, [1726-1728]","book_type":"Printed book","provenance":"","afficher_prix":""},"yoast_head":"<!-- This site is optimized with the Yoast SEO plugin v24.7 - https:\/\/yoast.com\/wordpress\/plugins\/seo\/ -->\n<title>WATTEAU Antoine Figures de diff\u00e9rents caract\u00e8res, de paysages, d&#039;\u00e9tudes dessin\u00e9es d&#039;apr\u00e8s nature par Antoine Watteau, Peintre du Roy en son Acad\u00e9mie Royale de Peinture et Sculpture, grav\u00e9es \u00e0 l&#039;eau forte par des plus habiles peintres et graveurs du temps, tir\u00e9es des plus beaux cabinets de Paris. - Libairie Clavreuil<\/title>\n<meta name=\"robots\" content=\"index, follow, max-snippet:-1, max-image-preview:large, max-video-preview:-1\" \/>\n<link rel=\"canonical\" href=\"https:\/\/www.librairieclavreuil.com\/en\/watteau-antoine-figures-de-differents-caracteres-de-paysages-detudes-dessinees-dapres-nature-par-antoine-watteau-peintre-du-roy-en-son-academie-royale-de-peinture-et-sculpture-gravees-a-leau\/\" \/>\n<meta property=\"og:locale\" content=\"en_US\" \/>\n<meta property=\"og:type\" content=\"article\" \/>\n<meta property=\"og:title\" content=\"WATTEAU Antoine Figures de diff\u00e9rents caract\u00e8res, de paysages, d&#039;\u00e9tudes dessin\u00e9es d&#039;apr\u00e8s nature par Antoine Watteau, Peintre du Roy en son Acad\u00e9mie Royale de Peinture et Sculpture, grav\u00e9es \u00e0 l&#039;eau forte par des plus habiles peintres et graveurs du temps, tir\u00e9es des plus beaux cabinets de Paris. - Libairie Clavreuil\" \/>\n<meta property=\"og:description\" content=\"2 folio volumes \u2014 L&#039;\u0152uvre d&#039;Antoine Watteau, peintre du roy en son Academie ro\u00efale de peinture et sculpture : grav\u00e9 d&#039;apr\u00e8s ses tableaux &amp; desseins originaux, tirez du Cabinet du Roy et des plus curieux de l&#039;Europe, par les soins de M. de Jullienne. Paris, [1735]. 2 large folio volumes.\" \/>\n<meta property=\"og:url\" content=\"https:\/\/www.librairieclavreuil.com\/en\/watteau-antoine-figures-de-differents-caracteres-de-paysages-detudes-dessinees-dapres-nature-par-antoine-watteau-peintre-du-roy-en-son-academie-royale-de-peinture-et-sculpture-gravees-a-leau\/\" \/>\n<meta property=\"og:site_name\" content=\"Libairie Clavreuil\" \/>\n<meta property=\"article:modified_time\" content=\"2026-03-12T09:20:40+00:00\" \/>\n<meta property=\"og:image\" content=\"https:\/\/www.librairieclavreuil.com\/wp-content\/uploads\/2026\/03\/57fa6fe32e7104baa667b09f6037b90e-watteau-loeuvredantoinewatteau-1735-l1004972-bd.jpg\" \/>\n\t<meta property=\"og:image:width\" content=\"626\" \/>\n\t<meta property=\"og:image:height\" content=\"800\" \/>\n\t<meta property=\"og:image:type\" content=\"image\/jpeg\" \/>\n<meta name=\"twitter:card\" content=\"summary_large_image\" \/>\n<meta name=\"twitter:label1\" content=\"Est. reading time\" \/>\n\t<meta name=\"twitter:data1\" content=\"6 minutes\" \/>\n<script type=\"application\/ld+json\" class=\"yoast-schema-graph\">{\"@context\":\"https:\/\/schema.org\",\"@graph\":[{\"@type\":\"WebPage\",\"@id\":\"https:\/\/www.librairieclavreuil.com\/en\/watteau-antoine-figures-de-differents-caracteres-de-paysages-detudes-dessinees-dapres-nature-par-antoine-watteau-peintre-du-roy-en-son-academie-royale-de-peinture-et-sculpture-gravees-a-leau\/\",\"url\":\"https:\/\/www.librairieclavreuil.com\/en\/watteau-antoine-figures-de-differents-caracteres-de-paysages-detudes-dessinees-dapres-nature-par-antoine-watteau-peintre-du-roy-en-son-academie-royale-de-peinture-et-sculpture-gravees-a-leau\/\",\"name\":\"WATTEAU Antoine Figures de diff\u00e9rents caract\u00e8res, de paysages, d'\u00e9tudes dessin\u00e9es d'apr\u00e8s nature par Antoine Watteau, Peintre du Roy en son Acad\u00e9mie Royale de Peinture et Sculpture, grav\u00e9es \u00e0 l'eau forte par des plus habiles peintres et graveurs du temps, tir\u00e9es des plus beaux cabinets de Paris. - Libairie Clavreuil\",\"isPartOf\":{\"@id\":\"https:\/\/www.librairieclavreuil.com\/#website\"},\"primaryImageOfPage\":{\"@id\":\"https:\/\/www.librairieclavreuil.com\/en\/watteau-antoine-figures-de-differents-caracteres-de-paysages-detudes-dessinees-dapres-nature-par-antoine-watteau-peintre-du-roy-en-son-academie-royale-de-peinture-et-sculpture-gravees-a-leau\/#primaryimage\"},\"image\":{\"@id\":\"https:\/\/www.librairieclavreuil.com\/en\/watteau-antoine-figures-de-differents-caracteres-de-paysages-detudes-dessinees-dapres-nature-par-antoine-watteau-peintre-du-roy-en-son-academie-royale-de-peinture-et-sculpture-gravees-a-leau\/#primaryimage\"},\"thumbnailUrl\":\"https:\/\/www.librairieclavreuil.com\/wp-content\/uploads\/2026\/03\/57fa6fe32e7104baa667b09f6037b90e-watteau-loeuvredantoinewatteau-1735-l1004972-bd.jpg\",\"datePublished\":\"2026-03-10T14:59:49+00:00\",\"dateModified\":\"2026-03-12T09:20:40+00:00\",\"breadcrumb\":{\"@id\":\"https:\/\/www.librairieclavreuil.com\/en\/watteau-antoine-figures-de-differents-caracteres-de-paysages-detudes-dessinees-dapres-nature-par-antoine-watteau-peintre-du-roy-en-son-academie-royale-de-peinture-et-sculpture-gravees-a-leau\/#breadcrumb\"},\"inLanguage\":\"en-US\",\"potentialAction\":[{\"@type\":\"ReadAction\",\"target\":[\"https:\/\/www.librairieclavreuil.com\/en\/watteau-antoine-figures-de-differents-caracteres-de-paysages-detudes-dessinees-dapres-nature-par-antoine-watteau-peintre-du-roy-en-son-academie-royale-de-peinture-et-sculpture-gravees-a-leau\/\"]}]},{\"@type\":\"ImageObject\",\"inLanguage\":\"en-US\",\"@id\":\"https:\/\/www.librairieclavreuil.com\/en\/watteau-antoine-figures-de-differents-caracteres-de-paysages-detudes-dessinees-dapres-nature-par-antoine-watteau-peintre-du-roy-en-son-academie-royale-de-peinture-et-sculpture-gravees-a-leau\/#primaryimage\",\"url\":\"https:\/\/www.librairieclavreuil.com\/wp-content\/uploads\/2026\/03\/57fa6fe32e7104baa667b09f6037b90e-watteau-loeuvredantoinewatteau-1735-l1004972-bd.jpg\",\"contentUrl\":\"https:\/\/www.librairieclavreuil.com\/wp-content\/uploads\/2026\/03\/57fa6fe32e7104baa667b09f6037b90e-watteau-loeuvredantoinewatteau-1735-l1004972-bd.jpg\",\"width\":626,\"height\":800},{\"@type\":\"BreadcrumbList\",\"@id\":\"https:\/\/www.librairieclavreuil.com\/en\/watteau-antoine-figures-de-differents-caracteres-de-paysages-detudes-dessinees-dapres-nature-par-antoine-watteau-peintre-du-roy-en-son-academie-royale-de-peinture-et-sculpture-gravees-a-leau\/#breadcrumb\",\"itemListElement\":[{\"@type\":\"ListItem\",\"position\":1,\"name\":\"Accueil\",\"item\":\"https:\/\/www.librairieclavreuil.com\/\"},{\"@type\":\"ListItem\",\"position\":2,\"name\":\"All our books\",\"item\":\"https:\/\/www.librairieclavreuil.com\/en\/all-our-books\/\"},{\"@type\":\"ListItem\",\"position\":3,\"name\":\"WATTEAU Antoine Figures de diff\u00e9rents caract\u00e8res, de paysages,...\"}]},{\"@type\":\"WebSite\",\"@id\":\"https:\/\/www.librairieclavreuil.com\/#website\",\"url\":\"https:\/\/www.librairieclavreuil.com\/\",\"name\":\"Libairie Clavreuil\",\"description\":\"Livres anciens, manuscrits rares et \u00e9ditions originales \u2013 Librairie Clavreuil\",\"publisher\":{\"@id\":\"https:\/\/www.librairieclavreuil.com\/#organization\"},\"potentialAction\":[{\"@type\":\"SearchAction\",\"target\":{\"@type\":\"EntryPoint\",\"urlTemplate\":\"https:\/\/www.librairieclavreuil.com\/?s={search_term_string}\"},\"query-input\":{\"@type\":\"PropertyValueSpecification\",\"valueRequired\":true,\"valueName\":\"search_term_string\"}}],\"inLanguage\":\"en-US\"},{\"@type\":\"Organization\",\"@id\":\"https:\/\/www.librairieclavreuil.com\/#organization\",\"name\":\"Libairie Clavreuil\",\"url\":\"https:\/\/www.librairieclavreuil.com\/\",\"logo\":{\"@type\":\"ImageObject\",\"inLanguage\":\"en-US\",\"@id\":\"https:\/\/www.librairieclavreuil.com\/#\/schema\/logo\/image\/\",\"url\":\"https:\/\/www.librairieclavreuil.com\/wp-content\/uploads\/2021\/06\/cropped-LOGO_PNG_DATE-_gold-512x512-1.png\",\"contentUrl\":\"https:\/\/www.librairieclavreuil.com\/wp-content\/uploads\/2021\/06\/cropped-LOGO_PNG_DATE-_gold-512x512-1.png\",\"width\":512,\"height\":512,\"caption\":\"Libairie Clavreuil\"},\"image\":{\"@id\":\"https:\/\/www.librairieclavreuil.com\/#\/schema\/logo\/image\/\"},\"sameAs\":[\"https:\/\/www.instagram.com\/librairieclavreuil\/\"]}]}<\/script>\n<!-- \/ Yoast SEO plugin. -->","yoast_head_json":{"title":"WATTEAU Antoine Figures de diff\u00e9rents caract\u00e8res, de paysages, d'\u00e9tudes dessin\u00e9es d'apr\u00e8s nature par Antoine Watteau, Peintre du Roy en son Acad\u00e9mie Royale de Peinture et Sculpture, grav\u00e9es \u00e0 l'eau forte par des plus habiles peintres et graveurs du temps, tir\u00e9es des plus beaux cabinets de Paris. - Libairie Clavreuil","robots":{"index":"index","follow":"follow","max-snippet":"max-snippet:-1","max-image-preview":"max-image-preview:large","max-video-preview":"max-video-preview:-1"},"canonical":"https:\/\/www.librairieclavreuil.com\/en\/watteau-antoine-figures-de-differents-caracteres-de-paysages-detudes-dessinees-dapres-nature-par-antoine-watteau-peintre-du-roy-en-son-academie-royale-de-peinture-et-sculpture-gravees-a-leau\/","og_locale":"en_US","og_type":"article","og_title":"WATTEAU Antoine Figures de diff\u00e9rents caract\u00e8res, de paysages, d'\u00e9tudes dessin\u00e9es d'apr\u00e8s nature par Antoine Watteau, Peintre du Roy en son Acad\u00e9mie Royale de Peinture et Sculpture, grav\u00e9es \u00e0 l'eau forte par des plus habiles peintres et graveurs du temps, tir\u00e9es des plus beaux cabinets de Paris. - Libairie Clavreuil","og_description":"2 folio volumes \u2014 L'\u0152uvre d'Antoine Watteau, peintre du roy en son Academie ro\u00efale de peinture et sculpture : grav\u00e9 d'apr\u00e8s ses tableaux &amp; desseins originaux, tirez du Cabinet du Roy et des plus curieux de l'Europe, par les soins de M. de Jullienne. Paris, [1735]. 2 large folio volumes.","og_url":"https:\/\/www.librairieclavreuil.com\/en\/watteau-antoine-figures-de-differents-caracteres-de-paysages-detudes-dessinees-dapres-nature-par-antoine-watteau-peintre-du-roy-en-son-academie-royale-de-peinture-et-sculpture-gravees-a-leau\/","og_site_name":"Libairie Clavreuil","article_modified_time":"2026-03-12T09:20:40+00:00","og_image":[{"width":626,"height":800,"url":"https:\/\/www.librairieclavreuil.com\/wp-content\/uploads\/2026\/03\/57fa6fe32e7104baa667b09f6037b90e-watteau-loeuvredantoinewatteau-1735-l1004972-bd.jpg","type":"image\/jpeg"}],"twitter_card":"summary_large_image","twitter_misc":{"Est. reading time":"6 minutes"},"schema":{"@context":"https:\/\/schema.org","@graph":[{"@type":"WebPage","@id":"https:\/\/www.librairieclavreuil.com\/en\/watteau-antoine-figures-de-differents-caracteres-de-paysages-detudes-dessinees-dapres-nature-par-antoine-watteau-peintre-du-roy-en-son-academie-royale-de-peinture-et-sculpture-gravees-a-leau\/","url":"https:\/\/www.librairieclavreuil.com\/en\/watteau-antoine-figures-de-differents-caracteres-de-paysages-detudes-dessinees-dapres-nature-par-antoine-watteau-peintre-du-roy-en-son-academie-royale-de-peinture-et-sculpture-gravees-a-leau\/","name":"WATTEAU Antoine Figures de diff\u00e9rents caract\u00e8res, de paysages, d'\u00e9tudes dessin\u00e9es d'apr\u00e8s nature par Antoine Watteau, Peintre du Roy en son Acad\u00e9mie Royale de Peinture et Sculpture, grav\u00e9es \u00e0 l'eau forte par des plus habiles peintres et graveurs du temps, tir\u00e9es des plus beaux cabinets de Paris. - Libairie Clavreuil","isPartOf":{"@id":"https:\/\/www.librairieclavreuil.com\/#website"},"primaryImageOfPage":{"@id":"https:\/\/www.librairieclavreuil.com\/en\/watteau-antoine-figures-de-differents-caracteres-de-paysages-detudes-dessinees-dapres-nature-par-antoine-watteau-peintre-du-roy-en-son-academie-royale-de-peinture-et-sculpture-gravees-a-leau\/#primaryimage"},"image":{"@id":"https:\/\/www.librairieclavreuil.com\/en\/watteau-antoine-figures-de-differents-caracteres-de-paysages-detudes-dessinees-dapres-nature-par-antoine-watteau-peintre-du-roy-en-son-academie-royale-de-peinture-et-sculpture-gravees-a-leau\/#primaryimage"},"thumbnailUrl":"https:\/\/www.librairieclavreuil.com\/wp-content\/uploads\/2026\/03\/57fa6fe32e7104baa667b09f6037b90e-watteau-loeuvredantoinewatteau-1735-l1004972-bd.jpg","datePublished":"2026-03-10T14:59:49+00:00","dateModified":"2026-03-12T09:20:40+00:00","breadcrumb":{"@id":"https:\/\/www.librairieclavreuil.com\/en\/watteau-antoine-figures-de-differents-caracteres-de-paysages-detudes-dessinees-dapres-nature-par-antoine-watteau-peintre-du-roy-en-son-academie-royale-de-peinture-et-sculpture-gravees-a-leau\/#breadcrumb"},"inLanguage":"en-US","potentialAction":[{"@type":"ReadAction","target":["https:\/\/www.librairieclavreuil.com\/en\/watteau-antoine-figures-de-differents-caracteres-de-paysages-detudes-dessinees-dapres-nature-par-antoine-watteau-peintre-du-roy-en-son-academie-royale-de-peinture-et-sculpture-gravees-a-leau\/"]}]},{"@type":"ImageObject","inLanguage":"en-US","@id":"https:\/\/www.librairieclavreuil.com\/en\/watteau-antoine-figures-de-differents-caracteres-de-paysages-detudes-dessinees-dapres-nature-par-antoine-watteau-peintre-du-roy-en-son-academie-royale-de-peinture-et-sculpture-gravees-a-leau\/#primaryimage","url":"https:\/\/www.librairieclavreuil.com\/wp-content\/uploads\/2026\/03\/57fa6fe32e7104baa667b09f6037b90e-watteau-loeuvredantoinewatteau-1735-l1004972-bd.jpg","contentUrl":"https:\/\/www.librairieclavreuil.com\/wp-content\/uploads\/2026\/03\/57fa6fe32e7104baa667b09f6037b90e-watteau-loeuvredantoinewatteau-1735-l1004972-bd.jpg","width":626,"height":800},{"@type":"BreadcrumbList","@id":"https:\/\/www.librairieclavreuil.com\/en\/watteau-antoine-figures-de-differents-caracteres-de-paysages-detudes-dessinees-dapres-nature-par-antoine-watteau-peintre-du-roy-en-son-academie-royale-de-peinture-et-sculpture-gravees-a-leau\/#breadcrumb","itemListElement":[{"@type":"ListItem","position":1,"name":"Accueil","item":"https:\/\/www.librairieclavreuil.com\/"},{"@type":"ListItem","position":2,"name":"All our books","item":"https:\/\/www.librairieclavreuil.com\/en\/all-our-books\/"},{"@type":"ListItem","position":3,"name":"WATTEAU Antoine Figures de diff\u00e9rents caract\u00e8res, de paysages,..."}]},{"@type":"WebSite","@id":"https:\/\/www.librairieclavreuil.com\/#website","url":"https:\/\/www.librairieclavreuil.com\/","name":"Libairie Clavreuil","description":"Livres anciens, manuscrits rares et \u00e9ditions originales \u2013 Librairie Clavreuil","publisher":{"@id":"https:\/\/www.librairieclavreuil.com\/#organization"},"potentialAction":[{"@type":"SearchAction","target":{"@type":"EntryPoint","urlTemplate":"https:\/\/www.librairieclavreuil.com\/?s={search_term_string}"},"query-input":{"@type":"PropertyValueSpecification","valueRequired":true,"valueName":"search_term_string"}}],"inLanguage":"en-US"},{"@type":"Organization","@id":"https:\/\/www.librairieclavreuil.com\/#organization","name":"Libairie Clavreuil","url":"https:\/\/www.librairieclavreuil.com\/","logo":{"@type":"ImageObject","inLanguage":"en-US","@id":"https:\/\/www.librairieclavreuil.com\/#\/schema\/logo\/image\/","url":"https:\/\/www.librairieclavreuil.com\/wp-content\/uploads\/2021\/06\/cropped-LOGO_PNG_DATE-_gold-512x512-1.png","contentUrl":"https:\/\/www.librairieclavreuil.com\/wp-content\/uploads\/2021\/06\/cropped-LOGO_PNG_DATE-_gold-512x512-1.png","width":512,"height":512,"caption":"Libairie Clavreuil"},"image":{"@id":"https:\/\/www.librairieclavreuil.com\/#\/schema\/logo\/image\/"},"sameAs":["https:\/\/www.instagram.com\/librairieclavreuil\/"]}]}},"jetpack_sharing_enabled":true,"_links":{"self":[{"href":"https:\/\/www.librairieclavreuil.com\/en\/wp-json\/wp\/v2\/product\/89911","targetHints":{"allow":["GET"]}}],"collection":[{"href":"https:\/\/www.librairieclavreuil.com\/en\/wp-json\/wp\/v2\/product"}],"about":[{"href":"https:\/\/www.librairieclavreuil.com\/en\/wp-json\/wp\/v2\/types\/product"}],"replies":[{"embeddable":true,"href":"https:\/\/www.librairieclavreuil.com\/en\/wp-json\/wp\/v2\/comments?post=89911"}],"wp:featuredmedia":[{"embeddable":true,"href":"https:\/\/www.librairieclavreuil.com\/en\/wp-json\/wp\/v2\/media\/89878"}],"wp:attachment":[{"href":"https:\/\/www.librairieclavreuil.com\/en\/wp-json\/wp\/v2\/media?parent=89911"}],"wp:term":[{"taxonomy":"product_brand","embeddable":true,"href":"https:\/\/www.librairieclavreuil.com\/en\/wp-json\/wp\/v2\/product_brand?post=89911"},{"taxonomy":"product_cat","embeddable":true,"href":"https:\/\/www.librairieclavreuil.com\/en\/wp-json\/wp\/v2\/product_cat?post=89911"},{"taxonomy":"product_tag","embeddable":true,"href":"https:\/\/www.librairieclavreuil.com\/en\/wp-json\/wp\/v2\/product_tag?post=89911"}],"curies":[{"name":"wp","href":"https:\/\/api.w.org\/{rel}","templated":true}]}}