{"id":89833,"date":"2026-03-10T15:23:06","date_gmt":"2026-03-10T14:23:06","guid":{"rendered":"https:\/\/www.librairieclavreuil.com\/ruskin-john-sesame-et-les-lys-des-tresors-des-rois-des-jardins-des-reines-traduction-note-et-preface-par-marcel-proust\/"},"modified":"2026-03-10T15:23:10","modified_gmt":"2026-03-10T14:23:10","slug":"ruskin-john-sesame-et-les-lys-des-tresors-des-rois-des-jardins-des-reines-traduction-note-et-preface-par-marcel-proust","status":"publish","type":"product","link":"https:\/\/www.librairieclavreuil.com\/en\/ruskin-john-sesame-et-les-lys-des-tresors-des-rois-des-jardins-des-reines-traduction-note-et-preface-par-marcel-proust\/","title":{"rendered":"RUSKIN John S\u00e9same et les Lys. Des tr\u00e9sors..."},"content":{"rendered":"<p><i>Bouillaguet &amp; Rogers, Dictionnaire Marcel Proust, notice de G. Henrot, p. 466.<\/i><\/p>\n<p><span style=\"font-variant:small-caps\">First edition of the translation and preface by Marcel Proust. <\/span>Copy regular paper, numbered 607 (there were also 12 on Hollande paper).<\/p>\n<p>This is Proust&#8217;s second attempt to acclimatise John Ruskin&#8217;s work in France, published on the eve of the inauguration of <i>La Recherche<\/i>. Proust had already exercised his talents as a translator &#8211; with the help of his mother &#8211; on another work by the leader of the English aesthetic school, <i>La Bible d&#8217;Amiens<\/i> (Paris, Mercure de France, 1904).<\/p>\n<p>It was his friend Robert de Billy who had introduced Marcel to the cults of Ruskin&#8217;s Gothic religion, igniting a flame that the young writer was to keep burning throughout his many artistic pilgrimages in the company of Reynaldo Hahn, Marie Nordlinger, Emmanuel Bibesco and Bertrand de F\u00e9nelon. Proust&#8217;s first article on John Ruskin appeared in 1900 in the <i>Gazette des Beaux-Arts<\/i>.<\/p>\n<p><i>S\u00e9same et les Lys<\/i> contains translations of two lectures. The first, <i>Des tr\u00e9sors des rois<\/i>, was first published in April-May 1905 in <i>Les Arts de la vie<\/i>. The preface, entitled \u2018Sur la lecture\u2019, appeared in <i>La Renaissance latine<\/i> on 15 June 1905. This fifty-page essay, in which the translator recalls his memories as a young reader &#8211; criticising in passing the theories of his idol Ruskin &#8211; is of capital importance for the history of the formation of the Proustian text. After being reworked, it was merged into the <i>Recherche<\/i> and published separately in <i>Pastiches et m\u00e9langes<\/i> in 1919, under the title \u2018Journ\u00e9es de lecture\u2019.<\/p>\n<p>Paper toned, as usual.<\/p>\n","protected":false},"excerpt":{"rendered":"<p style=\"text-align:justify\">12mo (184 x 127 mm) 224 pp., 2 nn.l. (including last blank), 8 pp. of bookseller&#8217;s catalogue. Original printed yellow wrappers.<\/p>\n","protected":false},"featured_media":89828,"comment_status":"open","ping_status":"closed","template":"","meta":{"_acf_changed":false},"product_brand":[],"product_cat":[544],"product_tag":[1246],"class_list":{"0":"post-89833","1":"product","2":"type-product","3":"status-publish","4":"has-post-thumbnail","6":"product_cat-literature","7":"product_tag-20th-century-literature","8":"pa_auteur-ruskin-john-2","9":"pa_type-de-livre-printed-book","11":"first","12":"instock","13":"shipping-taxable","14":"purchasable","15":"product-type-simple"},"acf":{"artist":" John RUSKIN","chapeau":"","adresse_bibliographique":"Paris, Soci\u00e9t\u00e9 du Mercure de France, 1906","book_type":"Printed book","provenance":"","afficher_prix":""},"yoast_head":"<!-- This site is optimized with the Yoast SEO plugin v24.7 - https:\/\/yoast.com\/wordpress\/plugins\/seo\/ -->\n<title>RUSKIN John S\u00e9same et les Lys. Des tr\u00e9sors des rois. Des jardins des reines. Traduction, note et pr\u00e9face par Marcel Proust. - Libairie Clavreuil<\/title>\n<meta name=\"robots\" content=\"index, follow, max-snippet:-1, max-image-preview:large, max-video-preview:-1\" \/>\n<link rel=\"canonical\" href=\"https:\/\/www.librairieclavreuil.com\/en\/ruskin-john-sesame-et-les-lys-des-tresors-des-rois-des-jardins-des-reines-traduction-note-et-preface-par-marcel-proust\/\" \/>\n<meta property=\"og:locale\" content=\"en_US\" \/>\n<meta property=\"og:type\" content=\"article\" \/>\n<meta property=\"og:title\" content=\"RUSKIN John S\u00e9same et les Lys. Des tr\u00e9sors des rois. Des jardins des reines. Traduction, note et pr\u00e9face par Marcel Proust. - Libairie Clavreuil\" \/>\n<meta property=\"og:description\" content=\"12mo (184 x 127 mm) 224 pp., 2 nn.l. (including last blank), 8 pp. of bookseller&#039;s catalogue. Original printed yellow wrappers.\" \/>\n<meta property=\"og:url\" content=\"https:\/\/www.librairieclavreuil.com\/en\/ruskin-john-sesame-et-les-lys-des-tresors-des-rois-des-jardins-des-reines-traduction-note-et-preface-par-marcel-proust\/\" \/>\n<meta property=\"og:site_name\" content=\"Libairie Clavreuil\" \/>\n<meta property=\"article:modified_time\" content=\"2026-03-10T14:23:10+00:00\" \/>\n<meta property=\"og:image\" content=\"https:\/\/www.librairieclavreuil.com\/wp-content\/uploads\/2026\/03\/john-ruskin-sesame-et-les-lys-des-tresors-des-rois-des-jardins-des-reines-traduction-note-et-preface-par-marcel-proust-9354-67212276102d7.jpg\" \/>\n\t<meta property=\"og:image:width\" content=\"622\" \/>\n\t<meta property=\"og:image:height\" content=\"800\" \/>\n\t<meta property=\"og:image:type\" content=\"image\/jpeg\" \/>\n<meta name=\"twitter:card\" content=\"summary_large_image\" \/>\n<meta name=\"twitter:label1\" content=\"Est. reading time\" \/>\n\t<meta name=\"twitter:data1\" content=\"1 minute\" \/>\n<script type=\"application\/ld+json\" class=\"yoast-schema-graph\">{\"@context\":\"https:\/\/schema.org\",\"@graph\":[{\"@type\":\"WebPage\",\"@id\":\"https:\/\/www.librairieclavreuil.com\/en\/ruskin-john-sesame-et-les-lys-des-tresors-des-rois-des-jardins-des-reines-traduction-note-et-preface-par-marcel-proust\/\",\"url\":\"https:\/\/www.librairieclavreuil.com\/en\/ruskin-john-sesame-et-les-lys-des-tresors-des-rois-des-jardins-des-reines-traduction-note-et-preface-par-marcel-proust\/\",\"name\":\"RUSKIN John S\u00e9same et les Lys. Des tr\u00e9sors des rois. Des jardins des reines. Traduction, note et pr\u00e9face par Marcel Proust. - Libairie Clavreuil\",\"isPartOf\":{\"@id\":\"https:\/\/www.librairieclavreuil.com\/#website\"},\"primaryImageOfPage\":{\"@id\":\"https:\/\/www.librairieclavreuil.com\/en\/ruskin-john-sesame-et-les-lys-des-tresors-des-rois-des-jardins-des-reines-traduction-note-et-preface-par-marcel-proust\/#primaryimage\"},\"image\":{\"@id\":\"https:\/\/www.librairieclavreuil.com\/en\/ruskin-john-sesame-et-les-lys-des-tresors-des-rois-des-jardins-des-reines-traduction-note-et-preface-par-marcel-proust\/#primaryimage\"},\"thumbnailUrl\":\"https:\/\/www.librairieclavreuil.com\/wp-content\/uploads\/2026\/03\/john-ruskin-sesame-et-les-lys-des-tresors-des-rois-des-jardins-des-reines-traduction-note-et-preface-par-marcel-proust-9354-67212276102d7.jpg\",\"datePublished\":\"2026-03-10T14:23:06+00:00\",\"dateModified\":\"2026-03-10T14:23:10+00:00\",\"breadcrumb\":{\"@id\":\"https:\/\/www.librairieclavreuil.com\/en\/ruskin-john-sesame-et-les-lys-des-tresors-des-rois-des-jardins-des-reines-traduction-note-et-preface-par-marcel-proust\/#breadcrumb\"},\"inLanguage\":\"en-US\",\"potentialAction\":[{\"@type\":\"ReadAction\",\"target\":[\"https:\/\/www.librairieclavreuil.com\/en\/ruskin-john-sesame-et-les-lys-des-tresors-des-rois-des-jardins-des-reines-traduction-note-et-preface-par-marcel-proust\/\"]}]},{\"@type\":\"ImageObject\",\"inLanguage\":\"en-US\",\"@id\":\"https:\/\/www.librairieclavreuil.com\/en\/ruskin-john-sesame-et-les-lys-des-tresors-des-rois-des-jardins-des-reines-traduction-note-et-preface-par-marcel-proust\/#primaryimage\",\"url\":\"https:\/\/www.librairieclavreuil.com\/wp-content\/uploads\/2026\/03\/john-ruskin-sesame-et-les-lys-des-tresors-des-rois-des-jardins-des-reines-traduction-note-et-preface-par-marcel-proust-9354-67212276102d7.jpg\",\"contentUrl\":\"https:\/\/www.librairieclavreuil.com\/wp-content\/uploads\/2026\/03\/john-ruskin-sesame-et-les-lys-des-tresors-des-rois-des-jardins-des-reines-traduction-note-et-preface-par-marcel-proust-9354-67212276102d7.jpg\",\"width\":622,\"height\":800},{\"@type\":\"BreadcrumbList\",\"@id\":\"https:\/\/www.librairieclavreuil.com\/en\/ruskin-john-sesame-et-les-lys-des-tresors-des-rois-des-jardins-des-reines-traduction-note-et-preface-par-marcel-proust\/#breadcrumb\",\"itemListElement\":[{\"@type\":\"ListItem\",\"position\":1,\"name\":\"Accueil\",\"item\":\"https:\/\/www.librairieclavreuil.com\/\"},{\"@type\":\"ListItem\",\"position\":2,\"name\":\"All our books\",\"item\":\"https:\/\/www.librairieclavreuil.com\/en\/all-our-books\/\"},{\"@type\":\"ListItem\",\"position\":3,\"name\":\"RUSKIN John S\u00e9same et les Lys. Des tr\u00e9sors...\"}]},{\"@type\":\"WebSite\",\"@id\":\"https:\/\/www.librairieclavreuil.com\/#website\",\"url\":\"https:\/\/www.librairieclavreuil.com\/\",\"name\":\"Libairie Clavreuil\",\"description\":\"Livres anciens, manuscrits rares et \u00e9ditions originales \u2013 Librairie Clavreuil\",\"publisher\":{\"@id\":\"https:\/\/www.librairieclavreuil.com\/#organization\"},\"potentialAction\":[{\"@type\":\"SearchAction\",\"target\":{\"@type\":\"EntryPoint\",\"urlTemplate\":\"https:\/\/www.librairieclavreuil.com\/?s={search_term_string}\"},\"query-input\":{\"@type\":\"PropertyValueSpecification\",\"valueRequired\":true,\"valueName\":\"search_term_string\"}}],\"inLanguage\":\"en-US\"},{\"@type\":\"Organization\",\"@id\":\"https:\/\/www.librairieclavreuil.com\/#organization\",\"name\":\"Libairie Clavreuil\",\"url\":\"https:\/\/www.librairieclavreuil.com\/\",\"logo\":{\"@type\":\"ImageObject\",\"inLanguage\":\"en-US\",\"@id\":\"https:\/\/www.librairieclavreuil.com\/#\/schema\/logo\/image\/\",\"url\":\"https:\/\/www.librairieclavreuil.com\/wp-content\/uploads\/2021\/06\/cropped-LOGO_PNG_DATE-_gold-512x512-1.png\",\"contentUrl\":\"https:\/\/www.librairieclavreuil.com\/wp-content\/uploads\/2021\/06\/cropped-LOGO_PNG_DATE-_gold-512x512-1.png\",\"width\":512,\"height\":512,\"caption\":\"Libairie Clavreuil\"},\"image\":{\"@id\":\"https:\/\/www.librairieclavreuil.com\/#\/schema\/logo\/image\/\"},\"sameAs\":[\"https:\/\/www.instagram.com\/librairieclavreuil\/\"]}]}<\/script>\n<!-- \/ Yoast SEO plugin. -->","yoast_head_json":{"title":"RUSKIN John S\u00e9same et les Lys. Des tr\u00e9sors des rois. Des jardins des reines. Traduction, note et pr\u00e9face par Marcel Proust. - Libairie Clavreuil","robots":{"index":"index","follow":"follow","max-snippet":"max-snippet:-1","max-image-preview":"max-image-preview:large","max-video-preview":"max-video-preview:-1"},"canonical":"https:\/\/www.librairieclavreuil.com\/en\/ruskin-john-sesame-et-les-lys-des-tresors-des-rois-des-jardins-des-reines-traduction-note-et-preface-par-marcel-proust\/","og_locale":"en_US","og_type":"article","og_title":"RUSKIN John S\u00e9same et les Lys. Des tr\u00e9sors des rois. Des jardins des reines. Traduction, note et pr\u00e9face par Marcel Proust. - Libairie Clavreuil","og_description":"12mo (184 x 127 mm) 224 pp., 2 nn.l. (including last blank), 8 pp. of bookseller's catalogue. Original printed yellow wrappers.","og_url":"https:\/\/www.librairieclavreuil.com\/en\/ruskin-john-sesame-et-les-lys-des-tresors-des-rois-des-jardins-des-reines-traduction-note-et-preface-par-marcel-proust\/","og_site_name":"Libairie Clavreuil","article_modified_time":"2026-03-10T14:23:10+00:00","og_image":[{"width":622,"height":800,"url":"https:\/\/www.librairieclavreuil.com\/wp-content\/uploads\/2026\/03\/john-ruskin-sesame-et-les-lys-des-tresors-des-rois-des-jardins-des-reines-traduction-note-et-preface-par-marcel-proust-9354-67212276102d7.jpg","type":"image\/jpeg"}],"twitter_card":"summary_large_image","twitter_misc":{"Est. reading time":"1 minute"},"schema":{"@context":"https:\/\/schema.org","@graph":[{"@type":"WebPage","@id":"https:\/\/www.librairieclavreuil.com\/en\/ruskin-john-sesame-et-les-lys-des-tresors-des-rois-des-jardins-des-reines-traduction-note-et-preface-par-marcel-proust\/","url":"https:\/\/www.librairieclavreuil.com\/en\/ruskin-john-sesame-et-les-lys-des-tresors-des-rois-des-jardins-des-reines-traduction-note-et-preface-par-marcel-proust\/","name":"RUSKIN John S\u00e9same et les Lys. Des tr\u00e9sors des rois. Des jardins des reines. Traduction, note et pr\u00e9face par Marcel Proust. - Libairie Clavreuil","isPartOf":{"@id":"https:\/\/www.librairieclavreuil.com\/#website"},"primaryImageOfPage":{"@id":"https:\/\/www.librairieclavreuil.com\/en\/ruskin-john-sesame-et-les-lys-des-tresors-des-rois-des-jardins-des-reines-traduction-note-et-preface-par-marcel-proust\/#primaryimage"},"image":{"@id":"https:\/\/www.librairieclavreuil.com\/en\/ruskin-john-sesame-et-les-lys-des-tresors-des-rois-des-jardins-des-reines-traduction-note-et-preface-par-marcel-proust\/#primaryimage"},"thumbnailUrl":"https:\/\/www.librairieclavreuil.com\/wp-content\/uploads\/2026\/03\/john-ruskin-sesame-et-les-lys-des-tresors-des-rois-des-jardins-des-reines-traduction-note-et-preface-par-marcel-proust-9354-67212276102d7.jpg","datePublished":"2026-03-10T14:23:06+00:00","dateModified":"2026-03-10T14:23:10+00:00","breadcrumb":{"@id":"https:\/\/www.librairieclavreuil.com\/en\/ruskin-john-sesame-et-les-lys-des-tresors-des-rois-des-jardins-des-reines-traduction-note-et-preface-par-marcel-proust\/#breadcrumb"},"inLanguage":"en-US","potentialAction":[{"@type":"ReadAction","target":["https:\/\/www.librairieclavreuil.com\/en\/ruskin-john-sesame-et-les-lys-des-tresors-des-rois-des-jardins-des-reines-traduction-note-et-preface-par-marcel-proust\/"]}]},{"@type":"ImageObject","inLanguage":"en-US","@id":"https:\/\/www.librairieclavreuil.com\/en\/ruskin-john-sesame-et-les-lys-des-tresors-des-rois-des-jardins-des-reines-traduction-note-et-preface-par-marcel-proust\/#primaryimage","url":"https:\/\/www.librairieclavreuil.com\/wp-content\/uploads\/2026\/03\/john-ruskin-sesame-et-les-lys-des-tresors-des-rois-des-jardins-des-reines-traduction-note-et-preface-par-marcel-proust-9354-67212276102d7.jpg","contentUrl":"https:\/\/www.librairieclavreuil.com\/wp-content\/uploads\/2026\/03\/john-ruskin-sesame-et-les-lys-des-tresors-des-rois-des-jardins-des-reines-traduction-note-et-preface-par-marcel-proust-9354-67212276102d7.jpg","width":622,"height":800},{"@type":"BreadcrumbList","@id":"https:\/\/www.librairieclavreuil.com\/en\/ruskin-john-sesame-et-les-lys-des-tresors-des-rois-des-jardins-des-reines-traduction-note-et-preface-par-marcel-proust\/#breadcrumb","itemListElement":[{"@type":"ListItem","position":1,"name":"Accueil","item":"https:\/\/www.librairieclavreuil.com\/"},{"@type":"ListItem","position":2,"name":"All our books","item":"https:\/\/www.librairieclavreuil.com\/en\/all-our-books\/"},{"@type":"ListItem","position":3,"name":"RUSKIN John S\u00e9same et les Lys. Des tr\u00e9sors..."}]},{"@type":"WebSite","@id":"https:\/\/www.librairieclavreuil.com\/#website","url":"https:\/\/www.librairieclavreuil.com\/","name":"Libairie Clavreuil","description":"Livres anciens, manuscrits rares et \u00e9ditions originales \u2013 Librairie Clavreuil","publisher":{"@id":"https:\/\/www.librairieclavreuil.com\/#organization"},"potentialAction":[{"@type":"SearchAction","target":{"@type":"EntryPoint","urlTemplate":"https:\/\/www.librairieclavreuil.com\/?s={search_term_string}"},"query-input":{"@type":"PropertyValueSpecification","valueRequired":true,"valueName":"search_term_string"}}],"inLanguage":"en-US"},{"@type":"Organization","@id":"https:\/\/www.librairieclavreuil.com\/#organization","name":"Libairie Clavreuil","url":"https:\/\/www.librairieclavreuil.com\/","logo":{"@type":"ImageObject","inLanguage":"en-US","@id":"https:\/\/www.librairieclavreuil.com\/#\/schema\/logo\/image\/","url":"https:\/\/www.librairieclavreuil.com\/wp-content\/uploads\/2021\/06\/cropped-LOGO_PNG_DATE-_gold-512x512-1.png","contentUrl":"https:\/\/www.librairieclavreuil.com\/wp-content\/uploads\/2021\/06\/cropped-LOGO_PNG_DATE-_gold-512x512-1.png","width":512,"height":512,"caption":"Libairie Clavreuil"},"image":{"@id":"https:\/\/www.librairieclavreuil.com\/#\/schema\/logo\/image\/"},"sameAs":["https:\/\/www.instagram.com\/librairieclavreuil\/"]}]}},"jetpack_sharing_enabled":true,"_links":{"self":[{"href":"https:\/\/www.librairieclavreuil.com\/en\/wp-json\/wp\/v2\/product\/89833","targetHints":{"allow":["GET"]}}],"collection":[{"href":"https:\/\/www.librairieclavreuil.com\/en\/wp-json\/wp\/v2\/product"}],"about":[{"href":"https:\/\/www.librairieclavreuil.com\/en\/wp-json\/wp\/v2\/types\/product"}],"replies":[{"embeddable":true,"href":"https:\/\/www.librairieclavreuil.com\/en\/wp-json\/wp\/v2\/comments?post=89833"}],"wp:featuredmedia":[{"embeddable":true,"href":"https:\/\/www.librairieclavreuil.com\/en\/wp-json\/wp\/v2\/media\/89828"}],"wp:attachment":[{"href":"https:\/\/www.librairieclavreuil.com\/en\/wp-json\/wp\/v2\/media?parent=89833"}],"wp:term":[{"taxonomy":"product_brand","embeddable":true,"href":"https:\/\/www.librairieclavreuil.com\/en\/wp-json\/wp\/v2\/product_brand?post=89833"},{"taxonomy":"product_cat","embeddable":true,"href":"https:\/\/www.librairieclavreuil.com\/en\/wp-json\/wp\/v2\/product_cat?post=89833"},{"taxonomy":"product_tag","embeddable":true,"href":"https:\/\/www.librairieclavreuil.com\/en\/wp-json\/wp\/v2\/product_tag?post=89833"}],"curies":[{"name":"wp","href":"https:\/\/api.w.org\/{rel}","templated":true}]}}