{"id":89794,"date":"2026-03-10T12:22:23","date_gmt":"2026-03-10T11:22:23","guid":{"rendered":"https:\/\/www.librairieclavreuil.com\/macrobius-ambrosius-theodosius-in-somnium-scipionis-libri-ii-saturnaliorum-libri-vii\/"},"modified":"2026-03-10T12:22:26","modified_gmt":"2026-03-10T11:22:26","slug":"macrobius-ambrosius-theodosius-in-somnium-scipionis-libri-ii-saturnaliorum-libri-vii","status":"publish","type":"product","link":"https:\/\/www.librairieclavreuil.com\/en\/macrobius-ambrosius-theodosius-in-somnium-scipionis-libri-ii-saturnaliorum-libri-vii\/","title":{"rendered":"MACROBIUS Ambrosius Theodosius In somnium Scipionis libri II-..."},"content":{"rendered":"<p style=\"text-align:justify\"><i>Shirley, 13 (note); Myriam Foot, The Henry Davies Gift, t. I, p. 186 ; Adams, Maioli, p. 452; VD16 ZV 20513; G.D. Hobson, Short-Title List of Books Bound for Thomas Maioli. An original article from the Library, a Quarterly Review of Bibliography, 1925, n\u00b0 72 ; Dibdin 2,220: &#8216;under the care of the celebrated Camerarius, and by the help of several important MSS. there was hardly a verse in the poets quoted but what received very considerable emendation. (.) A volume, thus intrinsically valuable, will not fail to find a purchaser at a reasonable price&#8217;.<\/i><\/p>\n<p style=\"text-align:justify\"><span style=\"font-variant:small-caps\">A very interesting edition of Macrobius\u2019 works, given by Joachim Camerarius, illustrated with a newly engraved map and bound for the celebrated book collector Thomas Mahieu.<\/span><\/p>\n<p style=\"text-align:justify\">Ambrosius Theodosius Macrobius, a Roman senator and a classical scholar of the early 5th century A.D. &#8216;was a notable link between the cultures of antiquity and the Middle Ages&#8217;. This edition contains his 2 most important works, the <i>Saturnalia<\/i> and his <i>Commentarii in Somnium Scipionis<\/i>, the <i>&#8216;Dream of Scipio&#8217;<\/i>, a commentary on a part of <i>De Republica<\/i> of the Roman orator Cicero.<\/p>\n<p style=\"text-align:justify\">The <i>Saturnalia<\/i> is a learned compilation in 7 books cast in dialogue form, in which the cultural life of the former generation is idealized. Macrobius&#8217; aim was to provide his son with all the necessary hard to come by scientific knowledge.<\/p>\n<p style=\"text-align:justify\">More influential in the Middle Ages and Renaissance was the commentary of Macrobius on the <i>Somnium Scipionis<\/i>. Macrobius uses Cicero&#8217;s <i>De Republica<\/i> as the starting point for a thoroughly Neoplatonic treatment of (especially) cosmology and the soul&#8217;s ascent to the One, with direct debts to Porphyry and Plotinus.&#8217; Discussed are matters of mathematics, physics, cosmology, astronomy, geography and ethics. He thus forged a kind of compendium of science and philosophy, which transmitted classical knowledge to the medieval world, and was to hold a central position in the intellectual development of the West during the Middle Ages. His books belong to the basic sources of the scholastic movement and of medieval science. His work left traces in the works of Dante, Chaucer, Vives and Spenser. (Source for M. and the quotations: &#8216;The Classical Tradition&#8217;, Cambr. Mass., 2010, p. 553).<\/p>\n<p style=\"text-align:justify\">In Antiquity, the Middle Ages, and the early Renaissance, the world was thought to be divided into climatic zones: in the simplest form of this theory, there was an uninhabitably hot Torrid Zone near the equator, habitable Temperate Zones to the north and south of the Torrid Zone, and uninhabitable Frigid Zones near the North and South Poles. These zones were often depicted on medieval maps, particularly on zonal maps, the most common of which illustrate manuscripts of Macrobius\u2019 <i>Commentary on the Dream of Scipio<\/i>.<\/p>\n<p style=\"text-align:justify\">The hemispheric maps of Macrobius, drawn in Spain and later reproduced in the works of the Venerable Bede, Lambert of St. Omer and others, show the habitable world of the northern hemisphere and the uninhabited world of the southern, marked with climatic zones derived from Ptolemy\u2019s clima, and, unlike many other European medieval maps, they are oriented with North at the top instead of East.<\/p>\n<p style=\"text-align:justify\">Chapter IX of Book II contains a description of the earth, and the text refers to a world map, which is in fact found in most of the manuscripts, from the oldest, in the 9th century, to the end of the 15th century.<\/p>\n<p style=\"text-align:justify\">&#8220;His neoplatonic commentary on Cicero [the `Dream of Scipio&#8217; from Book VI of <i>De Republica<\/i>], includes among many references to the pseudo-sciences, a geographic concept which is different from that of Ptolemy. The inhabited World north of the Equator is balanced by a southern continent and divided by water&#8221; (Shirley).<\/p>\n<p style=\"text-align:justify\">The first printed edition of Macrobius appeared in 1483, published in Brescia. &nbsp;This 1535 Basel edition contains a newly engraved map with a more modern outline of Africa shown.<\/p>\n<p style=\"text-align:justify\">This important edition is given by Joachim Camerarius, who holds one of the foremost places among the German classical scholars of the 16th century. Gudeman calls him even <i>&#8216;der bedeutendste Philologe Deutschlands im 16. Jahrh<\/i>.&#8217; (Grundriss der Geschichte der klassischen Philologie, Lpz. 1909, p. 216) He held professorships at Nuremberg, T\u00fcbingen and Leipzig. <i>&#8216;His numerous editions of the Classics, without attaining the highest rank, are characterized by acumen and good taste&#8217;<\/i>. (Sandys, &#8216;History of Classical Scholarship&#8217; 2, p. 266\/67) Camerarius was a man of vast knowledge. He also wrote on history, theology, mathematics, astronomy and paedagogy. He seems to have been just the man for editing the encyclopaedic works of Macrobius.&nbsp;<\/p>\n<p style=\"text-align:justify\">Large printer&#8217;s mark of Hervagius (Johann Herwagen the elder) on the title, and a different one on the verso of the last leaf, both depicting a three headed Hermes on a pillar. Woodcut initials, 8 woodcuts and a woodcut map of the world in the text.<\/p>\n<p style=\"text-align:justify\"><span style=\"font-variant:small-caps\">A marvelous copy, without doubt the nicest extant, of this important edition, bound for Thomas Mahieu or Maioli.<\/span><\/p>\n<p style=\"text-align:justify\">With Henri II and Jean Grolier, Maioli belongs to the greatest bibliophiles of the sixteenth century to have patronised the leading Parisian bookbinders of the day. Due to the inscription <i>Tho. Maioli et amicorum<\/i> that was gilt on the front covers of his books, it was long thought that Thomas Mahieu was Italian and that his bindings had been made in Italy. It was Geoffrey Hobson who first showed in 1926 that Thomas Mahieu was French, he was the son of Jean Mahieu (d. 1527), Receveur de Beauvais in the office of Jean Grolier, Tr\u00e9sorier g\u00e9n\u00e9ral de Milan, during the six years of the second French occupation (Veyrin-Forrer, \u201cNotes sur Thomas Mahieu,\u201d pp. 321\u2013349). It is supposed that he was educated in Milan, and that Italian was his native language. In 1547, he was appointed Conseiller secr\u00e9taire du Roi, probably through the influence of Grolier, and from 1549\u20131560 was principal secretary to Queen Catherine de&#8217; Medici of France secretary and it is from this period that the finest bindings commissioned by him date. Like Grolier, he added the words \u2018<i>et amicorum\u2019<\/i> and a motto to his name, in this case \u2018<i>Ingratis servire neplas\u2019<\/i> (it is bitter to serve the ungrateful).<\/p>\n<p style=\"text-align:justify\">Antony Hobson has catalogued 112 splendid bindings from his library, which appears to have been dispersed in Orl\u00e9ans after his death. This one, listed under no. 72, was made in Paris around 1557.<\/p>\n<p style=\"text-align:justify\">Some skillful restorations, rebacked conserving the original spine.<\/p>\n<p style=\"text-align:justify\">Provenance: Thomas Maioli&nbsp;; Sotheby&#8217;s London, 27 December 1951, n\u00b0 172 ; Librairie Lardanchet, cat. 57, n\u00b0 202&nbsp;; Otto Sch\u00e4fer, n\u00b0 359&nbsp;; European private collection.<\/p>\n","protected":false},"excerpt":{"rendered":"<p style=\"text-align:justify\">Folio (294 x 205 mm) 20 un. ll., 334 pages, 1 un.l. Contemporary brown calf, broad interlacing decoration gilt and painted with wax in different colours, central cartouche with gilt inscription: \u201c<i>Macrobii- In somnium Scip Libri- &nbsp;eiusdem Saturnalia<\/i>\u201d&nbsp; and \u201c<i>To Maioli et amicorum<\/i>\u201d on the upper cover and on the lower cover Maioli\u2019s motto: \u201c<i>Ingratis servire nephas<\/i>\u201d, flat spine with gilt decoration of crosses, gilt edges <i>(Parisian binding by the Grolier Cuspinianus binder<\/i>,&nbsp;<i> circa 1550<\/i>).&nbsp;<\/p>\n","protected":false},"featured_media":89775,"comment_status":"open","ping_status":"closed","template":"","meta":{"_acf_changed":false},"product_brand":[],"product_cat":[530],"product_tag":[1267],"class_list":{"0":"post-89794","1":"product","2":"type-product","3":"status-publish","4":"has-post-thumbnail","6":"product_cat-binding","7":"product_tag-binding","8":"pa_auteur-macrobius-ambrosius-theodosius-2","9":"pa_type-de-livre-printed-book","11":"first","12":"instock","13":"shipping-taxable","14":"purchasable","15":"product-type-simple"},"acf":{"artist":"","chapeau":"","adresse_bibliographique":"","book_type":"","provenance":"","afficher_prix":""},"yoast_head":"<!-- This site is optimized with the Yoast SEO plugin v24.7 - https:\/\/yoast.com\/wordpress\/plugins\/seo\/ -->\n<title>MACROBIUS Ambrosius Theodosius In somnium Scipionis libri II- Saturnaliorum libri VII. - Libairie Clavreuil<\/title>\n<meta name=\"robots\" content=\"index, follow, max-snippet:-1, max-image-preview:large, max-video-preview:-1\" \/>\n<link rel=\"canonical\" href=\"https:\/\/www.librairieclavreuil.com\/en\/macrobius-ambrosius-theodosius-in-somnium-scipionis-libri-ii-saturnaliorum-libri-vii\/\" \/>\n<meta property=\"og:locale\" content=\"en_US\" \/>\n<meta property=\"og:type\" content=\"article\" \/>\n<meta property=\"og:title\" content=\"MACROBIUS Ambrosius Theodosius In somnium Scipionis libri II- Saturnaliorum libri VII. - Libairie Clavreuil\" \/>\n<meta property=\"og:description\" content=\"Folio (294 x 205 mm) 20 un. ll., 334 pages, 1 un.l. Contemporary brown calf, broad interlacing decoration gilt and painted with wax in different colours, central cartouche with gilt inscription: \u201cMacrobii- In somnium Scip Libri- &nbsp;eiusdem Saturnalia\u201d&nbsp; and \u201cTo Maioli et amicorum\u201d on the upper cover and on the lower cover Maioli\u2019s motto: \u201cIngratis servire nephas\u201d, flat spine with gilt decoration of crosses, gilt edges (Parisian binding by the Grolier Cuspinianus binder,&nbsp; circa 1550).&nbsp;\" \/>\n<meta property=\"og:url\" content=\"https:\/\/www.librairieclavreuil.com\/en\/macrobius-ambrosius-theodosius-in-somnium-scipionis-libri-ii-saturnaliorum-libri-vii\/\" \/>\n<meta property=\"og:site_name\" content=\"Libairie Clavreuil\" \/>\n<meta property=\"article:modified_time\" content=\"2026-03-10T11:22:26+00:00\" \/>\n<meta property=\"og:image\" content=\"https:\/\/www.librairieclavreuil.com\/wp-content\/uploads\/2021\/05\/Logo-Librairie-Clavreuil-4.png\" \/>\n\t<meta property=\"og:image:width\" content=\"512\" \/>\n\t<meta property=\"og:image:height\" content=\"200\" \/>\n\t<meta property=\"og:image:type\" content=\"image\/png\" \/>\n<meta name=\"twitter:card\" content=\"summary_large_image\" \/>\n<meta name=\"twitter:label1\" content=\"Est. reading time\" \/>\n\t<meta name=\"twitter:data1\" content=\"5 minutes\" \/>\n<script type=\"application\/ld+json\" class=\"yoast-schema-graph\">{\"@context\":\"https:\/\/schema.org\",\"@graph\":[{\"@type\":\"WebPage\",\"@id\":\"https:\/\/www.librairieclavreuil.com\/en\/macrobius-ambrosius-theodosius-in-somnium-scipionis-libri-ii-saturnaliorum-libri-vii\/\",\"url\":\"https:\/\/www.librairieclavreuil.com\/en\/macrobius-ambrosius-theodosius-in-somnium-scipionis-libri-ii-saturnaliorum-libri-vii\/\",\"name\":\"MACROBIUS Ambrosius Theodosius In somnium Scipionis libri II- Saturnaliorum libri VII. - Libairie Clavreuil\",\"isPartOf\":{\"@id\":\"https:\/\/www.librairieclavreuil.com\/#website\"},\"primaryImageOfPage\":{\"@id\":\"https:\/\/www.librairieclavreuil.com\/en\/macrobius-ambrosius-theodosius-in-somnium-scipionis-libri-ii-saturnaliorum-libri-vii\/#primaryimage\"},\"image\":{\"@id\":\"https:\/\/www.librairieclavreuil.com\/en\/macrobius-ambrosius-theodosius-in-somnium-scipionis-libri-ii-saturnaliorum-libri-vii\/#primaryimage\"},\"thumbnailUrl\":\"https:\/\/www.librairieclavreuil.com\/wp-content\/uploads\/2026\/03\/ambrosius-theodosius-macrobius-in-somnium-scipionis-libri-ii-saturnaliorum-libri-vii-3492-68b2b9d543fb1.jpg\",\"datePublished\":\"2026-03-10T11:22:23+00:00\",\"dateModified\":\"2026-03-10T11:22:26+00:00\",\"breadcrumb\":{\"@id\":\"https:\/\/www.librairieclavreuil.com\/en\/macrobius-ambrosius-theodosius-in-somnium-scipionis-libri-ii-saturnaliorum-libri-vii\/#breadcrumb\"},\"inLanguage\":\"en-US\",\"potentialAction\":[{\"@type\":\"ReadAction\",\"target\":[\"https:\/\/www.librairieclavreuil.com\/en\/macrobius-ambrosius-theodosius-in-somnium-scipionis-libri-ii-saturnaliorum-libri-vii\/\"]}]},{\"@type\":\"ImageObject\",\"inLanguage\":\"en-US\",\"@id\":\"https:\/\/www.librairieclavreuil.com\/en\/macrobius-ambrosius-theodosius-in-somnium-scipionis-libri-ii-saturnaliorum-libri-vii\/#primaryimage\",\"url\":\"https:\/\/www.librairieclavreuil.com\/wp-content\/uploads\/2026\/03\/ambrosius-theodosius-macrobius-in-somnium-scipionis-libri-ii-saturnaliorum-libri-vii-3492-68b2b9d543fb1.jpg\",\"contentUrl\":\"https:\/\/www.librairieclavreuil.com\/wp-content\/uploads\/2026\/03\/ambrosius-theodosius-macrobius-in-somnium-scipionis-libri-ii-saturnaliorum-libri-vii-3492-68b2b9d543fb1.jpg\",\"width\":633,\"height\":800},{\"@type\":\"BreadcrumbList\",\"@id\":\"https:\/\/www.librairieclavreuil.com\/en\/macrobius-ambrosius-theodosius-in-somnium-scipionis-libri-ii-saturnaliorum-libri-vii\/#breadcrumb\",\"itemListElement\":[{\"@type\":\"ListItem\",\"position\":1,\"name\":\"Accueil\",\"item\":\"https:\/\/www.librairieclavreuil.com\/\"},{\"@type\":\"ListItem\",\"position\":2,\"name\":\"All our books\",\"item\":\"https:\/\/www.librairieclavreuil.com\/en\/all-our-books\/\"},{\"@type\":\"ListItem\",\"position\":3,\"name\":\"MACROBIUS Ambrosius Theodosius In somnium Scipionis libri II-...\"}]},{\"@type\":\"WebSite\",\"@id\":\"https:\/\/www.librairieclavreuil.com\/#website\",\"url\":\"https:\/\/www.librairieclavreuil.com\/\",\"name\":\"Libairie Clavreuil\",\"description\":\"Livres anciens, manuscrits rares et \u00e9ditions originales \u2013 Librairie Clavreuil\",\"publisher\":{\"@id\":\"https:\/\/www.librairieclavreuil.com\/#organization\"},\"potentialAction\":[{\"@type\":\"SearchAction\",\"target\":{\"@type\":\"EntryPoint\",\"urlTemplate\":\"https:\/\/www.librairieclavreuil.com\/?s={search_term_string}\"},\"query-input\":{\"@type\":\"PropertyValueSpecification\",\"valueRequired\":true,\"valueName\":\"search_term_string\"}}],\"inLanguage\":\"en-US\"},{\"@type\":\"Organization\",\"@id\":\"https:\/\/www.librairieclavreuil.com\/#organization\",\"name\":\"Libairie Clavreuil\",\"url\":\"https:\/\/www.librairieclavreuil.com\/\",\"logo\":{\"@type\":\"ImageObject\",\"inLanguage\":\"en-US\",\"@id\":\"https:\/\/www.librairieclavreuil.com\/#\/schema\/logo\/image\/\",\"url\":\"https:\/\/www.librairieclavreuil.com\/wp-content\/uploads\/2021\/06\/cropped-LOGO_PNG_DATE-_gold-512x512-1.png\",\"contentUrl\":\"https:\/\/www.librairieclavreuil.com\/wp-content\/uploads\/2021\/06\/cropped-LOGO_PNG_DATE-_gold-512x512-1.png\",\"width\":512,\"height\":512,\"caption\":\"Libairie Clavreuil\"},\"image\":{\"@id\":\"https:\/\/www.librairieclavreuil.com\/#\/schema\/logo\/image\/\"},\"sameAs\":[\"https:\/\/www.instagram.com\/librairieclavreuil\/\"]}]}<\/script>\n<!-- \/ Yoast SEO plugin. -->","yoast_head_json":{"title":"MACROBIUS Ambrosius Theodosius In somnium Scipionis libri II- Saturnaliorum libri VII. - Libairie Clavreuil","robots":{"index":"index","follow":"follow","max-snippet":"max-snippet:-1","max-image-preview":"max-image-preview:large","max-video-preview":"max-video-preview:-1"},"canonical":"https:\/\/www.librairieclavreuil.com\/en\/macrobius-ambrosius-theodosius-in-somnium-scipionis-libri-ii-saturnaliorum-libri-vii\/","og_locale":"en_US","og_type":"article","og_title":"MACROBIUS Ambrosius Theodosius In somnium Scipionis libri II- Saturnaliorum libri VII. - Libairie Clavreuil","og_description":"Folio (294 x 205 mm) 20 un. ll., 334 pages, 1 un.l. Contemporary brown calf, broad interlacing decoration gilt and painted with wax in different colours, central cartouche with gilt inscription: \u201cMacrobii- In somnium Scip Libri- &nbsp;eiusdem Saturnalia\u201d&nbsp; and \u201cTo Maioli et amicorum\u201d on the upper cover and on the lower cover Maioli\u2019s motto: \u201cIngratis servire nephas\u201d, flat spine with gilt decoration of crosses, gilt edges (Parisian binding by the Grolier Cuspinianus binder,&nbsp; circa 1550).&nbsp;","og_url":"https:\/\/www.librairieclavreuil.com\/en\/macrobius-ambrosius-theodosius-in-somnium-scipionis-libri-ii-saturnaliorum-libri-vii\/","og_site_name":"Libairie Clavreuil","article_modified_time":"2026-03-10T11:22:26+00:00","og_image":[{"width":512,"height":200,"url":"https:\/\/www.librairieclavreuil.com\/wp-content\/uploads\/2021\/05\/Logo-Librairie-Clavreuil-4.png","type":"image\/png"}],"twitter_card":"summary_large_image","twitter_misc":{"Est. reading time":"5 minutes"},"schema":{"@context":"https:\/\/schema.org","@graph":[{"@type":"WebPage","@id":"https:\/\/www.librairieclavreuil.com\/en\/macrobius-ambrosius-theodosius-in-somnium-scipionis-libri-ii-saturnaliorum-libri-vii\/","url":"https:\/\/www.librairieclavreuil.com\/en\/macrobius-ambrosius-theodosius-in-somnium-scipionis-libri-ii-saturnaliorum-libri-vii\/","name":"MACROBIUS Ambrosius Theodosius In somnium Scipionis libri II- Saturnaliorum libri VII. - Libairie Clavreuil","isPartOf":{"@id":"https:\/\/www.librairieclavreuil.com\/#website"},"primaryImageOfPage":{"@id":"https:\/\/www.librairieclavreuil.com\/en\/macrobius-ambrosius-theodosius-in-somnium-scipionis-libri-ii-saturnaliorum-libri-vii\/#primaryimage"},"image":{"@id":"https:\/\/www.librairieclavreuil.com\/en\/macrobius-ambrosius-theodosius-in-somnium-scipionis-libri-ii-saturnaliorum-libri-vii\/#primaryimage"},"thumbnailUrl":"https:\/\/www.librairieclavreuil.com\/wp-content\/uploads\/2026\/03\/ambrosius-theodosius-macrobius-in-somnium-scipionis-libri-ii-saturnaliorum-libri-vii-3492-68b2b9d543fb1.jpg","datePublished":"2026-03-10T11:22:23+00:00","dateModified":"2026-03-10T11:22:26+00:00","breadcrumb":{"@id":"https:\/\/www.librairieclavreuil.com\/en\/macrobius-ambrosius-theodosius-in-somnium-scipionis-libri-ii-saturnaliorum-libri-vii\/#breadcrumb"},"inLanguage":"en-US","potentialAction":[{"@type":"ReadAction","target":["https:\/\/www.librairieclavreuil.com\/en\/macrobius-ambrosius-theodosius-in-somnium-scipionis-libri-ii-saturnaliorum-libri-vii\/"]}]},{"@type":"ImageObject","inLanguage":"en-US","@id":"https:\/\/www.librairieclavreuil.com\/en\/macrobius-ambrosius-theodosius-in-somnium-scipionis-libri-ii-saturnaliorum-libri-vii\/#primaryimage","url":"https:\/\/www.librairieclavreuil.com\/wp-content\/uploads\/2026\/03\/ambrosius-theodosius-macrobius-in-somnium-scipionis-libri-ii-saturnaliorum-libri-vii-3492-68b2b9d543fb1.jpg","contentUrl":"https:\/\/www.librairieclavreuil.com\/wp-content\/uploads\/2026\/03\/ambrosius-theodosius-macrobius-in-somnium-scipionis-libri-ii-saturnaliorum-libri-vii-3492-68b2b9d543fb1.jpg","width":633,"height":800},{"@type":"BreadcrumbList","@id":"https:\/\/www.librairieclavreuil.com\/en\/macrobius-ambrosius-theodosius-in-somnium-scipionis-libri-ii-saturnaliorum-libri-vii\/#breadcrumb","itemListElement":[{"@type":"ListItem","position":1,"name":"Accueil","item":"https:\/\/www.librairieclavreuil.com\/"},{"@type":"ListItem","position":2,"name":"All our books","item":"https:\/\/www.librairieclavreuil.com\/en\/all-our-books\/"},{"@type":"ListItem","position":3,"name":"MACROBIUS Ambrosius Theodosius In somnium Scipionis libri II-..."}]},{"@type":"WebSite","@id":"https:\/\/www.librairieclavreuil.com\/#website","url":"https:\/\/www.librairieclavreuil.com\/","name":"Libairie Clavreuil","description":"Livres anciens, manuscrits rares et \u00e9ditions originales \u2013 Librairie Clavreuil","publisher":{"@id":"https:\/\/www.librairieclavreuil.com\/#organization"},"potentialAction":[{"@type":"SearchAction","target":{"@type":"EntryPoint","urlTemplate":"https:\/\/www.librairieclavreuil.com\/?s={search_term_string}"},"query-input":{"@type":"PropertyValueSpecification","valueRequired":true,"valueName":"search_term_string"}}],"inLanguage":"en-US"},{"@type":"Organization","@id":"https:\/\/www.librairieclavreuil.com\/#organization","name":"Libairie Clavreuil","url":"https:\/\/www.librairieclavreuil.com\/","logo":{"@type":"ImageObject","inLanguage":"en-US","@id":"https:\/\/www.librairieclavreuil.com\/#\/schema\/logo\/image\/","url":"https:\/\/www.librairieclavreuil.com\/wp-content\/uploads\/2021\/06\/cropped-LOGO_PNG_DATE-_gold-512x512-1.png","contentUrl":"https:\/\/www.librairieclavreuil.com\/wp-content\/uploads\/2021\/06\/cropped-LOGO_PNG_DATE-_gold-512x512-1.png","width":512,"height":512,"caption":"Libairie Clavreuil"},"image":{"@id":"https:\/\/www.librairieclavreuil.com\/#\/schema\/logo\/image\/"},"sameAs":["https:\/\/www.instagram.com\/librairieclavreuil\/"]}]}},"jetpack_sharing_enabled":true,"_links":{"self":[{"href":"https:\/\/www.librairieclavreuil.com\/en\/wp-json\/wp\/v2\/product\/89794","targetHints":{"allow":["GET"]}}],"collection":[{"href":"https:\/\/www.librairieclavreuil.com\/en\/wp-json\/wp\/v2\/product"}],"about":[{"href":"https:\/\/www.librairieclavreuil.com\/en\/wp-json\/wp\/v2\/types\/product"}],"replies":[{"embeddable":true,"href":"https:\/\/www.librairieclavreuil.com\/en\/wp-json\/wp\/v2\/comments?post=89794"}],"wp:featuredmedia":[{"embeddable":true,"href":"https:\/\/www.librairieclavreuil.com\/en\/wp-json\/wp\/v2\/media\/89775"}],"wp:attachment":[{"href":"https:\/\/www.librairieclavreuil.com\/en\/wp-json\/wp\/v2\/media?parent=89794"}],"wp:term":[{"taxonomy":"product_brand","embeddable":true,"href":"https:\/\/www.librairieclavreuil.com\/en\/wp-json\/wp\/v2\/product_brand?post=89794"},{"taxonomy":"product_cat","embeddable":true,"href":"https:\/\/www.librairieclavreuil.com\/en\/wp-json\/wp\/v2\/product_cat?post=89794"},{"taxonomy":"product_tag","embeddable":true,"href":"https:\/\/www.librairieclavreuil.com\/en\/wp-json\/wp\/v2\/product_tag?post=89794"}],"curies":[{"name":"wp","href":"https:\/\/api.w.org\/{rel}","templated":true}]}}