{"id":89718,"date":"2026-03-10T12:01:15","date_gmt":"2026-03-10T11:01:15","guid":{"rendered":"https:\/\/www.librairieclavreuil.com\/houel-jean-pierre-louis-laurent-voyage-pittoresque-des-isles-de-sicile-de-malte-et-de-lipari-ou-lon-traite-des-antiquites-qui-sy-trouvent-encore-des-principaux-phenomenes-que-la-nature-y-offr\/"},"modified":"2026-03-10T14:46:14","modified_gmt":"2026-03-10T13:46:14","slug":"houel-jean-pierre-louis-laurent-voyage-pittoresque-des-isles-de-sicile-de-malte-et-de-lipari-ou-lon-traite-des-antiquites-qui-sy-trouvent-encore-des-principaux-phenomenes-que-la-nature-y-offr","status":"publish","type":"product","link":"https:\/\/www.librairieclavreuil.com\/en\/houel-jean-pierre-louis-laurent-voyage-pittoresque-des-isles-de-sicile-de-malte-et-de-lipari-ou-lon-traite-des-antiquites-qui-sy-trouvent-encore-des-principaux-phenomenes-que-la-nature-y-offr\/","title":{"rendered":"HOUEL Jean-Pierre-Louis-Laurent Voyage pittoresque des isles de Sicile,..."},"content":{"rendered":"<p style=\"text-align:justify\"><i>Brunet, III, 350 ; Cohen-De Ricci, 500 ; <\/i><span style=\"background-color:white\"><i>Blackmer, 834 : &#8220;The plates were both designed and engraved by Houel himself, and illustrate scenes from daily life, and views, plans and antiquities. A very beautifully produced book&#8221; ; Mira, I, 480 ; Moncada Lo Giudice, 1106 : &#8220;Una delle pi\u00f9 sontuose opere grafiche del &#8216;700 sull&#8217;Italia meridionale&#8221;; Millard,&nbsp;French, n\u00b0 80; &nbsp;Les Stroganoff. Une dynastie de m\u00e9c\u00e8nes. Paris, Mus\u00e9e Carnavalet, 2002;&nbsp; Larisa Walsh, \u201cThe Stroganov Book Collection in the Context of Stalin\u2019s Campaign to Sell Russian Cultural Treasures Abroad\u201d, in&nbsp;Slavik &amp; East European Information Resources, 2016, vol. 17. Not in <\/i><\/span><i>Abbey nor Atabey.<\/i><\/p>\n<p style=\"text-align:justify\"><span style=\"font-variant:small-caps\">First edition of one of the most beautifully illustrated works on Sicily and the Aeolian Islands, decorated with 264 plates pulled in sepia. Count Grigori Alexandrovitch Stroganoff\u2019s copy.<\/span><\/p>\n<p style=\"text-align:justify\">The painter and engraver Jean-Pierre Houel (1735-1813) first studied with Le Bas and Casanovo, before receiving a grant from the King allowing him to travel to Rome. His first visit to Italy was between 1769 and 1772; his second visit in 1776 brought him to Naples and Malta.<\/p>\n<p style=\"text-align:justify\">&#8220;The plates were both designed and engraved by Houel himself, and illustrate scenes from daily life, and views, plans and antiquities. A very beautifully produced book&#8221; (Blackmer).<\/p>\n<p style=\"text-align:justify\">It was during this second travel that Houel produced all the drawings and, upon his return, engraved all of the plates himself and wrote the accompanying text.<\/p>\n<p style=\"text-align:justify\">The Empress of Russia, Catherine II, helped financing the printing of the book by purchasing some five hundred original drawings. The 264 aquatint plates (printed on 263 sheets) are all printed in sepia (&#8220;tir\u00e9es en bistre de mani\u00e8re \u00e0 imiter le dessins&#8221;, Cohen-De Ricci), and depict landscapes, popular scenes, costumes, monuments, and ruins from the classical period: the beautiful plates are of historical value as some of the monuments or buildings have since been destroyed during war or through earth-quakes.<\/p>\n<p style=\"text-align:justify\">Provenance<\/p>\n<p style=\"text-align:justify\">This copy belonged to Count Grigori Alexandrovitch Stroganoff (1770-1857), Russian statesman, art historian, archaeologist, collector, philanthropist and Governor-General of Moscow. It also bears the Imperial stamp of the Russian Tsar on each title page. it was subsequently offered at auction in the 1930&#8217;s by the Bolsheviks and documented by the stamp of French customs on the first fly-leaf.<\/p>\n<p style=\"text-align:justify\">Plante VI with paper-flaw in the image, plates CVIII, CLXXVI, CCXIX slightly stained.<\/p>\n<p style=\"text-align:justify\">A superb copy, exquisitely bound and of imperial provenance.<\/p>\n","protected":false},"excerpt":{"rendered":"<p style=\"text-align:justify\">4 volumes, folio (497 x 314 mm) VIII, 138 pp., 72 engraved plates for volume I ; 2 un.l., 148 pp., engraved and numbered plates 73 to 144 for volume II ; 2 un.l., 126 pp., engraved and numbered plates 145 to 204 for volume III ; 2 un.l., 124 pp., engraved and numbered plates 204 to 264 (plates 246-247 pulled on one folding sheet) for volume IV. Long-grain blue morocco, gilt decoration, coat of arms in the centre of the covers, Greek-style roulette framing, ribbed spine, gilt edges (<i>bindings circa 1800 attribuable to Bozerian<\/i>).&nbsp;<\/p>\n","protected":false},"featured_media":89799,"comment_status":"open","ping_status":"closed","template":"","meta":{"_acf_changed":false},"product_brand":[],"product_cat":[552],"product_tag":[1270,1267,1450,1397,620],"class_list":{"0":"post-89718","1":"product","2":"type-product","3":"status-publish","4":"has-post-thumbnail","6":"product_cat-travel","7":"product_tag-armoured","8":"product_tag-binding","9":"product_tag-first-edition","10":"product_tag-italy","11":"product_tag-travel","12":"pa_auteur-houel-jean-pierre-louis-laurent-2","13":"pa_type-de-livre-printed-book","15":"first","16":"instock","17":"shipping-taxable","18":"purchasable","19":"product-type-simple"},"acf":{"artist":" Jean-Pierre-Louis-Laurent HOUEL","chapeau":"Superbly bound copy of Imperial provenance","adresse_bibliographique":"Paris, Imp. de Monsieur, 1782-1787","book_type":"Printed book","provenance":"","afficher_prix":""},"yoast_head":"<!-- This site is optimized with the Yoast SEO plugin v24.7 - https:\/\/yoast.com\/wordpress\/plugins\/seo\/ -->\n<title>HOUEL Jean-Pierre-Louis-Laurent Voyage pittoresque des isles de Sicile, de Malte et de Lipari, o\u00f9 l&#039;on traite des Antiquit\u00e9s qui s&#039;y trouvent encore ; des principaux Ph\u00e9nom\u00e8nes que la Nature y offre ; du Costume des Habitans, &amp; de quelques Usages. - Libairie Clavreuil<\/title>\n<meta name=\"robots\" content=\"index, follow, max-snippet:-1, max-image-preview:large, max-video-preview:-1\" \/>\n<link rel=\"canonical\" href=\"https:\/\/www.librairieclavreuil.com\/en\/houel-jean-pierre-louis-laurent-voyage-pittoresque-des-isles-de-sicile-de-malte-et-de-lipari-ou-lon-traite-des-antiquites-qui-sy-trouvent-encore-des-principaux-phenomenes-que-la-nature-y-offr\/\" \/>\n<meta property=\"og:locale\" content=\"en_US\" \/>\n<meta property=\"og:type\" content=\"article\" \/>\n<meta property=\"og:title\" content=\"HOUEL Jean-Pierre-Louis-Laurent Voyage pittoresque des isles de Sicile, de Malte et de Lipari, o\u00f9 l&#039;on traite des Antiquit\u00e9s qui s&#039;y trouvent encore ; des principaux Ph\u00e9nom\u00e8nes que la Nature y offre ; du Costume des Habitans, &amp; de quelques Usages. - Libairie Clavreuil\" \/>\n<meta property=\"og:description\" content=\"4 volumes, folio (497 x 314 mm) VIII, 138 pp., 72 engraved plates for volume I ; 2 un.l., 148 pp., engraved and numbered plates 73 to 144 for volume II ; 2 un.l., 126 pp., engraved and numbered plates 145 to 204 for volume III ; 2 un.l., 124 pp., engraved and numbered plates 204 to 264 (plates 246-247 pulled on one folding sheet) for volume IV. Long-grain blue morocco, gilt decoration, coat of arms in the centre of the covers, Greek-style roulette framing, ribbed spine, gilt edges (bindings circa 1800 attribuable to Bozerian).&nbsp;\" \/>\n<meta property=\"og:url\" content=\"https:\/\/www.librairieclavreuil.com\/en\/houel-jean-pierre-louis-laurent-voyage-pittoresque-des-isles-de-sicile-de-malte-et-de-lipari-ou-lon-traite-des-antiquites-qui-sy-trouvent-encore-des-principaux-phenomenes-que-la-nature-y-offr\/\" \/>\n<meta property=\"og:site_name\" content=\"Libairie Clavreuil\" \/>\n<meta property=\"article:modified_time\" content=\"2026-03-10T13:46:14+00:00\" \/>\n<meta property=\"og:image\" content=\"https:\/\/www.librairieclavreuil.com\/wp-content\/uploads\/2026\/03\/jean-pierre-louis-laurent-houel-voyage-pittoresque-des-isles-de-sicile-de-malte-et-de-lipari-ou-l-on-traite-des-antiquites-qui-s-y-trouvent-69a1b699146be-5.jpg\" \/>\n\t<meta property=\"og:image:width\" content=\"800\" \/>\n\t<meta property=\"og:image:height\" content=\"566\" \/>\n\t<meta property=\"og:image:type\" content=\"image\/jpeg\" \/>\n<meta name=\"twitter:card\" content=\"summary_large_image\" \/>\n<meta name=\"twitter:label1\" content=\"Est. reading time\" \/>\n\t<meta name=\"twitter:data1\" content=\"2 minutes\" \/>\n<script type=\"application\/ld+json\" class=\"yoast-schema-graph\">{\"@context\":\"https:\/\/schema.org\",\"@graph\":[{\"@type\":\"WebPage\",\"@id\":\"https:\/\/www.librairieclavreuil.com\/en\/houel-jean-pierre-louis-laurent-voyage-pittoresque-des-isles-de-sicile-de-malte-et-de-lipari-ou-lon-traite-des-antiquites-qui-sy-trouvent-encore-des-principaux-phenomenes-que-la-nature-y-offr\/\",\"url\":\"https:\/\/www.librairieclavreuil.com\/en\/houel-jean-pierre-louis-laurent-voyage-pittoresque-des-isles-de-sicile-de-malte-et-de-lipari-ou-lon-traite-des-antiquites-qui-sy-trouvent-encore-des-principaux-phenomenes-que-la-nature-y-offr\/\",\"name\":\"HOUEL Jean-Pierre-Louis-Laurent Voyage pittoresque des isles de Sicile, de Malte et de Lipari, o\u00f9 l'on traite des Antiquit\u00e9s qui s'y trouvent encore ; des principaux Ph\u00e9nom\u00e8nes que la Nature y offre ; du Costume des Habitans, &amp; de quelques Usages. - Libairie Clavreuil\",\"isPartOf\":{\"@id\":\"https:\/\/www.librairieclavreuil.com\/#website\"},\"primaryImageOfPage\":{\"@id\":\"https:\/\/www.librairieclavreuil.com\/en\/houel-jean-pierre-louis-laurent-voyage-pittoresque-des-isles-de-sicile-de-malte-et-de-lipari-ou-lon-traite-des-antiquites-qui-sy-trouvent-encore-des-principaux-phenomenes-que-la-nature-y-offr\/#primaryimage\"},\"image\":{\"@id\":\"https:\/\/www.librairieclavreuil.com\/en\/houel-jean-pierre-louis-laurent-voyage-pittoresque-des-isles-de-sicile-de-malte-et-de-lipari-ou-lon-traite-des-antiquites-qui-sy-trouvent-encore-des-principaux-phenomenes-que-la-nature-y-offr\/#primaryimage\"},\"thumbnailUrl\":\"https:\/\/www.librairieclavreuil.com\/wp-content\/uploads\/2026\/03\/jean-pierre-louis-laurent-houel-voyage-pittoresque-des-isles-de-sicile-de-malte-et-de-lipari-ou-l-on-traite-des-antiquites-qui-s-y-trouvent-69a1b699146be-5.jpg\",\"datePublished\":\"2026-03-10T11:01:15+00:00\",\"dateModified\":\"2026-03-10T13:46:14+00:00\",\"breadcrumb\":{\"@id\":\"https:\/\/www.librairieclavreuil.com\/en\/houel-jean-pierre-louis-laurent-voyage-pittoresque-des-isles-de-sicile-de-malte-et-de-lipari-ou-lon-traite-des-antiquites-qui-sy-trouvent-encore-des-principaux-phenomenes-que-la-nature-y-offr\/#breadcrumb\"},\"inLanguage\":\"en-US\",\"potentialAction\":[{\"@type\":\"ReadAction\",\"target\":[\"https:\/\/www.librairieclavreuil.com\/en\/houel-jean-pierre-louis-laurent-voyage-pittoresque-des-isles-de-sicile-de-malte-et-de-lipari-ou-lon-traite-des-antiquites-qui-sy-trouvent-encore-des-principaux-phenomenes-que-la-nature-y-offr\/\"]}]},{\"@type\":\"ImageObject\",\"inLanguage\":\"en-US\",\"@id\":\"https:\/\/www.librairieclavreuil.com\/en\/houel-jean-pierre-louis-laurent-voyage-pittoresque-des-isles-de-sicile-de-malte-et-de-lipari-ou-lon-traite-des-antiquites-qui-sy-trouvent-encore-des-principaux-phenomenes-que-la-nature-y-offr\/#primaryimage\",\"url\":\"https:\/\/www.librairieclavreuil.com\/wp-content\/uploads\/2026\/03\/jean-pierre-louis-laurent-houel-voyage-pittoresque-des-isles-de-sicile-de-malte-et-de-lipari-ou-l-on-traite-des-antiquites-qui-s-y-trouvent-69a1b699146be-5.jpg\",\"contentUrl\":\"https:\/\/www.librairieclavreuil.com\/wp-content\/uploads\/2026\/03\/jean-pierre-louis-laurent-houel-voyage-pittoresque-des-isles-de-sicile-de-malte-et-de-lipari-ou-l-on-traite-des-antiquites-qui-s-y-trouvent-69a1b699146be-5.jpg\",\"width\":800,\"height\":566},{\"@type\":\"BreadcrumbList\",\"@id\":\"https:\/\/www.librairieclavreuil.com\/en\/houel-jean-pierre-louis-laurent-voyage-pittoresque-des-isles-de-sicile-de-malte-et-de-lipari-ou-lon-traite-des-antiquites-qui-sy-trouvent-encore-des-principaux-phenomenes-que-la-nature-y-offr\/#breadcrumb\",\"itemListElement\":[{\"@type\":\"ListItem\",\"position\":1,\"name\":\"Accueil\",\"item\":\"https:\/\/www.librairieclavreuil.com\/\"},{\"@type\":\"ListItem\",\"position\":2,\"name\":\"All our books\",\"item\":\"https:\/\/www.librairieclavreuil.com\/en\/all-our-books\/\"},{\"@type\":\"ListItem\",\"position\":3,\"name\":\"HOUEL Jean-Pierre-Louis-Laurent Voyage pittoresque des isles de Sicile,...\"}]},{\"@type\":\"WebSite\",\"@id\":\"https:\/\/www.librairieclavreuil.com\/#website\",\"url\":\"https:\/\/www.librairieclavreuil.com\/\",\"name\":\"Libairie Clavreuil\",\"description\":\"Livres anciens, manuscrits rares et \u00e9ditions originales \u2013 Librairie Clavreuil\",\"publisher\":{\"@id\":\"https:\/\/www.librairieclavreuil.com\/#organization\"},\"potentialAction\":[{\"@type\":\"SearchAction\",\"target\":{\"@type\":\"EntryPoint\",\"urlTemplate\":\"https:\/\/www.librairieclavreuil.com\/?s={search_term_string}\"},\"query-input\":{\"@type\":\"PropertyValueSpecification\",\"valueRequired\":true,\"valueName\":\"search_term_string\"}}],\"inLanguage\":\"en-US\"},{\"@type\":\"Organization\",\"@id\":\"https:\/\/www.librairieclavreuil.com\/#organization\",\"name\":\"Libairie Clavreuil\",\"url\":\"https:\/\/www.librairieclavreuil.com\/\",\"logo\":{\"@type\":\"ImageObject\",\"inLanguage\":\"en-US\",\"@id\":\"https:\/\/www.librairieclavreuil.com\/#\/schema\/logo\/image\/\",\"url\":\"https:\/\/www.librairieclavreuil.com\/wp-content\/uploads\/2021\/06\/cropped-LOGO_PNG_DATE-_gold-512x512-1.png\",\"contentUrl\":\"https:\/\/www.librairieclavreuil.com\/wp-content\/uploads\/2021\/06\/cropped-LOGO_PNG_DATE-_gold-512x512-1.png\",\"width\":512,\"height\":512,\"caption\":\"Libairie Clavreuil\"},\"image\":{\"@id\":\"https:\/\/www.librairieclavreuil.com\/#\/schema\/logo\/image\/\"},\"sameAs\":[\"https:\/\/www.instagram.com\/librairieclavreuil\/\"]}]}<\/script>\n<!-- \/ Yoast SEO plugin. -->","yoast_head_json":{"title":"HOUEL Jean-Pierre-Louis-Laurent Voyage pittoresque des isles de Sicile, de Malte et de Lipari, o\u00f9 l'on traite des Antiquit\u00e9s qui s'y trouvent encore ; des principaux Ph\u00e9nom\u00e8nes que la Nature y offre ; du Costume des Habitans, &amp; de quelques Usages. - Libairie Clavreuil","robots":{"index":"index","follow":"follow","max-snippet":"max-snippet:-1","max-image-preview":"max-image-preview:large","max-video-preview":"max-video-preview:-1"},"canonical":"https:\/\/www.librairieclavreuil.com\/en\/houel-jean-pierre-louis-laurent-voyage-pittoresque-des-isles-de-sicile-de-malte-et-de-lipari-ou-lon-traite-des-antiquites-qui-sy-trouvent-encore-des-principaux-phenomenes-que-la-nature-y-offr\/","og_locale":"en_US","og_type":"article","og_title":"HOUEL Jean-Pierre-Louis-Laurent Voyage pittoresque des isles de Sicile, de Malte et de Lipari, o\u00f9 l'on traite des Antiquit\u00e9s qui s'y trouvent encore ; des principaux Ph\u00e9nom\u00e8nes que la Nature y offre ; du Costume des Habitans, &amp; de quelques Usages. - Libairie Clavreuil","og_description":"4 volumes, folio (497 x 314 mm) VIII, 138 pp., 72 engraved plates for volume I ; 2 un.l., 148 pp., engraved and numbered plates 73 to 144 for volume II ; 2 un.l., 126 pp., engraved and numbered plates 145 to 204 for volume III ; 2 un.l., 124 pp., engraved and numbered plates 204 to 264 (plates 246-247 pulled on one folding sheet) for volume IV. Long-grain blue morocco, gilt decoration, coat of arms in the centre of the covers, Greek-style roulette framing, ribbed spine, gilt edges (bindings circa 1800 attribuable to Bozerian).&nbsp;","og_url":"https:\/\/www.librairieclavreuil.com\/en\/houel-jean-pierre-louis-laurent-voyage-pittoresque-des-isles-de-sicile-de-malte-et-de-lipari-ou-lon-traite-des-antiquites-qui-sy-trouvent-encore-des-principaux-phenomenes-que-la-nature-y-offr\/","og_site_name":"Libairie Clavreuil","article_modified_time":"2026-03-10T13:46:14+00:00","og_image":[{"width":800,"height":566,"url":"https:\/\/www.librairieclavreuil.com\/wp-content\/uploads\/2026\/03\/jean-pierre-louis-laurent-houel-voyage-pittoresque-des-isles-de-sicile-de-malte-et-de-lipari-ou-l-on-traite-des-antiquites-qui-s-y-trouvent-69a1b699146be-5.jpg","type":"image\/jpeg"}],"twitter_card":"summary_large_image","twitter_misc":{"Est. reading time":"2 minutes"},"schema":{"@context":"https:\/\/schema.org","@graph":[{"@type":"WebPage","@id":"https:\/\/www.librairieclavreuil.com\/en\/houel-jean-pierre-louis-laurent-voyage-pittoresque-des-isles-de-sicile-de-malte-et-de-lipari-ou-lon-traite-des-antiquites-qui-sy-trouvent-encore-des-principaux-phenomenes-que-la-nature-y-offr\/","url":"https:\/\/www.librairieclavreuil.com\/en\/houel-jean-pierre-louis-laurent-voyage-pittoresque-des-isles-de-sicile-de-malte-et-de-lipari-ou-lon-traite-des-antiquites-qui-sy-trouvent-encore-des-principaux-phenomenes-que-la-nature-y-offr\/","name":"HOUEL Jean-Pierre-Louis-Laurent Voyage pittoresque des isles de Sicile, de Malte et de Lipari, o\u00f9 l'on traite des Antiquit\u00e9s qui s'y trouvent encore ; des principaux Ph\u00e9nom\u00e8nes que la Nature y offre ; du Costume des Habitans, &amp; de quelques Usages. - Libairie Clavreuil","isPartOf":{"@id":"https:\/\/www.librairieclavreuil.com\/#website"},"primaryImageOfPage":{"@id":"https:\/\/www.librairieclavreuil.com\/en\/houel-jean-pierre-louis-laurent-voyage-pittoresque-des-isles-de-sicile-de-malte-et-de-lipari-ou-lon-traite-des-antiquites-qui-sy-trouvent-encore-des-principaux-phenomenes-que-la-nature-y-offr\/#primaryimage"},"image":{"@id":"https:\/\/www.librairieclavreuil.com\/en\/houel-jean-pierre-louis-laurent-voyage-pittoresque-des-isles-de-sicile-de-malte-et-de-lipari-ou-lon-traite-des-antiquites-qui-sy-trouvent-encore-des-principaux-phenomenes-que-la-nature-y-offr\/#primaryimage"},"thumbnailUrl":"https:\/\/www.librairieclavreuil.com\/wp-content\/uploads\/2026\/03\/jean-pierre-louis-laurent-houel-voyage-pittoresque-des-isles-de-sicile-de-malte-et-de-lipari-ou-l-on-traite-des-antiquites-qui-s-y-trouvent-69a1b699146be-5.jpg","datePublished":"2026-03-10T11:01:15+00:00","dateModified":"2026-03-10T13:46:14+00:00","breadcrumb":{"@id":"https:\/\/www.librairieclavreuil.com\/en\/houel-jean-pierre-louis-laurent-voyage-pittoresque-des-isles-de-sicile-de-malte-et-de-lipari-ou-lon-traite-des-antiquites-qui-sy-trouvent-encore-des-principaux-phenomenes-que-la-nature-y-offr\/#breadcrumb"},"inLanguage":"en-US","potentialAction":[{"@type":"ReadAction","target":["https:\/\/www.librairieclavreuil.com\/en\/houel-jean-pierre-louis-laurent-voyage-pittoresque-des-isles-de-sicile-de-malte-et-de-lipari-ou-lon-traite-des-antiquites-qui-sy-trouvent-encore-des-principaux-phenomenes-que-la-nature-y-offr\/"]}]},{"@type":"ImageObject","inLanguage":"en-US","@id":"https:\/\/www.librairieclavreuil.com\/en\/houel-jean-pierre-louis-laurent-voyage-pittoresque-des-isles-de-sicile-de-malte-et-de-lipari-ou-lon-traite-des-antiquites-qui-sy-trouvent-encore-des-principaux-phenomenes-que-la-nature-y-offr\/#primaryimage","url":"https:\/\/www.librairieclavreuil.com\/wp-content\/uploads\/2026\/03\/jean-pierre-louis-laurent-houel-voyage-pittoresque-des-isles-de-sicile-de-malte-et-de-lipari-ou-l-on-traite-des-antiquites-qui-s-y-trouvent-69a1b699146be-5.jpg","contentUrl":"https:\/\/www.librairieclavreuil.com\/wp-content\/uploads\/2026\/03\/jean-pierre-louis-laurent-houel-voyage-pittoresque-des-isles-de-sicile-de-malte-et-de-lipari-ou-l-on-traite-des-antiquites-qui-s-y-trouvent-69a1b699146be-5.jpg","width":800,"height":566},{"@type":"BreadcrumbList","@id":"https:\/\/www.librairieclavreuil.com\/en\/houel-jean-pierre-louis-laurent-voyage-pittoresque-des-isles-de-sicile-de-malte-et-de-lipari-ou-lon-traite-des-antiquites-qui-sy-trouvent-encore-des-principaux-phenomenes-que-la-nature-y-offr\/#breadcrumb","itemListElement":[{"@type":"ListItem","position":1,"name":"Accueil","item":"https:\/\/www.librairieclavreuil.com\/"},{"@type":"ListItem","position":2,"name":"All our books","item":"https:\/\/www.librairieclavreuil.com\/en\/all-our-books\/"},{"@type":"ListItem","position":3,"name":"HOUEL Jean-Pierre-Louis-Laurent Voyage pittoresque des isles de Sicile,..."}]},{"@type":"WebSite","@id":"https:\/\/www.librairieclavreuil.com\/#website","url":"https:\/\/www.librairieclavreuil.com\/","name":"Libairie Clavreuil","description":"Livres anciens, manuscrits rares et \u00e9ditions originales \u2013 Librairie Clavreuil","publisher":{"@id":"https:\/\/www.librairieclavreuil.com\/#organization"},"potentialAction":[{"@type":"SearchAction","target":{"@type":"EntryPoint","urlTemplate":"https:\/\/www.librairieclavreuil.com\/?s={search_term_string}"},"query-input":{"@type":"PropertyValueSpecification","valueRequired":true,"valueName":"search_term_string"}}],"inLanguage":"en-US"},{"@type":"Organization","@id":"https:\/\/www.librairieclavreuil.com\/#organization","name":"Libairie Clavreuil","url":"https:\/\/www.librairieclavreuil.com\/","logo":{"@type":"ImageObject","inLanguage":"en-US","@id":"https:\/\/www.librairieclavreuil.com\/#\/schema\/logo\/image\/","url":"https:\/\/www.librairieclavreuil.com\/wp-content\/uploads\/2021\/06\/cropped-LOGO_PNG_DATE-_gold-512x512-1.png","contentUrl":"https:\/\/www.librairieclavreuil.com\/wp-content\/uploads\/2021\/06\/cropped-LOGO_PNG_DATE-_gold-512x512-1.png","width":512,"height":512,"caption":"Libairie Clavreuil"},"image":{"@id":"https:\/\/www.librairieclavreuil.com\/#\/schema\/logo\/image\/"},"sameAs":["https:\/\/www.instagram.com\/librairieclavreuil\/"]}]}},"jetpack_sharing_enabled":true,"_links":{"self":[{"href":"https:\/\/www.librairieclavreuil.com\/en\/wp-json\/wp\/v2\/product\/89718","targetHints":{"allow":["GET"]}}],"collection":[{"href":"https:\/\/www.librairieclavreuil.com\/en\/wp-json\/wp\/v2\/product"}],"about":[{"href":"https:\/\/www.librairieclavreuil.com\/en\/wp-json\/wp\/v2\/types\/product"}],"replies":[{"embeddable":true,"href":"https:\/\/www.librairieclavreuil.com\/en\/wp-json\/wp\/v2\/comments?post=89718"}],"wp:featuredmedia":[{"embeddable":true,"href":"https:\/\/www.librairieclavreuil.com\/en\/wp-json\/wp\/v2\/media\/89799"}],"wp:attachment":[{"href":"https:\/\/www.librairieclavreuil.com\/en\/wp-json\/wp\/v2\/media?parent=89718"}],"wp:term":[{"taxonomy":"product_brand","embeddable":true,"href":"https:\/\/www.librairieclavreuil.com\/en\/wp-json\/wp\/v2\/product_brand?post=89718"},{"taxonomy":"product_cat","embeddable":true,"href":"https:\/\/www.librairieclavreuil.com\/en\/wp-json\/wp\/v2\/product_cat?post=89718"},{"taxonomy":"product_tag","embeddable":true,"href":"https:\/\/www.librairieclavreuil.com\/en\/wp-json\/wp\/v2\/product_tag?post=89718"}],"curies":[{"name":"wp","href":"https:\/\/api.w.org\/{rel}","templated":true}]}}