{"id":89688,"date":"2026-03-10T12:00:46","date_gmt":"2026-03-10T11:00:46","guid":{"rendered":"https:\/\/www.librairieclavreuil.com\/linschoten-jan-huygen-van-histoire-de-la-navigation-aux-indes-orientales-contenant-diverses-descriptions-des-lieux-jusques-a-present-descouverts-par-les-portugais-troisieme-edition-augmentee\/"},"modified":"2026-03-10T14:45:44","modified_gmt":"2026-03-10T13:45:44","slug":"linschoten-jan-huygen-van-histoire-de-la-navigation-aux-indes-orientales-contenant-diverses-descriptions-des-lieux-jusques-a-present-descouverts-par-les-portugais-troisieme-edition-augmentee","status":"publish","type":"product","link":"https:\/\/www.librairieclavreuil.com\/en\/linschoten-jan-huygen-van-histoire-de-la-navigation-aux-indes-orientales-contenant-diverses-descriptions-des-lieux-jusques-a-present-descouverts-par-les-portugais-troisieme-edition-augmentee\/","title":{"rendered":"LINSCHOTEN Jan Huygen van Histoire de la navigation..."},"content":{"rendered":"<p style=\"text-align:justify\"><i>Palau 138584 ; Sabin 41373 ; John Carter Brown Library, III, p. 271 ; The Hill collection of Pacific voyages 1025 (1598) : &#8220;Lisnchoten&#8217;s work, along with Hakluyt&#8217;s, served as a direct stimulus to the building of the vast English and Dutch overseas empires&#8221;.<\/i><\/p>\n<p style=\"text-align:justify\"><span style=\"font-variant:small-caps\">rare french edition of \u201cthis inestimable book, a treasure of all the learning respecting the East and West Indies\u201d (Sabin). The <\/span><i><span style=\"font-variant:small-caps\">Histoire de la navigation aux Indes orientales <\/span><\/i><span style=\"font-variant:small-caps\">is one of the most important early travel books, apparently used by ships sailing to India from Holland. It includes accurate sailing directions to the East Indies and many translations of Spanish and Portuguese documents on geography.<\/span><\/p>\n<p style=\"text-align:justify\">By publishing these forbidden data (routes and maps), Linschoten provided the Dutch and English with practical keys to eastern navigation, which led to the commercial expansion of the Dutch East India Company (VOC).<\/p>\n<p style=\"text-align:justify\">Third edition in French of this famous guide to navigation to the Indies, which is at once a navigation manual, a geopolitical treatise and an atlas.<\/p>\n<p style=\"text-align:justify\">It reproduces exactly the composition established for the second French edition published in Amsterdam in 1619 (the first having been published in 1610).<\/p>\n<p style=\"text-align:justify\">Divided into three parts, the work is based on a corpus of original Spanish and Portuguese documents devoted to geography, ethnography, statistics, and navigation. The text, which combines this scattered knowledge with the author&#8217;s personal experience, is enriched with comments in italics by Bernardus Paludanus.<\/p>\n<p style=\"text-align:justify\">The first part is devoted to the East Indies and Africa, with additional information on China and Japan; the second part deals with the coasts of West Africa, from the Cape of Good Hope to Arabia; and the third part covers North America, including Florida, the Caribbean and Brazil.<\/p>\n<p style=\"text-align:justify\">It was during his long stay in Goa (1583-1589) \u2014 as secretary to the Portuguese archbishop Dom Vicente da Fonseca \u2014 that Jean Hugues de Linschot or Jan Huyghen van Linschoten (1563-1611) discovered the caste system and social customs of India, as well as its flora and fauna. Above all, he gathered information previously kept by the Portuguese concerning sea routes, ports, currents and maps.<\/p>\n<p style=\"text-align:justify\">This edition retains the illustrations from the original Dutch edition of 1596: six maps\u2014five in the first part and one in the third\u2014as well as the 36 beautiful plates inserted in the first part: types and costumes, scenes of daily life, flora, and maps, notably of Goa and Angra.<\/p>\n<p style=\"text-align:justify\">The illustrations also include an engraved title, repeated for parts I and II, an engraved portrait of Jan Huygen van Linschoten, and an engraved vignette at the title of the third part.<\/p>\n<p style=\"text-align:justify\">A reference work since its original publication, this guide was widely distributed among sailors travelling to India. Intensively used, it rarely survived intact; and copies with all their plates and maps intact have become rare.<\/p>\n<p style=\"text-align:justify\">Luxuriously bound, probably for a great bibliophile of the 17<sup>th<\/sup> century, this copy later became part of the collection of the 5th Earl of Essex, George Capell-Coningsby (1757-1839), with his crowned monogram SX in gold on the front cover. A lord and member of parliament, he was responsible for renovating the family home of Cassiobury House (in Watford, Hertfordshire, England), which contained the extensive library maintained by the family and for which a sales catalogue was compiled in 1896, <i>Catalogue of the library in the possession of the Earl of Essex at Cassiobury Park<\/i>.<\/p>\n<p style=\"text-align:justify\">Guard of the Africa map on p. 6 detached; f.D<sub>3<\/sub>, pl. \u201848 in 49\u2019, title of the second part: minor marginal tears with no loss; small tear at a fold on the large map of Goa; pl. \u2018142 in 143\u2019, faint stain; foxing on sections A to G of the second part; a few stains. Slight rubbing to the binding (cuts, joints, spines), and small black stains.<\/p>\n<p style=\"text-align:justify\">A magnificent copy, certainly the nicest extant, luxuriously bound for a great 17th century bibliophile in gilt fleur-de-lis-patterned red morocco.<\/p>\n","protected":false},"excerpt":{"rendered":"<p style=\"text-align:justify\">3 parts in one large 4to volume (195 x 300 mm), I : 4 un.ll., 206 pp. \u2014 II : 2 un.ll., 181 pp. \u2014 III : 1 un.l (title with vignette), 80 pp. (wrongly numbered 86). Contemporary red morocco, Duseuil-style decor with large fleur-de-lis at the corners, gilt monogram SX crowned in the centre of the upper cover, spine with raised bands decorated with fleur-de-lis, red morocco doublures echoing the decoration on the covers, gilt roulette on the edges, gilt edges on marbled paper.<\/p>\n","protected":false},"featured_media":89663,"comment_status":"open","ping_status":"closed","template":"","meta":{"_acf_changed":false},"product_brand":[],"product_cat":[552],"product_tag":[1267,1363,1362,620],"class_list":{"0":"post-89688","1":"product","2":"type-product","3":"status-publish","4":"has-post-thumbnail","6":"product_cat-travel","7":"product_tag-binding","8":"product_tag-caribbean","9":"product_tag-north-america","10":"product_tag-travel","11":"pa_auteur-linschoten-jan-huygen-van-2","12":"pa_type-de-livre-printed-book","14":"first","15":"instock","16":"shipping-taxable","17":"purchasable","18":"product-type-simple"},"acf":{"artist":" Jan Huygen van LINSCHOTEN","chapeau":"The nicest copy extant of \u00ab this inestimable book \u00bb Sabin","adresse_bibliographique":"Amsterdam, Evert Cloppenburgh, 1638","book_type":"Printed book","provenance":"","afficher_prix":""},"yoast_head":"<!-- This site is optimized with the Yoast SEO plugin v24.7 - https:\/\/yoast.com\/wordpress\/plugins\/seo\/ -->\n<title>LINSCHOTEN Jan Huygen van Histoire de la navigation : aux Indes orientales contenant diverses descriptions des lieux jusques \u00e0 present descouverts par les Portugais. Troisi\u00e8me \u00e9dition augment\u00e9e. \u2014 Le Grand routier de mer. Contenant une instruction des routes &amp; cours qu&#039;il convient tenir en la navigation des Indes Orientales. \u2014 Description de l&#039;Am\u00e9rique &amp; des parties d&#039;icelle, comme de la Nouvelle France, Floride, des Antilles, Iucaya, Cuba, Jamaica. - Libairie Clavreuil<\/title>\n<meta name=\"robots\" content=\"index, follow, max-snippet:-1, max-image-preview:large, max-video-preview:-1\" \/>\n<link rel=\"canonical\" href=\"https:\/\/www.librairieclavreuil.com\/en\/linschoten-jan-huygen-van-histoire-de-la-navigation-aux-indes-orientales-contenant-diverses-descriptions-des-lieux-jusques-a-present-descouverts-par-les-portugais-troisieme-edition-augmentee\/\" \/>\n<meta property=\"og:locale\" content=\"en_US\" \/>\n<meta property=\"og:type\" content=\"article\" \/>\n<meta property=\"og:title\" content=\"LINSCHOTEN Jan Huygen van Histoire de la navigation : aux Indes orientales contenant diverses descriptions des lieux jusques \u00e0 present descouverts par les Portugais. Troisi\u00e8me \u00e9dition augment\u00e9e. \u2014 Le Grand routier de mer. Contenant une instruction des routes &amp; cours qu&#039;il convient tenir en la navigation des Indes Orientales. \u2014 Description de l&#039;Am\u00e9rique &amp; des parties d&#039;icelle, comme de la Nouvelle France, Floride, des Antilles, Iucaya, Cuba, Jamaica. - Libairie Clavreuil\" \/>\n<meta property=\"og:description\" content=\"3 parts in one large 4to volume (195 x 300 mm), I : 4 un.ll., 206 pp. \u2014 II : 2 un.ll., 181 pp. \u2014 III : 1 un.l (title with vignette), 80 pp. (wrongly numbered 86). Contemporary red morocco, Duseuil-style decor with large fleur-de-lis at the corners, gilt monogram SX crowned in the centre of the upper cover, spine with raised bands decorated with fleur-de-lis, red morocco doublures echoing the decoration on the covers, gilt roulette on the edges, gilt edges on marbled paper.\" \/>\n<meta property=\"og:url\" content=\"https:\/\/www.librairieclavreuil.com\/en\/linschoten-jan-huygen-van-histoire-de-la-navigation-aux-indes-orientales-contenant-diverses-descriptions-des-lieux-jusques-a-present-descouverts-par-les-portugais-troisieme-edition-augmentee\/\" \/>\n<meta property=\"og:site_name\" content=\"Libairie Clavreuil\" \/>\n<meta property=\"article:modified_time\" content=\"2026-03-10T13:45:44+00:00\" \/>\n<meta property=\"og:image\" content=\"https:\/\/www.librairieclavreuil.com\/wp-content\/uploads\/2026\/03\/c47ad3c8d0479dac30cfb086ab84fa60-linschot-histoiredelanavigation-1638-l1005257-bd.jpg\" \/>\n\t<meta property=\"og:image:width\" content=\"592\" \/>\n\t<meta property=\"og:image:height\" content=\"800\" \/>\n\t<meta property=\"og:image:type\" content=\"image\/jpeg\" \/>\n<meta name=\"twitter:card\" content=\"summary_large_image\" \/>\n<meta name=\"twitter:label1\" content=\"Est. reading time\" \/>\n\t<meta name=\"twitter:data1\" content=\"3 minutes\" \/>\n<script type=\"application\/ld+json\" class=\"yoast-schema-graph\">{\"@context\":\"https:\/\/schema.org\",\"@graph\":[{\"@type\":\"WebPage\",\"@id\":\"https:\/\/www.librairieclavreuil.com\/en\/linschoten-jan-huygen-van-histoire-de-la-navigation-aux-indes-orientales-contenant-diverses-descriptions-des-lieux-jusques-a-present-descouverts-par-les-portugais-troisieme-edition-augmentee\/\",\"url\":\"https:\/\/www.librairieclavreuil.com\/en\/linschoten-jan-huygen-van-histoire-de-la-navigation-aux-indes-orientales-contenant-diverses-descriptions-des-lieux-jusques-a-present-descouverts-par-les-portugais-troisieme-edition-augmentee\/\",\"name\":\"LINSCHOTEN Jan Huygen van Histoire de la navigation : aux Indes orientales contenant diverses descriptions des lieux jusques \u00e0 present descouverts par les Portugais. Troisi\u00e8me \u00e9dition augment\u00e9e. \u2014 Le Grand routier de mer. Contenant une instruction des routes &amp; cours qu'il convient tenir en la navigation des Indes Orientales. \u2014 Description de l'Am\u00e9rique &amp; des parties d'icelle, comme de la Nouvelle France, Floride, des Antilles, Iucaya, Cuba, Jamaica. - Libairie Clavreuil\",\"isPartOf\":{\"@id\":\"https:\/\/www.librairieclavreuil.com\/#website\"},\"primaryImageOfPage\":{\"@id\":\"https:\/\/www.librairieclavreuil.com\/en\/linschoten-jan-huygen-van-histoire-de-la-navigation-aux-indes-orientales-contenant-diverses-descriptions-des-lieux-jusques-a-present-descouverts-par-les-portugais-troisieme-edition-augmentee\/#primaryimage\"},\"image\":{\"@id\":\"https:\/\/www.librairieclavreuil.com\/en\/linschoten-jan-huygen-van-histoire-de-la-navigation-aux-indes-orientales-contenant-diverses-descriptions-des-lieux-jusques-a-present-descouverts-par-les-portugais-troisieme-edition-augmentee\/#primaryimage\"},\"thumbnailUrl\":\"https:\/\/www.librairieclavreuil.com\/wp-content\/uploads\/2026\/03\/c47ad3c8d0479dac30cfb086ab84fa60-linschot-histoiredelanavigation-1638-l1005257-bd.jpg\",\"datePublished\":\"2026-03-10T11:00:46+00:00\",\"dateModified\":\"2026-03-10T13:45:44+00:00\",\"breadcrumb\":{\"@id\":\"https:\/\/www.librairieclavreuil.com\/en\/linschoten-jan-huygen-van-histoire-de-la-navigation-aux-indes-orientales-contenant-diverses-descriptions-des-lieux-jusques-a-present-descouverts-par-les-portugais-troisieme-edition-augmentee\/#breadcrumb\"},\"inLanguage\":\"en-US\",\"potentialAction\":[{\"@type\":\"ReadAction\",\"target\":[\"https:\/\/www.librairieclavreuil.com\/en\/linschoten-jan-huygen-van-histoire-de-la-navigation-aux-indes-orientales-contenant-diverses-descriptions-des-lieux-jusques-a-present-descouverts-par-les-portugais-troisieme-edition-augmentee\/\"]}]},{\"@type\":\"ImageObject\",\"inLanguage\":\"en-US\",\"@id\":\"https:\/\/www.librairieclavreuil.com\/en\/linschoten-jan-huygen-van-histoire-de-la-navigation-aux-indes-orientales-contenant-diverses-descriptions-des-lieux-jusques-a-present-descouverts-par-les-portugais-troisieme-edition-augmentee\/#primaryimage\",\"url\":\"https:\/\/www.librairieclavreuil.com\/wp-content\/uploads\/2026\/03\/c47ad3c8d0479dac30cfb086ab84fa60-linschot-histoiredelanavigation-1638-l1005257-bd.jpg\",\"contentUrl\":\"https:\/\/www.librairieclavreuil.com\/wp-content\/uploads\/2026\/03\/c47ad3c8d0479dac30cfb086ab84fa60-linschot-histoiredelanavigation-1638-l1005257-bd.jpg\",\"width\":592,\"height\":800},{\"@type\":\"BreadcrumbList\",\"@id\":\"https:\/\/www.librairieclavreuil.com\/en\/linschoten-jan-huygen-van-histoire-de-la-navigation-aux-indes-orientales-contenant-diverses-descriptions-des-lieux-jusques-a-present-descouverts-par-les-portugais-troisieme-edition-augmentee\/#breadcrumb\",\"itemListElement\":[{\"@type\":\"ListItem\",\"position\":1,\"name\":\"Accueil\",\"item\":\"https:\/\/www.librairieclavreuil.com\/\"},{\"@type\":\"ListItem\",\"position\":2,\"name\":\"All our books\",\"item\":\"https:\/\/www.librairieclavreuil.com\/en\/all-our-books\/\"},{\"@type\":\"ListItem\",\"position\":3,\"name\":\"LINSCHOTEN Jan Huygen van Histoire de la navigation...\"}]},{\"@type\":\"WebSite\",\"@id\":\"https:\/\/www.librairieclavreuil.com\/#website\",\"url\":\"https:\/\/www.librairieclavreuil.com\/\",\"name\":\"Libairie Clavreuil\",\"description\":\"Livres anciens, manuscrits rares et \u00e9ditions originales \u2013 Librairie Clavreuil\",\"publisher\":{\"@id\":\"https:\/\/www.librairieclavreuil.com\/#organization\"},\"potentialAction\":[{\"@type\":\"SearchAction\",\"target\":{\"@type\":\"EntryPoint\",\"urlTemplate\":\"https:\/\/www.librairieclavreuil.com\/?s={search_term_string}\"},\"query-input\":{\"@type\":\"PropertyValueSpecification\",\"valueRequired\":true,\"valueName\":\"search_term_string\"}}],\"inLanguage\":\"en-US\"},{\"@type\":\"Organization\",\"@id\":\"https:\/\/www.librairieclavreuil.com\/#organization\",\"name\":\"Libairie Clavreuil\",\"url\":\"https:\/\/www.librairieclavreuil.com\/\",\"logo\":{\"@type\":\"ImageObject\",\"inLanguage\":\"en-US\",\"@id\":\"https:\/\/www.librairieclavreuil.com\/#\/schema\/logo\/image\/\",\"url\":\"https:\/\/www.librairieclavreuil.com\/wp-content\/uploads\/2021\/06\/cropped-LOGO_PNG_DATE-_gold-512x512-1.png\",\"contentUrl\":\"https:\/\/www.librairieclavreuil.com\/wp-content\/uploads\/2021\/06\/cropped-LOGO_PNG_DATE-_gold-512x512-1.png\",\"width\":512,\"height\":512,\"caption\":\"Libairie Clavreuil\"},\"image\":{\"@id\":\"https:\/\/www.librairieclavreuil.com\/#\/schema\/logo\/image\/\"},\"sameAs\":[\"https:\/\/www.instagram.com\/librairieclavreuil\/\"]}]}<\/script>\n<!-- \/ Yoast SEO plugin. -->","yoast_head_json":{"title":"LINSCHOTEN Jan Huygen van Histoire de la navigation : aux Indes orientales contenant diverses descriptions des lieux jusques \u00e0 present descouverts par les Portugais. Troisi\u00e8me \u00e9dition augment\u00e9e. \u2014 Le Grand routier de mer. Contenant une instruction des routes &amp; cours qu'il convient tenir en la navigation des Indes Orientales. \u2014 Description de l'Am\u00e9rique &amp; des parties d'icelle, comme de la Nouvelle France, Floride, des Antilles, Iucaya, Cuba, Jamaica. - Libairie Clavreuil","robots":{"index":"index","follow":"follow","max-snippet":"max-snippet:-1","max-image-preview":"max-image-preview:large","max-video-preview":"max-video-preview:-1"},"canonical":"https:\/\/www.librairieclavreuil.com\/en\/linschoten-jan-huygen-van-histoire-de-la-navigation-aux-indes-orientales-contenant-diverses-descriptions-des-lieux-jusques-a-present-descouverts-par-les-portugais-troisieme-edition-augmentee\/","og_locale":"en_US","og_type":"article","og_title":"LINSCHOTEN Jan Huygen van Histoire de la navigation : aux Indes orientales contenant diverses descriptions des lieux jusques \u00e0 present descouverts par les Portugais. Troisi\u00e8me \u00e9dition augment\u00e9e. \u2014 Le Grand routier de mer. Contenant une instruction des routes &amp; cours qu'il convient tenir en la navigation des Indes Orientales. \u2014 Description de l'Am\u00e9rique &amp; des parties d'icelle, comme de la Nouvelle France, Floride, des Antilles, Iucaya, Cuba, Jamaica. - Libairie Clavreuil","og_description":"3 parts in one large 4to volume (195 x 300 mm), I : 4 un.ll., 206 pp. \u2014 II : 2 un.ll., 181 pp. \u2014 III : 1 un.l (title with vignette), 80 pp. (wrongly numbered 86). Contemporary red morocco, Duseuil-style decor with large fleur-de-lis at the corners, gilt monogram SX crowned in the centre of the upper cover, spine with raised bands decorated with fleur-de-lis, red morocco doublures echoing the decoration on the covers, gilt roulette on the edges, gilt edges on marbled paper.","og_url":"https:\/\/www.librairieclavreuil.com\/en\/linschoten-jan-huygen-van-histoire-de-la-navigation-aux-indes-orientales-contenant-diverses-descriptions-des-lieux-jusques-a-present-descouverts-par-les-portugais-troisieme-edition-augmentee\/","og_site_name":"Libairie Clavreuil","article_modified_time":"2026-03-10T13:45:44+00:00","og_image":[{"width":592,"height":800,"url":"https:\/\/www.librairieclavreuil.com\/wp-content\/uploads\/2026\/03\/c47ad3c8d0479dac30cfb086ab84fa60-linschot-histoiredelanavigation-1638-l1005257-bd.jpg","type":"image\/jpeg"}],"twitter_card":"summary_large_image","twitter_misc":{"Est. reading time":"3 minutes"},"schema":{"@context":"https:\/\/schema.org","@graph":[{"@type":"WebPage","@id":"https:\/\/www.librairieclavreuil.com\/en\/linschoten-jan-huygen-van-histoire-de-la-navigation-aux-indes-orientales-contenant-diverses-descriptions-des-lieux-jusques-a-present-descouverts-par-les-portugais-troisieme-edition-augmentee\/","url":"https:\/\/www.librairieclavreuil.com\/en\/linschoten-jan-huygen-van-histoire-de-la-navigation-aux-indes-orientales-contenant-diverses-descriptions-des-lieux-jusques-a-present-descouverts-par-les-portugais-troisieme-edition-augmentee\/","name":"LINSCHOTEN Jan Huygen van Histoire de la navigation : aux Indes orientales contenant diverses descriptions des lieux jusques \u00e0 present descouverts par les Portugais. Troisi\u00e8me \u00e9dition augment\u00e9e. \u2014 Le Grand routier de mer. Contenant une instruction des routes &amp; cours qu'il convient tenir en la navigation des Indes Orientales. \u2014 Description de l'Am\u00e9rique &amp; des parties d'icelle, comme de la Nouvelle France, Floride, des Antilles, Iucaya, Cuba, Jamaica. - Libairie Clavreuil","isPartOf":{"@id":"https:\/\/www.librairieclavreuil.com\/#website"},"primaryImageOfPage":{"@id":"https:\/\/www.librairieclavreuil.com\/en\/linschoten-jan-huygen-van-histoire-de-la-navigation-aux-indes-orientales-contenant-diverses-descriptions-des-lieux-jusques-a-present-descouverts-par-les-portugais-troisieme-edition-augmentee\/#primaryimage"},"image":{"@id":"https:\/\/www.librairieclavreuil.com\/en\/linschoten-jan-huygen-van-histoire-de-la-navigation-aux-indes-orientales-contenant-diverses-descriptions-des-lieux-jusques-a-present-descouverts-par-les-portugais-troisieme-edition-augmentee\/#primaryimage"},"thumbnailUrl":"https:\/\/www.librairieclavreuil.com\/wp-content\/uploads\/2026\/03\/c47ad3c8d0479dac30cfb086ab84fa60-linschot-histoiredelanavigation-1638-l1005257-bd.jpg","datePublished":"2026-03-10T11:00:46+00:00","dateModified":"2026-03-10T13:45:44+00:00","breadcrumb":{"@id":"https:\/\/www.librairieclavreuil.com\/en\/linschoten-jan-huygen-van-histoire-de-la-navigation-aux-indes-orientales-contenant-diverses-descriptions-des-lieux-jusques-a-present-descouverts-par-les-portugais-troisieme-edition-augmentee\/#breadcrumb"},"inLanguage":"en-US","potentialAction":[{"@type":"ReadAction","target":["https:\/\/www.librairieclavreuil.com\/en\/linschoten-jan-huygen-van-histoire-de-la-navigation-aux-indes-orientales-contenant-diverses-descriptions-des-lieux-jusques-a-present-descouverts-par-les-portugais-troisieme-edition-augmentee\/"]}]},{"@type":"ImageObject","inLanguage":"en-US","@id":"https:\/\/www.librairieclavreuil.com\/en\/linschoten-jan-huygen-van-histoire-de-la-navigation-aux-indes-orientales-contenant-diverses-descriptions-des-lieux-jusques-a-present-descouverts-par-les-portugais-troisieme-edition-augmentee\/#primaryimage","url":"https:\/\/www.librairieclavreuil.com\/wp-content\/uploads\/2026\/03\/c47ad3c8d0479dac30cfb086ab84fa60-linschot-histoiredelanavigation-1638-l1005257-bd.jpg","contentUrl":"https:\/\/www.librairieclavreuil.com\/wp-content\/uploads\/2026\/03\/c47ad3c8d0479dac30cfb086ab84fa60-linschot-histoiredelanavigation-1638-l1005257-bd.jpg","width":592,"height":800},{"@type":"BreadcrumbList","@id":"https:\/\/www.librairieclavreuil.com\/en\/linschoten-jan-huygen-van-histoire-de-la-navigation-aux-indes-orientales-contenant-diverses-descriptions-des-lieux-jusques-a-present-descouverts-par-les-portugais-troisieme-edition-augmentee\/#breadcrumb","itemListElement":[{"@type":"ListItem","position":1,"name":"Accueil","item":"https:\/\/www.librairieclavreuil.com\/"},{"@type":"ListItem","position":2,"name":"All our books","item":"https:\/\/www.librairieclavreuil.com\/en\/all-our-books\/"},{"@type":"ListItem","position":3,"name":"LINSCHOTEN Jan Huygen van Histoire de la navigation..."}]},{"@type":"WebSite","@id":"https:\/\/www.librairieclavreuil.com\/#website","url":"https:\/\/www.librairieclavreuil.com\/","name":"Libairie Clavreuil","description":"Livres anciens, manuscrits rares et \u00e9ditions originales \u2013 Librairie Clavreuil","publisher":{"@id":"https:\/\/www.librairieclavreuil.com\/#organization"},"potentialAction":[{"@type":"SearchAction","target":{"@type":"EntryPoint","urlTemplate":"https:\/\/www.librairieclavreuil.com\/?s={search_term_string}"},"query-input":{"@type":"PropertyValueSpecification","valueRequired":true,"valueName":"search_term_string"}}],"inLanguage":"en-US"},{"@type":"Organization","@id":"https:\/\/www.librairieclavreuil.com\/#organization","name":"Libairie Clavreuil","url":"https:\/\/www.librairieclavreuil.com\/","logo":{"@type":"ImageObject","inLanguage":"en-US","@id":"https:\/\/www.librairieclavreuil.com\/#\/schema\/logo\/image\/","url":"https:\/\/www.librairieclavreuil.com\/wp-content\/uploads\/2021\/06\/cropped-LOGO_PNG_DATE-_gold-512x512-1.png","contentUrl":"https:\/\/www.librairieclavreuil.com\/wp-content\/uploads\/2021\/06\/cropped-LOGO_PNG_DATE-_gold-512x512-1.png","width":512,"height":512,"caption":"Libairie Clavreuil"},"image":{"@id":"https:\/\/www.librairieclavreuil.com\/#\/schema\/logo\/image\/"},"sameAs":["https:\/\/www.instagram.com\/librairieclavreuil\/"]}]}},"jetpack_sharing_enabled":true,"_links":{"self":[{"href":"https:\/\/www.librairieclavreuil.com\/en\/wp-json\/wp\/v2\/product\/89688","targetHints":{"allow":["GET"]}}],"collection":[{"href":"https:\/\/www.librairieclavreuil.com\/en\/wp-json\/wp\/v2\/product"}],"about":[{"href":"https:\/\/www.librairieclavreuil.com\/en\/wp-json\/wp\/v2\/types\/product"}],"replies":[{"embeddable":true,"href":"https:\/\/www.librairieclavreuil.com\/en\/wp-json\/wp\/v2\/comments?post=89688"}],"wp:featuredmedia":[{"embeddable":true,"href":"https:\/\/www.librairieclavreuil.com\/en\/wp-json\/wp\/v2\/media\/89663"}],"wp:attachment":[{"href":"https:\/\/www.librairieclavreuil.com\/en\/wp-json\/wp\/v2\/media?parent=89688"}],"wp:term":[{"taxonomy":"product_brand","embeddable":true,"href":"https:\/\/www.librairieclavreuil.com\/en\/wp-json\/wp\/v2\/product_brand?post=89688"},{"taxonomy":"product_cat","embeddable":true,"href":"https:\/\/www.librairieclavreuil.com\/en\/wp-json\/wp\/v2\/product_cat?post=89688"},{"taxonomy":"product_tag","embeddable":true,"href":"https:\/\/www.librairieclavreuil.com\/en\/wp-json\/wp\/v2\/product_tag?post=89688"}],"curies":[{"name":"wp","href":"https:\/\/api.w.org\/{rel}","templated":true}]}}