{"id":89631,"date":"2026-03-10T11:50:52","date_gmt":"2026-03-10T10:50:52","guid":{"rendered":"https:\/\/www.librairieclavreuil.com\/cabinet-du-roi-2026-02-0003\/"},"modified":"2026-03-14T12:42:42","modified_gmt":"2026-03-14T11:42:42","slug":"cabinet-du-roi-2026-02-0003","status":"publish","type":"product","link":"https:\/\/www.librairieclavreuil.com\/en\/cabinet-du-roi-2026-02-0003\/","title":{"rendered":"CABINET DU ROI"},"content":{"rendered":"<p style=\"text-align:justify\"><span style=\"color:#333333\"><i>Andr\u00e9 Jammes. Louis XIV, sa Biblioth\u00e8que et le Cabinet du Roi&nbsp; in The Library, Fifth Series, vol. XX, March 1965&#8211;Marianne Grivel. Le Cabinet du Roi, in Revue de la Biblioth\u00e8que Nationale, n\u00b0 18, Hiver 1985, 5e ann\u00e9e&#8211;Georges Duplessis. Le Cabinet du Roi. Paris, Bachelin, 1869&#8211;Catalogue des volumes d&#8217;Estampes dont les planches sont \u00e0 la Biblioth\u00e8que du Roy. Paris, Imprimerie Royale, 1743&#8211;Brunet, I, p. 1442-1444.<\/i><\/span><\/p>\n<p style=\"text-align:justify\"><span style=\"font-variant:small-caps\">A monumental collection of engravings known as the Cabinet du Roi, the result of a huge undertaking to celebrate the power, splendour and glory of Louis XIV. An exceptional copy in blue morocco with the royal coat of arms from the Ch\u00e2teau de Vaux-le-Vicomte.<\/span><\/p>\n<p style=\"text-align:justify\">It is, relatively speaking of course, the equivalent of the graphic communication of the Palace of Versailles in the field of architecture. The Cabinet du Roi is the first and most significant of the great richly illustrated works published in the 18<sup>th<\/sup> and 19th centuries by European sovereigns to glorify their reigns.<\/p>\n<p style=\"text-align:justify\">In 1662, at the instigation and under the supervision of Colbert, the best artists of the time were brought together for the project: Le Brun, Isra\u00ebl Silvestre, Van der Meulen, Jean Le Pautre, S\u00e9bastien Le Clerc, Claude Mellan and G\u00e9rard Edelinck. The engravings illustrated a variety of subjects: the king&#8217;s collections (paintings, tapestries, statues and medals); royal buildings and gardens (the Louvre, Versailles, Les Invalides, etc.); celebrations; and the military campaigns of the Sun King.<\/p>\n<p style=\"text-align:justify\">From 1670 onwards, when a sufficient number of engravings on the same subject became available, they were compiled into collections. Examples include the Courses de t\u00eates et de bagues (Head and Ring Races) organised in 1662 and published in 1670, etc. The formats of these collections range from in-plano to in-8 (e.g. Le Labyrinthe de Versailles (The Labyrinth of Versailles)).<\/p>\n<p style=\"text-align:justify\">This collection was constantly expanded, at least until 1697. Louvois, Minister of War, was particularly interested in collections celebrating Louis XIV&#8217;s military campaigns.<\/p>\n<p style=\"text-align:justify\">The general intention of propaganda was deliberate and obvious. But it was also a form of patronage that enabled the French school of interpretive engraving to flourish. These engravings and collections were widely distributed. Some copies of the collections, luxuriously bound in red morocco leather, were presented to foreign sovereigns by the king&#8217;s ambassadors. They were also given to important figures in the royal entourage. The management of the engraved copper plates, prints, stocks and distribution was entrusted to the King&#8217;s Library.<\/p>\n<p style=\"text-align:justify\">At the beginning of the 18th century, the stocks of engravings were almost exhausted. In order to remedy this situation, and also to make a particularly costly, even ruinous, enterprise profitable, Abb\u00e9 Bignon, the king&#8217;s librarian, decided to compensate for this shortage.<\/p>\n<p style=\"text-align:justify\">It was also undoubtedly a question of recalling the prestige of the dynasty to which the young sovereign Louis XV, who had recently ascended the throne, belonged.<\/p>\n<p style=\"text-align:justify\">From 1723 onwards, these disparate collections were therefore published in a uniform manner in 23 volumes, all in the same grand-aigle format and all on the same high-quality paper. The print run was small: around fifty copies (cf. Marianne Grivel, p. 13).<\/p>\n<p style=\"text-align:justify\">Thus, \u2018the collection known as the <i>Cabinet du Roi<\/i> was not actually formed until around 1727, when the first catalogue was published. Until then, the plates engraved by order of the king were produced individually, and only a few works forming a homogeneous whole had been published as a body of work\u2019 (Georges Duplessis).<\/p>\n<p style=\"text-align:justify\">Although we know that the presses assigned to the king&#8217;s prints operated until 1788, it is not known whether new complete prints of the entire collection were made after 1727.<\/p>\n<p style=\"text-align:justify\">The bindings of the twenty-one volumes in blue morocco leather denote, by their luxury, particular attention.<\/p>\n<p style=\"text-align:justify\">This copy, complete with all 139 engravings after Van der Meulen, in which the <i>Tableaux<\/i> and <i>Statues<\/i> are separated, probably belongs to this extremely rare initial print run undertaken from 1723 onwards.<\/p>\n<p style=\"text-align:justify\">Total number of illustrations: 794 engravings on 666 sheets.<\/p>\n<p style=\"text-align:justify\">Details of the volumes&nbsp;:<\/p>\n<p style=\"text-align:justify\"><span style=\"color:#333333\">I.&nbsp;<i>Tableaux du Roy.<\/i>&nbsp;Representing seven subjects from the Old Testament, twenty-two from the New Testament, five from fables, one from secular history, and three allegorical subjects. 35 engravings (out of 38)<\/span><br \/><span style=\"color:#333333\">II. Missing.&nbsp;<i>Tableaux du Roy.<\/i>&nbsp;Depicting five subjects from the history of Alexander the Great, engraved after Le Brun.<\/span><br \/><span style=\"color:#333333\">III.&nbsp;<i>M\u00e9daillons antiques.<\/i>&nbsp;41 engravings by La Boissiere, with as many numbered half-sheets (tiny tear on plates 1 and 35, explanatory half-sheets missing, replaced by 19 handwritten explanatory half-sheets).<\/span><br \/><span style=\"color:#333333\">IV.&nbsp;<i>Plans, \u00e9l\u00e9vations et v\u00fbes des ch\u00e2teaux du Louvre et des Tuileries.<\/i>&nbsp;40 engravings.<\/span><br \/><span style=\"color:#333333\">V.&nbsp; <i>Plans, \u00e9l\u00e9vations et v\u00fbes du ch\u00e2teaux de Versailles<\/i>.&nbsp;29 engravings including &#8221;La Franche Comt\u00e9 conquise pour la seconde fois, 1674&#8243; par Simmoneau.<\/span><br \/><span style=\"color:#333333\">VI. Missing.&nbsp;<i>Grotte, Labyrinthe, Fontaines et Bassins de Versailles.<\/i><\/span><br \/><span style=\"color:#333333\">VII.&nbsp;<i>Statues du Roy antiques et modernes,<\/i>&nbsp;engraved by Edelinck, Audran, Le Pautre, Chauveau, Mellan and Baudet. 48 engravings.<\/span><br \/><span style=\"color:#333333\">VIII.&nbsp;<i>Termes, Bustes, Sphinx et vases du Roy<\/i>, engraved by Le Pautre, Mellan, Baudet. 51 engravings.<\/span><br \/><span style=\"color:#333333\">IX.&nbsp;<i>Tapisseries du Roy<\/i>, grav\u00e9es d&#8217;apr\u00e8s Le Brun par S\u00e9bastien Le Clerc. 48 engravings on 32 sheets.<\/span><br \/><span style=\"color:#333333\">X.&nbsp;<i>Carrousel. Courses de t\u00eates et de bagues.<\/i>&nbsp;97 engravings on 43 sheets.<\/span><br \/><span style=\"color:#333333\">XI.<i>&nbsp;Festes de Versailles<\/i>. 20 engravings.<\/span><br \/><span style=\"color:#333333\">XII.&nbsp;<i>Plans, \u00e9l\u00e9vations, vues, coupes et profils de l&#8217;H\u00f6tel Royal de Invalides<\/i>, grav\u00e9s par Marot, Le Pautre et Scotin. 23 engravings.<\/span><br \/><span style=\"color:#333333\">XIII.&nbsp;<i>Plans, profils, \u00e9l\u00e9vations et v\u00fbes de diff\u00e9rentes Maisons Royales<\/i>, grav\u00e9s par La Boissiere, Marot, Brissart, Sylvestre, Dorbay. 26 engravings.<\/span><br \/><span style=\"color:#333333\">XIV.&nbsp;<i>Profils et v\u00fbes de quelques lieux de remarque, avec divers plans d\u00e9tach\u00e9s, de villes, citadelles et ch\u00e2teaux<\/i>, grav\u00e9s par Audran, Sylvestre, Le Pautre. 19 engravings.<\/span><br \/><span style=\"color:#333333\">XV.&nbsp;<i>Plans et profils appellez communement les Petites Conquestes servant \u00e0 l&#8217;histoire de Louis XIV<\/i>&nbsp;grav\u00e9s par Ch\u00e2tillon, Colin, Le Clerc, Marot et Dolivart. 40 engravings.<\/span><br \/><span style=\"color:#333333\">XVI.&nbsp;<i>V\u00fbes, marches, entr\u00e9es, passages et autres sujets servant \u00e0 l&#8217;Histoire de Louis XIV<\/i>&nbsp;grav\u00e9s d&#8217;apr\u00e8s Van der Meulen. 18 engravings.<\/span><br \/><span style=\"color:#333333\">XVII.&nbsp;<i>V\u00fbes, entr\u00e9es et autres sujets servant \u00e0 l&#8217;Histoire de Louis XIV<\/i>&nbsp;grav\u00e9s d&#8217;apr\u00e8s Van der Meulen. 23 engravings.<\/span><br \/><span style=\"color:#333333\">XVIII.&nbsp;<i>Paysages, Morceaux d&#8217;\u00e9tudes<\/i>&#8230;, grav\u00e9s d&#8217;apr\u00e8s Van der Meulen par Baudoins, Huchtenburgh.&nbsp;98 engravings on 40 sheets.<\/span><br \/><span style=\"color:#333333\">XIX.&nbsp;<i>Plans, profils et v\u00fbes de camps, places, si\u00e8ges et batailles servant \u00e0 l&#8217;histoire de Louis XIV<\/i>&nbsp;engraved after Beaulieu by Colignon, Cochin, Perelle. 24 engravings.<\/span><br \/><span style=\"color:#333333\">XX.&nbsp;<i>Plans, profils et v\u00fbes de camps, places, si\u00e8ges et batailles servant \u00e0 l&#8217;histoire de Louis XIV<\/i>&nbsp;grav\u00e9s d&#8217;apr\u00e8s Beaulieu. Ann\u00e9e 1645. 28 engravings.<\/span><br \/><span style=\"color:#333333\">XXI.&nbsp;<i>Plans, profils et v\u00fbes de camps, places, si\u00e8ges et batailles servant \u00e0 l&#8217;histoire de Louis XIV<\/i>&nbsp;engraved after Beaulieu Ann\u00e9e 1646-1648.&nbsp;31 engravings.<\/span><br \/><span style=\"color:#333333\">XXII.&nbsp;<i>Plans, profils et v\u00fbes de camps, places, si\u00e8ges et batailles servant \u00e0 l&#8217;histoire de Louis XIV<\/i>&nbsp;engraved after Beaulieu. Ann\u00e9e 1650, 1654-1659. 28 engravings.<\/span><br \/><span style=\"color:#333333\">XXIII.&nbsp;<i>Plans, profils et v\u00fbes de camps, places, si\u00e8ges et batailles servant \u00e0 l&#8217;histoire de Louis XIV<\/i>&nbsp;engraved after Beaulieu. Ann\u00e9e 1662, 1668, 1673, 1674, 1676-1677, 1684-1685, 1688, 1691-1694, 1697. 27 engravings.<\/span><\/p>\n<p style=\"text-align:justify\">Light wear to the binding (some spines faded, defects to head, foot and hinges). Some pages browned.<\/p>\n<p style=\"text-align:justify\"><span style=\"color:#333333\">Provenance&nbsp;: Edme Sommier \u2013 Patrice de Vog\u00fc\u00e9 (ch\u00e2teau de Vaux-le-Vicomte)- French private collector.<\/span><\/p>\n","protected":false},"excerpt":{"rendered":"<p style=\"text-align:justify\"><span style=\"color:#333333\">21 large folio volumes (625 x 450&nbsp;mm). <\/span>Contemporary blue morocco, double frame with triple gilt fillets, crowned gold letter in the corners, royal arms in the centre, spine decorated with gilt crowned letter and fleurs-de-lis, gilt edges.<\/p>\n","protected":false},"featured_media":89606,"comment_status":"open","ping_status":"closed","template":"","meta":{"_acf_changed":false},"product_brand":[],"product_cat":[530],"product_tag":[1240,1267,1450],"class_list":{"0":"post-89631","1":"product","2":"type-product","3":"status-publish","4":"has-post-thumbnail","6":"product_cat-binding","7":"product_tag-18th-century-illustrations","8":"product_tag-binding","9":"product_tag-first-edition","10":"pa_auteur-cabinet-du-roi-2","11":"pa_type-de-livre-printed-book","13":"first","14":"instock","15":"shipping-taxable","16":"purchasable","17":"product-type-simple"},"acf":{"artist":"CABINET DU ROI","chapeau":"The grandeur of the Sun King","adresse_bibliographique":"Paris, De l'Imprimerie Royale, 1723-1727","book_type":"Printed book","provenance":"","afficher_prix":""},"yoast_head":"<!-- This site is optimized with the Yoast SEO plugin v24.7 - https:\/\/yoast.com\/wordpress\/plugins\/seo\/ -->\n<title>CABINET DU ROI  - Libairie Clavreuil<\/title>\n<meta name=\"robots\" content=\"index, follow, max-snippet:-1, max-image-preview:large, max-video-preview:-1\" \/>\n<link rel=\"canonical\" href=\"https:\/\/www.librairieclavreuil.com\/en\/cabinet-du-roi-2026-02-0003\/\" \/>\n<meta property=\"og:locale\" content=\"en_US\" \/>\n<meta property=\"og:type\" content=\"article\" \/>\n<meta property=\"og:title\" content=\"CABINET DU ROI  - Libairie Clavreuil\" \/>\n<meta property=\"og:description\" content=\"21 large folio volumes (625 x 450&nbsp;mm). Contemporary blue morocco, double frame with triple gilt fillets, crowned gold letter in the corners, royal arms in the centre, spine decorated with gilt crowned letter and fleurs-de-lis, gilt edges.\" \/>\n<meta property=\"og:url\" content=\"https:\/\/www.librairieclavreuil.com\/en\/cabinet-du-roi-2026-02-0003\/\" \/>\n<meta property=\"og:site_name\" content=\"Libairie Clavreuil\" \/>\n<meta property=\"article:modified_time\" content=\"2026-03-14T11:42:42+00:00\" \/>\n<meta property=\"og:image\" content=\"https:\/\/www.librairieclavreuil.com\/wp-content\/uploads\/2026\/03\/anonyme-cabinet-du-roi-9936-6999dc878787c.jpg\" \/>\n\t<meta property=\"og:image:width\" content=\"800\" \/>\n\t<meta property=\"og:image:height\" content=\"515\" \/>\n\t<meta property=\"og:image:type\" content=\"image\/jpeg\" \/>\n<meta name=\"twitter:card\" content=\"summary_large_image\" \/>\n<meta name=\"twitter:label1\" content=\"Est. reading time\" \/>\n\t<meta name=\"twitter:data1\" content=\"6 minutes\" \/>\n<script type=\"application\/ld+json\" class=\"yoast-schema-graph\">{\"@context\":\"https:\/\/schema.org\",\"@graph\":[{\"@type\":\"WebPage\",\"@id\":\"https:\/\/www.librairieclavreuil.com\/en\/cabinet-du-roi-2026-02-0003\/\",\"url\":\"https:\/\/www.librairieclavreuil.com\/en\/cabinet-du-roi-2026-02-0003\/\",\"name\":\"CABINET DU ROI - Libairie Clavreuil\",\"isPartOf\":{\"@id\":\"https:\/\/www.librairieclavreuil.com\/#website\"},\"primaryImageOfPage\":{\"@id\":\"https:\/\/www.librairieclavreuil.com\/en\/cabinet-du-roi-2026-02-0003\/#primaryimage\"},\"image\":{\"@id\":\"https:\/\/www.librairieclavreuil.com\/en\/cabinet-du-roi-2026-02-0003\/#primaryimage\"},\"thumbnailUrl\":\"https:\/\/www.librairieclavreuil.com\/wp-content\/uploads\/2026\/03\/anonyme-cabinet-du-roi-9936-6999dc878787c.jpg\",\"datePublished\":\"2026-03-10T10:50:52+00:00\",\"dateModified\":\"2026-03-14T11:42:42+00:00\",\"breadcrumb\":{\"@id\":\"https:\/\/www.librairieclavreuil.com\/en\/cabinet-du-roi-2026-02-0003\/#breadcrumb\"},\"inLanguage\":\"en-US\",\"potentialAction\":[{\"@type\":\"ReadAction\",\"target\":[\"https:\/\/www.librairieclavreuil.com\/en\/cabinet-du-roi-2026-02-0003\/\"]}]},{\"@type\":\"ImageObject\",\"inLanguage\":\"en-US\",\"@id\":\"https:\/\/www.librairieclavreuil.com\/en\/cabinet-du-roi-2026-02-0003\/#primaryimage\",\"url\":\"https:\/\/www.librairieclavreuil.com\/wp-content\/uploads\/2026\/03\/anonyme-cabinet-du-roi-9936-6999dc878787c.jpg\",\"contentUrl\":\"https:\/\/www.librairieclavreuil.com\/wp-content\/uploads\/2026\/03\/anonyme-cabinet-du-roi-9936-6999dc878787c.jpg\",\"width\":800,\"height\":515},{\"@type\":\"BreadcrumbList\",\"@id\":\"https:\/\/www.librairieclavreuil.com\/en\/cabinet-du-roi-2026-02-0003\/#breadcrumb\",\"itemListElement\":[{\"@type\":\"ListItem\",\"position\":1,\"name\":\"Accueil\",\"item\":\"https:\/\/www.librairieclavreuil.com\/\"},{\"@type\":\"ListItem\",\"position\":2,\"name\":\"All our books\",\"item\":\"https:\/\/www.librairieclavreuil.com\/en\/all-our-books\/\"},{\"@type\":\"ListItem\",\"position\":3,\"name\":\"CABINET DU ROI\"}]},{\"@type\":\"WebSite\",\"@id\":\"https:\/\/www.librairieclavreuil.com\/#website\",\"url\":\"https:\/\/www.librairieclavreuil.com\/\",\"name\":\"Libairie Clavreuil\",\"description\":\"Livres anciens, manuscrits rares et \u00e9ditions originales \u2013 Librairie Clavreuil\",\"publisher\":{\"@id\":\"https:\/\/www.librairieclavreuil.com\/#organization\"},\"potentialAction\":[{\"@type\":\"SearchAction\",\"target\":{\"@type\":\"EntryPoint\",\"urlTemplate\":\"https:\/\/www.librairieclavreuil.com\/?s={search_term_string}\"},\"query-input\":{\"@type\":\"PropertyValueSpecification\",\"valueRequired\":true,\"valueName\":\"search_term_string\"}}],\"inLanguage\":\"en-US\"},{\"@type\":\"Organization\",\"@id\":\"https:\/\/www.librairieclavreuil.com\/#organization\",\"name\":\"Libairie Clavreuil\",\"url\":\"https:\/\/www.librairieclavreuil.com\/\",\"logo\":{\"@type\":\"ImageObject\",\"inLanguage\":\"en-US\",\"@id\":\"https:\/\/www.librairieclavreuil.com\/#\/schema\/logo\/image\/\",\"url\":\"https:\/\/www.librairieclavreuil.com\/wp-content\/uploads\/2021\/06\/cropped-LOGO_PNG_DATE-_gold-512x512-1.png\",\"contentUrl\":\"https:\/\/www.librairieclavreuil.com\/wp-content\/uploads\/2021\/06\/cropped-LOGO_PNG_DATE-_gold-512x512-1.png\",\"width\":512,\"height\":512,\"caption\":\"Libairie Clavreuil\"},\"image\":{\"@id\":\"https:\/\/www.librairieclavreuil.com\/#\/schema\/logo\/image\/\"},\"sameAs\":[\"https:\/\/www.instagram.com\/librairieclavreuil\/\"]}]}<\/script>\n<!-- \/ Yoast SEO plugin. -->","yoast_head_json":{"title":"CABINET DU ROI  - Libairie Clavreuil","robots":{"index":"index","follow":"follow","max-snippet":"max-snippet:-1","max-image-preview":"max-image-preview:large","max-video-preview":"max-video-preview:-1"},"canonical":"https:\/\/www.librairieclavreuil.com\/en\/cabinet-du-roi-2026-02-0003\/","og_locale":"en_US","og_type":"article","og_title":"CABINET DU ROI  - Libairie Clavreuil","og_description":"21 large folio volumes (625 x 450&nbsp;mm). Contemporary blue morocco, double frame with triple gilt fillets, crowned gold letter in the corners, royal arms in the centre, spine decorated with gilt crowned letter and fleurs-de-lis, gilt edges.","og_url":"https:\/\/www.librairieclavreuil.com\/en\/cabinet-du-roi-2026-02-0003\/","og_site_name":"Libairie Clavreuil","article_modified_time":"2026-03-14T11:42:42+00:00","og_image":[{"width":800,"height":515,"url":"https:\/\/www.librairieclavreuil.com\/wp-content\/uploads\/2026\/03\/anonyme-cabinet-du-roi-9936-6999dc878787c.jpg","type":"image\/jpeg"}],"twitter_card":"summary_large_image","twitter_misc":{"Est. reading time":"6 minutes"},"schema":{"@context":"https:\/\/schema.org","@graph":[{"@type":"WebPage","@id":"https:\/\/www.librairieclavreuil.com\/en\/cabinet-du-roi-2026-02-0003\/","url":"https:\/\/www.librairieclavreuil.com\/en\/cabinet-du-roi-2026-02-0003\/","name":"CABINET DU ROI - Libairie Clavreuil","isPartOf":{"@id":"https:\/\/www.librairieclavreuil.com\/#website"},"primaryImageOfPage":{"@id":"https:\/\/www.librairieclavreuil.com\/en\/cabinet-du-roi-2026-02-0003\/#primaryimage"},"image":{"@id":"https:\/\/www.librairieclavreuil.com\/en\/cabinet-du-roi-2026-02-0003\/#primaryimage"},"thumbnailUrl":"https:\/\/www.librairieclavreuil.com\/wp-content\/uploads\/2026\/03\/anonyme-cabinet-du-roi-9936-6999dc878787c.jpg","datePublished":"2026-03-10T10:50:52+00:00","dateModified":"2026-03-14T11:42:42+00:00","breadcrumb":{"@id":"https:\/\/www.librairieclavreuil.com\/en\/cabinet-du-roi-2026-02-0003\/#breadcrumb"},"inLanguage":"en-US","potentialAction":[{"@type":"ReadAction","target":["https:\/\/www.librairieclavreuil.com\/en\/cabinet-du-roi-2026-02-0003\/"]}]},{"@type":"ImageObject","inLanguage":"en-US","@id":"https:\/\/www.librairieclavreuil.com\/en\/cabinet-du-roi-2026-02-0003\/#primaryimage","url":"https:\/\/www.librairieclavreuil.com\/wp-content\/uploads\/2026\/03\/anonyme-cabinet-du-roi-9936-6999dc878787c.jpg","contentUrl":"https:\/\/www.librairieclavreuil.com\/wp-content\/uploads\/2026\/03\/anonyme-cabinet-du-roi-9936-6999dc878787c.jpg","width":800,"height":515},{"@type":"BreadcrumbList","@id":"https:\/\/www.librairieclavreuil.com\/en\/cabinet-du-roi-2026-02-0003\/#breadcrumb","itemListElement":[{"@type":"ListItem","position":1,"name":"Accueil","item":"https:\/\/www.librairieclavreuil.com\/"},{"@type":"ListItem","position":2,"name":"All our books","item":"https:\/\/www.librairieclavreuil.com\/en\/all-our-books\/"},{"@type":"ListItem","position":3,"name":"CABINET DU ROI"}]},{"@type":"WebSite","@id":"https:\/\/www.librairieclavreuil.com\/#website","url":"https:\/\/www.librairieclavreuil.com\/","name":"Libairie Clavreuil","description":"Livres anciens, manuscrits rares et \u00e9ditions originales \u2013 Librairie Clavreuil","publisher":{"@id":"https:\/\/www.librairieclavreuil.com\/#organization"},"potentialAction":[{"@type":"SearchAction","target":{"@type":"EntryPoint","urlTemplate":"https:\/\/www.librairieclavreuil.com\/?s={search_term_string}"},"query-input":{"@type":"PropertyValueSpecification","valueRequired":true,"valueName":"search_term_string"}}],"inLanguage":"en-US"},{"@type":"Organization","@id":"https:\/\/www.librairieclavreuil.com\/#organization","name":"Libairie Clavreuil","url":"https:\/\/www.librairieclavreuil.com\/","logo":{"@type":"ImageObject","inLanguage":"en-US","@id":"https:\/\/www.librairieclavreuil.com\/#\/schema\/logo\/image\/","url":"https:\/\/www.librairieclavreuil.com\/wp-content\/uploads\/2021\/06\/cropped-LOGO_PNG_DATE-_gold-512x512-1.png","contentUrl":"https:\/\/www.librairieclavreuil.com\/wp-content\/uploads\/2021\/06\/cropped-LOGO_PNG_DATE-_gold-512x512-1.png","width":512,"height":512,"caption":"Libairie Clavreuil"},"image":{"@id":"https:\/\/www.librairieclavreuil.com\/#\/schema\/logo\/image\/"},"sameAs":["https:\/\/www.instagram.com\/librairieclavreuil\/"]}]}},"jetpack_sharing_enabled":true,"_links":{"self":[{"href":"https:\/\/www.librairieclavreuil.com\/en\/wp-json\/wp\/v2\/product\/89631","targetHints":{"allow":["GET"]}}],"collection":[{"href":"https:\/\/www.librairieclavreuil.com\/en\/wp-json\/wp\/v2\/product"}],"about":[{"href":"https:\/\/www.librairieclavreuil.com\/en\/wp-json\/wp\/v2\/types\/product"}],"replies":[{"embeddable":true,"href":"https:\/\/www.librairieclavreuil.com\/en\/wp-json\/wp\/v2\/comments?post=89631"}],"wp:featuredmedia":[{"embeddable":true,"href":"https:\/\/www.librairieclavreuil.com\/en\/wp-json\/wp\/v2\/media\/89606"}],"wp:attachment":[{"href":"https:\/\/www.librairieclavreuil.com\/en\/wp-json\/wp\/v2\/media?parent=89631"}],"wp:term":[{"taxonomy":"product_brand","embeddable":true,"href":"https:\/\/www.librairieclavreuil.com\/en\/wp-json\/wp\/v2\/product_brand?post=89631"},{"taxonomy":"product_cat","embeddable":true,"href":"https:\/\/www.librairieclavreuil.com\/en\/wp-json\/wp\/v2\/product_cat?post=89631"},{"taxonomy":"product_tag","embeddable":true,"href":"https:\/\/www.librairieclavreuil.com\/en\/wp-json\/wp\/v2\/product_tag?post=89631"}],"curies":[{"name":"wp","href":"https:\/\/api.w.org\/{rel}","templated":true}]}}