{"id":89581,"date":"2026-03-10T11:50:14","date_gmt":"2026-03-10T10:50:14","guid":{"rendered":"https:\/\/www.librairieclavreuil.com\/dezallier-dargenville-antoine-joseph-histoire-naturelle-eclaircie-dans-une-de-ses-parties-principales-la-conchyliologie-qui-traite-des-coquillages-de-mer-de-riviere-et-de-terre-ouvrage-dans-leque\/"},"modified":"2026-03-10T11:50:21","modified_gmt":"2026-03-10T10:50:21","slug":"dezallier-dargenville-antoine-joseph-histoire-naturelle-eclaircie-dans-une-de-ses-parties-principales-la-conchyliologie-qui-traite-des-coquillages-de-mer-de-riviere-et-de-terre-ouvrage-dans-leque","status":"publish","type":"product","link":"https:\/\/www.librairieclavreuil.com\/en\/dezallier-dargenville-antoine-joseph-histoire-naturelle-eclaircie-dans-une-de-ses-parties-principales-la-conchyliologie-qui-traite-des-coquillages-de-mer-de-riviere-et-de-terre-ouvrage-dans-leque\/","title":{"rendered":"DEZALLIER d&#8217;ARGENVILLE Antoine Joseph Histoire naturelle \u00e9claircie dans..."},"content":{"rendered":"<p style=\"text-align:justify\"><span style=\"font-variant:small-caps\">Second edition, partly original, of Dezallier d&#8217;Argenville&#8217;s Conchology, undoubtedly one of the most famous works on shells of the 18th century. A magnificent copy in brilliant contemporary colouring and bound in a superb richly gilt red morocco binding.<\/span><\/p>\n<p style=\"text-align:justify\">Antoine-Joseph Dezallier d&#8217;Argenville\u2019s treatise on shells was extremely popular in eighteenth-century France when collecting and scientific inquiry were closely linked. Many art collectors had shell collections as well, including Fran\u00e7ois Boucher, who designed the frontispiece and Dezallier d\u2019Argenville, who wrote and published the book. This work testifies to the enormous vogue of natural history among amateurs in 18th-century Europe.<\/p>\n<p style=\"text-align:justify\">The <i>Conchyliologie<\/i> has been immensely successful, largely due to the quality of the plates. It was Fran\u00e7ois Boucher who provided the preparatory drawing for the frontispiece engraved by Chedel. The first edition of 1742 had only 32 plates. This second edition contains two parts: <i>Conchology<\/i> with the appendix and 3 new plates of rare shells that do not appear in all copies, and <i>Zoomorphosis<\/i>. Dezallier d&#8217;Argenville describes in chapter 10 the most famous cabinets in Europe relating to Natural History, including his own and those of the collectors at whose expense he had the plates drawn and engraved. Indeed Dezallier d&#8217;Argenville, advisor to the King and enlightened amateur, had assembled a beautiful natural history collection.<\/p>\n<p style=\"text-align:justify\">As a true man of the Enlightenment, he also wrote nearly six hundred articles for Diderot&#8217;s <i>Encyclop\u00e9die<\/i>, developed a method for classifying shells, stones and fossils, and published, in addition to a treatise on gardening, two major works on lithology and conchology.<\/p>\n<p style=\"text-align:justify\">The beautiful and interesting illustrations consist of an allegorical frontispiece by Boucher, engraved by Chedel, and 40 plates of shells, 28 of which are unsigned and taken from the first edition, with three additional plates for the first part, engraved by Flipart, and nine to illustrate zoomorphosis. Each engraving is captioned with the name of the subscriber who financed its production.<\/p>\n<p style=\"text-align:justify\">A superb copy, with the frontispiece and all the plates finely coloured at the time, which is very rare, and covered in a sumptuous morocco binding with large gilt decor.<\/p>\n<p style=\"text-align:justify\">Some slightly browned quires, pages 387 incorrectly numbered 337 and handwritten notes in the tables in Part II.<\/p>\n<p style=\"text-align:justify\">From the library of Jean-Fran\u00e7ois Palisot (1716-1772), Lord of Beauvais, magistrate and bibliophile from Lille, with his book plate.<\/p>\n","protected":false},"excerpt":{"rendered":"<p style=\"text-align:justify\">Large 4to &nbsp;(285 x 218 mm) of xxij pp., 394 pp. 32 coloured plates (29 and 3 additional), for part I; 2 unn.l., 84 pp.,cvij pp., 1 unn.p. (note to the bookbinder) 9 coloured plates for part II. Contemporary red morocco, spine decorated with green morocco title labels, very wide gilt lace with small tools decorating the covers, blue tabis endpapers, interior lace, gilt edges.<\/p>\n","protected":false},"featured_media":89570,"comment_status":"open","ping_status":"closed","template":"","meta":{"_acf_changed":false},"product_brand":[],"product_cat":[550],"product_tag":[1240,1347],"class_list":{"0":"post-89581","1":"product","2":"type-product","3":"status-publish","4":"has-post-thumbnail","6":"product_cat-science","7":"product_tag-18th-century-illustrations","8":"product_tag-conchyliology","9":"pa_auteur-dezallier-dargenville-antoine-joseph-2","10":"pa_type-de-livre-printed-book","12":"first","13":"instock","14":"shipping-taxable","15":"purchasable","16":"product-type-simple"},"acf":{"artist":"Antoine Joseph DEZALLIER d'ARGENVILLE","chapeau":"One of the most beautiful works on shells published in the 18th century.\r\nA special copy in contemporary hand colouring","adresse_bibliographique":"Paris, De Bure l'a\u00een\u00e9, 1757","book_type":"Printed book","provenance":"","afficher_prix":""},"yoast_head":"<!-- This site is optimized with the Yoast SEO plugin v24.7 - https:\/\/yoast.com\/wordpress\/plugins\/seo\/ -->\n<title>DEZALLIER d&#039;ARGENVILLE Antoine Joseph Histoire naturelle \u00e9claircie dans une de ses parties principales, la conchyliologie qui traite des coquillages de mer, de rivi\u00e8re et de terre. Ouvrage dans lequel on trouve une nouvelle m\u00e9thode latine et fran\u00e7oise de les diviser: augment\u00e9 de la zoomorphose ou repr\u00e9sentation des animaux \u00e0 coquilles, avec leurs explications. - Libairie Clavreuil<\/title>\n<meta name=\"robots\" content=\"index, follow, max-snippet:-1, max-image-preview:large, max-video-preview:-1\" \/>\n<link rel=\"canonical\" href=\"https:\/\/www.librairieclavreuil.com\/en\/dezallier-dargenville-antoine-joseph-histoire-naturelle-eclaircie-dans-une-de-ses-parties-principales-la-conchyliologie-qui-traite-des-coquillages-de-mer-de-riviere-et-de-terre-ouvrage-dans-leque\/\" \/>\n<meta property=\"og:locale\" content=\"en_US\" \/>\n<meta property=\"og:type\" content=\"article\" \/>\n<meta property=\"og:title\" content=\"DEZALLIER d&#039;ARGENVILLE Antoine Joseph Histoire naturelle \u00e9claircie dans une de ses parties principales, la conchyliologie qui traite des coquillages de mer, de rivi\u00e8re et de terre. Ouvrage dans lequel on trouve une nouvelle m\u00e9thode latine et fran\u00e7oise de les diviser: augment\u00e9 de la zoomorphose ou repr\u00e9sentation des animaux \u00e0 coquilles, avec leurs explications. - Libairie Clavreuil\" \/>\n<meta property=\"og:description\" content=\"Large 4to &nbsp;(285 x 218 mm) of xxij pp., 394 pp. 32 coloured plates (29 and 3 additional), for part I; 2 unn.l., 84 pp.,cvij pp., 1 unn.p. (note to the bookbinder) 9 coloured plates for part II. Contemporary red morocco, spine decorated with green morocco title labels, very wide gilt lace with small tools decorating the covers, blue tabis endpapers, interior lace, gilt edges.\" \/>\n<meta property=\"og:url\" content=\"https:\/\/www.librairieclavreuil.com\/en\/dezallier-dargenville-antoine-joseph-histoire-naturelle-eclaircie-dans-une-de-ses-parties-principales-la-conchyliologie-qui-traite-des-coquillages-de-mer-de-riviere-et-de-terre-ouvrage-dans-leque\/\" \/>\n<meta property=\"og:site_name\" content=\"Libairie Clavreuil\" \/>\n<meta property=\"article:modified_time\" content=\"2026-03-10T10:50:21+00:00\" \/>\n<meta property=\"og:image\" content=\"https:\/\/www.librairieclavreuil.com\/wp-content\/uploads\/2026\/03\/573c18bf8a59a2d91da166410452ecd3-dezallier-dargenville-laconchyliologie-1757-l1005119-bd.jpg\" \/>\n\t<meta property=\"og:image:width\" content=\"598\" \/>\n\t<meta property=\"og:image:height\" content=\"800\" \/>\n\t<meta property=\"og:image:type\" content=\"image\/jpeg\" \/>\n<meta name=\"twitter:card\" content=\"summary_large_image\" \/>\n<meta name=\"twitter:label1\" content=\"Est. reading time\" \/>\n\t<meta name=\"twitter:data1\" content=\"2 minutes\" \/>\n<script type=\"application\/ld+json\" class=\"yoast-schema-graph\">{\"@context\":\"https:\/\/schema.org\",\"@graph\":[{\"@type\":\"WebPage\",\"@id\":\"https:\/\/www.librairieclavreuil.com\/en\/dezallier-dargenville-antoine-joseph-histoire-naturelle-eclaircie-dans-une-de-ses-parties-principales-la-conchyliologie-qui-traite-des-coquillages-de-mer-de-riviere-et-de-terre-ouvrage-dans-leque\/\",\"url\":\"https:\/\/www.librairieclavreuil.com\/en\/dezallier-dargenville-antoine-joseph-histoire-naturelle-eclaircie-dans-une-de-ses-parties-principales-la-conchyliologie-qui-traite-des-coquillages-de-mer-de-riviere-et-de-terre-ouvrage-dans-leque\/\",\"name\":\"DEZALLIER d'ARGENVILLE Antoine Joseph Histoire naturelle \u00e9claircie dans une de ses parties principales, la conchyliologie qui traite des coquillages de mer, de rivi\u00e8re et de terre. Ouvrage dans lequel on trouve une nouvelle m\u00e9thode latine et fran\u00e7oise de les diviser: augment\u00e9 de la zoomorphose ou repr\u00e9sentation des animaux \u00e0 coquilles, avec leurs explications. - Libairie Clavreuil\",\"isPartOf\":{\"@id\":\"https:\/\/www.librairieclavreuil.com\/#website\"},\"primaryImageOfPage\":{\"@id\":\"https:\/\/www.librairieclavreuil.com\/en\/dezallier-dargenville-antoine-joseph-histoire-naturelle-eclaircie-dans-une-de-ses-parties-principales-la-conchyliologie-qui-traite-des-coquillages-de-mer-de-riviere-et-de-terre-ouvrage-dans-leque\/#primaryimage\"},\"image\":{\"@id\":\"https:\/\/www.librairieclavreuil.com\/en\/dezallier-dargenville-antoine-joseph-histoire-naturelle-eclaircie-dans-une-de-ses-parties-principales-la-conchyliologie-qui-traite-des-coquillages-de-mer-de-riviere-et-de-terre-ouvrage-dans-leque\/#primaryimage\"},\"thumbnailUrl\":\"https:\/\/www.librairieclavreuil.com\/wp-content\/uploads\/2026\/03\/573c18bf8a59a2d91da166410452ecd3-dezallier-dargenville-laconchyliologie-1757-l1005119-bd.jpg\",\"datePublished\":\"2026-03-10T10:50:14+00:00\",\"dateModified\":\"2026-03-10T10:50:21+00:00\",\"breadcrumb\":{\"@id\":\"https:\/\/www.librairieclavreuil.com\/en\/dezallier-dargenville-antoine-joseph-histoire-naturelle-eclaircie-dans-une-de-ses-parties-principales-la-conchyliologie-qui-traite-des-coquillages-de-mer-de-riviere-et-de-terre-ouvrage-dans-leque\/#breadcrumb\"},\"inLanguage\":\"en-US\",\"potentialAction\":[{\"@type\":\"ReadAction\",\"target\":[\"https:\/\/www.librairieclavreuil.com\/en\/dezallier-dargenville-antoine-joseph-histoire-naturelle-eclaircie-dans-une-de-ses-parties-principales-la-conchyliologie-qui-traite-des-coquillages-de-mer-de-riviere-et-de-terre-ouvrage-dans-leque\/\"]}]},{\"@type\":\"ImageObject\",\"inLanguage\":\"en-US\",\"@id\":\"https:\/\/www.librairieclavreuil.com\/en\/dezallier-dargenville-antoine-joseph-histoire-naturelle-eclaircie-dans-une-de-ses-parties-principales-la-conchyliologie-qui-traite-des-coquillages-de-mer-de-riviere-et-de-terre-ouvrage-dans-leque\/#primaryimage\",\"url\":\"https:\/\/www.librairieclavreuil.com\/wp-content\/uploads\/2026\/03\/573c18bf8a59a2d91da166410452ecd3-dezallier-dargenville-laconchyliologie-1757-l1005119-bd.jpg\",\"contentUrl\":\"https:\/\/www.librairieclavreuil.com\/wp-content\/uploads\/2026\/03\/573c18bf8a59a2d91da166410452ecd3-dezallier-dargenville-laconchyliologie-1757-l1005119-bd.jpg\",\"width\":598,\"height\":800},{\"@type\":\"BreadcrumbList\",\"@id\":\"https:\/\/www.librairieclavreuil.com\/en\/dezallier-dargenville-antoine-joseph-histoire-naturelle-eclaircie-dans-une-de-ses-parties-principales-la-conchyliologie-qui-traite-des-coquillages-de-mer-de-riviere-et-de-terre-ouvrage-dans-leque\/#breadcrumb\",\"itemListElement\":[{\"@type\":\"ListItem\",\"position\":1,\"name\":\"Accueil\",\"item\":\"https:\/\/www.librairieclavreuil.com\/\"},{\"@type\":\"ListItem\",\"position\":2,\"name\":\"All our books\",\"item\":\"https:\/\/www.librairieclavreuil.com\/en\/all-our-books\/\"},{\"@type\":\"ListItem\",\"position\":3,\"name\":\"DEZALLIER d&rsquo;ARGENVILLE Antoine Joseph Histoire naturelle \u00e9claircie dans...\"}]},{\"@type\":\"WebSite\",\"@id\":\"https:\/\/www.librairieclavreuil.com\/#website\",\"url\":\"https:\/\/www.librairieclavreuil.com\/\",\"name\":\"Libairie Clavreuil\",\"description\":\"Livres anciens, manuscrits rares et \u00e9ditions originales \u2013 Librairie Clavreuil\",\"publisher\":{\"@id\":\"https:\/\/www.librairieclavreuil.com\/#organization\"},\"potentialAction\":[{\"@type\":\"SearchAction\",\"target\":{\"@type\":\"EntryPoint\",\"urlTemplate\":\"https:\/\/www.librairieclavreuil.com\/?s={search_term_string}\"},\"query-input\":{\"@type\":\"PropertyValueSpecification\",\"valueRequired\":true,\"valueName\":\"search_term_string\"}}],\"inLanguage\":\"en-US\"},{\"@type\":\"Organization\",\"@id\":\"https:\/\/www.librairieclavreuil.com\/#organization\",\"name\":\"Libairie Clavreuil\",\"url\":\"https:\/\/www.librairieclavreuil.com\/\",\"logo\":{\"@type\":\"ImageObject\",\"inLanguage\":\"en-US\",\"@id\":\"https:\/\/www.librairieclavreuil.com\/#\/schema\/logo\/image\/\",\"url\":\"https:\/\/www.librairieclavreuil.com\/wp-content\/uploads\/2021\/06\/cropped-LOGO_PNG_DATE-_gold-512x512-1.png\",\"contentUrl\":\"https:\/\/www.librairieclavreuil.com\/wp-content\/uploads\/2021\/06\/cropped-LOGO_PNG_DATE-_gold-512x512-1.png\",\"width\":512,\"height\":512,\"caption\":\"Libairie Clavreuil\"},\"image\":{\"@id\":\"https:\/\/www.librairieclavreuil.com\/#\/schema\/logo\/image\/\"},\"sameAs\":[\"https:\/\/www.instagram.com\/librairieclavreuil\/\"]}]}<\/script>\n<!-- \/ Yoast SEO plugin. -->","yoast_head_json":{"title":"DEZALLIER d'ARGENVILLE Antoine Joseph Histoire naturelle \u00e9claircie dans une de ses parties principales, la conchyliologie qui traite des coquillages de mer, de rivi\u00e8re et de terre. Ouvrage dans lequel on trouve une nouvelle m\u00e9thode latine et fran\u00e7oise de les diviser: augment\u00e9 de la zoomorphose ou repr\u00e9sentation des animaux \u00e0 coquilles, avec leurs explications. - Libairie Clavreuil","robots":{"index":"index","follow":"follow","max-snippet":"max-snippet:-1","max-image-preview":"max-image-preview:large","max-video-preview":"max-video-preview:-1"},"canonical":"https:\/\/www.librairieclavreuil.com\/en\/dezallier-dargenville-antoine-joseph-histoire-naturelle-eclaircie-dans-une-de-ses-parties-principales-la-conchyliologie-qui-traite-des-coquillages-de-mer-de-riviere-et-de-terre-ouvrage-dans-leque\/","og_locale":"en_US","og_type":"article","og_title":"DEZALLIER d'ARGENVILLE Antoine Joseph Histoire naturelle \u00e9claircie dans une de ses parties principales, la conchyliologie qui traite des coquillages de mer, de rivi\u00e8re et de terre. Ouvrage dans lequel on trouve une nouvelle m\u00e9thode latine et fran\u00e7oise de les diviser: augment\u00e9 de la zoomorphose ou repr\u00e9sentation des animaux \u00e0 coquilles, avec leurs explications. - Libairie Clavreuil","og_description":"Large 4to &nbsp;(285 x 218 mm) of xxij pp., 394 pp. 32 coloured plates (29 and 3 additional), for part I; 2 unn.l., 84 pp.,cvij pp., 1 unn.p. (note to the bookbinder) 9 coloured plates for part II. Contemporary red morocco, spine decorated with green morocco title labels, very wide gilt lace with small tools decorating the covers, blue tabis endpapers, interior lace, gilt edges.","og_url":"https:\/\/www.librairieclavreuil.com\/en\/dezallier-dargenville-antoine-joseph-histoire-naturelle-eclaircie-dans-une-de-ses-parties-principales-la-conchyliologie-qui-traite-des-coquillages-de-mer-de-riviere-et-de-terre-ouvrage-dans-leque\/","og_site_name":"Libairie Clavreuil","article_modified_time":"2026-03-10T10:50:21+00:00","og_image":[{"width":598,"height":800,"url":"https:\/\/www.librairieclavreuil.com\/wp-content\/uploads\/2026\/03\/573c18bf8a59a2d91da166410452ecd3-dezallier-dargenville-laconchyliologie-1757-l1005119-bd.jpg","type":"image\/jpeg"}],"twitter_card":"summary_large_image","twitter_misc":{"Est. reading time":"2 minutes"},"schema":{"@context":"https:\/\/schema.org","@graph":[{"@type":"WebPage","@id":"https:\/\/www.librairieclavreuil.com\/en\/dezallier-dargenville-antoine-joseph-histoire-naturelle-eclaircie-dans-une-de-ses-parties-principales-la-conchyliologie-qui-traite-des-coquillages-de-mer-de-riviere-et-de-terre-ouvrage-dans-leque\/","url":"https:\/\/www.librairieclavreuil.com\/en\/dezallier-dargenville-antoine-joseph-histoire-naturelle-eclaircie-dans-une-de-ses-parties-principales-la-conchyliologie-qui-traite-des-coquillages-de-mer-de-riviere-et-de-terre-ouvrage-dans-leque\/","name":"DEZALLIER d'ARGENVILLE Antoine Joseph Histoire naturelle \u00e9claircie dans une de ses parties principales, la conchyliologie qui traite des coquillages de mer, de rivi\u00e8re et de terre. Ouvrage dans lequel on trouve une nouvelle m\u00e9thode latine et fran\u00e7oise de les diviser: augment\u00e9 de la zoomorphose ou repr\u00e9sentation des animaux \u00e0 coquilles, avec leurs explications. - Libairie Clavreuil","isPartOf":{"@id":"https:\/\/www.librairieclavreuil.com\/#website"},"primaryImageOfPage":{"@id":"https:\/\/www.librairieclavreuil.com\/en\/dezallier-dargenville-antoine-joseph-histoire-naturelle-eclaircie-dans-une-de-ses-parties-principales-la-conchyliologie-qui-traite-des-coquillages-de-mer-de-riviere-et-de-terre-ouvrage-dans-leque\/#primaryimage"},"image":{"@id":"https:\/\/www.librairieclavreuil.com\/en\/dezallier-dargenville-antoine-joseph-histoire-naturelle-eclaircie-dans-une-de-ses-parties-principales-la-conchyliologie-qui-traite-des-coquillages-de-mer-de-riviere-et-de-terre-ouvrage-dans-leque\/#primaryimage"},"thumbnailUrl":"https:\/\/www.librairieclavreuil.com\/wp-content\/uploads\/2026\/03\/573c18bf8a59a2d91da166410452ecd3-dezallier-dargenville-laconchyliologie-1757-l1005119-bd.jpg","datePublished":"2026-03-10T10:50:14+00:00","dateModified":"2026-03-10T10:50:21+00:00","breadcrumb":{"@id":"https:\/\/www.librairieclavreuil.com\/en\/dezallier-dargenville-antoine-joseph-histoire-naturelle-eclaircie-dans-une-de-ses-parties-principales-la-conchyliologie-qui-traite-des-coquillages-de-mer-de-riviere-et-de-terre-ouvrage-dans-leque\/#breadcrumb"},"inLanguage":"en-US","potentialAction":[{"@type":"ReadAction","target":["https:\/\/www.librairieclavreuil.com\/en\/dezallier-dargenville-antoine-joseph-histoire-naturelle-eclaircie-dans-une-de-ses-parties-principales-la-conchyliologie-qui-traite-des-coquillages-de-mer-de-riviere-et-de-terre-ouvrage-dans-leque\/"]}]},{"@type":"ImageObject","inLanguage":"en-US","@id":"https:\/\/www.librairieclavreuil.com\/en\/dezallier-dargenville-antoine-joseph-histoire-naturelle-eclaircie-dans-une-de-ses-parties-principales-la-conchyliologie-qui-traite-des-coquillages-de-mer-de-riviere-et-de-terre-ouvrage-dans-leque\/#primaryimage","url":"https:\/\/www.librairieclavreuil.com\/wp-content\/uploads\/2026\/03\/573c18bf8a59a2d91da166410452ecd3-dezallier-dargenville-laconchyliologie-1757-l1005119-bd.jpg","contentUrl":"https:\/\/www.librairieclavreuil.com\/wp-content\/uploads\/2026\/03\/573c18bf8a59a2d91da166410452ecd3-dezallier-dargenville-laconchyliologie-1757-l1005119-bd.jpg","width":598,"height":800},{"@type":"BreadcrumbList","@id":"https:\/\/www.librairieclavreuil.com\/en\/dezallier-dargenville-antoine-joseph-histoire-naturelle-eclaircie-dans-une-de-ses-parties-principales-la-conchyliologie-qui-traite-des-coquillages-de-mer-de-riviere-et-de-terre-ouvrage-dans-leque\/#breadcrumb","itemListElement":[{"@type":"ListItem","position":1,"name":"Accueil","item":"https:\/\/www.librairieclavreuil.com\/"},{"@type":"ListItem","position":2,"name":"All our books","item":"https:\/\/www.librairieclavreuil.com\/en\/all-our-books\/"},{"@type":"ListItem","position":3,"name":"DEZALLIER d&rsquo;ARGENVILLE Antoine Joseph Histoire naturelle \u00e9claircie dans..."}]},{"@type":"WebSite","@id":"https:\/\/www.librairieclavreuil.com\/#website","url":"https:\/\/www.librairieclavreuil.com\/","name":"Libairie Clavreuil","description":"Livres anciens, manuscrits rares et \u00e9ditions originales \u2013 Librairie Clavreuil","publisher":{"@id":"https:\/\/www.librairieclavreuil.com\/#organization"},"potentialAction":[{"@type":"SearchAction","target":{"@type":"EntryPoint","urlTemplate":"https:\/\/www.librairieclavreuil.com\/?s={search_term_string}"},"query-input":{"@type":"PropertyValueSpecification","valueRequired":true,"valueName":"search_term_string"}}],"inLanguage":"en-US"},{"@type":"Organization","@id":"https:\/\/www.librairieclavreuil.com\/#organization","name":"Libairie Clavreuil","url":"https:\/\/www.librairieclavreuil.com\/","logo":{"@type":"ImageObject","inLanguage":"en-US","@id":"https:\/\/www.librairieclavreuil.com\/#\/schema\/logo\/image\/","url":"https:\/\/www.librairieclavreuil.com\/wp-content\/uploads\/2021\/06\/cropped-LOGO_PNG_DATE-_gold-512x512-1.png","contentUrl":"https:\/\/www.librairieclavreuil.com\/wp-content\/uploads\/2021\/06\/cropped-LOGO_PNG_DATE-_gold-512x512-1.png","width":512,"height":512,"caption":"Libairie Clavreuil"},"image":{"@id":"https:\/\/www.librairieclavreuil.com\/#\/schema\/logo\/image\/"},"sameAs":["https:\/\/www.instagram.com\/librairieclavreuil\/"]}]}},"jetpack_sharing_enabled":true,"_links":{"self":[{"href":"https:\/\/www.librairieclavreuil.com\/en\/wp-json\/wp\/v2\/product\/89581","targetHints":{"allow":["GET"]}}],"collection":[{"href":"https:\/\/www.librairieclavreuil.com\/en\/wp-json\/wp\/v2\/product"}],"about":[{"href":"https:\/\/www.librairieclavreuil.com\/en\/wp-json\/wp\/v2\/types\/product"}],"replies":[{"embeddable":true,"href":"https:\/\/www.librairieclavreuil.com\/en\/wp-json\/wp\/v2\/comments?post=89581"}],"wp:featuredmedia":[{"embeddable":true,"href":"https:\/\/www.librairieclavreuil.com\/en\/wp-json\/wp\/v2\/media\/89570"}],"wp:attachment":[{"href":"https:\/\/www.librairieclavreuil.com\/en\/wp-json\/wp\/v2\/media?parent=89581"}],"wp:term":[{"taxonomy":"product_brand","embeddable":true,"href":"https:\/\/www.librairieclavreuil.com\/en\/wp-json\/wp\/v2\/product_brand?post=89581"},{"taxonomy":"product_cat","embeddable":true,"href":"https:\/\/www.librairieclavreuil.com\/en\/wp-json\/wp\/v2\/product_cat?post=89581"},{"taxonomy":"product_tag","embeddable":true,"href":"https:\/\/www.librairieclavreuil.com\/en\/wp-json\/wp\/v2\/product_tag?post=89581"}],"curies":[{"name":"wp","href":"https:\/\/api.w.org\/{rel}","templated":true}]}}