{"id":89553,"date":"2026-03-10T11:45:52","date_gmt":"2026-03-10T10:45:52","guid":{"rendered":"https:\/\/www.librairieclavreuil.com\/bacci-andrea-de-thermis-libri-septem-in-quo-agitur-de-universa-acquarum-natura-de-terrestris-ignis-natura-nova-tractatio\/"},"modified":"2026-03-10T11:45:57","modified_gmt":"2026-03-10T10:45:57","slug":"bacci-andrea-de-thermis-libri-septem-in-quo-agitur-de-universa-acquarum-natura-de-terrestris-ignis-natura-nova-tractatio","status":"publish","type":"product","link":"https:\/\/www.librairieclavreuil.com\/en\/bacci-andrea-de-thermis-libri-septem-in-quo-agitur-de-universa-acquarum-natura-de-terrestris-ignis-natura-nova-tractatio\/","title":{"rendered":"BACCI Andrea De Thermis libri septem&#8230; in quo..."},"content":{"rendered":"<p style=\"text-align:justify\"><i>Durling, 427 ; Adams B-6 ; Carr\u00e8re, 97 ; Neville, 55 (note). Voir Garrison-Morton 1986.2 ; Duveen, 35 ; Simon, Bacchica, 66 ; Wellcome, 600 (tous pour l&#8217;\u00e9dition originale de 1571).<\/i><\/p>\n<p style=\"text-align:justify\"><span style=\"font-variant:small-caps\">Second edition, the first to be dedicated to Pope Sixtus V (1521-1590), whose personal physician Bacci was. An exceptional presentation copy, bound with the arms of the Holy Father.<\/span><\/p>\n<p style=\"text-align:justify\">This edition is augmented by a treatise on terrestrial fire (<i>De terrestris ignis natura<\/i>) as well as a large number of additions by the author (&#8230;<i>ab ipso auctore recognitum, novis historiis locupletarum ac plus mille locis illustratum, &amp; auctum<\/i>).<\/p>\n<p style=\"text-align:justify\">The text begins with a general study of the importance of water for life (&#8216;Aqua primum omnium rerum principium&#8217;), followed by a description of oceans, seas, rivers and other aquatic places (\u201cDe mari, &amp; ut ab eo communissima sit omnium aquaraum, ac Fluviorum origo\u201d). Another chapter deals with the movement of water and its quantity in relation to the earth on the globe (\u201cDe motu aqua, situ, altitudine, &amp; proportione cum terra\u201d); Bacci also studies the ebb and flow of the seas in general (\u201cMaris fluxus naturalis\u201d; \u201cAestus fluxus et refluxus\u201d) as well as local exceptions (\u201cPersici maris\u201d ; Atlanticum mare sine aestu&#8217;), followed by descriptions of disasters linked to earthquakes or other causes (\u201cDe maris Inundationibus\u201d), describing floods in the British Isles, Flanders, Sicily, and other places, including descriptions of the damage caused by the overflowing of the Tiber in Rome.<\/p>\n<p style=\"text-align:justify\">The second part deals with details of the treatment of illnesses by mineral waters in general; part three discusses the remedies obtained by thermal waters, not forgetting the accidents that can occur; book four deals with the health benefits of sulphurised thermal baths; book five is devoted to the various mineral baths known since ancient times (\u201cAquarum mediorum mineralium conscribuntur\u201d); chapter six deals with chemical composition (\u201chistoria aquarum ex metallis agitur\u201d); the seventh and final chapter gives a history and details of Roman thermal baths since antiquity, as well as their uses, including private baths (\u201cde balneis artificialibus privatis\u201d). Swimming is also discussed (\u201cDe natatione\u201d, p. 440), as are the medicinal effects of all kinds of baths, including the wine bath \u201cDe Balneis ex Vino\u201d (p. 491).<\/p>\n<p style=\"text-align:justify\">This work, perfectly printed by Valgrisi, is adorned with a large double-page woodcut plan with details of the Baths of Diocletian (between pp. 435\/436). The illustration on page 443 shows details of a three-tiered boiler on which bathers could use hot, warm and cold water. This boiler was installed on the Hypocaust, which was an important part of the heating system in the baths.<\/p>\n<p style=\"text-align:justify\">&#8220;Cet ouvrage traite de la nature des eaux en g\u00e9n\u00e9ral, de leurs diff\u00e9rences, de leur m\u00e9lange avec la terre, le feu &amp; les m\u00e9taux. On y trouve encore des notions sur la nature &amp; les propri\u00e9t\u00e9s du feu terrestre, sur les fontaines, les fleuves, les lacs, &amp; les bains de tout l&#8217;univers (au moins ceux que l&#8217;auteur connaissait) sur la mani\u00e8re de faire usage des bains pour la gu\u00e9rison des maladies, sur la mani\u00e8re de se baigner chez les Romains &amp; leurs exercices, &amp; sur les eaux thermales sulfureuses&#8221; (Carr\u00e8re).<\/p>\n<p style=\"text-align:justify\">&#8220;Bacci ne donne pas seulement une liste des eaux thermales connues au XVIe si\u00e8cle, mais il fait aussi l&#8217;\u00e9loge d&#8217;un certain nombre de vins&#8221; (Simon).<\/p>\n<p style=\"text-align:justify\">&#8220;A comprehensive study of mineral waters, dealing with all the spas of the then-known world. Besides exhaustive coverage of the baths of antiquity and of Bacci&#8217;s own time, the work gives considerable attention to wines, especially in relation to their medical use&#8221; (Garrison-Morton).<\/p>\n<p style=\"text-align:justify\">&#8220;The &#8216;classic work on mineral waters, dealing with all the spas of the then known world&#8217; (Duveen).<\/p>\n<p style=\"text-align:justify\">&#8220;Bacci (1524-1600) of St. Elpidio in the Anconian Marches, was a professor of botany and physician to Pope Sixtus V, but he dissipated his fortune and was pursued by creditors until he sought asylum with cardinal Ascognio Colonna. By far his most chemically important book is the <i>De Thermis<\/i>. Bacci quotes many ancient authors and states that some mineral waters contains sulphur, alum, metals, salts, soda, vitriols, bitumen, and petroleum, while others contain gold, tin, lead, and zinc. Wines and their medicinal use are also discussed, as well as are analytical chemical tests&#8221; (Neville).<\/p>\n<p style=\"text-align:justify\"><span style=\"font-variant:small-caps\">Presentation copy for Pope Sixtus V<\/span><\/p>\n<p style=\"text-align:justify\">A magnificent presentation copy, bound with the arms of Pope Sixtus V (1521-1590), to whom this work is dedicated. Sixtus V led a dynamic policy of public works in Rome. It was under his pontificate that the Egyptian obelisk, installed during the reign of Caligula, was moved to its current location in St Peter&#8217;s Square, adopting the project proposed by Domenico Fontana. It was also thanks to his initiative, and with the help of his favourite architect Domenico Fontana, that the dome of St Peter&#8217;s Cathedral was finally completed, having remained unfinished since 1573.<\/p>\n<p style=\"text-align:justify\">Binding slightly stained and with old restoration on the headpiece, upper joint partially split; pp. 363-372 inverted(quire H2).<\/p>\n","protected":false},"excerpt":{"rendered":"<p style=\"text-align:justify\">Folio (361 x 242 mm) 24 nn.ll., 492 pp., 1 nn.l. (printer&#8217;s device). Contemporary red morocco, decorative git and blind-stamped borders on covers, central coat of arms of Pope Sixtus V, large gilt corner pieces including the armorial device of Pope Sixtus V (a lion), spine with raised bands, compartments gilt with title and a large floral tool, gilt edges (some light wear, upper hinge partially split).<\/p>\n","protected":false},"featured_media":89544,"comment_status":"open","ping_status":"closed","template":"","meta":{"_acf_changed":false},"product_brand":[],"product_cat":[530],"product_tag":[1229,1309,1334],"class_list":{"0":"post-89553","1":"product","2":"type-product","3":"status-publish","4":"has-post-thumbnail","6":"product_cat-binding","7":"product_tag-oenology","8":"product_tag-thermal-spas","9":"product_tag-vulcanology","10":"pa_auteur-bacci-andrea-2","11":"pa_type-de-livre-printed-book","13":"first","14":"instock","15":"shipping-taxable","16":"purchasable","17":"product-type-simple"},"acf":{"artist":"Andrea BACCI","chapeau":"Magnificent dedication copy\r\nBound for Pope Sixte V","adresse_bibliographique":"Venezia, Vincenzo Valgrisi, 1588","book_type":"Printed book","provenance":"","afficher_prix":""},"yoast_head":"<!-- This site is optimized with the Yoast SEO plugin v24.7 - https:\/\/yoast.com\/wordpress\/plugins\/seo\/ -->\n<title>BACCI Andrea De Thermis libri septem... in quo agitur de universa acquarum natura.... De Terrestris ignis natura nova tractatio. - Libairie Clavreuil<\/title>\n<meta name=\"robots\" content=\"index, follow, max-snippet:-1, max-image-preview:large, max-video-preview:-1\" \/>\n<link rel=\"canonical\" href=\"https:\/\/www.librairieclavreuil.com\/en\/bacci-andrea-de-thermis-libri-septem-in-quo-agitur-de-universa-acquarum-natura-de-terrestris-ignis-natura-nova-tractatio\/\" \/>\n<meta property=\"og:locale\" content=\"en_US\" \/>\n<meta property=\"og:type\" content=\"article\" \/>\n<meta property=\"og:title\" content=\"BACCI Andrea De Thermis libri septem... in quo agitur de universa acquarum natura.... De Terrestris ignis natura nova tractatio. - Libairie Clavreuil\" \/>\n<meta property=\"og:description\" content=\"Folio (361 x 242 mm) 24 nn.ll., 492 pp., 1 nn.l. (printer&#039;s device). Contemporary red morocco, decorative git and blind-stamped borders on covers, central coat of arms of Pope Sixtus V, large gilt corner pieces including the armorial device of Pope Sixtus V (a lion), spine with raised bands, compartments gilt with title and a large floral tool, gilt edges (some light wear, upper hinge partially split).\" \/>\n<meta property=\"og:url\" content=\"https:\/\/www.librairieclavreuil.com\/en\/bacci-andrea-de-thermis-libri-septem-in-quo-agitur-de-universa-acquarum-natura-de-terrestris-ignis-natura-nova-tractatio\/\" \/>\n<meta property=\"og:site_name\" content=\"Libairie Clavreuil\" \/>\n<meta property=\"article:modified_time\" content=\"2026-03-10T10:45:57+00:00\" \/>\n<meta property=\"og:image\" content=\"https:\/\/www.librairieclavreuil.com\/wp-content\/uploads\/2026\/03\/andrea-bacci-de-thermis-libri-septem-in-quo-agitur-de-universa-acquarum-natura-de-terrestris-ignis-natura-nova-tractatio-9833-69988f23d3b88.jpg\" \/>\n\t<meta property=\"og:image:width\" content=\"800\" \/>\n\t<meta property=\"og:image:height\" content=\"656\" \/>\n\t<meta property=\"og:image:type\" content=\"image\/jpeg\" \/>\n<meta name=\"twitter:card\" content=\"summary_large_image\" \/>\n<meta name=\"twitter:label1\" content=\"Est. reading time\" \/>\n\t<meta name=\"twitter:data1\" content=\"4 minutes\" \/>\n<script type=\"application\/ld+json\" class=\"yoast-schema-graph\">{\"@context\":\"https:\/\/schema.org\",\"@graph\":[{\"@type\":\"WebPage\",\"@id\":\"https:\/\/www.librairieclavreuil.com\/en\/bacci-andrea-de-thermis-libri-septem-in-quo-agitur-de-universa-acquarum-natura-de-terrestris-ignis-natura-nova-tractatio\/\",\"url\":\"https:\/\/www.librairieclavreuil.com\/en\/bacci-andrea-de-thermis-libri-septem-in-quo-agitur-de-universa-acquarum-natura-de-terrestris-ignis-natura-nova-tractatio\/\",\"name\":\"BACCI Andrea De Thermis libri septem... in quo agitur de universa acquarum natura.... De Terrestris ignis natura nova tractatio. - Libairie Clavreuil\",\"isPartOf\":{\"@id\":\"https:\/\/www.librairieclavreuil.com\/#website\"},\"primaryImageOfPage\":{\"@id\":\"https:\/\/www.librairieclavreuil.com\/en\/bacci-andrea-de-thermis-libri-septem-in-quo-agitur-de-universa-acquarum-natura-de-terrestris-ignis-natura-nova-tractatio\/#primaryimage\"},\"image\":{\"@id\":\"https:\/\/www.librairieclavreuil.com\/en\/bacci-andrea-de-thermis-libri-septem-in-quo-agitur-de-universa-acquarum-natura-de-terrestris-ignis-natura-nova-tractatio\/#primaryimage\"},\"thumbnailUrl\":\"https:\/\/www.librairieclavreuil.com\/wp-content\/uploads\/2026\/03\/andrea-bacci-de-thermis-libri-septem-in-quo-agitur-de-universa-acquarum-natura-de-terrestris-ignis-natura-nova-tractatio-9833-69988f23d3b88.jpg\",\"datePublished\":\"2026-03-10T10:45:52+00:00\",\"dateModified\":\"2026-03-10T10:45:57+00:00\",\"breadcrumb\":{\"@id\":\"https:\/\/www.librairieclavreuil.com\/en\/bacci-andrea-de-thermis-libri-septem-in-quo-agitur-de-universa-acquarum-natura-de-terrestris-ignis-natura-nova-tractatio\/#breadcrumb\"},\"inLanguage\":\"en-US\",\"potentialAction\":[{\"@type\":\"ReadAction\",\"target\":[\"https:\/\/www.librairieclavreuil.com\/en\/bacci-andrea-de-thermis-libri-septem-in-quo-agitur-de-universa-acquarum-natura-de-terrestris-ignis-natura-nova-tractatio\/\"]}]},{\"@type\":\"ImageObject\",\"inLanguage\":\"en-US\",\"@id\":\"https:\/\/www.librairieclavreuil.com\/en\/bacci-andrea-de-thermis-libri-septem-in-quo-agitur-de-universa-acquarum-natura-de-terrestris-ignis-natura-nova-tractatio\/#primaryimage\",\"url\":\"https:\/\/www.librairieclavreuil.com\/wp-content\/uploads\/2026\/03\/andrea-bacci-de-thermis-libri-septem-in-quo-agitur-de-universa-acquarum-natura-de-terrestris-ignis-natura-nova-tractatio-9833-69988f23d3b88.jpg\",\"contentUrl\":\"https:\/\/www.librairieclavreuil.com\/wp-content\/uploads\/2026\/03\/andrea-bacci-de-thermis-libri-septem-in-quo-agitur-de-universa-acquarum-natura-de-terrestris-ignis-natura-nova-tractatio-9833-69988f23d3b88.jpg\",\"width\":800,\"height\":656},{\"@type\":\"BreadcrumbList\",\"@id\":\"https:\/\/www.librairieclavreuil.com\/en\/bacci-andrea-de-thermis-libri-septem-in-quo-agitur-de-universa-acquarum-natura-de-terrestris-ignis-natura-nova-tractatio\/#breadcrumb\",\"itemListElement\":[{\"@type\":\"ListItem\",\"position\":1,\"name\":\"Accueil\",\"item\":\"https:\/\/www.librairieclavreuil.com\/\"},{\"@type\":\"ListItem\",\"position\":2,\"name\":\"All our books\",\"item\":\"https:\/\/www.librairieclavreuil.com\/en\/all-our-books\/\"},{\"@type\":\"ListItem\",\"position\":3,\"name\":\"BACCI Andrea De Thermis libri septem&#8230; in quo...\"}]},{\"@type\":\"WebSite\",\"@id\":\"https:\/\/www.librairieclavreuil.com\/#website\",\"url\":\"https:\/\/www.librairieclavreuil.com\/\",\"name\":\"Libairie Clavreuil\",\"description\":\"Livres anciens, manuscrits rares et \u00e9ditions originales \u2013 Librairie Clavreuil\",\"publisher\":{\"@id\":\"https:\/\/www.librairieclavreuil.com\/#organization\"},\"potentialAction\":[{\"@type\":\"SearchAction\",\"target\":{\"@type\":\"EntryPoint\",\"urlTemplate\":\"https:\/\/www.librairieclavreuil.com\/?s={search_term_string}\"},\"query-input\":{\"@type\":\"PropertyValueSpecification\",\"valueRequired\":true,\"valueName\":\"search_term_string\"}}],\"inLanguage\":\"en-US\"},{\"@type\":\"Organization\",\"@id\":\"https:\/\/www.librairieclavreuil.com\/#organization\",\"name\":\"Libairie Clavreuil\",\"url\":\"https:\/\/www.librairieclavreuil.com\/\",\"logo\":{\"@type\":\"ImageObject\",\"inLanguage\":\"en-US\",\"@id\":\"https:\/\/www.librairieclavreuil.com\/#\/schema\/logo\/image\/\",\"url\":\"https:\/\/www.librairieclavreuil.com\/wp-content\/uploads\/2021\/06\/cropped-LOGO_PNG_DATE-_gold-512x512-1.png\",\"contentUrl\":\"https:\/\/www.librairieclavreuil.com\/wp-content\/uploads\/2021\/06\/cropped-LOGO_PNG_DATE-_gold-512x512-1.png\",\"width\":512,\"height\":512,\"caption\":\"Libairie Clavreuil\"},\"image\":{\"@id\":\"https:\/\/www.librairieclavreuil.com\/#\/schema\/logo\/image\/\"},\"sameAs\":[\"https:\/\/www.instagram.com\/librairieclavreuil\/\"]}]}<\/script>\n<!-- \/ Yoast SEO plugin. -->","yoast_head_json":{"title":"BACCI Andrea De Thermis libri septem... in quo agitur de universa acquarum natura.... De Terrestris ignis natura nova tractatio. - Libairie Clavreuil","robots":{"index":"index","follow":"follow","max-snippet":"max-snippet:-1","max-image-preview":"max-image-preview:large","max-video-preview":"max-video-preview:-1"},"canonical":"https:\/\/www.librairieclavreuil.com\/en\/bacci-andrea-de-thermis-libri-septem-in-quo-agitur-de-universa-acquarum-natura-de-terrestris-ignis-natura-nova-tractatio\/","og_locale":"en_US","og_type":"article","og_title":"BACCI Andrea De Thermis libri septem... in quo agitur de universa acquarum natura.... De Terrestris ignis natura nova tractatio. - Libairie Clavreuil","og_description":"Folio (361 x 242 mm) 24 nn.ll., 492 pp., 1 nn.l. (printer's device). Contemporary red morocco, decorative git and blind-stamped borders on covers, central coat of arms of Pope Sixtus V, large gilt corner pieces including the armorial device of Pope Sixtus V (a lion), spine with raised bands, compartments gilt with title and a large floral tool, gilt edges (some light wear, upper hinge partially split).","og_url":"https:\/\/www.librairieclavreuil.com\/en\/bacci-andrea-de-thermis-libri-septem-in-quo-agitur-de-universa-acquarum-natura-de-terrestris-ignis-natura-nova-tractatio\/","og_site_name":"Libairie Clavreuil","article_modified_time":"2026-03-10T10:45:57+00:00","og_image":[{"width":800,"height":656,"url":"https:\/\/www.librairieclavreuil.com\/wp-content\/uploads\/2026\/03\/andrea-bacci-de-thermis-libri-septem-in-quo-agitur-de-universa-acquarum-natura-de-terrestris-ignis-natura-nova-tractatio-9833-69988f23d3b88.jpg","type":"image\/jpeg"}],"twitter_card":"summary_large_image","twitter_misc":{"Est. reading time":"4 minutes"},"schema":{"@context":"https:\/\/schema.org","@graph":[{"@type":"WebPage","@id":"https:\/\/www.librairieclavreuil.com\/en\/bacci-andrea-de-thermis-libri-septem-in-quo-agitur-de-universa-acquarum-natura-de-terrestris-ignis-natura-nova-tractatio\/","url":"https:\/\/www.librairieclavreuil.com\/en\/bacci-andrea-de-thermis-libri-septem-in-quo-agitur-de-universa-acquarum-natura-de-terrestris-ignis-natura-nova-tractatio\/","name":"BACCI Andrea De Thermis libri septem... in quo agitur de universa acquarum natura.... De Terrestris ignis natura nova tractatio. - Libairie Clavreuil","isPartOf":{"@id":"https:\/\/www.librairieclavreuil.com\/#website"},"primaryImageOfPage":{"@id":"https:\/\/www.librairieclavreuil.com\/en\/bacci-andrea-de-thermis-libri-septem-in-quo-agitur-de-universa-acquarum-natura-de-terrestris-ignis-natura-nova-tractatio\/#primaryimage"},"image":{"@id":"https:\/\/www.librairieclavreuil.com\/en\/bacci-andrea-de-thermis-libri-septem-in-quo-agitur-de-universa-acquarum-natura-de-terrestris-ignis-natura-nova-tractatio\/#primaryimage"},"thumbnailUrl":"https:\/\/www.librairieclavreuil.com\/wp-content\/uploads\/2026\/03\/andrea-bacci-de-thermis-libri-septem-in-quo-agitur-de-universa-acquarum-natura-de-terrestris-ignis-natura-nova-tractatio-9833-69988f23d3b88.jpg","datePublished":"2026-03-10T10:45:52+00:00","dateModified":"2026-03-10T10:45:57+00:00","breadcrumb":{"@id":"https:\/\/www.librairieclavreuil.com\/en\/bacci-andrea-de-thermis-libri-septem-in-quo-agitur-de-universa-acquarum-natura-de-terrestris-ignis-natura-nova-tractatio\/#breadcrumb"},"inLanguage":"en-US","potentialAction":[{"@type":"ReadAction","target":["https:\/\/www.librairieclavreuil.com\/en\/bacci-andrea-de-thermis-libri-septem-in-quo-agitur-de-universa-acquarum-natura-de-terrestris-ignis-natura-nova-tractatio\/"]}]},{"@type":"ImageObject","inLanguage":"en-US","@id":"https:\/\/www.librairieclavreuil.com\/en\/bacci-andrea-de-thermis-libri-septem-in-quo-agitur-de-universa-acquarum-natura-de-terrestris-ignis-natura-nova-tractatio\/#primaryimage","url":"https:\/\/www.librairieclavreuil.com\/wp-content\/uploads\/2026\/03\/andrea-bacci-de-thermis-libri-septem-in-quo-agitur-de-universa-acquarum-natura-de-terrestris-ignis-natura-nova-tractatio-9833-69988f23d3b88.jpg","contentUrl":"https:\/\/www.librairieclavreuil.com\/wp-content\/uploads\/2026\/03\/andrea-bacci-de-thermis-libri-septem-in-quo-agitur-de-universa-acquarum-natura-de-terrestris-ignis-natura-nova-tractatio-9833-69988f23d3b88.jpg","width":800,"height":656},{"@type":"BreadcrumbList","@id":"https:\/\/www.librairieclavreuil.com\/en\/bacci-andrea-de-thermis-libri-septem-in-quo-agitur-de-universa-acquarum-natura-de-terrestris-ignis-natura-nova-tractatio\/#breadcrumb","itemListElement":[{"@type":"ListItem","position":1,"name":"Accueil","item":"https:\/\/www.librairieclavreuil.com\/"},{"@type":"ListItem","position":2,"name":"All our books","item":"https:\/\/www.librairieclavreuil.com\/en\/all-our-books\/"},{"@type":"ListItem","position":3,"name":"BACCI Andrea De Thermis libri septem&#8230; in quo..."}]},{"@type":"WebSite","@id":"https:\/\/www.librairieclavreuil.com\/#website","url":"https:\/\/www.librairieclavreuil.com\/","name":"Libairie Clavreuil","description":"Livres anciens, manuscrits rares et \u00e9ditions originales \u2013 Librairie Clavreuil","publisher":{"@id":"https:\/\/www.librairieclavreuil.com\/#organization"},"potentialAction":[{"@type":"SearchAction","target":{"@type":"EntryPoint","urlTemplate":"https:\/\/www.librairieclavreuil.com\/?s={search_term_string}"},"query-input":{"@type":"PropertyValueSpecification","valueRequired":true,"valueName":"search_term_string"}}],"inLanguage":"en-US"},{"@type":"Organization","@id":"https:\/\/www.librairieclavreuil.com\/#organization","name":"Libairie Clavreuil","url":"https:\/\/www.librairieclavreuil.com\/","logo":{"@type":"ImageObject","inLanguage":"en-US","@id":"https:\/\/www.librairieclavreuil.com\/#\/schema\/logo\/image\/","url":"https:\/\/www.librairieclavreuil.com\/wp-content\/uploads\/2021\/06\/cropped-LOGO_PNG_DATE-_gold-512x512-1.png","contentUrl":"https:\/\/www.librairieclavreuil.com\/wp-content\/uploads\/2021\/06\/cropped-LOGO_PNG_DATE-_gold-512x512-1.png","width":512,"height":512,"caption":"Libairie Clavreuil"},"image":{"@id":"https:\/\/www.librairieclavreuil.com\/#\/schema\/logo\/image\/"},"sameAs":["https:\/\/www.instagram.com\/librairieclavreuil\/"]}]}},"jetpack_sharing_enabled":true,"_links":{"self":[{"href":"https:\/\/www.librairieclavreuil.com\/en\/wp-json\/wp\/v2\/product\/89553","targetHints":{"allow":["GET"]}}],"collection":[{"href":"https:\/\/www.librairieclavreuil.com\/en\/wp-json\/wp\/v2\/product"}],"about":[{"href":"https:\/\/www.librairieclavreuil.com\/en\/wp-json\/wp\/v2\/types\/product"}],"replies":[{"embeddable":true,"href":"https:\/\/www.librairieclavreuil.com\/en\/wp-json\/wp\/v2\/comments?post=89553"}],"wp:featuredmedia":[{"embeddable":true,"href":"https:\/\/www.librairieclavreuil.com\/en\/wp-json\/wp\/v2\/media\/89544"}],"wp:attachment":[{"href":"https:\/\/www.librairieclavreuil.com\/en\/wp-json\/wp\/v2\/media?parent=89553"}],"wp:term":[{"taxonomy":"product_brand","embeddable":true,"href":"https:\/\/www.librairieclavreuil.com\/en\/wp-json\/wp\/v2\/product_brand?post=89553"},{"taxonomy":"product_cat","embeddable":true,"href":"https:\/\/www.librairieclavreuil.com\/en\/wp-json\/wp\/v2\/product_cat?post=89553"},{"taxonomy":"product_tag","embeddable":true,"href":"https:\/\/www.librairieclavreuil.com\/en\/wp-json\/wp\/v2\/product_tag?post=89553"}],"curies":[{"name":"wp","href":"https:\/\/api.w.org\/{rel}","templated":true}]}}