{"id":89499,"date":"2026-03-10T11:44:45","date_gmt":"2026-03-10T10:44:45","guid":{"rendered":"https:\/\/www.librairieclavreuil.com\/boccaccio-giovanni-von-etlichen-frowen-von-denen-johannes-boccacius-in-latin-beschriben-hat-und-doctor-hainricus-stainhowel-getutschet-de-claris-mulieribus-in-german\/"},"modified":"2026-03-12T10:20:31","modified_gmt":"2026-03-12T09:20:31","slug":"boccaccio-giovanni-von-etlichen-frowen-von-denen-johannes-boccacius-in-latin-beschriben-hat-und-doctor-hainricus-stainhowel-getutschet-de-claris-mulieribus-in-german","status":"publish","type":"product","link":"https:\/\/www.librairieclavreuil.com\/en\/boccaccio-giovanni-von-etlichen-frowen-von-denen-johannes-boccacius-in-latin-beschriben-hat-und-doctor-hainricus-stainhowel-getutschet-de-claris-mulieribus-in-german\/","title":{"rendered":"BOCCACCIO Giovanni Von etlichen Frowen von denen Johannes..."},"content":{"rendered":"<p style=\"text-align:justify\"><span style=\"background-color:white\"><i>Goff B720; H 3333*; Schr 3506; Schramm V p. 18; Pell 2476; CIBN B-516; SI 804; Saj\u00f3-Solt\u00e9sz 695; Coll(S) 235; G\u00fcnt(L) 3061; Voull(B) 2617; Borm 526; Walsh 885; Oates 1151; Pr 2497; BMC II 521&nbsp;<\/i><\/span><i>; Brown, Virginia. Introduction. Famous Women. By Giovanni Boccaccio. Edited and translated by Virginia Brown. Cambridge: Harvard University Press, 2003. Pages xi-xxiii&nbsp;; Flood, John L. \u201cParallel Lives: Heinrich Steinh\u00f6wel, Albrecht von Eyb, and Niklas von Wyle.\u201d Early Modern German Literature 1350-1700. Edited by Max Reinhart. Rochester, NY: Camden House, 2007. Pages 779-796.<\/i><\/p>\n<p style=\"text-align:justify\"><span style=\"background-color:white\"><span style=\"font-variant:small-caps\">First edition in German translated by Heinrich Steinh\u00f6wel printed by the first printer in Ulm, Johann Zainer. Illustrated with 79 wonderful woodcuts by the so-called Boccacio Master in magnificent contemporary colouring.<\/span><\/span><\/p>\n<p style=\"text-align:justify\">Written in 1361\/2, Boccaccio&#8217;s <i>De mulieribus claris<\/i> (About famous Women) is the first collection of female biographies in Western history, it contains the biography of 106 women.<\/p>\n<p style=\"text-align:justify\">Inspired, by Boccaccio&#8217;s own admission, by reading his friend Petrarch&#8217;s <i>De viris illustribus<\/i> (About famous Men), this work offers a reasoned compilation of the \u2018stories\u2019 of remarkable women, both pagan and Christian, whose excellence, for better or for worse, Boccaccio highlights, even if it means drawing the appropriate moral lesson from their \u2018bad\u2019 deeds. It therefore features great figures described by Livy, Pliny the Elder and Suetonius, but also by Saint Jerome and the Bible (the book begins with a \u2018biography\u2019 of Eve).<\/p>\n<p style=\"text-align:justify\"><span style=\"background-color:white\">The woodcuts, by the eponymous Boccaccio Master, are the earliest series of Ulm woodcut illustrations. They are the same blocks, with the omission of 4 cuts and the addition of one new one, as Zainer&#8217;s Latin edition. This German edition is generally considered to predate the Latin edition (published without a date by the same publisher) given the more primitive state of the woodcuts (according to the Catalogue of Incunabula of National Libraries B-513); as the dedicatory epistle is dated 14 August 1473, and the engraving on the verso of f. 138 is also dated 1473, Goff dates this edition \u2018not before 15 August 1473\u2019.<\/span><\/p>\n<p style=\"text-align:justify\"><span style=\"background-color:white\">Recased in its first binding. Leaves&nbsp;65, 66 et 97 slightly&nbsp;shorter , coming from another copy.<\/span><\/p>\n","protected":false},"excerpt":{"rendered":"<p style=\"text-align:justify\">Folio (305 x 212mm), 8 preliminary un.ll., CXL num. leaves (printed numerotation starting leaf XXI), gothic types, 32-33 lines, 16 quires without signatures (first of 8 leaves, the others of 10 leaves). Contemporary blind-stamped pigskin on bevelled wooden boards; on the front cover, a frame decorated with discs featuring flowers and a figure of the Virgin Mary with the infant Jesus in each corner, with ogival interlacing in the centre decorated with small diamond-shaped ironwork featuring griffins; on the second cover, the same composition uses lozenges decorated with a hybrid medieval bestiary: griffins, facing dogs, dragons, ibexes and paschal lambs in the corners; spine with three raised bands, clasps.&nbsp;<\/p>\n","protected":false},"featured_media":89480,"comment_status":"open","ping_status":"closed","template":"","meta":{"_acf_changed":false},"product_brand":[],"product_cat":[542],"product_tag":[1237,1450,1235],"class_list":{"0":"post-89499","1":"product","2":"type-product","3":"status-publish","4":"has-post-thumbnail","6":"product_cat-incunabula","7":"product_tag-15th-century-illustrations","8":"product_tag-first-edition","9":"product_tag-women","10":"pa_auteur-boccaccio-giovanni-2","11":"pa_type-de-livre-incunabula","13":"first","14":"instock","15":"shipping-taxable","16":"purchasable","17":"product-type-simple"},"acf":{"artist":" Giovanni BOCCACCIO","chapeau":"The first collection of female biographies in Western history","adresse_bibliographique":"Ulm, Johann Zainer, [1473]","book_type":"Incunabula","provenance":"","afficher_prix":""},"yoast_head":"<!-- This site is optimized with the Yoast SEO plugin v24.7 - https:\/\/yoast.com\/wordpress\/plugins\/seo\/ -->\n<title>BOCCACCIO Giovanni Von etlichen Frowen von denen Johannes Boccacius in latin beschriben hat und doctor Hainricus Stainh\u00f6wel get\u00fctschet. [De claris mulieribus, in German]. - Libairie Clavreuil<\/title>\n<meta name=\"robots\" content=\"index, follow, max-snippet:-1, max-image-preview:large, max-video-preview:-1\" \/>\n<link rel=\"canonical\" href=\"https:\/\/www.librairieclavreuil.com\/en\/boccaccio-giovanni-von-etlichen-frowen-von-denen-johannes-boccacius-in-latin-beschriben-hat-und-doctor-hainricus-stainhowel-getutschet-de-claris-mulieribus-in-german\/\" \/>\n<meta property=\"og:locale\" content=\"en_US\" \/>\n<meta property=\"og:type\" content=\"article\" \/>\n<meta property=\"og:title\" content=\"BOCCACCIO Giovanni Von etlichen Frowen von denen Johannes Boccacius in latin beschriben hat und doctor Hainricus Stainh\u00f6wel get\u00fctschet. [De claris mulieribus, in German]. - Libairie Clavreuil\" \/>\n<meta property=\"og:description\" content=\"Folio (305 x 212mm), 8 preliminary un.ll., CXL num. leaves (printed numerotation starting leaf XXI), gothic types, 32-33 lines, 16 quires without signatures (first of 8 leaves, the others of 10 leaves). Contemporary blind-stamped pigskin on bevelled wooden boards; on the front cover, a frame decorated with discs featuring flowers and a figure of the Virgin Mary with the infant Jesus in each corner, with ogival interlacing in the centre decorated with small diamond-shaped ironwork featuring griffins; on the second cover, the same composition uses lozenges decorated with a hybrid medieval bestiary: griffins, facing dogs, dragons, ibexes and paschal lambs in the corners; spine with three raised bands, clasps.&nbsp;\" \/>\n<meta property=\"og:url\" content=\"https:\/\/www.librairieclavreuil.com\/en\/boccaccio-giovanni-von-etlichen-frowen-von-denen-johannes-boccacius-in-latin-beschriben-hat-und-doctor-hainricus-stainhowel-getutschet-de-claris-mulieribus-in-german\/\" \/>\n<meta property=\"og:site_name\" content=\"Libairie Clavreuil\" \/>\n<meta property=\"article:modified_time\" content=\"2026-03-12T09:20:31+00:00\" \/>\n<meta property=\"og:image\" content=\"https:\/\/www.librairieclavreuil.com\/wp-content\/uploads\/2026\/03\/c137e311d2857a7688f05c65b48a031c-boccacio-hienachvolget-1474-l1004990-bd.jpg\" \/>\n\t<meta property=\"og:image:width\" content=\"636\" \/>\n\t<meta property=\"og:image:height\" content=\"800\" \/>\n\t<meta property=\"og:image:type\" content=\"image\/jpeg\" \/>\n<meta name=\"twitter:card\" content=\"summary_large_image\" \/>\n<meta name=\"twitter:label1\" content=\"Est. reading time\" \/>\n\t<meta name=\"twitter:data1\" content=\"2 minutes\" \/>\n<script type=\"application\/ld+json\" class=\"yoast-schema-graph\">{\"@context\":\"https:\/\/schema.org\",\"@graph\":[{\"@type\":\"WebPage\",\"@id\":\"https:\/\/www.librairieclavreuil.com\/en\/boccaccio-giovanni-von-etlichen-frowen-von-denen-johannes-boccacius-in-latin-beschriben-hat-und-doctor-hainricus-stainhowel-getutschet-de-claris-mulieribus-in-german\/\",\"url\":\"https:\/\/www.librairieclavreuil.com\/en\/boccaccio-giovanni-von-etlichen-frowen-von-denen-johannes-boccacius-in-latin-beschriben-hat-und-doctor-hainricus-stainhowel-getutschet-de-claris-mulieribus-in-german\/\",\"name\":\"BOCCACCIO Giovanni Von etlichen Frowen von denen Johannes Boccacius in latin beschriben hat und doctor Hainricus Stainh\u00f6wel get\u00fctschet. [De claris mulieribus, in German]. - Libairie Clavreuil\",\"isPartOf\":{\"@id\":\"https:\/\/www.librairieclavreuil.com\/#website\"},\"primaryImageOfPage\":{\"@id\":\"https:\/\/www.librairieclavreuil.com\/en\/boccaccio-giovanni-von-etlichen-frowen-von-denen-johannes-boccacius-in-latin-beschriben-hat-und-doctor-hainricus-stainhowel-getutschet-de-claris-mulieribus-in-german\/#primaryimage\"},\"image\":{\"@id\":\"https:\/\/www.librairieclavreuil.com\/en\/boccaccio-giovanni-von-etlichen-frowen-von-denen-johannes-boccacius-in-latin-beschriben-hat-und-doctor-hainricus-stainhowel-getutschet-de-claris-mulieribus-in-german\/#primaryimage\"},\"thumbnailUrl\":\"https:\/\/www.librairieclavreuil.com\/wp-content\/uploads\/2026\/03\/c137e311d2857a7688f05c65b48a031c-boccacio-hienachvolget-1474-l1004990-bd.jpg\",\"datePublished\":\"2026-03-10T10:44:45+00:00\",\"dateModified\":\"2026-03-12T09:20:31+00:00\",\"breadcrumb\":{\"@id\":\"https:\/\/www.librairieclavreuil.com\/en\/boccaccio-giovanni-von-etlichen-frowen-von-denen-johannes-boccacius-in-latin-beschriben-hat-und-doctor-hainricus-stainhowel-getutschet-de-claris-mulieribus-in-german\/#breadcrumb\"},\"inLanguage\":\"en-US\",\"potentialAction\":[{\"@type\":\"ReadAction\",\"target\":[\"https:\/\/www.librairieclavreuil.com\/en\/boccaccio-giovanni-von-etlichen-frowen-von-denen-johannes-boccacius-in-latin-beschriben-hat-und-doctor-hainricus-stainhowel-getutschet-de-claris-mulieribus-in-german\/\"]}]},{\"@type\":\"ImageObject\",\"inLanguage\":\"en-US\",\"@id\":\"https:\/\/www.librairieclavreuil.com\/en\/boccaccio-giovanni-von-etlichen-frowen-von-denen-johannes-boccacius-in-latin-beschriben-hat-und-doctor-hainricus-stainhowel-getutschet-de-claris-mulieribus-in-german\/#primaryimage\",\"url\":\"https:\/\/www.librairieclavreuil.com\/wp-content\/uploads\/2026\/03\/c137e311d2857a7688f05c65b48a031c-boccacio-hienachvolget-1474-l1004990-bd.jpg\",\"contentUrl\":\"https:\/\/www.librairieclavreuil.com\/wp-content\/uploads\/2026\/03\/c137e311d2857a7688f05c65b48a031c-boccacio-hienachvolget-1474-l1004990-bd.jpg\",\"width\":636,\"height\":800},{\"@type\":\"BreadcrumbList\",\"@id\":\"https:\/\/www.librairieclavreuil.com\/en\/boccaccio-giovanni-von-etlichen-frowen-von-denen-johannes-boccacius-in-latin-beschriben-hat-und-doctor-hainricus-stainhowel-getutschet-de-claris-mulieribus-in-german\/#breadcrumb\",\"itemListElement\":[{\"@type\":\"ListItem\",\"position\":1,\"name\":\"Accueil\",\"item\":\"https:\/\/www.librairieclavreuil.com\/\"},{\"@type\":\"ListItem\",\"position\":2,\"name\":\"All our books\",\"item\":\"https:\/\/www.librairieclavreuil.com\/en\/all-our-books\/\"},{\"@type\":\"ListItem\",\"position\":3,\"name\":\"BOCCACCIO Giovanni Von etlichen Frowen von denen Johannes...\"}]},{\"@type\":\"WebSite\",\"@id\":\"https:\/\/www.librairieclavreuil.com\/#website\",\"url\":\"https:\/\/www.librairieclavreuil.com\/\",\"name\":\"Libairie Clavreuil\",\"description\":\"Livres anciens, manuscrits rares et \u00e9ditions originales \u2013 Librairie Clavreuil\",\"publisher\":{\"@id\":\"https:\/\/www.librairieclavreuil.com\/#organization\"},\"potentialAction\":[{\"@type\":\"SearchAction\",\"target\":{\"@type\":\"EntryPoint\",\"urlTemplate\":\"https:\/\/www.librairieclavreuil.com\/?s={search_term_string}\"},\"query-input\":{\"@type\":\"PropertyValueSpecification\",\"valueRequired\":true,\"valueName\":\"search_term_string\"}}],\"inLanguage\":\"en-US\"},{\"@type\":\"Organization\",\"@id\":\"https:\/\/www.librairieclavreuil.com\/#organization\",\"name\":\"Libairie Clavreuil\",\"url\":\"https:\/\/www.librairieclavreuil.com\/\",\"logo\":{\"@type\":\"ImageObject\",\"inLanguage\":\"en-US\",\"@id\":\"https:\/\/www.librairieclavreuil.com\/#\/schema\/logo\/image\/\",\"url\":\"https:\/\/www.librairieclavreuil.com\/wp-content\/uploads\/2021\/06\/cropped-LOGO_PNG_DATE-_gold-512x512-1.png\",\"contentUrl\":\"https:\/\/www.librairieclavreuil.com\/wp-content\/uploads\/2021\/06\/cropped-LOGO_PNG_DATE-_gold-512x512-1.png\",\"width\":512,\"height\":512,\"caption\":\"Libairie Clavreuil\"},\"image\":{\"@id\":\"https:\/\/www.librairieclavreuil.com\/#\/schema\/logo\/image\/\"},\"sameAs\":[\"https:\/\/www.instagram.com\/librairieclavreuil\/\"]}]}<\/script>\n<!-- \/ Yoast SEO plugin. -->","yoast_head_json":{"title":"BOCCACCIO Giovanni Von etlichen Frowen von denen Johannes Boccacius in latin beschriben hat und doctor Hainricus Stainh\u00f6wel get\u00fctschet. [De claris mulieribus, in German]. - Libairie Clavreuil","robots":{"index":"index","follow":"follow","max-snippet":"max-snippet:-1","max-image-preview":"max-image-preview:large","max-video-preview":"max-video-preview:-1"},"canonical":"https:\/\/www.librairieclavreuil.com\/en\/boccaccio-giovanni-von-etlichen-frowen-von-denen-johannes-boccacius-in-latin-beschriben-hat-und-doctor-hainricus-stainhowel-getutschet-de-claris-mulieribus-in-german\/","og_locale":"en_US","og_type":"article","og_title":"BOCCACCIO Giovanni Von etlichen Frowen von denen Johannes Boccacius in latin beschriben hat und doctor Hainricus Stainh\u00f6wel get\u00fctschet. [De claris mulieribus, in German]. - Libairie Clavreuil","og_description":"Folio (305 x 212mm), 8 preliminary un.ll., CXL num. leaves (printed numerotation starting leaf XXI), gothic types, 32-33 lines, 16 quires without signatures (first of 8 leaves, the others of 10 leaves). Contemporary blind-stamped pigskin on bevelled wooden boards; on the front cover, a frame decorated with discs featuring flowers and a figure of the Virgin Mary with the infant Jesus in each corner, with ogival interlacing in the centre decorated with small diamond-shaped ironwork featuring griffins; on the second cover, the same composition uses lozenges decorated with a hybrid medieval bestiary: griffins, facing dogs, dragons, ibexes and paschal lambs in the corners; spine with three raised bands, clasps.&nbsp;","og_url":"https:\/\/www.librairieclavreuil.com\/en\/boccaccio-giovanni-von-etlichen-frowen-von-denen-johannes-boccacius-in-latin-beschriben-hat-und-doctor-hainricus-stainhowel-getutschet-de-claris-mulieribus-in-german\/","og_site_name":"Libairie Clavreuil","article_modified_time":"2026-03-12T09:20:31+00:00","og_image":[{"width":636,"height":800,"url":"https:\/\/www.librairieclavreuil.com\/wp-content\/uploads\/2026\/03\/c137e311d2857a7688f05c65b48a031c-boccacio-hienachvolget-1474-l1004990-bd.jpg","type":"image\/jpeg"}],"twitter_card":"summary_large_image","twitter_misc":{"Est. reading time":"2 minutes"},"schema":{"@context":"https:\/\/schema.org","@graph":[{"@type":"WebPage","@id":"https:\/\/www.librairieclavreuil.com\/en\/boccaccio-giovanni-von-etlichen-frowen-von-denen-johannes-boccacius-in-latin-beschriben-hat-und-doctor-hainricus-stainhowel-getutschet-de-claris-mulieribus-in-german\/","url":"https:\/\/www.librairieclavreuil.com\/en\/boccaccio-giovanni-von-etlichen-frowen-von-denen-johannes-boccacius-in-latin-beschriben-hat-und-doctor-hainricus-stainhowel-getutschet-de-claris-mulieribus-in-german\/","name":"BOCCACCIO Giovanni Von etlichen Frowen von denen Johannes Boccacius in latin beschriben hat und doctor Hainricus Stainh\u00f6wel get\u00fctschet. [De claris mulieribus, in German]. - Libairie Clavreuil","isPartOf":{"@id":"https:\/\/www.librairieclavreuil.com\/#website"},"primaryImageOfPage":{"@id":"https:\/\/www.librairieclavreuil.com\/en\/boccaccio-giovanni-von-etlichen-frowen-von-denen-johannes-boccacius-in-latin-beschriben-hat-und-doctor-hainricus-stainhowel-getutschet-de-claris-mulieribus-in-german\/#primaryimage"},"image":{"@id":"https:\/\/www.librairieclavreuil.com\/en\/boccaccio-giovanni-von-etlichen-frowen-von-denen-johannes-boccacius-in-latin-beschriben-hat-und-doctor-hainricus-stainhowel-getutschet-de-claris-mulieribus-in-german\/#primaryimage"},"thumbnailUrl":"https:\/\/www.librairieclavreuil.com\/wp-content\/uploads\/2026\/03\/c137e311d2857a7688f05c65b48a031c-boccacio-hienachvolget-1474-l1004990-bd.jpg","datePublished":"2026-03-10T10:44:45+00:00","dateModified":"2026-03-12T09:20:31+00:00","breadcrumb":{"@id":"https:\/\/www.librairieclavreuil.com\/en\/boccaccio-giovanni-von-etlichen-frowen-von-denen-johannes-boccacius-in-latin-beschriben-hat-und-doctor-hainricus-stainhowel-getutschet-de-claris-mulieribus-in-german\/#breadcrumb"},"inLanguage":"en-US","potentialAction":[{"@type":"ReadAction","target":["https:\/\/www.librairieclavreuil.com\/en\/boccaccio-giovanni-von-etlichen-frowen-von-denen-johannes-boccacius-in-latin-beschriben-hat-und-doctor-hainricus-stainhowel-getutschet-de-claris-mulieribus-in-german\/"]}]},{"@type":"ImageObject","inLanguage":"en-US","@id":"https:\/\/www.librairieclavreuil.com\/en\/boccaccio-giovanni-von-etlichen-frowen-von-denen-johannes-boccacius-in-latin-beschriben-hat-und-doctor-hainricus-stainhowel-getutschet-de-claris-mulieribus-in-german\/#primaryimage","url":"https:\/\/www.librairieclavreuil.com\/wp-content\/uploads\/2026\/03\/c137e311d2857a7688f05c65b48a031c-boccacio-hienachvolget-1474-l1004990-bd.jpg","contentUrl":"https:\/\/www.librairieclavreuil.com\/wp-content\/uploads\/2026\/03\/c137e311d2857a7688f05c65b48a031c-boccacio-hienachvolget-1474-l1004990-bd.jpg","width":636,"height":800},{"@type":"BreadcrumbList","@id":"https:\/\/www.librairieclavreuil.com\/en\/boccaccio-giovanni-von-etlichen-frowen-von-denen-johannes-boccacius-in-latin-beschriben-hat-und-doctor-hainricus-stainhowel-getutschet-de-claris-mulieribus-in-german\/#breadcrumb","itemListElement":[{"@type":"ListItem","position":1,"name":"Accueil","item":"https:\/\/www.librairieclavreuil.com\/"},{"@type":"ListItem","position":2,"name":"All our books","item":"https:\/\/www.librairieclavreuil.com\/en\/all-our-books\/"},{"@type":"ListItem","position":3,"name":"BOCCACCIO Giovanni Von etlichen Frowen von denen Johannes..."}]},{"@type":"WebSite","@id":"https:\/\/www.librairieclavreuil.com\/#website","url":"https:\/\/www.librairieclavreuil.com\/","name":"Libairie Clavreuil","description":"Livres anciens, manuscrits rares et \u00e9ditions originales \u2013 Librairie Clavreuil","publisher":{"@id":"https:\/\/www.librairieclavreuil.com\/#organization"},"potentialAction":[{"@type":"SearchAction","target":{"@type":"EntryPoint","urlTemplate":"https:\/\/www.librairieclavreuil.com\/?s={search_term_string}"},"query-input":{"@type":"PropertyValueSpecification","valueRequired":true,"valueName":"search_term_string"}}],"inLanguage":"en-US"},{"@type":"Organization","@id":"https:\/\/www.librairieclavreuil.com\/#organization","name":"Libairie Clavreuil","url":"https:\/\/www.librairieclavreuil.com\/","logo":{"@type":"ImageObject","inLanguage":"en-US","@id":"https:\/\/www.librairieclavreuil.com\/#\/schema\/logo\/image\/","url":"https:\/\/www.librairieclavreuil.com\/wp-content\/uploads\/2021\/06\/cropped-LOGO_PNG_DATE-_gold-512x512-1.png","contentUrl":"https:\/\/www.librairieclavreuil.com\/wp-content\/uploads\/2021\/06\/cropped-LOGO_PNG_DATE-_gold-512x512-1.png","width":512,"height":512,"caption":"Libairie Clavreuil"},"image":{"@id":"https:\/\/www.librairieclavreuil.com\/#\/schema\/logo\/image\/"},"sameAs":["https:\/\/www.instagram.com\/librairieclavreuil\/"]}]}},"jetpack_sharing_enabled":true,"_links":{"self":[{"href":"https:\/\/www.librairieclavreuil.com\/en\/wp-json\/wp\/v2\/product\/89499","targetHints":{"allow":["GET"]}}],"collection":[{"href":"https:\/\/www.librairieclavreuil.com\/en\/wp-json\/wp\/v2\/product"}],"about":[{"href":"https:\/\/www.librairieclavreuil.com\/en\/wp-json\/wp\/v2\/types\/product"}],"replies":[{"embeddable":true,"href":"https:\/\/www.librairieclavreuil.com\/en\/wp-json\/wp\/v2\/comments?post=89499"}],"wp:featuredmedia":[{"embeddable":true,"href":"https:\/\/www.librairieclavreuil.com\/en\/wp-json\/wp\/v2\/media\/89480"}],"wp:attachment":[{"href":"https:\/\/www.librairieclavreuil.com\/en\/wp-json\/wp\/v2\/media?parent=89499"}],"wp:term":[{"taxonomy":"product_brand","embeddable":true,"href":"https:\/\/www.librairieclavreuil.com\/en\/wp-json\/wp\/v2\/product_brand?post=89499"},{"taxonomy":"product_cat","embeddable":true,"href":"https:\/\/www.librairieclavreuil.com\/en\/wp-json\/wp\/v2\/product_cat?post=89499"},{"taxonomy":"product_tag","embeddable":true,"href":"https:\/\/www.librairieclavreuil.com\/en\/wp-json\/wp\/v2\/product_tag?post=89499"}],"curies":[{"name":"wp","href":"https:\/\/api.w.org\/{rel}","templated":true}]}}