{"id":89479,"date":"2026-03-07T15:38:46","date_gmt":"2026-03-07T14:38:46","guid":{"rendered":"https:\/\/www.librairieclavreuil.com\/duhamel-du-monceau-henri-louis-la-physique-des-arbres-ou-il-est-traite-de-lanatomie-des-plantes-et-de-leconomie-vegetale-pour-servir-dintroduction-au-traite-complet-des-bois-et-des-forests-2\/"},"modified":"2026-03-07T15:38:51","modified_gmt":"2026-03-07T14:38:51","slug":"duhamel-du-monceau-henri-louis-la-physique-des-arbres-ou-il-est-traite-de-lanatomie-des-plantes-et-de-leconomie-vegetale-pour-servir-dintroduction-au-traite-complet-des-bois-et-des-forests-2","status":"publish","type":"product","link":"https:\/\/www.librairieclavreuil.com\/en\/duhamel-du-monceau-henri-louis-la-physique-des-arbres-ou-il-est-traite-de-lanatomie-des-plantes-et-de-leconomie-vegetale-pour-servir-dintroduction-au-traite-complet-des-bois-et-des-forests-2\/","title":{"rendered":"DUHAMEL DU MONCEAU Henri Louis La Physique des..."},"content":{"rendered":"<p style=\"text-align:justify\"><i>Nissen, BBI, 542; Pritzel, 2468; Brunet, VI, 4845 ; Conlon, 58 : 655; DSB, IV, 224; not in Hunt.<\/i><\/p>\n<p style=\"text-align:justify\"><span style=\"font-variant:small-caps\">First edition, complete copy with its 50 finely engraved plates<\/span>.&nbsp;<\/p>\n<p style=\"text-align:justify\">It also contains first and second issue of pages XXIX\/XXX of the introduction (here misplaced into volume II).<\/p>\n<p style=\"text-align:justify\">&#8220;Duhamel&#8217;s major interest and contribution to technology and society was in agriculture. The first half of the eighteenth century had witnessed the beginning of a technological renaissance in agriculmture, chiefly in England, where it was notably celebrated in the writings of Jethio Tull&#8230; [Duhamel&#8217;s] impressive output of works include&#8230; <i>La physique des arbres<\/i>&#8221; (<i>DSB<\/i>).<\/p>\n<p style=\"text-align:justify\">His work includes an apreciation of the studies already published by Nehemiah Grew, Edme Mariotte and Marcello Malpighi. &#8220;Dans ce livre extr\u00eamement riche l\u2019auteur consigne tout son savoir et toute son exp\u00e9rience en botanique, physiologie v\u00e9g\u00e9tale, arboriculture et technologie du bois. Dans chacun des articles de ses divers chapitres, il fait le point des connaissances de son \u00e9poque sur des sujets tr\u00e8s pr\u00e9cis, les expose et les discute. Il r\u00e9p\u00e8te lui-m\u00eame parfois certaines exp\u00e9riences et relate le travail de Hales souvent avec plus de clart\u00e9 que ce dernier ne le fait lui-m\u00eame. Nous avons affaire \u00e0 un observateur avis\u00e9 autant qu\u2019\u00e0 un exp\u00e9rimentateur innovant. On trouve dans le caract\u00e8re et la m\u00e9thode de Duhamel du Monceau quelque chose d\u2019unique et de tr\u00e8s pr\u00e9cieux : l\u2019essentiel des r\u00e9sultats obtenus par ses pr\u00e9d\u00e9cesseurs est pr\u00e9sent\u00e9 d\u2019une fa\u00e7on tr\u00e8s claire et syst\u00e9matique. Il reste un bien meilleur vulgarisateur que Hales&#8221; (<i>P. Robin, Histoire et agronomie, pp.208-210<\/i>).<\/p>\n<p style=\"text-align:justify\">&#8220;En sa qualit\u00e9 d\u2019inspecteur de la marine, Duhamel avait \u00e9t\u00e9 amen\u00e9 \u00e0 rechercher tout ce qui concernait la culture et la conservation des bois propres aux constructions navales. Il en \u00e9tait ensuite venu \u00e0 s\u2019occuper des plantes et des arbustes qui pouvaient supporter le climat de la France. C\u2019est ainsi qu\u2019il fit conna\u00eetre en Europe un grand nombre d\u2019esp\u00e8ces am\u00e9ricaines&#8221; (<i>Maury, Journal pour tous, n\u00b0580<\/i>).<\/p>\n<p style=\"text-align:justify\">Good, complete copy.<\/p>\n<p style=\"text-align:justify\">Provenance : Henry Dupasquier (engraved book plate), and manuscript annotations to the verso of the flyleaf and the half-title.<\/p>\n","protected":false},"excerpt":{"rendered":"<p>2 volumes, 4to (261 x 199 mm) 2 nn.ll., (half-title, title, errata), LXVIII, 306 pp., 28 engraved folding plates for volume I ; 2 nn.ll., III, 432 pp., 22 engraved folding plates for volume II, nn.ll. misbound, belonging to volume I (errata leaf and cancel for pp. XXIX\/XXX of the introduction). Contemporary marbled calf, spine gilt with raised bands, red edges.<\/p>\n","protected":false},"featured_media":89466,"comment_status":"open","ping_status":"closed","template":"","meta":{"_acf_changed":false},"product_brand":[],"product_cat":[532],"product_tag":[1240,1450,1323],"class_list":{"0":"post-89479","1":"product","2":"type-product","3":"status-publish","4":"has-post-thumbnail","6":"product_cat-botanical","7":"product_tag-18th-century-illustrations","8":"product_tag-first-edition","9":"product_tag-general-botany","10":"pa_auteur-duhamel-du-monceau-henri-louis-2","11":"pa_type-de-livre-printed-book","13":"first","14":"instock","15":"shipping-taxable","16":"purchasable","17":"product-type-simple"},"acf":{"artist":" Henri Louis DUHAMEL DU MONCEAU","chapeau":"","adresse_bibliographique":"Paris, H.L. Guerin & L.F. Delatour, 1758","book_type":"Printed book","provenance":"","afficher_prix":""},"yoast_head":"<!-- This site is optimized with the Yoast SEO plugin v24.7 - https:\/\/yoast.com\/wordpress\/plugins\/seo\/ -->\n<title>DUHAMEL DU MONCEAU Henri Louis La Physique des Arbres; o\u00f9 il est trait\u00e9 de l&#039;anatomie des plantes et de l&#039;\u00e9conomie v\u00e9g\u00e9tale: Pour servir d&#039;introduction au Trait\u00e9 complet des Bois et des Forests. - Libairie Clavreuil<\/title>\n<meta name=\"robots\" content=\"index, follow, max-snippet:-1, max-image-preview:large, max-video-preview:-1\" \/>\n<link rel=\"canonical\" href=\"https:\/\/www.librairieclavreuil.com\/en\/duhamel-du-monceau-henri-louis-la-physique-des-arbres-ou-il-est-traite-de-lanatomie-des-plantes-et-de-leconomie-vegetale-pour-servir-dintroduction-au-traite-complet-des-bois-et-des-forests-2\/\" \/>\n<meta property=\"og:locale\" content=\"en_US\" \/>\n<meta property=\"og:type\" content=\"article\" \/>\n<meta property=\"og:title\" content=\"DUHAMEL DU MONCEAU Henri Louis La Physique des Arbres; o\u00f9 il est trait\u00e9 de l&#039;anatomie des plantes et de l&#039;\u00e9conomie v\u00e9g\u00e9tale: Pour servir d&#039;introduction au Trait\u00e9 complet des Bois et des Forests. - Libairie Clavreuil\" \/>\n<meta property=\"og:description\" content=\"2 volumes, 4to (261 x 199 mm) 2 nn.ll., (half-title, title, errata), LXVIII, 306 pp., 28 engraved folding plates for volume I ; 2 nn.ll., III, 432 pp., 22 engraved folding plates for volume II, nn.ll. misbound, belonging to volume I (errata leaf and cancel for pp. XXIX\/XXX of the introduction). Contemporary marbled calf, spine gilt with raised bands, red edges.\" \/>\n<meta property=\"og:url\" content=\"https:\/\/www.librairieclavreuil.com\/en\/duhamel-du-monceau-henri-louis-la-physique-des-arbres-ou-il-est-traite-de-lanatomie-des-plantes-et-de-leconomie-vegetale-pour-servir-dintroduction-au-traite-complet-des-bois-et-des-forests-2\/\" \/>\n<meta property=\"og:site_name\" content=\"Libairie Clavreuil\" \/>\n<meta property=\"article:modified_time\" content=\"2026-03-07T14:38:51+00:00\" \/>\n<meta property=\"og:image\" content=\"https:\/\/www.librairieclavreuil.com\/wp-content\/uploads\/2026\/03\/henri-louis-duhamel-du-monceau-la-physique-des-arbres-ou-il-est-traite-de-l-anatomie-des-plantes-et-de-l-economie-vegetale-pour-servir-d-int-69ac362960913.jpg\" \/>\n\t<meta property=\"og:image:width\" content=\"622\" \/>\n\t<meta property=\"og:image:height\" content=\"800\" \/>\n\t<meta property=\"og:image:type\" content=\"image\/jpeg\" \/>\n<meta name=\"twitter:card\" content=\"summary_large_image\" \/>\n<meta name=\"twitter:label1\" content=\"Est. reading time\" \/>\n\t<meta name=\"twitter:data1\" content=\"2 minutes\" \/>\n<script type=\"application\/ld+json\" class=\"yoast-schema-graph\">{\"@context\":\"https:\/\/schema.org\",\"@graph\":[{\"@type\":\"WebPage\",\"@id\":\"https:\/\/www.librairieclavreuil.com\/en\/duhamel-du-monceau-henri-louis-la-physique-des-arbres-ou-il-est-traite-de-lanatomie-des-plantes-et-de-leconomie-vegetale-pour-servir-dintroduction-au-traite-complet-des-bois-et-des-forests-2\/\",\"url\":\"https:\/\/www.librairieclavreuil.com\/en\/duhamel-du-monceau-henri-louis-la-physique-des-arbres-ou-il-est-traite-de-lanatomie-des-plantes-et-de-leconomie-vegetale-pour-servir-dintroduction-au-traite-complet-des-bois-et-des-forests-2\/\",\"name\":\"DUHAMEL DU MONCEAU Henri Louis La Physique des Arbres; o\u00f9 il est trait\u00e9 de l'anatomie des plantes et de l'\u00e9conomie v\u00e9g\u00e9tale: Pour servir d'introduction au Trait\u00e9 complet des Bois et des Forests. - Libairie Clavreuil\",\"isPartOf\":{\"@id\":\"https:\/\/www.librairieclavreuil.com\/#website\"},\"primaryImageOfPage\":{\"@id\":\"https:\/\/www.librairieclavreuil.com\/en\/duhamel-du-monceau-henri-louis-la-physique-des-arbres-ou-il-est-traite-de-lanatomie-des-plantes-et-de-leconomie-vegetale-pour-servir-dintroduction-au-traite-complet-des-bois-et-des-forests-2\/#primaryimage\"},\"image\":{\"@id\":\"https:\/\/www.librairieclavreuil.com\/en\/duhamel-du-monceau-henri-louis-la-physique-des-arbres-ou-il-est-traite-de-lanatomie-des-plantes-et-de-leconomie-vegetale-pour-servir-dintroduction-au-traite-complet-des-bois-et-des-forests-2\/#primaryimage\"},\"thumbnailUrl\":\"https:\/\/www.librairieclavreuil.com\/wp-content\/uploads\/2026\/03\/henri-louis-duhamel-du-monceau-la-physique-des-arbres-ou-il-est-traite-de-l-anatomie-des-plantes-et-de-l-economie-vegetale-pour-servir-d-int-69ac362960913.jpg\",\"datePublished\":\"2026-03-07T14:38:46+00:00\",\"dateModified\":\"2026-03-07T14:38:51+00:00\",\"breadcrumb\":{\"@id\":\"https:\/\/www.librairieclavreuil.com\/en\/duhamel-du-monceau-henri-louis-la-physique-des-arbres-ou-il-est-traite-de-lanatomie-des-plantes-et-de-leconomie-vegetale-pour-servir-dintroduction-au-traite-complet-des-bois-et-des-forests-2\/#breadcrumb\"},\"inLanguage\":\"en-US\",\"potentialAction\":[{\"@type\":\"ReadAction\",\"target\":[\"https:\/\/www.librairieclavreuil.com\/en\/duhamel-du-monceau-henri-louis-la-physique-des-arbres-ou-il-est-traite-de-lanatomie-des-plantes-et-de-leconomie-vegetale-pour-servir-dintroduction-au-traite-complet-des-bois-et-des-forests-2\/\"]}]},{\"@type\":\"ImageObject\",\"inLanguage\":\"en-US\",\"@id\":\"https:\/\/www.librairieclavreuil.com\/en\/duhamel-du-monceau-henri-louis-la-physique-des-arbres-ou-il-est-traite-de-lanatomie-des-plantes-et-de-leconomie-vegetale-pour-servir-dintroduction-au-traite-complet-des-bois-et-des-forests-2\/#primaryimage\",\"url\":\"https:\/\/www.librairieclavreuil.com\/wp-content\/uploads\/2026\/03\/henri-louis-duhamel-du-monceau-la-physique-des-arbres-ou-il-est-traite-de-l-anatomie-des-plantes-et-de-l-economie-vegetale-pour-servir-d-int-69ac362960913.jpg\",\"contentUrl\":\"https:\/\/www.librairieclavreuil.com\/wp-content\/uploads\/2026\/03\/henri-louis-duhamel-du-monceau-la-physique-des-arbres-ou-il-est-traite-de-l-anatomie-des-plantes-et-de-l-economie-vegetale-pour-servir-d-int-69ac362960913.jpg\",\"width\":622,\"height\":800},{\"@type\":\"BreadcrumbList\",\"@id\":\"https:\/\/www.librairieclavreuil.com\/en\/duhamel-du-monceau-henri-louis-la-physique-des-arbres-ou-il-est-traite-de-lanatomie-des-plantes-et-de-leconomie-vegetale-pour-servir-dintroduction-au-traite-complet-des-bois-et-des-forests-2\/#breadcrumb\",\"itemListElement\":[{\"@type\":\"ListItem\",\"position\":1,\"name\":\"Accueil\",\"item\":\"https:\/\/www.librairieclavreuil.com\/\"},{\"@type\":\"ListItem\",\"position\":2,\"name\":\"All our books\",\"item\":\"https:\/\/www.librairieclavreuil.com\/en\/all-our-books\/\"},{\"@type\":\"ListItem\",\"position\":3,\"name\":\"DUHAMEL DU MONCEAU Henri Louis La Physique des...\"}]},{\"@type\":\"WebSite\",\"@id\":\"https:\/\/www.librairieclavreuil.com\/#website\",\"url\":\"https:\/\/www.librairieclavreuil.com\/\",\"name\":\"Libairie Clavreuil\",\"description\":\"Livres anciens, manuscrits rares et \u00e9ditions originales \u2013 Librairie Clavreuil\",\"publisher\":{\"@id\":\"https:\/\/www.librairieclavreuil.com\/#organization\"},\"potentialAction\":[{\"@type\":\"SearchAction\",\"target\":{\"@type\":\"EntryPoint\",\"urlTemplate\":\"https:\/\/www.librairieclavreuil.com\/?s={search_term_string}\"},\"query-input\":{\"@type\":\"PropertyValueSpecification\",\"valueRequired\":true,\"valueName\":\"search_term_string\"}}],\"inLanguage\":\"en-US\"},{\"@type\":\"Organization\",\"@id\":\"https:\/\/www.librairieclavreuil.com\/#organization\",\"name\":\"Libairie Clavreuil\",\"url\":\"https:\/\/www.librairieclavreuil.com\/\",\"logo\":{\"@type\":\"ImageObject\",\"inLanguage\":\"en-US\",\"@id\":\"https:\/\/www.librairieclavreuil.com\/#\/schema\/logo\/image\/\",\"url\":\"https:\/\/www.librairieclavreuil.com\/wp-content\/uploads\/2021\/06\/cropped-LOGO_PNG_DATE-_gold-512x512-1.png\",\"contentUrl\":\"https:\/\/www.librairieclavreuil.com\/wp-content\/uploads\/2021\/06\/cropped-LOGO_PNG_DATE-_gold-512x512-1.png\",\"width\":512,\"height\":512,\"caption\":\"Libairie Clavreuil\"},\"image\":{\"@id\":\"https:\/\/www.librairieclavreuil.com\/#\/schema\/logo\/image\/\"},\"sameAs\":[\"https:\/\/www.instagram.com\/librairieclavreuil\/\"]}]}<\/script>\n<!-- \/ Yoast SEO plugin. -->","yoast_head_json":{"title":"DUHAMEL DU MONCEAU Henri Louis La Physique des Arbres; o\u00f9 il est trait\u00e9 de l'anatomie des plantes et de l'\u00e9conomie v\u00e9g\u00e9tale: Pour servir d'introduction au Trait\u00e9 complet des Bois et des Forests. - Libairie Clavreuil","robots":{"index":"index","follow":"follow","max-snippet":"max-snippet:-1","max-image-preview":"max-image-preview:large","max-video-preview":"max-video-preview:-1"},"canonical":"https:\/\/www.librairieclavreuil.com\/en\/duhamel-du-monceau-henri-louis-la-physique-des-arbres-ou-il-est-traite-de-lanatomie-des-plantes-et-de-leconomie-vegetale-pour-servir-dintroduction-au-traite-complet-des-bois-et-des-forests-2\/","og_locale":"en_US","og_type":"article","og_title":"DUHAMEL DU MONCEAU Henri Louis La Physique des Arbres; o\u00f9 il est trait\u00e9 de l'anatomie des plantes et de l'\u00e9conomie v\u00e9g\u00e9tale: Pour servir d'introduction au Trait\u00e9 complet des Bois et des Forests. - Libairie Clavreuil","og_description":"2 volumes, 4to (261 x 199 mm) 2 nn.ll., (half-title, title, errata), LXVIII, 306 pp., 28 engraved folding plates for volume I ; 2 nn.ll., III, 432 pp., 22 engraved folding plates for volume II, nn.ll. misbound, belonging to volume I (errata leaf and cancel for pp. XXIX\/XXX of the introduction). Contemporary marbled calf, spine gilt with raised bands, red edges.","og_url":"https:\/\/www.librairieclavreuil.com\/en\/duhamel-du-monceau-henri-louis-la-physique-des-arbres-ou-il-est-traite-de-lanatomie-des-plantes-et-de-leconomie-vegetale-pour-servir-dintroduction-au-traite-complet-des-bois-et-des-forests-2\/","og_site_name":"Libairie Clavreuil","article_modified_time":"2026-03-07T14:38:51+00:00","og_image":[{"width":622,"height":800,"url":"https:\/\/www.librairieclavreuil.com\/wp-content\/uploads\/2026\/03\/henri-louis-duhamel-du-monceau-la-physique-des-arbres-ou-il-est-traite-de-l-anatomie-des-plantes-et-de-l-economie-vegetale-pour-servir-d-int-69ac362960913.jpg","type":"image\/jpeg"}],"twitter_card":"summary_large_image","twitter_misc":{"Est. reading time":"2 minutes"},"schema":{"@context":"https:\/\/schema.org","@graph":[{"@type":"WebPage","@id":"https:\/\/www.librairieclavreuil.com\/en\/duhamel-du-monceau-henri-louis-la-physique-des-arbres-ou-il-est-traite-de-lanatomie-des-plantes-et-de-leconomie-vegetale-pour-servir-dintroduction-au-traite-complet-des-bois-et-des-forests-2\/","url":"https:\/\/www.librairieclavreuil.com\/en\/duhamel-du-monceau-henri-louis-la-physique-des-arbres-ou-il-est-traite-de-lanatomie-des-plantes-et-de-leconomie-vegetale-pour-servir-dintroduction-au-traite-complet-des-bois-et-des-forests-2\/","name":"DUHAMEL DU MONCEAU Henri Louis La Physique des Arbres; o\u00f9 il est trait\u00e9 de l'anatomie des plantes et de l'\u00e9conomie v\u00e9g\u00e9tale: Pour servir d'introduction au Trait\u00e9 complet des Bois et des Forests. - Libairie Clavreuil","isPartOf":{"@id":"https:\/\/www.librairieclavreuil.com\/#website"},"primaryImageOfPage":{"@id":"https:\/\/www.librairieclavreuil.com\/en\/duhamel-du-monceau-henri-louis-la-physique-des-arbres-ou-il-est-traite-de-lanatomie-des-plantes-et-de-leconomie-vegetale-pour-servir-dintroduction-au-traite-complet-des-bois-et-des-forests-2\/#primaryimage"},"image":{"@id":"https:\/\/www.librairieclavreuil.com\/en\/duhamel-du-monceau-henri-louis-la-physique-des-arbres-ou-il-est-traite-de-lanatomie-des-plantes-et-de-leconomie-vegetale-pour-servir-dintroduction-au-traite-complet-des-bois-et-des-forests-2\/#primaryimage"},"thumbnailUrl":"https:\/\/www.librairieclavreuil.com\/wp-content\/uploads\/2026\/03\/henri-louis-duhamel-du-monceau-la-physique-des-arbres-ou-il-est-traite-de-l-anatomie-des-plantes-et-de-l-economie-vegetale-pour-servir-d-int-69ac362960913.jpg","datePublished":"2026-03-07T14:38:46+00:00","dateModified":"2026-03-07T14:38:51+00:00","breadcrumb":{"@id":"https:\/\/www.librairieclavreuil.com\/en\/duhamel-du-monceau-henri-louis-la-physique-des-arbres-ou-il-est-traite-de-lanatomie-des-plantes-et-de-leconomie-vegetale-pour-servir-dintroduction-au-traite-complet-des-bois-et-des-forests-2\/#breadcrumb"},"inLanguage":"en-US","potentialAction":[{"@type":"ReadAction","target":["https:\/\/www.librairieclavreuil.com\/en\/duhamel-du-monceau-henri-louis-la-physique-des-arbres-ou-il-est-traite-de-lanatomie-des-plantes-et-de-leconomie-vegetale-pour-servir-dintroduction-au-traite-complet-des-bois-et-des-forests-2\/"]}]},{"@type":"ImageObject","inLanguage":"en-US","@id":"https:\/\/www.librairieclavreuil.com\/en\/duhamel-du-monceau-henri-louis-la-physique-des-arbres-ou-il-est-traite-de-lanatomie-des-plantes-et-de-leconomie-vegetale-pour-servir-dintroduction-au-traite-complet-des-bois-et-des-forests-2\/#primaryimage","url":"https:\/\/www.librairieclavreuil.com\/wp-content\/uploads\/2026\/03\/henri-louis-duhamel-du-monceau-la-physique-des-arbres-ou-il-est-traite-de-l-anatomie-des-plantes-et-de-l-economie-vegetale-pour-servir-d-int-69ac362960913.jpg","contentUrl":"https:\/\/www.librairieclavreuil.com\/wp-content\/uploads\/2026\/03\/henri-louis-duhamel-du-monceau-la-physique-des-arbres-ou-il-est-traite-de-l-anatomie-des-plantes-et-de-l-economie-vegetale-pour-servir-d-int-69ac362960913.jpg","width":622,"height":800},{"@type":"BreadcrumbList","@id":"https:\/\/www.librairieclavreuil.com\/en\/duhamel-du-monceau-henri-louis-la-physique-des-arbres-ou-il-est-traite-de-lanatomie-des-plantes-et-de-leconomie-vegetale-pour-servir-dintroduction-au-traite-complet-des-bois-et-des-forests-2\/#breadcrumb","itemListElement":[{"@type":"ListItem","position":1,"name":"Accueil","item":"https:\/\/www.librairieclavreuil.com\/"},{"@type":"ListItem","position":2,"name":"All our books","item":"https:\/\/www.librairieclavreuil.com\/en\/all-our-books\/"},{"@type":"ListItem","position":3,"name":"DUHAMEL DU MONCEAU Henri Louis La Physique des..."}]},{"@type":"WebSite","@id":"https:\/\/www.librairieclavreuil.com\/#website","url":"https:\/\/www.librairieclavreuil.com\/","name":"Libairie Clavreuil","description":"Livres anciens, manuscrits rares et \u00e9ditions originales \u2013 Librairie Clavreuil","publisher":{"@id":"https:\/\/www.librairieclavreuil.com\/#organization"},"potentialAction":[{"@type":"SearchAction","target":{"@type":"EntryPoint","urlTemplate":"https:\/\/www.librairieclavreuil.com\/?s={search_term_string}"},"query-input":{"@type":"PropertyValueSpecification","valueRequired":true,"valueName":"search_term_string"}}],"inLanguage":"en-US"},{"@type":"Organization","@id":"https:\/\/www.librairieclavreuil.com\/#organization","name":"Libairie Clavreuil","url":"https:\/\/www.librairieclavreuil.com\/","logo":{"@type":"ImageObject","inLanguage":"en-US","@id":"https:\/\/www.librairieclavreuil.com\/#\/schema\/logo\/image\/","url":"https:\/\/www.librairieclavreuil.com\/wp-content\/uploads\/2021\/06\/cropped-LOGO_PNG_DATE-_gold-512x512-1.png","contentUrl":"https:\/\/www.librairieclavreuil.com\/wp-content\/uploads\/2021\/06\/cropped-LOGO_PNG_DATE-_gold-512x512-1.png","width":512,"height":512,"caption":"Libairie Clavreuil"},"image":{"@id":"https:\/\/www.librairieclavreuil.com\/#\/schema\/logo\/image\/"},"sameAs":["https:\/\/www.instagram.com\/librairieclavreuil\/"]}]}},"jetpack_sharing_enabled":true,"_links":{"self":[{"href":"https:\/\/www.librairieclavreuil.com\/en\/wp-json\/wp\/v2\/product\/89479","targetHints":{"allow":["GET"]}}],"collection":[{"href":"https:\/\/www.librairieclavreuil.com\/en\/wp-json\/wp\/v2\/product"}],"about":[{"href":"https:\/\/www.librairieclavreuil.com\/en\/wp-json\/wp\/v2\/types\/product"}],"replies":[{"embeddable":true,"href":"https:\/\/www.librairieclavreuil.com\/en\/wp-json\/wp\/v2\/comments?post=89479"}],"wp:featuredmedia":[{"embeddable":true,"href":"https:\/\/www.librairieclavreuil.com\/en\/wp-json\/wp\/v2\/media\/89466"}],"wp:attachment":[{"href":"https:\/\/www.librairieclavreuil.com\/en\/wp-json\/wp\/v2\/media?parent=89479"}],"wp:term":[{"taxonomy":"product_brand","embeddable":true,"href":"https:\/\/www.librairieclavreuil.com\/en\/wp-json\/wp\/v2\/product_brand?post=89479"},{"taxonomy":"product_cat","embeddable":true,"href":"https:\/\/www.librairieclavreuil.com\/en\/wp-json\/wp\/v2\/product_cat?post=89479"},{"taxonomy":"product_tag","embeddable":true,"href":"https:\/\/www.librairieclavreuil.com\/en\/wp-json\/wp\/v2\/product_tag?post=89479"}],"curies":[{"name":"wp","href":"https:\/\/api.w.org\/{rel}","templated":true}]}}