{"id":89453,"date":"2026-03-07T15:30:55","date_gmt":"2026-03-07T14:30:55","guid":{"rendered":"https:\/\/www.librairieclavreuil.com\/commerce-loi-relative-aux-droits-a-percevoir-sur-les-marchandises-provenant-du-commerce-francois-au-dela-du-cap-de-bonne-esperance-donnee-a-paris-le-12-decembre-1790\/"},"modified":"2026-03-07T15:31:01","modified_gmt":"2026-03-07T14:31:01","slug":"commerce-loi-relative-aux-droits-a-percevoir-sur-les-marchandises-provenant-du-commerce-francois-au-dela-du-cap-de-bonne-esperance-donnee-a-paris-le-12-decembre-1790","status":"publish","type":"product","link":"https:\/\/www.librairieclavreuil.com\/en\/commerce-loi-relative-aux-droits-a-percevoir-sur-les-marchandises-provenant-du-commerce-francois-au-dela-du-cap-de-bonne-esperance-donnee-a-paris-le-12-decembre-1790\/","title":{"rendered":"COMMERCE Loi relative aux droits \u00e0 percevoir sur..."},"content":{"rendered":"<p style=\"text-align:justify\">Decree stating that goods from the Indian Ocean trade would be subject to the tariffs applied to goods destined for the &#8220;departments known as the Provinces of the five large farms&#8221;. Under the Ancien R\u00e9gime, the &#8216;Five Big Farms&#8217; were the main traffics leased, under a single lease, to a single farmer. One of the aims of the &#8216;Cinq grosses fermiers&#8217; was to promote supplies to Paris.<\/p>\n","protected":false},"excerpt":{"rendered":"<p style=\"text-align:justify\">4to (249 x 196 mm) 3 pp. Unbound.<\/p>\n","protected":false},"featured_media":89451,"comment_status":"open","ping_status":"closed","template":"","meta":{"_acf_changed":false},"product_brand":[],"product_cat":[552],"product_tag":[560,1384],"class_list":{"0":"post-89453","1":"product","2":"type-product","3":"status-publish","4":"has-post-thumbnail","6":"product_cat-travel","7":"product_tag-trade","8":"product_tag-india","9":"pa_auteur-commerce-2","10":"pa_type-de-livre-printed-book","12":"first","13":"instock","14":"shipping-taxable","15":"purchasable","16":"product-type-simple"},"acf":{"artist":"COMMERCE","chapeau":"","adresse_bibliographique":"Dijon, imprimerie de P. Causse, 1791","book_type":"Printed book","provenance":"","afficher_prix":""},"yoast_head":"<!-- This site is optimized with the Yoast SEO plugin v24.7 - https:\/\/yoast.com\/wordpress\/plugins\/seo\/ -->\n<title>COMMERCE  Loi relative aux droits \u00e0 percevoir sur les marchandises provenant du commerce fran\u00e7ois au-del\u00e0 du Cap de Bonne-Esp\u00e9rance. Donn\u00e9e \u00e0 Paris, le 12 d\u00e9cembre 1790. - Libairie Clavreuil<\/title>\n<meta name=\"robots\" content=\"index, follow, max-snippet:-1, max-image-preview:large, max-video-preview:-1\" \/>\n<link rel=\"canonical\" href=\"https:\/\/www.librairieclavreuil.com\/en\/commerce-loi-relative-aux-droits-a-percevoir-sur-les-marchandises-provenant-du-commerce-francois-au-dela-du-cap-de-bonne-esperance-donnee-a-paris-le-12-decembre-1790\/\" \/>\n<meta property=\"og:locale\" content=\"en_US\" \/>\n<meta property=\"og:type\" content=\"article\" \/>\n<meta property=\"og:title\" content=\"COMMERCE  Loi relative aux droits \u00e0 percevoir sur les marchandises provenant du commerce fran\u00e7ois au-del\u00e0 du Cap de Bonne-Esp\u00e9rance. Donn\u00e9e \u00e0 Paris, le 12 d\u00e9cembre 1790. - Libairie Clavreuil\" \/>\n<meta property=\"og:description\" content=\"4to (249 x 196 mm) 3 pp. Unbound.\" \/>\n<meta property=\"og:url\" content=\"https:\/\/www.librairieclavreuil.com\/en\/commerce-loi-relative-aux-droits-a-percevoir-sur-les-marchandises-provenant-du-commerce-francois-au-dela-du-cap-de-bonne-esperance-donnee-a-paris-le-12-decembre-1790\/\" \/>\n<meta property=\"og:site_name\" content=\"Libairie Clavreuil\" \/>\n<meta property=\"article:modified_time\" content=\"2026-03-07T14:31:01+00:00\" \/>\n<meta property=\"og:image\" content=\"https:\/\/www.librairieclavreuil.com\/wp-content\/uploads\/2026\/03\/commerce-loi-relative-aux-droits-a-percevoir-sur-les-marchandises-provenant-du-commerce-francois-au-dela-du-cap-de-bonne-esperance-donnee-a-66911d92c6f3e-1.jpg\" \/>\n\t<meta property=\"og:image:width\" content=\"600\" \/>\n\t<meta property=\"og:image:height\" content=\"800\" \/>\n\t<meta property=\"og:image:type\" content=\"image\/jpeg\" \/>\n<meta name=\"twitter:card\" content=\"summary_large_image\" \/>\n<script type=\"application\/ld+json\" class=\"yoast-schema-graph\">{\"@context\":\"https:\/\/schema.org\",\"@graph\":[{\"@type\":\"WebPage\",\"@id\":\"https:\/\/www.librairieclavreuil.com\/en\/commerce-loi-relative-aux-droits-a-percevoir-sur-les-marchandises-provenant-du-commerce-francois-au-dela-du-cap-de-bonne-esperance-donnee-a-paris-le-12-decembre-1790\/\",\"url\":\"https:\/\/www.librairieclavreuil.com\/en\/commerce-loi-relative-aux-droits-a-percevoir-sur-les-marchandises-provenant-du-commerce-francois-au-dela-du-cap-de-bonne-esperance-donnee-a-paris-le-12-decembre-1790\/\",\"name\":\"COMMERCE Loi relative aux droits \u00e0 percevoir sur les marchandises provenant du commerce fran\u00e7ois au-del\u00e0 du Cap de Bonne-Esp\u00e9rance. Donn\u00e9e \u00e0 Paris, le 12 d\u00e9cembre 1790. - Libairie Clavreuil\",\"isPartOf\":{\"@id\":\"https:\/\/www.librairieclavreuil.com\/#website\"},\"primaryImageOfPage\":{\"@id\":\"https:\/\/www.librairieclavreuil.com\/en\/commerce-loi-relative-aux-droits-a-percevoir-sur-les-marchandises-provenant-du-commerce-francois-au-dela-du-cap-de-bonne-esperance-donnee-a-paris-le-12-decembre-1790\/#primaryimage\"},\"image\":{\"@id\":\"https:\/\/www.librairieclavreuil.com\/en\/commerce-loi-relative-aux-droits-a-percevoir-sur-les-marchandises-provenant-du-commerce-francois-au-dela-du-cap-de-bonne-esperance-donnee-a-paris-le-12-decembre-1790\/#primaryimage\"},\"thumbnailUrl\":\"https:\/\/www.librairieclavreuil.com\/wp-content\/uploads\/2026\/03\/commerce-loi-relative-aux-droits-a-percevoir-sur-les-marchandises-provenant-du-commerce-francois-au-dela-du-cap-de-bonne-esperance-donnee-a-66911d92c6f3e-1.jpg\",\"datePublished\":\"2026-03-07T14:30:55+00:00\",\"dateModified\":\"2026-03-07T14:31:01+00:00\",\"breadcrumb\":{\"@id\":\"https:\/\/www.librairieclavreuil.com\/en\/commerce-loi-relative-aux-droits-a-percevoir-sur-les-marchandises-provenant-du-commerce-francois-au-dela-du-cap-de-bonne-esperance-donnee-a-paris-le-12-decembre-1790\/#breadcrumb\"},\"inLanguage\":\"en-US\",\"potentialAction\":[{\"@type\":\"ReadAction\",\"target\":[\"https:\/\/www.librairieclavreuil.com\/en\/commerce-loi-relative-aux-droits-a-percevoir-sur-les-marchandises-provenant-du-commerce-francois-au-dela-du-cap-de-bonne-esperance-donnee-a-paris-le-12-decembre-1790\/\"]}]},{\"@type\":\"ImageObject\",\"inLanguage\":\"en-US\",\"@id\":\"https:\/\/www.librairieclavreuil.com\/en\/commerce-loi-relative-aux-droits-a-percevoir-sur-les-marchandises-provenant-du-commerce-francois-au-dela-du-cap-de-bonne-esperance-donnee-a-paris-le-12-decembre-1790\/#primaryimage\",\"url\":\"https:\/\/www.librairieclavreuil.com\/wp-content\/uploads\/2026\/03\/commerce-loi-relative-aux-droits-a-percevoir-sur-les-marchandises-provenant-du-commerce-francois-au-dela-du-cap-de-bonne-esperance-donnee-a-66911d92c6f3e-1.jpg\",\"contentUrl\":\"https:\/\/www.librairieclavreuil.com\/wp-content\/uploads\/2026\/03\/commerce-loi-relative-aux-droits-a-percevoir-sur-les-marchandises-provenant-du-commerce-francois-au-dela-du-cap-de-bonne-esperance-donnee-a-66911d92c6f3e-1.jpg\",\"width\":600,\"height\":800},{\"@type\":\"BreadcrumbList\",\"@id\":\"https:\/\/www.librairieclavreuil.com\/en\/commerce-loi-relative-aux-droits-a-percevoir-sur-les-marchandises-provenant-du-commerce-francois-au-dela-du-cap-de-bonne-esperance-donnee-a-paris-le-12-decembre-1790\/#breadcrumb\",\"itemListElement\":[{\"@type\":\"ListItem\",\"position\":1,\"name\":\"Accueil\",\"item\":\"https:\/\/www.librairieclavreuil.com\/\"},{\"@type\":\"ListItem\",\"position\":2,\"name\":\"All our books\",\"item\":\"https:\/\/www.librairieclavreuil.com\/en\/all-our-books\/\"},{\"@type\":\"ListItem\",\"position\":3,\"name\":\"COMMERCE Loi relative aux droits \u00e0 percevoir sur...\"}]},{\"@type\":\"WebSite\",\"@id\":\"https:\/\/www.librairieclavreuil.com\/#website\",\"url\":\"https:\/\/www.librairieclavreuil.com\/\",\"name\":\"Libairie Clavreuil\",\"description\":\"Livres anciens, manuscrits rares et \u00e9ditions originales \u2013 Librairie Clavreuil\",\"publisher\":{\"@id\":\"https:\/\/www.librairieclavreuil.com\/#organization\"},\"potentialAction\":[{\"@type\":\"SearchAction\",\"target\":{\"@type\":\"EntryPoint\",\"urlTemplate\":\"https:\/\/www.librairieclavreuil.com\/?s={search_term_string}\"},\"query-input\":{\"@type\":\"PropertyValueSpecification\",\"valueRequired\":true,\"valueName\":\"search_term_string\"}}],\"inLanguage\":\"en-US\"},{\"@type\":\"Organization\",\"@id\":\"https:\/\/www.librairieclavreuil.com\/#organization\",\"name\":\"Libairie Clavreuil\",\"url\":\"https:\/\/www.librairieclavreuil.com\/\",\"logo\":{\"@type\":\"ImageObject\",\"inLanguage\":\"en-US\",\"@id\":\"https:\/\/www.librairieclavreuil.com\/#\/schema\/logo\/image\/\",\"url\":\"https:\/\/www.librairieclavreuil.com\/wp-content\/uploads\/2021\/06\/cropped-LOGO_PNG_DATE-_gold-512x512-1.png\",\"contentUrl\":\"https:\/\/www.librairieclavreuil.com\/wp-content\/uploads\/2021\/06\/cropped-LOGO_PNG_DATE-_gold-512x512-1.png\",\"width\":512,\"height\":512,\"caption\":\"Libairie Clavreuil\"},\"image\":{\"@id\":\"https:\/\/www.librairieclavreuil.com\/#\/schema\/logo\/image\/\"},\"sameAs\":[\"https:\/\/www.instagram.com\/librairieclavreuil\/\"]}]}<\/script>\n<!-- \/ Yoast SEO plugin. -->","yoast_head_json":{"title":"COMMERCE  Loi relative aux droits \u00e0 percevoir sur les marchandises provenant du commerce fran\u00e7ois au-del\u00e0 du Cap de Bonne-Esp\u00e9rance. Donn\u00e9e \u00e0 Paris, le 12 d\u00e9cembre 1790. - Libairie Clavreuil","robots":{"index":"index","follow":"follow","max-snippet":"max-snippet:-1","max-image-preview":"max-image-preview:large","max-video-preview":"max-video-preview:-1"},"canonical":"https:\/\/www.librairieclavreuil.com\/en\/commerce-loi-relative-aux-droits-a-percevoir-sur-les-marchandises-provenant-du-commerce-francois-au-dela-du-cap-de-bonne-esperance-donnee-a-paris-le-12-decembre-1790\/","og_locale":"en_US","og_type":"article","og_title":"COMMERCE  Loi relative aux droits \u00e0 percevoir sur les marchandises provenant du commerce fran\u00e7ois au-del\u00e0 du Cap de Bonne-Esp\u00e9rance. Donn\u00e9e \u00e0 Paris, le 12 d\u00e9cembre 1790. - Libairie Clavreuil","og_description":"4to (249 x 196 mm) 3 pp. Unbound.","og_url":"https:\/\/www.librairieclavreuil.com\/en\/commerce-loi-relative-aux-droits-a-percevoir-sur-les-marchandises-provenant-du-commerce-francois-au-dela-du-cap-de-bonne-esperance-donnee-a-paris-le-12-decembre-1790\/","og_site_name":"Libairie Clavreuil","article_modified_time":"2026-03-07T14:31:01+00:00","og_image":[{"width":600,"height":800,"url":"https:\/\/www.librairieclavreuil.com\/wp-content\/uploads\/2026\/03\/commerce-loi-relative-aux-droits-a-percevoir-sur-les-marchandises-provenant-du-commerce-francois-au-dela-du-cap-de-bonne-esperance-donnee-a-66911d92c6f3e-1.jpg","type":"image\/jpeg"}],"twitter_card":"summary_large_image","schema":{"@context":"https:\/\/schema.org","@graph":[{"@type":"WebPage","@id":"https:\/\/www.librairieclavreuil.com\/en\/commerce-loi-relative-aux-droits-a-percevoir-sur-les-marchandises-provenant-du-commerce-francois-au-dela-du-cap-de-bonne-esperance-donnee-a-paris-le-12-decembre-1790\/","url":"https:\/\/www.librairieclavreuil.com\/en\/commerce-loi-relative-aux-droits-a-percevoir-sur-les-marchandises-provenant-du-commerce-francois-au-dela-du-cap-de-bonne-esperance-donnee-a-paris-le-12-decembre-1790\/","name":"COMMERCE Loi relative aux droits \u00e0 percevoir sur les marchandises provenant du commerce fran\u00e7ois au-del\u00e0 du Cap de Bonne-Esp\u00e9rance. Donn\u00e9e \u00e0 Paris, le 12 d\u00e9cembre 1790. - Libairie Clavreuil","isPartOf":{"@id":"https:\/\/www.librairieclavreuil.com\/#website"},"primaryImageOfPage":{"@id":"https:\/\/www.librairieclavreuil.com\/en\/commerce-loi-relative-aux-droits-a-percevoir-sur-les-marchandises-provenant-du-commerce-francois-au-dela-du-cap-de-bonne-esperance-donnee-a-paris-le-12-decembre-1790\/#primaryimage"},"image":{"@id":"https:\/\/www.librairieclavreuil.com\/en\/commerce-loi-relative-aux-droits-a-percevoir-sur-les-marchandises-provenant-du-commerce-francois-au-dela-du-cap-de-bonne-esperance-donnee-a-paris-le-12-decembre-1790\/#primaryimage"},"thumbnailUrl":"https:\/\/www.librairieclavreuil.com\/wp-content\/uploads\/2026\/03\/commerce-loi-relative-aux-droits-a-percevoir-sur-les-marchandises-provenant-du-commerce-francois-au-dela-du-cap-de-bonne-esperance-donnee-a-66911d92c6f3e-1.jpg","datePublished":"2026-03-07T14:30:55+00:00","dateModified":"2026-03-07T14:31:01+00:00","breadcrumb":{"@id":"https:\/\/www.librairieclavreuil.com\/en\/commerce-loi-relative-aux-droits-a-percevoir-sur-les-marchandises-provenant-du-commerce-francois-au-dela-du-cap-de-bonne-esperance-donnee-a-paris-le-12-decembre-1790\/#breadcrumb"},"inLanguage":"en-US","potentialAction":[{"@type":"ReadAction","target":["https:\/\/www.librairieclavreuil.com\/en\/commerce-loi-relative-aux-droits-a-percevoir-sur-les-marchandises-provenant-du-commerce-francois-au-dela-du-cap-de-bonne-esperance-donnee-a-paris-le-12-decembre-1790\/"]}]},{"@type":"ImageObject","inLanguage":"en-US","@id":"https:\/\/www.librairieclavreuil.com\/en\/commerce-loi-relative-aux-droits-a-percevoir-sur-les-marchandises-provenant-du-commerce-francois-au-dela-du-cap-de-bonne-esperance-donnee-a-paris-le-12-decembre-1790\/#primaryimage","url":"https:\/\/www.librairieclavreuil.com\/wp-content\/uploads\/2026\/03\/commerce-loi-relative-aux-droits-a-percevoir-sur-les-marchandises-provenant-du-commerce-francois-au-dela-du-cap-de-bonne-esperance-donnee-a-66911d92c6f3e-1.jpg","contentUrl":"https:\/\/www.librairieclavreuil.com\/wp-content\/uploads\/2026\/03\/commerce-loi-relative-aux-droits-a-percevoir-sur-les-marchandises-provenant-du-commerce-francois-au-dela-du-cap-de-bonne-esperance-donnee-a-66911d92c6f3e-1.jpg","width":600,"height":800},{"@type":"BreadcrumbList","@id":"https:\/\/www.librairieclavreuil.com\/en\/commerce-loi-relative-aux-droits-a-percevoir-sur-les-marchandises-provenant-du-commerce-francois-au-dela-du-cap-de-bonne-esperance-donnee-a-paris-le-12-decembre-1790\/#breadcrumb","itemListElement":[{"@type":"ListItem","position":1,"name":"Accueil","item":"https:\/\/www.librairieclavreuil.com\/"},{"@type":"ListItem","position":2,"name":"All our books","item":"https:\/\/www.librairieclavreuil.com\/en\/all-our-books\/"},{"@type":"ListItem","position":3,"name":"COMMERCE Loi relative aux droits \u00e0 percevoir sur..."}]},{"@type":"WebSite","@id":"https:\/\/www.librairieclavreuil.com\/#website","url":"https:\/\/www.librairieclavreuil.com\/","name":"Libairie Clavreuil","description":"Livres anciens, manuscrits rares et \u00e9ditions originales \u2013 Librairie Clavreuil","publisher":{"@id":"https:\/\/www.librairieclavreuil.com\/#organization"},"potentialAction":[{"@type":"SearchAction","target":{"@type":"EntryPoint","urlTemplate":"https:\/\/www.librairieclavreuil.com\/?s={search_term_string}"},"query-input":{"@type":"PropertyValueSpecification","valueRequired":true,"valueName":"search_term_string"}}],"inLanguage":"en-US"},{"@type":"Organization","@id":"https:\/\/www.librairieclavreuil.com\/#organization","name":"Libairie Clavreuil","url":"https:\/\/www.librairieclavreuil.com\/","logo":{"@type":"ImageObject","inLanguage":"en-US","@id":"https:\/\/www.librairieclavreuil.com\/#\/schema\/logo\/image\/","url":"https:\/\/www.librairieclavreuil.com\/wp-content\/uploads\/2021\/06\/cropped-LOGO_PNG_DATE-_gold-512x512-1.png","contentUrl":"https:\/\/www.librairieclavreuil.com\/wp-content\/uploads\/2021\/06\/cropped-LOGO_PNG_DATE-_gold-512x512-1.png","width":512,"height":512,"caption":"Libairie Clavreuil"},"image":{"@id":"https:\/\/www.librairieclavreuil.com\/#\/schema\/logo\/image\/"},"sameAs":["https:\/\/www.instagram.com\/librairieclavreuil\/"]}]}},"jetpack_sharing_enabled":true,"_links":{"self":[{"href":"https:\/\/www.librairieclavreuil.com\/en\/wp-json\/wp\/v2\/product\/89453","targetHints":{"allow":["GET"]}}],"collection":[{"href":"https:\/\/www.librairieclavreuil.com\/en\/wp-json\/wp\/v2\/product"}],"about":[{"href":"https:\/\/www.librairieclavreuil.com\/en\/wp-json\/wp\/v2\/types\/product"}],"replies":[{"embeddable":true,"href":"https:\/\/www.librairieclavreuil.com\/en\/wp-json\/wp\/v2\/comments?post=89453"}],"wp:featuredmedia":[{"embeddable":true,"href":"https:\/\/www.librairieclavreuil.com\/en\/wp-json\/wp\/v2\/media\/89451"}],"wp:attachment":[{"href":"https:\/\/www.librairieclavreuil.com\/en\/wp-json\/wp\/v2\/media?parent=89453"}],"wp:term":[{"taxonomy":"product_brand","embeddable":true,"href":"https:\/\/www.librairieclavreuil.com\/en\/wp-json\/wp\/v2\/product_brand?post=89453"},{"taxonomy":"product_cat","embeddable":true,"href":"https:\/\/www.librairieclavreuil.com\/en\/wp-json\/wp\/v2\/product_cat?post=89453"},{"taxonomy":"product_tag","embeddable":true,"href":"https:\/\/www.librairieclavreuil.com\/en\/wp-json\/wp\/v2\/product_tag?post=89453"}],"curies":[{"name":"wp","href":"https:\/\/api.w.org\/{rel}","templated":true}]}}