{"id":89443,"date":"2026-03-07T15:30:34","date_gmt":"2026-03-07T14:30:34","guid":{"rendered":"https:\/\/www.librairieclavreuil.com\/madagascar-ordonnance-du-roi-portant-suppression-de-la-compagnie-franche-de-madagascar-son-incorporation-dans-le-regiment-de-lisle-de-france-suppression-de-deux-chefs-de-bataillon-de-deux\/"},"modified":"2026-03-07T15:30:39","modified_gmt":"2026-03-07T14:30:39","slug":"madagascar-ordonnance-du-roi-portant-suppression-de-la-compagnie-franche-de-madagascar-son-incorporation-dans-le-regiment-de-lisle-de-france-suppression-de-deux-chefs-de-bataillon-de-deux","status":"publish","type":"product","link":"https:\/\/www.librairieclavreuil.com\/en\/madagascar-ordonnance-du-roi-portant-suppression-de-la-compagnie-franche-de-madagascar-son-incorporation-dans-le-regiment-de-lisle-de-france-suppression-de-deux-chefs-de-bataillon-de-deux\/","title":{"rendered":"MADAGASCAR Ordonnance du roi, portant suppression de la..."},"content":{"rendered":"<p style=\"text-align:justify\">Order reorganising the troops based in Madagascar, incorporating them and placing them under the regime of the regiment based in Ile-de-France. This reorganisation led to the departure of certain officers, non-commissioned officers and other positions with pay to be paid according to military rank.<\/p>\n","protected":false},"excerpt":{"rendered":"<p style=\"text-align:justify\">4to (242 x 192 mm) 10 pp. Unbound.<\/p>\n","protected":false},"featured_media":89440,"comment_status":"open","ping_status":"closed","template":"","meta":{"_acf_changed":false},"product_brand":[],"product_cat":[552],"product_tag":[1356],"class_list":{"0":"post-89443","1":"product","2":"type-product","3":"status-publish","4":"has-post-thumbnail","6":"product_cat-travel","7":"product_tag-madagascar-2","8":"pa_auteur-madagascar-3","9":"pa_type-de-livre-printed-book","11":"first","12":"instock","13":"shipping-taxable","14":"purchasable","15":"product-type-simple"},"acf":{"artist":"MADAGASCAR","chapeau":"","adresse_bibliographique":"Paris, Imprimerie Royale, 1781","book_type":"Printed book","provenance":"","afficher_prix":""},"yoast_head":"<!-- This site is optimized with the Yoast SEO plugin v24.7 - https:\/\/yoast.com\/wordpress\/plugins\/seo\/ -->\n<title>MADAGASCAR  Ordonnance du roi, portant suppression de la Compagnie franche de Madagascar, &amp; son incorporation dans le r\u00e9giment de l&#039;Isle-de-France: suppression de deux chefs de bataillon, de deux aides-major, de deux sous-aides major &amp; de plusieurs officiers de l&#039;\u00c9tat-major: et \u00e9tablissement d&#039;un conseil d&#039;administration dans ledit r\u00e9giment. Du 3 mars 1781. - Libairie Clavreuil<\/title>\n<meta name=\"robots\" content=\"index, follow, max-snippet:-1, max-image-preview:large, max-video-preview:-1\" \/>\n<link rel=\"canonical\" href=\"https:\/\/www.librairieclavreuil.com\/en\/madagascar-ordonnance-du-roi-portant-suppression-de-la-compagnie-franche-de-madagascar-son-incorporation-dans-le-regiment-de-lisle-de-france-suppression-de-deux-chefs-de-bataillon-de-deux\/\" \/>\n<meta property=\"og:locale\" content=\"en_US\" \/>\n<meta property=\"og:type\" content=\"article\" \/>\n<meta property=\"og:title\" content=\"MADAGASCAR  Ordonnance du roi, portant suppression de la Compagnie franche de Madagascar, &amp; son incorporation dans le r\u00e9giment de l&#039;Isle-de-France: suppression de deux chefs de bataillon, de deux aides-major, de deux sous-aides major &amp; de plusieurs officiers de l&#039;\u00c9tat-major: et \u00e9tablissement d&#039;un conseil d&#039;administration dans ledit r\u00e9giment. Du 3 mars 1781. - Libairie Clavreuil\" \/>\n<meta property=\"og:description\" content=\"4to (242 x 192 mm) 10 pp. Unbound.\" \/>\n<meta property=\"og:url\" content=\"https:\/\/www.librairieclavreuil.com\/en\/madagascar-ordonnance-du-roi-portant-suppression-de-la-compagnie-franche-de-madagascar-son-incorporation-dans-le-regiment-de-lisle-de-france-suppression-de-deux-chefs-de-bataillon-de-deux\/\" \/>\n<meta property=\"og:site_name\" content=\"Libairie Clavreuil\" \/>\n<meta property=\"article:modified_time\" content=\"2026-03-07T14:30:39+00:00\" \/>\n<meta property=\"og:image\" content=\"https:\/\/www.librairieclavreuil.com\/wp-content\/uploads\/2026\/03\/madagascar-ordonnance-du-roi-portant-suppression-de-la-compagnie-franche-de-madagascar-son-incorporation-dans-le-regiment-de-l-isle-de-france-suppress.jpg\" \/>\n\t<meta property=\"og:image:width\" content=\"698\" \/>\n\t<meta property=\"og:image:height\" content=\"800\" \/>\n\t<meta property=\"og:image:type\" content=\"image\/jpeg\" \/>\n<meta name=\"twitter:card\" content=\"summary_large_image\" \/>\n<script type=\"application\/ld+json\" class=\"yoast-schema-graph\">{\"@context\":\"https:\/\/schema.org\",\"@graph\":[{\"@type\":\"WebPage\",\"@id\":\"https:\/\/www.librairieclavreuil.com\/en\/madagascar-ordonnance-du-roi-portant-suppression-de-la-compagnie-franche-de-madagascar-son-incorporation-dans-le-regiment-de-lisle-de-france-suppression-de-deux-chefs-de-bataillon-de-deux\/\",\"url\":\"https:\/\/www.librairieclavreuil.com\/en\/madagascar-ordonnance-du-roi-portant-suppression-de-la-compagnie-franche-de-madagascar-son-incorporation-dans-le-regiment-de-lisle-de-france-suppression-de-deux-chefs-de-bataillon-de-deux\/\",\"name\":\"MADAGASCAR Ordonnance du roi, portant suppression de la Compagnie franche de Madagascar, &amp; son incorporation dans le r\u00e9giment de l'Isle-de-France: suppression de deux chefs de bataillon, de deux aides-major, de deux sous-aides major &amp; de plusieurs officiers de l'\u00c9tat-major: et \u00e9tablissement d'un conseil d'administration dans ledit r\u00e9giment. Du 3 mars 1781. - Libairie Clavreuil\",\"isPartOf\":{\"@id\":\"https:\/\/www.librairieclavreuil.com\/#website\"},\"primaryImageOfPage\":{\"@id\":\"https:\/\/www.librairieclavreuil.com\/en\/madagascar-ordonnance-du-roi-portant-suppression-de-la-compagnie-franche-de-madagascar-son-incorporation-dans-le-regiment-de-lisle-de-france-suppression-de-deux-chefs-de-bataillon-de-deux\/#primaryimage\"},\"image\":{\"@id\":\"https:\/\/www.librairieclavreuil.com\/en\/madagascar-ordonnance-du-roi-portant-suppression-de-la-compagnie-franche-de-madagascar-son-incorporation-dans-le-regiment-de-lisle-de-france-suppression-de-deux-chefs-de-bataillon-de-deux\/#primaryimage\"},\"thumbnailUrl\":\"https:\/\/www.librairieclavreuil.com\/wp-content\/uploads\/2026\/03\/madagascar-ordonnance-du-roi-portant-suppression-de-la-compagnie-franche-de-madagascar-son-incorporation-dans-le-regiment-de-l-isle-de-france-suppress.jpg\",\"datePublished\":\"2026-03-07T14:30:34+00:00\",\"dateModified\":\"2026-03-07T14:30:39+00:00\",\"breadcrumb\":{\"@id\":\"https:\/\/www.librairieclavreuil.com\/en\/madagascar-ordonnance-du-roi-portant-suppression-de-la-compagnie-franche-de-madagascar-son-incorporation-dans-le-regiment-de-lisle-de-france-suppression-de-deux-chefs-de-bataillon-de-deux\/#breadcrumb\"},\"inLanguage\":\"en-US\",\"potentialAction\":[{\"@type\":\"ReadAction\",\"target\":[\"https:\/\/www.librairieclavreuil.com\/en\/madagascar-ordonnance-du-roi-portant-suppression-de-la-compagnie-franche-de-madagascar-son-incorporation-dans-le-regiment-de-lisle-de-france-suppression-de-deux-chefs-de-bataillon-de-deux\/\"]}]},{\"@type\":\"ImageObject\",\"inLanguage\":\"en-US\",\"@id\":\"https:\/\/www.librairieclavreuil.com\/en\/madagascar-ordonnance-du-roi-portant-suppression-de-la-compagnie-franche-de-madagascar-son-incorporation-dans-le-regiment-de-lisle-de-france-suppression-de-deux-chefs-de-bataillon-de-deux\/#primaryimage\",\"url\":\"https:\/\/www.librairieclavreuil.com\/wp-content\/uploads\/2026\/03\/madagascar-ordonnance-du-roi-portant-suppression-de-la-compagnie-franche-de-madagascar-son-incorporation-dans-le-regiment-de-l-isle-de-france-suppress.jpg\",\"contentUrl\":\"https:\/\/www.librairieclavreuil.com\/wp-content\/uploads\/2026\/03\/madagascar-ordonnance-du-roi-portant-suppression-de-la-compagnie-franche-de-madagascar-son-incorporation-dans-le-regiment-de-l-isle-de-france-suppress.jpg\",\"width\":698,\"height\":800},{\"@type\":\"BreadcrumbList\",\"@id\":\"https:\/\/www.librairieclavreuil.com\/en\/madagascar-ordonnance-du-roi-portant-suppression-de-la-compagnie-franche-de-madagascar-son-incorporation-dans-le-regiment-de-lisle-de-france-suppression-de-deux-chefs-de-bataillon-de-deux\/#breadcrumb\",\"itemListElement\":[{\"@type\":\"ListItem\",\"position\":1,\"name\":\"Accueil\",\"item\":\"https:\/\/www.librairieclavreuil.com\/\"},{\"@type\":\"ListItem\",\"position\":2,\"name\":\"All our books\",\"item\":\"https:\/\/www.librairieclavreuil.com\/en\/all-our-books\/\"},{\"@type\":\"ListItem\",\"position\":3,\"name\":\"MADAGASCAR Ordonnance du roi, portant suppression de la...\"}]},{\"@type\":\"WebSite\",\"@id\":\"https:\/\/www.librairieclavreuil.com\/#website\",\"url\":\"https:\/\/www.librairieclavreuil.com\/\",\"name\":\"Libairie Clavreuil\",\"description\":\"Livres anciens, manuscrits rares et \u00e9ditions originales \u2013 Librairie Clavreuil\",\"publisher\":{\"@id\":\"https:\/\/www.librairieclavreuil.com\/#organization\"},\"potentialAction\":[{\"@type\":\"SearchAction\",\"target\":{\"@type\":\"EntryPoint\",\"urlTemplate\":\"https:\/\/www.librairieclavreuil.com\/?s={search_term_string}\"},\"query-input\":{\"@type\":\"PropertyValueSpecification\",\"valueRequired\":true,\"valueName\":\"search_term_string\"}}],\"inLanguage\":\"en-US\"},{\"@type\":\"Organization\",\"@id\":\"https:\/\/www.librairieclavreuil.com\/#organization\",\"name\":\"Libairie Clavreuil\",\"url\":\"https:\/\/www.librairieclavreuil.com\/\",\"logo\":{\"@type\":\"ImageObject\",\"inLanguage\":\"en-US\",\"@id\":\"https:\/\/www.librairieclavreuil.com\/#\/schema\/logo\/image\/\",\"url\":\"https:\/\/www.librairieclavreuil.com\/wp-content\/uploads\/2021\/06\/cropped-LOGO_PNG_DATE-_gold-512x512-1.png\",\"contentUrl\":\"https:\/\/www.librairieclavreuil.com\/wp-content\/uploads\/2021\/06\/cropped-LOGO_PNG_DATE-_gold-512x512-1.png\",\"width\":512,\"height\":512,\"caption\":\"Libairie Clavreuil\"},\"image\":{\"@id\":\"https:\/\/www.librairieclavreuil.com\/#\/schema\/logo\/image\/\"},\"sameAs\":[\"https:\/\/www.instagram.com\/librairieclavreuil\/\"]}]}<\/script>\n<!-- \/ Yoast SEO plugin. -->","yoast_head_json":{"title":"MADAGASCAR  Ordonnance du roi, portant suppression de la Compagnie franche de Madagascar, &amp; son incorporation dans le r\u00e9giment de l'Isle-de-France: suppression de deux chefs de bataillon, de deux aides-major, de deux sous-aides major &amp; de plusieurs officiers de l'\u00c9tat-major: et \u00e9tablissement d'un conseil d'administration dans ledit r\u00e9giment. Du 3 mars 1781. - Libairie Clavreuil","robots":{"index":"index","follow":"follow","max-snippet":"max-snippet:-1","max-image-preview":"max-image-preview:large","max-video-preview":"max-video-preview:-1"},"canonical":"https:\/\/www.librairieclavreuil.com\/en\/madagascar-ordonnance-du-roi-portant-suppression-de-la-compagnie-franche-de-madagascar-son-incorporation-dans-le-regiment-de-lisle-de-france-suppression-de-deux-chefs-de-bataillon-de-deux\/","og_locale":"en_US","og_type":"article","og_title":"MADAGASCAR  Ordonnance du roi, portant suppression de la Compagnie franche de Madagascar, &amp; son incorporation dans le r\u00e9giment de l'Isle-de-France: suppression de deux chefs de bataillon, de deux aides-major, de deux sous-aides major &amp; de plusieurs officiers de l'\u00c9tat-major: et \u00e9tablissement d'un conseil d'administration dans ledit r\u00e9giment. Du 3 mars 1781. - Libairie Clavreuil","og_description":"4to (242 x 192 mm) 10 pp. Unbound.","og_url":"https:\/\/www.librairieclavreuil.com\/en\/madagascar-ordonnance-du-roi-portant-suppression-de-la-compagnie-franche-de-madagascar-son-incorporation-dans-le-regiment-de-lisle-de-france-suppression-de-deux-chefs-de-bataillon-de-deux\/","og_site_name":"Libairie Clavreuil","article_modified_time":"2026-03-07T14:30:39+00:00","og_image":[{"width":698,"height":800,"url":"https:\/\/www.librairieclavreuil.com\/wp-content\/uploads\/2026\/03\/madagascar-ordonnance-du-roi-portant-suppression-de-la-compagnie-franche-de-madagascar-son-incorporation-dans-le-regiment-de-l-isle-de-france-suppress.jpg","type":"image\/jpeg"}],"twitter_card":"summary_large_image","schema":{"@context":"https:\/\/schema.org","@graph":[{"@type":"WebPage","@id":"https:\/\/www.librairieclavreuil.com\/en\/madagascar-ordonnance-du-roi-portant-suppression-de-la-compagnie-franche-de-madagascar-son-incorporation-dans-le-regiment-de-lisle-de-france-suppression-de-deux-chefs-de-bataillon-de-deux\/","url":"https:\/\/www.librairieclavreuil.com\/en\/madagascar-ordonnance-du-roi-portant-suppression-de-la-compagnie-franche-de-madagascar-son-incorporation-dans-le-regiment-de-lisle-de-france-suppression-de-deux-chefs-de-bataillon-de-deux\/","name":"MADAGASCAR Ordonnance du roi, portant suppression de la Compagnie franche de Madagascar, &amp; son incorporation dans le r\u00e9giment de l'Isle-de-France: suppression de deux chefs de bataillon, de deux aides-major, de deux sous-aides major &amp; de plusieurs officiers de l'\u00c9tat-major: et \u00e9tablissement d'un conseil d'administration dans ledit r\u00e9giment. Du 3 mars 1781. - Libairie Clavreuil","isPartOf":{"@id":"https:\/\/www.librairieclavreuil.com\/#website"},"primaryImageOfPage":{"@id":"https:\/\/www.librairieclavreuil.com\/en\/madagascar-ordonnance-du-roi-portant-suppression-de-la-compagnie-franche-de-madagascar-son-incorporation-dans-le-regiment-de-lisle-de-france-suppression-de-deux-chefs-de-bataillon-de-deux\/#primaryimage"},"image":{"@id":"https:\/\/www.librairieclavreuil.com\/en\/madagascar-ordonnance-du-roi-portant-suppression-de-la-compagnie-franche-de-madagascar-son-incorporation-dans-le-regiment-de-lisle-de-france-suppression-de-deux-chefs-de-bataillon-de-deux\/#primaryimage"},"thumbnailUrl":"https:\/\/www.librairieclavreuil.com\/wp-content\/uploads\/2026\/03\/madagascar-ordonnance-du-roi-portant-suppression-de-la-compagnie-franche-de-madagascar-son-incorporation-dans-le-regiment-de-l-isle-de-france-suppress.jpg","datePublished":"2026-03-07T14:30:34+00:00","dateModified":"2026-03-07T14:30:39+00:00","breadcrumb":{"@id":"https:\/\/www.librairieclavreuil.com\/en\/madagascar-ordonnance-du-roi-portant-suppression-de-la-compagnie-franche-de-madagascar-son-incorporation-dans-le-regiment-de-lisle-de-france-suppression-de-deux-chefs-de-bataillon-de-deux\/#breadcrumb"},"inLanguage":"en-US","potentialAction":[{"@type":"ReadAction","target":["https:\/\/www.librairieclavreuil.com\/en\/madagascar-ordonnance-du-roi-portant-suppression-de-la-compagnie-franche-de-madagascar-son-incorporation-dans-le-regiment-de-lisle-de-france-suppression-de-deux-chefs-de-bataillon-de-deux\/"]}]},{"@type":"ImageObject","inLanguage":"en-US","@id":"https:\/\/www.librairieclavreuil.com\/en\/madagascar-ordonnance-du-roi-portant-suppression-de-la-compagnie-franche-de-madagascar-son-incorporation-dans-le-regiment-de-lisle-de-france-suppression-de-deux-chefs-de-bataillon-de-deux\/#primaryimage","url":"https:\/\/www.librairieclavreuil.com\/wp-content\/uploads\/2026\/03\/madagascar-ordonnance-du-roi-portant-suppression-de-la-compagnie-franche-de-madagascar-son-incorporation-dans-le-regiment-de-l-isle-de-france-suppress.jpg","contentUrl":"https:\/\/www.librairieclavreuil.com\/wp-content\/uploads\/2026\/03\/madagascar-ordonnance-du-roi-portant-suppression-de-la-compagnie-franche-de-madagascar-son-incorporation-dans-le-regiment-de-l-isle-de-france-suppress.jpg","width":698,"height":800},{"@type":"BreadcrumbList","@id":"https:\/\/www.librairieclavreuil.com\/en\/madagascar-ordonnance-du-roi-portant-suppression-de-la-compagnie-franche-de-madagascar-son-incorporation-dans-le-regiment-de-lisle-de-france-suppression-de-deux-chefs-de-bataillon-de-deux\/#breadcrumb","itemListElement":[{"@type":"ListItem","position":1,"name":"Accueil","item":"https:\/\/www.librairieclavreuil.com\/"},{"@type":"ListItem","position":2,"name":"All our books","item":"https:\/\/www.librairieclavreuil.com\/en\/all-our-books\/"},{"@type":"ListItem","position":3,"name":"MADAGASCAR Ordonnance du roi, portant suppression de la..."}]},{"@type":"WebSite","@id":"https:\/\/www.librairieclavreuil.com\/#website","url":"https:\/\/www.librairieclavreuil.com\/","name":"Libairie Clavreuil","description":"Livres anciens, manuscrits rares et \u00e9ditions originales \u2013 Librairie Clavreuil","publisher":{"@id":"https:\/\/www.librairieclavreuil.com\/#organization"},"potentialAction":[{"@type":"SearchAction","target":{"@type":"EntryPoint","urlTemplate":"https:\/\/www.librairieclavreuil.com\/?s={search_term_string}"},"query-input":{"@type":"PropertyValueSpecification","valueRequired":true,"valueName":"search_term_string"}}],"inLanguage":"en-US"},{"@type":"Organization","@id":"https:\/\/www.librairieclavreuil.com\/#organization","name":"Libairie Clavreuil","url":"https:\/\/www.librairieclavreuil.com\/","logo":{"@type":"ImageObject","inLanguage":"en-US","@id":"https:\/\/www.librairieclavreuil.com\/#\/schema\/logo\/image\/","url":"https:\/\/www.librairieclavreuil.com\/wp-content\/uploads\/2021\/06\/cropped-LOGO_PNG_DATE-_gold-512x512-1.png","contentUrl":"https:\/\/www.librairieclavreuil.com\/wp-content\/uploads\/2021\/06\/cropped-LOGO_PNG_DATE-_gold-512x512-1.png","width":512,"height":512,"caption":"Libairie Clavreuil"},"image":{"@id":"https:\/\/www.librairieclavreuil.com\/#\/schema\/logo\/image\/"},"sameAs":["https:\/\/www.instagram.com\/librairieclavreuil\/"]}]}},"jetpack_sharing_enabled":true,"_links":{"self":[{"href":"https:\/\/www.librairieclavreuil.com\/en\/wp-json\/wp\/v2\/product\/89443","targetHints":{"allow":["GET"]}}],"collection":[{"href":"https:\/\/www.librairieclavreuil.com\/en\/wp-json\/wp\/v2\/product"}],"about":[{"href":"https:\/\/www.librairieclavreuil.com\/en\/wp-json\/wp\/v2\/types\/product"}],"replies":[{"embeddable":true,"href":"https:\/\/www.librairieclavreuil.com\/en\/wp-json\/wp\/v2\/comments?post=89443"}],"wp:featuredmedia":[{"embeddable":true,"href":"https:\/\/www.librairieclavreuil.com\/en\/wp-json\/wp\/v2\/media\/89440"}],"wp:attachment":[{"href":"https:\/\/www.librairieclavreuil.com\/en\/wp-json\/wp\/v2\/media?parent=89443"}],"wp:term":[{"taxonomy":"product_brand","embeddable":true,"href":"https:\/\/www.librairieclavreuil.com\/en\/wp-json\/wp\/v2\/product_brand?post=89443"},{"taxonomy":"product_cat","embeddable":true,"href":"https:\/\/www.librairieclavreuil.com\/en\/wp-json\/wp\/v2\/product_cat?post=89443"},{"taxonomy":"product_tag","embeddable":true,"href":"https:\/\/www.librairieclavreuil.com\/en\/wp-json\/wp\/v2\/product_tag?post=89443"}],"curies":[{"name":"wp","href":"https:\/\/api.w.org\/{rel}","templated":true}]}}