{"id":89433,"date":"2026-03-07T15:30:10","date_gmt":"2026-03-07T14:30:10","guid":{"rendered":"https:\/\/www.librairieclavreuil.com\/holland-georg-jonathan-von-arrest-du-conseil-detat-du-roi-qui-supprime-un-imprime-ayant-pour-titre-reflexions-philosophiques-sur-le-systeme-de-la-nature-du-17-janvier-1773\/"},"modified":"2026-03-07T15:30:15","modified_gmt":"2026-03-07T14:30:15","slug":"holland-georg-jonathan-von-arrest-du-conseil-detat-du-roi-qui-supprime-un-imprime-ayant-pour-titre-reflexions-philosophiques-sur-le-systeme-de-la-nature-du-17-janvier-1773","status":"publish","type":"product","link":"https:\/\/www.librairieclavreuil.com\/en\/holland-georg-jonathan-von-arrest-du-conseil-detat-du-roi-qui-supprime-un-imprime-ayant-pour-titre-reflexions-philosophiques-sur-le-systeme-de-la-nature-du-17-janvier-1773\/","title":{"rendered":"HOLLAND Georg Jonathan von Arrest du conseil d&#8217;\u00e9tat..."},"content":{"rendered":"<p>Order prohibiting the distribution and sale of the work by Georg Jonathan Baron von Holland (1742\u20131784) <i>R\u00e9flexions philosophiques sur le syst\u00e8me de la Nature<\/i> &nbsp;on grounds of impiety.<\/p>\n<p>Larousse (IX, 335) notes that von Holland&#8217;s work is &#8220;la r\u00e9futation la plus solide peut-\u00eatre qu&#8217;on ait faite des doctrines mat\u00e9rialistes du baron d&#8217;Holbach&#8221; (\u2018perhaps the most solid refutation ever made of the materialist doctrines of Baron d&#8217;Holbach\u2019.).<\/p>\n","protected":false},"excerpt":{"rendered":"<p>4to (252 x 197 mm) of 2 pp., 1 b. l. Modern marbled paper cover.<\/p>\n","protected":false},"featured_media":89426,"comment_status":"open","ping_status":"closed","template":"","meta":{"_acf_changed":false},"product_brand":[],"product_cat":[536],"product_tag":[1217],"class_list":{"0":"post-89433","1":"product","2":"type-product","3":"status-publish","4":"has-post-thumbnail","6":"product_cat-right-economy","7":"product_tag-arrest","8":"pa_auteur-holland-georg-jonathan-von-2","10":"first","11":"instock","12":"shipping-taxable","13":"purchasable","14":"product-type-simple"},"acf":{"artist":" Georg Jonathan von HOLLAND","chapeau":"","adresse_bibliographique":"Paris, P.G. Simon, 1773","book_type":"","provenance":"","afficher_prix":""},"yoast_head":"<!-- This site is optimized with the Yoast SEO plugin v24.7 - https:\/\/yoast.com\/wordpress\/plugins\/seo\/ -->\n<title>HOLLAND Georg Jonathan von Arrest du conseil d&#039;\u00e9tat du roi, qui supprime un imprim\u00e9 ayant pour titre, R\u00e9flexions philosophiques sur le syst\u00e8me de la nature. Du 17 janvier 1773. - Libairie Clavreuil<\/title>\n<meta name=\"robots\" content=\"index, follow, max-snippet:-1, max-image-preview:large, max-video-preview:-1\" \/>\n<link rel=\"canonical\" href=\"https:\/\/www.librairieclavreuil.com\/en\/holland-georg-jonathan-von-arrest-du-conseil-detat-du-roi-qui-supprime-un-imprime-ayant-pour-titre-reflexions-philosophiques-sur-le-systeme-de-la-nature-du-17-janvier-1773\/\" \/>\n<meta property=\"og:locale\" content=\"en_US\" \/>\n<meta property=\"og:type\" content=\"article\" \/>\n<meta property=\"og:title\" content=\"HOLLAND Georg Jonathan von Arrest du conseil d&#039;\u00e9tat du roi, qui supprime un imprim\u00e9 ayant pour titre, R\u00e9flexions philosophiques sur le syst\u00e8me de la nature. Du 17 janvier 1773. - Libairie Clavreuil\" \/>\n<meta property=\"og:description\" content=\"4to (252 x 197 mm) of 2 pp., 1 b. l. Modern marbled paper cover.\" \/>\n<meta property=\"og:url\" content=\"https:\/\/www.librairieclavreuil.com\/en\/holland-georg-jonathan-von-arrest-du-conseil-detat-du-roi-qui-supprime-un-imprime-ayant-pour-titre-reflexions-philosophiques-sur-le-systeme-de-la-nature-du-17-janvier-1773\/\" \/>\n<meta property=\"og:site_name\" content=\"Libairie Clavreuil\" \/>\n<meta property=\"article:modified_time\" content=\"2026-03-07T14:30:15+00:00\" \/>\n<meta property=\"og:image\" content=\"https:\/\/www.librairieclavreuil.com\/wp-content\/uploads\/2026\/03\/georg-jonathan-von-holland-arrest-du-conseil-d-etat-du-roi-qui-supprime-un-imprime-ayant-pour-titre-reflexions-philosophiques-sur-le-systeme-69a86c71a967c.jpg\" \/>\n\t<meta property=\"og:image:width\" content=\"622\" \/>\n\t<meta property=\"og:image:height\" content=\"800\" \/>\n\t<meta property=\"og:image:type\" content=\"image\/jpeg\" \/>\n<meta name=\"twitter:card\" content=\"summary_large_image\" \/>\n<script type=\"application\/ld+json\" class=\"yoast-schema-graph\">{\"@context\":\"https:\/\/schema.org\",\"@graph\":[{\"@type\":\"WebPage\",\"@id\":\"https:\/\/www.librairieclavreuil.com\/en\/holland-georg-jonathan-von-arrest-du-conseil-detat-du-roi-qui-supprime-un-imprime-ayant-pour-titre-reflexions-philosophiques-sur-le-systeme-de-la-nature-du-17-janvier-1773\/\",\"url\":\"https:\/\/www.librairieclavreuil.com\/en\/holland-georg-jonathan-von-arrest-du-conseil-detat-du-roi-qui-supprime-un-imprime-ayant-pour-titre-reflexions-philosophiques-sur-le-systeme-de-la-nature-du-17-janvier-1773\/\",\"name\":\"HOLLAND Georg Jonathan von Arrest du conseil d'\u00e9tat du roi, qui supprime un imprim\u00e9 ayant pour titre, R\u00e9flexions philosophiques sur le syst\u00e8me de la nature. Du 17 janvier 1773. - Libairie Clavreuil\",\"isPartOf\":{\"@id\":\"https:\/\/www.librairieclavreuil.com\/#website\"},\"primaryImageOfPage\":{\"@id\":\"https:\/\/www.librairieclavreuil.com\/en\/holland-georg-jonathan-von-arrest-du-conseil-detat-du-roi-qui-supprime-un-imprime-ayant-pour-titre-reflexions-philosophiques-sur-le-systeme-de-la-nature-du-17-janvier-1773\/#primaryimage\"},\"image\":{\"@id\":\"https:\/\/www.librairieclavreuil.com\/en\/holland-georg-jonathan-von-arrest-du-conseil-detat-du-roi-qui-supprime-un-imprime-ayant-pour-titre-reflexions-philosophiques-sur-le-systeme-de-la-nature-du-17-janvier-1773\/#primaryimage\"},\"thumbnailUrl\":\"https:\/\/www.librairieclavreuil.com\/wp-content\/uploads\/2026\/03\/georg-jonathan-von-holland-arrest-du-conseil-d-etat-du-roi-qui-supprime-un-imprime-ayant-pour-titre-reflexions-philosophiques-sur-le-systeme-69a86c71a967c.jpg\",\"datePublished\":\"2026-03-07T14:30:10+00:00\",\"dateModified\":\"2026-03-07T14:30:15+00:00\",\"breadcrumb\":{\"@id\":\"https:\/\/www.librairieclavreuil.com\/en\/holland-georg-jonathan-von-arrest-du-conseil-detat-du-roi-qui-supprime-un-imprime-ayant-pour-titre-reflexions-philosophiques-sur-le-systeme-de-la-nature-du-17-janvier-1773\/#breadcrumb\"},\"inLanguage\":\"en-US\",\"potentialAction\":[{\"@type\":\"ReadAction\",\"target\":[\"https:\/\/www.librairieclavreuil.com\/en\/holland-georg-jonathan-von-arrest-du-conseil-detat-du-roi-qui-supprime-un-imprime-ayant-pour-titre-reflexions-philosophiques-sur-le-systeme-de-la-nature-du-17-janvier-1773\/\"]}]},{\"@type\":\"ImageObject\",\"inLanguage\":\"en-US\",\"@id\":\"https:\/\/www.librairieclavreuil.com\/en\/holland-georg-jonathan-von-arrest-du-conseil-detat-du-roi-qui-supprime-un-imprime-ayant-pour-titre-reflexions-philosophiques-sur-le-systeme-de-la-nature-du-17-janvier-1773\/#primaryimage\",\"url\":\"https:\/\/www.librairieclavreuil.com\/wp-content\/uploads\/2026\/03\/georg-jonathan-von-holland-arrest-du-conseil-d-etat-du-roi-qui-supprime-un-imprime-ayant-pour-titre-reflexions-philosophiques-sur-le-systeme-69a86c71a967c.jpg\",\"contentUrl\":\"https:\/\/www.librairieclavreuil.com\/wp-content\/uploads\/2026\/03\/georg-jonathan-von-holland-arrest-du-conseil-d-etat-du-roi-qui-supprime-un-imprime-ayant-pour-titre-reflexions-philosophiques-sur-le-systeme-69a86c71a967c.jpg\",\"width\":622,\"height\":800},{\"@type\":\"BreadcrumbList\",\"@id\":\"https:\/\/www.librairieclavreuil.com\/en\/holland-georg-jonathan-von-arrest-du-conseil-detat-du-roi-qui-supprime-un-imprime-ayant-pour-titre-reflexions-philosophiques-sur-le-systeme-de-la-nature-du-17-janvier-1773\/#breadcrumb\",\"itemListElement\":[{\"@type\":\"ListItem\",\"position\":1,\"name\":\"Accueil\",\"item\":\"https:\/\/www.librairieclavreuil.com\/\"},{\"@type\":\"ListItem\",\"position\":2,\"name\":\"All our books\",\"item\":\"https:\/\/www.librairieclavreuil.com\/en\/all-our-books\/\"},{\"@type\":\"ListItem\",\"position\":3,\"name\":\"HOLLAND Georg Jonathan von Arrest du conseil d&rsquo;\u00e9tat...\"}]},{\"@type\":\"WebSite\",\"@id\":\"https:\/\/www.librairieclavreuil.com\/#website\",\"url\":\"https:\/\/www.librairieclavreuil.com\/\",\"name\":\"Libairie Clavreuil\",\"description\":\"Livres anciens, manuscrits rares et \u00e9ditions originales \u2013 Librairie Clavreuil\",\"publisher\":{\"@id\":\"https:\/\/www.librairieclavreuil.com\/#organization\"},\"potentialAction\":[{\"@type\":\"SearchAction\",\"target\":{\"@type\":\"EntryPoint\",\"urlTemplate\":\"https:\/\/www.librairieclavreuil.com\/?s={search_term_string}\"},\"query-input\":{\"@type\":\"PropertyValueSpecification\",\"valueRequired\":true,\"valueName\":\"search_term_string\"}}],\"inLanguage\":\"en-US\"},{\"@type\":\"Organization\",\"@id\":\"https:\/\/www.librairieclavreuil.com\/#organization\",\"name\":\"Libairie Clavreuil\",\"url\":\"https:\/\/www.librairieclavreuil.com\/\",\"logo\":{\"@type\":\"ImageObject\",\"inLanguage\":\"en-US\",\"@id\":\"https:\/\/www.librairieclavreuil.com\/#\/schema\/logo\/image\/\",\"url\":\"https:\/\/www.librairieclavreuil.com\/wp-content\/uploads\/2021\/06\/cropped-LOGO_PNG_DATE-_gold-512x512-1.png\",\"contentUrl\":\"https:\/\/www.librairieclavreuil.com\/wp-content\/uploads\/2021\/06\/cropped-LOGO_PNG_DATE-_gold-512x512-1.png\",\"width\":512,\"height\":512,\"caption\":\"Libairie Clavreuil\"},\"image\":{\"@id\":\"https:\/\/www.librairieclavreuil.com\/#\/schema\/logo\/image\/\"},\"sameAs\":[\"https:\/\/www.instagram.com\/librairieclavreuil\/\"]}]}<\/script>\n<!-- \/ Yoast SEO plugin. -->","yoast_head_json":{"title":"HOLLAND Georg Jonathan von Arrest du conseil d'\u00e9tat du roi, qui supprime un imprim\u00e9 ayant pour titre, R\u00e9flexions philosophiques sur le syst\u00e8me de la nature. Du 17 janvier 1773. - Libairie Clavreuil","robots":{"index":"index","follow":"follow","max-snippet":"max-snippet:-1","max-image-preview":"max-image-preview:large","max-video-preview":"max-video-preview:-1"},"canonical":"https:\/\/www.librairieclavreuil.com\/en\/holland-georg-jonathan-von-arrest-du-conseil-detat-du-roi-qui-supprime-un-imprime-ayant-pour-titre-reflexions-philosophiques-sur-le-systeme-de-la-nature-du-17-janvier-1773\/","og_locale":"en_US","og_type":"article","og_title":"HOLLAND Georg Jonathan von Arrest du conseil d'\u00e9tat du roi, qui supprime un imprim\u00e9 ayant pour titre, R\u00e9flexions philosophiques sur le syst\u00e8me de la nature. Du 17 janvier 1773. - Libairie Clavreuil","og_description":"4to (252 x 197 mm) of 2 pp., 1 b. l. Modern marbled paper cover.","og_url":"https:\/\/www.librairieclavreuil.com\/en\/holland-georg-jonathan-von-arrest-du-conseil-detat-du-roi-qui-supprime-un-imprime-ayant-pour-titre-reflexions-philosophiques-sur-le-systeme-de-la-nature-du-17-janvier-1773\/","og_site_name":"Libairie Clavreuil","article_modified_time":"2026-03-07T14:30:15+00:00","og_image":[{"width":622,"height":800,"url":"https:\/\/www.librairieclavreuil.com\/wp-content\/uploads\/2026\/03\/georg-jonathan-von-holland-arrest-du-conseil-d-etat-du-roi-qui-supprime-un-imprime-ayant-pour-titre-reflexions-philosophiques-sur-le-systeme-69a86c71a967c.jpg","type":"image\/jpeg"}],"twitter_card":"summary_large_image","schema":{"@context":"https:\/\/schema.org","@graph":[{"@type":"WebPage","@id":"https:\/\/www.librairieclavreuil.com\/en\/holland-georg-jonathan-von-arrest-du-conseil-detat-du-roi-qui-supprime-un-imprime-ayant-pour-titre-reflexions-philosophiques-sur-le-systeme-de-la-nature-du-17-janvier-1773\/","url":"https:\/\/www.librairieclavreuil.com\/en\/holland-georg-jonathan-von-arrest-du-conseil-detat-du-roi-qui-supprime-un-imprime-ayant-pour-titre-reflexions-philosophiques-sur-le-systeme-de-la-nature-du-17-janvier-1773\/","name":"HOLLAND Georg Jonathan von Arrest du conseil d'\u00e9tat du roi, qui supprime un imprim\u00e9 ayant pour titre, R\u00e9flexions philosophiques sur le syst\u00e8me de la nature. Du 17 janvier 1773. - Libairie Clavreuil","isPartOf":{"@id":"https:\/\/www.librairieclavreuil.com\/#website"},"primaryImageOfPage":{"@id":"https:\/\/www.librairieclavreuil.com\/en\/holland-georg-jonathan-von-arrest-du-conseil-detat-du-roi-qui-supprime-un-imprime-ayant-pour-titre-reflexions-philosophiques-sur-le-systeme-de-la-nature-du-17-janvier-1773\/#primaryimage"},"image":{"@id":"https:\/\/www.librairieclavreuil.com\/en\/holland-georg-jonathan-von-arrest-du-conseil-detat-du-roi-qui-supprime-un-imprime-ayant-pour-titre-reflexions-philosophiques-sur-le-systeme-de-la-nature-du-17-janvier-1773\/#primaryimage"},"thumbnailUrl":"https:\/\/www.librairieclavreuil.com\/wp-content\/uploads\/2026\/03\/georg-jonathan-von-holland-arrest-du-conseil-d-etat-du-roi-qui-supprime-un-imprime-ayant-pour-titre-reflexions-philosophiques-sur-le-systeme-69a86c71a967c.jpg","datePublished":"2026-03-07T14:30:10+00:00","dateModified":"2026-03-07T14:30:15+00:00","breadcrumb":{"@id":"https:\/\/www.librairieclavreuil.com\/en\/holland-georg-jonathan-von-arrest-du-conseil-detat-du-roi-qui-supprime-un-imprime-ayant-pour-titre-reflexions-philosophiques-sur-le-systeme-de-la-nature-du-17-janvier-1773\/#breadcrumb"},"inLanguage":"en-US","potentialAction":[{"@type":"ReadAction","target":["https:\/\/www.librairieclavreuil.com\/en\/holland-georg-jonathan-von-arrest-du-conseil-detat-du-roi-qui-supprime-un-imprime-ayant-pour-titre-reflexions-philosophiques-sur-le-systeme-de-la-nature-du-17-janvier-1773\/"]}]},{"@type":"ImageObject","inLanguage":"en-US","@id":"https:\/\/www.librairieclavreuil.com\/en\/holland-georg-jonathan-von-arrest-du-conseil-detat-du-roi-qui-supprime-un-imprime-ayant-pour-titre-reflexions-philosophiques-sur-le-systeme-de-la-nature-du-17-janvier-1773\/#primaryimage","url":"https:\/\/www.librairieclavreuil.com\/wp-content\/uploads\/2026\/03\/georg-jonathan-von-holland-arrest-du-conseil-d-etat-du-roi-qui-supprime-un-imprime-ayant-pour-titre-reflexions-philosophiques-sur-le-systeme-69a86c71a967c.jpg","contentUrl":"https:\/\/www.librairieclavreuil.com\/wp-content\/uploads\/2026\/03\/georg-jonathan-von-holland-arrest-du-conseil-d-etat-du-roi-qui-supprime-un-imprime-ayant-pour-titre-reflexions-philosophiques-sur-le-systeme-69a86c71a967c.jpg","width":622,"height":800},{"@type":"BreadcrumbList","@id":"https:\/\/www.librairieclavreuil.com\/en\/holland-georg-jonathan-von-arrest-du-conseil-detat-du-roi-qui-supprime-un-imprime-ayant-pour-titre-reflexions-philosophiques-sur-le-systeme-de-la-nature-du-17-janvier-1773\/#breadcrumb","itemListElement":[{"@type":"ListItem","position":1,"name":"Accueil","item":"https:\/\/www.librairieclavreuil.com\/"},{"@type":"ListItem","position":2,"name":"All our books","item":"https:\/\/www.librairieclavreuil.com\/en\/all-our-books\/"},{"@type":"ListItem","position":3,"name":"HOLLAND Georg Jonathan von Arrest du conseil d&rsquo;\u00e9tat..."}]},{"@type":"WebSite","@id":"https:\/\/www.librairieclavreuil.com\/#website","url":"https:\/\/www.librairieclavreuil.com\/","name":"Libairie Clavreuil","description":"Livres anciens, manuscrits rares et \u00e9ditions originales \u2013 Librairie Clavreuil","publisher":{"@id":"https:\/\/www.librairieclavreuil.com\/#organization"},"potentialAction":[{"@type":"SearchAction","target":{"@type":"EntryPoint","urlTemplate":"https:\/\/www.librairieclavreuil.com\/?s={search_term_string}"},"query-input":{"@type":"PropertyValueSpecification","valueRequired":true,"valueName":"search_term_string"}}],"inLanguage":"en-US"},{"@type":"Organization","@id":"https:\/\/www.librairieclavreuil.com\/#organization","name":"Libairie Clavreuil","url":"https:\/\/www.librairieclavreuil.com\/","logo":{"@type":"ImageObject","inLanguage":"en-US","@id":"https:\/\/www.librairieclavreuil.com\/#\/schema\/logo\/image\/","url":"https:\/\/www.librairieclavreuil.com\/wp-content\/uploads\/2021\/06\/cropped-LOGO_PNG_DATE-_gold-512x512-1.png","contentUrl":"https:\/\/www.librairieclavreuil.com\/wp-content\/uploads\/2021\/06\/cropped-LOGO_PNG_DATE-_gold-512x512-1.png","width":512,"height":512,"caption":"Libairie Clavreuil"},"image":{"@id":"https:\/\/www.librairieclavreuil.com\/#\/schema\/logo\/image\/"},"sameAs":["https:\/\/www.instagram.com\/librairieclavreuil\/"]}]}},"jetpack_sharing_enabled":true,"_links":{"self":[{"href":"https:\/\/www.librairieclavreuil.com\/en\/wp-json\/wp\/v2\/product\/89433","targetHints":{"allow":["GET"]}}],"collection":[{"href":"https:\/\/www.librairieclavreuil.com\/en\/wp-json\/wp\/v2\/product"}],"about":[{"href":"https:\/\/www.librairieclavreuil.com\/en\/wp-json\/wp\/v2\/types\/product"}],"replies":[{"embeddable":true,"href":"https:\/\/www.librairieclavreuil.com\/en\/wp-json\/wp\/v2\/comments?post=89433"}],"wp:featuredmedia":[{"embeddable":true,"href":"https:\/\/www.librairieclavreuil.com\/en\/wp-json\/wp\/v2\/media\/89426"}],"wp:attachment":[{"href":"https:\/\/www.librairieclavreuil.com\/en\/wp-json\/wp\/v2\/media?parent=89433"}],"wp:term":[{"taxonomy":"product_brand","embeddable":true,"href":"https:\/\/www.librairieclavreuil.com\/en\/wp-json\/wp\/v2\/product_brand?post=89433"},{"taxonomy":"product_cat","embeddable":true,"href":"https:\/\/www.librairieclavreuil.com\/en\/wp-json\/wp\/v2\/product_cat?post=89433"},{"taxonomy":"product_tag","embeddable":true,"href":"https:\/\/www.librairieclavreuil.com\/en\/wp-json\/wp\/v2\/product_tag?post=89433"}],"curies":[{"name":"wp","href":"https:\/\/api.w.org\/{rel}","templated":true}]}}