{"id":89425,"date":"2026-03-07T15:29:58","date_gmt":"2026-03-07T14:29:58","guid":{"rendered":"https:\/\/www.librairieclavreuil.com\/tissandier-gaston-sur-la-construction-dun-propulseur-dynamo-electrique-destine-a-un-aerostat-allonge\/"},"modified":"2026-03-07T15:30:04","modified_gmt":"2026-03-07T14:30:04","slug":"tissandier-gaston-sur-la-construction-dun-propulseur-dynamo-electrique-destine-a-un-aerostat-allonge","status":"publish","type":"product","link":"https:\/\/www.librairieclavreuil.com\/en\/tissandier-gaston-sur-la-construction-dun-propulseur-dynamo-electrique-destine-a-un-aerostat-allonge\/","title":{"rendered":"TISSANDIER Gaston Sur la Construction d&#8217;un propulseur dynamo-\u00e9lectrique,..."},"content":{"rendered":"<p style=\"text-align:justify\"><span style=\"font-variant:small-caps\">First edition<\/span>, reprinted from the Comptes Rendus des S\u00e9ances de l&#8217;Acad\u00e9mie des Sciences, January 1883.<\/p>\n<p style=\"text-align:justify\">Gaston Tissandier describes his invention of an electric motor to power an airship. The motor consists of three separate parts:<\/p>\n<p style=\"text-align:justify\">1. A propeller with two helical blades<\/p>\n<p style=\"text-align:justify\">2. A Siemens dynamo-electric machine<\/p>\n<p style=\"text-align:justify\">3. A battery of light potassium dichromate batteries.<\/p>\n<p style=\"text-align:justify\">His study contains a detailed account of the operation of the apparatus and is illustrated with a technical drawing of the installation.<\/p>\n<p style=\"text-align:justify\">Fine copy.<\/p>\n","protected":false},"excerpt":{"rendered":"<p style=\"text-align:justify\">4to (275 x 218 mm) 3 pp. Blue wrappers.<\/p>\n","protected":false},"featured_media":89422,"comment_status":"open","ping_status":"closed","template":"","meta":{"_acf_changed":false},"product_brand":[],"product_cat":[550],"product_tag":[1336,608,1450],"class_list":{"0":"post-89425","1":"product","2":"type-product","3":"status-publish","4":"has-post-thumbnail","6":"product_cat-science","7":"product_tag-aerostatic-locomotion","8":"product_tag-electricity","9":"product_tag-first-edition","10":"pa_auteur-tissandier-gaston-2","11":"pa_type-de-livre-printed-book","13":"first","14":"instock","15":"shipping-taxable","16":"purchasable","17":"product-type-simple"},"acf":{"artist":" Gaston TISSANDIER","chapeau":"","adresse_bibliographique":"Paris, Gauthier-Villars, 1883","book_type":"Printed book","provenance":"","afficher_prix":""},"yoast_head":"<!-- This site is optimized with the Yoast SEO plugin v24.7 - https:\/\/yoast.com\/wordpress\/plugins\/seo\/ -->\n<title>TISSANDIER Gaston Sur la Construction d&#039;un propulseur dynamo-\u00e9lectrique, destin\u00e9 \u00e0 un a\u00e9rostat allong\u00e9. - Libairie Clavreuil<\/title>\n<meta name=\"robots\" content=\"index, follow, max-snippet:-1, max-image-preview:large, max-video-preview:-1\" \/>\n<link rel=\"canonical\" href=\"https:\/\/www.librairieclavreuil.com\/en\/tissandier-gaston-sur-la-construction-dun-propulseur-dynamo-electrique-destine-a-un-aerostat-allonge\/\" \/>\n<meta property=\"og:locale\" content=\"en_US\" \/>\n<meta property=\"og:type\" content=\"article\" \/>\n<meta property=\"og:title\" content=\"TISSANDIER Gaston Sur la Construction d&#039;un propulseur dynamo-\u00e9lectrique, destin\u00e9 \u00e0 un a\u00e9rostat allong\u00e9. - Libairie Clavreuil\" \/>\n<meta property=\"og:description\" content=\"4to (275 x 218 mm) 3 pp. Blue wrappers.\" \/>\n<meta property=\"og:url\" content=\"https:\/\/www.librairieclavreuil.com\/en\/tissandier-gaston-sur-la-construction-dun-propulseur-dynamo-electrique-destine-a-un-aerostat-allonge\/\" \/>\n<meta property=\"og:site_name\" content=\"Libairie Clavreuil\" \/>\n<meta property=\"article:modified_time\" content=\"2026-03-07T14:30:04+00:00\" \/>\n<meta property=\"og:image\" content=\"https:\/\/www.librairieclavreuil.com\/wp-content\/uploads\/2026\/03\/gaston-tissandier-sur-la-construction-d-un-propulseur-dynamo-electrique-destine-a-un-aerostat-allonge-8061-65bd0d7b29ae9.jpg\" \/>\n\t<meta property=\"og:image:width\" content=\"600\" \/>\n\t<meta property=\"og:image:height\" content=\"800\" \/>\n\t<meta property=\"og:image:type\" content=\"image\/jpeg\" \/>\n<meta name=\"twitter:card\" content=\"summary_large_image\" \/>\n<script type=\"application\/ld+json\" class=\"yoast-schema-graph\">{\"@context\":\"https:\/\/schema.org\",\"@graph\":[{\"@type\":\"WebPage\",\"@id\":\"https:\/\/www.librairieclavreuil.com\/en\/tissandier-gaston-sur-la-construction-dun-propulseur-dynamo-electrique-destine-a-un-aerostat-allonge\/\",\"url\":\"https:\/\/www.librairieclavreuil.com\/en\/tissandier-gaston-sur-la-construction-dun-propulseur-dynamo-electrique-destine-a-un-aerostat-allonge\/\",\"name\":\"TISSANDIER Gaston Sur la Construction d'un propulseur dynamo-\u00e9lectrique, destin\u00e9 \u00e0 un a\u00e9rostat allong\u00e9. - Libairie Clavreuil\",\"isPartOf\":{\"@id\":\"https:\/\/www.librairieclavreuil.com\/#website\"},\"primaryImageOfPage\":{\"@id\":\"https:\/\/www.librairieclavreuil.com\/en\/tissandier-gaston-sur-la-construction-dun-propulseur-dynamo-electrique-destine-a-un-aerostat-allonge\/#primaryimage\"},\"image\":{\"@id\":\"https:\/\/www.librairieclavreuil.com\/en\/tissandier-gaston-sur-la-construction-dun-propulseur-dynamo-electrique-destine-a-un-aerostat-allonge\/#primaryimage\"},\"thumbnailUrl\":\"https:\/\/www.librairieclavreuil.com\/wp-content\/uploads\/2026\/03\/gaston-tissandier-sur-la-construction-d-un-propulseur-dynamo-electrique-destine-a-un-aerostat-allonge-8061-65bd0d7b29ae9.jpg\",\"datePublished\":\"2026-03-07T14:29:58+00:00\",\"dateModified\":\"2026-03-07T14:30:04+00:00\",\"breadcrumb\":{\"@id\":\"https:\/\/www.librairieclavreuil.com\/en\/tissandier-gaston-sur-la-construction-dun-propulseur-dynamo-electrique-destine-a-un-aerostat-allonge\/#breadcrumb\"},\"inLanguage\":\"en-US\",\"potentialAction\":[{\"@type\":\"ReadAction\",\"target\":[\"https:\/\/www.librairieclavreuil.com\/en\/tissandier-gaston-sur-la-construction-dun-propulseur-dynamo-electrique-destine-a-un-aerostat-allonge\/\"]}]},{\"@type\":\"ImageObject\",\"inLanguage\":\"en-US\",\"@id\":\"https:\/\/www.librairieclavreuil.com\/en\/tissandier-gaston-sur-la-construction-dun-propulseur-dynamo-electrique-destine-a-un-aerostat-allonge\/#primaryimage\",\"url\":\"https:\/\/www.librairieclavreuil.com\/wp-content\/uploads\/2026\/03\/gaston-tissandier-sur-la-construction-d-un-propulseur-dynamo-electrique-destine-a-un-aerostat-allonge-8061-65bd0d7b29ae9.jpg\",\"contentUrl\":\"https:\/\/www.librairieclavreuil.com\/wp-content\/uploads\/2026\/03\/gaston-tissandier-sur-la-construction-d-un-propulseur-dynamo-electrique-destine-a-un-aerostat-allonge-8061-65bd0d7b29ae9.jpg\",\"width\":600,\"height\":800},{\"@type\":\"BreadcrumbList\",\"@id\":\"https:\/\/www.librairieclavreuil.com\/en\/tissandier-gaston-sur-la-construction-dun-propulseur-dynamo-electrique-destine-a-un-aerostat-allonge\/#breadcrumb\",\"itemListElement\":[{\"@type\":\"ListItem\",\"position\":1,\"name\":\"Accueil\",\"item\":\"https:\/\/www.librairieclavreuil.com\/\"},{\"@type\":\"ListItem\",\"position\":2,\"name\":\"All our books\",\"item\":\"https:\/\/www.librairieclavreuil.com\/en\/all-our-books\/\"},{\"@type\":\"ListItem\",\"position\":3,\"name\":\"TISSANDIER Gaston Sur la Construction d&rsquo;un propulseur dynamo-\u00e9lectrique,...\"}]},{\"@type\":\"WebSite\",\"@id\":\"https:\/\/www.librairieclavreuil.com\/#website\",\"url\":\"https:\/\/www.librairieclavreuil.com\/\",\"name\":\"Libairie Clavreuil\",\"description\":\"Livres anciens, manuscrits rares et \u00e9ditions originales \u2013 Librairie Clavreuil\",\"publisher\":{\"@id\":\"https:\/\/www.librairieclavreuil.com\/#organization\"},\"potentialAction\":[{\"@type\":\"SearchAction\",\"target\":{\"@type\":\"EntryPoint\",\"urlTemplate\":\"https:\/\/www.librairieclavreuil.com\/?s={search_term_string}\"},\"query-input\":{\"@type\":\"PropertyValueSpecification\",\"valueRequired\":true,\"valueName\":\"search_term_string\"}}],\"inLanguage\":\"en-US\"},{\"@type\":\"Organization\",\"@id\":\"https:\/\/www.librairieclavreuil.com\/#organization\",\"name\":\"Libairie Clavreuil\",\"url\":\"https:\/\/www.librairieclavreuil.com\/\",\"logo\":{\"@type\":\"ImageObject\",\"inLanguage\":\"en-US\",\"@id\":\"https:\/\/www.librairieclavreuil.com\/#\/schema\/logo\/image\/\",\"url\":\"https:\/\/www.librairieclavreuil.com\/wp-content\/uploads\/2021\/06\/cropped-LOGO_PNG_DATE-_gold-512x512-1.png\",\"contentUrl\":\"https:\/\/www.librairieclavreuil.com\/wp-content\/uploads\/2021\/06\/cropped-LOGO_PNG_DATE-_gold-512x512-1.png\",\"width\":512,\"height\":512,\"caption\":\"Libairie Clavreuil\"},\"image\":{\"@id\":\"https:\/\/www.librairieclavreuil.com\/#\/schema\/logo\/image\/\"},\"sameAs\":[\"https:\/\/www.instagram.com\/librairieclavreuil\/\"]}]}<\/script>\n<!-- \/ Yoast SEO plugin. -->","yoast_head_json":{"title":"TISSANDIER Gaston Sur la Construction d'un propulseur dynamo-\u00e9lectrique, destin\u00e9 \u00e0 un a\u00e9rostat allong\u00e9. - Libairie Clavreuil","robots":{"index":"index","follow":"follow","max-snippet":"max-snippet:-1","max-image-preview":"max-image-preview:large","max-video-preview":"max-video-preview:-1"},"canonical":"https:\/\/www.librairieclavreuil.com\/en\/tissandier-gaston-sur-la-construction-dun-propulseur-dynamo-electrique-destine-a-un-aerostat-allonge\/","og_locale":"en_US","og_type":"article","og_title":"TISSANDIER Gaston Sur la Construction d'un propulseur dynamo-\u00e9lectrique, destin\u00e9 \u00e0 un a\u00e9rostat allong\u00e9. - Libairie Clavreuil","og_description":"4to (275 x 218 mm) 3 pp. Blue wrappers.","og_url":"https:\/\/www.librairieclavreuil.com\/en\/tissandier-gaston-sur-la-construction-dun-propulseur-dynamo-electrique-destine-a-un-aerostat-allonge\/","og_site_name":"Libairie Clavreuil","article_modified_time":"2026-03-07T14:30:04+00:00","og_image":[{"width":600,"height":800,"url":"https:\/\/www.librairieclavreuil.com\/wp-content\/uploads\/2026\/03\/gaston-tissandier-sur-la-construction-d-un-propulseur-dynamo-electrique-destine-a-un-aerostat-allonge-8061-65bd0d7b29ae9.jpg","type":"image\/jpeg"}],"twitter_card":"summary_large_image","schema":{"@context":"https:\/\/schema.org","@graph":[{"@type":"WebPage","@id":"https:\/\/www.librairieclavreuil.com\/en\/tissandier-gaston-sur-la-construction-dun-propulseur-dynamo-electrique-destine-a-un-aerostat-allonge\/","url":"https:\/\/www.librairieclavreuil.com\/en\/tissandier-gaston-sur-la-construction-dun-propulseur-dynamo-electrique-destine-a-un-aerostat-allonge\/","name":"TISSANDIER Gaston Sur la Construction d'un propulseur dynamo-\u00e9lectrique, destin\u00e9 \u00e0 un a\u00e9rostat allong\u00e9. - Libairie Clavreuil","isPartOf":{"@id":"https:\/\/www.librairieclavreuil.com\/#website"},"primaryImageOfPage":{"@id":"https:\/\/www.librairieclavreuil.com\/en\/tissandier-gaston-sur-la-construction-dun-propulseur-dynamo-electrique-destine-a-un-aerostat-allonge\/#primaryimage"},"image":{"@id":"https:\/\/www.librairieclavreuil.com\/en\/tissandier-gaston-sur-la-construction-dun-propulseur-dynamo-electrique-destine-a-un-aerostat-allonge\/#primaryimage"},"thumbnailUrl":"https:\/\/www.librairieclavreuil.com\/wp-content\/uploads\/2026\/03\/gaston-tissandier-sur-la-construction-d-un-propulseur-dynamo-electrique-destine-a-un-aerostat-allonge-8061-65bd0d7b29ae9.jpg","datePublished":"2026-03-07T14:29:58+00:00","dateModified":"2026-03-07T14:30:04+00:00","breadcrumb":{"@id":"https:\/\/www.librairieclavreuil.com\/en\/tissandier-gaston-sur-la-construction-dun-propulseur-dynamo-electrique-destine-a-un-aerostat-allonge\/#breadcrumb"},"inLanguage":"en-US","potentialAction":[{"@type":"ReadAction","target":["https:\/\/www.librairieclavreuil.com\/en\/tissandier-gaston-sur-la-construction-dun-propulseur-dynamo-electrique-destine-a-un-aerostat-allonge\/"]}]},{"@type":"ImageObject","inLanguage":"en-US","@id":"https:\/\/www.librairieclavreuil.com\/en\/tissandier-gaston-sur-la-construction-dun-propulseur-dynamo-electrique-destine-a-un-aerostat-allonge\/#primaryimage","url":"https:\/\/www.librairieclavreuil.com\/wp-content\/uploads\/2026\/03\/gaston-tissandier-sur-la-construction-d-un-propulseur-dynamo-electrique-destine-a-un-aerostat-allonge-8061-65bd0d7b29ae9.jpg","contentUrl":"https:\/\/www.librairieclavreuil.com\/wp-content\/uploads\/2026\/03\/gaston-tissandier-sur-la-construction-d-un-propulseur-dynamo-electrique-destine-a-un-aerostat-allonge-8061-65bd0d7b29ae9.jpg","width":600,"height":800},{"@type":"BreadcrumbList","@id":"https:\/\/www.librairieclavreuil.com\/en\/tissandier-gaston-sur-la-construction-dun-propulseur-dynamo-electrique-destine-a-un-aerostat-allonge\/#breadcrumb","itemListElement":[{"@type":"ListItem","position":1,"name":"Accueil","item":"https:\/\/www.librairieclavreuil.com\/"},{"@type":"ListItem","position":2,"name":"All our books","item":"https:\/\/www.librairieclavreuil.com\/en\/all-our-books\/"},{"@type":"ListItem","position":3,"name":"TISSANDIER Gaston Sur la Construction d&rsquo;un propulseur dynamo-\u00e9lectrique,..."}]},{"@type":"WebSite","@id":"https:\/\/www.librairieclavreuil.com\/#website","url":"https:\/\/www.librairieclavreuil.com\/","name":"Libairie Clavreuil","description":"Livres anciens, manuscrits rares et \u00e9ditions originales \u2013 Librairie Clavreuil","publisher":{"@id":"https:\/\/www.librairieclavreuil.com\/#organization"},"potentialAction":[{"@type":"SearchAction","target":{"@type":"EntryPoint","urlTemplate":"https:\/\/www.librairieclavreuil.com\/?s={search_term_string}"},"query-input":{"@type":"PropertyValueSpecification","valueRequired":true,"valueName":"search_term_string"}}],"inLanguage":"en-US"},{"@type":"Organization","@id":"https:\/\/www.librairieclavreuil.com\/#organization","name":"Libairie Clavreuil","url":"https:\/\/www.librairieclavreuil.com\/","logo":{"@type":"ImageObject","inLanguage":"en-US","@id":"https:\/\/www.librairieclavreuil.com\/#\/schema\/logo\/image\/","url":"https:\/\/www.librairieclavreuil.com\/wp-content\/uploads\/2021\/06\/cropped-LOGO_PNG_DATE-_gold-512x512-1.png","contentUrl":"https:\/\/www.librairieclavreuil.com\/wp-content\/uploads\/2021\/06\/cropped-LOGO_PNG_DATE-_gold-512x512-1.png","width":512,"height":512,"caption":"Libairie Clavreuil"},"image":{"@id":"https:\/\/www.librairieclavreuil.com\/#\/schema\/logo\/image\/"},"sameAs":["https:\/\/www.instagram.com\/librairieclavreuil\/"]}]}},"jetpack_sharing_enabled":true,"_links":{"self":[{"href":"https:\/\/www.librairieclavreuil.com\/en\/wp-json\/wp\/v2\/product\/89425","targetHints":{"allow":["GET"]}}],"collection":[{"href":"https:\/\/www.librairieclavreuil.com\/en\/wp-json\/wp\/v2\/product"}],"about":[{"href":"https:\/\/www.librairieclavreuil.com\/en\/wp-json\/wp\/v2\/types\/product"}],"replies":[{"embeddable":true,"href":"https:\/\/www.librairieclavreuil.com\/en\/wp-json\/wp\/v2\/comments?post=89425"}],"wp:featuredmedia":[{"embeddable":true,"href":"https:\/\/www.librairieclavreuil.com\/en\/wp-json\/wp\/v2\/media\/89422"}],"wp:attachment":[{"href":"https:\/\/www.librairieclavreuil.com\/en\/wp-json\/wp\/v2\/media?parent=89425"}],"wp:term":[{"taxonomy":"product_brand","embeddable":true,"href":"https:\/\/www.librairieclavreuil.com\/en\/wp-json\/wp\/v2\/product_brand?post=89425"},{"taxonomy":"product_cat","embeddable":true,"href":"https:\/\/www.librairieclavreuil.com\/en\/wp-json\/wp\/v2\/product_cat?post=89425"},{"taxonomy":"product_tag","embeddable":true,"href":"https:\/\/www.librairieclavreuil.com\/en\/wp-json\/wp\/v2\/product_tag?post=89425"}],"curies":[{"name":"wp","href":"https:\/\/api.w.org\/{rel}","templated":true}]}}