{"id":89415,"date":"2026-03-07T12:09:34","date_gmt":"2026-03-07T11:09:34","guid":{"rendered":"https:\/\/www.librairieclavreuil.com\/thunberg-carl-peter-voyages-au-japon-par-le-cap-de-bonne-esperance-les-iles-de-la-sonde-etc\/"},"modified":"2026-03-07T12:09:39","modified_gmt":"2026-03-07T11:09:39","slug":"thunberg-carl-peter-voyages-au-japon-par-le-cap-de-bonne-esperance-les-iles-de-la-sonde-etc","status":"publish","type":"product","link":"https:\/\/www.librairieclavreuil.com\/en\/thunberg-carl-peter-voyages-au-japon-par-le-cap-de-bonne-esperance-les-iles-de-la-sonde-etc\/","title":{"rendered":"THUNBERG Carl-Peter Voyages au Japon, par le Cap..."},"content":{"rendered":"<p style=\"text-align:justify\"><i>Cordier, 447; Gay, 3151 pour l&#8217;\u00e9dition in-4.<\/i><\/p>\n<p style=\"text-align:justify\">The smaller format edition, published simultaneously with the 4to edition the same year. Pupil of Linn\u00e9, Thunberg sailed in 1771 on board of a vessel of the East India Company. He spent 3 years in South Africa, then moved on to Java before setting foot on Japan where he stayed and studied for 5 years during which he catalogued many hitherto unknown specimens. Upon his return he made a stop in Sri Lanka. His very detailed accounts are an important source not only for his observations on natural history but also on the local habits, commerce, and economy.&nbsp;<\/p>\n<p style=\"text-align:justify\">Fine copy.<\/p>\n","protected":false},"excerpt":{"rendered":"<p style=\"text-align:justify\">4 volumes, 8vo (189 x 118 mm) 1 engraved portrait, 2 nn.ll., LXIV, 417 pp., 1 engraved plate for volume I; VIII, 1 nn.l., 430 pp., 4 engraved plates for volume II; VIII, 445 pp., 4 engraved plates for volume III; XII, 462 pp., 19 engraved plates for volume IV; contemporary speckled sheep, flat spines gilt.<\/p>\n","protected":false},"featured_media":89396,"comment_status":"open","ping_status":"closed","template":"","meta":{"_acf_changed":false},"product_brand":[],"product_cat":[552],"product_tag":[590,1386],"class_list":{"0":"post-89415","1":"product","2":"type-product","3":"status-publish","4":"has-post-thumbnail","6":"product_cat-travel","7":"product_tag-botanical","8":"product_tag-japan","9":"pa_auteur-thunberg-carl-peter-2","10":"pa_type-de-livre-printed-book","12":"first","13":"instock","14":"shipping-taxable","15":"purchasable","16":"product-type-simple"},"acf":{"artist":" Carl-Peter THUNBERG","chapeau":"","adresse_bibliographique":"Paris, Beno\u00eet Dandr\u00e9, Garnery et Obr\u00e9, An IV (1796)","book_type":"Printed book","provenance":"","afficher_prix":""},"yoast_head":"<!-- This site is optimized with the Yoast SEO plugin v24.7 - https:\/\/yoast.com\/wordpress\/plugins\/seo\/ -->\n<title>THUNBERG Carl-Peter Voyages au Japon, par le Cap de Bonne-Esp\u00e9rance, les \u00eeles de la Sonde, etc. - Libairie Clavreuil<\/title>\n<meta name=\"robots\" content=\"index, follow, max-snippet:-1, max-image-preview:large, max-video-preview:-1\" \/>\n<link rel=\"canonical\" href=\"https:\/\/www.librairieclavreuil.com\/en\/thunberg-carl-peter-voyages-au-japon-par-le-cap-de-bonne-esperance-les-iles-de-la-sonde-etc\/\" \/>\n<meta property=\"og:locale\" content=\"en_US\" \/>\n<meta property=\"og:type\" content=\"article\" \/>\n<meta property=\"og:title\" content=\"THUNBERG Carl-Peter Voyages au Japon, par le Cap de Bonne-Esp\u00e9rance, les \u00eeles de la Sonde, etc. - Libairie Clavreuil\" \/>\n<meta property=\"og:description\" content=\"4 volumes, 8vo (189 x 118 mm) 1 engraved portrait, 2 nn.ll., LXIV, 417 pp., 1 engraved plate for volume I; VIII, 1 nn.l., 430 pp., 4 engraved plates for volume II; VIII, 445 pp., 4 engraved plates for volume III; XII, 462 pp., 19 engraved plates for volume IV; contemporary speckled sheep, flat spines gilt.\" \/>\n<meta property=\"og:url\" content=\"https:\/\/www.librairieclavreuil.com\/en\/thunberg-carl-peter-voyages-au-japon-par-le-cap-de-bonne-esperance-les-iles-de-la-sonde-etc\/\" \/>\n<meta property=\"og:site_name\" content=\"Libairie Clavreuil\" \/>\n<meta property=\"article:modified_time\" content=\"2026-03-07T11:09:39+00:00\" \/>\n<meta property=\"og:image\" content=\"https:\/\/www.librairieclavreuil.com\/wp-content\/uploads\/2026\/03\/carl-peter-thunberg-voyages-au-japon-par-le-cap-de-bonne-esperance-les-iles-de-la-sonde-etc-3108-69ac06ffd0f6b.jpg\" \/>\n\t<meta property=\"og:image:width\" content=\"622\" \/>\n\t<meta property=\"og:image:height\" content=\"800\" \/>\n\t<meta property=\"og:image:type\" content=\"image\/jpeg\" \/>\n<meta name=\"twitter:card\" content=\"summary_large_image\" \/>\n<meta name=\"twitter:label1\" content=\"Est. reading time\" \/>\n\t<meta name=\"twitter:data1\" content=\"1 minute\" \/>\n<script type=\"application\/ld+json\" class=\"yoast-schema-graph\">{\"@context\":\"https:\/\/schema.org\",\"@graph\":[{\"@type\":\"WebPage\",\"@id\":\"https:\/\/www.librairieclavreuil.com\/en\/thunberg-carl-peter-voyages-au-japon-par-le-cap-de-bonne-esperance-les-iles-de-la-sonde-etc\/\",\"url\":\"https:\/\/www.librairieclavreuil.com\/en\/thunberg-carl-peter-voyages-au-japon-par-le-cap-de-bonne-esperance-les-iles-de-la-sonde-etc\/\",\"name\":\"THUNBERG Carl-Peter Voyages au Japon, par le Cap de Bonne-Esp\u00e9rance, les \u00eeles de la Sonde, etc. - Libairie Clavreuil\",\"isPartOf\":{\"@id\":\"https:\/\/www.librairieclavreuil.com\/#website\"},\"primaryImageOfPage\":{\"@id\":\"https:\/\/www.librairieclavreuil.com\/en\/thunberg-carl-peter-voyages-au-japon-par-le-cap-de-bonne-esperance-les-iles-de-la-sonde-etc\/#primaryimage\"},\"image\":{\"@id\":\"https:\/\/www.librairieclavreuil.com\/en\/thunberg-carl-peter-voyages-au-japon-par-le-cap-de-bonne-esperance-les-iles-de-la-sonde-etc\/#primaryimage\"},\"thumbnailUrl\":\"https:\/\/www.librairieclavreuil.com\/wp-content\/uploads\/2026\/03\/carl-peter-thunberg-voyages-au-japon-par-le-cap-de-bonne-esperance-les-iles-de-la-sonde-etc-3108-69ac06ffd0f6b.jpg\",\"datePublished\":\"2026-03-07T11:09:34+00:00\",\"dateModified\":\"2026-03-07T11:09:39+00:00\",\"breadcrumb\":{\"@id\":\"https:\/\/www.librairieclavreuil.com\/en\/thunberg-carl-peter-voyages-au-japon-par-le-cap-de-bonne-esperance-les-iles-de-la-sonde-etc\/#breadcrumb\"},\"inLanguage\":\"en-US\",\"potentialAction\":[{\"@type\":\"ReadAction\",\"target\":[\"https:\/\/www.librairieclavreuil.com\/en\/thunberg-carl-peter-voyages-au-japon-par-le-cap-de-bonne-esperance-les-iles-de-la-sonde-etc\/\"]}]},{\"@type\":\"ImageObject\",\"inLanguage\":\"en-US\",\"@id\":\"https:\/\/www.librairieclavreuil.com\/en\/thunberg-carl-peter-voyages-au-japon-par-le-cap-de-bonne-esperance-les-iles-de-la-sonde-etc\/#primaryimage\",\"url\":\"https:\/\/www.librairieclavreuil.com\/wp-content\/uploads\/2026\/03\/carl-peter-thunberg-voyages-au-japon-par-le-cap-de-bonne-esperance-les-iles-de-la-sonde-etc-3108-69ac06ffd0f6b.jpg\",\"contentUrl\":\"https:\/\/www.librairieclavreuil.com\/wp-content\/uploads\/2026\/03\/carl-peter-thunberg-voyages-au-japon-par-le-cap-de-bonne-esperance-les-iles-de-la-sonde-etc-3108-69ac06ffd0f6b.jpg\",\"width\":622,\"height\":800},{\"@type\":\"BreadcrumbList\",\"@id\":\"https:\/\/www.librairieclavreuil.com\/en\/thunberg-carl-peter-voyages-au-japon-par-le-cap-de-bonne-esperance-les-iles-de-la-sonde-etc\/#breadcrumb\",\"itemListElement\":[{\"@type\":\"ListItem\",\"position\":1,\"name\":\"Accueil\",\"item\":\"https:\/\/www.librairieclavreuil.com\/\"},{\"@type\":\"ListItem\",\"position\":2,\"name\":\"All our books\",\"item\":\"https:\/\/www.librairieclavreuil.com\/en\/all-our-books\/\"},{\"@type\":\"ListItem\",\"position\":3,\"name\":\"THUNBERG Carl-Peter Voyages au Japon, par le Cap...\"}]},{\"@type\":\"WebSite\",\"@id\":\"https:\/\/www.librairieclavreuil.com\/#website\",\"url\":\"https:\/\/www.librairieclavreuil.com\/\",\"name\":\"Libairie Clavreuil\",\"description\":\"Livres anciens, manuscrits rares et \u00e9ditions originales \u2013 Librairie Clavreuil\",\"publisher\":{\"@id\":\"https:\/\/www.librairieclavreuil.com\/#organization\"},\"potentialAction\":[{\"@type\":\"SearchAction\",\"target\":{\"@type\":\"EntryPoint\",\"urlTemplate\":\"https:\/\/www.librairieclavreuil.com\/?s={search_term_string}\"},\"query-input\":{\"@type\":\"PropertyValueSpecification\",\"valueRequired\":true,\"valueName\":\"search_term_string\"}}],\"inLanguage\":\"en-US\"},{\"@type\":\"Organization\",\"@id\":\"https:\/\/www.librairieclavreuil.com\/#organization\",\"name\":\"Libairie Clavreuil\",\"url\":\"https:\/\/www.librairieclavreuil.com\/\",\"logo\":{\"@type\":\"ImageObject\",\"inLanguage\":\"en-US\",\"@id\":\"https:\/\/www.librairieclavreuil.com\/#\/schema\/logo\/image\/\",\"url\":\"https:\/\/www.librairieclavreuil.com\/wp-content\/uploads\/2021\/06\/cropped-LOGO_PNG_DATE-_gold-512x512-1.png\",\"contentUrl\":\"https:\/\/www.librairieclavreuil.com\/wp-content\/uploads\/2021\/06\/cropped-LOGO_PNG_DATE-_gold-512x512-1.png\",\"width\":512,\"height\":512,\"caption\":\"Libairie Clavreuil\"},\"image\":{\"@id\":\"https:\/\/www.librairieclavreuil.com\/#\/schema\/logo\/image\/\"},\"sameAs\":[\"https:\/\/www.instagram.com\/librairieclavreuil\/\"]}]}<\/script>\n<!-- \/ Yoast SEO plugin. -->","yoast_head_json":{"title":"THUNBERG Carl-Peter Voyages au Japon, par le Cap de Bonne-Esp\u00e9rance, les \u00eeles de la Sonde, etc. - Libairie Clavreuil","robots":{"index":"index","follow":"follow","max-snippet":"max-snippet:-1","max-image-preview":"max-image-preview:large","max-video-preview":"max-video-preview:-1"},"canonical":"https:\/\/www.librairieclavreuil.com\/en\/thunberg-carl-peter-voyages-au-japon-par-le-cap-de-bonne-esperance-les-iles-de-la-sonde-etc\/","og_locale":"en_US","og_type":"article","og_title":"THUNBERG Carl-Peter Voyages au Japon, par le Cap de Bonne-Esp\u00e9rance, les \u00eeles de la Sonde, etc. - Libairie Clavreuil","og_description":"4 volumes, 8vo (189 x 118 mm) 1 engraved portrait, 2 nn.ll., LXIV, 417 pp., 1 engraved plate for volume I; VIII, 1 nn.l., 430 pp., 4 engraved plates for volume II; VIII, 445 pp., 4 engraved plates for volume III; XII, 462 pp., 19 engraved plates for volume IV; contemporary speckled sheep, flat spines gilt.","og_url":"https:\/\/www.librairieclavreuil.com\/en\/thunberg-carl-peter-voyages-au-japon-par-le-cap-de-bonne-esperance-les-iles-de-la-sonde-etc\/","og_site_name":"Libairie Clavreuil","article_modified_time":"2026-03-07T11:09:39+00:00","og_image":[{"width":622,"height":800,"url":"https:\/\/www.librairieclavreuil.com\/wp-content\/uploads\/2026\/03\/carl-peter-thunberg-voyages-au-japon-par-le-cap-de-bonne-esperance-les-iles-de-la-sonde-etc-3108-69ac06ffd0f6b.jpg","type":"image\/jpeg"}],"twitter_card":"summary_large_image","twitter_misc":{"Est. reading time":"1 minute"},"schema":{"@context":"https:\/\/schema.org","@graph":[{"@type":"WebPage","@id":"https:\/\/www.librairieclavreuil.com\/en\/thunberg-carl-peter-voyages-au-japon-par-le-cap-de-bonne-esperance-les-iles-de-la-sonde-etc\/","url":"https:\/\/www.librairieclavreuil.com\/en\/thunberg-carl-peter-voyages-au-japon-par-le-cap-de-bonne-esperance-les-iles-de-la-sonde-etc\/","name":"THUNBERG Carl-Peter Voyages au Japon, par le Cap de Bonne-Esp\u00e9rance, les \u00eeles de la Sonde, etc. - Libairie Clavreuil","isPartOf":{"@id":"https:\/\/www.librairieclavreuil.com\/#website"},"primaryImageOfPage":{"@id":"https:\/\/www.librairieclavreuil.com\/en\/thunberg-carl-peter-voyages-au-japon-par-le-cap-de-bonne-esperance-les-iles-de-la-sonde-etc\/#primaryimage"},"image":{"@id":"https:\/\/www.librairieclavreuil.com\/en\/thunberg-carl-peter-voyages-au-japon-par-le-cap-de-bonne-esperance-les-iles-de-la-sonde-etc\/#primaryimage"},"thumbnailUrl":"https:\/\/www.librairieclavreuil.com\/wp-content\/uploads\/2026\/03\/carl-peter-thunberg-voyages-au-japon-par-le-cap-de-bonne-esperance-les-iles-de-la-sonde-etc-3108-69ac06ffd0f6b.jpg","datePublished":"2026-03-07T11:09:34+00:00","dateModified":"2026-03-07T11:09:39+00:00","breadcrumb":{"@id":"https:\/\/www.librairieclavreuil.com\/en\/thunberg-carl-peter-voyages-au-japon-par-le-cap-de-bonne-esperance-les-iles-de-la-sonde-etc\/#breadcrumb"},"inLanguage":"en-US","potentialAction":[{"@type":"ReadAction","target":["https:\/\/www.librairieclavreuil.com\/en\/thunberg-carl-peter-voyages-au-japon-par-le-cap-de-bonne-esperance-les-iles-de-la-sonde-etc\/"]}]},{"@type":"ImageObject","inLanguage":"en-US","@id":"https:\/\/www.librairieclavreuil.com\/en\/thunberg-carl-peter-voyages-au-japon-par-le-cap-de-bonne-esperance-les-iles-de-la-sonde-etc\/#primaryimage","url":"https:\/\/www.librairieclavreuil.com\/wp-content\/uploads\/2026\/03\/carl-peter-thunberg-voyages-au-japon-par-le-cap-de-bonne-esperance-les-iles-de-la-sonde-etc-3108-69ac06ffd0f6b.jpg","contentUrl":"https:\/\/www.librairieclavreuil.com\/wp-content\/uploads\/2026\/03\/carl-peter-thunberg-voyages-au-japon-par-le-cap-de-bonne-esperance-les-iles-de-la-sonde-etc-3108-69ac06ffd0f6b.jpg","width":622,"height":800},{"@type":"BreadcrumbList","@id":"https:\/\/www.librairieclavreuil.com\/en\/thunberg-carl-peter-voyages-au-japon-par-le-cap-de-bonne-esperance-les-iles-de-la-sonde-etc\/#breadcrumb","itemListElement":[{"@type":"ListItem","position":1,"name":"Accueil","item":"https:\/\/www.librairieclavreuil.com\/"},{"@type":"ListItem","position":2,"name":"All our books","item":"https:\/\/www.librairieclavreuil.com\/en\/all-our-books\/"},{"@type":"ListItem","position":3,"name":"THUNBERG Carl-Peter Voyages au Japon, par le Cap..."}]},{"@type":"WebSite","@id":"https:\/\/www.librairieclavreuil.com\/#website","url":"https:\/\/www.librairieclavreuil.com\/","name":"Libairie Clavreuil","description":"Livres anciens, manuscrits rares et \u00e9ditions originales \u2013 Librairie Clavreuil","publisher":{"@id":"https:\/\/www.librairieclavreuil.com\/#organization"},"potentialAction":[{"@type":"SearchAction","target":{"@type":"EntryPoint","urlTemplate":"https:\/\/www.librairieclavreuil.com\/?s={search_term_string}"},"query-input":{"@type":"PropertyValueSpecification","valueRequired":true,"valueName":"search_term_string"}}],"inLanguage":"en-US"},{"@type":"Organization","@id":"https:\/\/www.librairieclavreuil.com\/#organization","name":"Libairie Clavreuil","url":"https:\/\/www.librairieclavreuil.com\/","logo":{"@type":"ImageObject","inLanguage":"en-US","@id":"https:\/\/www.librairieclavreuil.com\/#\/schema\/logo\/image\/","url":"https:\/\/www.librairieclavreuil.com\/wp-content\/uploads\/2021\/06\/cropped-LOGO_PNG_DATE-_gold-512x512-1.png","contentUrl":"https:\/\/www.librairieclavreuil.com\/wp-content\/uploads\/2021\/06\/cropped-LOGO_PNG_DATE-_gold-512x512-1.png","width":512,"height":512,"caption":"Libairie Clavreuil"},"image":{"@id":"https:\/\/www.librairieclavreuil.com\/#\/schema\/logo\/image\/"},"sameAs":["https:\/\/www.instagram.com\/librairieclavreuil\/"]}]}},"jetpack_sharing_enabled":true,"_links":{"self":[{"href":"https:\/\/www.librairieclavreuil.com\/en\/wp-json\/wp\/v2\/product\/89415","targetHints":{"allow":["GET"]}}],"collection":[{"href":"https:\/\/www.librairieclavreuil.com\/en\/wp-json\/wp\/v2\/product"}],"about":[{"href":"https:\/\/www.librairieclavreuil.com\/en\/wp-json\/wp\/v2\/types\/product"}],"replies":[{"embeddable":true,"href":"https:\/\/www.librairieclavreuil.com\/en\/wp-json\/wp\/v2\/comments?post=89415"}],"wp:featuredmedia":[{"embeddable":true,"href":"https:\/\/www.librairieclavreuil.com\/en\/wp-json\/wp\/v2\/media\/89396"}],"wp:attachment":[{"href":"https:\/\/www.librairieclavreuil.com\/en\/wp-json\/wp\/v2\/media?parent=89415"}],"wp:term":[{"taxonomy":"product_brand","embeddable":true,"href":"https:\/\/www.librairieclavreuil.com\/en\/wp-json\/wp\/v2\/product_brand?post=89415"},{"taxonomy":"product_cat","embeddable":true,"href":"https:\/\/www.librairieclavreuil.com\/en\/wp-json\/wp\/v2\/product_cat?post=89415"},{"taxonomy":"product_tag","embeddable":true,"href":"https:\/\/www.librairieclavreuil.com\/en\/wp-json\/wp\/v2\/product_tag?post=89415"}],"curies":[{"name":"wp","href":"https:\/\/api.w.org\/{rel}","templated":true}]}}