{"id":89395,"date":"2026-03-07T12:05:11","date_gmt":"2026-03-07T11:05:11","guid":{"rendered":"https:\/\/www.librairieclavreuil.com\/laennec-r-t-h-de-lauscultation-mediate-ou-traite-du-diagnostic-des-maladies-des-poumons-et-du-coeur-fonde-principalement-sur-ce-nouveau-moyen-dexploration\/"},"modified":"2026-03-07T12:09:20","modified_gmt":"2026-03-07T11:09:20","slug":"laennec-r-t-h-de-lauscultation-mediate-ou-traite-du-diagnostic-des-maladies-des-poumons-et-du-coeur-fonde-principalement-sur-ce-nouveau-moyen-dexploration","status":"publish","type":"product","link":"https:\/\/www.librairieclavreuil.com\/en\/laennec-r-t-h-de-lauscultation-mediate-ou-traite-du-diagnostic-des-maladies-des-poumons-et-du-coeur-fonde-principalement-sur-ce-nouveau-moyen-dexploration\/","title":{"rendered":"LAENNEC R.T.H De l&#8217;Auscultation m\u00e9diate ou trait\u00e9 du..."},"content":{"rendered":"<p style=\"text-align:justify\"><i>Garrison-Morton, 2673; PMM, 280; Norman, 100 books famous in medicine, 57; Norman cat. 1253; Heirs of Hippocrates, 1364.<\/i><\/p>\n<p style=\"text-align:justify\"><span style=\"font-variant:small-caps\">First edition, first issue.<\/span><\/p>\n<p style=\"text-align:justify\">The publication of this work marked the first major revolution in the study of chest diseases. Auscultation, using the stethoscope, was in fact the first rigorous and objective method of examining a patient. Hippocrates had described chest sounds, but La\u00ebnnec was at a loss as to how to amplify them to improve the quality of auscultation. During a walk in a public garden, he was inspired by a children&#8217;s game in which a beam was used to transmit the sound of scratching to one of its ends; he immediately used this technique to examine a patient using a rolled-up notebook. He soon mastered auscultation and classified symptoms.<\/p>\n<p style=\"text-align:justify\">&#8220;Laennec&#8217;s invention of the stethoscope provided the first adequate method for diagnosing diseases of the thorax, and represented the greatest advance in physical diagnosis between Auenbrugger&#8217;s percussion and R\u00f6ntgen&#8217;s discovery of x-rays&#8221; (Norman). &#8220;La\u00ebnnec was undoubtedly the most prominent French internist of his day. His ingenious use of a roll of paper as a first stethoscope opened an entirely new field of physical diagnosis, and by this means he virtually created the physical diagnos of pulmonary diseases, giving clear, concise definitions of phtisis, pneumothorax, emphysema, etc.&#8221; (Heirs of Hippocrates).<\/p>\n<p style=\"text-align:justify\">&#8220;Laennec made his name immortal by his invention of the stethoscope in 1819 (at first only a cylinder of paper in his hands), and by the publication of the two successive editions of his Trait\u00e9 de l&#8217;auscultation m\u00e9diate in 1819 and 1826. This work placed its author among the greatest clinicians of all ages and had better luck than Avenbrugger&#8217;s, for it was immediately taken and translated everywhere. It is the foundation stone of modern knowledge of diseases of the chest and their diagnosis by mediate auscultation&#8221; (Garrison, History).<\/p>\n<p style=\"text-align:justify\">The four plates show the stethoscope, pathologies of the lungs and deformations of the thoracic cage.<\/p>\n<p style=\"text-align:justify\">A good copy.<\/p>\n","protected":false},"excerpt":{"rendered":"<p>2 volumes 8vo (191 x 124 mm) de XLVI (mis numbered XLVIII), 456 pp., 4 nn.ll., 4 engraved foldiong plates for volume I; XVI, 472 pp. for volume II. Contemporary green half-sheep over marbled boppards, flats spine gilt, blue speckled edges.<\/p>\n","protected":false},"featured_media":89386,"comment_status":"open","ping_status":"closed","template":"","meta":{"_acf_changed":false},"product_brand":[],"product_cat":[548],"product_tag":[1299],"class_list":{"0":"post-89395","1":"product","2":"type-product","3":"status-publish","4":"has-post-thumbnail","6":"product_cat-medicine","7":"product_tag-lungs","8":"pa_auteur-laennec-r-t-h-2","9":"pa_type-de-livre-printed-book","11":"first","12":"instock","13":"shipping-taxable","14":"purchasable","15":"product-type-simple"},"acf":{"artist":" R.T.H LAENNEC","chapeau":"","adresse_bibliographique":"Paris, J.-A. Brosson & J.-S. Chaud\u00e9, 1819","book_type":"Printed book","provenance":"","afficher_prix":""},"yoast_head":"<!-- This site is optimized with the Yoast SEO plugin v24.7 - https:\/\/yoast.com\/wordpress\/plugins\/seo\/ -->\n<title>LAENNEC R.T.H De l&#039;Auscultation m\u00e9diate ou trait\u00e9 du diagnostic des maladies des poumons et du coeur, fond\u00e9 principalement sur ce nouveau moyen d&#039;exploration. - Libairie Clavreuil<\/title>\n<meta name=\"robots\" content=\"index, follow, max-snippet:-1, max-image-preview:large, max-video-preview:-1\" \/>\n<link rel=\"canonical\" href=\"https:\/\/www.librairieclavreuil.com\/en\/laennec-r-t-h-de-lauscultation-mediate-ou-traite-du-diagnostic-des-maladies-des-poumons-et-du-coeur-fonde-principalement-sur-ce-nouveau-moyen-dexploration\/\" \/>\n<meta property=\"og:locale\" content=\"en_US\" \/>\n<meta property=\"og:type\" content=\"article\" \/>\n<meta property=\"og:title\" content=\"LAENNEC R.T.H De l&#039;Auscultation m\u00e9diate ou trait\u00e9 du diagnostic des maladies des poumons et du coeur, fond\u00e9 principalement sur ce nouveau moyen d&#039;exploration. - Libairie Clavreuil\" \/>\n<meta property=\"og:description\" content=\"2 volumes 8vo (191 x 124 mm) de XLVI (mis numbered XLVIII), 456 pp., 4 nn.ll., 4 engraved foldiong plates for volume I; XVI, 472 pp. for volume II. Contemporary green half-sheep over marbled boppards, flats spine gilt, blue speckled edges.\" \/>\n<meta property=\"og:url\" content=\"https:\/\/www.librairieclavreuil.com\/en\/laennec-r-t-h-de-lauscultation-mediate-ou-traite-du-diagnostic-des-maladies-des-poumons-et-du-coeur-fonde-principalement-sur-ce-nouveau-moyen-dexploration\/\" \/>\n<meta property=\"og:site_name\" content=\"Libairie Clavreuil\" \/>\n<meta property=\"article:modified_time\" content=\"2026-03-07T11:09:20+00:00\" \/>\n<meta property=\"og:image\" content=\"https:\/\/www.librairieclavreuil.com\/wp-content\/uploads\/2026\/03\/r-t-h-laennec-de-l-auscultation-mediate-ou-traite-du-diagnostic-des-maladies-des-poumons-et-du-coeur-fonde-principalement-sur-ce-nouveau-moy-69ac060c6e8fb.jpg\" \/>\n\t<meta property=\"og:image:width\" content=\"622\" \/>\n\t<meta property=\"og:image:height\" content=\"800\" \/>\n\t<meta property=\"og:image:type\" content=\"image\/jpeg\" \/>\n<meta name=\"twitter:card\" content=\"summary_large_image\" \/>\n<meta name=\"twitter:label1\" content=\"Est. reading time\" \/>\n\t<meta name=\"twitter:data1\" content=\"2 minutes\" \/>\n<script type=\"application\/ld+json\" class=\"yoast-schema-graph\">{\"@context\":\"https:\/\/schema.org\",\"@graph\":[{\"@type\":\"WebPage\",\"@id\":\"https:\/\/www.librairieclavreuil.com\/en\/laennec-r-t-h-de-lauscultation-mediate-ou-traite-du-diagnostic-des-maladies-des-poumons-et-du-coeur-fonde-principalement-sur-ce-nouveau-moyen-dexploration\/\",\"url\":\"https:\/\/www.librairieclavreuil.com\/en\/laennec-r-t-h-de-lauscultation-mediate-ou-traite-du-diagnostic-des-maladies-des-poumons-et-du-coeur-fonde-principalement-sur-ce-nouveau-moyen-dexploration\/\",\"name\":\"LAENNEC R.T.H De l'Auscultation m\u00e9diate ou trait\u00e9 du diagnostic des maladies des poumons et du coeur, fond\u00e9 principalement sur ce nouveau moyen d'exploration. - Libairie Clavreuil\",\"isPartOf\":{\"@id\":\"https:\/\/www.librairieclavreuil.com\/#website\"},\"primaryImageOfPage\":{\"@id\":\"https:\/\/www.librairieclavreuil.com\/en\/laennec-r-t-h-de-lauscultation-mediate-ou-traite-du-diagnostic-des-maladies-des-poumons-et-du-coeur-fonde-principalement-sur-ce-nouveau-moyen-dexploration\/#primaryimage\"},\"image\":{\"@id\":\"https:\/\/www.librairieclavreuil.com\/en\/laennec-r-t-h-de-lauscultation-mediate-ou-traite-du-diagnostic-des-maladies-des-poumons-et-du-coeur-fonde-principalement-sur-ce-nouveau-moyen-dexploration\/#primaryimage\"},\"thumbnailUrl\":\"https:\/\/www.librairieclavreuil.com\/wp-content\/uploads\/2026\/03\/r-t-h-laennec-de-l-auscultation-mediate-ou-traite-du-diagnostic-des-maladies-des-poumons-et-du-coeur-fonde-principalement-sur-ce-nouveau-moy-69ac060c6e8fb.jpg\",\"datePublished\":\"2026-03-07T11:05:11+00:00\",\"dateModified\":\"2026-03-07T11:09:20+00:00\",\"breadcrumb\":{\"@id\":\"https:\/\/www.librairieclavreuil.com\/en\/laennec-r-t-h-de-lauscultation-mediate-ou-traite-du-diagnostic-des-maladies-des-poumons-et-du-coeur-fonde-principalement-sur-ce-nouveau-moyen-dexploration\/#breadcrumb\"},\"inLanguage\":\"en-US\",\"potentialAction\":[{\"@type\":\"ReadAction\",\"target\":[\"https:\/\/www.librairieclavreuil.com\/en\/laennec-r-t-h-de-lauscultation-mediate-ou-traite-du-diagnostic-des-maladies-des-poumons-et-du-coeur-fonde-principalement-sur-ce-nouveau-moyen-dexploration\/\"]}]},{\"@type\":\"ImageObject\",\"inLanguage\":\"en-US\",\"@id\":\"https:\/\/www.librairieclavreuil.com\/en\/laennec-r-t-h-de-lauscultation-mediate-ou-traite-du-diagnostic-des-maladies-des-poumons-et-du-coeur-fonde-principalement-sur-ce-nouveau-moyen-dexploration\/#primaryimage\",\"url\":\"https:\/\/www.librairieclavreuil.com\/wp-content\/uploads\/2026\/03\/r-t-h-laennec-de-l-auscultation-mediate-ou-traite-du-diagnostic-des-maladies-des-poumons-et-du-coeur-fonde-principalement-sur-ce-nouveau-moy-69ac060c6e8fb.jpg\",\"contentUrl\":\"https:\/\/www.librairieclavreuil.com\/wp-content\/uploads\/2026\/03\/r-t-h-laennec-de-l-auscultation-mediate-ou-traite-du-diagnostic-des-maladies-des-poumons-et-du-coeur-fonde-principalement-sur-ce-nouveau-moy-69ac060c6e8fb.jpg\",\"width\":622,\"height\":800},{\"@type\":\"BreadcrumbList\",\"@id\":\"https:\/\/www.librairieclavreuil.com\/en\/laennec-r-t-h-de-lauscultation-mediate-ou-traite-du-diagnostic-des-maladies-des-poumons-et-du-coeur-fonde-principalement-sur-ce-nouveau-moyen-dexploration\/#breadcrumb\",\"itemListElement\":[{\"@type\":\"ListItem\",\"position\":1,\"name\":\"Accueil\",\"item\":\"https:\/\/www.librairieclavreuil.com\/\"},{\"@type\":\"ListItem\",\"position\":2,\"name\":\"All our books\",\"item\":\"https:\/\/www.librairieclavreuil.com\/en\/all-our-books\/\"},{\"@type\":\"ListItem\",\"position\":3,\"name\":\"LAENNEC R.T.H De l&rsquo;Auscultation m\u00e9diate ou trait\u00e9 du...\"}]},{\"@type\":\"WebSite\",\"@id\":\"https:\/\/www.librairieclavreuil.com\/#website\",\"url\":\"https:\/\/www.librairieclavreuil.com\/\",\"name\":\"Libairie Clavreuil\",\"description\":\"Livres anciens, manuscrits rares et \u00e9ditions originales \u2013 Librairie Clavreuil\",\"publisher\":{\"@id\":\"https:\/\/www.librairieclavreuil.com\/#organization\"},\"potentialAction\":[{\"@type\":\"SearchAction\",\"target\":{\"@type\":\"EntryPoint\",\"urlTemplate\":\"https:\/\/www.librairieclavreuil.com\/?s={search_term_string}\"},\"query-input\":{\"@type\":\"PropertyValueSpecification\",\"valueRequired\":true,\"valueName\":\"search_term_string\"}}],\"inLanguage\":\"en-US\"},{\"@type\":\"Organization\",\"@id\":\"https:\/\/www.librairieclavreuil.com\/#organization\",\"name\":\"Libairie Clavreuil\",\"url\":\"https:\/\/www.librairieclavreuil.com\/\",\"logo\":{\"@type\":\"ImageObject\",\"inLanguage\":\"en-US\",\"@id\":\"https:\/\/www.librairieclavreuil.com\/#\/schema\/logo\/image\/\",\"url\":\"https:\/\/www.librairieclavreuil.com\/wp-content\/uploads\/2021\/06\/cropped-LOGO_PNG_DATE-_gold-512x512-1.png\",\"contentUrl\":\"https:\/\/www.librairieclavreuil.com\/wp-content\/uploads\/2021\/06\/cropped-LOGO_PNG_DATE-_gold-512x512-1.png\",\"width\":512,\"height\":512,\"caption\":\"Libairie Clavreuil\"},\"image\":{\"@id\":\"https:\/\/www.librairieclavreuil.com\/#\/schema\/logo\/image\/\"},\"sameAs\":[\"https:\/\/www.instagram.com\/librairieclavreuil\/\"]}]}<\/script>\n<!-- \/ Yoast SEO plugin. -->","yoast_head_json":{"title":"LAENNEC R.T.H De l'Auscultation m\u00e9diate ou trait\u00e9 du diagnostic des maladies des poumons et du coeur, fond\u00e9 principalement sur ce nouveau moyen d'exploration. - Libairie Clavreuil","robots":{"index":"index","follow":"follow","max-snippet":"max-snippet:-1","max-image-preview":"max-image-preview:large","max-video-preview":"max-video-preview:-1"},"canonical":"https:\/\/www.librairieclavreuil.com\/en\/laennec-r-t-h-de-lauscultation-mediate-ou-traite-du-diagnostic-des-maladies-des-poumons-et-du-coeur-fonde-principalement-sur-ce-nouveau-moyen-dexploration\/","og_locale":"en_US","og_type":"article","og_title":"LAENNEC R.T.H De l'Auscultation m\u00e9diate ou trait\u00e9 du diagnostic des maladies des poumons et du coeur, fond\u00e9 principalement sur ce nouveau moyen d'exploration. - Libairie Clavreuil","og_description":"2 volumes 8vo (191 x 124 mm) de XLVI (mis numbered XLVIII), 456 pp., 4 nn.ll., 4 engraved foldiong plates for volume I; XVI, 472 pp. for volume II. Contemporary green half-sheep over marbled boppards, flats spine gilt, blue speckled edges.","og_url":"https:\/\/www.librairieclavreuil.com\/en\/laennec-r-t-h-de-lauscultation-mediate-ou-traite-du-diagnostic-des-maladies-des-poumons-et-du-coeur-fonde-principalement-sur-ce-nouveau-moyen-dexploration\/","og_site_name":"Libairie Clavreuil","article_modified_time":"2026-03-07T11:09:20+00:00","og_image":[{"width":622,"height":800,"url":"https:\/\/www.librairieclavreuil.com\/wp-content\/uploads\/2026\/03\/r-t-h-laennec-de-l-auscultation-mediate-ou-traite-du-diagnostic-des-maladies-des-poumons-et-du-coeur-fonde-principalement-sur-ce-nouveau-moy-69ac060c6e8fb.jpg","type":"image\/jpeg"}],"twitter_card":"summary_large_image","twitter_misc":{"Est. reading time":"2 minutes"},"schema":{"@context":"https:\/\/schema.org","@graph":[{"@type":"WebPage","@id":"https:\/\/www.librairieclavreuil.com\/en\/laennec-r-t-h-de-lauscultation-mediate-ou-traite-du-diagnostic-des-maladies-des-poumons-et-du-coeur-fonde-principalement-sur-ce-nouveau-moyen-dexploration\/","url":"https:\/\/www.librairieclavreuil.com\/en\/laennec-r-t-h-de-lauscultation-mediate-ou-traite-du-diagnostic-des-maladies-des-poumons-et-du-coeur-fonde-principalement-sur-ce-nouveau-moyen-dexploration\/","name":"LAENNEC R.T.H De l'Auscultation m\u00e9diate ou trait\u00e9 du diagnostic des maladies des poumons et du coeur, fond\u00e9 principalement sur ce nouveau moyen d'exploration. - Libairie Clavreuil","isPartOf":{"@id":"https:\/\/www.librairieclavreuil.com\/#website"},"primaryImageOfPage":{"@id":"https:\/\/www.librairieclavreuil.com\/en\/laennec-r-t-h-de-lauscultation-mediate-ou-traite-du-diagnostic-des-maladies-des-poumons-et-du-coeur-fonde-principalement-sur-ce-nouveau-moyen-dexploration\/#primaryimage"},"image":{"@id":"https:\/\/www.librairieclavreuil.com\/en\/laennec-r-t-h-de-lauscultation-mediate-ou-traite-du-diagnostic-des-maladies-des-poumons-et-du-coeur-fonde-principalement-sur-ce-nouveau-moyen-dexploration\/#primaryimage"},"thumbnailUrl":"https:\/\/www.librairieclavreuil.com\/wp-content\/uploads\/2026\/03\/r-t-h-laennec-de-l-auscultation-mediate-ou-traite-du-diagnostic-des-maladies-des-poumons-et-du-coeur-fonde-principalement-sur-ce-nouveau-moy-69ac060c6e8fb.jpg","datePublished":"2026-03-07T11:05:11+00:00","dateModified":"2026-03-07T11:09:20+00:00","breadcrumb":{"@id":"https:\/\/www.librairieclavreuil.com\/en\/laennec-r-t-h-de-lauscultation-mediate-ou-traite-du-diagnostic-des-maladies-des-poumons-et-du-coeur-fonde-principalement-sur-ce-nouveau-moyen-dexploration\/#breadcrumb"},"inLanguage":"en-US","potentialAction":[{"@type":"ReadAction","target":["https:\/\/www.librairieclavreuil.com\/en\/laennec-r-t-h-de-lauscultation-mediate-ou-traite-du-diagnostic-des-maladies-des-poumons-et-du-coeur-fonde-principalement-sur-ce-nouveau-moyen-dexploration\/"]}]},{"@type":"ImageObject","inLanguage":"en-US","@id":"https:\/\/www.librairieclavreuil.com\/en\/laennec-r-t-h-de-lauscultation-mediate-ou-traite-du-diagnostic-des-maladies-des-poumons-et-du-coeur-fonde-principalement-sur-ce-nouveau-moyen-dexploration\/#primaryimage","url":"https:\/\/www.librairieclavreuil.com\/wp-content\/uploads\/2026\/03\/r-t-h-laennec-de-l-auscultation-mediate-ou-traite-du-diagnostic-des-maladies-des-poumons-et-du-coeur-fonde-principalement-sur-ce-nouveau-moy-69ac060c6e8fb.jpg","contentUrl":"https:\/\/www.librairieclavreuil.com\/wp-content\/uploads\/2026\/03\/r-t-h-laennec-de-l-auscultation-mediate-ou-traite-du-diagnostic-des-maladies-des-poumons-et-du-coeur-fonde-principalement-sur-ce-nouveau-moy-69ac060c6e8fb.jpg","width":622,"height":800},{"@type":"BreadcrumbList","@id":"https:\/\/www.librairieclavreuil.com\/en\/laennec-r-t-h-de-lauscultation-mediate-ou-traite-du-diagnostic-des-maladies-des-poumons-et-du-coeur-fonde-principalement-sur-ce-nouveau-moyen-dexploration\/#breadcrumb","itemListElement":[{"@type":"ListItem","position":1,"name":"Accueil","item":"https:\/\/www.librairieclavreuil.com\/"},{"@type":"ListItem","position":2,"name":"All our books","item":"https:\/\/www.librairieclavreuil.com\/en\/all-our-books\/"},{"@type":"ListItem","position":3,"name":"LAENNEC R.T.H De l&rsquo;Auscultation m\u00e9diate ou trait\u00e9 du..."}]},{"@type":"WebSite","@id":"https:\/\/www.librairieclavreuil.com\/#website","url":"https:\/\/www.librairieclavreuil.com\/","name":"Libairie Clavreuil","description":"Livres anciens, manuscrits rares et \u00e9ditions originales \u2013 Librairie Clavreuil","publisher":{"@id":"https:\/\/www.librairieclavreuil.com\/#organization"},"potentialAction":[{"@type":"SearchAction","target":{"@type":"EntryPoint","urlTemplate":"https:\/\/www.librairieclavreuil.com\/?s={search_term_string}"},"query-input":{"@type":"PropertyValueSpecification","valueRequired":true,"valueName":"search_term_string"}}],"inLanguage":"en-US"},{"@type":"Organization","@id":"https:\/\/www.librairieclavreuil.com\/#organization","name":"Libairie Clavreuil","url":"https:\/\/www.librairieclavreuil.com\/","logo":{"@type":"ImageObject","inLanguage":"en-US","@id":"https:\/\/www.librairieclavreuil.com\/#\/schema\/logo\/image\/","url":"https:\/\/www.librairieclavreuil.com\/wp-content\/uploads\/2021\/06\/cropped-LOGO_PNG_DATE-_gold-512x512-1.png","contentUrl":"https:\/\/www.librairieclavreuil.com\/wp-content\/uploads\/2021\/06\/cropped-LOGO_PNG_DATE-_gold-512x512-1.png","width":512,"height":512,"caption":"Libairie Clavreuil"},"image":{"@id":"https:\/\/www.librairieclavreuil.com\/#\/schema\/logo\/image\/"},"sameAs":["https:\/\/www.instagram.com\/librairieclavreuil\/"]}]}},"jetpack_sharing_enabled":true,"_links":{"self":[{"href":"https:\/\/www.librairieclavreuil.com\/en\/wp-json\/wp\/v2\/product\/89395","targetHints":{"allow":["GET"]}}],"collection":[{"href":"https:\/\/www.librairieclavreuil.com\/en\/wp-json\/wp\/v2\/product"}],"about":[{"href":"https:\/\/www.librairieclavreuil.com\/en\/wp-json\/wp\/v2\/types\/product"}],"replies":[{"embeddable":true,"href":"https:\/\/www.librairieclavreuil.com\/en\/wp-json\/wp\/v2\/comments?post=89395"}],"wp:featuredmedia":[{"embeddable":true,"href":"https:\/\/www.librairieclavreuil.com\/en\/wp-json\/wp\/v2\/media\/89386"}],"wp:attachment":[{"href":"https:\/\/www.librairieclavreuil.com\/en\/wp-json\/wp\/v2\/media?parent=89395"}],"wp:term":[{"taxonomy":"product_brand","embeddable":true,"href":"https:\/\/www.librairieclavreuil.com\/en\/wp-json\/wp\/v2\/product_brand?post=89395"},{"taxonomy":"product_cat","embeddable":true,"href":"https:\/\/www.librairieclavreuil.com\/en\/wp-json\/wp\/v2\/product_cat?post=89395"},{"taxonomy":"product_tag","embeddable":true,"href":"https:\/\/www.librairieclavreuil.com\/en\/wp-json\/wp\/v2\/product_tag?post=89395"}],"curies":[{"name":"wp","href":"https:\/\/api.w.org\/{rel}","templated":true}]}}