{"id":89385,"date":"2026-03-07T12:01:37","date_gmt":"2026-03-07T11:01:37","guid":{"rendered":"https:\/\/www.librairieclavreuil.com\/chaptal-jean-antoine-comte-de-canteloup-nouveau-dictionnaire-dhistoire-naturelle-appliquee-aux-arts-principalement-a-lagriculture-et-a-leconomie-rurale-et-domestique-par-une-societe-de-natur\/"},"modified":"2026-03-07T12:09:05","modified_gmt":"2026-03-07T11:09:05","slug":"chaptal-jean-antoine-comte-de-canteloup-nouveau-dictionnaire-dhistoire-naturelle-appliquee-aux-arts-principalement-a-lagriculture-et-a-leconomie-rurale-et-domestique-par-une-societe-de-natur","status":"publish","type":"product","link":"https:\/\/www.librairieclavreuil.com\/en\/chaptal-jean-antoine-comte-de-canteloup-nouveau-dictionnaire-dhistoire-naturelle-appliquee-aux-arts-principalement-a-lagriculture-et-a-leconomie-rurale-et-domestique-par-une-societe-de-natur\/","title":{"rendered":"CHAPTAL Jean-Antoine comte de Canteloup Nouveau Dictionnaire d&#8217;histoire..."},"content":{"rendered":"<p style=\"text-align:justify\"><i>Nissen, ZBI, 4615 (indicating mistakingly only 236 plates).<\/i><\/p>\n<p style=\"text-align:justify\">First edition under this title of this important dictionary of natural history (zoology, ornithology, erpetology, mineralogy, anatomy). It contains articles by Chaptal, Huzard, Latreille, Olivier, Parmentier, Sonnini, Thouin and Virey. The 263 plates are engraved by Tardieu, Voysard after de S\u00e8ve, Meunier and Pr\u00eatre (including 3 ornithological plates in colour).<\/p>\n<p style=\"text-align:justify\">Thanks to the notices to the binders placed in 8 volumes (each covering the collation of 3 volumes) the number of plates can be verified.<\/p>\n<p style=\"text-align:justify\">Modest but complete working copy, some waterstain, scattered foxing on some volumes, occasional wormholes, browned plates.<\/p>\n","protected":false},"excerpt":{"rendered":"<p style=\"text-align:justify\">24 volumes, 8vo (198 x 117 mm) With the 8 &#8216;avis au relieurs&#8217; indicating the placement of the 263 engraved plates. Contemporary marbled sheep, flat spine gilt (some overall wear, small losses, occasional worm holes).<\/p>\n","protected":false},"featured_media":89372,"comment_status":"open","ping_status":"closed","template":"","meta":{"_acf_changed":false},"product_brand":[],"product_cat":[540],"product_tag":[590,1323,1349,1340],"class_list":{"0":"post-89385","1":"product","2":"type-product","3":"status-publish","4":"has-post-thumbnail","6":"product_cat-natural-history","7":"product_tag-botanical","8":"product_tag-general-botany","9":"product_tag-general-zoology","10":"product_tag-zoology","11":"pa_auteur-chaptal-jean-antoine-comte-de-canteloup-2","12":"pa_type-de-livre-printed-book","14":"first","15":"instock","16":"shipping-taxable","17":"purchasable","18":"product-type-simple"},"acf":{"artist":" Jean-Antoine comte de Canteloup CHAPTAL","chapeau":"","adresse_bibliographique":"Paris, Deterville, 1803-1804","book_type":"Printed book","provenance":"","afficher_prix":""},"yoast_head":"<!-- This site is optimized with the Yoast SEO plugin v24.7 - https:\/\/yoast.com\/wordpress\/plugins\/seo\/ -->\n<title>CHAPTAL Jean-Antoine comte de Canteloup Nouveau Dictionnaire d&#039;histoire naturelle, appliqu\u00e9e aux arts, principalement \u00e0 l&#039;agriculture et \u00e0 l&#039;\u00e9conomie rurale et domestique. Par une soci\u00e9t\u00e9 de naturalistes et d&#039;agriculteurs. - Libairie Clavreuil<\/title>\n<meta name=\"robots\" content=\"index, follow, max-snippet:-1, max-image-preview:large, max-video-preview:-1\" \/>\n<link rel=\"canonical\" href=\"https:\/\/www.librairieclavreuil.com\/en\/chaptal-jean-antoine-comte-de-canteloup-nouveau-dictionnaire-dhistoire-naturelle-appliquee-aux-arts-principalement-a-lagriculture-et-a-leconomie-rurale-et-domestique-par-une-societe-de-natur\/\" \/>\n<meta property=\"og:locale\" content=\"en_US\" \/>\n<meta property=\"og:type\" content=\"article\" \/>\n<meta property=\"og:title\" content=\"CHAPTAL Jean-Antoine comte de Canteloup Nouveau Dictionnaire d&#039;histoire naturelle, appliqu\u00e9e aux arts, principalement \u00e0 l&#039;agriculture et \u00e0 l&#039;\u00e9conomie rurale et domestique. Par une soci\u00e9t\u00e9 de naturalistes et d&#039;agriculteurs. - Libairie Clavreuil\" \/>\n<meta property=\"og:description\" content=\"24 volumes, 8vo (198 x 117 mm) With the 8 &#039;avis au relieurs&#039; indicating the placement of the 263 engraved plates. Contemporary marbled sheep, flat spine gilt (some overall wear, small losses, occasional worm holes).\" \/>\n<meta property=\"og:url\" content=\"https:\/\/www.librairieclavreuil.com\/en\/chaptal-jean-antoine-comte-de-canteloup-nouveau-dictionnaire-dhistoire-naturelle-appliquee-aux-arts-principalement-a-lagriculture-et-a-leconomie-rurale-et-domestique-par-une-societe-de-natur\/\" \/>\n<meta property=\"og:site_name\" content=\"Libairie Clavreuil\" \/>\n<meta property=\"article:modified_time\" content=\"2026-03-07T11:09:05+00:00\" \/>\n<meta property=\"og:image\" content=\"https:\/\/www.librairieclavreuil.com\/wp-content\/uploads\/2026\/03\/jean-antoine-comte-de-canteloup-chaptal-nouveau-dictionnaire-d-histoire-naturelle-appliquee-aux-arts-principalement-a-l-agriculture-et-a-l-e-682737f089c4f.jpg\" \/>\n\t<meta property=\"og:image:width\" content=\"622\" \/>\n\t<meta property=\"og:image:height\" content=\"800\" \/>\n\t<meta property=\"og:image:type\" content=\"image\/jpeg\" \/>\n<meta name=\"twitter:card\" content=\"summary_large_image\" \/>\n<script type=\"application\/ld+json\" class=\"yoast-schema-graph\">{\"@context\":\"https:\/\/schema.org\",\"@graph\":[{\"@type\":\"WebPage\",\"@id\":\"https:\/\/www.librairieclavreuil.com\/en\/chaptal-jean-antoine-comte-de-canteloup-nouveau-dictionnaire-dhistoire-naturelle-appliquee-aux-arts-principalement-a-lagriculture-et-a-leconomie-rurale-et-domestique-par-une-societe-de-natur\/\",\"url\":\"https:\/\/www.librairieclavreuil.com\/en\/chaptal-jean-antoine-comte-de-canteloup-nouveau-dictionnaire-dhistoire-naturelle-appliquee-aux-arts-principalement-a-lagriculture-et-a-leconomie-rurale-et-domestique-par-une-societe-de-natur\/\",\"name\":\"CHAPTAL Jean-Antoine comte de Canteloup Nouveau Dictionnaire d'histoire naturelle, appliqu\u00e9e aux arts, principalement \u00e0 l'agriculture et \u00e0 l'\u00e9conomie rurale et domestique. Par une soci\u00e9t\u00e9 de naturalistes et d'agriculteurs. - Libairie Clavreuil\",\"isPartOf\":{\"@id\":\"https:\/\/www.librairieclavreuil.com\/#website\"},\"primaryImageOfPage\":{\"@id\":\"https:\/\/www.librairieclavreuil.com\/en\/chaptal-jean-antoine-comte-de-canteloup-nouveau-dictionnaire-dhistoire-naturelle-appliquee-aux-arts-principalement-a-lagriculture-et-a-leconomie-rurale-et-domestique-par-une-societe-de-natur\/#primaryimage\"},\"image\":{\"@id\":\"https:\/\/www.librairieclavreuil.com\/en\/chaptal-jean-antoine-comte-de-canteloup-nouveau-dictionnaire-dhistoire-naturelle-appliquee-aux-arts-principalement-a-lagriculture-et-a-leconomie-rurale-et-domestique-par-une-societe-de-natur\/#primaryimage\"},\"thumbnailUrl\":\"https:\/\/www.librairieclavreuil.com\/wp-content\/uploads\/2026\/03\/jean-antoine-comte-de-canteloup-chaptal-nouveau-dictionnaire-d-histoire-naturelle-appliquee-aux-arts-principalement-a-l-agriculture-et-a-l-e-682737f089c4f.jpg\",\"datePublished\":\"2026-03-07T11:01:37+00:00\",\"dateModified\":\"2026-03-07T11:09:05+00:00\",\"breadcrumb\":{\"@id\":\"https:\/\/www.librairieclavreuil.com\/en\/chaptal-jean-antoine-comte-de-canteloup-nouveau-dictionnaire-dhistoire-naturelle-appliquee-aux-arts-principalement-a-lagriculture-et-a-leconomie-rurale-et-domestique-par-une-societe-de-natur\/#breadcrumb\"},\"inLanguage\":\"en-US\",\"potentialAction\":[{\"@type\":\"ReadAction\",\"target\":[\"https:\/\/www.librairieclavreuil.com\/en\/chaptal-jean-antoine-comte-de-canteloup-nouveau-dictionnaire-dhistoire-naturelle-appliquee-aux-arts-principalement-a-lagriculture-et-a-leconomie-rurale-et-domestique-par-une-societe-de-natur\/\"]}]},{\"@type\":\"ImageObject\",\"inLanguage\":\"en-US\",\"@id\":\"https:\/\/www.librairieclavreuil.com\/en\/chaptal-jean-antoine-comte-de-canteloup-nouveau-dictionnaire-dhistoire-naturelle-appliquee-aux-arts-principalement-a-lagriculture-et-a-leconomie-rurale-et-domestique-par-une-societe-de-natur\/#primaryimage\",\"url\":\"https:\/\/www.librairieclavreuil.com\/wp-content\/uploads\/2026\/03\/jean-antoine-comte-de-canteloup-chaptal-nouveau-dictionnaire-d-histoire-naturelle-appliquee-aux-arts-principalement-a-l-agriculture-et-a-l-e-682737f089c4f.jpg\",\"contentUrl\":\"https:\/\/www.librairieclavreuil.com\/wp-content\/uploads\/2026\/03\/jean-antoine-comte-de-canteloup-chaptal-nouveau-dictionnaire-d-histoire-naturelle-appliquee-aux-arts-principalement-a-l-agriculture-et-a-l-e-682737f089c4f.jpg\",\"width\":622,\"height\":800},{\"@type\":\"BreadcrumbList\",\"@id\":\"https:\/\/www.librairieclavreuil.com\/en\/chaptal-jean-antoine-comte-de-canteloup-nouveau-dictionnaire-dhistoire-naturelle-appliquee-aux-arts-principalement-a-lagriculture-et-a-leconomie-rurale-et-domestique-par-une-societe-de-natur\/#breadcrumb\",\"itemListElement\":[{\"@type\":\"ListItem\",\"position\":1,\"name\":\"Accueil\",\"item\":\"https:\/\/www.librairieclavreuil.com\/\"},{\"@type\":\"ListItem\",\"position\":2,\"name\":\"All our books\",\"item\":\"https:\/\/www.librairieclavreuil.com\/en\/all-our-books\/\"},{\"@type\":\"ListItem\",\"position\":3,\"name\":\"CHAPTAL Jean-Antoine comte de Canteloup Nouveau Dictionnaire d&rsquo;histoire...\"}]},{\"@type\":\"WebSite\",\"@id\":\"https:\/\/www.librairieclavreuil.com\/#website\",\"url\":\"https:\/\/www.librairieclavreuil.com\/\",\"name\":\"Libairie Clavreuil\",\"description\":\"Livres anciens, manuscrits rares et \u00e9ditions originales \u2013 Librairie Clavreuil\",\"publisher\":{\"@id\":\"https:\/\/www.librairieclavreuil.com\/#organization\"},\"potentialAction\":[{\"@type\":\"SearchAction\",\"target\":{\"@type\":\"EntryPoint\",\"urlTemplate\":\"https:\/\/www.librairieclavreuil.com\/?s={search_term_string}\"},\"query-input\":{\"@type\":\"PropertyValueSpecification\",\"valueRequired\":true,\"valueName\":\"search_term_string\"}}],\"inLanguage\":\"en-US\"},{\"@type\":\"Organization\",\"@id\":\"https:\/\/www.librairieclavreuil.com\/#organization\",\"name\":\"Libairie Clavreuil\",\"url\":\"https:\/\/www.librairieclavreuil.com\/\",\"logo\":{\"@type\":\"ImageObject\",\"inLanguage\":\"en-US\",\"@id\":\"https:\/\/www.librairieclavreuil.com\/#\/schema\/logo\/image\/\",\"url\":\"https:\/\/www.librairieclavreuil.com\/wp-content\/uploads\/2021\/06\/cropped-LOGO_PNG_DATE-_gold-512x512-1.png\",\"contentUrl\":\"https:\/\/www.librairieclavreuil.com\/wp-content\/uploads\/2021\/06\/cropped-LOGO_PNG_DATE-_gold-512x512-1.png\",\"width\":512,\"height\":512,\"caption\":\"Libairie Clavreuil\"},\"image\":{\"@id\":\"https:\/\/www.librairieclavreuil.com\/#\/schema\/logo\/image\/\"},\"sameAs\":[\"https:\/\/www.instagram.com\/librairieclavreuil\/\"]}]}<\/script>\n<!-- \/ Yoast SEO plugin. -->","yoast_head_json":{"title":"CHAPTAL Jean-Antoine comte de Canteloup Nouveau Dictionnaire d'histoire naturelle, appliqu\u00e9e aux arts, principalement \u00e0 l'agriculture et \u00e0 l'\u00e9conomie rurale et domestique. Par une soci\u00e9t\u00e9 de naturalistes et d'agriculteurs. - Libairie Clavreuil","robots":{"index":"index","follow":"follow","max-snippet":"max-snippet:-1","max-image-preview":"max-image-preview:large","max-video-preview":"max-video-preview:-1"},"canonical":"https:\/\/www.librairieclavreuil.com\/en\/chaptal-jean-antoine-comte-de-canteloup-nouveau-dictionnaire-dhistoire-naturelle-appliquee-aux-arts-principalement-a-lagriculture-et-a-leconomie-rurale-et-domestique-par-une-societe-de-natur\/","og_locale":"en_US","og_type":"article","og_title":"CHAPTAL Jean-Antoine comte de Canteloup Nouveau Dictionnaire d'histoire naturelle, appliqu\u00e9e aux arts, principalement \u00e0 l'agriculture et \u00e0 l'\u00e9conomie rurale et domestique. Par une soci\u00e9t\u00e9 de naturalistes et d'agriculteurs. - Libairie Clavreuil","og_description":"24 volumes, 8vo (198 x 117 mm) With the 8 'avis au relieurs' indicating the placement of the 263 engraved plates. Contemporary marbled sheep, flat spine gilt (some overall wear, small losses, occasional worm holes).","og_url":"https:\/\/www.librairieclavreuil.com\/en\/chaptal-jean-antoine-comte-de-canteloup-nouveau-dictionnaire-dhistoire-naturelle-appliquee-aux-arts-principalement-a-lagriculture-et-a-leconomie-rurale-et-domestique-par-une-societe-de-natur\/","og_site_name":"Libairie Clavreuil","article_modified_time":"2026-03-07T11:09:05+00:00","og_image":[{"width":622,"height":800,"url":"https:\/\/www.librairieclavreuil.com\/wp-content\/uploads\/2026\/03\/jean-antoine-comte-de-canteloup-chaptal-nouveau-dictionnaire-d-histoire-naturelle-appliquee-aux-arts-principalement-a-l-agriculture-et-a-l-e-682737f089c4f.jpg","type":"image\/jpeg"}],"twitter_card":"summary_large_image","schema":{"@context":"https:\/\/schema.org","@graph":[{"@type":"WebPage","@id":"https:\/\/www.librairieclavreuil.com\/en\/chaptal-jean-antoine-comte-de-canteloup-nouveau-dictionnaire-dhistoire-naturelle-appliquee-aux-arts-principalement-a-lagriculture-et-a-leconomie-rurale-et-domestique-par-une-societe-de-natur\/","url":"https:\/\/www.librairieclavreuil.com\/en\/chaptal-jean-antoine-comte-de-canteloup-nouveau-dictionnaire-dhistoire-naturelle-appliquee-aux-arts-principalement-a-lagriculture-et-a-leconomie-rurale-et-domestique-par-une-societe-de-natur\/","name":"CHAPTAL Jean-Antoine comte de Canteloup Nouveau Dictionnaire d'histoire naturelle, appliqu\u00e9e aux arts, principalement \u00e0 l'agriculture et \u00e0 l'\u00e9conomie rurale et domestique. Par une soci\u00e9t\u00e9 de naturalistes et d'agriculteurs. - Libairie Clavreuil","isPartOf":{"@id":"https:\/\/www.librairieclavreuil.com\/#website"},"primaryImageOfPage":{"@id":"https:\/\/www.librairieclavreuil.com\/en\/chaptal-jean-antoine-comte-de-canteloup-nouveau-dictionnaire-dhistoire-naturelle-appliquee-aux-arts-principalement-a-lagriculture-et-a-leconomie-rurale-et-domestique-par-une-societe-de-natur\/#primaryimage"},"image":{"@id":"https:\/\/www.librairieclavreuil.com\/en\/chaptal-jean-antoine-comte-de-canteloup-nouveau-dictionnaire-dhistoire-naturelle-appliquee-aux-arts-principalement-a-lagriculture-et-a-leconomie-rurale-et-domestique-par-une-societe-de-natur\/#primaryimage"},"thumbnailUrl":"https:\/\/www.librairieclavreuil.com\/wp-content\/uploads\/2026\/03\/jean-antoine-comte-de-canteloup-chaptal-nouveau-dictionnaire-d-histoire-naturelle-appliquee-aux-arts-principalement-a-l-agriculture-et-a-l-e-682737f089c4f.jpg","datePublished":"2026-03-07T11:01:37+00:00","dateModified":"2026-03-07T11:09:05+00:00","breadcrumb":{"@id":"https:\/\/www.librairieclavreuil.com\/en\/chaptal-jean-antoine-comte-de-canteloup-nouveau-dictionnaire-dhistoire-naturelle-appliquee-aux-arts-principalement-a-lagriculture-et-a-leconomie-rurale-et-domestique-par-une-societe-de-natur\/#breadcrumb"},"inLanguage":"en-US","potentialAction":[{"@type":"ReadAction","target":["https:\/\/www.librairieclavreuil.com\/en\/chaptal-jean-antoine-comte-de-canteloup-nouveau-dictionnaire-dhistoire-naturelle-appliquee-aux-arts-principalement-a-lagriculture-et-a-leconomie-rurale-et-domestique-par-une-societe-de-natur\/"]}]},{"@type":"ImageObject","inLanguage":"en-US","@id":"https:\/\/www.librairieclavreuil.com\/en\/chaptal-jean-antoine-comte-de-canteloup-nouveau-dictionnaire-dhistoire-naturelle-appliquee-aux-arts-principalement-a-lagriculture-et-a-leconomie-rurale-et-domestique-par-une-societe-de-natur\/#primaryimage","url":"https:\/\/www.librairieclavreuil.com\/wp-content\/uploads\/2026\/03\/jean-antoine-comte-de-canteloup-chaptal-nouveau-dictionnaire-d-histoire-naturelle-appliquee-aux-arts-principalement-a-l-agriculture-et-a-l-e-682737f089c4f.jpg","contentUrl":"https:\/\/www.librairieclavreuil.com\/wp-content\/uploads\/2026\/03\/jean-antoine-comte-de-canteloup-chaptal-nouveau-dictionnaire-d-histoire-naturelle-appliquee-aux-arts-principalement-a-l-agriculture-et-a-l-e-682737f089c4f.jpg","width":622,"height":800},{"@type":"BreadcrumbList","@id":"https:\/\/www.librairieclavreuil.com\/en\/chaptal-jean-antoine-comte-de-canteloup-nouveau-dictionnaire-dhistoire-naturelle-appliquee-aux-arts-principalement-a-lagriculture-et-a-leconomie-rurale-et-domestique-par-une-societe-de-natur\/#breadcrumb","itemListElement":[{"@type":"ListItem","position":1,"name":"Accueil","item":"https:\/\/www.librairieclavreuil.com\/"},{"@type":"ListItem","position":2,"name":"All our books","item":"https:\/\/www.librairieclavreuil.com\/en\/all-our-books\/"},{"@type":"ListItem","position":3,"name":"CHAPTAL Jean-Antoine comte de Canteloup Nouveau Dictionnaire d&rsquo;histoire..."}]},{"@type":"WebSite","@id":"https:\/\/www.librairieclavreuil.com\/#website","url":"https:\/\/www.librairieclavreuil.com\/","name":"Libairie Clavreuil","description":"Livres anciens, manuscrits rares et \u00e9ditions originales \u2013 Librairie Clavreuil","publisher":{"@id":"https:\/\/www.librairieclavreuil.com\/#organization"},"potentialAction":[{"@type":"SearchAction","target":{"@type":"EntryPoint","urlTemplate":"https:\/\/www.librairieclavreuil.com\/?s={search_term_string}"},"query-input":{"@type":"PropertyValueSpecification","valueRequired":true,"valueName":"search_term_string"}}],"inLanguage":"en-US"},{"@type":"Organization","@id":"https:\/\/www.librairieclavreuil.com\/#organization","name":"Libairie Clavreuil","url":"https:\/\/www.librairieclavreuil.com\/","logo":{"@type":"ImageObject","inLanguage":"en-US","@id":"https:\/\/www.librairieclavreuil.com\/#\/schema\/logo\/image\/","url":"https:\/\/www.librairieclavreuil.com\/wp-content\/uploads\/2021\/06\/cropped-LOGO_PNG_DATE-_gold-512x512-1.png","contentUrl":"https:\/\/www.librairieclavreuil.com\/wp-content\/uploads\/2021\/06\/cropped-LOGO_PNG_DATE-_gold-512x512-1.png","width":512,"height":512,"caption":"Libairie Clavreuil"},"image":{"@id":"https:\/\/www.librairieclavreuil.com\/#\/schema\/logo\/image\/"},"sameAs":["https:\/\/www.instagram.com\/librairieclavreuil\/"]}]}},"jetpack_sharing_enabled":true,"_links":{"self":[{"href":"https:\/\/www.librairieclavreuil.com\/en\/wp-json\/wp\/v2\/product\/89385","targetHints":{"allow":["GET"]}}],"collection":[{"href":"https:\/\/www.librairieclavreuil.com\/en\/wp-json\/wp\/v2\/product"}],"about":[{"href":"https:\/\/www.librairieclavreuil.com\/en\/wp-json\/wp\/v2\/types\/product"}],"replies":[{"embeddable":true,"href":"https:\/\/www.librairieclavreuil.com\/en\/wp-json\/wp\/v2\/comments?post=89385"}],"wp:featuredmedia":[{"embeddable":true,"href":"https:\/\/www.librairieclavreuil.com\/en\/wp-json\/wp\/v2\/media\/89372"}],"wp:attachment":[{"href":"https:\/\/www.librairieclavreuil.com\/en\/wp-json\/wp\/v2\/media?parent=89385"}],"wp:term":[{"taxonomy":"product_brand","embeddable":true,"href":"https:\/\/www.librairieclavreuil.com\/en\/wp-json\/wp\/v2\/product_brand?post=89385"},{"taxonomy":"product_cat","embeddable":true,"href":"https:\/\/www.librairieclavreuil.com\/en\/wp-json\/wp\/v2\/product_cat?post=89385"},{"taxonomy":"product_tag","embeddable":true,"href":"https:\/\/www.librairieclavreuil.com\/en\/wp-json\/wp\/v2\/product_tag?post=89385"}],"curies":[{"name":"wp","href":"https:\/\/api.w.org\/{rel}","templated":true}]}}