{"id":89316,"date":"2026-01-17T15:30:51","date_gmt":"2026-01-17T14:30:51","guid":{"rendered":"https:\/\/www.librairieclavreuil.com\/langles-louis-mathieu-collection-portative-de-voyage-traduits-de-differentes-langues-orientales-et-europeennes\/"},"modified":"2026-01-17T15:30:56","modified_gmt":"2026-01-17T14:30:56","slug":"langles-louis-mathieu-collection-portative-de-voyage-traduits-de-differentes-langues-orientales-et-europeennes","status":"publish","type":"product","link":"https:\/\/www.librairieclavreuil.com\/en\/langles-louis-mathieu-collection-portative-de-voyage-traduits-de-differentes-langues-orientales-et-europeennes\/","title":{"rendered":"LANGLES Louis-Mathieu Collection Portative de Voyage traduits de..."},"content":{"rendered":"<p style=\"text-align:justify\"><i>Brunet III&nbsp; 820; Cohen, 597 ; Gay 3631.<\/i><\/p>\n<p style=\"text-align:justify\"><span style=\"font-variant:small-caps\">First edition of this collection of four travels. Extremely rare with the sixth volume.<\/span><\/p>\n<p style=\"text-align:justify\">The collection consists of:<\/p>\n<p style=\"text-align:justify\">&#8211; Voyage de l&#8217;Inde \u00e0 la Mekke, par A&#8217;bdo\u00fbl-K\u00e9rym, favori de Tahmas-Qouly-Kh\u00e2n, extrait et traduit de la version anglaise de ses m\u00e9moires, avec des notes g\u00e9ographiques, litt\u00e9raires etc. <i>Paris, Imprimerie de Crapelet<\/i>, <i>An V- 1797,&nbsp;<\/i> in 1 volume.<\/p>\n<p style=\"text-align:justify\">&nbsp;&#8211; Voyage de la Perse dans l&#8217;Inde et du Bengale en Perse, le premier traduit du persan, le second de l&#8217;anglais. <i>Paris, Imprimerie de Crapelet, An VI<\/i>, in 2 volumes.<\/p>\n<p style=\"text-align:justify\">-Voyage Pittoresque de l&#8217;Inde, faits dans les ann\u00e9es 1780-1783, par W. Hoges<i>, Paris, Imprimerie de Delance, An XVIII -1805 <\/i>in 2 volumes<\/p>\n<p style=\"text-align:justify\">-Voyage chez les Mahrattes, par Feu M. Tone, colonel d\u2019un r\u00e9giment d\u2019infanterie Maharatte, Traduit de l&#8217;anglais par M. M-L., et publi\u00e9 avec des notes sur l&#8217;histoire, le gouvernement, les m\u0153urs et usages des Mahrattes, R\u00e9dig\u00e9es en forme de Glossaire, <i>Paris, Imprimerie d\u2019\u00c9verat, 1820<\/i>, in 1 volume.<\/p>\n<p style=\"text-align:justify\">Louis-Mathieu Langl\u00e8s (1763-1824) was a French orientalist, collector, friend of Antoine Isaac Silvester de Sacy, and teacher of Amable Jourdain. He helped found the \u00c9cole sp\u00e9ciale des langues orientales vivantes in Paris in 1795, which replaced the \u00c9cole des langues orientales. This school was unique in Europe because it offered instruction based on spoken Oriental languages rather than classical ones. Langl\u00e8s was appointed to the chair of Persian at this institution. He was also curator of Oriental manuscripts at the Biblioth\u00e8que Imp\u00e9riale, later to become the Biblioth\u00e8que Nationale, from 1792 until his death in 1824.<\/p>\n<p style=\"text-align:justify\">These volumes contain not only Langl\u00e8s&#8217; translations of various accounts of travels in the Orient, but also his valuable annotations. The first is the pilgrimage of Abd al-Karim ibn Aqibat ibn Muhammed Bulaqi al-Kashmiri to Mecca, which was translated into English by Francis Gladwin in 1788.<\/p>\n<p style=\"text-align:justify\">The second volume contains Langles&#8217; translation of the account of Abd al-Razaq, who was sent as ambassador to India by Shah Rukh, one of Tamburlane&#8217;s sons, in the mid-15th century, as well as the memoirs of William Franklin, who travelled in the service of the East India Company from Bengal to Shiraz in 1787 and 1788.<\/p>\n<p style=\"text-align:justify\">The third volume consists mainly of a translation of the travels in India of the landscape painter William Hodges in the early 1780s and some particularly beautiful plates.<\/p>\n<p style=\"text-align:justify\">The fourth volume consists of Langl\u00e8s&#8217;s translation of Tone&#8217;s Letters. William Henry Tone joined the East India Company in 1792.<br \/>In 1796, he entered the service of the Marathas, under the command of the Peshwa in Poona, before being killed in 1802 during military action near the town of Choli Maheshwar. Between 1796 and 1797, Tone sent a memorandum entitled \u2018Some Institutions of the Mahratta People\u2019 and three letters dated 18 June, 3 September and 19 December 1796 to Captain Malcolm of the British settlement in Madras. These documents contain first-hand observations of events among the Marathas in 1796 and 1797. They were published by the Courier Press in Bombay in 1798 and again in London the same year.<\/p>\n<p style=\"text-align:justify\">A charming copy of this rare set, with the sixth volume published 15 years after the fifth volume in the collection.<\/p>\n<p style=\"text-align:justify\">Traces of a removed bookplate on the verso of the first board of the volumes, a tear in the white margin of page XXV of volume 1, a tear in the text without any missing material on page 115 of volume II, a tear in the text without any missing material on page 143 of volume IV.<\/p>\n","protected":false},"excerpt":{"rendered":"<p style=\"text-align:justify\">6 volumes in-16 (126 x 79 mm) of XXXII pp., 246 pp. and 2 engraved plates for volume I; CXXXI pp., 142 pp. 1 plate used as a frontispi\u00e8ce, for volume II; 2 unn.ll.(half-title, title), 286 pp., then pages 265 to 270 (catalogue), 1 engraved plate for volume III; 2 unn.ll. (half-title, title), XXVII pp., 222 pp. for volume IV; 2 unn.l. (half-title, title), 214 pp., 1 b.l., pp. 215 to 252, 14 folding plates for volume V and 2 unn. ll. (half-title, title), XXIV pp, 350 pp, 1 coloured engraved plate for volume VI. Long-grain red morocco, flat spines gilt, covers framed with gilt ornamentation, gilt edges (<i>contemporary bindings<\/i>).<\/p>\n","protected":false},"featured_media":89305,"comment_status":"open","ping_status":"closed","template":"","meta":{"_acf_changed":false},"product_brand":[],"product_cat":[552],"product_tag":[1240,1450,1384,1400],"class_list":{"0":"post-89316","1":"product","2":"type-product","3":"status-publish","4":"has-post-thumbnail","6":"product_cat-travel","7":"product_tag-18th-century-illustrations","8":"product_tag-first-edition","9":"product_tag-india","10":"product_tag-persia","11":"pa_auteur-langles-louis-mathieu-2","12":"pa_type-de-livre-printed-book","14":"first","15":"outofstock","16":"shipping-taxable","17":"purchasable","18":"product-type-simple"},"acf":{"artist":"Louis-Mathieu LANGLES","chapeau":"","adresse_bibliographique":"Paris, Imprimerie de  Crapelet, An V- 1797 \u00e0 1820","book_type":"Printed book","provenance":"","afficher_prix":""},"yoast_head":"<!-- This site is optimized with the Yoast SEO plugin v24.7 - https:\/\/yoast.com\/wordpress\/plugins\/seo\/ -->\n<title>LANGLES Louis-Mathieu Collection Portative de Voyage traduits de diff\u00e9rentes langues orientales et europ\u00e9ennes. - Libairie Clavreuil<\/title>\n<meta name=\"robots\" content=\"index, follow, max-snippet:-1, max-image-preview:large, max-video-preview:-1\" \/>\n<link rel=\"canonical\" href=\"https:\/\/www.librairieclavreuil.com\/en\/langles-louis-mathieu-collection-portative-de-voyage-traduits-de-differentes-langues-orientales-et-europeennes\/\" \/>\n<meta property=\"og:locale\" content=\"en_US\" \/>\n<meta property=\"og:type\" content=\"article\" \/>\n<meta property=\"og:title\" content=\"LANGLES Louis-Mathieu Collection Portative de Voyage traduits de diff\u00e9rentes langues orientales et europ\u00e9ennes. - Libairie Clavreuil\" \/>\n<meta property=\"og:description\" content=\"6 volumes in-16 (126 x 79 mm) of XXXII pp., 246 pp. and 2 engraved plates for volume I; CXXXI pp., 142 pp. 1 plate used as a frontispi\u00e8ce, for volume II; 2 unn.ll.(half-title, title), 286 pp., then pages 265 to 270 (catalogue), 1 engraved plate for volume III; 2 unn.ll. (half-title, title), XXVII pp., 222 pp. for volume IV; 2 unn.l. (half-title, title), 214 pp., 1 b.l., pp. 215 to 252, 14 folding plates for volume V and 2 unn. ll. (half-title, title), XXIV pp, 350 pp, 1 coloured engraved plate for volume VI. Long-grain red morocco, flat spines gilt, covers framed with gilt ornamentation, gilt edges (contemporary bindings).\" \/>\n<meta property=\"og:url\" content=\"https:\/\/www.librairieclavreuil.com\/en\/langles-louis-mathieu-collection-portative-de-voyage-traduits-de-differentes-langues-orientales-et-europeennes\/\" \/>\n<meta property=\"og:site_name\" content=\"Libairie Clavreuil\" \/>\n<meta property=\"article:modified_time\" content=\"2026-01-17T14:30:56+00:00\" \/>\n<meta property=\"og:image\" content=\"https:\/\/www.librairieclavreuil.com\/wp-content\/uploads\/2026\/01\/louis-mathieu-langles-voyage-de-l-inde-a-la-mekke-par-a-bdoul-kerym-favori-de-tahmas-qouly-khan-extrait-et-traduit-de-la-version-anglaise-de-694ad8b0367b8.jpg\" \/>\n\t<meta property=\"og:image:width\" content=\"622\" \/>\n\t<meta property=\"og:image:height\" content=\"800\" \/>\n\t<meta property=\"og:image:type\" content=\"image\/jpeg\" \/>\n<meta name=\"twitter:card\" content=\"summary_large_image\" \/>\n<meta name=\"twitter:label1\" content=\"Est. reading time\" \/>\n\t<meta name=\"twitter:data1\" content=\"3 minutes\" \/>\n<script type=\"application\/ld+json\" class=\"yoast-schema-graph\">{\"@context\":\"https:\/\/schema.org\",\"@graph\":[{\"@type\":\"WebPage\",\"@id\":\"https:\/\/www.librairieclavreuil.com\/en\/langles-louis-mathieu-collection-portative-de-voyage-traduits-de-differentes-langues-orientales-et-europeennes\/\",\"url\":\"https:\/\/www.librairieclavreuil.com\/en\/langles-louis-mathieu-collection-portative-de-voyage-traduits-de-differentes-langues-orientales-et-europeennes\/\",\"name\":\"LANGLES Louis-Mathieu Collection Portative de Voyage traduits de diff\u00e9rentes langues orientales et europ\u00e9ennes. - Libairie Clavreuil\",\"isPartOf\":{\"@id\":\"https:\/\/www.librairieclavreuil.com\/#website\"},\"primaryImageOfPage\":{\"@id\":\"https:\/\/www.librairieclavreuil.com\/en\/langles-louis-mathieu-collection-portative-de-voyage-traduits-de-differentes-langues-orientales-et-europeennes\/#primaryimage\"},\"image\":{\"@id\":\"https:\/\/www.librairieclavreuil.com\/en\/langles-louis-mathieu-collection-portative-de-voyage-traduits-de-differentes-langues-orientales-et-europeennes\/#primaryimage\"},\"thumbnailUrl\":\"https:\/\/www.librairieclavreuil.com\/wp-content\/uploads\/2026\/01\/louis-mathieu-langles-voyage-de-l-inde-a-la-mekke-par-a-bdoul-kerym-favori-de-tahmas-qouly-khan-extrait-et-traduit-de-la-version-anglaise-de-694ad8b0367b8.jpg\",\"datePublished\":\"2026-01-17T14:30:51+00:00\",\"dateModified\":\"2026-01-17T14:30:56+00:00\",\"breadcrumb\":{\"@id\":\"https:\/\/www.librairieclavreuil.com\/en\/langles-louis-mathieu-collection-portative-de-voyage-traduits-de-differentes-langues-orientales-et-europeennes\/#breadcrumb\"},\"inLanguage\":\"en-US\",\"potentialAction\":[{\"@type\":\"ReadAction\",\"target\":[\"https:\/\/www.librairieclavreuil.com\/en\/langles-louis-mathieu-collection-portative-de-voyage-traduits-de-differentes-langues-orientales-et-europeennes\/\"]}]},{\"@type\":\"ImageObject\",\"inLanguage\":\"en-US\",\"@id\":\"https:\/\/www.librairieclavreuil.com\/en\/langles-louis-mathieu-collection-portative-de-voyage-traduits-de-differentes-langues-orientales-et-europeennes\/#primaryimage\",\"url\":\"https:\/\/www.librairieclavreuil.com\/wp-content\/uploads\/2026\/01\/louis-mathieu-langles-voyage-de-l-inde-a-la-mekke-par-a-bdoul-kerym-favori-de-tahmas-qouly-khan-extrait-et-traduit-de-la-version-anglaise-de-694ad8b0367b8.jpg\",\"contentUrl\":\"https:\/\/www.librairieclavreuil.com\/wp-content\/uploads\/2026\/01\/louis-mathieu-langles-voyage-de-l-inde-a-la-mekke-par-a-bdoul-kerym-favori-de-tahmas-qouly-khan-extrait-et-traduit-de-la-version-anglaise-de-694ad8b0367b8.jpg\",\"width\":622,\"height\":800},{\"@type\":\"BreadcrumbList\",\"@id\":\"https:\/\/www.librairieclavreuil.com\/en\/langles-louis-mathieu-collection-portative-de-voyage-traduits-de-differentes-langues-orientales-et-europeennes\/#breadcrumb\",\"itemListElement\":[{\"@type\":\"ListItem\",\"position\":1,\"name\":\"Accueil\",\"item\":\"https:\/\/www.librairieclavreuil.com\/\"},{\"@type\":\"ListItem\",\"position\":2,\"name\":\"All our books\",\"item\":\"https:\/\/www.librairieclavreuil.com\/en\/all-our-books\/\"},{\"@type\":\"ListItem\",\"position\":3,\"name\":\"LANGLES Louis-Mathieu Collection Portative de Voyage traduits de...\"}]},{\"@type\":\"WebSite\",\"@id\":\"https:\/\/www.librairieclavreuil.com\/#website\",\"url\":\"https:\/\/www.librairieclavreuil.com\/\",\"name\":\"Libairie Clavreuil\",\"description\":\"Livres anciens, manuscrits rares et \u00e9ditions originales \u2013 Librairie Clavreuil\",\"publisher\":{\"@id\":\"https:\/\/www.librairieclavreuil.com\/#organization\"},\"potentialAction\":[{\"@type\":\"SearchAction\",\"target\":{\"@type\":\"EntryPoint\",\"urlTemplate\":\"https:\/\/www.librairieclavreuil.com\/?s={search_term_string}\"},\"query-input\":{\"@type\":\"PropertyValueSpecification\",\"valueRequired\":true,\"valueName\":\"search_term_string\"}}],\"inLanguage\":\"en-US\"},{\"@type\":\"Organization\",\"@id\":\"https:\/\/www.librairieclavreuil.com\/#organization\",\"name\":\"Libairie Clavreuil\",\"url\":\"https:\/\/www.librairieclavreuil.com\/\",\"logo\":{\"@type\":\"ImageObject\",\"inLanguage\":\"en-US\",\"@id\":\"https:\/\/www.librairieclavreuil.com\/#\/schema\/logo\/image\/\",\"url\":\"https:\/\/www.librairieclavreuil.com\/wp-content\/uploads\/2021\/06\/cropped-LOGO_PNG_DATE-_gold-512x512-1.png\",\"contentUrl\":\"https:\/\/www.librairieclavreuil.com\/wp-content\/uploads\/2021\/06\/cropped-LOGO_PNG_DATE-_gold-512x512-1.png\",\"width\":512,\"height\":512,\"caption\":\"Libairie Clavreuil\"},\"image\":{\"@id\":\"https:\/\/www.librairieclavreuil.com\/#\/schema\/logo\/image\/\"},\"sameAs\":[\"https:\/\/www.instagram.com\/librairieclavreuil\/\"]}]}<\/script>\n<!-- \/ Yoast SEO plugin. -->","yoast_head_json":{"title":"LANGLES Louis-Mathieu Collection Portative de Voyage traduits de diff\u00e9rentes langues orientales et europ\u00e9ennes. - Libairie Clavreuil","robots":{"index":"index","follow":"follow","max-snippet":"max-snippet:-1","max-image-preview":"max-image-preview:large","max-video-preview":"max-video-preview:-1"},"canonical":"https:\/\/www.librairieclavreuil.com\/en\/langles-louis-mathieu-collection-portative-de-voyage-traduits-de-differentes-langues-orientales-et-europeennes\/","og_locale":"en_US","og_type":"article","og_title":"LANGLES Louis-Mathieu Collection Portative de Voyage traduits de diff\u00e9rentes langues orientales et europ\u00e9ennes. - Libairie Clavreuil","og_description":"6 volumes in-16 (126 x 79 mm) of XXXII pp., 246 pp. and 2 engraved plates for volume I; CXXXI pp., 142 pp. 1 plate used as a frontispi\u00e8ce, for volume II; 2 unn.ll.(half-title, title), 286 pp., then pages 265 to 270 (catalogue), 1 engraved plate for volume III; 2 unn.ll. (half-title, title), XXVII pp., 222 pp. for volume IV; 2 unn.l. (half-title, title), 214 pp., 1 b.l., pp. 215 to 252, 14 folding plates for volume V and 2 unn. ll. (half-title, title), XXIV pp, 350 pp, 1 coloured engraved plate for volume VI. Long-grain red morocco, flat spines gilt, covers framed with gilt ornamentation, gilt edges (contemporary bindings).","og_url":"https:\/\/www.librairieclavreuil.com\/en\/langles-louis-mathieu-collection-portative-de-voyage-traduits-de-differentes-langues-orientales-et-europeennes\/","og_site_name":"Libairie Clavreuil","article_modified_time":"2026-01-17T14:30:56+00:00","og_image":[{"width":622,"height":800,"url":"https:\/\/www.librairieclavreuil.com\/wp-content\/uploads\/2026\/01\/louis-mathieu-langles-voyage-de-l-inde-a-la-mekke-par-a-bdoul-kerym-favori-de-tahmas-qouly-khan-extrait-et-traduit-de-la-version-anglaise-de-694ad8b0367b8.jpg","type":"image\/jpeg"}],"twitter_card":"summary_large_image","twitter_misc":{"Est. reading time":"3 minutes"},"schema":{"@context":"https:\/\/schema.org","@graph":[{"@type":"WebPage","@id":"https:\/\/www.librairieclavreuil.com\/en\/langles-louis-mathieu-collection-portative-de-voyage-traduits-de-differentes-langues-orientales-et-europeennes\/","url":"https:\/\/www.librairieclavreuil.com\/en\/langles-louis-mathieu-collection-portative-de-voyage-traduits-de-differentes-langues-orientales-et-europeennes\/","name":"LANGLES Louis-Mathieu Collection Portative de Voyage traduits de diff\u00e9rentes langues orientales et europ\u00e9ennes. - Libairie Clavreuil","isPartOf":{"@id":"https:\/\/www.librairieclavreuil.com\/#website"},"primaryImageOfPage":{"@id":"https:\/\/www.librairieclavreuil.com\/en\/langles-louis-mathieu-collection-portative-de-voyage-traduits-de-differentes-langues-orientales-et-europeennes\/#primaryimage"},"image":{"@id":"https:\/\/www.librairieclavreuil.com\/en\/langles-louis-mathieu-collection-portative-de-voyage-traduits-de-differentes-langues-orientales-et-europeennes\/#primaryimage"},"thumbnailUrl":"https:\/\/www.librairieclavreuil.com\/wp-content\/uploads\/2026\/01\/louis-mathieu-langles-voyage-de-l-inde-a-la-mekke-par-a-bdoul-kerym-favori-de-tahmas-qouly-khan-extrait-et-traduit-de-la-version-anglaise-de-694ad8b0367b8.jpg","datePublished":"2026-01-17T14:30:51+00:00","dateModified":"2026-01-17T14:30:56+00:00","breadcrumb":{"@id":"https:\/\/www.librairieclavreuil.com\/en\/langles-louis-mathieu-collection-portative-de-voyage-traduits-de-differentes-langues-orientales-et-europeennes\/#breadcrumb"},"inLanguage":"en-US","potentialAction":[{"@type":"ReadAction","target":["https:\/\/www.librairieclavreuil.com\/en\/langles-louis-mathieu-collection-portative-de-voyage-traduits-de-differentes-langues-orientales-et-europeennes\/"]}]},{"@type":"ImageObject","inLanguage":"en-US","@id":"https:\/\/www.librairieclavreuil.com\/en\/langles-louis-mathieu-collection-portative-de-voyage-traduits-de-differentes-langues-orientales-et-europeennes\/#primaryimage","url":"https:\/\/www.librairieclavreuil.com\/wp-content\/uploads\/2026\/01\/louis-mathieu-langles-voyage-de-l-inde-a-la-mekke-par-a-bdoul-kerym-favori-de-tahmas-qouly-khan-extrait-et-traduit-de-la-version-anglaise-de-694ad8b0367b8.jpg","contentUrl":"https:\/\/www.librairieclavreuil.com\/wp-content\/uploads\/2026\/01\/louis-mathieu-langles-voyage-de-l-inde-a-la-mekke-par-a-bdoul-kerym-favori-de-tahmas-qouly-khan-extrait-et-traduit-de-la-version-anglaise-de-694ad8b0367b8.jpg","width":622,"height":800},{"@type":"BreadcrumbList","@id":"https:\/\/www.librairieclavreuil.com\/en\/langles-louis-mathieu-collection-portative-de-voyage-traduits-de-differentes-langues-orientales-et-europeennes\/#breadcrumb","itemListElement":[{"@type":"ListItem","position":1,"name":"Accueil","item":"https:\/\/www.librairieclavreuil.com\/"},{"@type":"ListItem","position":2,"name":"All our books","item":"https:\/\/www.librairieclavreuil.com\/en\/all-our-books\/"},{"@type":"ListItem","position":3,"name":"LANGLES Louis-Mathieu Collection Portative de Voyage traduits de..."}]},{"@type":"WebSite","@id":"https:\/\/www.librairieclavreuil.com\/#website","url":"https:\/\/www.librairieclavreuil.com\/","name":"Libairie Clavreuil","description":"Livres anciens, manuscrits rares et \u00e9ditions originales \u2013 Librairie Clavreuil","publisher":{"@id":"https:\/\/www.librairieclavreuil.com\/#organization"},"potentialAction":[{"@type":"SearchAction","target":{"@type":"EntryPoint","urlTemplate":"https:\/\/www.librairieclavreuil.com\/?s={search_term_string}"},"query-input":{"@type":"PropertyValueSpecification","valueRequired":true,"valueName":"search_term_string"}}],"inLanguage":"en-US"},{"@type":"Organization","@id":"https:\/\/www.librairieclavreuil.com\/#organization","name":"Libairie Clavreuil","url":"https:\/\/www.librairieclavreuil.com\/","logo":{"@type":"ImageObject","inLanguage":"en-US","@id":"https:\/\/www.librairieclavreuil.com\/#\/schema\/logo\/image\/","url":"https:\/\/www.librairieclavreuil.com\/wp-content\/uploads\/2021\/06\/cropped-LOGO_PNG_DATE-_gold-512x512-1.png","contentUrl":"https:\/\/www.librairieclavreuil.com\/wp-content\/uploads\/2021\/06\/cropped-LOGO_PNG_DATE-_gold-512x512-1.png","width":512,"height":512,"caption":"Libairie Clavreuil"},"image":{"@id":"https:\/\/www.librairieclavreuil.com\/#\/schema\/logo\/image\/"},"sameAs":["https:\/\/www.instagram.com\/librairieclavreuil\/"]}]}},"jetpack_sharing_enabled":true,"_links":{"self":[{"href":"https:\/\/www.librairieclavreuil.com\/en\/wp-json\/wp\/v2\/product\/89316","targetHints":{"allow":["GET"]}}],"collection":[{"href":"https:\/\/www.librairieclavreuil.com\/en\/wp-json\/wp\/v2\/product"}],"about":[{"href":"https:\/\/www.librairieclavreuil.com\/en\/wp-json\/wp\/v2\/types\/product"}],"replies":[{"embeddable":true,"href":"https:\/\/www.librairieclavreuil.com\/en\/wp-json\/wp\/v2\/comments?post=89316"}],"wp:featuredmedia":[{"embeddable":true,"href":"https:\/\/www.librairieclavreuil.com\/en\/wp-json\/wp\/v2\/media\/89305"}],"wp:attachment":[{"href":"https:\/\/www.librairieclavreuil.com\/en\/wp-json\/wp\/v2\/media?parent=89316"}],"wp:term":[{"taxonomy":"product_brand","embeddable":true,"href":"https:\/\/www.librairieclavreuil.com\/en\/wp-json\/wp\/v2\/product_brand?post=89316"},{"taxonomy":"product_cat","embeddable":true,"href":"https:\/\/www.librairieclavreuil.com\/en\/wp-json\/wp\/v2\/product_cat?post=89316"},{"taxonomy":"product_tag","embeddable":true,"href":"https:\/\/www.librairieclavreuil.com\/en\/wp-json\/wp\/v2\/product_tag?post=89316"}],"curies":[{"name":"wp","href":"https:\/\/api.w.org\/{rel}","templated":true}]}}