{"id":89303,"date":"2026-01-08T10:09:43","date_gmt":"2026-01-08T09:09:43","guid":{"rendered":"https:\/\/www.librairieclavreuil.com\/bory-de-saint-vincent-jean-baptiste-voyage-dans-les-quatre-principales-iles-des-mers-dafrique-fait-par-ordre-du-gouvernement-pendant-les-annees-neuf-et-dix-de-la-republique-1801-1802\/"},"modified":"2026-01-16T18:48:46","modified_gmt":"2026-01-16T17:48:46","slug":"bory-de-saint-vincent-jean-baptiste-voyage-dans-les-quatre-principales-iles-des-mers-dafrique-fait-par-ordre-du-gouvernement-pendant-les-annees-neuf-et-dix-de-la-republique-1801-1802","status":"publish","type":"product","link":"https:\/\/www.librairieclavreuil.com\/en\/bory-de-saint-vincent-jean-baptiste-voyage-dans-les-quatre-principales-iles-des-mers-dafrique-fait-par-ordre-du-gouvernement-pendant-les-annees-neuf-et-dix-de-la-republique-1801-1802\/","title":{"rendered":"BORY DE SAINT VINCENT Jean-Baptiste Voyage dans les..."},"content":{"rendered":"<p style=\"text-align:justify\"><span style=\"font-variant:small-caps\">First edition, rare with the complete atlas of 58 maps and plates, including one in color, engraved by Adam, Blondeau, Fortier, Dorgez, and B. Tardieu based on the author&#8217;s drawings.<\/span><\/p>\n<p style=\"text-align:justify\">It was thanks to the recommendation of Agen Bernard-Germain de Lac\u00e9p\u00e8de that Jean-Baptiste Bory de Saint-Vincent (1780-1846) was hired as a naturalist on Baudin&#8217;s second expedition to the southern lands. The two corvettes, Le G\u00e9ographe and Le Naturaliste, set sail in October 1800 and circumnavigated the coast of Africa. During a stopover on \u00cele de France (now Mauritius), part of the scientific team and some of the sailors abandoned the expedition due to serious disagreements with Baudin: Bory de Saint-Vincent was among them. The rest of the expedition continued on to Australia.<\/p>\n<p style=\"text-align:justify\">Bory de Saint-Vincent remained behind and was employed by Governor Magallon de Morli\u00e8re on the general staff. He took the opportunity to visit all the neighboring islands, particularly Reunion Island.<\/p>\n<p style=\"text-align:justify\">In October 1801, he set out to climb Piton de la Fournaise, providing the first scientific description of the volcano. He named one of the craters \u201cDolomieu\u201d in honor of his former teacher. He described it as a nipple and depicted it in plate 35 of this work. He gave his own name to the summit crater, Crater Bory, which is depicted in plate 34 of the Atlas.<\/p>\n<p style=\"text-align:justify\">He undertook to describe the flora of the islands&#8217; lichens and brought back a large number of botanical, zoological, and mineralogical specimens. This work earned him Bonaparte&#8217;s favor. On his way back, he continued his geographical, physical, and botanical explorations on the island of Saint Helena.<\/p>\n<p style=\"text-align:justify\">A fine copy with Gustaf Trolle Bonde&#8217;s gilt cipher on the spine of the bindings and bookplates from the Safstaholms bibliothek.<\/p>\n","protected":false},"excerpt":{"rendered":"<p style=\"text-align:justify\">3 volumes 8vo of text (197 x 128 mm) of XVI pp., and 408 pp. for volume I; 2 unn.ll. (half-title and title), 431 pp. for volume II, 2 unn.l. (half-title and title), 473 pp. for volume III and 1 atlas (347 x 255 mm) of 4 pp. and 56 plates plus 2 bis plates (14 and 23). Half calf, flat spine, blind-stamped decoration on the spine, and gilt with the cipher \u201cGTB\u201d for Gustaf Trolle Bonde (<i>contemporary binding<\/i>).<\/p>\n","protected":false},"featured_media":89290,"comment_status":"open","ping_status":"closed","template":"","meta":{"_acf_changed":false},"product_brand":[],"product_cat":[552],"product_tag":[1352,1408,1450,1361,1360],"class_list":{"0":"post-89303","1":"product","2":"type-product","3":"status-publish","4":"has-post-thumbnail","6":"product_cat-travel","7":"product_tag-africa","8":"product_tag-atlas-2","9":"product_tag-first-edition","10":"product_tag-mauritius","11":"product_tag-reunion-island","12":"pa_auteur-bory-de-saint-vincent-jean-baptiste-2","13":"pa_type-de-livre-printed-book","15":"first","16":"instock","17":"shipping-taxable","18":"purchasable","19":"product-type-simple"},"acf":{"artist":"Jean-Baptiste BORY DE SAINT VINCENT","chapeau":"","adresse_bibliographique":"Paris, Buisson, An XIII-1804","book_type":"Printed book","provenance":"","afficher_prix":""},"yoast_head":"<!-- This site is optimized with the Yoast SEO plugin v24.7 - https:\/\/yoast.com\/wordpress\/plugins\/seo\/ -->\n<title>BORY DE SAINT VINCENT Jean-Baptiste Voyage dans les quatre principales \u00eeles des mers d&#039;Afrique, fait par ordre du gouvernement, pendant les ann\u00e9es neuf et dix de la R\u00e9publique (1801-1802). - Libairie Clavreuil<\/title>\n<meta name=\"robots\" content=\"index, follow, max-snippet:-1, max-image-preview:large, max-video-preview:-1\" \/>\n<link rel=\"canonical\" href=\"https:\/\/www.librairieclavreuil.com\/en\/bory-de-saint-vincent-jean-baptiste-voyage-dans-les-quatre-principales-iles-des-mers-dafrique-fait-par-ordre-du-gouvernement-pendant-les-annees-neuf-et-dix-de-la-republique-1801-1802\/\" \/>\n<meta property=\"og:locale\" content=\"en_US\" \/>\n<meta property=\"og:type\" content=\"article\" \/>\n<meta property=\"og:title\" content=\"BORY DE SAINT VINCENT Jean-Baptiste Voyage dans les quatre principales \u00eeles des mers d&#039;Afrique, fait par ordre du gouvernement, pendant les ann\u00e9es neuf et dix de la R\u00e9publique (1801-1802). - Libairie Clavreuil\" \/>\n<meta property=\"og:description\" content=\"3 volumes 8vo of text (197 x 128 mm) of XVI pp., and 408 pp. for volume I; 2 unn.ll. (half-title and title), 431 pp. for volume II, 2 unn.l. (half-title and title), 473 pp. for volume III and 1 atlas (347 x 255 mm) of 4 pp. and 56 plates plus 2 bis plates (14 and 23). Half calf, flat spine, blind-stamped decoration on the spine, and gilt with the cipher \u201cGTB\u201d for Gustaf Trolle Bonde (contemporary binding).\" \/>\n<meta property=\"og:url\" content=\"https:\/\/www.librairieclavreuil.com\/en\/bory-de-saint-vincent-jean-baptiste-voyage-dans-les-quatre-principales-iles-des-mers-dafrique-fait-par-ordre-du-gouvernement-pendant-les-annees-neuf-et-dix-de-la-republique-1801-1802\/\" \/>\n<meta property=\"og:site_name\" content=\"Libairie Clavreuil\" \/>\n<meta property=\"article:modified_time\" content=\"2026-01-16T17:48:46+00:00\" \/>\n<meta property=\"og:image\" content=\"https:\/\/www.librairieclavreuil.com\/wp-content\/uploads\/2026\/01\/jean-baptiste-bory-de-saint-vincent-voyage-dans-les-quatre-principales-iles-des-mers-d-afrique-fait-par-ordre-du-gouvernement-pendant-les-an-694ad66b162f2.jpg\" \/>\n\t<meta property=\"og:image:width\" content=\"622\" \/>\n\t<meta property=\"og:image:height\" content=\"800\" \/>\n\t<meta property=\"og:image:type\" content=\"image\/jpeg\" \/>\n<meta name=\"twitter:card\" content=\"summary_large_image\" \/>\n<meta name=\"twitter:label1\" content=\"Est. reading time\" \/>\n\t<meta name=\"twitter:data1\" content=\"1 minute\" \/>\n<script type=\"application\/ld+json\" class=\"yoast-schema-graph\">{\"@context\":\"https:\/\/schema.org\",\"@graph\":[{\"@type\":\"WebPage\",\"@id\":\"https:\/\/www.librairieclavreuil.com\/en\/bory-de-saint-vincent-jean-baptiste-voyage-dans-les-quatre-principales-iles-des-mers-dafrique-fait-par-ordre-du-gouvernement-pendant-les-annees-neuf-et-dix-de-la-republique-1801-1802\/\",\"url\":\"https:\/\/www.librairieclavreuil.com\/en\/bory-de-saint-vincent-jean-baptiste-voyage-dans-les-quatre-principales-iles-des-mers-dafrique-fait-par-ordre-du-gouvernement-pendant-les-annees-neuf-et-dix-de-la-republique-1801-1802\/\",\"name\":\"BORY DE SAINT VINCENT Jean-Baptiste Voyage dans les quatre principales \u00eeles des mers d'Afrique, fait par ordre du gouvernement, pendant les ann\u00e9es neuf et dix de la R\u00e9publique (1801-1802). - Libairie Clavreuil\",\"isPartOf\":{\"@id\":\"https:\/\/www.librairieclavreuil.com\/#website\"},\"primaryImageOfPage\":{\"@id\":\"https:\/\/www.librairieclavreuil.com\/en\/bory-de-saint-vincent-jean-baptiste-voyage-dans-les-quatre-principales-iles-des-mers-dafrique-fait-par-ordre-du-gouvernement-pendant-les-annees-neuf-et-dix-de-la-republique-1801-1802\/#primaryimage\"},\"image\":{\"@id\":\"https:\/\/www.librairieclavreuil.com\/en\/bory-de-saint-vincent-jean-baptiste-voyage-dans-les-quatre-principales-iles-des-mers-dafrique-fait-par-ordre-du-gouvernement-pendant-les-annees-neuf-et-dix-de-la-republique-1801-1802\/#primaryimage\"},\"thumbnailUrl\":\"https:\/\/www.librairieclavreuil.com\/wp-content\/uploads\/2026\/01\/jean-baptiste-bory-de-saint-vincent-voyage-dans-les-quatre-principales-iles-des-mers-d-afrique-fait-par-ordre-du-gouvernement-pendant-les-an-694ad66b162f2.jpg\",\"datePublished\":\"2026-01-08T09:09:43+00:00\",\"dateModified\":\"2026-01-16T17:48:46+00:00\",\"breadcrumb\":{\"@id\":\"https:\/\/www.librairieclavreuil.com\/en\/bory-de-saint-vincent-jean-baptiste-voyage-dans-les-quatre-principales-iles-des-mers-dafrique-fait-par-ordre-du-gouvernement-pendant-les-annees-neuf-et-dix-de-la-republique-1801-1802\/#breadcrumb\"},\"inLanguage\":\"en-US\",\"potentialAction\":[{\"@type\":\"ReadAction\",\"target\":[\"https:\/\/www.librairieclavreuil.com\/en\/bory-de-saint-vincent-jean-baptiste-voyage-dans-les-quatre-principales-iles-des-mers-dafrique-fait-par-ordre-du-gouvernement-pendant-les-annees-neuf-et-dix-de-la-republique-1801-1802\/\"]}]},{\"@type\":\"ImageObject\",\"inLanguage\":\"en-US\",\"@id\":\"https:\/\/www.librairieclavreuil.com\/en\/bory-de-saint-vincent-jean-baptiste-voyage-dans-les-quatre-principales-iles-des-mers-dafrique-fait-par-ordre-du-gouvernement-pendant-les-annees-neuf-et-dix-de-la-republique-1801-1802\/#primaryimage\",\"url\":\"https:\/\/www.librairieclavreuil.com\/wp-content\/uploads\/2026\/01\/jean-baptiste-bory-de-saint-vincent-voyage-dans-les-quatre-principales-iles-des-mers-d-afrique-fait-par-ordre-du-gouvernement-pendant-les-an-694ad66b162f2.jpg\",\"contentUrl\":\"https:\/\/www.librairieclavreuil.com\/wp-content\/uploads\/2026\/01\/jean-baptiste-bory-de-saint-vincent-voyage-dans-les-quatre-principales-iles-des-mers-d-afrique-fait-par-ordre-du-gouvernement-pendant-les-an-694ad66b162f2.jpg\",\"width\":622,\"height\":800},{\"@type\":\"BreadcrumbList\",\"@id\":\"https:\/\/www.librairieclavreuil.com\/en\/bory-de-saint-vincent-jean-baptiste-voyage-dans-les-quatre-principales-iles-des-mers-dafrique-fait-par-ordre-du-gouvernement-pendant-les-annees-neuf-et-dix-de-la-republique-1801-1802\/#breadcrumb\",\"itemListElement\":[{\"@type\":\"ListItem\",\"position\":1,\"name\":\"Accueil\",\"item\":\"https:\/\/www.librairieclavreuil.com\/\"},{\"@type\":\"ListItem\",\"position\":2,\"name\":\"All our books\",\"item\":\"https:\/\/www.librairieclavreuil.com\/en\/all-our-books\/\"},{\"@type\":\"ListItem\",\"position\":3,\"name\":\"BORY DE SAINT VINCENT Jean-Baptiste Voyage dans les...\"}]},{\"@type\":\"WebSite\",\"@id\":\"https:\/\/www.librairieclavreuil.com\/#website\",\"url\":\"https:\/\/www.librairieclavreuil.com\/\",\"name\":\"Libairie Clavreuil\",\"description\":\"Livres anciens, manuscrits rares et \u00e9ditions originales \u2013 Librairie Clavreuil\",\"publisher\":{\"@id\":\"https:\/\/www.librairieclavreuil.com\/#organization\"},\"potentialAction\":[{\"@type\":\"SearchAction\",\"target\":{\"@type\":\"EntryPoint\",\"urlTemplate\":\"https:\/\/www.librairieclavreuil.com\/?s={search_term_string}\"},\"query-input\":{\"@type\":\"PropertyValueSpecification\",\"valueRequired\":true,\"valueName\":\"search_term_string\"}}],\"inLanguage\":\"en-US\"},{\"@type\":\"Organization\",\"@id\":\"https:\/\/www.librairieclavreuil.com\/#organization\",\"name\":\"Libairie Clavreuil\",\"url\":\"https:\/\/www.librairieclavreuil.com\/\",\"logo\":{\"@type\":\"ImageObject\",\"inLanguage\":\"en-US\",\"@id\":\"https:\/\/www.librairieclavreuil.com\/#\/schema\/logo\/image\/\",\"url\":\"https:\/\/www.librairieclavreuil.com\/wp-content\/uploads\/2021\/06\/cropped-LOGO_PNG_DATE-_gold-512x512-1.png\",\"contentUrl\":\"https:\/\/www.librairieclavreuil.com\/wp-content\/uploads\/2021\/06\/cropped-LOGO_PNG_DATE-_gold-512x512-1.png\",\"width\":512,\"height\":512,\"caption\":\"Libairie Clavreuil\"},\"image\":{\"@id\":\"https:\/\/www.librairieclavreuil.com\/#\/schema\/logo\/image\/\"},\"sameAs\":[\"https:\/\/www.instagram.com\/librairieclavreuil\/\"]}]}<\/script>\n<!-- \/ Yoast SEO plugin. -->","yoast_head_json":{"title":"BORY DE SAINT VINCENT Jean-Baptiste Voyage dans les quatre principales \u00eeles des mers d'Afrique, fait par ordre du gouvernement, pendant les ann\u00e9es neuf et dix de la R\u00e9publique (1801-1802). - Libairie Clavreuil","robots":{"index":"index","follow":"follow","max-snippet":"max-snippet:-1","max-image-preview":"max-image-preview:large","max-video-preview":"max-video-preview:-1"},"canonical":"https:\/\/www.librairieclavreuil.com\/en\/bory-de-saint-vincent-jean-baptiste-voyage-dans-les-quatre-principales-iles-des-mers-dafrique-fait-par-ordre-du-gouvernement-pendant-les-annees-neuf-et-dix-de-la-republique-1801-1802\/","og_locale":"en_US","og_type":"article","og_title":"BORY DE SAINT VINCENT Jean-Baptiste Voyage dans les quatre principales \u00eeles des mers d'Afrique, fait par ordre du gouvernement, pendant les ann\u00e9es neuf et dix de la R\u00e9publique (1801-1802). - Libairie Clavreuil","og_description":"3 volumes 8vo of text (197 x 128 mm) of XVI pp., and 408 pp. for volume I; 2 unn.ll. (half-title and title), 431 pp. for volume II, 2 unn.l. (half-title and title), 473 pp. for volume III and 1 atlas (347 x 255 mm) of 4 pp. and 56 plates plus 2 bis plates (14 and 23). Half calf, flat spine, blind-stamped decoration on the spine, and gilt with the cipher \u201cGTB\u201d for Gustaf Trolle Bonde (contemporary binding).","og_url":"https:\/\/www.librairieclavreuil.com\/en\/bory-de-saint-vincent-jean-baptiste-voyage-dans-les-quatre-principales-iles-des-mers-dafrique-fait-par-ordre-du-gouvernement-pendant-les-annees-neuf-et-dix-de-la-republique-1801-1802\/","og_site_name":"Libairie Clavreuil","article_modified_time":"2026-01-16T17:48:46+00:00","og_image":[{"width":622,"height":800,"url":"https:\/\/www.librairieclavreuil.com\/wp-content\/uploads\/2026\/01\/jean-baptiste-bory-de-saint-vincent-voyage-dans-les-quatre-principales-iles-des-mers-d-afrique-fait-par-ordre-du-gouvernement-pendant-les-an-694ad66b162f2.jpg","type":"image\/jpeg"}],"twitter_card":"summary_large_image","twitter_misc":{"Est. reading time":"1 minute"},"schema":{"@context":"https:\/\/schema.org","@graph":[{"@type":"WebPage","@id":"https:\/\/www.librairieclavreuil.com\/en\/bory-de-saint-vincent-jean-baptiste-voyage-dans-les-quatre-principales-iles-des-mers-dafrique-fait-par-ordre-du-gouvernement-pendant-les-annees-neuf-et-dix-de-la-republique-1801-1802\/","url":"https:\/\/www.librairieclavreuil.com\/en\/bory-de-saint-vincent-jean-baptiste-voyage-dans-les-quatre-principales-iles-des-mers-dafrique-fait-par-ordre-du-gouvernement-pendant-les-annees-neuf-et-dix-de-la-republique-1801-1802\/","name":"BORY DE SAINT VINCENT Jean-Baptiste Voyage dans les quatre principales \u00eeles des mers d'Afrique, fait par ordre du gouvernement, pendant les ann\u00e9es neuf et dix de la R\u00e9publique (1801-1802). - Libairie Clavreuil","isPartOf":{"@id":"https:\/\/www.librairieclavreuil.com\/#website"},"primaryImageOfPage":{"@id":"https:\/\/www.librairieclavreuil.com\/en\/bory-de-saint-vincent-jean-baptiste-voyage-dans-les-quatre-principales-iles-des-mers-dafrique-fait-par-ordre-du-gouvernement-pendant-les-annees-neuf-et-dix-de-la-republique-1801-1802\/#primaryimage"},"image":{"@id":"https:\/\/www.librairieclavreuil.com\/en\/bory-de-saint-vincent-jean-baptiste-voyage-dans-les-quatre-principales-iles-des-mers-dafrique-fait-par-ordre-du-gouvernement-pendant-les-annees-neuf-et-dix-de-la-republique-1801-1802\/#primaryimage"},"thumbnailUrl":"https:\/\/www.librairieclavreuil.com\/wp-content\/uploads\/2026\/01\/jean-baptiste-bory-de-saint-vincent-voyage-dans-les-quatre-principales-iles-des-mers-d-afrique-fait-par-ordre-du-gouvernement-pendant-les-an-694ad66b162f2.jpg","datePublished":"2026-01-08T09:09:43+00:00","dateModified":"2026-01-16T17:48:46+00:00","breadcrumb":{"@id":"https:\/\/www.librairieclavreuil.com\/en\/bory-de-saint-vincent-jean-baptiste-voyage-dans-les-quatre-principales-iles-des-mers-dafrique-fait-par-ordre-du-gouvernement-pendant-les-annees-neuf-et-dix-de-la-republique-1801-1802\/#breadcrumb"},"inLanguage":"en-US","potentialAction":[{"@type":"ReadAction","target":["https:\/\/www.librairieclavreuil.com\/en\/bory-de-saint-vincent-jean-baptiste-voyage-dans-les-quatre-principales-iles-des-mers-dafrique-fait-par-ordre-du-gouvernement-pendant-les-annees-neuf-et-dix-de-la-republique-1801-1802\/"]}]},{"@type":"ImageObject","inLanguage":"en-US","@id":"https:\/\/www.librairieclavreuil.com\/en\/bory-de-saint-vincent-jean-baptiste-voyage-dans-les-quatre-principales-iles-des-mers-dafrique-fait-par-ordre-du-gouvernement-pendant-les-annees-neuf-et-dix-de-la-republique-1801-1802\/#primaryimage","url":"https:\/\/www.librairieclavreuil.com\/wp-content\/uploads\/2026\/01\/jean-baptiste-bory-de-saint-vincent-voyage-dans-les-quatre-principales-iles-des-mers-d-afrique-fait-par-ordre-du-gouvernement-pendant-les-an-694ad66b162f2.jpg","contentUrl":"https:\/\/www.librairieclavreuil.com\/wp-content\/uploads\/2026\/01\/jean-baptiste-bory-de-saint-vincent-voyage-dans-les-quatre-principales-iles-des-mers-d-afrique-fait-par-ordre-du-gouvernement-pendant-les-an-694ad66b162f2.jpg","width":622,"height":800},{"@type":"BreadcrumbList","@id":"https:\/\/www.librairieclavreuil.com\/en\/bory-de-saint-vincent-jean-baptiste-voyage-dans-les-quatre-principales-iles-des-mers-dafrique-fait-par-ordre-du-gouvernement-pendant-les-annees-neuf-et-dix-de-la-republique-1801-1802\/#breadcrumb","itemListElement":[{"@type":"ListItem","position":1,"name":"Accueil","item":"https:\/\/www.librairieclavreuil.com\/"},{"@type":"ListItem","position":2,"name":"All our books","item":"https:\/\/www.librairieclavreuil.com\/en\/all-our-books\/"},{"@type":"ListItem","position":3,"name":"BORY DE SAINT VINCENT Jean-Baptiste Voyage dans les..."}]},{"@type":"WebSite","@id":"https:\/\/www.librairieclavreuil.com\/#website","url":"https:\/\/www.librairieclavreuil.com\/","name":"Libairie Clavreuil","description":"Livres anciens, manuscrits rares et \u00e9ditions originales \u2013 Librairie Clavreuil","publisher":{"@id":"https:\/\/www.librairieclavreuil.com\/#organization"},"potentialAction":[{"@type":"SearchAction","target":{"@type":"EntryPoint","urlTemplate":"https:\/\/www.librairieclavreuil.com\/?s={search_term_string}"},"query-input":{"@type":"PropertyValueSpecification","valueRequired":true,"valueName":"search_term_string"}}],"inLanguage":"en-US"},{"@type":"Organization","@id":"https:\/\/www.librairieclavreuil.com\/#organization","name":"Libairie Clavreuil","url":"https:\/\/www.librairieclavreuil.com\/","logo":{"@type":"ImageObject","inLanguage":"en-US","@id":"https:\/\/www.librairieclavreuil.com\/#\/schema\/logo\/image\/","url":"https:\/\/www.librairieclavreuil.com\/wp-content\/uploads\/2021\/06\/cropped-LOGO_PNG_DATE-_gold-512x512-1.png","contentUrl":"https:\/\/www.librairieclavreuil.com\/wp-content\/uploads\/2021\/06\/cropped-LOGO_PNG_DATE-_gold-512x512-1.png","width":512,"height":512,"caption":"Libairie Clavreuil"},"image":{"@id":"https:\/\/www.librairieclavreuil.com\/#\/schema\/logo\/image\/"},"sameAs":["https:\/\/www.instagram.com\/librairieclavreuil\/"]}]}},"jetpack_sharing_enabled":true,"_links":{"self":[{"href":"https:\/\/www.librairieclavreuil.com\/en\/wp-json\/wp\/v2\/product\/89303","targetHints":{"allow":["GET"]}}],"collection":[{"href":"https:\/\/www.librairieclavreuil.com\/en\/wp-json\/wp\/v2\/product"}],"about":[{"href":"https:\/\/www.librairieclavreuil.com\/en\/wp-json\/wp\/v2\/types\/product"}],"replies":[{"embeddable":true,"href":"https:\/\/www.librairieclavreuil.com\/en\/wp-json\/wp\/v2\/comments?post=89303"}],"wp:featuredmedia":[{"embeddable":true,"href":"https:\/\/www.librairieclavreuil.com\/en\/wp-json\/wp\/v2\/media\/89290"}],"wp:attachment":[{"href":"https:\/\/www.librairieclavreuil.com\/en\/wp-json\/wp\/v2\/media?parent=89303"}],"wp:term":[{"taxonomy":"product_brand","embeddable":true,"href":"https:\/\/www.librairieclavreuil.com\/en\/wp-json\/wp\/v2\/product_brand?post=89303"},{"taxonomy":"product_cat","embeddable":true,"href":"https:\/\/www.librairieclavreuil.com\/en\/wp-json\/wp\/v2\/product_cat?post=89303"},{"taxonomy":"product_tag","embeddable":true,"href":"https:\/\/www.librairieclavreuil.com\/en\/wp-json\/wp\/v2\/product_tag?post=89303"}],"curies":[{"name":"wp","href":"https:\/\/api.w.org\/{rel}","templated":true}]}}