{"id":89173,"date":"2025-12-23T16:09:36","date_gmt":"2025-12-23T15:09:36","guid":{"rendered":"https:\/\/www.librairieclavreuil.com\/thevet-andre-la-cosmographie-universelle-illustree-de-diverses-figures-des-choses-les-plus-remarquables-veues-par-lauteur-incongneues-de-nos-anciens-modernes\/"},"modified":"2026-02-17T19:02:21","modified_gmt":"2026-02-17T18:02:21","slug":"thevet-andre-la-cosmographie-universelle-illustree-de-diverses-figures-des-choses-les-plus-remarquables-veues-par-lauteur-incongneues-de-nos-anciens-modernes","status":"publish","type":"product","link":"https:\/\/www.librairieclavreuil.com\/en\/thevet-andre-la-cosmographie-universelle-illustree-de-diverses-figures-des-choses-les-plus-remarquables-veues-par-lauteur-incongneues-de-nos-anciens-modernes\/","title":{"rendered":"THEVET Andr\u00e9 La Cosmographie Universelle&#8230;Illustr\u00e9e de diverses figures..."},"content":{"rendered":"<p style=\"text-align:justify\"><i>Lestringant, Andr\u00e9 Thevet, pp. 374-376, no. 14; Sabin 95335; Atkinson 249n; Borba de Moraes II, pp. 859-860; Arents, I, 8 &amp; 21; Adams T\/623; Mortimer French, 517; JCB (3) I:261; Brun p. 312 (title addressed to G. Chaudi\u00e8re); Alden-Landis, 575\/32.<\/i><\/p>\n<p style=\"text-align:justify\"><span style=\"font-variant:small-caps\">First edition of one of the most important travel books of the 16th century.<\/span><\/p>\n<p style=\"text-align:justify\">A French Franciscan priest, historian, and cosmographer, Andr\u00e9 Thevet entered the Franciscan order around 1528. From 1548, he spent five or six years traveling from Venice, visiting Greece, Turkey, Rhodes, Palestine, Cyprus, and Malta. In 1551, he accompanied Guillaume le Testu on a voyage to Brazil and brought back to Europe, among other things, the use of tobacco. In May 1555, he embarked as chaplain with Villegagnon&#8217;s first expedition, which established a French colony on the Brazilian coast. Thevet returned to France in June 1556. In 1558, he was appointed chaplain to the queen and, under Henry II and Charles IX, received the titles of cosmographer and royal historian. This very rare book is illustrated with 288 woodcuts in the text and four double-page maps, colored at the time in this copy. &#8220;The map of America bears the indication \u2018France Antarque\u2019 near the Rio de Janeiro region and the names \u2018Cap de Frie\u2019 and \u2018Rio de Janeiro\u2019.<\/p>\n<p style=\"text-align:justify\">&#8220;On the verso of leaf 908 is a plate of Guanabara Bay and on leaf 925 a dominical prayer in Tupi (&#8230;) The Brazilian section of the Cosmographie is very important; in a sense it is more complete than the Singularitez. The description of the Indians&#8217; attire, the information about the Tupinamb\u00e1, their beliefs, etc., are much more complete and among the best existing.<\/p>\n<p style=\"text-align:justify\">The Singularitez was published immediately after Thevet returned to France in 1557, and the Cosmographie appeared only in 1575, which afforded him more time to deliberate on the matter and perhaps to consult people who knew Brazil better. Ferdinand Denis, who based his information on a letter from Richer, claims that Thevet consulted Villegagnon. On reading the Cosmographie, one does not get the impression that Thevet \u201clied cosmographically,\u201d in the words of Jean de L\u00e9ry (Borba de Moraes).<\/p>\n<p style=\"text-align:justify\">A very fine copy of this rare and important book.<\/p>\n<p style=\"text-align:justify\">Scattered brown spots on the volumes, some water stains on the two volumes, a few pages incorrectly numbered. Complete copy, identical to the BNF digitization.<\/p>\n","protected":false},"excerpt":{"rendered":"<p>2 folio volumes (371 x 232 mm) of 18 unnumbered leaves (title, epistle, preface, ode, tables), 467 numbered leaves, 12 unnumbered leaves. (table), 1 portrait, 2 colored folding maps for volume I; 8 unnumbered leaves, numbered leaves from 469 to 914, then 912 to 936, then 903 to 1025 (without interruption of text), 17unnumbered leaves and 2 colored folding maps for volume II. Brown calf, gilt fillet framing boards, gilt central medallion, spine gilt with raised bands, gilt title (<i>contemporary binding<\/i>).<\/p>\n","protected":false},"featured_media":89152,"comment_status":"open","ping_status":"closed","template":"","meta":{"_acf_changed":false},"product_brand":[],"product_cat":[552],"product_tag":[1352,1382,1316,1376,1407,1390,1450,1223,1362,1373,620,1402],"class_list":{"0":"post-89173","1":"product","2":"type-product","3":"status-publish","4":"has-post-thumbnail","6":"product_cat-travel","7":"product_tag-africa","8":"product_tag-asia","9":"product_tag-astronomy","10":"product_tag-brazil","11":"product_tag-circum-2","12":"product_tag-europe-2","13":"product_tag-first-edition","14":"product_tag-map","15":"product_tag-north-america","16":"product_tag-south-america","17":"product_tag-travel","18":"product_tag-turkey","19":"pa_auteur-thevet-andre-2","20":"pa_type-de-livre-printed-book","22":"first","23":"instock","24":"shipping-taxable","25":"purchasable","26":"product-type-simple"},"acf":{"artist":" Andr\u00e9 THEVET","chapeau":"","adresse_bibliographique":"Paris, Pierre l'Huilier, 1575","book_type":"Printed book","provenance":"Jean-Baptiste De la Rocque: Ex-bibliotheca manuscript in brown ink dated 1720 present on volumes I and II - Jacques Renoud, (1870-1936) ex-libris designed by Tanc\u00e8dre Synave pasted onto volume II.","afficher_prix":""},"yoast_head":"<!-- This site is optimized with the Yoast SEO plugin v24.7 - https:\/\/yoast.com\/wordpress\/plugins\/seo\/ -->\n<title>THEVET Andr\u00e9 La Cosmographie Universelle...Illustr\u00e9e de diverses figures des choses les plus remarquables veu\u00ebs par l&#039;Auteur, &amp; incongneu\u00ebs de nos Anciens &amp; Modernes. - Libairie Clavreuil<\/title>\n<meta name=\"robots\" content=\"index, follow, max-snippet:-1, max-image-preview:large, max-video-preview:-1\" \/>\n<link rel=\"canonical\" href=\"https:\/\/www.librairieclavreuil.com\/en\/thevet-andre-la-cosmographie-universelle-illustree-de-diverses-figures-des-choses-les-plus-remarquables-veues-par-lauteur-incongneues-de-nos-anciens-modernes\/\" \/>\n<meta property=\"og:locale\" content=\"en_US\" \/>\n<meta property=\"og:type\" content=\"article\" \/>\n<meta property=\"og:title\" content=\"THEVET Andr\u00e9 La Cosmographie Universelle...Illustr\u00e9e de diverses figures des choses les plus remarquables veu\u00ebs par l&#039;Auteur, &amp; incongneu\u00ebs de nos Anciens &amp; Modernes. - Libairie Clavreuil\" \/>\n<meta property=\"og:description\" content=\"2 folio volumes (371 x 232 mm) of 18 unnumbered leaves (title, epistle, preface, ode, tables), 467 numbered leaves, 12 unnumbered leaves. (table), 1 portrait, 2 colored folding maps for volume I; 8 unnumbered leaves, numbered leaves from 469 to 914, then 912 to 936, then 903 to 1025 (without interruption of text), 17unnumbered leaves and 2 colored folding maps for volume II. Brown calf, gilt fillet framing boards, gilt central medallion, spine gilt with raised bands, gilt title (contemporary binding).\" \/>\n<meta property=\"og:url\" content=\"https:\/\/www.librairieclavreuil.com\/en\/thevet-andre-la-cosmographie-universelle-illustree-de-diverses-figures-des-choses-les-plus-remarquables-veues-par-lauteur-incongneues-de-nos-anciens-modernes\/\" \/>\n<meta property=\"og:site_name\" content=\"Libairie Clavreuil\" \/>\n<meta property=\"article:modified_time\" content=\"2026-02-17T18:02:21+00:00\" \/>\n<meta property=\"og:image\" content=\"https:\/\/www.librairieclavreuil.com\/wp-content\/uploads\/2025\/12\/andre-thevet-la-cosmographie-universelle-illustree-de-diverses-figures-des-choses-les-plus-remarquables-veues-par-l-auteur-incongneues-de-no-694ab034c930c.jpg\" \/>\n\t<meta property=\"og:image:width\" content=\"800\" \/>\n\t<meta property=\"og:image:height\" content=\"622\" \/>\n\t<meta property=\"og:image:type\" content=\"image\/jpeg\" \/>\n<meta name=\"twitter:card\" content=\"summary_large_image\" \/>\n<meta name=\"twitter:label1\" content=\"Est. reading time\" \/>\n\t<meta name=\"twitter:data1\" content=\"2 minutes\" \/>\n<script type=\"application\/ld+json\" class=\"yoast-schema-graph\">{\"@context\":\"https:\/\/schema.org\",\"@graph\":[{\"@type\":\"WebPage\",\"@id\":\"https:\/\/www.librairieclavreuil.com\/en\/thevet-andre-la-cosmographie-universelle-illustree-de-diverses-figures-des-choses-les-plus-remarquables-veues-par-lauteur-incongneues-de-nos-anciens-modernes\/\",\"url\":\"https:\/\/www.librairieclavreuil.com\/en\/thevet-andre-la-cosmographie-universelle-illustree-de-diverses-figures-des-choses-les-plus-remarquables-veues-par-lauteur-incongneues-de-nos-anciens-modernes\/\",\"name\":\"THEVET Andr\u00e9 La Cosmographie Universelle...Illustr\u00e9e de diverses figures des choses les plus remarquables veu\u00ebs par l'Auteur, &amp; incongneu\u00ebs de nos Anciens &amp; Modernes. - Libairie Clavreuil\",\"isPartOf\":{\"@id\":\"https:\/\/www.librairieclavreuil.com\/#website\"},\"primaryImageOfPage\":{\"@id\":\"https:\/\/www.librairieclavreuil.com\/en\/thevet-andre-la-cosmographie-universelle-illustree-de-diverses-figures-des-choses-les-plus-remarquables-veues-par-lauteur-incongneues-de-nos-anciens-modernes\/#primaryimage\"},\"image\":{\"@id\":\"https:\/\/www.librairieclavreuil.com\/en\/thevet-andre-la-cosmographie-universelle-illustree-de-diverses-figures-des-choses-les-plus-remarquables-veues-par-lauteur-incongneues-de-nos-anciens-modernes\/#primaryimage\"},\"thumbnailUrl\":\"https:\/\/www.librairieclavreuil.com\/wp-content\/uploads\/2025\/12\/andre-thevet-la-cosmographie-universelle-illustree-de-diverses-figures-des-choses-les-plus-remarquables-veues-par-l-auteur-incongneues-de-no-694ab034c930c.jpg\",\"datePublished\":\"2025-12-23T15:09:36+00:00\",\"dateModified\":\"2026-02-17T18:02:21+00:00\",\"breadcrumb\":{\"@id\":\"https:\/\/www.librairieclavreuil.com\/en\/thevet-andre-la-cosmographie-universelle-illustree-de-diverses-figures-des-choses-les-plus-remarquables-veues-par-lauteur-incongneues-de-nos-anciens-modernes\/#breadcrumb\"},\"inLanguage\":\"en-US\",\"potentialAction\":[{\"@type\":\"ReadAction\",\"target\":[\"https:\/\/www.librairieclavreuil.com\/en\/thevet-andre-la-cosmographie-universelle-illustree-de-diverses-figures-des-choses-les-plus-remarquables-veues-par-lauteur-incongneues-de-nos-anciens-modernes\/\"]}]},{\"@type\":\"ImageObject\",\"inLanguage\":\"en-US\",\"@id\":\"https:\/\/www.librairieclavreuil.com\/en\/thevet-andre-la-cosmographie-universelle-illustree-de-diverses-figures-des-choses-les-plus-remarquables-veues-par-lauteur-incongneues-de-nos-anciens-modernes\/#primaryimage\",\"url\":\"https:\/\/www.librairieclavreuil.com\/wp-content\/uploads\/2025\/12\/andre-thevet-la-cosmographie-universelle-illustree-de-diverses-figures-des-choses-les-plus-remarquables-veues-par-l-auteur-incongneues-de-no-694ab034c930c.jpg\",\"contentUrl\":\"https:\/\/www.librairieclavreuil.com\/wp-content\/uploads\/2025\/12\/andre-thevet-la-cosmographie-universelle-illustree-de-diverses-figures-des-choses-les-plus-remarquables-veues-par-l-auteur-incongneues-de-no-694ab034c930c.jpg\",\"width\":800,\"height\":622},{\"@type\":\"BreadcrumbList\",\"@id\":\"https:\/\/www.librairieclavreuil.com\/en\/thevet-andre-la-cosmographie-universelle-illustree-de-diverses-figures-des-choses-les-plus-remarquables-veues-par-lauteur-incongneues-de-nos-anciens-modernes\/#breadcrumb\",\"itemListElement\":[{\"@type\":\"ListItem\",\"position\":1,\"name\":\"Accueil\",\"item\":\"https:\/\/www.librairieclavreuil.com\/\"},{\"@type\":\"ListItem\",\"position\":2,\"name\":\"All our books\",\"item\":\"https:\/\/www.librairieclavreuil.com\/en\/all-our-books\/\"},{\"@type\":\"ListItem\",\"position\":3,\"name\":\"THEVET Andr\u00e9 La Cosmographie Universelle&#8230;Illustr\u00e9e de diverses figures...\"}]},{\"@type\":\"WebSite\",\"@id\":\"https:\/\/www.librairieclavreuil.com\/#website\",\"url\":\"https:\/\/www.librairieclavreuil.com\/\",\"name\":\"Libairie Clavreuil\",\"description\":\"Livres anciens, manuscrits rares et \u00e9ditions originales \u2013 Librairie Clavreuil\",\"publisher\":{\"@id\":\"https:\/\/www.librairieclavreuil.com\/#organization\"},\"potentialAction\":[{\"@type\":\"SearchAction\",\"target\":{\"@type\":\"EntryPoint\",\"urlTemplate\":\"https:\/\/www.librairieclavreuil.com\/?s={search_term_string}\"},\"query-input\":{\"@type\":\"PropertyValueSpecification\",\"valueRequired\":true,\"valueName\":\"search_term_string\"}}],\"inLanguage\":\"en-US\"},{\"@type\":\"Organization\",\"@id\":\"https:\/\/www.librairieclavreuil.com\/#organization\",\"name\":\"Libairie Clavreuil\",\"url\":\"https:\/\/www.librairieclavreuil.com\/\",\"logo\":{\"@type\":\"ImageObject\",\"inLanguage\":\"en-US\",\"@id\":\"https:\/\/www.librairieclavreuil.com\/#\/schema\/logo\/image\/\",\"url\":\"https:\/\/www.librairieclavreuil.com\/wp-content\/uploads\/2021\/06\/cropped-LOGO_PNG_DATE-_gold-512x512-1.png\",\"contentUrl\":\"https:\/\/www.librairieclavreuil.com\/wp-content\/uploads\/2021\/06\/cropped-LOGO_PNG_DATE-_gold-512x512-1.png\",\"width\":512,\"height\":512,\"caption\":\"Libairie Clavreuil\"},\"image\":{\"@id\":\"https:\/\/www.librairieclavreuil.com\/#\/schema\/logo\/image\/\"},\"sameAs\":[\"https:\/\/www.instagram.com\/librairieclavreuil\/\"]}]}<\/script>\n<!-- \/ Yoast SEO plugin. -->","yoast_head_json":{"title":"THEVET Andr\u00e9 La Cosmographie Universelle...Illustr\u00e9e de diverses figures des choses les plus remarquables veu\u00ebs par l'Auteur, &amp; incongneu\u00ebs de nos Anciens &amp; Modernes. - Libairie Clavreuil","robots":{"index":"index","follow":"follow","max-snippet":"max-snippet:-1","max-image-preview":"max-image-preview:large","max-video-preview":"max-video-preview:-1"},"canonical":"https:\/\/www.librairieclavreuil.com\/en\/thevet-andre-la-cosmographie-universelle-illustree-de-diverses-figures-des-choses-les-plus-remarquables-veues-par-lauteur-incongneues-de-nos-anciens-modernes\/","og_locale":"en_US","og_type":"article","og_title":"THEVET Andr\u00e9 La Cosmographie Universelle...Illustr\u00e9e de diverses figures des choses les plus remarquables veu\u00ebs par l'Auteur, &amp; incongneu\u00ebs de nos Anciens &amp; Modernes. - Libairie Clavreuil","og_description":"2 folio volumes (371 x 232 mm) of 18 unnumbered leaves (title, epistle, preface, ode, tables), 467 numbered leaves, 12 unnumbered leaves. (table), 1 portrait, 2 colored folding maps for volume I; 8 unnumbered leaves, numbered leaves from 469 to 914, then 912 to 936, then 903 to 1025 (without interruption of text), 17unnumbered leaves and 2 colored folding maps for volume II. Brown calf, gilt fillet framing boards, gilt central medallion, spine gilt with raised bands, gilt title (contemporary binding).","og_url":"https:\/\/www.librairieclavreuil.com\/en\/thevet-andre-la-cosmographie-universelle-illustree-de-diverses-figures-des-choses-les-plus-remarquables-veues-par-lauteur-incongneues-de-nos-anciens-modernes\/","og_site_name":"Libairie Clavreuil","article_modified_time":"2026-02-17T18:02:21+00:00","og_image":[{"width":800,"height":622,"url":"https:\/\/www.librairieclavreuil.com\/wp-content\/uploads\/2025\/12\/andre-thevet-la-cosmographie-universelle-illustree-de-diverses-figures-des-choses-les-plus-remarquables-veues-par-l-auteur-incongneues-de-no-694ab034c930c.jpg","type":"image\/jpeg"}],"twitter_card":"summary_large_image","twitter_misc":{"Est. reading time":"2 minutes"},"schema":{"@context":"https:\/\/schema.org","@graph":[{"@type":"WebPage","@id":"https:\/\/www.librairieclavreuil.com\/en\/thevet-andre-la-cosmographie-universelle-illustree-de-diverses-figures-des-choses-les-plus-remarquables-veues-par-lauteur-incongneues-de-nos-anciens-modernes\/","url":"https:\/\/www.librairieclavreuil.com\/en\/thevet-andre-la-cosmographie-universelle-illustree-de-diverses-figures-des-choses-les-plus-remarquables-veues-par-lauteur-incongneues-de-nos-anciens-modernes\/","name":"THEVET Andr\u00e9 La Cosmographie Universelle...Illustr\u00e9e de diverses figures des choses les plus remarquables veu\u00ebs par l'Auteur, &amp; incongneu\u00ebs de nos Anciens &amp; Modernes. - Libairie Clavreuil","isPartOf":{"@id":"https:\/\/www.librairieclavreuil.com\/#website"},"primaryImageOfPage":{"@id":"https:\/\/www.librairieclavreuil.com\/en\/thevet-andre-la-cosmographie-universelle-illustree-de-diverses-figures-des-choses-les-plus-remarquables-veues-par-lauteur-incongneues-de-nos-anciens-modernes\/#primaryimage"},"image":{"@id":"https:\/\/www.librairieclavreuil.com\/en\/thevet-andre-la-cosmographie-universelle-illustree-de-diverses-figures-des-choses-les-plus-remarquables-veues-par-lauteur-incongneues-de-nos-anciens-modernes\/#primaryimage"},"thumbnailUrl":"https:\/\/www.librairieclavreuil.com\/wp-content\/uploads\/2025\/12\/andre-thevet-la-cosmographie-universelle-illustree-de-diverses-figures-des-choses-les-plus-remarquables-veues-par-l-auteur-incongneues-de-no-694ab034c930c.jpg","datePublished":"2025-12-23T15:09:36+00:00","dateModified":"2026-02-17T18:02:21+00:00","breadcrumb":{"@id":"https:\/\/www.librairieclavreuil.com\/en\/thevet-andre-la-cosmographie-universelle-illustree-de-diverses-figures-des-choses-les-plus-remarquables-veues-par-lauteur-incongneues-de-nos-anciens-modernes\/#breadcrumb"},"inLanguage":"en-US","potentialAction":[{"@type":"ReadAction","target":["https:\/\/www.librairieclavreuil.com\/en\/thevet-andre-la-cosmographie-universelle-illustree-de-diverses-figures-des-choses-les-plus-remarquables-veues-par-lauteur-incongneues-de-nos-anciens-modernes\/"]}]},{"@type":"ImageObject","inLanguage":"en-US","@id":"https:\/\/www.librairieclavreuil.com\/en\/thevet-andre-la-cosmographie-universelle-illustree-de-diverses-figures-des-choses-les-plus-remarquables-veues-par-lauteur-incongneues-de-nos-anciens-modernes\/#primaryimage","url":"https:\/\/www.librairieclavreuil.com\/wp-content\/uploads\/2025\/12\/andre-thevet-la-cosmographie-universelle-illustree-de-diverses-figures-des-choses-les-plus-remarquables-veues-par-l-auteur-incongneues-de-no-694ab034c930c.jpg","contentUrl":"https:\/\/www.librairieclavreuil.com\/wp-content\/uploads\/2025\/12\/andre-thevet-la-cosmographie-universelle-illustree-de-diverses-figures-des-choses-les-plus-remarquables-veues-par-l-auteur-incongneues-de-no-694ab034c930c.jpg","width":800,"height":622},{"@type":"BreadcrumbList","@id":"https:\/\/www.librairieclavreuil.com\/en\/thevet-andre-la-cosmographie-universelle-illustree-de-diverses-figures-des-choses-les-plus-remarquables-veues-par-lauteur-incongneues-de-nos-anciens-modernes\/#breadcrumb","itemListElement":[{"@type":"ListItem","position":1,"name":"Accueil","item":"https:\/\/www.librairieclavreuil.com\/"},{"@type":"ListItem","position":2,"name":"All our books","item":"https:\/\/www.librairieclavreuil.com\/en\/all-our-books\/"},{"@type":"ListItem","position":3,"name":"THEVET Andr\u00e9 La Cosmographie Universelle&#8230;Illustr\u00e9e de diverses figures..."}]},{"@type":"WebSite","@id":"https:\/\/www.librairieclavreuil.com\/#website","url":"https:\/\/www.librairieclavreuil.com\/","name":"Libairie Clavreuil","description":"Livres anciens, manuscrits rares et \u00e9ditions originales \u2013 Librairie Clavreuil","publisher":{"@id":"https:\/\/www.librairieclavreuil.com\/#organization"},"potentialAction":[{"@type":"SearchAction","target":{"@type":"EntryPoint","urlTemplate":"https:\/\/www.librairieclavreuil.com\/?s={search_term_string}"},"query-input":{"@type":"PropertyValueSpecification","valueRequired":true,"valueName":"search_term_string"}}],"inLanguage":"en-US"},{"@type":"Organization","@id":"https:\/\/www.librairieclavreuil.com\/#organization","name":"Libairie Clavreuil","url":"https:\/\/www.librairieclavreuil.com\/","logo":{"@type":"ImageObject","inLanguage":"en-US","@id":"https:\/\/www.librairieclavreuil.com\/#\/schema\/logo\/image\/","url":"https:\/\/www.librairieclavreuil.com\/wp-content\/uploads\/2021\/06\/cropped-LOGO_PNG_DATE-_gold-512x512-1.png","contentUrl":"https:\/\/www.librairieclavreuil.com\/wp-content\/uploads\/2021\/06\/cropped-LOGO_PNG_DATE-_gold-512x512-1.png","width":512,"height":512,"caption":"Libairie Clavreuil"},"image":{"@id":"https:\/\/www.librairieclavreuil.com\/#\/schema\/logo\/image\/"},"sameAs":["https:\/\/www.instagram.com\/librairieclavreuil\/"]}]}},"jetpack_sharing_enabled":true,"_links":{"self":[{"href":"https:\/\/www.librairieclavreuil.com\/en\/wp-json\/wp\/v2\/product\/89173","targetHints":{"allow":["GET"]}}],"collection":[{"href":"https:\/\/www.librairieclavreuil.com\/en\/wp-json\/wp\/v2\/product"}],"about":[{"href":"https:\/\/www.librairieclavreuil.com\/en\/wp-json\/wp\/v2\/types\/product"}],"replies":[{"embeddable":true,"href":"https:\/\/www.librairieclavreuil.com\/en\/wp-json\/wp\/v2\/comments?post=89173"}],"wp:featuredmedia":[{"embeddable":true,"href":"https:\/\/www.librairieclavreuil.com\/en\/wp-json\/wp\/v2\/media\/89152"}],"wp:attachment":[{"href":"https:\/\/www.librairieclavreuil.com\/en\/wp-json\/wp\/v2\/media?parent=89173"}],"wp:term":[{"taxonomy":"product_brand","embeddable":true,"href":"https:\/\/www.librairieclavreuil.com\/en\/wp-json\/wp\/v2\/product_brand?post=89173"},{"taxonomy":"product_cat","embeddable":true,"href":"https:\/\/www.librairieclavreuil.com\/en\/wp-json\/wp\/v2\/product_cat?post=89173"},{"taxonomy":"product_tag","embeddable":true,"href":"https:\/\/www.librairieclavreuil.com\/en\/wp-json\/wp\/v2\/product_tag?post=89173"}],"curies":[{"name":"wp","href":"https:\/\/api.w.org\/{rel}","templated":true}]}}