{"id":89143,"date":"2025-12-17T11:41:24","date_gmt":"2025-12-17T10:41:24","guid":{"rendered":"https:\/\/www.librairieclavreuil.com\/du-tertre-jean-baptiste-histoire-generale-des-antilles-habitees-par-les-francois-divisee-en-deux-tomes-et-enrichie-de-cartes-de-figures\/"},"modified":"2025-12-17T11:41:29","modified_gmt":"2025-12-17T10:41:29","slug":"du-tertre-jean-baptiste-histoire-generale-des-antilles-habitees-par-les-francois-divisee-en-deux-tomes-et-enrichie-de-cartes-de-figures","status":"publish","type":"product","link":"https:\/\/www.librairieclavreuil.com\/en\/du-tertre-jean-baptiste-histoire-generale-des-antilles-habitees-par-les-francois-divisee-en-deux-tomes-et-enrichie-de-cartes-de-figures\/","title":{"rendered":"DU TERTRE Jean Baptiste Histoire g\u00e9n\u00e9rale des Antilles..."},"content":{"rendered":"<p style=\"text-align:justify\"><i>Sabin, 21458 ; Leclerc, Bibliotheca Americana, 1314 ; Picot, Catalogue Rothschild, 1984 (with detailed collation); Dampierre, pp. 97-128 (with detailed collation on p. 124-125) ; Gazin, p. 51; Boucher de la Richarderie, VI, 167.<\/i><\/p>\n<p style=\"text-align:justify\"><span style=\"font-variant:small-caps\">First complete edition of &#8220;one of the most valuable work we possess on the West Indies&#8221; (Sabin).<\/span><\/p>\n<p style=\"text-align:justify\">Copy complete with 2 engraved title-frontispices, 3 plates of coats of arms (1 for Harlay, and 2 for Bignon), 5 double-page maps and 18 plates (of which 7 double-page and 2 fold-outs; exceptionally the 2 botanical plates of volume 2 have remained together on a single sheet). In volume 4, the inscriptions on the plate \u201cCombat de Cayenne\u201d are reversed, whereas the drawing is not. This may be an early print of this plate, as the inscriptions were corrected in subsequent prints.&nbsp;<\/p>\n<p style=\"text-align:justify\">Du Tertre had first published a study in 1654, entitled <i>Histoire g\u00e9n\u00e9rale des isles de Saint-Christophe et d&#8217;autre dans l&#8217;Am\u00e9rique<\/i>, (1 volume in-4to, Paris 1654), based on his manuscript written around 1650 which &#8220;was stolen from him and which his audacious thief had wanted to print under his own name. He does not say so, but he seems to imply that this plagiarist was none other than \u201cle sieur de Rochefort, ministre \u00e0 Rotterdam\u201d, and that it was only the publication that he succeeded in making in 1654 that delayed and thwarted the publication that Rochefort was preparing and only brought to light in 1658&#8221; (see Dampierre).<\/p>\n<p style=\"text-align:justify\">&#8220;Cet ouvrage est tr\u00e8s difficile \u00e0 rencontrer complet. Le P. Dutertre dit dans sa pr\u00e9face qu\u2019il avait fait imprimer son livre en 1654, parce qu\u2019on lui avait d\u00e9rob\u00e9 sa copie. Pendant qu\u2019il le faisait imprimer, le P\u00e8re R. Breton fut pri\u00e9, de la part de M. de Poincy, de donner son vocabulaire de la langue des sauvages, et quelques m\u00e9moires qu\u2019il avait compos\u00e9s, \u00e0 une personne inconnue, qui d\u00e9sirait \u00e9crire une histoire des Antilles. Il sut depuis que c\u2019\u00e9tait le sieur Rochefort, ministre de Rotterdam, qui, apr\u00e8s avoir re\u00e7u le vocabulaire du P. Breton, et inform\u00e9 de l\u2019impression de son ouvrage, fit para\u00eetre le sien en 1658, sous le titre de <i>Histoire naturelle des Antilles de l\u2019Am\u00e9rique<\/i>\u2019.&#8221; (Leclerc).<\/p>\n<p style=\"text-align:justify\">&#8220;Du Tertre naquit \u00e0 Calais en 1610. Son go\u00fbt pour les voyages lui fit prendre passage \u00e0 bord d\u2019un navire hollandais avec lequel il fit plusieurs voyages en Am\u00e9rique ; plus tard, il servit dans l\u2019arm\u00e9e du prince d\u2019Orange, puis, abandonnant cette vie d\u2019aventures, il entra chez les fr\u00e8res pr\u00eacheurs. Ses sup\u00e9rieurs, profitant de son exp\u00e9rience, l\u2019envoy\u00e8rent aux Antilles, dont il entreprit d\u2019\u00e9crire l\u2019histoire. Son livre, fruit d\u2019observations personnelles, est l\u2019ouvrage le plus important qui ait \u00e9t\u00e9 publi\u00e9 sur ces \u00eeles. Les \u00e9crivains post\u00e9rieurs en ont attest\u00e9 la parfaite exactitude&#8221; (Picot).<\/p>\n<p style=\"text-align:justify\">Du Tertre spent eighteen years in the West Indies, from 1640 to 1658, during which time he collected a wealth of information on the natural history of these islands, the customs of their inhabitants and the establishment of the French colonies from 1625 to 1667.<\/p>\n<p style=\"text-align:justify\">&#8220;La partie historique de la relation du P. Du Tertre est d&#8217;une grande exactitude&#8230; En traitant les diff\u00e9rentes branches de l&#8217;histoire naturelle des Antilles avec une telle sagacit\u00e9 dans ses recherches, que tout ce qu&#8217;il en a \u00e9crit fait autorit\u00e9&#8221; (Boucher de la Richarderie).<\/p>\n<p style=\"text-align:justify\">The illustrations consist of an engraved title-frontispiece (repeated in volumes I and II), three leaves showing the arms of the Harlay (1) and Bignon (2) families, 5 double-page maps and 18 plates (7 double-page and 2 folding). &nbsp;a good copy of this fundamental work on the history of the West Indies.<\/p>\n<p style=\"text-align:justify\">Provenance: Mgr Pellot, First President of the Parliament of Normandy (contemporary engraved coat of arms on verso of titles of volumes II and III). Claude Pellot (1619-1683) began his career as provost of the merchants of Lyon (1632-1634) before becoming king&#8217;s adviser and treasurer of France in Lyon. He was then appointed Intendant of the Generalitat of Bordeaux (1663-1669) before becoming First President of the Parliament of Normandy from April 1670 until his death in 1683. Married twice, his second wife was Madeleine Colbert, cousin of Jean-Baptiste Colbert, whom he married in 1669.<\/p>\n<p style=\"text-align:justify\">Occasional marginal wormholes. A very good, complete, copy uniformly bound at the time.<\/p>\n","protected":false},"excerpt":{"rendered":"<p style=\"text-align:justify\">4 parts in 3 volumes, 4to (233 x 186 mm) engraved title-frontispiece, engraved coat of arms of Harlay, 10 nn.ll. (title, preface, tables), 593 pp. (misnumbered 935), 1 nn.l. (errata), 3 engraved double-page maps for volume I; engraved title-frontispiece, 8 nn.ll. (title, preface, table, privilege), 539 pp., 14 plates (including 5 double page, 2 botanical plates printed on one double sheet) for volume II; 9 nn.ll. (half-title, title, engraved coat of arms of Bignon, preface, approbation, privilege, intriductin to the reader), 317 pp., 4 nn.ll. (table), 2 engraved double page maps for part III; 4 nn.ll. (title, engraved coat of arms of Bignon, preface), 362 pp., 7 nn.ll. (table, privilege), 4 plates (including 2 folding and 2 double page) for part IV. Contemporary mottled calf, spine gilt with raised bands, red speckeld edges (some expert restorations to spines and corners).<\/p>\n","protected":false},"featured_media":89110,"comment_status":"open","ping_status":"closed","template":"","meta":{"_acf_changed":false},"product_brand":[],"product_cat":[552],"product_tag":[1363,1224,1450],"class_list":{"0":"post-89143","1":"product","2":"type-product","3":"status-publish","4":"has-post-thumbnail","6":"product_cat-travel","7":"product_tag-caribbean","8":"product_tag-colony","9":"product_tag-first-edition","10":"pa_auteur-du-tertre-jean-baptiste-2","11":"pa_type-de-livre-printed-book","13":"first","14":"instock","15":"shipping-taxable","16":"purchasable","17":"product-type-simple"},"acf":{"artist":"Jean Baptiste DU TERTRE","chapeau":"","adresse_bibliographique":"Paris, Thomas Jolly, 1667-1671","book_type":"Printed book","provenance":"","afficher_prix":""},"yoast_head":"<!-- This site is optimized with the Yoast SEO plugin v24.7 - https:\/\/yoast.com\/wordpress\/plugins\/seo\/ -->\n<title>DU TERTRE Jean Baptiste Histoire g\u00e9n\u00e9rale des Antilles habit\u00e9es par les Fran\u00e7ois. Divis\u00e9e en deux tomes, Et enrichie de cartes &amp; de figures. - Libairie Clavreuil<\/title>\n<meta name=\"robots\" content=\"index, follow, max-snippet:-1, max-image-preview:large, max-video-preview:-1\" \/>\n<link rel=\"canonical\" href=\"https:\/\/www.librairieclavreuil.com\/en\/du-tertre-jean-baptiste-histoire-generale-des-antilles-habitees-par-les-francois-divisee-en-deux-tomes-et-enrichie-de-cartes-de-figures\/\" \/>\n<meta property=\"og:locale\" content=\"en_US\" \/>\n<meta property=\"og:type\" content=\"article\" \/>\n<meta property=\"og:title\" content=\"DU TERTRE Jean Baptiste Histoire g\u00e9n\u00e9rale des Antilles habit\u00e9es par les Fran\u00e7ois. Divis\u00e9e en deux tomes, Et enrichie de cartes &amp; de figures. - Libairie Clavreuil\" \/>\n<meta property=\"og:description\" content=\"4 parts in 3 volumes, 4to (233 x 186 mm) engraved title-frontispiece, engraved coat of arms of Harlay, 10 nn.ll. (title, preface, tables), 593 pp. (misnumbered 935), 1 nn.l. (errata), 3 engraved double-page maps for volume I; engraved title-frontispiece, 8 nn.ll. (title, preface, table, privilege), 539 pp., 14 plates (including 5 double page, 2 botanical plates printed on one double sheet) for volume II; 9 nn.ll. (half-title, title, engraved coat of arms of Bignon, preface, approbation, privilege, intriductin to the reader), 317 pp., 4 nn.ll. (table), 2 engraved double page maps for part III; 4 nn.ll. (title, engraved coat of arms of Bignon, preface), 362 pp., 7 nn.ll. (table, privilege), 4 plates (including 2 folding and 2 double page) for part IV. Contemporary mottled calf, spine gilt with raised bands, red speckeld edges (some expert restorations to spines and corners).\" \/>\n<meta property=\"og:url\" content=\"https:\/\/www.librairieclavreuil.com\/en\/du-tertre-jean-baptiste-histoire-generale-des-antilles-habitees-par-les-francois-divisee-en-deux-tomes-et-enrichie-de-cartes-de-figures\/\" \/>\n<meta property=\"og:site_name\" content=\"Libairie Clavreuil\" \/>\n<meta property=\"article:modified_time\" content=\"2025-12-17T10:41:29+00:00\" \/>\n<meta property=\"og:image\" content=\"https:\/\/www.librairieclavreuil.com\/wp-content\/uploads\/2025\/12\/jean-baptiste-du-tertre-histoire-generale-des-antilles-habitees-par-les-francois-divisee-en-deux-tomes-et-enrichie-de-cartes-de-figures-9801-69419de45acdb.jpg\" \/>\n\t<meta property=\"og:image:width\" content=\"622\" \/>\n\t<meta property=\"og:image:height\" content=\"800\" \/>\n\t<meta property=\"og:image:type\" content=\"image\/jpeg\" \/>\n<meta name=\"twitter:card\" content=\"summary_large_image\" \/>\n<meta name=\"twitter:label1\" content=\"Est. reading time\" \/>\n\t<meta name=\"twitter:data1\" content=\"3 minutes\" \/>\n<script type=\"application\/ld+json\" class=\"yoast-schema-graph\">{\"@context\":\"https:\/\/schema.org\",\"@graph\":[{\"@type\":\"WebPage\",\"@id\":\"https:\/\/www.librairieclavreuil.com\/en\/du-tertre-jean-baptiste-histoire-generale-des-antilles-habitees-par-les-francois-divisee-en-deux-tomes-et-enrichie-de-cartes-de-figures\/\",\"url\":\"https:\/\/www.librairieclavreuil.com\/en\/du-tertre-jean-baptiste-histoire-generale-des-antilles-habitees-par-les-francois-divisee-en-deux-tomes-et-enrichie-de-cartes-de-figures\/\",\"name\":\"DU TERTRE Jean Baptiste Histoire g\u00e9n\u00e9rale des Antilles habit\u00e9es par les Fran\u00e7ois. Divis\u00e9e en deux tomes, Et enrichie de cartes &amp; de figures. - Libairie Clavreuil\",\"isPartOf\":{\"@id\":\"https:\/\/www.librairieclavreuil.com\/#website\"},\"primaryImageOfPage\":{\"@id\":\"https:\/\/www.librairieclavreuil.com\/en\/du-tertre-jean-baptiste-histoire-generale-des-antilles-habitees-par-les-francois-divisee-en-deux-tomes-et-enrichie-de-cartes-de-figures\/#primaryimage\"},\"image\":{\"@id\":\"https:\/\/www.librairieclavreuil.com\/en\/du-tertre-jean-baptiste-histoire-generale-des-antilles-habitees-par-les-francois-divisee-en-deux-tomes-et-enrichie-de-cartes-de-figures\/#primaryimage\"},\"thumbnailUrl\":\"https:\/\/www.librairieclavreuil.com\/wp-content\/uploads\/2025\/12\/jean-baptiste-du-tertre-histoire-generale-des-antilles-habitees-par-les-francois-divisee-en-deux-tomes-et-enrichie-de-cartes-de-figures-9801-69419de45acdb.jpg\",\"datePublished\":\"2025-12-17T10:41:24+00:00\",\"dateModified\":\"2025-12-17T10:41:29+00:00\",\"breadcrumb\":{\"@id\":\"https:\/\/www.librairieclavreuil.com\/en\/du-tertre-jean-baptiste-histoire-generale-des-antilles-habitees-par-les-francois-divisee-en-deux-tomes-et-enrichie-de-cartes-de-figures\/#breadcrumb\"},\"inLanguage\":\"en-US\",\"potentialAction\":[{\"@type\":\"ReadAction\",\"target\":[\"https:\/\/www.librairieclavreuil.com\/en\/du-tertre-jean-baptiste-histoire-generale-des-antilles-habitees-par-les-francois-divisee-en-deux-tomes-et-enrichie-de-cartes-de-figures\/\"]}]},{\"@type\":\"ImageObject\",\"inLanguage\":\"en-US\",\"@id\":\"https:\/\/www.librairieclavreuil.com\/en\/du-tertre-jean-baptiste-histoire-generale-des-antilles-habitees-par-les-francois-divisee-en-deux-tomes-et-enrichie-de-cartes-de-figures\/#primaryimage\",\"url\":\"https:\/\/www.librairieclavreuil.com\/wp-content\/uploads\/2025\/12\/jean-baptiste-du-tertre-histoire-generale-des-antilles-habitees-par-les-francois-divisee-en-deux-tomes-et-enrichie-de-cartes-de-figures-9801-69419de45acdb.jpg\",\"contentUrl\":\"https:\/\/www.librairieclavreuil.com\/wp-content\/uploads\/2025\/12\/jean-baptiste-du-tertre-histoire-generale-des-antilles-habitees-par-les-francois-divisee-en-deux-tomes-et-enrichie-de-cartes-de-figures-9801-69419de45acdb.jpg\",\"width\":622,\"height\":800},{\"@type\":\"BreadcrumbList\",\"@id\":\"https:\/\/www.librairieclavreuil.com\/en\/du-tertre-jean-baptiste-histoire-generale-des-antilles-habitees-par-les-francois-divisee-en-deux-tomes-et-enrichie-de-cartes-de-figures\/#breadcrumb\",\"itemListElement\":[{\"@type\":\"ListItem\",\"position\":1,\"name\":\"Accueil\",\"item\":\"https:\/\/www.librairieclavreuil.com\/\"},{\"@type\":\"ListItem\",\"position\":2,\"name\":\"All our books\",\"item\":\"https:\/\/www.librairieclavreuil.com\/en\/all-our-books\/\"},{\"@type\":\"ListItem\",\"position\":3,\"name\":\"DU TERTRE Jean Baptiste Histoire g\u00e9n\u00e9rale des Antilles...\"}]},{\"@type\":\"WebSite\",\"@id\":\"https:\/\/www.librairieclavreuil.com\/#website\",\"url\":\"https:\/\/www.librairieclavreuil.com\/\",\"name\":\"Libairie Clavreuil\",\"description\":\"Livres anciens, manuscrits rares et \u00e9ditions originales \u2013 Librairie Clavreuil\",\"publisher\":{\"@id\":\"https:\/\/www.librairieclavreuil.com\/#organization\"},\"potentialAction\":[{\"@type\":\"SearchAction\",\"target\":{\"@type\":\"EntryPoint\",\"urlTemplate\":\"https:\/\/www.librairieclavreuil.com\/?s={search_term_string}\"},\"query-input\":{\"@type\":\"PropertyValueSpecification\",\"valueRequired\":true,\"valueName\":\"search_term_string\"}}],\"inLanguage\":\"en-US\"},{\"@type\":\"Organization\",\"@id\":\"https:\/\/www.librairieclavreuil.com\/#organization\",\"name\":\"Libairie Clavreuil\",\"url\":\"https:\/\/www.librairieclavreuil.com\/\",\"logo\":{\"@type\":\"ImageObject\",\"inLanguage\":\"en-US\",\"@id\":\"https:\/\/www.librairieclavreuil.com\/#\/schema\/logo\/image\/\",\"url\":\"https:\/\/www.librairieclavreuil.com\/wp-content\/uploads\/2021\/06\/cropped-LOGO_PNG_DATE-_gold-512x512-1.png\",\"contentUrl\":\"https:\/\/www.librairieclavreuil.com\/wp-content\/uploads\/2021\/06\/cropped-LOGO_PNG_DATE-_gold-512x512-1.png\",\"width\":512,\"height\":512,\"caption\":\"Libairie Clavreuil\"},\"image\":{\"@id\":\"https:\/\/www.librairieclavreuil.com\/#\/schema\/logo\/image\/\"},\"sameAs\":[\"https:\/\/www.instagram.com\/librairieclavreuil\/\"]}]}<\/script>\n<!-- \/ Yoast SEO plugin. -->","yoast_head_json":{"title":"DU TERTRE Jean Baptiste Histoire g\u00e9n\u00e9rale des Antilles habit\u00e9es par les Fran\u00e7ois. Divis\u00e9e en deux tomes, Et enrichie de cartes &amp; de figures. - Libairie Clavreuil","robots":{"index":"index","follow":"follow","max-snippet":"max-snippet:-1","max-image-preview":"max-image-preview:large","max-video-preview":"max-video-preview:-1"},"canonical":"https:\/\/www.librairieclavreuil.com\/en\/du-tertre-jean-baptiste-histoire-generale-des-antilles-habitees-par-les-francois-divisee-en-deux-tomes-et-enrichie-de-cartes-de-figures\/","og_locale":"en_US","og_type":"article","og_title":"DU TERTRE Jean Baptiste Histoire g\u00e9n\u00e9rale des Antilles habit\u00e9es par les Fran\u00e7ois. Divis\u00e9e en deux tomes, Et enrichie de cartes &amp; de figures. - Libairie Clavreuil","og_description":"4 parts in 3 volumes, 4to (233 x 186 mm) engraved title-frontispiece, engraved coat of arms of Harlay, 10 nn.ll. (title, preface, tables), 593 pp. (misnumbered 935), 1 nn.l. (errata), 3 engraved double-page maps for volume I; engraved title-frontispiece, 8 nn.ll. (title, preface, table, privilege), 539 pp., 14 plates (including 5 double page, 2 botanical plates printed on one double sheet) for volume II; 9 nn.ll. (half-title, title, engraved coat of arms of Bignon, preface, approbation, privilege, intriductin to the reader), 317 pp., 4 nn.ll. (table), 2 engraved double page maps for part III; 4 nn.ll. (title, engraved coat of arms of Bignon, preface), 362 pp., 7 nn.ll. (table, privilege), 4 plates (including 2 folding and 2 double page) for part IV. Contemporary mottled calf, spine gilt with raised bands, red speckeld edges (some expert restorations to spines and corners).","og_url":"https:\/\/www.librairieclavreuil.com\/en\/du-tertre-jean-baptiste-histoire-generale-des-antilles-habitees-par-les-francois-divisee-en-deux-tomes-et-enrichie-de-cartes-de-figures\/","og_site_name":"Libairie Clavreuil","article_modified_time":"2025-12-17T10:41:29+00:00","og_image":[{"width":622,"height":800,"url":"https:\/\/www.librairieclavreuil.com\/wp-content\/uploads\/2025\/12\/jean-baptiste-du-tertre-histoire-generale-des-antilles-habitees-par-les-francois-divisee-en-deux-tomes-et-enrichie-de-cartes-de-figures-9801-69419de45acdb.jpg","type":"image\/jpeg"}],"twitter_card":"summary_large_image","twitter_misc":{"Est. reading time":"3 minutes"},"schema":{"@context":"https:\/\/schema.org","@graph":[{"@type":"WebPage","@id":"https:\/\/www.librairieclavreuil.com\/en\/du-tertre-jean-baptiste-histoire-generale-des-antilles-habitees-par-les-francois-divisee-en-deux-tomes-et-enrichie-de-cartes-de-figures\/","url":"https:\/\/www.librairieclavreuil.com\/en\/du-tertre-jean-baptiste-histoire-generale-des-antilles-habitees-par-les-francois-divisee-en-deux-tomes-et-enrichie-de-cartes-de-figures\/","name":"DU TERTRE Jean Baptiste Histoire g\u00e9n\u00e9rale des Antilles habit\u00e9es par les Fran\u00e7ois. Divis\u00e9e en deux tomes, Et enrichie de cartes &amp; de figures. - Libairie Clavreuil","isPartOf":{"@id":"https:\/\/www.librairieclavreuil.com\/#website"},"primaryImageOfPage":{"@id":"https:\/\/www.librairieclavreuil.com\/en\/du-tertre-jean-baptiste-histoire-generale-des-antilles-habitees-par-les-francois-divisee-en-deux-tomes-et-enrichie-de-cartes-de-figures\/#primaryimage"},"image":{"@id":"https:\/\/www.librairieclavreuil.com\/en\/du-tertre-jean-baptiste-histoire-generale-des-antilles-habitees-par-les-francois-divisee-en-deux-tomes-et-enrichie-de-cartes-de-figures\/#primaryimage"},"thumbnailUrl":"https:\/\/www.librairieclavreuil.com\/wp-content\/uploads\/2025\/12\/jean-baptiste-du-tertre-histoire-generale-des-antilles-habitees-par-les-francois-divisee-en-deux-tomes-et-enrichie-de-cartes-de-figures-9801-69419de45acdb.jpg","datePublished":"2025-12-17T10:41:24+00:00","dateModified":"2025-12-17T10:41:29+00:00","breadcrumb":{"@id":"https:\/\/www.librairieclavreuil.com\/en\/du-tertre-jean-baptiste-histoire-generale-des-antilles-habitees-par-les-francois-divisee-en-deux-tomes-et-enrichie-de-cartes-de-figures\/#breadcrumb"},"inLanguage":"en-US","potentialAction":[{"@type":"ReadAction","target":["https:\/\/www.librairieclavreuil.com\/en\/du-tertre-jean-baptiste-histoire-generale-des-antilles-habitees-par-les-francois-divisee-en-deux-tomes-et-enrichie-de-cartes-de-figures\/"]}]},{"@type":"ImageObject","inLanguage":"en-US","@id":"https:\/\/www.librairieclavreuil.com\/en\/du-tertre-jean-baptiste-histoire-generale-des-antilles-habitees-par-les-francois-divisee-en-deux-tomes-et-enrichie-de-cartes-de-figures\/#primaryimage","url":"https:\/\/www.librairieclavreuil.com\/wp-content\/uploads\/2025\/12\/jean-baptiste-du-tertre-histoire-generale-des-antilles-habitees-par-les-francois-divisee-en-deux-tomes-et-enrichie-de-cartes-de-figures-9801-69419de45acdb.jpg","contentUrl":"https:\/\/www.librairieclavreuil.com\/wp-content\/uploads\/2025\/12\/jean-baptiste-du-tertre-histoire-generale-des-antilles-habitees-par-les-francois-divisee-en-deux-tomes-et-enrichie-de-cartes-de-figures-9801-69419de45acdb.jpg","width":622,"height":800},{"@type":"BreadcrumbList","@id":"https:\/\/www.librairieclavreuil.com\/en\/du-tertre-jean-baptiste-histoire-generale-des-antilles-habitees-par-les-francois-divisee-en-deux-tomes-et-enrichie-de-cartes-de-figures\/#breadcrumb","itemListElement":[{"@type":"ListItem","position":1,"name":"Accueil","item":"https:\/\/www.librairieclavreuil.com\/"},{"@type":"ListItem","position":2,"name":"All our books","item":"https:\/\/www.librairieclavreuil.com\/en\/all-our-books\/"},{"@type":"ListItem","position":3,"name":"DU TERTRE Jean Baptiste Histoire g\u00e9n\u00e9rale des Antilles..."}]},{"@type":"WebSite","@id":"https:\/\/www.librairieclavreuil.com\/#website","url":"https:\/\/www.librairieclavreuil.com\/","name":"Libairie Clavreuil","description":"Livres anciens, manuscrits rares et \u00e9ditions originales \u2013 Librairie Clavreuil","publisher":{"@id":"https:\/\/www.librairieclavreuil.com\/#organization"},"potentialAction":[{"@type":"SearchAction","target":{"@type":"EntryPoint","urlTemplate":"https:\/\/www.librairieclavreuil.com\/?s={search_term_string}"},"query-input":{"@type":"PropertyValueSpecification","valueRequired":true,"valueName":"search_term_string"}}],"inLanguage":"en-US"},{"@type":"Organization","@id":"https:\/\/www.librairieclavreuil.com\/#organization","name":"Libairie Clavreuil","url":"https:\/\/www.librairieclavreuil.com\/","logo":{"@type":"ImageObject","inLanguage":"en-US","@id":"https:\/\/www.librairieclavreuil.com\/#\/schema\/logo\/image\/","url":"https:\/\/www.librairieclavreuil.com\/wp-content\/uploads\/2021\/06\/cropped-LOGO_PNG_DATE-_gold-512x512-1.png","contentUrl":"https:\/\/www.librairieclavreuil.com\/wp-content\/uploads\/2021\/06\/cropped-LOGO_PNG_DATE-_gold-512x512-1.png","width":512,"height":512,"caption":"Libairie Clavreuil"},"image":{"@id":"https:\/\/www.librairieclavreuil.com\/#\/schema\/logo\/image\/"},"sameAs":["https:\/\/www.instagram.com\/librairieclavreuil\/"]}]}},"jetpack_sharing_enabled":true,"_links":{"self":[{"href":"https:\/\/www.librairieclavreuil.com\/en\/wp-json\/wp\/v2\/product\/89143","targetHints":{"allow":["GET"]}}],"collection":[{"href":"https:\/\/www.librairieclavreuil.com\/en\/wp-json\/wp\/v2\/product"}],"about":[{"href":"https:\/\/www.librairieclavreuil.com\/en\/wp-json\/wp\/v2\/types\/product"}],"replies":[{"embeddable":true,"href":"https:\/\/www.librairieclavreuil.com\/en\/wp-json\/wp\/v2\/comments?post=89143"}],"wp:featuredmedia":[{"embeddable":true,"href":"https:\/\/www.librairieclavreuil.com\/en\/wp-json\/wp\/v2\/media\/89110"}],"wp:attachment":[{"href":"https:\/\/www.librairieclavreuil.com\/en\/wp-json\/wp\/v2\/media?parent=89143"}],"wp:term":[{"taxonomy":"product_brand","embeddable":true,"href":"https:\/\/www.librairieclavreuil.com\/en\/wp-json\/wp\/v2\/product_brand?post=89143"},{"taxonomy":"product_cat","embeddable":true,"href":"https:\/\/www.librairieclavreuil.com\/en\/wp-json\/wp\/v2\/product_cat?post=89143"},{"taxonomy":"product_tag","embeddable":true,"href":"https:\/\/www.librairieclavreuil.com\/en\/wp-json\/wp\/v2\/product_tag?post=89143"}],"curies":[{"name":"wp","href":"https:\/\/api.w.org\/{rel}","templated":true}]}}