{"id":89101,"date":"2025-12-12T11:57:44","date_gmt":"2025-12-12T10:57:44","guid":{"rendered":"https:\/\/www.librairieclavreuil.com\/forbin-louis-nicolas-philippe-auguste-voyage-dans-le-levant\/"},"modified":"2025-12-12T11:57:49","modified_gmt":"2025-12-12T10:57:49","slug":"forbin-louis-nicolas-philippe-auguste-voyage-dans-le-levant","status":"publish","type":"product","link":"https:\/\/www.librairieclavreuil.com\/en\/forbin-louis-nicolas-philippe-auguste-voyage-dans-le-levant\/","title":{"rendered":"FORBIN Louis Nicolas Philippe Auguste Voyage dans le..."},"content":{"rendered":"<p style=\"text-align:justify\"><i>Qu\u00e9rard, III, 160 ; see Blackmer, 614 &amp; Ko\u00e7 Collection, 209 (for the deluxe edition printed in 325 copies only).<\/i><\/p>\n<p style=\"text-align:justify\"><span style=\"font-variant:small-caps\">First separate edition of the text.<\/span><\/p>\n<p style=\"text-align:justify\">&#8220;Apparently there is an issue with the words &#8216;seconde \u00e9dition&#8217; on the title. The small folio plates were to be purchased separately&#8221; (Atabey).<\/p>\n<p style=\"text-align:justify\">It was Chateaubriand who probably determined Louis de Forbin&#8217;s vocation to take to the sea in 1817, to travel to Asia Minor (Constantinople, Ephesus), then to Palestine and Egypt where he went up the Nile. Forbin had replaced Vivant Denon as director of the French Museums in 1816 and it was in a semi-official capacity that he undertook this trip, with the aim of acquiring antiquities for the Louvre. He also went to Milos, where his son-in-law Marcellus had negotiated the purchase of the recently discovered Venus for France. The large folding plan shows the &#8216;Saint S\u00e9pulcre \u00e0 J\u00e9rusalem&#8217; and is often missing.<\/p>\n<p style=\"text-align:justify\">The last portion of the book contains the detailed descriptions of the plates issued separately.<\/p>\n<p style=\"text-align:justify\">Provenance : biblioth\u00e8que Baguenault de Puchesse (book plate)<\/p>\n","protected":false},"excerpt":{"rendered":"<p style=\"text-align:justify\">8vo (196 x 125mm) de 6 un.l., 460 pp., 1 large engraved folding plan. Contemporary tree-calf, flat spine gilt, marbled edges.<\/p>\n","protected":false},"featured_media":89094,"comment_status":"open","ping_status":"closed","template":"","meta":{"_acf_changed":false},"product_brand":[],"product_cat":[552],"product_tag":[1403],"class_list":{"0":"post-89101","1":"product","2":"type-product","3":"status-publish","4":"has-post-thumbnail","6":"product_cat-travel","7":"product_tag-middle-east-in-general","8":"pa_auteur-forbin-louis-nicolas-philippe-auguste-2","9":"pa_type-de-livre-printed-book","11":"first","12":"instock","13":"shipping-taxable","14":"purchasable","15":"product-type-simple"},"acf":{"artist":" Louis Nicolas Philippe Auguste FORBIN","chapeau":"","adresse_bibliographique":"Paris, Imprimerie Royale, 1819","book_type":"Printed book","provenance":"","afficher_prix":""},"yoast_head":"<!-- This site is optimized with the Yoast SEO plugin v24.7 - https:\/\/yoast.com\/wordpress\/plugins\/seo\/ -->\n<title>FORBIN Louis Nicolas Philippe Auguste Voyage dans le Levant. - Libairie Clavreuil<\/title>\n<meta name=\"robots\" content=\"index, follow, max-snippet:-1, max-image-preview:large, max-video-preview:-1\" \/>\n<link rel=\"canonical\" href=\"https:\/\/www.librairieclavreuil.com\/en\/forbin-louis-nicolas-philippe-auguste-voyage-dans-le-levant\/\" \/>\n<meta property=\"og:locale\" content=\"en_US\" \/>\n<meta property=\"og:type\" content=\"article\" \/>\n<meta property=\"og:title\" content=\"FORBIN Louis Nicolas Philippe Auguste Voyage dans le Levant. - Libairie Clavreuil\" \/>\n<meta property=\"og:description\" content=\"8vo (196 x 125mm) de 6 un.l., 460 pp., 1 large engraved folding plan. Contemporary tree-calf, flat spine gilt, marbled edges.\" \/>\n<meta property=\"og:url\" content=\"https:\/\/www.librairieclavreuil.com\/en\/forbin-louis-nicolas-philippe-auguste-voyage-dans-le-levant\/\" \/>\n<meta property=\"og:site_name\" content=\"Libairie Clavreuil\" \/>\n<meta property=\"article:modified_time\" content=\"2025-12-12T10:57:49+00:00\" \/>\n<meta property=\"og:image\" content=\"https:\/\/www.librairieclavreuil.com\/wp-content\/uploads\/2025\/12\/louis-nicolas-philippe-auguste-forbin-voyage-dans-le-levant-9875-693bf502ce220.jpg\" \/>\n\t<meta property=\"og:image:width\" content=\"622\" \/>\n\t<meta property=\"og:image:height\" content=\"800\" \/>\n\t<meta property=\"og:image:type\" content=\"image\/jpeg\" \/>\n<meta name=\"twitter:card\" content=\"summary_large_image\" \/>\n<meta name=\"twitter:label1\" content=\"Est. reading time\" \/>\n\t<meta name=\"twitter:data1\" content=\"1 minute\" \/>\n<script type=\"application\/ld+json\" class=\"yoast-schema-graph\">{\"@context\":\"https:\/\/schema.org\",\"@graph\":[{\"@type\":\"WebPage\",\"@id\":\"https:\/\/www.librairieclavreuil.com\/en\/forbin-louis-nicolas-philippe-auguste-voyage-dans-le-levant\/\",\"url\":\"https:\/\/www.librairieclavreuil.com\/en\/forbin-louis-nicolas-philippe-auguste-voyage-dans-le-levant\/\",\"name\":\"FORBIN Louis Nicolas Philippe Auguste Voyage dans le Levant. - Libairie Clavreuil\",\"isPartOf\":{\"@id\":\"https:\/\/www.librairieclavreuil.com\/#website\"},\"primaryImageOfPage\":{\"@id\":\"https:\/\/www.librairieclavreuil.com\/en\/forbin-louis-nicolas-philippe-auguste-voyage-dans-le-levant\/#primaryimage\"},\"image\":{\"@id\":\"https:\/\/www.librairieclavreuil.com\/en\/forbin-louis-nicolas-philippe-auguste-voyage-dans-le-levant\/#primaryimage\"},\"thumbnailUrl\":\"https:\/\/www.librairieclavreuil.com\/wp-content\/uploads\/2025\/12\/louis-nicolas-philippe-auguste-forbin-voyage-dans-le-levant-9875-693bf502ce220.jpg\",\"datePublished\":\"2025-12-12T10:57:44+00:00\",\"dateModified\":\"2025-12-12T10:57:49+00:00\",\"breadcrumb\":{\"@id\":\"https:\/\/www.librairieclavreuil.com\/en\/forbin-louis-nicolas-philippe-auguste-voyage-dans-le-levant\/#breadcrumb\"},\"inLanguage\":\"en-US\",\"potentialAction\":[{\"@type\":\"ReadAction\",\"target\":[\"https:\/\/www.librairieclavreuil.com\/en\/forbin-louis-nicolas-philippe-auguste-voyage-dans-le-levant\/\"]}]},{\"@type\":\"ImageObject\",\"inLanguage\":\"en-US\",\"@id\":\"https:\/\/www.librairieclavreuil.com\/en\/forbin-louis-nicolas-philippe-auguste-voyage-dans-le-levant\/#primaryimage\",\"url\":\"https:\/\/www.librairieclavreuil.com\/wp-content\/uploads\/2025\/12\/louis-nicolas-philippe-auguste-forbin-voyage-dans-le-levant-9875-693bf502ce220.jpg\",\"contentUrl\":\"https:\/\/www.librairieclavreuil.com\/wp-content\/uploads\/2025\/12\/louis-nicolas-philippe-auguste-forbin-voyage-dans-le-levant-9875-693bf502ce220.jpg\",\"width\":622,\"height\":800},{\"@type\":\"BreadcrumbList\",\"@id\":\"https:\/\/www.librairieclavreuil.com\/en\/forbin-louis-nicolas-philippe-auguste-voyage-dans-le-levant\/#breadcrumb\",\"itemListElement\":[{\"@type\":\"ListItem\",\"position\":1,\"name\":\"Accueil\",\"item\":\"https:\/\/www.librairieclavreuil.com\/\"},{\"@type\":\"ListItem\",\"position\":2,\"name\":\"All our books\",\"item\":\"https:\/\/www.librairieclavreuil.com\/en\/all-our-books\/\"},{\"@type\":\"ListItem\",\"position\":3,\"name\":\"FORBIN Louis Nicolas Philippe Auguste Voyage dans le...\"}]},{\"@type\":\"WebSite\",\"@id\":\"https:\/\/www.librairieclavreuil.com\/#website\",\"url\":\"https:\/\/www.librairieclavreuil.com\/\",\"name\":\"Libairie Clavreuil\",\"description\":\"Livres anciens, manuscrits rares et \u00e9ditions originales \u2013 Librairie Clavreuil\",\"publisher\":{\"@id\":\"https:\/\/www.librairieclavreuil.com\/#organization\"},\"potentialAction\":[{\"@type\":\"SearchAction\",\"target\":{\"@type\":\"EntryPoint\",\"urlTemplate\":\"https:\/\/www.librairieclavreuil.com\/?s={search_term_string}\"},\"query-input\":{\"@type\":\"PropertyValueSpecification\",\"valueRequired\":true,\"valueName\":\"search_term_string\"}}],\"inLanguage\":\"en-US\"},{\"@type\":\"Organization\",\"@id\":\"https:\/\/www.librairieclavreuil.com\/#organization\",\"name\":\"Libairie Clavreuil\",\"url\":\"https:\/\/www.librairieclavreuil.com\/\",\"logo\":{\"@type\":\"ImageObject\",\"inLanguage\":\"en-US\",\"@id\":\"https:\/\/www.librairieclavreuil.com\/#\/schema\/logo\/image\/\",\"url\":\"https:\/\/www.librairieclavreuil.com\/wp-content\/uploads\/2021\/06\/cropped-LOGO_PNG_DATE-_gold-512x512-1.png\",\"contentUrl\":\"https:\/\/www.librairieclavreuil.com\/wp-content\/uploads\/2021\/06\/cropped-LOGO_PNG_DATE-_gold-512x512-1.png\",\"width\":512,\"height\":512,\"caption\":\"Libairie Clavreuil\"},\"image\":{\"@id\":\"https:\/\/www.librairieclavreuil.com\/#\/schema\/logo\/image\/\"},\"sameAs\":[\"https:\/\/www.instagram.com\/librairieclavreuil\/\"]}]}<\/script>\n<!-- \/ Yoast SEO plugin. -->","yoast_head_json":{"title":"FORBIN Louis Nicolas Philippe Auguste Voyage dans le Levant. - Libairie Clavreuil","robots":{"index":"index","follow":"follow","max-snippet":"max-snippet:-1","max-image-preview":"max-image-preview:large","max-video-preview":"max-video-preview:-1"},"canonical":"https:\/\/www.librairieclavreuil.com\/en\/forbin-louis-nicolas-philippe-auguste-voyage-dans-le-levant\/","og_locale":"en_US","og_type":"article","og_title":"FORBIN Louis Nicolas Philippe Auguste Voyage dans le Levant. - Libairie Clavreuil","og_description":"8vo (196 x 125mm) de 6 un.l., 460 pp., 1 large engraved folding plan. Contemporary tree-calf, flat spine gilt, marbled edges.","og_url":"https:\/\/www.librairieclavreuil.com\/en\/forbin-louis-nicolas-philippe-auguste-voyage-dans-le-levant\/","og_site_name":"Libairie Clavreuil","article_modified_time":"2025-12-12T10:57:49+00:00","og_image":[{"width":622,"height":800,"url":"https:\/\/www.librairieclavreuil.com\/wp-content\/uploads\/2025\/12\/louis-nicolas-philippe-auguste-forbin-voyage-dans-le-levant-9875-693bf502ce220.jpg","type":"image\/jpeg"}],"twitter_card":"summary_large_image","twitter_misc":{"Est. reading time":"1 minute"},"schema":{"@context":"https:\/\/schema.org","@graph":[{"@type":"WebPage","@id":"https:\/\/www.librairieclavreuil.com\/en\/forbin-louis-nicolas-philippe-auguste-voyage-dans-le-levant\/","url":"https:\/\/www.librairieclavreuil.com\/en\/forbin-louis-nicolas-philippe-auguste-voyage-dans-le-levant\/","name":"FORBIN Louis Nicolas Philippe Auguste Voyage dans le Levant. - Libairie Clavreuil","isPartOf":{"@id":"https:\/\/www.librairieclavreuil.com\/#website"},"primaryImageOfPage":{"@id":"https:\/\/www.librairieclavreuil.com\/en\/forbin-louis-nicolas-philippe-auguste-voyage-dans-le-levant\/#primaryimage"},"image":{"@id":"https:\/\/www.librairieclavreuil.com\/en\/forbin-louis-nicolas-philippe-auguste-voyage-dans-le-levant\/#primaryimage"},"thumbnailUrl":"https:\/\/www.librairieclavreuil.com\/wp-content\/uploads\/2025\/12\/louis-nicolas-philippe-auguste-forbin-voyage-dans-le-levant-9875-693bf502ce220.jpg","datePublished":"2025-12-12T10:57:44+00:00","dateModified":"2025-12-12T10:57:49+00:00","breadcrumb":{"@id":"https:\/\/www.librairieclavreuil.com\/en\/forbin-louis-nicolas-philippe-auguste-voyage-dans-le-levant\/#breadcrumb"},"inLanguage":"en-US","potentialAction":[{"@type":"ReadAction","target":["https:\/\/www.librairieclavreuil.com\/en\/forbin-louis-nicolas-philippe-auguste-voyage-dans-le-levant\/"]}]},{"@type":"ImageObject","inLanguage":"en-US","@id":"https:\/\/www.librairieclavreuil.com\/en\/forbin-louis-nicolas-philippe-auguste-voyage-dans-le-levant\/#primaryimage","url":"https:\/\/www.librairieclavreuil.com\/wp-content\/uploads\/2025\/12\/louis-nicolas-philippe-auguste-forbin-voyage-dans-le-levant-9875-693bf502ce220.jpg","contentUrl":"https:\/\/www.librairieclavreuil.com\/wp-content\/uploads\/2025\/12\/louis-nicolas-philippe-auguste-forbin-voyage-dans-le-levant-9875-693bf502ce220.jpg","width":622,"height":800},{"@type":"BreadcrumbList","@id":"https:\/\/www.librairieclavreuil.com\/en\/forbin-louis-nicolas-philippe-auguste-voyage-dans-le-levant\/#breadcrumb","itemListElement":[{"@type":"ListItem","position":1,"name":"Accueil","item":"https:\/\/www.librairieclavreuil.com\/"},{"@type":"ListItem","position":2,"name":"All our books","item":"https:\/\/www.librairieclavreuil.com\/en\/all-our-books\/"},{"@type":"ListItem","position":3,"name":"FORBIN Louis Nicolas Philippe Auguste Voyage dans le..."}]},{"@type":"WebSite","@id":"https:\/\/www.librairieclavreuil.com\/#website","url":"https:\/\/www.librairieclavreuil.com\/","name":"Libairie Clavreuil","description":"Livres anciens, manuscrits rares et \u00e9ditions originales \u2013 Librairie Clavreuil","publisher":{"@id":"https:\/\/www.librairieclavreuil.com\/#organization"},"potentialAction":[{"@type":"SearchAction","target":{"@type":"EntryPoint","urlTemplate":"https:\/\/www.librairieclavreuil.com\/?s={search_term_string}"},"query-input":{"@type":"PropertyValueSpecification","valueRequired":true,"valueName":"search_term_string"}}],"inLanguage":"en-US"},{"@type":"Organization","@id":"https:\/\/www.librairieclavreuil.com\/#organization","name":"Libairie Clavreuil","url":"https:\/\/www.librairieclavreuil.com\/","logo":{"@type":"ImageObject","inLanguage":"en-US","@id":"https:\/\/www.librairieclavreuil.com\/#\/schema\/logo\/image\/","url":"https:\/\/www.librairieclavreuil.com\/wp-content\/uploads\/2021\/06\/cropped-LOGO_PNG_DATE-_gold-512x512-1.png","contentUrl":"https:\/\/www.librairieclavreuil.com\/wp-content\/uploads\/2021\/06\/cropped-LOGO_PNG_DATE-_gold-512x512-1.png","width":512,"height":512,"caption":"Libairie Clavreuil"},"image":{"@id":"https:\/\/www.librairieclavreuil.com\/#\/schema\/logo\/image\/"},"sameAs":["https:\/\/www.instagram.com\/librairieclavreuil\/"]}]}},"jetpack_sharing_enabled":true,"_links":{"self":[{"href":"https:\/\/www.librairieclavreuil.com\/en\/wp-json\/wp\/v2\/product\/89101","targetHints":{"allow":["GET"]}}],"collection":[{"href":"https:\/\/www.librairieclavreuil.com\/en\/wp-json\/wp\/v2\/product"}],"about":[{"href":"https:\/\/www.librairieclavreuil.com\/en\/wp-json\/wp\/v2\/types\/product"}],"replies":[{"embeddable":true,"href":"https:\/\/www.librairieclavreuil.com\/en\/wp-json\/wp\/v2\/comments?post=89101"}],"wp:featuredmedia":[{"embeddable":true,"href":"https:\/\/www.librairieclavreuil.com\/en\/wp-json\/wp\/v2\/media\/89094"}],"wp:attachment":[{"href":"https:\/\/www.librairieclavreuil.com\/en\/wp-json\/wp\/v2\/media?parent=89101"}],"wp:term":[{"taxonomy":"product_brand","embeddable":true,"href":"https:\/\/www.librairieclavreuil.com\/en\/wp-json\/wp\/v2\/product_brand?post=89101"},{"taxonomy":"product_cat","embeddable":true,"href":"https:\/\/www.librairieclavreuil.com\/en\/wp-json\/wp\/v2\/product_cat?post=89101"},{"taxonomy":"product_tag","embeddable":true,"href":"https:\/\/www.librairieclavreuil.com\/en\/wp-json\/wp\/v2\/product_tag?post=89101"}],"curies":[{"name":"wp","href":"https:\/\/api.w.org\/{rel}","templated":true}]}}