{"id":89092,"date":"2025-11-29T17:32:10","date_gmt":"2025-11-29T16:32:10","guid":{"rendered":"https:\/\/www.librairieclavreuil.com\/voltaire-francois-marie-arouet-de-elemens-de-la-philosophie-de-neuton\/"},"modified":"2025-11-29T17:32:17","modified_gmt":"2025-11-29T16:32:17","slug":"voltaire-francois-marie-arouet-de-elemens-de-la-philosophie-de-neuton","status":"publish","type":"product","link":"https:\/\/www.librairieclavreuil.com\/en\/voltaire-francois-marie-arouet-de-elemens-de-la-philosophie-de-neuton\/","title":{"rendered":"VOLTAIRE Fran\u00e7ois Marie Arouet de El\u00e9mens de la..."},"content":{"rendered":"<p style=\"text-align:justify\"><i>Bengesco, II, 1570 (note) ; DiLaura, 355 (note).<\/i><\/p>\n<p style=\"text-align:justify\">Important Paris edition of Newton&#8217;s famous translation.<\/p>\n<p style=\"text-align:justify\">This 1741 edition is the first to be fully published and revised under Voltaire&#8217;s authority in Paris. It contains a long dedicatory epistle to Emilie Du Ch\u00e2telet. First published in 1738, subsequent editions are all slightly different, as Bengesco indicates: &#8220;Les XXIVe et XXVe chapitres de 1738 ne furent pas r\u00e9imprim\u00e9s en 1741 ; Voltaire substitua des morceaux de sa composition \u00e0 ces deux chapitres auxquels il n&#8217;avait eu, dit-il aucune part&#8221;.<\/p>\n<p style=\"text-align:justify\">&#8220;It was not until 1741 that an edition fully under Voltaire&#8217;s control was published in Paris. It differed dramatically from the first. Among other changes, Voltaire added an entire introductory part, La M\u00e9taphysique de Newton, eliminated some chapters, and added others&#8221; (DiLaura).&nbsp;<\/p>\n<p style=\"text-align:justify\">This edition is lavishly illustrated with Voltaire&#8217;s portrait, 7 plates (one folding) and 72 engraved vignettes (most of them copper-engraved).<\/p>\n<p style=\"text-align:justify\">A very fine copy.<\/p>\n<p style=\"text-align:justify\">Provenance : Jean Armand Tronchin (engraved book plate by Choffard, dated 1779)<\/p>\n","protected":false},"excerpt":{"rendered":"<p style=\"text-align:justify\">8vo (161 x 96 mm) portrait frontispiece of Voltaire engraved by Dupin, 12 pp. (including half-title and title), VIII (table), 471 pp., 2 un.l. &nbsp;(errata), 7 engraved plates (including 1 folding). Contemporary marbled calf, spine gilt with raised bands, red morocco lettering piece, red edges.<\/p>\n","protected":false},"featured_media":89083,"comment_status":"open","ping_status":"closed","template":"","meta":{"_acf_changed":false},"product_brand":[],"product_cat":[550],"product_tag":[1240,1339,1335],"class_list":{"0":"post-89092","1":"product","2":"type-product","3":"status-publish","4":"has-post-thumbnail","6":"product_cat-science","7":"product_tag-18th-century-illustrations","8":"product_tag-general-physics","9":"product_tag-physics","10":"pa_auteur-voltaire-francois-marie-arouet-de-2","11":"pa_type-de-livre-printed-book","13":"first","14":"instock","15":"shipping-taxable","16":"purchasable","17":"product-type-simple"},"acf":{"artist":" Fran\u00e7ois Marie Arouet de VOLTAIRE","chapeau":"","adresse_bibliographique":"Londres, [Prault], 1741","book_type":"Printed book","provenance":"","afficher_prix":""},"yoast_head":"<!-- This site is optimized with the Yoast SEO plugin v24.7 - https:\/\/yoast.com\/wordpress\/plugins\/seo\/ -->\n<title>VOLTAIRE Fran\u00e7ois Marie Arouet de El\u00e9mens de la philosophie de Neuton. - Libairie Clavreuil<\/title>\n<meta name=\"robots\" content=\"index, follow, max-snippet:-1, max-image-preview:large, max-video-preview:-1\" \/>\n<link rel=\"canonical\" href=\"https:\/\/www.librairieclavreuil.com\/en\/voltaire-francois-marie-arouet-de-elemens-de-la-philosophie-de-neuton\/\" \/>\n<meta property=\"og:locale\" content=\"en_US\" \/>\n<meta property=\"og:type\" content=\"article\" \/>\n<meta property=\"og:title\" content=\"VOLTAIRE Fran\u00e7ois Marie Arouet de El\u00e9mens de la philosophie de Neuton. - Libairie Clavreuil\" \/>\n<meta property=\"og:description\" content=\"8vo (161 x 96 mm) portrait frontispiece of Voltaire engraved by Dupin, 12 pp. (including half-title and title), VIII (table), 471 pp., 2 un.l. &nbsp;(errata), 7 engraved plates (including 1 folding). Contemporary marbled calf, spine gilt with raised bands, red morocco lettering piece, red edges.\" \/>\n<meta property=\"og:url\" content=\"https:\/\/www.librairieclavreuil.com\/en\/voltaire-francois-marie-arouet-de-elemens-de-la-philosophie-de-neuton\/\" \/>\n<meta property=\"og:site_name\" content=\"Libairie Clavreuil\" \/>\n<meta property=\"article:modified_time\" content=\"2025-11-29T16:32:17+00:00\" \/>\n<meta property=\"og:image\" content=\"https:\/\/www.librairieclavreuil.com\/wp-content\/uploads\/2025\/11\/francois-marie-arouet-de-voltaire-elemens-de-la-philosophie-de-neuton-9873-692b1fbd36a27.jpg\" \/>\n\t<meta property=\"og:image:width\" content=\"622\" \/>\n\t<meta property=\"og:image:height\" content=\"800\" \/>\n\t<meta property=\"og:image:type\" content=\"image\/jpeg\" \/>\n<meta name=\"twitter:card\" content=\"summary_large_image\" \/>\n<meta name=\"twitter:label1\" content=\"Est. reading time\" \/>\n\t<meta name=\"twitter:data1\" content=\"1 minute\" \/>\n<script type=\"application\/ld+json\" class=\"yoast-schema-graph\">{\"@context\":\"https:\/\/schema.org\",\"@graph\":[{\"@type\":\"WebPage\",\"@id\":\"https:\/\/www.librairieclavreuil.com\/en\/voltaire-francois-marie-arouet-de-elemens-de-la-philosophie-de-neuton\/\",\"url\":\"https:\/\/www.librairieclavreuil.com\/en\/voltaire-francois-marie-arouet-de-elemens-de-la-philosophie-de-neuton\/\",\"name\":\"VOLTAIRE Fran\u00e7ois Marie Arouet de El\u00e9mens de la philosophie de Neuton. - Libairie Clavreuil\",\"isPartOf\":{\"@id\":\"https:\/\/www.librairieclavreuil.com\/#website\"},\"primaryImageOfPage\":{\"@id\":\"https:\/\/www.librairieclavreuil.com\/en\/voltaire-francois-marie-arouet-de-elemens-de-la-philosophie-de-neuton\/#primaryimage\"},\"image\":{\"@id\":\"https:\/\/www.librairieclavreuil.com\/en\/voltaire-francois-marie-arouet-de-elemens-de-la-philosophie-de-neuton\/#primaryimage\"},\"thumbnailUrl\":\"https:\/\/www.librairieclavreuil.com\/wp-content\/uploads\/2025\/11\/francois-marie-arouet-de-voltaire-elemens-de-la-philosophie-de-neuton-9873-692b1fbd36a27.jpg\",\"datePublished\":\"2025-11-29T16:32:10+00:00\",\"dateModified\":\"2025-11-29T16:32:17+00:00\",\"breadcrumb\":{\"@id\":\"https:\/\/www.librairieclavreuil.com\/en\/voltaire-francois-marie-arouet-de-elemens-de-la-philosophie-de-neuton\/#breadcrumb\"},\"inLanguage\":\"en-US\",\"potentialAction\":[{\"@type\":\"ReadAction\",\"target\":[\"https:\/\/www.librairieclavreuil.com\/en\/voltaire-francois-marie-arouet-de-elemens-de-la-philosophie-de-neuton\/\"]}]},{\"@type\":\"ImageObject\",\"inLanguage\":\"en-US\",\"@id\":\"https:\/\/www.librairieclavreuil.com\/en\/voltaire-francois-marie-arouet-de-elemens-de-la-philosophie-de-neuton\/#primaryimage\",\"url\":\"https:\/\/www.librairieclavreuil.com\/wp-content\/uploads\/2025\/11\/francois-marie-arouet-de-voltaire-elemens-de-la-philosophie-de-neuton-9873-692b1fbd36a27.jpg\",\"contentUrl\":\"https:\/\/www.librairieclavreuil.com\/wp-content\/uploads\/2025\/11\/francois-marie-arouet-de-voltaire-elemens-de-la-philosophie-de-neuton-9873-692b1fbd36a27.jpg\",\"width\":622,\"height\":800},{\"@type\":\"BreadcrumbList\",\"@id\":\"https:\/\/www.librairieclavreuil.com\/en\/voltaire-francois-marie-arouet-de-elemens-de-la-philosophie-de-neuton\/#breadcrumb\",\"itemListElement\":[{\"@type\":\"ListItem\",\"position\":1,\"name\":\"Accueil\",\"item\":\"https:\/\/www.librairieclavreuil.com\/\"},{\"@type\":\"ListItem\",\"position\":2,\"name\":\"All our books\",\"item\":\"https:\/\/www.librairieclavreuil.com\/en\/all-our-books\/\"},{\"@type\":\"ListItem\",\"position\":3,\"name\":\"VOLTAIRE Fran\u00e7ois Marie Arouet de El\u00e9mens de la...\"}]},{\"@type\":\"WebSite\",\"@id\":\"https:\/\/www.librairieclavreuil.com\/#website\",\"url\":\"https:\/\/www.librairieclavreuil.com\/\",\"name\":\"Libairie Clavreuil\",\"description\":\"Livres anciens, manuscrits rares et \u00e9ditions originales \u2013 Librairie Clavreuil\",\"publisher\":{\"@id\":\"https:\/\/www.librairieclavreuil.com\/#organization\"},\"potentialAction\":[{\"@type\":\"SearchAction\",\"target\":{\"@type\":\"EntryPoint\",\"urlTemplate\":\"https:\/\/www.librairieclavreuil.com\/?s={search_term_string}\"},\"query-input\":{\"@type\":\"PropertyValueSpecification\",\"valueRequired\":true,\"valueName\":\"search_term_string\"}}],\"inLanguage\":\"en-US\"},{\"@type\":\"Organization\",\"@id\":\"https:\/\/www.librairieclavreuil.com\/#organization\",\"name\":\"Libairie Clavreuil\",\"url\":\"https:\/\/www.librairieclavreuil.com\/\",\"logo\":{\"@type\":\"ImageObject\",\"inLanguage\":\"en-US\",\"@id\":\"https:\/\/www.librairieclavreuil.com\/#\/schema\/logo\/image\/\",\"url\":\"https:\/\/www.librairieclavreuil.com\/wp-content\/uploads\/2021\/06\/cropped-LOGO_PNG_DATE-_gold-512x512-1.png\",\"contentUrl\":\"https:\/\/www.librairieclavreuil.com\/wp-content\/uploads\/2021\/06\/cropped-LOGO_PNG_DATE-_gold-512x512-1.png\",\"width\":512,\"height\":512,\"caption\":\"Libairie Clavreuil\"},\"image\":{\"@id\":\"https:\/\/www.librairieclavreuil.com\/#\/schema\/logo\/image\/\"},\"sameAs\":[\"https:\/\/www.instagram.com\/librairieclavreuil\/\"]}]}<\/script>\n<!-- \/ Yoast SEO plugin. -->","yoast_head_json":{"title":"VOLTAIRE Fran\u00e7ois Marie Arouet de El\u00e9mens de la philosophie de Neuton. - Libairie Clavreuil","robots":{"index":"index","follow":"follow","max-snippet":"max-snippet:-1","max-image-preview":"max-image-preview:large","max-video-preview":"max-video-preview:-1"},"canonical":"https:\/\/www.librairieclavreuil.com\/en\/voltaire-francois-marie-arouet-de-elemens-de-la-philosophie-de-neuton\/","og_locale":"en_US","og_type":"article","og_title":"VOLTAIRE Fran\u00e7ois Marie Arouet de El\u00e9mens de la philosophie de Neuton. - Libairie Clavreuil","og_description":"8vo (161 x 96 mm) portrait frontispiece of Voltaire engraved by Dupin, 12 pp. (including half-title and title), VIII (table), 471 pp., 2 un.l. &nbsp;(errata), 7 engraved plates (including 1 folding). Contemporary marbled calf, spine gilt with raised bands, red morocco lettering piece, red edges.","og_url":"https:\/\/www.librairieclavreuil.com\/en\/voltaire-francois-marie-arouet-de-elemens-de-la-philosophie-de-neuton\/","og_site_name":"Libairie Clavreuil","article_modified_time":"2025-11-29T16:32:17+00:00","og_image":[{"width":622,"height":800,"url":"https:\/\/www.librairieclavreuil.com\/wp-content\/uploads\/2025\/11\/francois-marie-arouet-de-voltaire-elemens-de-la-philosophie-de-neuton-9873-692b1fbd36a27.jpg","type":"image\/jpeg"}],"twitter_card":"summary_large_image","twitter_misc":{"Est. reading time":"1 minute"},"schema":{"@context":"https:\/\/schema.org","@graph":[{"@type":"WebPage","@id":"https:\/\/www.librairieclavreuil.com\/en\/voltaire-francois-marie-arouet-de-elemens-de-la-philosophie-de-neuton\/","url":"https:\/\/www.librairieclavreuil.com\/en\/voltaire-francois-marie-arouet-de-elemens-de-la-philosophie-de-neuton\/","name":"VOLTAIRE Fran\u00e7ois Marie Arouet de El\u00e9mens de la philosophie de Neuton. - Libairie Clavreuil","isPartOf":{"@id":"https:\/\/www.librairieclavreuil.com\/#website"},"primaryImageOfPage":{"@id":"https:\/\/www.librairieclavreuil.com\/en\/voltaire-francois-marie-arouet-de-elemens-de-la-philosophie-de-neuton\/#primaryimage"},"image":{"@id":"https:\/\/www.librairieclavreuil.com\/en\/voltaire-francois-marie-arouet-de-elemens-de-la-philosophie-de-neuton\/#primaryimage"},"thumbnailUrl":"https:\/\/www.librairieclavreuil.com\/wp-content\/uploads\/2025\/11\/francois-marie-arouet-de-voltaire-elemens-de-la-philosophie-de-neuton-9873-692b1fbd36a27.jpg","datePublished":"2025-11-29T16:32:10+00:00","dateModified":"2025-11-29T16:32:17+00:00","breadcrumb":{"@id":"https:\/\/www.librairieclavreuil.com\/en\/voltaire-francois-marie-arouet-de-elemens-de-la-philosophie-de-neuton\/#breadcrumb"},"inLanguage":"en-US","potentialAction":[{"@type":"ReadAction","target":["https:\/\/www.librairieclavreuil.com\/en\/voltaire-francois-marie-arouet-de-elemens-de-la-philosophie-de-neuton\/"]}]},{"@type":"ImageObject","inLanguage":"en-US","@id":"https:\/\/www.librairieclavreuil.com\/en\/voltaire-francois-marie-arouet-de-elemens-de-la-philosophie-de-neuton\/#primaryimage","url":"https:\/\/www.librairieclavreuil.com\/wp-content\/uploads\/2025\/11\/francois-marie-arouet-de-voltaire-elemens-de-la-philosophie-de-neuton-9873-692b1fbd36a27.jpg","contentUrl":"https:\/\/www.librairieclavreuil.com\/wp-content\/uploads\/2025\/11\/francois-marie-arouet-de-voltaire-elemens-de-la-philosophie-de-neuton-9873-692b1fbd36a27.jpg","width":622,"height":800},{"@type":"BreadcrumbList","@id":"https:\/\/www.librairieclavreuil.com\/en\/voltaire-francois-marie-arouet-de-elemens-de-la-philosophie-de-neuton\/#breadcrumb","itemListElement":[{"@type":"ListItem","position":1,"name":"Accueil","item":"https:\/\/www.librairieclavreuil.com\/"},{"@type":"ListItem","position":2,"name":"All our books","item":"https:\/\/www.librairieclavreuil.com\/en\/all-our-books\/"},{"@type":"ListItem","position":3,"name":"VOLTAIRE Fran\u00e7ois Marie Arouet de El\u00e9mens de la..."}]},{"@type":"WebSite","@id":"https:\/\/www.librairieclavreuil.com\/#website","url":"https:\/\/www.librairieclavreuil.com\/","name":"Libairie Clavreuil","description":"Livres anciens, manuscrits rares et \u00e9ditions originales \u2013 Librairie Clavreuil","publisher":{"@id":"https:\/\/www.librairieclavreuil.com\/#organization"},"potentialAction":[{"@type":"SearchAction","target":{"@type":"EntryPoint","urlTemplate":"https:\/\/www.librairieclavreuil.com\/?s={search_term_string}"},"query-input":{"@type":"PropertyValueSpecification","valueRequired":true,"valueName":"search_term_string"}}],"inLanguage":"en-US"},{"@type":"Organization","@id":"https:\/\/www.librairieclavreuil.com\/#organization","name":"Libairie Clavreuil","url":"https:\/\/www.librairieclavreuil.com\/","logo":{"@type":"ImageObject","inLanguage":"en-US","@id":"https:\/\/www.librairieclavreuil.com\/#\/schema\/logo\/image\/","url":"https:\/\/www.librairieclavreuil.com\/wp-content\/uploads\/2021\/06\/cropped-LOGO_PNG_DATE-_gold-512x512-1.png","contentUrl":"https:\/\/www.librairieclavreuil.com\/wp-content\/uploads\/2021\/06\/cropped-LOGO_PNG_DATE-_gold-512x512-1.png","width":512,"height":512,"caption":"Libairie Clavreuil"},"image":{"@id":"https:\/\/www.librairieclavreuil.com\/#\/schema\/logo\/image\/"},"sameAs":["https:\/\/www.instagram.com\/librairieclavreuil\/"]}]}},"jetpack_sharing_enabled":true,"_links":{"self":[{"href":"https:\/\/www.librairieclavreuil.com\/en\/wp-json\/wp\/v2\/product\/89092","targetHints":{"allow":["GET"]}}],"collection":[{"href":"https:\/\/www.librairieclavreuil.com\/en\/wp-json\/wp\/v2\/product"}],"about":[{"href":"https:\/\/www.librairieclavreuil.com\/en\/wp-json\/wp\/v2\/types\/product"}],"replies":[{"embeddable":true,"href":"https:\/\/www.librairieclavreuil.com\/en\/wp-json\/wp\/v2\/comments?post=89092"}],"wp:featuredmedia":[{"embeddable":true,"href":"https:\/\/www.librairieclavreuil.com\/en\/wp-json\/wp\/v2\/media\/89083"}],"wp:attachment":[{"href":"https:\/\/www.librairieclavreuil.com\/en\/wp-json\/wp\/v2\/media?parent=89092"}],"wp:term":[{"taxonomy":"product_brand","embeddable":true,"href":"https:\/\/www.librairieclavreuil.com\/en\/wp-json\/wp\/v2\/product_brand?post=89092"},{"taxonomy":"product_cat","embeddable":true,"href":"https:\/\/www.librairieclavreuil.com\/en\/wp-json\/wp\/v2\/product_cat?post=89092"},{"taxonomy":"product_tag","embeddable":true,"href":"https:\/\/www.librairieclavreuil.com\/en\/wp-json\/wp\/v2\/product_tag?post=89092"}],"curies":[{"name":"wp","href":"https:\/\/api.w.org\/{rel}","templated":true}]}}