{"id":89038,"date":"2025-11-29T17:22:08","date_gmt":"2025-11-29T16:22:08","guid":{"rendered":"https:\/\/www.librairieclavreuil.com\/stoeffler-johann-traite-de-la-composition-et-fabrique-de-lastrolabe-de-son-usage-traduit-du-latin-avec-quelques-annotations-sur-lusage-de-lastrolabe-mesure-geometrique-faites-par\/"},"modified":"2025-11-29T17:32:02","modified_gmt":"2025-11-29T16:32:02","slug":"stoeffler-johann-traite-de-la-composition-et-fabrique-de-lastrolabe-de-son-usage-traduit-du-latin-avec-quelques-annotations-sur-lusage-de-lastrolabe-mesure-geometrique-faites-par","status":"publish","type":"product","link":"https:\/\/www.librairieclavreuil.com\/en\/stoeffler-johann-traite-de-la-composition-et-fabrique-de-lastrolabe-de-son-usage-traduit-du-latin-avec-quelques-annotations-sur-lusage-de-lastrolabe-mesure-geometrique-faites-par\/","title":{"rendered":"STOEFFLER Johann Trait\u00e9 de la composition et fabrique..."},"content":{"rendered":"<p style=\"text-align:justify\"><i>Lalande, p. 84; BM, French, 408 ; Houzeau-Lancaster, 3256 ; Brunet, V, 548. See Honeyman, who owned other latin and German editino, but not this French translation. Not in Zinner.<\/i><\/p>\n<p style=\"text-align:justify\">First edition, never reprinted, of the French translation by G. des Bordes whose name appears at the end of the preface. A copy of the issue with the date 1560 printed on the title (undated copies are known).<\/p>\n<p style=\"text-align:justify\">This first translation &#8211; Houzeau-Lancaster mistakenly mentions another from 1556, of which we have been unable to find any trace &#8211; is based on the <i>Elucidatio fabricae usque astrolabii<\/i> published in Latin in 1512<\/p>\n<p style=\"text-align:justify\">This translation was edited by the astronomer Jean-Pierre de Mesmes, who included his own ideas on the use of this instrument and inserted them in Italics in the text. The edition is illustrated with 52 technical woodcut vignettes in the text. This copy also includes a plate of engravings intended to form the volvelles on pages 13, 14, and 34. Bound at the end of the book, these illustrations have never been detached or mounted.<\/p>\n<p style=\"text-align:justify\">The plates also contain two fold-out tables. The first is entitled \u201cLa Table des M\u00e9ridionales altitudes du soleil, supput\u00e9 \u00e0 l&#8217;\u00e9l\u00e9vation du p\u00f4le arctique de quarante &amp; huit degr\u00e9s &amp; quarante minutes\u201d (it refers to folio 88), the second is entitled \u201cLa Table des conversions des degr\u00e9s de la longitude, en degr\u00e9s de l&#8217;\u00e9quinoctial\u201d (it refers to folio 133).<\/p>\n<p style=\"text-align:justify\">Jean-Pierre de Mesmes (1516-ca. 1578) was one of the first Frenchmen to write on astronomy and, in addition to this translation, is responsible for an important treatise on the subject: <i>Les Institutions astronomiques contenant les principaux fondements et premi\u00e8res causes des cours et mouvements c\u00e9lestes<\/i> (Paris, 1557). Also well versed in poetry, he was a member of the Pl\u00e9iade circle.<\/p>\n<p style=\"text-align:justify\">This edition of the French translation is rare on the market.<\/p>\n<p style=\"text-align:justify\">Second table slightly shaved touching one word (old spaper restoration), a few small scattered stains, brown stain in the inner head margin outside the text.<\/p>\n<p style=\"text-align:justify\">Provenance: Signature Peyrannas on the title, and a few notes or appreciations in the margins.<\/p>\n","protected":false},"excerpt":{"rendered":"<p style=\"text-align:justify\">8vo (171 x 110 mm) 20 nn.ll., 222 num.ll., 2 nn.ll. (privilege and large printer&#8217;s device), 2 tupographical folding paltes, and 1 folding woodcut bound in at end. Contemporary vellum, flat spine with manuscript title (somewhat stained, old restoration to foot of spine).<\/p>\n","protected":false},"featured_media":89061,"comment_status":"open","ping_status":"closed","template":"","meta":{"_acf_changed":false},"product_brand":[],"product_cat":[550],"product_tag":[1315],"class_list":{"0":"post-89038","1":"product","2":"type-product","3":"status-publish","4":"has-post-thumbnail","6":"product_cat-science","7":"product_tag-science","8":"pa_auteur-stoeffler-johann-2","9":"pa_type-de-livre-printed-book","11":"first","12":"instock","13":"shipping-taxable","14":"purchasable","15":"product-type-simple"},"acf":{"artist":" Johann STOEFFLER","chapeau":"","adresse_bibliographique":"Paris, Guillaume Cavellat, 1560","book_type":"Printed book","provenance":"","afficher_prix":""},"yoast_head":"<!-- This site is optimized with the Yoast SEO plugin v24.7 - https:\/\/yoast.com\/wordpress\/plugins\/seo\/ -->\n<title>STOEFFLER Johann Trait\u00e9 de la composition et fabrique de l&#039;astrolabe &amp; de son usage. Traduit du latin. Avec quelques annotations sur l&#039;usage de l&#039;astrolabe, &amp; mesure g\u00e9om\u00e9trique faites par Jean Pierre de Mesmes. - Libairie Clavreuil<\/title>\n<meta name=\"robots\" content=\"index, follow, max-snippet:-1, max-image-preview:large, max-video-preview:-1\" \/>\n<link rel=\"canonical\" href=\"https:\/\/www.librairieclavreuil.com\/en\/stoeffler-johann-traite-de-la-composition-et-fabrique-de-lastrolabe-de-son-usage-traduit-du-latin-avec-quelques-annotations-sur-lusage-de-lastrolabe-mesure-geometrique-faites-par\/\" \/>\n<meta property=\"og:locale\" content=\"en_US\" \/>\n<meta property=\"og:type\" content=\"article\" \/>\n<meta property=\"og:title\" content=\"STOEFFLER Johann Trait\u00e9 de la composition et fabrique de l&#039;astrolabe &amp; de son usage. Traduit du latin. Avec quelques annotations sur l&#039;usage de l&#039;astrolabe, &amp; mesure g\u00e9om\u00e9trique faites par Jean Pierre de Mesmes. - Libairie Clavreuil\" \/>\n<meta property=\"og:description\" content=\"8vo (171 x 110 mm) 20 nn.ll., 222 num.ll., 2 nn.ll. (privilege and large printer&#039;s device), 2 tupographical folding paltes, and 1 folding woodcut bound in at end. Contemporary vellum, flat spine with manuscript title (somewhat stained, old restoration to foot of spine).\" \/>\n<meta property=\"og:url\" content=\"https:\/\/www.librairieclavreuil.com\/en\/stoeffler-johann-traite-de-la-composition-et-fabrique-de-lastrolabe-de-son-usage-traduit-du-latin-avec-quelques-annotations-sur-lusage-de-lastrolabe-mesure-geometrique-faites-par\/\" \/>\n<meta property=\"og:site_name\" content=\"Libairie Clavreuil\" \/>\n<meta property=\"article:modified_time\" content=\"2025-11-29T16:32:02+00:00\" \/>\n<meta property=\"og:image\" content=\"https:\/\/www.librairieclavreuil.com\/wp-content\/uploads\/2025\/11\/johann-stoeffler-traite-de-la-composition-et-fabrique-de-l-astrolabe-de-son-usage-traduit-du-latin-avec-quelques-annotations-sur-l-usage-de-692b1946310b8-3.jpg\" \/>\n\t<meta property=\"og:image:width\" content=\"622\" \/>\n\t<meta property=\"og:image:height\" content=\"800\" \/>\n\t<meta property=\"og:image:type\" content=\"image\/jpeg\" \/>\n<meta name=\"twitter:card\" content=\"summary_large_image\" \/>\n<meta name=\"twitter:label1\" content=\"Est. reading time\" \/>\n\t<meta name=\"twitter:data1\" content=\"2 minutes\" \/>\n<script type=\"application\/ld+json\" class=\"yoast-schema-graph\">{\"@context\":\"https:\/\/schema.org\",\"@graph\":[{\"@type\":\"WebPage\",\"@id\":\"https:\/\/www.librairieclavreuil.com\/en\/stoeffler-johann-traite-de-la-composition-et-fabrique-de-lastrolabe-de-son-usage-traduit-du-latin-avec-quelques-annotations-sur-lusage-de-lastrolabe-mesure-geometrique-faites-par\/\",\"url\":\"https:\/\/www.librairieclavreuil.com\/en\/stoeffler-johann-traite-de-la-composition-et-fabrique-de-lastrolabe-de-son-usage-traduit-du-latin-avec-quelques-annotations-sur-lusage-de-lastrolabe-mesure-geometrique-faites-par\/\",\"name\":\"STOEFFLER Johann Trait\u00e9 de la composition et fabrique de l'astrolabe &amp; de son usage. Traduit du latin. Avec quelques annotations sur l'usage de l'astrolabe, &amp; mesure g\u00e9om\u00e9trique faites par Jean Pierre de Mesmes. - Libairie Clavreuil\",\"isPartOf\":{\"@id\":\"https:\/\/www.librairieclavreuil.com\/#website\"},\"primaryImageOfPage\":{\"@id\":\"https:\/\/www.librairieclavreuil.com\/en\/stoeffler-johann-traite-de-la-composition-et-fabrique-de-lastrolabe-de-son-usage-traduit-du-latin-avec-quelques-annotations-sur-lusage-de-lastrolabe-mesure-geometrique-faites-par\/#primaryimage\"},\"image\":{\"@id\":\"https:\/\/www.librairieclavreuil.com\/en\/stoeffler-johann-traite-de-la-composition-et-fabrique-de-lastrolabe-de-son-usage-traduit-du-latin-avec-quelques-annotations-sur-lusage-de-lastrolabe-mesure-geometrique-faites-par\/#primaryimage\"},\"thumbnailUrl\":\"https:\/\/www.librairieclavreuil.com\/wp-content\/uploads\/2025\/11\/johann-stoeffler-traite-de-la-composition-et-fabrique-de-l-astrolabe-de-son-usage-traduit-du-latin-avec-quelques-annotations-sur-l-usage-de-692b1946310b8-3.jpg\",\"datePublished\":\"2025-11-29T16:22:08+00:00\",\"dateModified\":\"2025-11-29T16:32:02+00:00\",\"breadcrumb\":{\"@id\":\"https:\/\/www.librairieclavreuil.com\/en\/stoeffler-johann-traite-de-la-composition-et-fabrique-de-lastrolabe-de-son-usage-traduit-du-latin-avec-quelques-annotations-sur-lusage-de-lastrolabe-mesure-geometrique-faites-par\/#breadcrumb\"},\"inLanguage\":\"en-US\",\"potentialAction\":[{\"@type\":\"ReadAction\",\"target\":[\"https:\/\/www.librairieclavreuil.com\/en\/stoeffler-johann-traite-de-la-composition-et-fabrique-de-lastrolabe-de-son-usage-traduit-du-latin-avec-quelques-annotations-sur-lusage-de-lastrolabe-mesure-geometrique-faites-par\/\"]}]},{\"@type\":\"ImageObject\",\"inLanguage\":\"en-US\",\"@id\":\"https:\/\/www.librairieclavreuil.com\/en\/stoeffler-johann-traite-de-la-composition-et-fabrique-de-lastrolabe-de-son-usage-traduit-du-latin-avec-quelques-annotations-sur-lusage-de-lastrolabe-mesure-geometrique-faites-par\/#primaryimage\",\"url\":\"https:\/\/www.librairieclavreuil.com\/wp-content\/uploads\/2025\/11\/johann-stoeffler-traite-de-la-composition-et-fabrique-de-l-astrolabe-de-son-usage-traduit-du-latin-avec-quelques-annotations-sur-l-usage-de-692b1946310b8-3.jpg\",\"contentUrl\":\"https:\/\/www.librairieclavreuil.com\/wp-content\/uploads\/2025\/11\/johann-stoeffler-traite-de-la-composition-et-fabrique-de-l-astrolabe-de-son-usage-traduit-du-latin-avec-quelques-annotations-sur-l-usage-de-692b1946310b8-3.jpg\",\"width\":622,\"height\":800},{\"@type\":\"BreadcrumbList\",\"@id\":\"https:\/\/www.librairieclavreuil.com\/en\/stoeffler-johann-traite-de-la-composition-et-fabrique-de-lastrolabe-de-son-usage-traduit-du-latin-avec-quelques-annotations-sur-lusage-de-lastrolabe-mesure-geometrique-faites-par\/#breadcrumb\",\"itemListElement\":[{\"@type\":\"ListItem\",\"position\":1,\"name\":\"Accueil\",\"item\":\"https:\/\/www.librairieclavreuil.com\/\"},{\"@type\":\"ListItem\",\"position\":2,\"name\":\"All our books\",\"item\":\"https:\/\/www.librairieclavreuil.com\/en\/all-our-books\/\"},{\"@type\":\"ListItem\",\"position\":3,\"name\":\"STOEFFLER Johann Trait\u00e9 de la composition et fabrique...\"}]},{\"@type\":\"WebSite\",\"@id\":\"https:\/\/www.librairieclavreuil.com\/#website\",\"url\":\"https:\/\/www.librairieclavreuil.com\/\",\"name\":\"Libairie Clavreuil\",\"description\":\"Livres anciens, manuscrits rares et \u00e9ditions originales \u2013 Librairie Clavreuil\",\"publisher\":{\"@id\":\"https:\/\/www.librairieclavreuil.com\/#organization\"},\"potentialAction\":[{\"@type\":\"SearchAction\",\"target\":{\"@type\":\"EntryPoint\",\"urlTemplate\":\"https:\/\/www.librairieclavreuil.com\/?s={search_term_string}\"},\"query-input\":{\"@type\":\"PropertyValueSpecification\",\"valueRequired\":true,\"valueName\":\"search_term_string\"}}],\"inLanguage\":\"en-US\"},{\"@type\":\"Organization\",\"@id\":\"https:\/\/www.librairieclavreuil.com\/#organization\",\"name\":\"Libairie Clavreuil\",\"url\":\"https:\/\/www.librairieclavreuil.com\/\",\"logo\":{\"@type\":\"ImageObject\",\"inLanguage\":\"en-US\",\"@id\":\"https:\/\/www.librairieclavreuil.com\/#\/schema\/logo\/image\/\",\"url\":\"https:\/\/www.librairieclavreuil.com\/wp-content\/uploads\/2021\/06\/cropped-LOGO_PNG_DATE-_gold-512x512-1.png\",\"contentUrl\":\"https:\/\/www.librairieclavreuil.com\/wp-content\/uploads\/2021\/06\/cropped-LOGO_PNG_DATE-_gold-512x512-1.png\",\"width\":512,\"height\":512,\"caption\":\"Libairie Clavreuil\"},\"image\":{\"@id\":\"https:\/\/www.librairieclavreuil.com\/#\/schema\/logo\/image\/\"},\"sameAs\":[\"https:\/\/www.instagram.com\/librairieclavreuil\/\"]}]}<\/script>\n<!-- \/ Yoast SEO plugin. -->","yoast_head_json":{"title":"STOEFFLER Johann Trait\u00e9 de la composition et fabrique de l'astrolabe &amp; de son usage. Traduit du latin. Avec quelques annotations sur l'usage de l'astrolabe, &amp; mesure g\u00e9om\u00e9trique faites par Jean Pierre de Mesmes. - Libairie Clavreuil","robots":{"index":"index","follow":"follow","max-snippet":"max-snippet:-1","max-image-preview":"max-image-preview:large","max-video-preview":"max-video-preview:-1"},"canonical":"https:\/\/www.librairieclavreuil.com\/en\/stoeffler-johann-traite-de-la-composition-et-fabrique-de-lastrolabe-de-son-usage-traduit-du-latin-avec-quelques-annotations-sur-lusage-de-lastrolabe-mesure-geometrique-faites-par\/","og_locale":"en_US","og_type":"article","og_title":"STOEFFLER Johann Trait\u00e9 de la composition et fabrique de l'astrolabe &amp; de son usage. Traduit du latin. Avec quelques annotations sur l'usage de l'astrolabe, &amp; mesure g\u00e9om\u00e9trique faites par Jean Pierre de Mesmes. - Libairie Clavreuil","og_description":"8vo (171 x 110 mm) 20 nn.ll., 222 num.ll., 2 nn.ll. (privilege and large printer's device), 2 tupographical folding paltes, and 1 folding woodcut bound in at end. Contemporary vellum, flat spine with manuscript title (somewhat stained, old restoration to foot of spine).","og_url":"https:\/\/www.librairieclavreuil.com\/en\/stoeffler-johann-traite-de-la-composition-et-fabrique-de-lastrolabe-de-son-usage-traduit-du-latin-avec-quelques-annotations-sur-lusage-de-lastrolabe-mesure-geometrique-faites-par\/","og_site_name":"Libairie Clavreuil","article_modified_time":"2025-11-29T16:32:02+00:00","og_image":[{"width":622,"height":800,"url":"https:\/\/www.librairieclavreuil.com\/wp-content\/uploads\/2025\/11\/johann-stoeffler-traite-de-la-composition-et-fabrique-de-l-astrolabe-de-son-usage-traduit-du-latin-avec-quelques-annotations-sur-l-usage-de-692b1946310b8-3.jpg","type":"image\/jpeg"}],"twitter_card":"summary_large_image","twitter_misc":{"Est. reading time":"2 minutes"},"schema":{"@context":"https:\/\/schema.org","@graph":[{"@type":"WebPage","@id":"https:\/\/www.librairieclavreuil.com\/en\/stoeffler-johann-traite-de-la-composition-et-fabrique-de-lastrolabe-de-son-usage-traduit-du-latin-avec-quelques-annotations-sur-lusage-de-lastrolabe-mesure-geometrique-faites-par\/","url":"https:\/\/www.librairieclavreuil.com\/en\/stoeffler-johann-traite-de-la-composition-et-fabrique-de-lastrolabe-de-son-usage-traduit-du-latin-avec-quelques-annotations-sur-lusage-de-lastrolabe-mesure-geometrique-faites-par\/","name":"STOEFFLER Johann Trait\u00e9 de la composition et fabrique de l'astrolabe &amp; de son usage. Traduit du latin. Avec quelques annotations sur l'usage de l'astrolabe, &amp; mesure g\u00e9om\u00e9trique faites par Jean Pierre de Mesmes. - Libairie Clavreuil","isPartOf":{"@id":"https:\/\/www.librairieclavreuil.com\/#website"},"primaryImageOfPage":{"@id":"https:\/\/www.librairieclavreuil.com\/en\/stoeffler-johann-traite-de-la-composition-et-fabrique-de-lastrolabe-de-son-usage-traduit-du-latin-avec-quelques-annotations-sur-lusage-de-lastrolabe-mesure-geometrique-faites-par\/#primaryimage"},"image":{"@id":"https:\/\/www.librairieclavreuil.com\/en\/stoeffler-johann-traite-de-la-composition-et-fabrique-de-lastrolabe-de-son-usage-traduit-du-latin-avec-quelques-annotations-sur-lusage-de-lastrolabe-mesure-geometrique-faites-par\/#primaryimage"},"thumbnailUrl":"https:\/\/www.librairieclavreuil.com\/wp-content\/uploads\/2025\/11\/johann-stoeffler-traite-de-la-composition-et-fabrique-de-l-astrolabe-de-son-usage-traduit-du-latin-avec-quelques-annotations-sur-l-usage-de-692b1946310b8-3.jpg","datePublished":"2025-11-29T16:22:08+00:00","dateModified":"2025-11-29T16:32:02+00:00","breadcrumb":{"@id":"https:\/\/www.librairieclavreuil.com\/en\/stoeffler-johann-traite-de-la-composition-et-fabrique-de-lastrolabe-de-son-usage-traduit-du-latin-avec-quelques-annotations-sur-lusage-de-lastrolabe-mesure-geometrique-faites-par\/#breadcrumb"},"inLanguage":"en-US","potentialAction":[{"@type":"ReadAction","target":["https:\/\/www.librairieclavreuil.com\/en\/stoeffler-johann-traite-de-la-composition-et-fabrique-de-lastrolabe-de-son-usage-traduit-du-latin-avec-quelques-annotations-sur-lusage-de-lastrolabe-mesure-geometrique-faites-par\/"]}]},{"@type":"ImageObject","inLanguage":"en-US","@id":"https:\/\/www.librairieclavreuil.com\/en\/stoeffler-johann-traite-de-la-composition-et-fabrique-de-lastrolabe-de-son-usage-traduit-du-latin-avec-quelques-annotations-sur-lusage-de-lastrolabe-mesure-geometrique-faites-par\/#primaryimage","url":"https:\/\/www.librairieclavreuil.com\/wp-content\/uploads\/2025\/11\/johann-stoeffler-traite-de-la-composition-et-fabrique-de-l-astrolabe-de-son-usage-traduit-du-latin-avec-quelques-annotations-sur-l-usage-de-692b1946310b8-3.jpg","contentUrl":"https:\/\/www.librairieclavreuil.com\/wp-content\/uploads\/2025\/11\/johann-stoeffler-traite-de-la-composition-et-fabrique-de-l-astrolabe-de-son-usage-traduit-du-latin-avec-quelques-annotations-sur-l-usage-de-692b1946310b8-3.jpg","width":622,"height":800},{"@type":"BreadcrumbList","@id":"https:\/\/www.librairieclavreuil.com\/en\/stoeffler-johann-traite-de-la-composition-et-fabrique-de-lastrolabe-de-son-usage-traduit-du-latin-avec-quelques-annotations-sur-lusage-de-lastrolabe-mesure-geometrique-faites-par\/#breadcrumb","itemListElement":[{"@type":"ListItem","position":1,"name":"Accueil","item":"https:\/\/www.librairieclavreuil.com\/"},{"@type":"ListItem","position":2,"name":"All our books","item":"https:\/\/www.librairieclavreuil.com\/en\/all-our-books\/"},{"@type":"ListItem","position":3,"name":"STOEFFLER Johann Trait\u00e9 de la composition et fabrique..."}]},{"@type":"WebSite","@id":"https:\/\/www.librairieclavreuil.com\/#website","url":"https:\/\/www.librairieclavreuil.com\/","name":"Libairie Clavreuil","description":"Livres anciens, manuscrits rares et \u00e9ditions originales \u2013 Librairie Clavreuil","publisher":{"@id":"https:\/\/www.librairieclavreuil.com\/#organization"},"potentialAction":[{"@type":"SearchAction","target":{"@type":"EntryPoint","urlTemplate":"https:\/\/www.librairieclavreuil.com\/?s={search_term_string}"},"query-input":{"@type":"PropertyValueSpecification","valueRequired":true,"valueName":"search_term_string"}}],"inLanguage":"en-US"},{"@type":"Organization","@id":"https:\/\/www.librairieclavreuil.com\/#organization","name":"Libairie Clavreuil","url":"https:\/\/www.librairieclavreuil.com\/","logo":{"@type":"ImageObject","inLanguage":"en-US","@id":"https:\/\/www.librairieclavreuil.com\/#\/schema\/logo\/image\/","url":"https:\/\/www.librairieclavreuil.com\/wp-content\/uploads\/2021\/06\/cropped-LOGO_PNG_DATE-_gold-512x512-1.png","contentUrl":"https:\/\/www.librairieclavreuil.com\/wp-content\/uploads\/2021\/06\/cropped-LOGO_PNG_DATE-_gold-512x512-1.png","width":512,"height":512,"caption":"Libairie Clavreuil"},"image":{"@id":"https:\/\/www.librairieclavreuil.com\/#\/schema\/logo\/image\/"},"sameAs":["https:\/\/www.instagram.com\/librairieclavreuil\/"]}]}},"jetpack_sharing_enabled":true,"_links":{"self":[{"href":"https:\/\/www.librairieclavreuil.com\/en\/wp-json\/wp\/v2\/product\/89038","targetHints":{"allow":["GET"]}}],"collection":[{"href":"https:\/\/www.librairieclavreuil.com\/en\/wp-json\/wp\/v2\/product"}],"about":[{"href":"https:\/\/www.librairieclavreuil.com\/en\/wp-json\/wp\/v2\/types\/product"}],"replies":[{"embeddable":true,"href":"https:\/\/www.librairieclavreuil.com\/en\/wp-json\/wp\/v2\/comments?post=89038"}],"wp:featuredmedia":[{"embeddable":true,"href":"https:\/\/www.librairieclavreuil.com\/en\/wp-json\/wp\/v2\/media\/89061"}],"wp:attachment":[{"href":"https:\/\/www.librairieclavreuil.com\/en\/wp-json\/wp\/v2\/media?parent=89038"}],"wp:term":[{"taxonomy":"product_brand","embeddable":true,"href":"https:\/\/www.librairieclavreuil.com\/en\/wp-json\/wp\/v2\/product_brand?post=89038"},{"taxonomy":"product_cat","embeddable":true,"href":"https:\/\/www.librairieclavreuil.com\/en\/wp-json\/wp\/v2\/product_cat?post=89038"},{"taxonomy":"product_tag","embeddable":true,"href":"https:\/\/www.librairieclavreuil.com\/en\/wp-json\/wp\/v2\/product_tag?post=89038"}],"curies":[{"name":"wp","href":"https:\/\/api.w.org\/{rel}","templated":true}]}}