{"id":88719,"date":"2025-11-13T16:18:13","date_gmt":"2025-11-13T15:18:13","guid":{"rendered":"https:\/\/www.librairieclavreuil.com\/baudelaire-charles-la-revue-fantaisiste\/"},"modified":"2025-11-26T11:11:31","modified_gmt":"2025-11-26T10:11:31","slug":"baudelaire-charles-la-revue-fantaisiste","status":"publish","type":"product","link":"https:\/\/www.librairieclavreuil.com\/en\/baudelaire-charles-la-revue-fantaisiste\/","title":{"rendered":"BAUDELAIRE Charles La Revue fantaisiste."},"content":{"rendered":"<p style=\"text-align:justify\"><span style=\"color:black\"><i>Rodolphe Bresdin. Catalogue raisonn\u00e9 de l\u2019\u0153uvre grav\u00e9. Volume II, pp. 45-83.&nbsp;Dirck&nbsp;Van Gelder, Ch\u00eane, 1976&nbsp;; Fran\u00e7ois Fossier,&nbsp;Rodolphe Bresdin (1822-1885), un graveur solitaire. Les dossiers du mus\u00e9e d&#8217;Orsay, R\u00e9union des mus\u00e9es nationaux, 1990&nbsp;; E. Graham,&nbsp;Passages d\u2019encre,&nbsp;\u00c9changes litt\u00e9raires dans la biblioth\u00e8que Jean&nbsp;Bonna, Paris, 2008.<\/i><\/span><\/p>\n<p style=\"text-align:justify\"><span style=\"font-variant:small-caps\">First edition of the legendary French literary avant-garde magazine illustrated with etchings by Bresdin.<\/span><\/p>\n<p style=\"text-align:justify\"><i>La Revue fantaisiste <\/i>was created by Catulle Mend\u00e8s and Leconte de Lisle to bring together the leading figures of the Parnassian movement, followers of Th\u00e9ophile Gautier&#8217;s \u201cart for art&#8217;s sake.\u201d The back covers mention the names of Baudelaire, Charles Asselineau, Hippolyte Babou, Banville, Barbey d&#8217;Aurevilly, Philox\u00e8ne Boyer, Champfleury, Th\u00e9ophile Gautier, the Goncourt brothers, and others.<\/p>\n<p style=\"text-align:justify\">In this magazine, which lasted less than a year, Baudelaire published nine of his best-known prose poems, including <i>Le Cr\u00e9puscule du soir, L&#8217;Horloge, La Chevelure,<\/i> and <i>L&#8217;Invitation au Voyage<\/i>. He also published numerous studies on his contemporaries, including Marceline Desbordes-Valmore and Edgar Poe, revealing their unjustly overlooked genius (Verlaine would do the same with <i>Les Po\u00e8tes maudits<\/i>, 1884). These studies stand out as true poetic manifestos: true poets are not necessarily those who are acclaimed (see, conversely, Baudelaire&#8217;s scathing study of Victor Hugo in the same journal), but others, left in the shadows of a century and a society that did not suit them. <i>La Revue fantaisiste<\/i> created a dividing line between two kinds of poets. It so happened that the vast majority of those whose texts it published were also published by Poulet-Malassis, the avant-garde publisher.<\/p>\n<p style=\"text-align:justify\">Twenty-five years later, another magazine, <i>La Vogue<\/i>, led by a new generation, would bring this modernity, initiated and championed by La Revue fantaisiste, to a close. The poetic modernity of late 19th-century France fits between these two magazines. Each revolved around a central figure: Baudelaire on one side, Rimbaud (who described Baudelaire as a \u201ctrue god\u201d) on the other. Between the two appeared Alphonse Lemerre&#8217;s first Parnasse contemporain (1866), publishing Baudelaire&#8217;s last verses and the first of Verlaine and Mallarm\u00e9.<\/p>\n<p style=\"text-align:justify\">The illustrations consist of 14 original etchings by Rodolphe Bresdin, reserved exclusively for subscription copies. The back cover of each issue of the magazine states that \u201ceach delivery contains a magnificent etching by Rodolphe Bresdin.\u201d Baudelaire replied to L\u00e9on Cladel, who asked him for the name of this curious character: \u201cHe does not yet have one, and yet he has engraved two works, <i>Le Bon Samaritain<\/i> and <i>La Com\u00e9die de la Mort<\/i>, which, if he were resurrected, Holbein would not disown. Lacking talent, he has genius\u201d (L\u00e9on Cladel, Raca, 1888, p. 277). It was Baudelaire who obtained this contract for the engraver with Th\u00e9ophile Gautier. Their collaboration was to be interrupted a month before the magazine ceased publication. In all, fourteen original etchings were published in the<i> Revue fantaisiste<\/i>.<\/p>\n<p style=\"text-align:justify\">Complete copies of all of Bresdin&#8217;s engravings, preserved with the covers of all the installments and bound in contemporary bindings, are extremely rare.<\/p>\n<p style=\"text-align:justify\"><span style=\"color:black\">Provenance&nbsp;: Paul Muret (book plate).<\/span><\/p>\n","protected":false},"excerpt":{"rendered":"<p style=\"text-align:justify\"><span style=\"color:black\">3 volumes 8vo (220 x 157mm), collation&nbsp;: [The texts by Baudelaire included in first edition are indicated in italics]&nbsp;: Tome I&nbsp;: livraison 1 (15 Feb. 1861) ; livraison 2 (1 March 1861) ; livraison 3 (15 March 1861) ; livraison 4 (1 April 1861) ; livraison 5 (15 April 1861) ; livraison 6 (1 May 1861).&nbsp; Tome II : livraison 7 (15 May 1861)&nbsp;:&nbsp;<i>Madrigal triste<\/i>&nbsp;; livraison 8 (1 June 1861) ; livraison 9 (15 June 1861) :&nbsp;<i>R\u00e9flexions sur quelques-uns de mes contemporains &#8211; I. Victor Hugo&nbsp;<\/i>; livraison 10 (1 July 1861) :&nbsp;<i>R\u00e9flexions sur quelques-uns de mes contemporains \u2013 II. Marceline Desbordes-Valmore&nbsp;<\/i>; livraison 11 (15 July 1861) :&nbsp;<i>R\u00e9flexions sur quelques-uns de mes contemporains &#8211; III. Auguste Barbier&nbsp;&#8211; IV. Th\u00e9ophile Gautier&nbsp;&#8211; V. P\u00e9trus Borel<\/i>&nbsp;; livraison 12 (1 August 1861) :&nbsp;<i>R\u00e9flexions sur quelques-uns de mes contemporains &#8211; VII. Th\u00e9odore de Banville<\/i>.&nbsp; Tome III : livraison 13 (15 August 1861) :&nbsp;<i>R\u00e9flexions sur quelques-uns de mes contemporains &#8211; VIII. Pierre Dupont; IX. Leconte de&nbsp;Lisle<\/i>&nbsp;; livraison 14 (1 September 1861) ; livraison 15 (15 September 1861) :&nbsp;<i>Peintures murales d\u2019Eug\u00e8ne Delacroix&nbsp;<\/i>; livraison 16 (1 October 1861)&nbsp;; livraison 17 (15 October 1861)&nbsp;:&nbsp;<i>Pr\u00e9face des Martyrs ridicules de L\u00e9on Cladel<\/i>&nbsp;; livraison 18 (1 November 1861) : nine poems in Prose:&nbsp;<i>Le Cr\u00e9puscule du soir&nbsp;&#8211; La Solitude&nbsp;&#8211; Les Projets&nbsp;&#8211; L\u2019Horloge&nbsp;&#8211; La Chevelure&nbsp;&#8211; L\u2019Invitation au Voyage&nbsp;&#8211; Les Foules&nbsp;&#8211; Les Veuves&nbsp;&#8211; Le Vieux Saltimbanque<\/i>&nbsp;; livraison 19 (15 November 1861) :&nbsp;<i>Traduction de la nouvelle d\u2019Edgar Poe, Eleonora. <\/i>Contemporary red cloth, spine delicately gilt, with the original wrappers preserved.<\/span><\/p>\n","protected":false},"featured_media":88708,"comment_status":"open","ping_status":"closed","template":"","meta":{"_acf_changed":false},"product_brand":[],"product_cat":[544],"product_tag":[604,598,1450],"class_list":{"0":"post-88719","1":"product","2":"type-product","3":"status-publish","4":"has-post-thumbnail","6":"product_cat-literature","7":"product_tag-19th-century-illustrations","8":"product_tag-19th-century-literature","9":"product_tag-first-edition","10":"pa_auteur-baudelaire-charles-2","11":"pa_type-de-livre-printed-book","13":"first","14":"instock","15":"shipping-taxable","16":"purchasable","17":"product-type-simple"},"acf":{"artist":" Charles BAUDELAIRE","chapeau":"","adresse_bibliographique":"Paris, Au bureau de la revue, passage Mir\u00e8s, 15 f\u00e9vrier - 15 novembre 1861","book_type":"Printed book","provenance":"","afficher_prix":""},"yoast_head":"<!-- This site is optimized with the Yoast SEO plugin v24.7 - https:\/\/yoast.com\/wordpress\/plugins\/seo\/ -->\n<title>BAUDELAIRE Charles La Revue fantaisiste. - Libairie Clavreuil<\/title>\n<meta name=\"robots\" content=\"index, follow, max-snippet:-1, max-image-preview:large, max-video-preview:-1\" \/>\n<link rel=\"canonical\" href=\"https:\/\/www.librairieclavreuil.com\/en\/baudelaire-charles-la-revue-fantaisiste\/\" \/>\n<meta property=\"og:locale\" content=\"en_US\" \/>\n<meta property=\"og:type\" content=\"article\" \/>\n<meta property=\"og:title\" content=\"BAUDELAIRE Charles La Revue fantaisiste. - Libairie Clavreuil\" \/>\n<meta property=\"og:description\" content=\"3 volumes 8vo (220 x 157mm), collation&nbsp;: [The texts by Baudelaire included in first edition are indicated in italics]&nbsp;: Tome I&nbsp;: livraison 1 (15 Feb. 1861) ; livraison 2 (1 March 1861) ; livraison 3 (15 March 1861) ; livraison 4 (1 April 1861) ; livraison 5 (15 April 1861) ; livraison 6 (1 May 1861).&nbsp; Tome II : livraison 7 (15 May 1861)&nbsp;:&nbsp;Madrigal triste&nbsp;; livraison 8 (1 June 1861) ; livraison 9 (15 June 1861) :&nbsp;R\u00e9flexions sur quelques-uns de mes contemporains - I. Victor Hugo&nbsp;; livraison 10 (1 July 1861) :&nbsp;R\u00e9flexions sur quelques-uns de mes contemporains \u2013 II. Marceline Desbordes-Valmore&nbsp;; livraison 11 (15 July 1861) :&nbsp;R\u00e9flexions sur quelques-uns de mes contemporains - III. Auguste Barbier&nbsp;- IV. Th\u00e9ophile Gautier&nbsp;- V. P\u00e9trus Borel&nbsp;; livraison 12 (1 August 1861) :&nbsp;R\u00e9flexions sur quelques-uns de mes contemporains - VII. Th\u00e9odore de Banville.&nbsp; Tome III : livraison 13 (15 August 1861) :&nbsp;R\u00e9flexions sur quelques-uns de mes contemporains - VIII. Pierre Dupont; IX. Leconte de&nbsp;Lisle&nbsp;; livraison 14 (1 September 1861) ; livraison 15 (15 September 1861) :&nbsp;Peintures murales d\u2019Eug\u00e8ne Delacroix&nbsp;; livraison 16 (1 October 1861)&nbsp;; livraison 17 (15 October 1861)&nbsp;:&nbsp;Pr\u00e9face des Martyrs ridicules de L\u00e9on Cladel&nbsp;; livraison 18 (1 November 1861) : nine poems in Prose:&nbsp;Le Cr\u00e9puscule du soir&nbsp;- La Solitude&nbsp;- Les Projets&nbsp;- L\u2019Horloge&nbsp;- La Chevelure&nbsp;- L\u2019Invitation au Voyage&nbsp;- Les Foules&nbsp;- Les Veuves&nbsp;- Le Vieux Saltimbanque&nbsp;; livraison 19 (15 November 1861) :&nbsp;Traduction de la nouvelle d\u2019Edgar Poe, Eleonora. Contemporary red cloth, spine delicately gilt, with the original wrappers preserved.\" \/>\n<meta property=\"og:url\" content=\"https:\/\/www.librairieclavreuil.com\/en\/baudelaire-charles-la-revue-fantaisiste\/\" \/>\n<meta property=\"og:site_name\" content=\"Libairie Clavreuil\" \/>\n<meta property=\"article:modified_time\" content=\"2025-11-26T10:11:31+00:00\" \/>\n<meta property=\"og:image\" content=\"https:\/\/www.librairieclavreuil.com\/wp-content\/uploads\/2025\/11\/charles-baudelaire-la-revue-fantaisiste-8516-68ad8050440e5.jpg\" \/>\n\t<meta property=\"og:image:width\" content=\"663\" \/>\n\t<meta property=\"og:image:height\" content=\"800\" \/>\n\t<meta property=\"og:image:type\" content=\"image\/jpeg\" \/>\n<meta name=\"twitter:card\" content=\"summary_large_image\" \/>\n<meta name=\"twitter:label1\" content=\"Est. reading time\" \/>\n\t<meta name=\"twitter:data1\" content=\"3 minutes\" \/>\n<script type=\"application\/ld+json\" class=\"yoast-schema-graph\">{\"@context\":\"https:\/\/schema.org\",\"@graph\":[{\"@type\":\"WebPage\",\"@id\":\"https:\/\/www.librairieclavreuil.com\/en\/baudelaire-charles-la-revue-fantaisiste\/\",\"url\":\"https:\/\/www.librairieclavreuil.com\/en\/baudelaire-charles-la-revue-fantaisiste\/\",\"name\":\"BAUDELAIRE Charles La Revue fantaisiste. - Libairie Clavreuil\",\"isPartOf\":{\"@id\":\"https:\/\/www.librairieclavreuil.com\/#website\"},\"primaryImageOfPage\":{\"@id\":\"https:\/\/www.librairieclavreuil.com\/en\/baudelaire-charles-la-revue-fantaisiste\/#primaryimage\"},\"image\":{\"@id\":\"https:\/\/www.librairieclavreuil.com\/en\/baudelaire-charles-la-revue-fantaisiste\/#primaryimage\"},\"thumbnailUrl\":\"https:\/\/www.librairieclavreuil.com\/wp-content\/uploads\/2025\/11\/charles-baudelaire-la-revue-fantaisiste-8516-68ad8050440e5.jpg\",\"datePublished\":\"2025-11-13T15:18:13+00:00\",\"dateModified\":\"2025-11-26T10:11:31+00:00\",\"breadcrumb\":{\"@id\":\"https:\/\/www.librairieclavreuil.com\/en\/baudelaire-charles-la-revue-fantaisiste\/#breadcrumb\"},\"inLanguage\":\"en-US\",\"potentialAction\":[{\"@type\":\"ReadAction\",\"target\":[\"https:\/\/www.librairieclavreuil.com\/en\/baudelaire-charles-la-revue-fantaisiste\/\"]}]},{\"@type\":\"ImageObject\",\"inLanguage\":\"en-US\",\"@id\":\"https:\/\/www.librairieclavreuil.com\/en\/baudelaire-charles-la-revue-fantaisiste\/#primaryimage\",\"url\":\"https:\/\/www.librairieclavreuil.com\/wp-content\/uploads\/2025\/11\/charles-baudelaire-la-revue-fantaisiste-8516-68ad8050440e5.jpg\",\"contentUrl\":\"https:\/\/www.librairieclavreuil.com\/wp-content\/uploads\/2025\/11\/charles-baudelaire-la-revue-fantaisiste-8516-68ad8050440e5.jpg\",\"width\":663,\"height\":800},{\"@type\":\"BreadcrumbList\",\"@id\":\"https:\/\/www.librairieclavreuil.com\/en\/baudelaire-charles-la-revue-fantaisiste\/#breadcrumb\",\"itemListElement\":[{\"@type\":\"ListItem\",\"position\":1,\"name\":\"Accueil\",\"item\":\"https:\/\/www.librairieclavreuil.com\/\"},{\"@type\":\"ListItem\",\"position\":2,\"name\":\"All our books\",\"item\":\"https:\/\/www.librairieclavreuil.com\/en\/all-our-books\/\"},{\"@type\":\"ListItem\",\"position\":3,\"name\":\"BAUDELAIRE Charles La Revue fantaisiste.\"}]},{\"@type\":\"WebSite\",\"@id\":\"https:\/\/www.librairieclavreuil.com\/#website\",\"url\":\"https:\/\/www.librairieclavreuil.com\/\",\"name\":\"Libairie Clavreuil\",\"description\":\"Livres anciens, manuscrits rares et \u00e9ditions originales \u2013 Librairie Clavreuil\",\"publisher\":{\"@id\":\"https:\/\/www.librairieclavreuil.com\/#organization\"},\"potentialAction\":[{\"@type\":\"SearchAction\",\"target\":{\"@type\":\"EntryPoint\",\"urlTemplate\":\"https:\/\/www.librairieclavreuil.com\/?s={search_term_string}\"},\"query-input\":{\"@type\":\"PropertyValueSpecification\",\"valueRequired\":true,\"valueName\":\"search_term_string\"}}],\"inLanguage\":\"en-US\"},{\"@type\":\"Organization\",\"@id\":\"https:\/\/www.librairieclavreuil.com\/#organization\",\"name\":\"Libairie Clavreuil\",\"url\":\"https:\/\/www.librairieclavreuil.com\/\",\"logo\":{\"@type\":\"ImageObject\",\"inLanguage\":\"en-US\",\"@id\":\"https:\/\/www.librairieclavreuil.com\/#\/schema\/logo\/image\/\",\"url\":\"https:\/\/www.librairieclavreuil.com\/wp-content\/uploads\/2021\/06\/cropped-LOGO_PNG_DATE-_gold-512x512-1.png\",\"contentUrl\":\"https:\/\/www.librairieclavreuil.com\/wp-content\/uploads\/2021\/06\/cropped-LOGO_PNG_DATE-_gold-512x512-1.png\",\"width\":512,\"height\":512,\"caption\":\"Libairie Clavreuil\"},\"image\":{\"@id\":\"https:\/\/www.librairieclavreuil.com\/#\/schema\/logo\/image\/\"},\"sameAs\":[\"https:\/\/www.instagram.com\/librairieclavreuil\/\"]}]}<\/script>\n<!-- \/ Yoast SEO plugin. -->","yoast_head_json":{"title":"BAUDELAIRE Charles La Revue fantaisiste. - Libairie Clavreuil","robots":{"index":"index","follow":"follow","max-snippet":"max-snippet:-1","max-image-preview":"max-image-preview:large","max-video-preview":"max-video-preview:-1"},"canonical":"https:\/\/www.librairieclavreuil.com\/en\/baudelaire-charles-la-revue-fantaisiste\/","og_locale":"en_US","og_type":"article","og_title":"BAUDELAIRE Charles La Revue fantaisiste. - Libairie Clavreuil","og_description":"3 volumes 8vo (220 x 157mm), collation&nbsp;: [The texts by Baudelaire included in first edition are indicated in italics]&nbsp;: Tome I&nbsp;: livraison 1 (15 Feb. 1861) ; livraison 2 (1 March 1861) ; livraison 3 (15 March 1861) ; livraison 4 (1 April 1861) ; livraison 5 (15 April 1861) ; livraison 6 (1 May 1861).&nbsp; Tome II : livraison 7 (15 May 1861)&nbsp;:&nbsp;Madrigal triste&nbsp;; livraison 8 (1 June 1861) ; livraison 9 (15 June 1861) :&nbsp;R\u00e9flexions sur quelques-uns de mes contemporains - I. Victor Hugo&nbsp;; livraison 10 (1 July 1861) :&nbsp;R\u00e9flexions sur quelques-uns de mes contemporains \u2013 II. Marceline Desbordes-Valmore&nbsp;; livraison 11 (15 July 1861) :&nbsp;R\u00e9flexions sur quelques-uns de mes contemporains - III. Auguste Barbier&nbsp;- IV. Th\u00e9ophile Gautier&nbsp;- V. P\u00e9trus Borel&nbsp;; livraison 12 (1 August 1861) :&nbsp;R\u00e9flexions sur quelques-uns de mes contemporains - VII. Th\u00e9odore de Banville.&nbsp; Tome III : livraison 13 (15 August 1861) :&nbsp;R\u00e9flexions sur quelques-uns de mes contemporains - VIII. Pierre Dupont; IX. Leconte de&nbsp;Lisle&nbsp;; livraison 14 (1 September 1861) ; livraison 15 (15 September 1861) :&nbsp;Peintures murales d\u2019Eug\u00e8ne Delacroix&nbsp;; livraison 16 (1 October 1861)&nbsp;; livraison 17 (15 October 1861)&nbsp;:&nbsp;Pr\u00e9face des Martyrs ridicules de L\u00e9on Cladel&nbsp;; livraison 18 (1 November 1861) : nine poems in Prose:&nbsp;Le Cr\u00e9puscule du soir&nbsp;- La Solitude&nbsp;- Les Projets&nbsp;- L\u2019Horloge&nbsp;- La Chevelure&nbsp;- L\u2019Invitation au Voyage&nbsp;- Les Foules&nbsp;- Les Veuves&nbsp;- Le Vieux Saltimbanque&nbsp;; livraison 19 (15 November 1861) :&nbsp;Traduction de la nouvelle d\u2019Edgar Poe, Eleonora. Contemporary red cloth, spine delicately gilt, with the original wrappers preserved.","og_url":"https:\/\/www.librairieclavreuil.com\/en\/baudelaire-charles-la-revue-fantaisiste\/","og_site_name":"Libairie Clavreuil","article_modified_time":"2025-11-26T10:11:31+00:00","og_image":[{"width":663,"height":800,"url":"https:\/\/www.librairieclavreuil.com\/wp-content\/uploads\/2025\/11\/charles-baudelaire-la-revue-fantaisiste-8516-68ad8050440e5.jpg","type":"image\/jpeg"}],"twitter_card":"summary_large_image","twitter_misc":{"Est. reading time":"3 minutes"},"schema":{"@context":"https:\/\/schema.org","@graph":[{"@type":"WebPage","@id":"https:\/\/www.librairieclavreuil.com\/en\/baudelaire-charles-la-revue-fantaisiste\/","url":"https:\/\/www.librairieclavreuil.com\/en\/baudelaire-charles-la-revue-fantaisiste\/","name":"BAUDELAIRE Charles La Revue fantaisiste. - Libairie Clavreuil","isPartOf":{"@id":"https:\/\/www.librairieclavreuil.com\/#website"},"primaryImageOfPage":{"@id":"https:\/\/www.librairieclavreuil.com\/en\/baudelaire-charles-la-revue-fantaisiste\/#primaryimage"},"image":{"@id":"https:\/\/www.librairieclavreuil.com\/en\/baudelaire-charles-la-revue-fantaisiste\/#primaryimage"},"thumbnailUrl":"https:\/\/www.librairieclavreuil.com\/wp-content\/uploads\/2025\/11\/charles-baudelaire-la-revue-fantaisiste-8516-68ad8050440e5.jpg","datePublished":"2025-11-13T15:18:13+00:00","dateModified":"2025-11-26T10:11:31+00:00","breadcrumb":{"@id":"https:\/\/www.librairieclavreuil.com\/en\/baudelaire-charles-la-revue-fantaisiste\/#breadcrumb"},"inLanguage":"en-US","potentialAction":[{"@type":"ReadAction","target":["https:\/\/www.librairieclavreuil.com\/en\/baudelaire-charles-la-revue-fantaisiste\/"]}]},{"@type":"ImageObject","inLanguage":"en-US","@id":"https:\/\/www.librairieclavreuil.com\/en\/baudelaire-charles-la-revue-fantaisiste\/#primaryimage","url":"https:\/\/www.librairieclavreuil.com\/wp-content\/uploads\/2025\/11\/charles-baudelaire-la-revue-fantaisiste-8516-68ad8050440e5.jpg","contentUrl":"https:\/\/www.librairieclavreuil.com\/wp-content\/uploads\/2025\/11\/charles-baudelaire-la-revue-fantaisiste-8516-68ad8050440e5.jpg","width":663,"height":800},{"@type":"BreadcrumbList","@id":"https:\/\/www.librairieclavreuil.com\/en\/baudelaire-charles-la-revue-fantaisiste\/#breadcrumb","itemListElement":[{"@type":"ListItem","position":1,"name":"Accueil","item":"https:\/\/www.librairieclavreuil.com\/"},{"@type":"ListItem","position":2,"name":"All our books","item":"https:\/\/www.librairieclavreuil.com\/en\/all-our-books\/"},{"@type":"ListItem","position":3,"name":"BAUDELAIRE Charles La Revue fantaisiste."}]},{"@type":"WebSite","@id":"https:\/\/www.librairieclavreuil.com\/#website","url":"https:\/\/www.librairieclavreuil.com\/","name":"Libairie Clavreuil","description":"Livres anciens, manuscrits rares et \u00e9ditions originales \u2013 Librairie Clavreuil","publisher":{"@id":"https:\/\/www.librairieclavreuil.com\/#organization"},"potentialAction":[{"@type":"SearchAction","target":{"@type":"EntryPoint","urlTemplate":"https:\/\/www.librairieclavreuil.com\/?s={search_term_string}"},"query-input":{"@type":"PropertyValueSpecification","valueRequired":true,"valueName":"search_term_string"}}],"inLanguage":"en-US"},{"@type":"Organization","@id":"https:\/\/www.librairieclavreuil.com\/#organization","name":"Libairie Clavreuil","url":"https:\/\/www.librairieclavreuil.com\/","logo":{"@type":"ImageObject","inLanguage":"en-US","@id":"https:\/\/www.librairieclavreuil.com\/#\/schema\/logo\/image\/","url":"https:\/\/www.librairieclavreuil.com\/wp-content\/uploads\/2021\/06\/cropped-LOGO_PNG_DATE-_gold-512x512-1.png","contentUrl":"https:\/\/www.librairieclavreuil.com\/wp-content\/uploads\/2021\/06\/cropped-LOGO_PNG_DATE-_gold-512x512-1.png","width":512,"height":512,"caption":"Libairie Clavreuil"},"image":{"@id":"https:\/\/www.librairieclavreuil.com\/#\/schema\/logo\/image\/"},"sameAs":["https:\/\/www.instagram.com\/librairieclavreuil\/"]}]}},"jetpack_sharing_enabled":true,"_links":{"self":[{"href":"https:\/\/www.librairieclavreuil.com\/en\/wp-json\/wp\/v2\/product\/88719","targetHints":{"allow":["GET"]}}],"collection":[{"href":"https:\/\/www.librairieclavreuil.com\/en\/wp-json\/wp\/v2\/product"}],"about":[{"href":"https:\/\/www.librairieclavreuil.com\/en\/wp-json\/wp\/v2\/types\/product"}],"replies":[{"embeddable":true,"href":"https:\/\/www.librairieclavreuil.com\/en\/wp-json\/wp\/v2\/comments?post=88719"}],"wp:featuredmedia":[{"embeddable":true,"href":"https:\/\/www.librairieclavreuil.com\/en\/wp-json\/wp\/v2\/media\/88708"}],"wp:attachment":[{"href":"https:\/\/www.librairieclavreuil.com\/en\/wp-json\/wp\/v2\/media?parent=88719"}],"wp:term":[{"taxonomy":"product_brand","embeddable":true,"href":"https:\/\/www.librairieclavreuil.com\/en\/wp-json\/wp\/v2\/product_brand?post=88719"},{"taxonomy":"product_cat","embeddable":true,"href":"https:\/\/www.librairieclavreuil.com\/en\/wp-json\/wp\/v2\/product_cat?post=88719"},{"taxonomy":"product_tag","embeddable":true,"href":"https:\/\/www.librairieclavreuil.com\/en\/wp-json\/wp\/v2\/product_tag?post=88719"}],"curies":[{"name":"wp","href":"https:\/\/api.w.org\/{rel}","templated":true}]}}