{"id":88452,"date":"2025-10-22T18:45:29","date_gmt":"2025-10-22T16:45:29","guid":{"rendered":"https:\/\/www.librairieclavreuil.com\/westphal-jean-henry-carta-de-contorni-di-napoli-per-uso-de-forestieri-e-viaggiatori-rettificata-e-accresciuta-in-napoli-a-tutto-il-1880\/"},"modified":"2025-10-22T18:45:34","modified_gmt":"2025-10-22T16:45:34","slug":"westphal-jean-henry-carta-de-contorni-di-napoli-per-uso-de-forestieri-e-viaggiatori-rettificata-e-accresciuta-in-napoli-a-tutto-il-1880","status":"publish","type":"product","link":"https:\/\/www.librairieclavreuil.com\/en\/westphal-jean-henry-carta-de-contorni-di-napoli-per-uso-de-forestieri-e-viaggiatori-rettificata-e-accresciuta-in-napoli-a-tutto-il-1880\/","title":{"rendered":"WESTPHAL Jean Henry Carta de&#8217; Contorni di Napoli..."},"content":{"rendered":"<p style=\"text-align:justify\"><span style=\"font-variant:small-caps\">Famous map of the area around Naples, first published in 1828.<\/span><\/p>\n<p style=\"text-align:justify\">Some browning and foxing.<\/p>\n<p style=\"text-align:justify\"><strong>[Joint, of the same]:<\/strong><\/p>\n<p style=\"text-align:justify\">Guide pour accompagner la carte des environs de Naples (&#8230;) \u00e0 l&#8217;usage des Voyageurs. Seconde \u00e9dition corrig\u00e9e et augment\u00e9e de beaucoup d&#8217;objets et notices.<i> Rome, Joseph Salviucci et fils, et Naples, Marotta et Vanspandoch, Glass, Marras, 1833<\/i>. 8vo, 60 pp. Original beige printed wrappers.<\/p>\n<p style=\"text-align:justify\">Corrected and enlarged second edition. This brochure accompanied the second printing of Westphal&#8217;s map of the environments of Naples.<\/p>\n<p style=\"text-align:justify\">Penciled note on the front cover: &#8220;In June 1837&#8221;.<\/p>\n","protected":false},"excerpt":{"rendered":"<p style=\"text-align:justify\">Colour lithographed map, 24 sections mounted on a 745 x 805 mm. sheet, canvas-backed and folded.<\/p>\n","protected":false},"featured_media":88445,"comment_status":"open","ping_status":"closed","template":"","meta":{"_acf_changed":false},"product_brand":[],"product_cat":[552],"product_tag":[1397,1223],"class_list":{"0":"post-88452","1":"product","2":"type-product","3":"status-publish","4":"has-post-thumbnail","6":"product_cat-travel","7":"product_tag-italy","8":"product_tag-map","9":"pa_auteur-westphal-jean-henry-2","10":"pa_type-de-livre-printed-book","12":"first","13":"instock","14":"shipping-taxable","15":"purchasable","16":"product-type-simple"},"acf":{"artist":" Jean Henry WESTPHAL","chapeau":"","adresse_bibliographique":"Naples, Detken & Rocholl, 1881","book_type":"Printed book","provenance":"","afficher_prix":""},"yoast_head":"<!-- This site is optimized with the Yoast SEO plugin v24.7 - https:\/\/yoast.com\/wordpress\/plugins\/seo\/ -->\n<title>WESTPHAL Jean Henry Carta de&#039; Contorni di Napoli per uso de&#039; Forestieri e Viaggiatori (...) rettificata e accresciuta in Napoli a tutto il 1880. - Libairie Clavreuil<\/title>\n<meta name=\"robots\" content=\"index, follow, max-snippet:-1, max-image-preview:large, max-video-preview:-1\" \/>\n<link rel=\"canonical\" href=\"https:\/\/www.librairieclavreuil.com\/en\/westphal-jean-henry-carta-de-contorni-di-napoli-per-uso-de-forestieri-e-viaggiatori-rettificata-e-accresciuta-in-napoli-a-tutto-il-1880\/\" \/>\n<meta property=\"og:locale\" content=\"en_US\" \/>\n<meta property=\"og:type\" content=\"article\" \/>\n<meta property=\"og:title\" content=\"WESTPHAL Jean Henry Carta de&#039; Contorni di Napoli per uso de&#039; Forestieri e Viaggiatori (...) rettificata e accresciuta in Napoli a tutto il 1880. - Libairie Clavreuil\" \/>\n<meta property=\"og:description\" content=\"Colour lithographed map, 24 sections mounted on a 745 x 805 mm. sheet, canvas-backed and folded.\" \/>\n<meta property=\"og:url\" content=\"https:\/\/www.librairieclavreuil.com\/en\/westphal-jean-henry-carta-de-contorni-di-napoli-per-uso-de-forestieri-e-viaggiatori-rettificata-e-accresciuta-in-napoli-a-tutto-il-1880\/\" \/>\n<meta property=\"og:site_name\" content=\"Libairie Clavreuil\" \/>\n<meta property=\"article:modified_time\" content=\"2025-10-22T16:45:34+00:00\" \/>\n<meta property=\"og:image\" content=\"https:\/\/www.librairieclavreuil.com\/wp-content\/uploads\/2025\/10\/jean-henry-westphal-carta-de-contorni-di-napoli-per-uso-de-forestieri-e-viaggiatori-rettificata-e-accresciuta-in-napoli-a-tutto-il-1880-8292-65fb22ce6.jpg\" \/>\n\t<meta property=\"og:image:width\" content=\"800\" \/>\n\t<meta property=\"og:image:height\" content=\"738\" \/>\n\t<meta property=\"og:image:type\" content=\"image\/jpeg\" \/>\n<meta name=\"twitter:card\" content=\"summary_large_image\" \/>\n<script type=\"application\/ld+json\" class=\"yoast-schema-graph\">{\"@context\":\"https:\/\/schema.org\",\"@graph\":[{\"@type\":\"WebPage\",\"@id\":\"https:\/\/www.librairieclavreuil.com\/en\/westphal-jean-henry-carta-de-contorni-di-napoli-per-uso-de-forestieri-e-viaggiatori-rettificata-e-accresciuta-in-napoli-a-tutto-il-1880\/\",\"url\":\"https:\/\/www.librairieclavreuil.com\/en\/westphal-jean-henry-carta-de-contorni-di-napoli-per-uso-de-forestieri-e-viaggiatori-rettificata-e-accresciuta-in-napoli-a-tutto-il-1880\/\",\"name\":\"WESTPHAL Jean Henry Carta de' Contorni di Napoli per uso de' Forestieri e Viaggiatori (...) rettificata e accresciuta in Napoli a tutto il 1880. - Libairie Clavreuil\",\"isPartOf\":{\"@id\":\"https:\/\/www.librairieclavreuil.com\/#website\"},\"primaryImageOfPage\":{\"@id\":\"https:\/\/www.librairieclavreuil.com\/en\/westphal-jean-henry-carta-de-contorni-di-napoli-per-uso-de-forestieri-e-viaggiatori-rettificata-e-accresciuta-in-napoli-a-tutto-il-1880\/#primaryimage\"},\"image\":{\"@id\":\"https:\/\/www.librairieclavreuil.com\/en\/westphal-jean-henry-carta-de-contorni-di-napoli-per-uso-de-forestieri-e-viaggiatori-rettificata-e-accresciuta-in-napoli-a-tutto-il-1880\/#primaryimage\"},\"thumbnailUrl\":\"https:\/\/www.librairieclavreuil.com\/wp-content\/uploads\/2025\/10\/jean-henry-westphal-carta-de-contorni-di-napoli-per-uso-de-forestieri-e-viaggiatori-rettificata-e-accresciuta-in-napoli-a-tutto-il-1880-8292-65fb22ce6.jpg\",\"datePublished\":\"2025-10-22T16:45:29+00:00\",\"dateModified\":\"2025-10-22T16:45:34+00:00\",\"breadcrumb\":{\"@id\":\"https:\/\/www.librairieclavreuil.com\/en\/westphal-jean-henry-carta-de-contorni-di-napoli-per-uso-de-forestieri-e-viaggiatori-rettificata-e-accresciuta-in-napoli-a-tutto-il-1880\/#breadcrumb\"},\"inLanguage\":\"en-US\",\"potentialAction\":[{\"@type\":\"ReadAction\",\"target\":[\"https:\/\/www.librairieclavreuil.com\/en\/westphal-jean-henry-carta-de-contorni-di-napoli-per-uso-de-forestieri-e-viaggiatori-rettificata-e-accresciuta-in-napoli-a-tutto-il-1880\/\"]}]},{\"@type\":\"ImageObject\",\"inLanguage\":\"en-US\",\"@id\":\"https:\/\/www.librairieclavreuil.com\/en\/westphal-jean-henry-carta-de-contorni-di-napoli-per-uso-de-forestieri-e-viaggiatori-rettificata-e-accresciuta-in-napoli-a-tutto-il-1880\/#primaryimage\",\"url\":\"https:\/\/www.librairieclavreuil.com\/wp-content\/uploads\/2025\/10\/jean-henry-westphal-carta-de-contorni-di-napoli-per-uso-de-forestieri-e-viaggiatori-rettificata-e-accresciuta-in-napoli-a-tutto-il-1880-8292-65fb22ce6.jpg\",\"contentUrl\":\"https:\/\/www.librairieclavreuil.com\/wp-content\/uploads\/2025\/10\/jean-henry-westphal-carta-de-contorni-di-napoli-per-uso-de-forestieri-e-viaggiatori-rettificata-e-accresciuta-in-napoli-a-tutto-il-1880-8292-65fb22ce6.jpg\",\"width\":800,\"height\":738},{\"@type\":\"BreadcrumbList\",\"@id\":\"https:\/\/www.librairieclavreuil.com\/en\/westphal-jean-henry-carta-de-contorni-di-napoli-per-uso-de-forestieri-e-viaggiatori-rettificata-e-accresciuta-in-napoli-a-tutto-il-1880\/#breadcrumb\",\"itemListElement\":[{\"@type\":\"ListItem\",\"position\":1,\"name\":\"Accueil\",\"item\":\"https:\/\/www.librairieclavreuil.com\/\"},{\"@type\":\"ListItem\",\"position\":2,\"name\":\"All our books\",\"item\":\"https:\/\/www.librairieclavreuil.com\/en\/all-our-books\/\"},{\"@type\":\"ListItem\",\"position\":3,\"name\":\"WESTPHAL Jean Henry Carta de&rsquo; Contorni di Napoli...\"}]},{\"@type\":\"WebSite\",\"@id\":\"https:\/\/www.librairieclavreuil.com\/#website\",\"url\":\"https:\/\/www.librairieclavreuil.com\/\",\"name\":\"Libairie Clavreuil\",\"description\":\"Livres anciens, manuscrits rares et \u00e9ditions originales \u2013 Librairie Clavreuil\",\"publisher\":{\"@id\":\"https:\/\/www.librairieclavreuil.com\/#organization\"},\"potentialAction\":[{\"@type\":\"SearchAction\",\"target\":{\"@type\":\"EntryPoint\",\"urlTemplate\":\"https:\/\/www.librairieclavreuil.com\/?s={search_term_string}\"},\"query-input\":{\"@type\":\"PropertyValueSpecification\",\"valueRequired\":true,\"valueName\":\"search_term_string\"}}],\"inLanguage\":\"en-US\"},{\"@type\":\"Organization\",\"@id\":\"https:\/\/www.librairieclavreuil.com\/#organization\",\"name\":\"Libairie Clavreuil\",\"url\":\"https:\/\/www.librairieclavreuil.com\/\",\"logo\":{\"@type\":\"ImageObject\",\"inLanguage\":\"en-US\",\"@id\":\"https:\/\/www.librairieclavreuil.com\/#\/schema\/logo\/image\/\",\"url\":\"https:\/\/www.librairieclavreuil.com\/wp-content\/uploads\/2021\/06\/cropped-LOGO_PNG_DATE-_gold-512x512-1.png\",\"contentUrl\":\"https:\/\/www.librairieclavreuil.com\/wp-content\/uploads\/2021\/06\/cropped-LOGO_PNG_DATE-_gold-512x512-1.png\",\"width\":512,\"height\":512,\"caption\":\"Libairie Clavreuil\"},\"image\":{\"@id\":\"https:\/\/www.librairieclavreuil.com\/#\/schema\/logo\/image\/\"},\"sameAs\":[\"https:\/\/www.instagram.com\/librairieclavreuil\/\"]}]}<\/script>\n<!-- \/ Yoast SEO plugin. -->","yoast_head_json":{"title":"WESTPHAL Jean Henry Carta de' Contorni di Napoli per uso de' Forestieri e Viaggiatori (...) rettificata e accresciuta in Napoli a tutto il 1880. - Libairie Clavreuil","robots":{"index":"index","follow":"follow","max-snippet":"max-snippet:-1","max-image-preview":"max-image-preview:large","max-video-preview":"max-video-preview:-1"},"canonical":"https:\/\/www.librairieclavreuil.com\/en\/westphal-jean-henry-carta-de-contorni-di-napoli-per-uso-de-forestieri-e-viaggiatori-rettificata-e-accresciuta-in-napoli-a-tutto-il-1880\/","og_locale":"en_US","og_type":"article","og_title":"WESTPHAL Jean Henry Carta de' Contorni di Napoli per uso de' Forestieri e Viaggiatori (...) rettificata e accresciuta in Napoli a tutto il 1880. - Libairie Clavreuil","og_description":"Colour lithographed map, 24 sections mounted on a 745 x 805 mm. sheet, canvas-backed and folded.","og_url":"https:\/\/www.librairieclavreuil.com\/en\/westphal-jean-henry-carta-de-contorni-di-napoli-per-uso-de-forestieri-e-viaggiatori-rettificata-e-accresciuta-in-napoli-a-tutto-il-1880\/","og_site_name":"Libairie Clavreuil","article_modified_time":"2025-10-22T16:45:34+00:00","og_image":[{"width":800,"height":738,"url":"https:\/\/www.librairieclavreuil.com\/wp-content\/uploads\/2025\/10\/jean-henry-westphal-carta-de-contorni-di-napoli-per-uso-de-forestieri-e-viaggiatori-rettificata-e-accresciuta-in-napoli-a-tutto-il-1880-8292-65fb22ce6.jpg","type":"image\/jpeg"}],"twitter_card":"summary_large_image","schema":{"@context":"https:\/\/schema.org","@graph":[{"@type":"WebPage","@id":"https:\/\/www.librairieclavreuil.com\/en\/westphal-jean-henry-carta-de-contorni-di-napoli-per-uso-de-forestieri-e-viaggiatori-rettificata-e-accresciuta-in-napoli-a-tutto-il-1880\/","url":"https:\/\/www.librairieclavreuil.com\/en\/westphal-jean-henry-carta-de-contorni-di-napoli-per-uso-de-forestieri-e-viaggiatori-rettificata-e-accresciuta-in-napoli-a-tutto-il-1880\/","name":"WESTPHAL Jean Henry Carta de' Contorni di Napoli per uso de' Forestieri e Viaggiatori (...) rettificata e accresciuta in Napoli a tutto il 1880. - Libairie Clavreuil","isPartOf":{"@id":"https:\/\/www.librairieclavreuil.com\/#website"},"primaryImageOfPage":{"@id":"https:\/\/www.librairieclavreuil.com\/en\/westphal-jean-henry-carta-de-contorni-di-napoli-per-uso-de-forestieri-e-viaggiatori-rettificata-e-accresciuta-in-napoli-a-tutto-il-1880\/#primaryimage"},"image":{"@id":"https:\/\/www.librairieclavreuil.com\/en\/westphal-jean-henry-carta-de-contorni-di-napoli-per-uso-de-forestieri-e-viaggiatori-rettificata-e-accresciuta-in-napoli-a-tutto-il-1880\/#primaryimage"},"thumbnailUrl":"https:\/\/www.librairieclavreuil.com\/wp-content\/uploads\/2025\/10\/jean-henry-westphal-carta-de-contorni-di-napoli-per-uso-de-forestieri-e-viaggiatori-rettificata-e-accresciuta-in-napoli-a-tutto-il-1880-8292-65fb22ce6.jpg","datePublished":"2025-10-22T16:45:29+00:00","dateModified":"2025-10-22T16:45:34+00:00","breadcrumb":{"@id":"https:\/\/www.librairieclavreuil.com\/en\/westphal-jean-henry-carta-de-contorni-di-napoli-per-uso-de-forestieri-e-viaggiatori-rettificata-e-accresciuta-in-napoli-a-tutto-il-1880\/#breadcrumb"},"inLanguage":"en-US","potentialAction":[{"@type":"ReadAction","target":["https:\/\/www.librairieclavreuil.com\/en\/westphal-jean-henry-carta-de-contorni-di-napoli-per-uso-de-forestieri-e-viaggiatori-rettificata-e-accresciuta-in-napoli-a-tutto-il-1880\/"]}]},{"@type":"ImageObject","inLanguage":"en-US","@id":"https:\/\/www.librairieclavreuil.com\/en\/westphal-jean-henry-carta-de-contorni-di-napoli-per-uso-de-forestieri-e-viaggiatori-rettificata-e-accresciuta-in-napoli-a-tutto-il-1880\/#primaryimage","url":"https:\/\/www.librairieclavreuil.com\/wp-content\/uploads\/2025\/10\/jean-henry-westphal-carta-de-contorni-di-napoli-per-uso-de-forestieri-e-viaggiatori-rettificata-e-accresciuta-in-napoli-a-tutto-il-1880-8292-65fb22ce6.jpg","contentUrl":"https:\/\/www.librairieclavreuil.com\/wp-content\/uploads\/2025\/10\/jean-henry-westphal-carta-de-contorni-di-napoli-per-uso-de-forestieri-e-viaggiatori-rettificata-e-accresciuta-in-napoli-a-tutto-il-1880-8292-65fb22ce6.jpg","width":800,"height":738},{"@type":"BreadcrumbList","@id":"https:\/\/www.librairieclavreuil.com\/en\/westphal-jean-henry-carta-de-contorni-di-napoli-per-uso-de-forestieri-e-viaggiatori-rettificata-e-accresciuta-in-napoli-a-tutto-il-1880\/#breadcrumb","itemListElement":[{"@type":"ListItem","position":1,"name":"Accueil","item":"https:\/\/www.librairieclavreuil.com\/"},{"@type":"ListItem","position":2,"name":"All our books","item":"https:\/\/www.librairieclavreuil.com\/en\/all-our-books\/"},{"@type":"ListItem","position":3,"name":"WESTPHAL Jean Henry Carta de&rsquo; Contorni di Napoli..."}]},{"@type":"WebSite","@id":"https:\/\/www.librairieclavreuil.com\/#website","url":"https:\/\/www.librairieclavreuil.com\/","name":"Libairie Clavreuil","description":"Livres anciens, manuscrits rares et \u00e9ditions originales \u2013 Librairie Clavreuil","publisher":{"@id":"https:\/\/www.librairieclavreuil.com\/#organization"},"potentialAction":[{"@type":"SearchAction","target":{"@type":"EntryPoint","urlTemplate":"https:\/\/www.librairieclavreuil.com\/?s={search_term_string}"},"query-input":{"@type":"PropertyValueSpecification","valueRequired":true,"valueName":"search_term_string"}}],"inLanguage":"en-US"},{"@type":"Organization","@id":"https:\/\/www.librairieclavreuil.com\/#organization","name":"Libairie Clavreuil","url":"https:\/\/www.librairieclavreuil.com\/","logo":{"@type":"ImageObject","inLanguage":"en-US","@id":"https:\/\/www.librairieclavreuil.com\/#\/schema\/logo\/image\/","url":"https:\/\/www.librairieclavreuil.com\/wp-content\/uploads\/2021\/06\/cropped-LOGO_PNG_DATE-_gold-512x512-1.png","contentUrl":"https:\/\/www.librairieclavreuil.com\/wp-content\/uploads\/2021\/06\/cropped-LOGO_PNG_DATE-_gold-512x512-1.png","width":512,"height":512,"caption":"Libairie Clavreuil"},"image":{"@id":"https:\/\/www.librairieclavreuil.com\/#\/schema\/logo\/image\/"},"sameAs":["https:\/\/www.instagram.com\/librairieclavreuil\/"]}]}},"jetpack_sharing_enabled":true,"_links":{"self":[{"href":"https:\/\/www.librairieclavreuil.com\/en\/wp-json\/wp\/v2\/product\/88452","targetHints":{"allow":["GET"]}}],"collection":[{"href":"https:\/\/www.librairieclavreuil.com\/en\/wp-json\/wp\/v2\/product"}],"about":[{"href":"https:\/\/www.librairieclavreuil.com\/en\/wp-json\/wp\/v2\/types\/product"}],"replies":[{"embeddable":true,"href":"https:\/\/www.librairieclavreuil.com\/en\/wp-json\/wp\/v2\/comments?post=88452"}],"wp:featuredmedia":[{"embeddable":true,"href":"https:\/\/www.librairieclavreuil.com\/en\/wp-json\/wp\/v2\/media\/88445"}],"wp:attachment":[{"href":"https:\/\/www.librairieclavreuil.com\/en\/wp-json\/wp\/v2\/media?parent=88452"}],"wp:term":[{"taxonomy":"product_brand","embeddable":true,"href":"https:\/\/www.librairieclavreuil.com\/en\/wp-json\/wp\/v2\/product_brand?post=88452"},{"taxonomy":"product_cat","embeddable":true,"href":"https:\/\/www.librairieclavreuil.com\/en\/wp-json\/wp\/v2\/product_cat?post=88452"},{"taxonomy":"product_tag","embeddable":true,"href":"https:\/\/www.librairieclavreuil.com\/en\/wp-json\/wp\/v2\/product_tag?post=88452"}],"curies":[{"name":"wp","href":"https:\/\/api.w.org\/{rel}","templated":true}]}}