{"id":88380,"date":"2025-10-21T15:30:07","date_gmt":"2025-10-21T13:30:07","guid":{"rendered":"https:\/\/www.librairieclavreuil.com\/mendoca-corte-real-diogo-de-traduction-de-la-demonstration-de-la-compagnie-des-indes-orientales-concernant-els-raisons-pourquoi-les-portugais-ne-sont-point-en-droit-de-naviguer-vers-le-cotes-de-la-hau\/"},"modified":"2025-10-21T15:30:12","modified_gmt":"2025-10-21T13:30:12","slug":"mendoca-corte-real-diogo-de-traduction-de-la-demonstration-de-la-compagnie-des-indes-orientales-concernant-els-raisons-pourquoi-les-portugais-ne-sont-point-en-droit-de-naviguer-vers-le-cotes-de-la-hau","status":"publish","type":"product","link":"https:\/\/www.librairieclavreuil.com\/en\/mendoca-corte-real-diogo-de-traduction-de-la-demonstration-de-la-compagnie-des-indes-orientales-concernant-els-raisons-pourquoi-les-portugais-ne-sont-point-en-droit-de-naviguer-vers-le-cotes-de-la-hau\/","title":{"rendered":"MENDOCA CORTE-REAL Diogo de Traduction de la d\u00e9monstration..."},"content":{"rendered":"<p style=\"text-align:justify\"><i>Sabin 47825 ; Alden-Landis, 727:161.<\/i><\/p>\n<p style=\"text-align:justify\"><span style=\"font-variant:small-caps\">First edition of this translation of which neither Sabin nor Alden-Landis give a Portuguese language edition.<\/span><\/p>\n<p style=\"text-align:justify\">Diogo de Mendo\u00e7a Corte-Real (1658-1736) was a highly qualified statesman and diplomat under the Portuguese kings Pedro II and Joao V.<\/p>\n<p style=\"text-align:justify\">From an early age, he devoted his energies to the study of law at the University of Coimbra, where he obtained his doctorate in canon law in 1686 and in civil law in 1687. His excellence was soon noticed by King Pedro II, who sent him on a diplomatic mission to Holland in early 1691 to resolve the constant problems between the two countries, linked to frequent attacks by Dutch ships on Portuguese vessels.<\/p>\n<p style=\"text-align:justify\">Portugal&#8217;s possessions were indeed vast in the 16th century, stretching from Brazil to the East Indies. This immense empire was contested by several major colonial powers, notably England and France. In the end, it was Holland that emerged as the real threat. This nation of navigators had placed numerous spies on Portuguese ships between 1598 and 1602 to gain access to overseas markets. On the strength of this intelligence, the Dutch East India Company was created in 1602 on the initiative of Maurice de Nassau, Prince of Orange.<\/p>\n<p style=\"text-align:justify\">Corte-Real&#8217;s mission was successfully completed on May 22, 1692, and a contract was signed between the two countries in favor of Portugal, which received compensation for losses incurred up to that point. This peace treaty did not prevent Dutch merchants from continuing their attempts to gain a foothold on the African coasts, which were well served by Portuguese merchant ships and trading posts.<\/p>\n<p style=\"text-align:justify\">The present memoir contains the new dispute between Portugal and the Dutch East India Company over the entire territory of Guinea.<\/p>\n<p style=\"text-align:justify\">In his D\u00e9monstration, the skillful diplomat and jurist Corte-Real demonstrates the bad faith of the Dutch by pointing out that Guinea was not entirely controlled by them, but that Portugal maintained far more trading posts than their adversary, who controlled only a small part of the country&#8217;s coastline.<\/p>\n<p style=\"text-align:justify\">Somewhat waterstained.<\/p>\n<p style=\"text-align:justify\">[<strong>Bound with<\/strong>:]<\/p>\n<p style=\"text-align:justify\"><strong>MENDOCA CORTE-REAL, Diogo de.<\/strong> Examen et r\u00e9ponse \u00e0 un \u00e9crit publi\u00e9 par la Comagnie des Indes Occidentales sous le titre R\u00e9futation des Argumens&#8230; <i>[Amsterdam?] 1727.<\/i> 64 pp. 1 engraved folding map.<\/p>\n<p style=\"text-align:justify\"><i>Sabin, 47824; Alden-Landis, 727 \/160.<\/i> First edition. Contains the meticulous examination given by the great jurist who insists on the injustice of the claims of the members of the Compagnie des Indes. This edition contains a large fold-out map that meticulously details and names the Portuguese and Dutch trading posts. &#8220;On remarque d\u2019autan mieux l\u2019exc\u00e8s de l\u2019injuste proc\u00e9d\u00e9 de la Compagnie Occidentale, &amp; que consultant d\u2019un c\u00f4t\u00e9 ses propres \u00e9crits &amp; de l\u2019autre la carte, on voie d\u2019un coup d\u2019\u0153il avec quelle injustice elle r\u00e9clame le pays de Majombo &amp; de Gabon ou Corsico&#8221;&nbsp;(p. 4).<br \/>Somewhat waterstained.<\/p>\n<p style=\"text-align:justify\">[<strong>And:<\/strong>] Copie de lettres au sujet des probl\u00e8mes commerciaux et muscl\u00e9es entre les vaisseaux portugais et ceux la Compagnie des Indes r\u00e9dig\u00e9es entre 1717 et 1727. 104pp.<\/p>\n<p style=\"text-align:justify\">[And 9 ff.n.ch:] Extrait du registre des r\u00e9solutions de S.H.P. les Etats G\u00e9n\u00e9raux etc. Tuesday, March 30, 1728. 5 pp. Addressed to Councillor Mendo\u00e7a Corte-Real, it describes the affair between the Compagnie des Indes and the Portuguese court. Among other things, the Company states that Portugal has illegally taken the vessels &#8216;Graveland&#8217; and &#8216;Dom Carlos&#8217; &#8220;appartenant \u00e0 la Compagnie de Commerce de Middelbourg&#8221;. Signed Flagel.-&nbsp;Extrait du registre des r\u00e9solutions des S.H.P. les \u00c9tats G\u00e9n\u00e9raux etc. 10 mai 1728. Sign\u00e9 Jean van Corbag. 7pp.-&nbsp;Copie de la lettre \u00e9crite \u00e0 Mr Hermans de Beche ; et Harmens \u00e0 Lisbonne. Amsterdam 24 mai 1725. Suivie de la copie d\u2019une lettre du 11 septembre 1725. Signed Jean van Corbag. 7pp.<\/p>\n<p style=\"text-align:justify\">Fine collection of 18th century documents shedding light on the commercial clashes between Portugal and the Compagnie des Indes.<\/p>\n","protected":false},"excerpt":{"rendered":"<p style=\"text-align:justify\">4to (254 x 202 mm) 34 pp., 1 nn.l. blank. Contemporary mottled calf, spine gilt with raised bands (expertly restored).<\/p>\n","protected":false},"featured_media":88371,"comment_status":"open","ping_status":"closed","template":"","meta":{"_acf_changed":false},"product_brand":[],"product_cat":[552],"product_tag":[1352,1450,1208],"class_list":{"0":"post-88380","1":"product","2":"type-product","3":"status-publish","4":"has-post-thumbnail","6":"product_cat-travel","7":"product_tag-africa","8":"product_tag-first-edition","9":"product_tag-political-economy","10":"pa_auteur-mendoca-corte-real-diogo-de-2","11":"pa_type-de-livre-printed-book","13":"first","14":"instock","15":"shipping-taxable","16":"purchasable","17":"product-type-simple"},"acf":{"artist":"Diogo de MENDOCA CORTE-REAL","chapeau":"","adresse_bibliographique":"[Amsterdam?], 1727","book_type":"Printed book","provenance":"","afficher_prix":""},"yoast_head":"<!-- This site is optimized with the Yoast SEO plugin v24.7 - https:\/\/yoast.com\/wordpress\/plugins\/seo\/ -->\n<title>MENDOCA CORTE-REAL Diogo de Traduction de la d\u00e9monstration de la Compagnie des Indes Orientales concernant els raisons pourquoi les portugais ne sont point en droit de naviguer vers le c\u00f4tes de la Haute &amp; Basse-Guin\u00e9e, &amp;c. et Examen et r\u00e9futation de toutes ces raisons. - Libairie Clavreuil<\/title>\n<meta name=\"robots\" content=\"index, follow, max-snippet:-1, max-image-preview:large, max-video-preview:-1\" \/>\n<link rel=\"canonical\" href=\"https:\/\/www.librairieclavreuil.com\/en\/mendoca-corte-real-diogo-de-traduction-de-la-demonstration-de-la-compagnie-des-indes-orientales-concernant-els-raisons-pourquoi-les-portugais-ne-sont-point-en-droit-de-naviguer-vers-le-cotes-de-la-hau\/\" \/>\n<meta property=\"og:locale\" content=\"en_US\" \/>\n<meta property=\"og:type\" content=\"article\" \/>\n<meta property=\"og:title\" content=\"MENDOCA CORTE-REAL Diogo de Traduction de la d\u00e9monstration de la Compagnie des Indes Orientales concernant els raisons pourquoi les portugais ne sont point en droit de naviguer vers le c\u00f4tes de la Haute &amp; Basse-Guin\u00e9e, &amp;c. et Examen et r\u00e9futation de toutes ces raisons. - Libairie Clavreuil\" \/>\n<meta property=\"og:description\" content=\"4to (254 x 202 mm) 34 pp., 1 nn.l. blank. Contemporary mottled calf, spine gilt with raised bands (expertly restored).\" \/>\n<meta property=\"og:url\" content=\"https:\/\/www.librairieclavreuil.com\/en\/mendoca-corte-real-diogo-de-traduction-de-la-demonstration-de-la-compagnie-des-indes-orientales-concernant-els-raisons-pourquoi-les-portugais-ne-sont-point-en-droit-de-naviguer-vers-le-cotes-de-la-hau\/\" \/>\n<meta property=\"og:site_name\" content=\"Libairie Clavreuil\" \/>\n<meta property=\"article:modified_time\" content=\"2025-10-21T13:30:12+00:00\" \/>\n<meta property=\"og:image\" content=\"https:\/\/www.librairieclavreuil.com\/wp-content\/uploads\/2025\/10\/diogo-de-mendoca-corte-real-traduction-de-la-demonstration-de-la-compagnie-des-indes-orientales-concernant-els-raisons-pourquoi-les-portugai-6721163d6c5ce.jpg\" \/>\n\t<meta property=\"og:image:width\" content=\"622\" \/>\n\t<meta property=\"og:image:height\" content=\"800\" \/>\n\t<meta property=\"og:image:type\" content=\"image\/jpeg\" \/>\n<meta name=\"twitter:card\" content=\"summary_large_image\" \/>\n<meta name=\"twitter:label1\" content=\"Est. reading time\" \/>\n\t<meta name=\"twitter:data1\" content=\"3 minutes\" \/>\n<script type=\"application\/ld+json\" class=\"yoast-schema-graph\">{\"@context\":\"https:\/\/schema.org\",\"@graph\":[{\"@type\":\"WebPage\",\"@id\":\"https:\/\/www.librairieclavreuil.com\/en\/mendoca-corte-real-diogo-de-traduction-de-la-demonstration-de-la-compagnie-des-indes-orientales-concernant-els-raisons-pourquoi-les-portugais-ne-sont-point-en-droit-de-naviguer-vers-le-cotes-de-la-hau\/\",\"url\":\"https:\/\/www.librairieclavreuil.com\/en\/mendoca-corte-real-diogo-de-traduction-de-la-demonstration-de-la-compagnie-des-indes-orientales-concernant-els-raisons-pourquoi-les-portugais-ne-sont-point-en-droit-de-naviguer-vers-le-cotes-de-la-hau\/\",\"name\":\"MENDOCA CORTE-REAL Diogo de Traduction de la d\u00e9monstration de la Compagnie des Indes Orientales concernant els raisons pourquoi les portugais ne sont point en droit de naviguer vers le c\u00f4tes de la Haute &amp; Basse-Guin\u00e9e, &amp;c. et Examen et r\u00e9futation de toutes ces raisons. - Libairie Clavreuil\",\"isPartOf\":{\"@id\":\"https:\/\/www.librairieclavreuil.com\/#website\"},\"primaryImageOfPage\":{\"@id\":\"https:\/\/www.librairieclavreuil.com\/en\/mendoca-corte-real-diogo-de-traduction-de-la-demonstration-de-la-compagnie-des-indes-orientales-concernant-els-raisons-pourquoi-les-portugais-ne-sont-point-en-droit-de-naviguer-vers-le-cotes-de-la-hau\/#primaryimage\"},\"image\":{\"@id\":\"https:\/\/www.librairieclavreuil.com\/en\/mendoca-corte-real-diogo-de-traduction-de-la-demonstration-de-la-compagnie-des-indes-orientales-concernant-els-raisons-pourquoi-les-portugais-ne-sont-point-en-droit-de-naviguer-vers-le-cotes-de-la-hau\/#primaryimage\"},\"thumbnailUrl\":\"https:\/\/www.librairieclavreuil.com\/wp-content\/uploads\/2025\/10\/diogo-de-mendoca-corte-real-traduction-de-la-demonstration-de-la-compagnie-des-indes-orientales-concernant-els-raisons-pourquoi-les-portugai-6721163d6c5ce.jpg\",\"datePublished\":\"2025-10-21T13:30:07+00:00\",\"dateModified\":\"2025-10-21T13:30:12+00:00\",\"breadcrumb\":{\"@id\":\"https:\/\/www.librairieclavreuil.com\/en\/mendoca-corte-real-diogo-de-traduction-de-la-demonstration-de-la-compagnie-des-indes-orientales-concernant-els-raisons-pourquoi-les-portugais-ne-sont-point-en-droit-de-naviguer-vers-le-cotes-de-la-hau\/#breadcrumb\"},\"inLanguage\":\"en-US\",\"potentialAction\":[{\"@type\":\"ReadAction\",\"target\":[\"https:\/\/www.librairieclavreuil.com\/en\/mendoca-corte-real-diogo-de-traduction-de-la-demonstration-de-la-compagnie-des-indes-orientales-concernant-els-raisons-pourquoi-les-portugais-ne-sont-point-en-droit-de-naviguer-vers-le-cotes-de-la-hau\/\"]}]},{\"@type\":\"ImageObject\",\"inLanguage\":\"en-US\",\"@id\":\"https:\/\/www.librairieclavreuil.com\/en\/mendoca-corte-real-diogo-de-traduction-de-la-demonstration-de-la-compagnie-des-indes-orientales-concernant-els-raisons-pourquoi-les-portugais-ne-sont-point-en-droit-de-naviguer-vers-le-cotes-de-la-hau\/#primaryimage\",\"url\":\"https:\/\/www.librairieclavreuil.com\/wp-content\/uploads\/2025\/10\/diogo-de-mendoca-corte-real-traduction-de-la-demonstration-de-la-compagnie-des-indes-orientales-concernant-els-raisons-pourquoi-les-portugai-6721163d6c5ce.jpg\",\"contentUrl\":\"https:\/\/www.librairieclavreuil.com\/wp-content\/uploads\/2025\/10\/diogo-de-mendoca-corte-real-traduction-de-la-demonstration-de-la-compagnie-des-indes-orientales-concernant-els-raisons-pourquoi-les-portugai-6721163d6c5ce.jpg\",\"width\":622,\"height\":800},{\"@type\":\"BreadcrumbList\",\"@id\":\"https:\/\/www.librairieclavreuil.com\/en\/mendoca-corte-real-diogo-de-traduction-de-la-demonstration-de-la-compagnie-des-indes-orientales-concernant-els-raisons-pourquoi-les-portugais-ne-sont-point-en-droit-de-naviguer-vers-le-cotes-de-la-hau\/#breadcrumb\",\"itemListElement\":[{\"@type\":\"ListItem\",\"position\":1,\"name\":\"Accueil\",\"item\":\"https:\/\/www.librairieclavreuil.com\/\"},{\"@type\":\"ListItem\",\"position\":2,\"name\":\"All our books\",\"item\":\"https:\/\/www.librairieclavreuil.com\/en\/all-our-books\/\"},{\"@type\":\"ListItem\",\"position\":3,\"name\":\"MENDOCA CORTE-REAL Diogo de Traduction de la d\u00e9monstration...\"}]},{\"@type\":\"WebSite\",\"@id\":\"https:\/\/www.librairieclavreuil.com\/#website\",\"url\":\"https:\/\/www.librairieclavreuil.com\/\",\"name\":\"Libairie Clavreuil\",\"description\":\"Livres anciens, manuscrits rares et \u00e9ditions originales \u2013 Librairie Clavreuil\",\"publisher\":{\"@id\":\"https:\/\/www.librairieclavreuil.com\/#organization\"},\"potentialAction\":[{\"@type\":\"SearchAction\",\"target\":{\"@type\":\"EntryPoint\",\"urlTemplate\":\"https:\/\/www.librairieclavreuil.com\/?s={search_term_string}\"},\"query-input\":{\"@type\":\"PropertyValueSpecification\",\"valueRequired\":true,\"valueName\":\"search_term_string\"}}],\"inLanguage\":\"en-US\"},{\"@type\":\"Organization\",\"@id\":\"https:\/\/www.librairieclavreuil.com\/#organization\",\"name\":\"Libairie Clavreuil\",\"url\":\"https:\/\/www.librairieclavreuil.com\/\",\"logo\":{\"@type\":\"ImageObject\",\"inLanguage\":\"en-US\",\"@id\":\"https:\/\/www.librairieclavreuil.com\/#\/schema\/logo\/image\/\",\"url\":\"https:\/\/www.librairieclavreuil.com\/wp-content\/uploads\/2021\/06\/cropped-LOGO_PNG_DATE-_gold-512x512-1.png\",\"contentUrl\":\"https:\/\/www.librairieclavreuil.com\/wp-content\/uploads\/2021\/06\/cropped-LOGO_PNG_DATE-_gold-512x512-1.png\",\"width\":512,\"height\":512,\"caption\":\"Libairie Clavreuil\"},\"image\":{\"@id\":\"https:\/\/www.librairieclavreuil.com\/#\/schema\/logo\/image\/\"},\"sameAs\":[\"https:\/\/www.instagram.com\/librairieclavreuil\/\"]}]}<\/script>\n<!-- \/ Yoast SEO plugin. -->","yoast_head_json":{"title":"MENDOCA CORTE-REAL Diogo de Traduction de la d\u00e9monstration de la Compagnie des Indes Orientales concernant els raisons pourquoi les portugais ne sont point en droit de naviguer vers le c\u00f4tes de la Haute &amp; Basse-Guin\u00e9e, &amp;c. et Examen et r\u00e9futation de toutes ces raisons. - Libairie Clavreuil","robots":{"index":"index","follow":"follow","max-snippet":"max-snippet:-1","max-image-preview":"max-image-preview:large","max-video-preview":"max-video-preview:-1"},"canonical":"https:\/\/www.librairieclavreuil.com\/en\/mendoca-corte-real-diogo-de-traduction-de-la-demonstration-de-la-compagnie-des-indes-orientales-concernant-els-raisons-pourquoi-les-portugais-ne-sont-point-en-droit-de-naviguer-vers-le-cotes-de-la-hau\/","og_locale":"en_US","og_type":"article","og_title":"MENDOCA CORTE-REAL Diogo de Traduction de la d\u00e9monstration de la Compagnie des Indes Orientales concernant els raisons pourquoi les portugais ne sont point en droit de naviguer vers le c\u00f4tes de la Haute &amp; Basse-Guin\u00e9e, &amp;c. et Examen et r\u00e9futation de toutes ces raisons. - Libairie Clavreuil","og_description":"4to (254 x 202 mm) 34 pp., 1 nn.l. blank. Contemporary mottled calf, spine gilt with raised bands (expertly restored).","og_url":"https:\/\/www.librairieclavreuil.com\/en\/mendoca-corte-real-diogo-de-traduction-de-la-demonstration-de-la-compagnie-des-indes-orientales-concernant-els-raisons-pourquoi-les-portugais-ne-sont-point-en-droit-de-naviguer-vers-le-cotes-de-la-hau\/","og_site_name":"Libairie Clavreuil","article_modified_time":"2025-10-21T13:30:12+00:00","og_image":[{"width":622,"height":800,"url":"https:\/\/www.librairieclavreuil.com\/wp-content\/uploads\/2025\/10\/diogo-de-mendoca-corte-real-traduction-de-la-demonstration-de-la-compagnie-des-indes-orientales-concernant-els-raisons-pourquoi-les-portugai-6721163d6c5ce.jpg","type":"image\/jpeg"}],"twitter_card":"summary_large_image","twitter_misc":{"Est. reading time":"3 minutes"},"schema":{"@context":"https:\/\/schema.org","@graph":[{"@type":"WebPage","@id":"https:\/\/www.librairieclavreuil.com\/en\/mendoca-corte-real-diogo-de-traduction-de-la-demonstration-de-la-compagnie-des-indes-orientales-concernant-els-raisons-pourquoi-les-portugais-ne-sont-point-en-droit-de-naviguer-vers-le-cotes-de-la-hau\/","url":"https:\/\/www.librairieclavreuil.com\/en\/mendoca-corte-real-diogo-de-traduction-de-la-demonstration-de-la-compagnie-des-indes-orientales-concernant-els-raisons-pourquoi-les-portugais-ne-sont-point-en-droit-de-naviguer-vers-le-cotes-de-la-hau\/","name":"MENDOCA CORTE-REAL Diogo de Traduction de la d\u00e9monstration de la Compagnie des Indes Orientales concernant els raisons pourquoi les portugais ne sont point en droit de naviguer vers le c\u00f4tes de la Haute &amp; Basse-Guin\u00e9e, &amp;c. et Examen et r\u00e9futation de toutes ces raisons. - Libairie Clavreuil","isPartOf":{"@id":"https:\/\/www.librairieclavreuil.com\/#website"},"primaryImageOfPage":{"@id":"https:\/\/www.librairieclavreuil.com\/en\/mendoca-corte-real-diogo-de-traduction-de-la-demonstration-de-la-compagnie-des-indes-orientales-concernant-els-raisons-pourquoi-les-portugais-ne-sont-point-en-droit-de-naviguer-vers-le-cotes-de-la-hau\/#primaryimage"},"image":{"@id":"https:\/\/www.librairieclavreuil.com\/en\/mendoca-corte-real-diogo-de-traduction-de-la-demonstration-de-la-compagnie-des-indes-orientales-concernant-els-raisons-pourquoi-les-portugais-ne-sont-point-en-droit-de-naviguer-vers-le-cotes-de-la-hau\/#primaryimage"},"thumbnailUrl":"https:\/\/www.librairieclavreuil.com\/wp-content\/uploads\/2025\/10\/diogo-de-mendoca-corte-real-traduction-de-la-demonstration-de-la-compagnie-des-indes-orientales-concernant-els-raisons-pourquoi-les-portugai-6721163d6c5ce.jpg","datePublished":"2025-10-21T13:30:07+00:00","dateModified":"2025-10-21T13:30:12+00:00","breadcrumb":{"@id":"https:\/\/www.librairieclavreuil.com\/en\/mendoca-corte-real-diogo-de-traduction-de-la-demonstration-de-la-compagnie-des-indes-orientales-concernant-els-raisons-pourquoi-les-portugais-ne-sont-point-en-droit-de-naviguer-vers-le-cotes-de-la-hau\/#breadcrumb"},"inLanguage":"en-US","potentialAction":[{"@type":"ReadAction","target":["https:\/\/www.librairieclavreuil.com\/en\/mendoca-corte-real-diogo-de-traduction-de-la-demonstration-de-la-compagnie-des-indes-orientales-concernant-els-raisons-pourquoi-les-portugais-ne-sont-point-en-droit-de-naviguer-vers-le-cotes-de-la-hau\/"]}]},{"@type":"ImageObject","inLanguage":"en-US","@id":"https:\/\/www.librairieclavreuil.com\/en\/mendoca-corte-real-diogo-de-traduction-de-la-demonstration-de-la-compagnie-des-indes-orientales-concernant-els-raisons-pourquoi-les-portugais-ne-sont-point-en-droit-de-naviguer-vers-le-cotes-de-la-hau\/#primaryimage","url":"https:\/\/www.librairieclavreuil.com\/wp-content\/uploads\/2025\/10\/diogo-de-mendoca-corte-real-traduction-de-la-demonstration-de-la-compagnie-des-indes-orientales-concernant-els-raisons-pourquoi-les-portugai-6721163d6c5ce.jpg","contentUrl":"https:\/\/www.librairieclavreuil.com\/wp-content\/uploads\/2025\/10\/diogo-de-mendoca-corte-real-traduction-de-la-demonstration-de-la-compagnie-des-indes-orientales-concernant-els-raisons-pourquoi-les-portugai-6721163d6c5ce.jpg","width":622,"height":800},{"@type":"BreadcrumbList","@id":"https:\/\/www.librairieclavreuil.com\/en\/mendoca-corte-real-diogo-de-traduction-de-la-demonstration-de-la-compagnie-des-indes-orientales-concernant-els-raisons-pourquoi-les-portugais-ne-sont-point-en-droit-de-naviguer-vers-le-cotes-de-la-hau\/#breadcrumb","itemListElement":[{"@type":"ListItem","position":1,"name":"Accueil","item":"https:\/\/www.librairieclavreuil.com\/"},{"@type":"ListItem","position":2,"name":"All our books","item":"https:\/\/www.librairieclavreuil.com\/en\/all-our-books\/"},{"@type":"ListItem","position":3,"name":"MENDOCA CORTE-REAL Diogo de Traduction de la d\u00e9monstration..."}]},{"@type":"WebSite","@id":"https:\/\/www.librairieclavreuil.com\/#website","url":"https:\/\/www.librairieclavreuil.com\/","name":"Libairie Clavreuil","description":"Livres anciens, manuscrits rares et \u00e9ditions originales \u2013 Librairie Clavreuil","publisher":{"@id":"https:\/\/www.librairieclavreuil.com\/#organization"},"potentialAction":[{"@type":"SearchAction","target":{"@type":"EntryPoint","urlTemplate":"https:\/\/www.librairieclavreuil.com\/?s={search_term_string}"},"query-input":{"@type":"PropertyValueSpecification","valueRequired":true,"valueName":"search_term_string"}}],"inLanguage":"en-US"},{"@type":"Organization","@id":"https:\/\/www.librairieclavreuil.com\/#organization","name":"Libairie Clavreuil","url":"https:\/\/www.librairieclavreuil.com\/","logo":{"@type":"ImageObject","inLanguage":"en-US","@id":"https:\/\/www.librairieclavreuil.com\/#\/schema\/logo\/image\/","url":"https:\/\/www.librairieclavreuil.com\/wp-content\/uploads\/2021\/06\/cropped-LOGO_PNG_DATE-_gold-512x512-1.png","contentUrl":"https:\/\/www.librairieclavreuil.com\/wp-content\/uploads\/2021\/06\/cropped-LOGO_PNG_DATE-_gold-512x512-1.png","width":512,"height":512,"caption":"Libairie Clavreuil"},"image":{"@id":"https:\/\/www.librairieclavreuil.com\/#\/schema\/logo\/image\/"},"sameAs":["https:\/\/www.instagram.com\/librairieclavreuil\/"]}]}},"jetpack_sharing_enabled":true,"_links":{"self":[{"href":"https:\/\/www.librairieclavreuil.com\/en\/wp-json\/wp\/v2\/product\/88380","targetHints":{"allow":["GET"]}}],"collection":[{"href":"https:\/\/www.librairieclavreuil.com\/en\/wp-json\/wp\/v2\/product"}],"about":[{"href":"https:\/\/www.librairieclavreuil.com\/en\/wp-json\/wp\/v2\/types\/product"}],"replies":[{"embeddable":true,"href":"https:\/\/www.librairieclavreuil.com\/en\/wp-json\/wp\/v2\/comments?post=88380"}],"wp:featuredmedia":[{"embeddable":true,"href":"https:\/\/www.librairieclavreuil.com\/en\/wp-json\/wp\/v2\/media\/88371"}],"wp:attachment":[{"href":"https:\/\/www.librairieclavreuil.com\/en\/wp-json\/wp\/v2\/media?parent=88380"}],"wp:term":[{"taxonomy":"product_brand","embeddable":true,"href":"https:\/\/www.librairieclavreuil.com\/en\/wp-json\/wp\/v2\/product_brand?post=88380"},{"taxonomy":"product_cat","embeddable":true,"href":"https:\/\/www.librairieclavreuil.com\/en\/wp-json\/wp\/v2\/product_cat?post=88380"},{"taxonomy":"product_tag","embeddable":true,"href":"https:\/\/www.librairieclavreuil.com\/en\/wp-json\/wp\/v2\/product_tag?post=88380"}],"curies":[{"name":"wp","href":"https:\/\/api.w.org\/{rel}","templated":true}]}}