{"id":88370,"date":"2025-10-18T13:20:31","date_gmt":"2025-10-18T11:20:31","guid":{"rendered":"https:\/\/www.librairieclavreuil.com\/moliere-jean-baptiste-poquelin-dit-oeuvres-le-theatre-collationne-minutieusement-sur-les-premieres-editions-sur-celles-des-annees-1666-1674-1682-orne-de-vignettes-par-frederic-hillema\/"},"modified":"2025-10-22T18:42:23","modified_gmt":"2025-10-22T16:42:23","slug":"moliere-jean-baptiste-poquelin-dit-oeuvres-le-theatre-collationne-minutieusement-sur-les-premieres-editions-sur-celles-des-annees-1666-1674-1682-orne-de-vignettes-par-frederic-hillema","status":"publish","type":"product","link":"https:\/\/www.librairieclavreuil.com\/en\/moliere-jean-baptiste-poquelin-dit-oeuvres-le-theatre-collationne-minutieusement-sur-les-premieres-editions-sur-celles-des-annees-1666-1674-1682-orne-de-vignettes-par-frederic-hillema\/","title":{"rendered":"MOLIERE Jean-Baptiste Poquelin dit Oeuvres.- Le Th\u00e9\u00e2tre. Collationn\u00e9..."},"content":{"rendered":"<p style=\"text-align:justify\"><i>Vicaire, V, 929 &amp; 930.<\/i><\/p>\n<p style=\"text-align:justify\">Magnificent deluxe edition of a limited edition of 400 copies, this one number 41 of 300 printed on tinted Annonay laid paper. It was printed by Louis Perrin for the publisher Scheuring in Lyon. It is decorated with a fine portrait of Moli\u00e8re by Hillemacher (bound at the head of volume II), as well as numerous vignettes and cul-de-lampe etchings by Fr\u00e9d\u00e9ric Hillemacher.<\/p>\n<p style=\"text-align:justify\">Copy complete with notices to the bookbinder for volumes I (and the cancels for pages 101\/102, 129\/130, 143\/144), II (and the cancels for pages 3-425, 133-134, 139-140, 307-308, 317-318), III (and the cancel for quire 10 corresponding to pages 145-160).<\/p>\n<p style=\"text-align:justify\">The <i>C\u00e9r\u00e9monie du malade imaginaire<\/i> (bound at the end of volume VII) was published in a limited edition of 300 copies; this is number 22 of 50 copies on large tinted paper. The print-run of the <i>Galerie historique<\/i> volume is not announced.<\/p>\n<p style=\"text-align:justify\">A very fine copy, perfectly bound by Lortic, to which have been added 79 engraved figures after Desenne, Coypel, Vernet, Johannot, and Moreau le jeune (by the latter all the engravings are before the letter), including a facsimile of an autograph receipt from Moli\u00e8re in volume I.<\/p>\n<p style=\"text-align:justify\">Small scratch on the first cover of the Galerie historique; occasional foxing.<\/p>\n<p style=\"text-align:justify\">Provenance: Chantal Cazaux (bookplate).<\/p>\n","protected":false},"excerpt":{"rendered":"<p style=\"text-align:justify\">9 volumes large 8vo (230 x 150 mm) XV, 409 pp. 2 nn.ll. (table and notice to the binder), 12 additional plates for volume I; portrait by Hillemacher, 450 pp. 2 nn.ll. (table and notice to the binder), 13 additional plates for volume II; 455 pp, 2 nn.ll. (table and notice to the bookbinder), 12 additional plates for volume III; 424 pp. 1 nn.l. (table), 13 additional plates for volume IV; 439 pp. 1 nn.l. (table), 11 additional plates for volume V; 411 pp., 1 nn.l. (table), 9 additional plates for volume VI; 447 pp. 2 nn.ll. (table and leaf with printer&#8217;s mark), 9 additional plates for volume VI; 447 pp. 2 nn.ll. (table and leaf with printer&#8217;s mark), 8 additional plates for volume VII; 466 pp., 2 nn.ll. (table and leaf with printer&#8217;s mark), 8 additional plates for volume VIII. <strong>Bound at the end of volume VII:<\/strong> Reception Publica Unius Juvenis Medici in Academia Burlesca Joannis Baptistae Moliere. Editio troisiesma. <i>Lyon, Perrin &amp; Marinet, 1870.<\/i> Frontispiece in two states (on tinted laid paper, and on chine), 23 pp. &#8211; [<strong>And uniformy bound:<\/strong>] Galerie historique des portraits des com\u00e9diens de la troupe de Moli\u00e8re grav\u00e9es \u00e0 l&#8217;eau-forte par Fr\u00e9d\u00e9ric Hillemacher. Seconde \u00e9dition. <i>Lyon, Louis Perrin pour Nicolas Scheuring, 1869.<\/i> X, 196 pp, 1 f.n.ch. (printer&#8217;s mark), 33 engraved portraits. Uniformly bound in red morocco, covers decorated in the Duseuil style, spine with raised bands, compartments richly decorated in gilt, roulette on the edges, gilt turn-ins, gilt edges (Lortic, with his label on the inner cover of each volume).<\/p>\n","protected":false},"featured_media":88395,"comment_status":"open","ping_status":"closed","template":"","meta":{"_acf_changed":false},"product_brand":[],"product_cat":[530],"product_tag":[604,598,1267,1518],"class_list":{"0":"post-88370","1":"product","2":"type-product","3":"status-publish","4":"has-post-thumbnail","6":"product_cat-binding","7":"product_tag-19th-century-illustrations","8":"product_tag-19th-century-literature","9":"product_tag-binding","10":"product_tag-large-paper","11":"pa_auteur-moliere-jean-baptiste-poquelin-dit-2","12":"pa_type-de-livre-printed-book","14":"first","15":"instock","16":"shipping-taxable","17":"purchasable","18":"product-type-simple"},"acf":{"artist":"Jean-Baptiste Poquelin dit MOLIERE","chapeau":"Magnificent copy bound by Lortic and granderized with 79 additional plates","adresse_bibliographique":"Paris, 1864-1870","book_type":"Printed book","provenance":"","afficher_prix":""},"yoast_head":"<!-- This site is optimized with the Yoast SEO plugin v24.7 - https:\/\/yoast.com\/wordpress\/plugins\/seo\/ -->\n<title>MOLIERE Jean-Baptiste Poquelin dit Oeuvres.- Le Th\u00e9\u00e2tre. Collationn\u00e9 minutieusement sur les premi\u00e8res \u00e9ditions &amp; sur celles des ann\u00e9es 1666, 1674 &amp; 1682. Orn\u00e9 de vignettes par Fr\u00e9d\u00e9ric Hillemacher. - Libairie Clavreuil<\/title>\n<meta name=\"robots\" content=\"index, follow, max-snippet:-1, max-image-preview:large, max-video-preview:-1\" \/>\n<link rel=\"canonical\" href=\"https:\/\/www.librairieclavreuil.com\/en\/moliere-jean-baptiste-poquelin-dit-oeuvres-le-theatre-collationne-minutieusement-sur-les-premieres-editions-sur-celles-des-annees-1666-1674-1682-orne-de-vignettes-par-frederic-hillema\/\" \/>\n<meta property=\"og:locale\" content=\"en_US\" \/>\n<meta property=\"og:type\" content=\"article\" \/>\n<meta property=\"og:title\" content=\"MOLIERE Jean-Baptiste Poquelin dit Oeuvres.- Le Th\u00e9\u00e2tre. Collationn\u00e9 minutieusement sur les premi\u00e8res \u00e9ditions &amp; sur celles des ann\u00e9es 1666, 1674 &amp; 1682. Orn\u00e9 de vignettes par Fr\u00e9d\u00e9ric Hillemacher. - Libairie Clavreuil\" \/>\n<meta property=\"og:description\" content=\"9 volumes large 8vo (230 x 150 mm) XV, 409 pp. 2 nn.ll. (table and notice to the binder), 12 additional plates for volume I; portrait by Hillemacher, 450 pp. 2 nn.ll. (table and notice to the binder), 13 additional plates for volume II; 455 pp, 2 nn.ll. (table and notice to the bookbinder), 12 additional plates for volume III; 424 pp. 1 nn.l. (table), 13 additional plates for volume IV; 439 pp. 1 nn.l. (table), 11 additional plates for volume V; 411 pp., 1 nn.l. (table), 9 additional plates for volume VI; 447 pp. 2 nn.ll. (table and leaf with printer&#039;s mark), 9 additional plates for volume VI; 447 pp. 2 nn.ll. (table and leaf with printer&#039;s mark), 8 additional plates for volume VII; 466 pp., 2 nn.ll. (table and leaf with printer&#039;s mark), 8 additional plates for volume VIII. Bound at the end of volume VII: Reception Publica Unius Juvenis Medici in Academia Burlesca Joannis Baptistae Moliere. Editio troisiesma. Lyon, Perrin &amp; Marinet, 1870. Frontispiece in two states (on tinted laid paper, and on chine), 23 pp. - [And uniformy bound:] Galerie historique des portraits des com\u00e9diens de la troupe de Moli\u00e8re grav\u00e9es \u00e0 l&#039;eau-forte par Fr\u00e9d\u00e9ric Hillemacher. Seconde \u00e9dition. Lyon, Louis Perrin pour Nicolas Scheuring, 1869. X, 196 pp, 1 f.n.ch. (printer&#039;s mark), 33 engraved portraits. Uniformly bound in red morocco, covers decorated in the Duseuil style, spine with raised bands, compartments richly decorated in gilt, roulette on the edges, gilt turn-ins, gilt edges (Lortic, with his label on the inner cover of each volume).\" \/>\n<meta property=\"og:url\" content=\"https:\/\/www.librairieclavreuil.com\/en\/moliere-jean-baptiste-poquelin-dit-oeuvres-le-theatre-collationne-minutieusement-sur-les-premieres-editions-sur-celles-des-annees-1666-1674-1682-orne-de-vignettes-par-frederic-hillema\/\" \/>\n<meta property=\"og:site_name\" content=\"Libairie Clavreuil\" \/>\n<meta property=\"article:modified_time\" content=\"2025-10-22T16:42:23+00:00\" \/>\n<meta property=\"og:image\" content=\"https:\/\/www.librairieclavreuil.com\/wp-content\/uploads\/2025\/10\/jean-baptiste-poquelin-dit-moliere-oeuvres-le-theatre-collationne-minutieusement-sur-les-premieres-editions-sur-celles-des-annees-1666-1674-6808eed63de27-3.jpg\" \/>\n\t<meta property=\"og:image:width\" content=\"622\" \/>\n\t<meta property=\"og:image:height\" content=\"800\" \/>\n\t<meta property=\"og:image:type\" content=\"image\/jpeg\" \/>\n<meta name=\"twitter:card\" content=\"summary_large_image\" \/>\n<meta name=\"twitter:label1\" content=\"Est. reading time\" \/>\n\t<meta name=\"twitter:data1\" content=\"1 minute\" \/>\n<script type=\"application\/ld+json\" class=\"yoast-schema-graph\">{\"@context\":\"https:\/\/schema.org\",\"@graph\":[{\"@type\":\"WebPage\",\"@id\":\"https:\/\/www.librairieclavreuil.com\/en\/moliere-jean-baptiste-poquelin-dit-oeuvres-le-theatre-collationne-minutieusement-sur-les-premieres-editions-sur-celles-des-annees-1666-1674-1682-orne-de-vignettes-par-frederic-hillema\/\",\"url\":\"https:\/\/www.librairieclavreuil.com\/en\/moliere-jean-baptiste-poquelin-dit-oeuvres-le-theatre-collationne-minutieusement-sur-les-premieres-editions-sur-celles-des-annees-1666-1674-1682-orne-de-vignettes-par-frederic-hillema\/\",\"name\":\"MOLIERE Jean-Baptiste Poquelin dit Oeuvres.- Le Th\u00e9\u00e2tre. Collationn\u00e9 minutieusement sur les premi\u00e8res \u00e9ditions &amp; sur celles des ann\u00e9es 1666, 1674 &amp; 1682. Orn\u00e9 de vignettes par Fr\u00e9d\u00e9ric Hillemacher. - Libairie Clavreuil\",\"isPartOf\":{\"@id\":\"https:\/\/www.librairieclavreuil.com\/#website\"},\"primaryImageOfPage\":{\"@id\":\"https:\/\/www.librairieclavreuil.com\/en\/moliere-jean-baptiste-poquelin-dit-oeuvres-le-theatre-collationne-minutieusement-sur-les-premieres-editions-sur-celles-des-annees-1666-1674-1682-orne-de-vignettes-par-frederic-hillema\/#primaryimage\"},\"image\":{\"@id\":\"https:\/\/www.librairieclavreuil.com\/en\/moliere-jean-baptiste-poquelin-dit-oeuvres-le-theatre-collationne-minutieusement-sur-les-premieres-editions-sur-celles-des-annees-1666-1674-1682-orne-de-vignettes-par-frederic-hillema\/#primaryimage\"},\"thumbnailUrl\":\"https:\/\/www.librairieclavreuil.com\/wp-content\/uploads\/2025\/10\/jean-baptiste-poquelin-dit-moliere-oeuvres-le-theatre-collationne-minutieusement-sur-les-premieres-editions-sur-celles-des-annees-1666-1674-6808eed63de27-3.jpg\",\"datePublished\":\"2025-10-18T11:20:31+00:00\",\"dateModified\":\"2025-10-22T16:42:23+00:00\",\"breadcrumb\":{\"@id\":\"https:\/\/www.librairieclavreuil.com\/en\/moliere-jean-baptiste-poquelin-dit-oeuvres-le-theatre-collationne-minutieusement-sur-les-premieres-editions-sur-celles-des-annees-1666-1674-1682-orne-de-vignettes-par-frederic-hillema\/#breadcrumb\"},\"inLanguage\":\"en-US\",\"potentialAction\":[{\"@type\":\"ReadAction\",\"target\":[\"https:\/\/www.librairieclavreuil.com\/en\/moliere-jean-baptiste-poquelin-dit-oeuvres-le-theatre-collationne-minutieusement-sur-les-premieres-editions-sur-celles-des-annees-1666-1674-1682-orne-de-vignettes-par-frederic-hillema\/\"]}]},{\"@type\":\"ImageObject\",\"inLanguage\":\"en-US\",\"@id\":\"https:\/\/www.librairieclavreuil.com\/en\/moliere-jean-baptiste-poquelin-dit-oeuvres-le-theatre-collationne-minutieusement-sur-les-premieres-editions-sur-celles-des-annees-1666-1674-1682-orne-de-vignettes-par-frederic-hillema\/#primaryimage\",\"url\":\"https:\/\/www.librairieclavreuil.com\/wp-content\/uploads\/2025\/10\/jean-baptiste-poquelin-dit-moliere-oeuvres-le-theatre-collationne-minutieusement-sur-les-premieres-editions-sur-celles-des-annees-1666-1674-6808eed63de27-3.jpg\",\"contentUrl\":\"https:\/\/www.librairieclavreuil.com\/wp-content\/uploads\/2025\/10\/jean-baptiste-poquelin-dit-moliere-oeuvres-le-theatre-collationne-minutieusement-sur-les-premieres-editions-sur-celles-des-annees-1666-1674-6808eed63de27-3.jpg\",\"width\":622,\"height\":800},{\"@type\":\"BreadcrumbList\",\"@id\":\"https:\/\/www.librairieclavreuil.com\/en\/moliere-jean-baptiste-poquelin-dit-oeuvres-le-theatre-collationne-minutieusement-sur-les-premieres-editions-sur-celles-des-annees-1666-1674-1682-orne-de-vignettes-par-frederic-hillema\/#breadcrumb\",\"itemListElement\":[{\"@type\":\"ListItem\",\"position\":1,\"name\":\"Accueil\",\"item\":\"https:\/\/www.librairieclavreuil.com\/\"},{\"@type\":\"ListItem\",\"position\":2,\"name\":\"All our books\",\"item\":\"https:\/\/www.librairieclavreuil.com\/en\/all-our-books\/\"},{\"@type\":\"ListItem\",\"position\":3,\"name\":\"MOLIERE Jean-Baptiste Poquelin dit Oeuvres.- Le Th\u00e9\u00e2tre. Collationn\u00e9...\"}]},{\"@type\":\"WebSite\",\"@id\":\"https:\/\/www.librairieclavreuil.com\/#website\",\"url\":\"https:\/\/www.librairieclavreuil.com\/\",\"name\":\"Libairie Clavreuil\",\"description\":\"Livres anciens, manuscrits rares et \u00e9ditions originales \u2013 Librairie Clavreuil\",\"publisher\":{\"@id\":\"https:\/\/www.librairieclavreuil.com\/#organization\"},\"potentialAction\":[{\"@type\":\"SearchAction\",\"target\":{\"@type\":\"EntryPoint\",\"urlTemplate\":\"https:\/\/www.librairieclavreuil.com\/?s={search_term_string}\"},\"query-input\":{\"@type\":\"PropertyValueSpecification\",\"valueRequired\":true,\"valueName\":\"search_term_string\"}}],\"inLanguage\":\"en-US\"},{\"@type\":\"Organization\",\"@id\":\"https:\/\/www.librairieclavreuil.com\/#organization\",\"name\":\"Libairie Clavreuil\",\"url\":\"https:\/\/www.librairieclavreuil.com\/\",\"logo\":{\"@type\":\"ImageObject\",\"inLanguage\":\"en-US\",\"@id\":\"https:\/\/www.librairieclavreuil.com\/#\/schema\/logo\/image\/\",\"url\":\"https:\/\/www.librairieclavreuil.com\/wp-content\/uploads\/2021\/06\/cropped-LOGO_PNG_DATE-_gold-512x512-1.png\",\"contentUrl\":\"https:\/\/www.librairieclavreuil.com\/wp-content\/uploads\/2021\/06\/cropped-LOGO_PNG_DATE-_gold-512x512-1.png\",\"width\":512,\"height\":512,\"caption\":\"Libairie Clavreuil\"},\"image\":{\"@id\":\"https:\/\/www.librairieclavreuil.com\/#\/schema\/logo\/image\/\"},\"sameAs\":[\"https:\/\/www.instagram.com\/librairieclavreuil\/\"]}]}<\/script>\n<!-- \/ Yoast SEO plugin. -->","yoast_head_json":{"title":"MOLIERE Jean-Baptiste Poquelin dit Oeuvres.- Le Th\u00e9\u00e2tre. Collationn\u00e9 minutieusement sur les premi\u00e8res \u00e9ditions &amp; sur celles des ann\u00e9es 1666, 1674 &amp; 1682. Orn\u00e9 de vignettes par Fr\u00e9d\u00e9ric Hillemacher. - Libairie Clavreuil","robots":{"index":"index","follow":"follow","max-snippet":"max-snippet:-1","max-image-preview":"max-image-preview:large","max-video-preview":"max-video-preview:-1"},"canonical":"https:\/\/www.librairieclavreuil.com\/en\/moliere-jean-baptiste-poquelin-dit-oeuvres-le-theatre-collationne-minutieusement-sur-les-premieres-editions-sur-celles-des-annees-1666-1674-1682-orne-de-vignettes-par-frederic-hillema\/","og_locale":"en_US","og_type":"article","og_title":"MOLIERE Jean-Baptiste Poquelin dit Oeuvres.- Le Th\u00e9\u00e2tre. Collationn\u00e9 minutieusement sur les premi\u00e8res \u00e9ditions &amp; sur celles des ann\u00e9es 1666, 1674 &amp; 1682. Orn\u00e9 de vignettes par Fr\u00e9d\u00e9ric Hillemacher. - Libairie Clavreuil","og_description":"9 volumes large 8vo (230 x 150 mm) XV, 409 pp. 2 nn.ll. (table and notice to the binder), 12 additional plates for volume I; portrait by Hillemacher, 450 pp. 2 nn.ll. (table and notice to the binder), 13 additional plates for volume II; 455 pp, 2 nn.ll. (table and notice to the bookbinder), 12 additional plates for volume III; 424 pp. 1 nn.l. (table), 13 additional plates for volume IV; 439 pp. 1 nn.l. (table), 11 additional plates for volume V; 411 pp., 1 nn.l. (table), 9 additional plates for volume VI; 447 pp. 2 nn.ll. (table and leaf with printer's mark), 9 additional plates for volume VI; 447 pp. 2 nn.ll. (table and leaf with printer's mark), 8 additional plates for volume VII; 466 pp., 2 nn.ll. (table and leaf with printer's mark), 8 additional plates for volume VIII. Bound at the end of volume VII: Reception Publica Unius Juvenis Medici in Academia Burlesca Joannis Baptistae Moliere. Editio troisiesma. Lyon, Perrin &amp; Marinet, 1870. Frontispiece in two states (on tinted laid paper, and on chine), 23 pp. - [And uniformy bound:] Galerie historique des portraits des com\u00e9diens de la troupe de Moli\u00e8re grav\u00e9es \u00e0 l'eau-forte par Fr\u00e9d\u00e9ric Hillemacher. Seconde \u00e9dition. Lyon, Louis Perrin pour Nicolas Scheuring, 1869. X, 196 pp, 1 f.n.ch. (printer's mark), 33 engraved portraits. Uniformly bound in red morocco, covers decorated in the Duseuil style, spine with raised bands, compartments richly decorated in gilt, roulette on the edges, gilt turn-ins, gilt edges (Lortic, with his label on the inner cover of each volume).","og_url":"https:\/\/www.librairieclavreuil.com\/en\/moliere-jean-baptiste-poquelin-dit-oeuvres-le-theatre-collationne-minutieusement-sur-les-premieres-editions-sur-celles-des-annees-1666-1674-1682-orne-de-vignettes-par-frederic-hillema\/","og_site_name":"Libairie Clavreuil","article_modified_time":"2025-10-22T16:42:23+00:00","og_image":[{"width":622,"height":800,"url":"https:\/\/www.librairieclavreuil.com\/wp-content\/uploads\/2025\/10\/jean-baptiste-poquelin-dit-moliere-oeuvres-le-theatre-collationne-minutieusement-sur-les-premieres-editions-sur-celles-des-annees-1666-1674-6808eed63de27-3.jpg","type":"image\/jpeg"}],"twitter_card":"summary_large_image","twitter_misc":{"Est. reading time":"1 minute"},"schema":{"@context":"https:\/\/schema.org","@graph":[{"@type":"WebPage","@id":"https:\/\/www.librairieclavreuil.com\/en\/moliere-jean-baptiste-poquelin-dit-oeuvres-le-theatre-collationne-minutieusement-sur-les-premieres-editions-sur-celles-des-annees-1666-1674-1682-orne-de-vignettes-par-frederic-hillema\/","url":"https:\/\/www.librairieclavreuil.com\/en\/moliere-jean-baptiste-poquelin-dit-oeuvres-le-theatre-collationne-minutieusement-sur-les-premieres-editions-sur-celles-des-annees-1666-1674-1682-orne-de-vignettes-par-frederic-hillema\/","name":"MOLIERE Jean-Baptiste Poquelin dit Oeuvres.- Le Th\u00e9\u00e2tre. Collationn\u00e9 minutieusement sur les premi\u00e8res \u00e9ditions &amp; sur celles des ann\u00e9es 1666, 1674 &amp; 1682. Orn\u00e9 de vignettes par Fr\u00e9d\u00e9ric Hillemacher. - Libairie Clavreuil","isPartOf":{"@id":"https:\/\/www.librairieclavreuil.com\/#website"},"primaryImageOfPage":{"@id":"https:\/\/www.librairieclavreuil.com\/en\/moliere-jean-baptiste-poquelin-dit-oeuvres-le-theatre-collationne-minutieusement-sur-les-premieres-editions-sur-celles-des-annees-1666-1674-1682-orne-de-vignettes-par-frederic-hillema\/#primaryimage"},"image":{"@id":"https:\/\/www.librairieclavreuil.com\/en\/moliere-jean-baptiste-poquelin-dit-oeuvres-le-theatre-collationne-minutieusement-sur-les-premieres-editions-sur-celles-des-annees-1666-1674-1682-orne-de-vignettes-par-frederic-hillema\/#primaryimage"},"thumbnailUrl":"https:\/\/www.librairieclavreuil.com\/wp-content\/uploads\/2025\/10\/jean-baptiste-poquelin-dit-moliere-oeuvres-le-theatre-collationne-minutieusement-sur-les-premieres-editions-sur-celles-des-annees-1666-1674-6808eed63de27-3.jpg","datePublished":"2025-10-18T11:20:31+00:00","dateModified":"2025-10-22T16:42:23+00:00","breadcrumb":{"@id":"https:\/\/www.librairieclavreuil.com\/en\/moliere-jean-baptiste-poquelin-dit-oeuvres-le-theatre-collationne-minutieusement-sur-les-premieres-editions-sur-celles-des-annees-1666-1674-1682-orne-de-vignettes-par-frederic-hillema\/#breadcrumb"},"inLanguage":"en-US","potentialAction":[{"@type":"ReadAction","target":["https:\/\/www.librairieclavreuil.com\/en\/moliere-jean-baptiste-poquelin-dit-oeuvres-le-theatre-collationne-minutieusement-sur-les-premieres-editions-sur-celles-des-annees-1666-1674-1682-orne-de-vignettes-par-frederic-hillema\/"]}]},{"@type":"ImageObject","inLanguage":"en-US","@id":"https:\/\/www.librairieclavreuil.com\/en\/moliere-jean-baptiste-poquelin-dit-oeuvres-le-theatre-collationne-minutieusement-sur-les-premieres-editions-sur-celles-des-annees-1666-1674-1682-orne-de-vignettes-par-frederic-hillema\/#primaryimage","url":"https:\/\/www.librairieclavreuil.com\/wp-content\/uploads\/2025\/10\/jean-baptiste-poquelin-dit-moliere-oeuvres-le-theatre-collationne-minutieusement-sur-les-premieres-editions-sur-celles-des-annees-1666-1674-6808eed63de27-3.jpg","contentUrl":"https:\/\/www.librairieclavreuil.com\/wp-content\/uploads\/2025\/10\/jean-baptiste-poquelin-dit-moliere-oeuvres-le-theatre-collationne-minutieusement-sur-les-premieres-editions-sur-celles-des-annees-1666-1674-6808eed63de27-3.jpg","width":622,"height":800},{"@type":"BreadcrumbList","@id":"https:\/\/www.librairieclavreuil.com\/en\/moliere-jean-baptiste-poquelin-dit-oeuvres-le-theatre-collationne-minutieusement-sur-les-premieres-editions-sur-celles-des-annees-1666-1674-1682-orne-de-vignettes-par-frederic-hillema\/#breadcrumb","itemListElement":[{"@type":"ListItem","position":1,"name":"Accueil","item":"https:\/\/www.librairieclavreuil.com\/"},{"@type":"ListItem","position":2,"name":"All our books","item":"https:\/\/www.librairieclavreuil.com\/en\/all-our-books\/"},{"@type":"ListItem","position":3,"name":"MOLIERE Jean-Baptiste Poquelin dit Oeuvres.- Le Th\u00e9\u00e2tre. Collationn\u00e9..."}]},{"@type":"WebSite","@id":"https:\/\/www.librairieclavreuil.com\/#website","url":"https:\/\/www.librairieclavreuil.com\/","name":"Libairie Clavreuil","description":"Livres anciens, manuscrits rares et \u00e9ditions originales \u2013 Librairie Clavreuil","publisher":{"@id":"https:\/\/www.librairieclavreuil.com\/#organization"},"potentialAction":[{"@type":"SearchAction","target":{"@type":"EntryPoint","urlTemplate":"https:\/\/www.librairieclavreuil.com\/?s={search_term_string}"},"query-input":{"@type":"PropertyValueSpecification","valueRequired":true,"valueName":"search_term_string"}}],"inLanguage":"en-US"},{"@type":"Organization","@id":"https:\/\/www.librairieclavreuil.com\/#organization","name":"Libairie Clavreuil","url":"https:\/\/www.librairieclavreuil.com\/","logo":{"@type":"ImageObject","inLanguage":"en-US","@id":"https:\/\/www.librairieclavreuil.com\/#\/schema\/logo\/image\/","url":"https:\/\/www.librairieclavreuil.com\/wp-content\/uploads\/2021\/06\/cropped-LOGO_PNG_DATE-_gold-512x512-1.png","contentUrl":"https:\/\/www.librairieclavreuil.com\/wp-content\/uploads\/2021\/06\/cropped-LOGO_PNG_DATE-_gold-512x512-1.png","width":512,"height":512,"caption":"Libairie Clavreuil"},"image":{"@id":"https:\/\/www.librairieclavreuil.com\/#\/schema\/logo\/image\/"},"sameAs":["https:\/\/www.instagram.com\/librairieclavreuil\/"]}]}},"jetpack_sharing_enabled":true,"_links":{"self":[{"href":"https:\/\/www.librairieclavreuil.com\/en\/wp-json\/wp\/v2\/product\/88370","targetHints":{"allow":["GET"]}}],"collection":[{"href":"https:\/\/www.librairieclavreuil.com\/en\/wp-json\/wp\/v2\/product"}],"about":[{"href":"https:\/\/www.librairieclavreuil.com\/en\/wp-json\/wp\/v2\/types\/product"}],"replies":[{"embeddable":true,"href":"https:\/\/www.librairieclavreuil.com\/en\/wp-json\/wp\/v2\/comments?post=88370"}],"wp:featuredmedia":[{"embeddable":true,"href":"https:\/\/www.librairieclavreuil.com\/en\/wp-json\/wp\/v2\/media\/88395"}],"wp:attachment":[{"href":"https:\/\/www.librairieclavreuil.com\/en\/wp-json\/wp\/v2\/media?parent=88370"}],"wp:term":[{"taxonomy":"product_brand","embeddable":true,"href":"https:\/\/www.librairieclavreuil.com\/en\/wp-json\/wp\/v2\/product_brand?post=88370"},{"taxonomy":"product_cat","embeddable":true,"href":"https:\/\/www.librairieclavreuil.com\/en\/wp-json\/wp\/v2\/product_cat?post=88370"},{"taxonomy":"product_tag","embeddable":true,"href":"https:\/\/www.librairieclavreuil.com\/en\/wp-json\/wp\/v2\/product_tag?post=88370"}],"curies":[{"name":"wp","href":"https:\/\/api.w.org\/{rel}","templated":true}]}}