{"id":88249,"date":"2025-10-01T18:28:49","date_gmt":"2025-10-01T16:28:49","guid":{"rendered":"https:\/\/www.librairieclavreuil.com\/pare-ambroise-les-oeuvres-divisees-en-huict-livres-quatrieme-edition\/"},"modified":"2025-10-01T18:30:35","modified_gmt":"2025-10-01T16:30:35","slug":"pare-ambroise-les-oeuvres-divisees-en-huict-livres-quatrieme-edition","status":"publish","type":"product","link":"https:\/\/www.librairieclavreuil.com\/en\/pare-ambroise-les-oeuvres-divisees-en-huict-livres-quatrieme-edition\/","title":{"rendered":"PARE Ambroise Les \u0152uvres, divis\u00e9es en huict livres...."},"content":{"rendered":"<p style=\"text-align:justify\"><i>Doe, 31 (Buon issue); NLM, WZ 240 P227 1585 (as recorded on USTC&nbsp;; Buon issue); Poletti, p. 150; see Parkinson, 1823 sq. (later editions) and Heirs of Hippocrates, 271 (Latin edition 1582) ; not in Waller, Wellcome.<\/i><\/p>\n<p style=\"text-align:justify\">Fourth edition of the <i>Works<\/i> according to the title page but in reality the third edition of the works in French as detailed by Doe: \u00ab&nbsp;It is generally accepted by all authorities, except Le Paulmier that there was no third French edition of the collected works and that its place was taken by the Latin <i>Opera<\/i> of 1582\u201d.<\/p>\n<p style=\"text-align:justify\">Rare Jacques du Puys issue. The Gabriel Buon issue is much more common. Of the du Puys issue USTC locates only 2 copies (France&nbsp;: Bourges&nbsp;; and Minneapolis&nbsp;: Wangensteen Collection). Of the Buon issue USTC indicates 26 copies.<\/p>\n<p style=\"text-align:justify\">The double sheet inserted after page VI.cIIII contains the \u2018M\u00e9thodique division et d\u00e9nombrement des maladies qui surviennent aux yeux\u2019. It is part of his article on reconstructive surgery of the upper eyelid.<\/p>\n<p style=\"text-align:justify\">\u00ab&nbsp;This fourth edition in 1585 was, therefore, the immediate successor of the second edition in 1579, and is the most highly prized of the collected editions, and rightly so. Carefully revised by the author, it was the last one to be seen personally through the press by him; and it contains the \u2018Apologie et traict\u00e9 contenant les voyages\u2019, which is Par\u00e9\u2019s most characteristic document. Turner calls it \u2018l\u2019\u00e9dition par excellence\u2019\u2026 The \u2018Apologie\u2019, the last unanswerable reply to the attacks of Per\u00e9\u2019s enemies, was written to settle, once and for all, the eternal nagging of the Faculty over his ignorance of Latin and the fact that he, an unlearned surgeon, presumed to write scientific books. In it is demonstrated the superiority of experience, manual skill, and practical resourcefulness, over armchair theories, in the production of a surgeon\u201d (Doe).<\/p>\n<p style=\"text-align:justify\">This Apology also provides biographical details of Par\u00e9&#8217;s various travels. His famous motto \u2018Je le pensay &amp; Dieu le guarit\u2019 appears here for the first time (p. MCCXX) in his account of the visit to the battlefield in Metz in 1552.<\/p>\n<p style=\"text-align:justify\">The work is illustrated with a handsome title (copied from the 1579 edition) and 382 woodcuts, most of which were already used in the 1575 and 1579 editions. The engravings show male and female anatomy, reconstructive operations, fractures, wounds, monsters and instruments. Par\u00e9 also discusses prosthetic teeth and artificial limbs.<\/p>\n<p style=\"text-align:justify\">\u00ab&nbsp;[Par\u00e9] invented many surgical and dental instruments and was especially adept at devising ingenious artificial limbs\u201d (Heirs)<\/p>\n<p style=\"text-align:justify\">The portrait, which Jane Doe located in 9 of the 22 copies she examined, is not present here. On the other hand, a beautiful old copper-engraved portrait was added in the 19th century, with a handwritten note on the biography of the famous doctor.<\/p>\n<p style=\"text-align:justify\">Minor restorations to the first 2 leaves and to the inserted double leaf. Skilful restorations to corners and headpieces. A fine copy.<\/p>\n","protected":false},"excerpt":{"rendered":"<p style=\"text-align:justify\">Folio (339 x 211 mm) 13 nn.ll., MCCXLV pp., 84 nn.ll., double sheet inserted after p. VI.cIIII. 17th century mottled calf, spine gilt with raised bands, speckled edges (small experts restorations to corners and spine).<\/p>\n","protected":false},"featured_media":88232,"comment_status":"open","ping_status":"closed","template":"","meta":{"_acf_changed":false},"product_brand":[],"product_cat":[548],"product_tag":[1272,1275,1285,1297,1271,1296],"class_list":{"0":"post-88249","1":"product","2":"type-product","3":"status-publish","4":"has-post-thumbnail","6":"product_cat-medicine","7":"product_tag-anatomy","8":"product_tag-general-anatomy","9":"product_tag-general-medicine","10":"product_tag-gynaecology-and-obstetrics","11":"product_tag-medicine","12":"product_tag-teeth","13":"pa_auteur-pare-ambroise-2","14":"pa_type-de-livre-printed-book","16":"first","17":"instock","18":"shipping-taxable","19":"purchasable","20":"product-type-simple"},"acf":{"artist":" Ambroise PARE","chapeau":"","adresse_bibliographique":"Paris, Jacques du Puys, 1585","book_type":"Printed book","provenance":"","afficher_prix":""},"yoast_head":"<!-- This site is optimized with the Yoast SEO plugin v24.7 - https:\/\/yoast.com\/wordpress\/plugins\/seo\/ -->\n<title>PARE Ambroise Les \u0152uvres, divis\u00e9es en huict livres. Quatri\u00e8me \u00e9dition. - Libairie Clavreuil<\/title>\n<meta name=\"robots\" content=\"index, follow, max-snippet:-1, max-image-preview:large, max-video-preview:-1\" \/>\n<link rel=\"canonical\" href=\"https:\/\/www.librairieclavreuil.com\/en\/pare-ambroise-les-oeuvres-divisees-en-huict-livres-quatrieme-edition\/\" \/>\n<meta property=\"og:locale\" content=\"en_US\" \/>\n<meta property=\"og:type\" content=\"article\" \/>\n<meta property=\"og:title\" content=\"PARE Ambroise Les \u0152uvres, divis\u00e9es en huict livres. Quatri\u00e8me \u00e9dition. - Libairie Clavreuil\" \/>\n<meta property=\"og:description\" content=\"Folio (339 x 211 mm) 13 nn.ll., MCCXLV pp., 84 nn.ll., double sheet inserted after p. VI.cIIII. 17th century mottled calf, spine gilt with raised bands, speckled edges (small experts restorations to corners and spine).\" \/>\n<meta property=\"og:url\" content=\"https:\/\/www.librairieclavreuil.com\/en\/pare-ambroise-les-oeuvres-divisees-en-huict-livres-quatrieme-edition\/\" \/>\n<meta property=\"og:site_name\" content=\"Libairie Clavreuil\" \/>\n<meta property=\"article:modified_time\" content=\"2025-10-01T16:30:35+00:00\" \/>\n<meta property=\"og:image\" content=\"https:\/\/www.librairieclavreuil.com\/wp-content\/uploads\/2025\/10\/ambroise-pare-les-oeuvres-divisees-en-huict-livres-quatrieme-edition-9596-6793a752e927e.jpg\" \/>\n\t<meta property=\"og:image:width\" content=\"622\" \/>\n\t<meta property=\"og:image:height\" content=\"800\" \/>\n\t<meta property=\"og:image:type\" content=\"image\/jpeg\" \/>\n<meta name=\"twitter:card\" content=\"summary_large_image\" \/>\n<meta name=\"twitter:label1\" content=\"Est. reading time\" \/>\n\t<meta name=\"twitter:data1\" content=\"2 minutes\" \/>\n<script type=\"application\/ld+json\" class=\"yoast-schema-graph\">{\"@context\":\"https:\/\/schema.org\",\"@graph\":[{\"@type\":\"WebPage\",\"@id\":\"https:\/\/www.librairieclavreuil.com\/en\/pare-ambroise-les-oeuvres-divisees-en-huict-livres-quatrieme-edition\/\",\"url\":\"https:\/\/www.librairieclavreuil.com\/en\/pare-ambroise-les-oeuvres-divisees-en-huict-livres-quatrieme-edition\/\",\"name\":\"PARE Ambroise Les \u0152uvres, divis\u00e9es en huict livres. Quatri\u00e8me \u00e9dition. - Libairie Clavreuil\",\"isPartOf\":{\"@id\":\"https:\/\/www.librairieclavreuil.com\/#website\"},\"primaryImageOfPage\":{\"@id\":\"https:\/\/www.librairieclavreuil.com\/en\/pare-ambroise-les-oeuvres-divisees-en-huict-livres-quatrieme-edition\/#primaryimage\"},\"image\":{\"@id\":\"https:\/\/www.librairieclavreuil.com\/en\/pare-ambroise-les-oeuvres-divisees-en-huict-livres-quatrieme-edition\/#primaryimage\"},\"thumbnailUrl\":\"https:\/\/www.librairieclavreuil.com\/wp-content\/uploads\/2025\/10\/ambroise-pare-les-oeuvres-divisees-en-huict-livres-quatrieme-edition-9596-6793a752e927e.jpg\",\"datePublished\":\"2025-10-01T16:28:49+00:00\",\"dateModified\":\"2025-10-01T16:30:35+00:00\",\"breadcrumb\":{\"@id\":\"https:\/\/www.librairieclavreuil.com\/en\/pare-ambroise-les-oeuvres-divisees-en-huict-livres-quatrieme-edition\/#breadcrumb\"},\"inLanguage\":\"en-US\",\"potentialAction\":[{\"@type\":\"ReadAction\",\"target\":[\"https:\/\/www.librairieclavreuil.com\/en\/pare-ambroise-les-oeuvres-divisees-en-huict-livres-quatrieme-edition\/\"]}]},{\"@type\":\"ImageObject\",\"inLanguage\":\"en-US\",\"@id\":\"https:\/\/www.librairieclavreuil.com\/en\/pare-ambroise-les-oeuvres-divisees-en-huict-livres-quatrieme-edition\/#primaryimage\",\"url\":\"https:\/\/www.librairieclavreuil.com\/wp-content\/uploads\/2025\/10\/ambroise-pare-les-oeuvres-divisees-en-huict-livres-quatrieme-edition-9596-6793a752e927e.jpg\",\"contentUrl\":\"https:\/\/www.librairieclavreuil.com\/wp-content\/uploads\/2025\/10\/ambroise-pare-les-oeuvres-divisees-en-huict-livres-quatrieme-edition-9596-6793a752e927e.jpg\",\"width\":622,\"height\":800},{\"@type\":\"BreadcrumbList\",\"@id\":\"https:\/\/www.librairieclavreuil.com\/en\/pare-ambroise-les-oeuvres-divisees-en-huict-livres-quatrieme-edition\/#breadcrumb\",\"itemListElement\":[{\"@type\":\"ListItem\",\"position\":1,\"name\":\"Accueil\",\"item\":\"https:\/\/www.librairieclavreuil.com\/\"},{\"@type\":\"ListItem\",\"position\":2,\"name\":\"All our books\",\"item\":\"https:\/\/www.librairieclavreuil.com\/en\/all-our-books\/\"},{\"@type\":\"ListItem\",\"position\":3,\"name\":\"PARE Ambroise Les \u0152uvres, divis\u00e9es en huict livres....\"}]},{\"@type\":\"WebSite\",\"@id\":\"https:\/\/www.librairieclavreuil.com\/#website\",\"url\":\"https:\/\/www.librairieclavreuil.com\/\",\"name\":\"Libairie Clavreuil\",\"description\":\"Livres anciens, manuscrits rares et \u00e9ditions originales \u2013 Librairie Clavreuil\",\"publisher\":{\"@id\":\"https:\/\/www.librairieclavreuil.com\/#organization\"},\"potentialAction\":[{\"@type\":\"SearchAction\",\"target\":{\"@type\":\"EntryPoint\",\"urlTemplate\":\"https:\/\/www.librairieclavreuil.com\/?s={search_term_string}\"},\"query-input\":{\"@type\":\"PropertyValueSpecification\",\"valueRequired\":true,\"valueName\":\"search_term_string\"}}],\"inLanguage\":\"en-US\"},{\"@type\":\"Organization\",\"@id\":\"https:\/\/www.librairieclavreuil.com\/#organization\",\"name\":\"Libairie Clavreuil\",\"url\":\"https:\/\/www.librairieclavreuil.com\/\",\"logo\":{\"@type\":\"ImageObject\",\"inLanguage\":\"en-US\",\"@id\":\"https:\/\/www.librairieclavreuil.com\/#\/schema\/logo\/image\/\",\"url\":\"https:\/\/www.librairieclavreuil.com\/wp-content\/uploads\/2021\/06\/cropped-LOGO_PNG_DATE-_gold-512x512-1.png\",\"contentUrl\":\"https:\/\/www.librairieclavreuil.com\/wp-content\/uploads\/2021\/06\/cropped-LOGO_PNG_DATE-_gold-512x512-1.png\",\"width\":512,\"height\":512,\"caption\":\"Libairie Clavreuil\"},\"image\":{\"@id\":\"https:\/\/www.librairieclavreuil.com\/#\/schema\/logo\/image\/\"},\"sameAs\":[\"https:\/\/www.instagram.com\/librairieclavreuil\/\"]}]}<\/script>\n<!-- \/ Yoast SEO plugin. -->","yoast_head_json":{"title":"PARE Ambroise Les \u0152uvres, divis\u00e9es en huict livres. Quatri\u00e8me \u00e9dition. - Libairie Clavreuil","robots":{"index":"index","follow":"follow","max-snippet":"max-snippet:-1","max-image-preview":"max-image-preview:large","max-video-preview":"max-video-preview:-1"},"canonical":"https:\/\/www.librairieclavreuil.com\/en\/pare-ambroise-les-oeuvres-divisees-en-huict-livres-quatrieme-edition\/","og_locale":"en_US","og_type":"article","og_title":"PARE Ambroise Les \u0152uvres, divis\u00e9es en huict livres. Quatri\u00e8me \u00e9dition. - Libairie Clavreuil","og_description":"Folio (339 x 211 mm) 13 nn.ll., MCCXLV pp., 84 nn.ll., double sheet inserted after p. VI.cIIII. 17th century mottled calf, spine gilt with raised bands, speckled edges (small experts restorations to corners and spine).","og_url":"https:\/\/www.librairieclavreuil.com\/en\/pare-ambroise-les-oeuvres-divisees-en-huict-livres-quatrieme-edition\/","og_site_name":"Libairie Clavreuil","article_modified_time":"2025-10-01T16:30:35+00:00","og_image":[{"width":622,"height":800,"url":"https:\/\/www.librairieclavreuil.com\/wp-content\/uploads\/2025\/10\/ambroise-pare-les-oeuvres-divisees-en-huict-livres-quatrieme-edition-9596-6793a752e927e.jpg","type":"image\/jpeg"}],"twitter_card":"summary_large_image","twitter_misc":{"Est. reading time":"2 minutes"},"schema":{"@context":"https:\/\/schema.org","@graph":[{"@type":"WebPage","@id":"https:\/\/www.librairieclavreuil.com\/en\/pare-ambroise-les-oeuvres-divisees-en-huict-livres-quatrieme-edition\/","url":"https:\/\/www.librairieclavreuil.com\/en\/pare-ambroise-les-oeuvres-divisees-en-huict-livres-quatrieme-edition\/","name":"PARE Ambroise Les \u0152uvres, divis\u00e9es en huict livres. Quatri\u00e8me \u00e9dition. - Libairie Clavreuil","isPartOf":{"@id":"https:\/\/www.librairieclavreuil.com\/#website"},"primaryImageOfPage":{"@id":"https:\/\/www.librairieclavreuil.com\/en\/pare-ambroise-les-oeuvres-divisees-en-huict-livres-quatrieme-edition\/#primaryimage"},"image":{"@id":"https:\/\/www.librairieclavreuil.com\/en\/pare-ambroise-les-oeuvres-divisees-en-huict-livres-quatrieme-edition\/#primaryimage"},"thumbnailUrl":"https:\/\/www.librairieclavreuil.com\/wp-content\/uploads\/2025\/10\/ambroise-pare-les-oeuvres-divisees-en-huict-livres-quatrieme-edition-9596-6793a752e927e.jpg","datePublished":"2025-10-01T16:28:49+00:00","dateModified":"2025-10-01T16:30:35+00:00","breadcrumb":{"@id":"https:\/\/www.librairieclavreuil.com\/en\/pare-ambroise-les-oeuvres-divisees-en-huict-livres-quatrieme-edition\/#breadcrumb"},"inLanguage":"en-US","potentialAction":[{"@type":"ReadAction","target":["https:\/\/www.librairieclavreuil.com\/en\/pare-ambroise-les-oeuvres-divisees-en-huict-livres-quatrieme-edition\/"]}]},{"@type":"ImageObject","inLanguage":"en-US","@id":"https:\/\/www.librairieclavreuil.com\/en\/pare-ambroise-les-oeuvres-divisees-en-huict-livres-quatrieme-edition\/#primaryimage","url":"https:\/\/www.librairieclavreuil.com\/wp-content\/uploads\/2025\/10\/ambroise-pare-les-oeuvres-divisees-en-huict-livres-quatrieme-edition-9596-6793a752e927e.jpg","contentUrl":"https:\/\/www.librairieclavreuil.com\/wp-content\/uploads\/2025\/10\/ambroise-pare-les-oeuvres-divisees-en-huict-livres-quatrieme-edition-9596-6793a752e927e.jpg","width":622,"height":800},{"@type":"BreadcrumbList","@id":"https:\/\/www.librairieclavreuil.com\/en\/pare-ambroise-les-oeuvres-divisees-en-huict-livres-quatrieme-edition\/#breadcrumb","itemListElement":[{"@type":"ListItem","position":1,"name":"Accueil","item":"https:\/\/www.librairieclavreuil.com\/"},{"@type":"ListItem","position":2,"name":"All our books","item":"https:\/\/www.librairieclavreuil.com\/en\/all-our-books\/"},{"@type":"ListItem","position":3,"name":"PARE Ambroise Les \u0152uvres, divis\u00e9es en huict livres...."}]},{"@type":"WebSite","@id":"https:\/\/www.librairieclavreuil.com\/#website","url":"https:\/\/www.librairieclavreuil.com\/","name":"Libairie Clavreuil","description":"Livres anciens, manuscrits rares et \u00e9ditions originales \u2013 Librairie Clavreuil","publisher":{"@id":"https:\/\/www.librairieclavreuil.com\/#organization"},"potentialAction":[{"@type":"SearchAction","target":{"@type":"EntryPoint","urlTemplate":"https:\/\/www.librairieclavreuil.com\/?s={search_term_string}"},"query-input":{"@type":"PropertyValueSpecification","valueRequired":true,"valueName":"search_term_string"}}],"inLanguage":"en-US"},{"@type":"Organization","@id":"https:\/\/www.librairieclavreuil.com\/#organization","name":"Libairie Clavreuil","url":"https:\/\/www.librairieclavreuil.com\/","logo":{"@type":"ImageObject","inLanguage":"en-US","@id":"https:\/\/www.librairieclavreuil.com\/#\/schema\/logo\/image\/","url":"https:\/\/www.librairieclavreuil.com\/wp-content\/uploads\/2021\/06\/cropped-LOGO_PNG_DATE-_gold-512x512-1.png","contentUrl":"https:\/\/www.librairieclavreuil.com\/wp-content\/uploads\/2021\/06\/cropped-LOGO_PNG_DATE-_gold-512x512-1.png","width":512,"height":512,"caption":"Libairie Clavreuil"},"image":{"@id":"https:\/\/www.librairieclavreuil.com\/#\/schema\/logo\/image\/"},"sameAs":["https:\/\/www.instagram.com\/librairieclavreuil\/"]}]}},"jetpack_sharing_enabled":true,"_links":{"self":[{"href":"https:\/\/www.librairieclavreuil.com\/en\/wp-json\/wp\/v2\/product\/88249","targetHints":{"allow":["GET"]}}],"collection":[{"href":"https:\/\/www.librairieclavreuil.com\/en\/wp-json\/wp\/v2\/product"}],"about":[{"href":"https:\/\/www.librairieclavreuil.com\/en\/wp-json\/wp\/v2\/types\/product"}],"replies":[{"embeddable":true,"href":"https:\/\/www.librairieclavreuil.com\/en\/wp-json\/wp\/v2\/comments?post=88249"}],"wp:featuredmedia":[{"embeddable":true,"href":"https:\/\/www.librairieclavreuil.com\/en\/wp-json\/wp\/v2\/media\/88232"}],"wp:attachment":[{"href":"https:\/\/www.librairieclavreuil.com\/en\/wp-json\/wp\/v2\/media?parent=88249"}],"wp:term":[{"taxonomy":"product_brand","embeddable":true,"href":"https:\/\/www.librairieclavreuil.com\/en\/wp-json\/wp\/v2\/product_brand?post=88249"},{"taxonomy":"product_cat","embeddable":true,"href":"https:\/\/www.librairieclavreuil.com\/en\/wp-json\/wp\/v2\/product_cat?post=88249"},{"taxonomy":"product_tag","embeddable":true,"href":"https:\/\/www.librairieclavreuil.com\/en\/wp-json\/wp\/v2\/product_tag?post=88249"}],"curies":[{"name":"wp","href":"https:\/\/api.w.org\/{rel}","templated":true}]}}