{"id":88213,"date":"2025-10-01T14:50:16","date_gmt":"2025-10-01T12:50:16","guid":{"rendered":"https:\/\/www.librairieclavreuil.com\/voltaire-francois-marie-arouet-de-lais-et-phrine-poeme-en-quatre-chants\/"},"modified":"2025-10-01T14:50:21","modified_gmt":"2025-10-01T12:50:21","slug":"voltaire-francois-marie-arouet-de-lais-et-phrine-poeme-en-quatre-chants","status":"publish","type":"product","link":"https:\/\/www.librairieclavreuil.com\/en\/voltaire-francois-marie-arouet-de-lais-et-phrine-poeme-en-quatre-chants\/","title":{"rendered":"VOLTAIRE Fran\u00e7ois Marie Arouet de La\u00efs et Phrin\u00e9,..."},"content":{"rendered":"<p><i>Gay-Lemonnyer, II, 773.<\/i><\/p>\n<p>First edition of these rather liberated amorous adventures.<\/p>\n<p>&#8220;C&#8217;est sans doute un po\u00e8me all\u00e9gorique sur les amours de la marquise du Ch\u00e2telet avec Voltaire et Saint-Lambert. Voltaire se nomme Philinte dans le po\u00e8me, et Saint-Lambert Mirtile ; Mme du Ch\u00e2telet est La\u00efs ; quant \u00e0 Phryn\u00e9, c&#8217;et une rivale que Saint-Lambert lui avait donn\u00e9e, et dont elle se plaint souvent dans de charmantes lettres que poss\u00e9dait un amateur d\u00e9licat et savant, feu Feuillet de Conches&#8221; (Gay-Lemonnyer).<\/p>\n<p>Very nice copy.<\/p>\n<p>Provenance : A. Renaud (bookplate).<\/p>\n","protected":false},"excerpt":{"rendered":"<p>8vo (163 x 95 mm) of 104 pp. wrongly numbered 96. Midnight blue morocco, triple gilt fillet, spine gilt with raised bands, inner roll, gilt edges (<i>Cap\u00e9<\/i>).<\/p>\n","protected":false},"featured_media":88208,"comment_status":"open","ping_status":"closed","template":"","meta":{"_acf_changed":false},"product_brand":[],"product_cat":[544],"product_tag":[1245,1450],"class_list":{"0":"post-88213","1":"product","2":"type-product","3":"status-publish","4":"has-post-thumbnail","6":"product_cat-literature","7":"product_tag-18th-century-literature","8":"product_tag-first-edition","9":"pa_auteur-voltaire-francois-marie-arouet-de-2","10":"pa_type-de-livre-printed-book","12":"first","13":"instock","14":"shipping-taxable","15":"purchasable","16":"product-type-simple"},"acf":{"artist":" Fran\u00e7ois Marie Arouet de VOLTAIRE","chapeau":"\u00c9milie du Ch\u00e2telet's love affairs","adresse_bibliographique":"Londres et se trouve \u00e0 Paris et \u00e0 Orl\u00e9ans, Panckoucke, Delalain ; et chez Couret de Villeneuve, 1757","book_type":"Printed book","provenance":"","afficher_prix":""},"yoast_head":"<!-- This site is optimized with the Yoast SEO plugin v24.7 - https:\/\/yoast.com\/wordpress\/plugins\/seo\/ -->\n<title>VOLTAIRE Fran\u00e7ois Marie Arouet de La\u00efs et Phrin\u00e9, po\u00e8me en quatre chants. - Libairie Clavreuil<\/title>\n<meta name=\"robots\" content=\"index, follow, max-snippet:-1, max-image-preview:large, max-video-preview:-1\" \/>\n<link rel=\"canonical\" href=\"https:\/\/www.librairieclavreuil.com\/en\/voltaire-francois-marie-arouet-de-lais-et-phrine-poeme-en-quatre-chants\/\" \/>\n<meta property=\"og:locale\" content=\"en_US\" \/>\n<meta property=\"og:type\" content=\"article\" \/>\n<meta property=\"og:title\" content=\"VOLTAIRE Fran\u00e7ois Marie Arouet de La\u00efs et Phrin\u00e9, po\u00e8me en quatre chants. - Libairie Clavreuil\" \/>\n<meta property=\"og:description\" content=\"8vo (163 x 95 mm) of 104 pp. wrongly numbered 96. Midnight blue morocco, triple gilt fillet, spine gilt with raised bands, inner roll, gilt edges (Cap\u00e9).\" \/>\n<meta property=\"og:url\" content=\"https:\/\/www.librairieclavreuil.com\/en\/voltaire-francois-marie-arouet-de-lais-et-phrine-poeme-en-quatre-chants\/\" \/>\n<meta property=\"og:site_name\" content=\"Libairie Clavreuil\" \/>\n<meta property=\"article:modified_time\" content=\"2025-10-01T12:50:21+00:00\" \/>\n<meta property=\"og:image\" content=\"https:\/\/www.librairieclavreuil.com\/wp-content\/uploads\/2025\/10\/francois-marie-arouet-de-voltaire-lais-et-phrine-poeme-en-quatre-chants-8019-6636576b49d91.jpg\" \/>\n\t<meta property=\"og:image:width\" content=\"451\" \/>\n\t<meta property=\"og:image:height\" content=\"800\" \/>\n\t<meta property=\"og:image:type\" content=\"image\/jpeg\" \/>\n<meta name=\"twitter:card\" content=\"summary_large_image\" \/>\n<script type=\"application\/ld+json\" class=\"yoast-schema-graph\">{\"@context\":\"https:\/\/schema.org\",\"@graph\":[{\"@type\":\"WebPage\",\"@id\":\"https:\/\/www.librairieclavreuil.com\/en\/voltaire-francois-marie-arouet-de-lais-et-phrine-poeme-en-quatre-chants\/\",\"url\":\"https:\/\/www.librairieclavreuil.com\/en\/voltaire-francois-marie-arouet-de-lais-et-phrine-poeme-en-quatre-chants\/\",\"name\":\"VOLTAIRE Fran\u00e7ois Marie Arouet de La\u00efs et Phrin\u00e9, po\u00e8me en quatre chants. - Libairie Clavreuil\",\"isPartOf\":{\"@id\":\"https:\/\/www.librairieclavreuil.com\/#website\"},\"primaryImageOfPage\":{\"@id\":\"https:\/\/www.librairieclavreuil.com\/en\/voltaire-francois-marie-arouet-de-lais-et-phrine-poeme-en-quatre-chants\/#primaryimage\"},\"image\":{\"@id\":\"https:\/\/www.librairieclavreuil.com\/en\/voltaire-francois-marie-arouet-de-lais-et-phrine-poeme-en-quatre-chants\/#primaryimage\"},\"thumbnailUrl\":\"https:\/\/www.librairieclavreuil.com\/wp-content\/uploads\/2025\/10\/francois-marie-arouet-de-voltaire-lais-et-phrine-poeme-en-quatre-chants-8019-6636576b49d91.jpg\",\"datePublished\":\"2025-10-01T12:50:16+00:00\",\"dateModified\":\"2025-10-01T12:50:21+00:00\",\"breadcrumb\":{\"@id\":\"https:\/\/www.librairieclavreuil.com\/en\/voltaire-francois-marie-arouet-de-lais-et-phrine-poeme-en-quatre-chants\/#breadcrumb\"},\"inLanguage\":\"en-US\",\"potentialAction\":[{\"@type\":\"ReadAction\",\"target\":[\"https:\/\/www.librairieclavreuil.com\/en\/voltaire-francois-marie-arouet-de-lais-et-phrine-poeme-en-quatre-chants\/\"]}]},{\"@type\":\"ImageObject\",\"inLanguage\":\"en-US\",\"@id\":\"https:\/\/www.librairieclavreuil.com\/en\/voltaire-francois-marie-arouet-de-lais-et-phrine-poeme-en-quatre-chants\/#primaryimage\",\"url\":\"https:\/\/www.librairieclavreuil.com\/wp-content\/uploads\/2025\/10\/francois-marie-arouet-de-voltaire-lais-et-phrine-poeme-en-quatre-chants-8019-6636576b49d91.jpg\",\"contentUrl\":\"https:\/\/www.librairieclavreuil.com\/wp-content\/uploads\/2025\/10\/francois-marie-arouet-de-voltaire-lais-et-phrine-poeme-en-quatre-chants-8019-6636576b49d91.jpg\",\"width\":451,\"height\":800},{\"@type\":\"BreadcrumbList\",\"@id\":\"https:\/\/www.librairieclavreuil.com\/en\/voltaire-francois-marie-arouet-de-lais-et-phrine-poeme-en-quatre-chants\/#breadcrumb\",\"itemListElement\":[{\"@type\":\"ListItem\",\"position\":1,\"name\":\"Accueil\",\"item\":\"https:\/\/www.librairieclavreuil.com\/\"},{\"@type\":\"ListItem\",\"position\":2,\"name\":\"All our books\",\"item\":\"https:\/\/www.librairieclavreuil.com\/en\/all-our-books\/\"},{\"@type\":\"ListItem\",\"position\":3,\"name\":\"VOLTAIRE Fran\u00e7ois Marie Arouet de La\u00efs et Phrin\u00e9,...\"}]},{\"@type\":\"WebSite\",\"@id\":\"https:\/\/www.librairieclavreuil.com\/#website\",\"url\":\"https:\/\/www.librairieclavreuil.com\/\",\"name\":\"Libairie Clavreuil\",\"description\":\"Livres anciens, manuscrits rares et \u00e9ditions originales \u2013 Librairie Clavreuil\",\"publisher\":{\"@id\":\"https:\/\/www.librairieclavreuil.com\/#organization\"},\"potentialAction\":[{\"@type\":\"SearchAction\",\"target\":{\"@type\":\"EntryPoint\",\"urlTemplate\":\"https:\/\/www.librairieclavreuil.com\/?s={search_term_string}\"},\"query-input\":{\"@type\":\"PropertyValueSpecification\",\"valueRequired\":true,\"valueName\":\"search_term_string\"}}],\"inLanguage\":\"en-US\"},{\"@type\":\"Organization\",\"@id\":\"https:\/\/www.librairieclavreuil.com\/#organization\",\"name\":\"Libairie Clavreuil\",\"url\":\"https:\/\/www.librairieclavreuil.com\/\",\"logo\":{\"@type\":\"ImageObject\",\"inLanguage\":\"en-US\",\"@id\":\"https:\/\/www.librairieclavreuil.com\/#\/schema\/logo\/image\/\",\"url\":\"https:\/\/www.librairieclavreuil.com\/wp-content\/uploads\/2021\/06\/cropped-LOGO_PNG_DATE-_gold-512x512-1.png\",\"contentUrl\":\"https:\/\/www.librairieclavreuil.com\/wp-content\/uploads\/2021\/06\/cropped-LOGO_PNG_DATE-_gold-512x512-1.png\",\"width\":512,\"height\":512,\"caption\":\"Libairie Clavreuil\"},\"image\":{\"@id\":\"https:\/\/www.librairieclavreuil.com\/#\/schema\/logo\/image\/\"},\"sameAs\":[\"https:\/\/www.instagram.com\/librairieclavreuil\/\"]}]}<\/script>\n<!-- \/ Yoast SEO plugin. -->","yoast_head_json":{"title":"VOLTAIRE Fran\u00e7ois Marie Arouet de La\u00efs et Phrin\u00e9, po\u00e8me en quatre chants. - Libairie Clavreuil","robots":{"index":"index","follow":"follow","max-snippet":"max-snippet:-1","max-image-preview":"max-image-preview:large","max-video-preview":"max-video-preview:-1"},"canonical":"https:\/\/www.librairieclavreuil.com\/en\/voltaire-francois-marie-arouet-de-lais-et-phrine-poeme-en-quatre-chants\/","og_locale":"en_US","og_type":"article","og_title":"VOLTAIRE Fran\u00e7ois Marie Arouet de La\u00efs et Phrin\u00e9, po\u00e8me en quatre chants. - Libairie Clavreuil","og_description":"8vo (163 x 95 mm) of 104 pp. wrongly numbered 96. Midnight blue morocco, triple gilt fillet, spine gilt with raised bands, inner roll, gilt edges (Cap\u00e9).","og_url":"https:\/\/www.librairieclavreuil.com\/en\/voltaire-francois-marie-arouet-de-lais-et-phrine-poeme-en-quatre-chants\/","og_site_name":"Libairie Clavreuil","article_modified_time":"2025-10-01T12:50:21+00:00","og_image":[{"width":451,"height":800,"url":"https:\/\/www.librairieclavreuil.com\/wp-content\/uploads\/2025\/10\/francois-marie-arouet-de-voltaire-lais-et-phrine-poeme-en-quatre-chants-8019-6636576b49d91.jpg","type":"image\/jpeg"}],"twitter_card":"summary_large_image","schema":{"@context":"https:\/\/schema.org","@graph":[{"@type":"WebPage","@id":"https:\/\/www.librairieclavreuil.com\/en\/voltaire-francois-marie-arouet-de-lais-et-phrine-poeme-en-quatre-chants\/","url":"https:\/\/www.librairieclavreuil.com\/en\/voltaire-francois-marie-arouet-de-lais-et-phrine-poeme-en-quatre-chants\/","name":"VOLTAIRE Fran\u00e7ois Marie Arouet de La\u00efs et Phrin\u00e9, po\u00e8me en quatre chants. - Libairie Clavreuil","isPartOf":{"@id":"https:\/\/www.librairieclavreuil.com\/#website"},"primaryImageOfPage":{"@id":"https:\/\/www.librairieclavreuil.com\/en\/voltaire-francois-marie-arouet-de-lais-et-phrine-poeme-en-quatre-chants\/#primaryimage"},"image":{"@id":"https:\/\/www.librairieclavreuil.com\/en\/voltaire-francois-marie-arouet-de-lais-et-phrine-poeme-en-quatre-chants\/#primaryimage"},"thumbnailUrl":"https:\/\/www.librairieclavreuil.com\/wp-content\/uploads\/2025\/10\/francois-marie-arouet-de-voltaire-lais-et-phrine-poeme-en-quatre-chants-8019-6636576b49d91.jpg","datePublished":"2025-10-01T12:50:16+00:00","dateModified":"2025-10-01T12:50:21+00:00","breadcrumb":{"@id":"https:\/\/www.librairieclavreuil.com\/en\/voltaire-francois-marie-arouet-de-lais-et-phrine-poeme-en-quatre-chants\/#breadcrumb"},"inLanguage":"en-US","potentialAction":[{"@type":"ReadAction","target":["https:\/\/www.librairieclavreuil.com\/en\/voltaire-francois-marie-arouet-de-lais-et-phrine-poeme-en-quatre-chants\/"]}]},{"@type":"ImageObject","inLanguage":"en-US","@id":"https:\/\/www.librairieclavreuil.com\/en\/voltaire-francois-marie-arouet-de-lais-et-phrine-poeme-en-quatre-chants\/#primaryimage","url":"https:\/\/www.librairieclavreuil.com\/wp-content\/uploads\/2025\/10\/francois-marie-arouet-de-voltaire-lais-et-phrine-poeme-en-quatre-chants-8019-6636576b49d91.jpg","contentUrl":"https:\/\/www.librairieclavreuil.com\/wp-content\/uploads\/2025\/10\/francois-marie-arouet-de-voltaire-lais-et-phrine-poeme-en-quatre-chants-8019-6636576b49d91.jpg","width":451,"height":800},{"@type":"BreadcrumbList","@id":"https:\/\/www.librairieclavreuil.com\/en\/voltaire-francois-marie-arouet-de-lais-et-phrine-poeme-en-quatre-chants\/#breadcrumb","itemListElement":[{"@type":"ListItem","position":1,"name":"Accueil","item":"https:\/\/www.librairieclavreuil.com\/"},{"@type":"ListItem","position":2,"name":"All our books","item":"https:\/\/www.librairieclavreuil.com\/en\/all-our-books\/"},{"@type":"ListItem","position":3,"name":"VOLTAIRE Fran\u00e7ois Marie Arouet de La\u00efs et Phrin\u00e9,..."}]},{"@type":"WebSite","@id":"https:\/\/www.librairieclavreuil.com\/#website","url":"https:\/\/www.librairieclavreuil.com\/","name":"Libairie Clavreuil","description":"Livres anciens, manuscrits rares et \u00e9ditions originales \u2013 Librairie Clavreuil","publisher":{"@id":"https:\/\/www.librairieclavreuil.com\/#organization"},"potentialAction":[{"@type":"SearchAction","target":{"@type":"EntryPoint","urlTemplate":"https:\/\/www.librairieclavreuil.com\/?s={search_term_string}"},"query-input":{"@type":"PropertyValueSpecification","valueRequired":true,"valueName":"search_term_string"}}],"inLanguage":"en-US"},{"@type":"Organization","@id":"https:\/\/www.librairieclavreuil.com\/#organization","name":"Libairie Clavreuil","url":"https:\/\/www.librairieclavreuil.com\/","logo":{"@type":"ImageObject","inLanguage":"en-US","@id":"https:\/\/www.librairieclavreuil.com\/#\/schema\/logo\/image\/","url":"https:\/\/www.librairieclavreuil.com\/wp-content\/uploads\/2021\/06\/cropped-LOGO_PNG_DATE-_gold-512x512-1.png","contentUrl":"https:\/\/www.librairieclavreuil.com\/wp-content\/uploads\/2021\/06\/cropped-LOGO_PNG_DATE-_gold-512x512-1.png","width":512,"height":512,"caption":"Libairie Clavreuil"},"image":{"@id":"https:\/\/www.librairieclavreuil.com\/#\/schema\/logo\/image\/"},"sameAs":["https:\/\/www.instagram.com\/librairieclavreuil\/"]}]}},"jetpack_sharing_enabled":true,"_links":{"self":[{"href":"https:\/\/www.librairieclavreuil.com\/en\/wp-json\/wp\/v2\/product\/88213","targetHints":{"allow":["GET"]}}],"collection":[{"href":"https:\/\/www.librairieclavreuil.com\/en\/wp-json\/wp\/v2\/product"}],"about":[{"href":"https:\/\/www.librairieclavreuil.com\/en\/wp-json\/wp\/v2\/types\/product"}],"replies":[{"embeddable":true,"href":"https:\/\/www.librairieclavreuil.com\/en\/wp-json\/wp\/v2\/comments?post=88213"}],"wp:featuredmedia":[{"embeddable":true,"href":"https:\/\/www.librairieclavreuil.com\/en\/wp-json\/wp\/v2\/media\/88208"}],"wp:attachment":[{"href":"https:\/\/www.librairieclavreuil.com\/en\/wp-json\/wp\/v2\/media?parent=88213"}],"wp:term":[{"taxonomy":"product_brand","embeddable":true,"href":"https:\/\/www.librairieclavreuil.com\/en\/wp-json\/wp\/v2\/product_brand?post=88213"},{"taxonomy":"product_cat","embeddable":true,"href":"https:\/\/www.librairieclavreuil.com\/en\/wp-json\/wp\/v2\/product_cat?post=88213"},{"taxonomy":"product_tag","embeddable":true,"href":"https:\/\/www.librairieclavreuil.com\/en\/wp-json\/wp\/v2\/product_tag?post=88213"}],"curies":[{"name":"wp","href":"https:\/\/api.w.org\/{rel}","templated":true}]}}