{"id":88195,"date":"2025-09-30T16:53:21","date_gmt":"2025-09-30T14:53:21","guid":{"rendered":"https:\/\/www.librairieclavreuil.com\/gaspard-gregoire-explication-des-ceremonies-de-la-fete-dieu-daix-en-provence-ornee-de-figures-du-lieutenant-de-prince-damour-du-roi-batonniers-de-la-bazoche-de-labbe-de-la-ville\/"},"modified":"2025-10-01T18:28:28","modified_gmt":"2025-10-01T16:28:28","slug":"gaspard-gregoire-explication-des-ceremonies-de-la-fete-dieu-daix-en-provence-ornee-de-figures-du-lieutenant-de-prince-damour-du-roi-batonniers-de-la-bazoche-de-labbe-de-la-ville","status":"publish","type":"product","link":"https:\/\/www.librairieclavreuil.com\/en\/gaspard-gregoire-explication-des-ceremonies-de-la-fete-dieu-daix-en-provence-ornee-de-figures-du-lieutenant-de-prince-damour-du-roi-batonniers-de-la-bazoche-de-labbe-de-la-ville\/","title":{"rendered":"GASPARD Gr\u00e9goire Explication des c\u00e9r\u00e9monies de la F\u00eate-Dieu..."},"content":{"rendered":"<p style=\"text-align:justify\"><i>Ruggieri, 614 ; Cohen, 367 ; Vinet 819 ; Lipperheide sl-20.<\/i><\/p>\n<p style=\"text-align:justify\">First edition of this charming f\u00eate book.<\/p>\n<p style=\"text-align:justify\">Illustrated with a portrait of King Ren\u00e9 and 13 fold-out plates, including one of music, the others depicting processions, costumes, floats, etc. These images were drawn and engraved by Paul and Gaspard Gr\u00e9goire.<\/p>\n<p style=\"text-align:justify\">The Corpus Christi ceremonies were suspended by the Revolution in 1789 and were not resumed until 1803, under the mayorship of M. Sallier, when they were celebrated with great pomp by Monseigneur Champion de Cic\u00e9.<\/p>\n<p style=\"text-align:justify\">Bookplate of Henri Van den Block (Bruxelles) on the back cover.<\/p>\n<p style=\"text-align:justify\">A fine, complete copy.<\/p>\n","protected":false},"excerpt":{"rendered":"<p>12mo (162 x 93 mm) title, 220 pp. Contemporary polished calf, triple gilt filet on covers, spine gilt with raised bands, red edges.<\/p>\n","protected":false},"featured_media":88184,"comment_status":"open","ping_status":"closed","template":"","meta":{"_acf_changed":false},"product_brand":[],"product_cat":[544],"product_tag":[1240,1245,1450,1215],"class_list":{"0":"post-88195","1":"product","2":"type-product","3":"status-publish","4":"has-post-thumbnail","6":"product_cat-literature","7":"product_tag-18th-century-illustrations","8":"product_tag-18th-century-literature","9":"product_tag-first-edition","10":"product_tag-regionalism","11":"pa_auteur-gaspard-gregoire-2","12":"pa_type-de-livre-printed-book","14":"first","15":"instock","16":"shipping-taxable","17":"purchasable","18":"product-type-simple"},"acf":{"artist":" Gr\u00e9goire GASPARD","chapeau":"Corpus Christi in Aix en Provence","adresse_bibliographique":"Aix, chez Esprit David, 1777","book_type":"Printed book","provenance":"","afficher_prix":""},"yoast_head":"<!-- This site is optimized with the Yoast SEO plugin v24.7 - https:\/\/yoast.com\/wordpress\/plugins\/seo\/ -->\n<title>GASPARD Gr\u00e9goire Explication des c\u00e9r\u00e9monies de la F\u00eate-Dieu d&#039;Aix en Provence, orn\u00e9e de figures du Lieutenant de prince d&#039;amour; du roi &amp; batonniers de la Bazoche; de l&#039;abb\u00e9 de la ville; &amp; des jeux des Diables, des Rascassetos, des Ap\u00f4tres, de la Reine de Saba, des Tirassons, des Chevaux-frux, &amp;c. &amp;c. &amp;c. Et des airs not\u00e9s, consacr\u00e9s \u00e0 cette f\u00eate. - Libairie Clavreuil<\/title>\n<meta name=\"robots\" content=\"index, follow, max-snippet:-1, max-image-preview:large, max-video-preview:-1\" \/>\n<link rel=\"canonical\" href=\"https:\/\/www.librairieclavreuil.com\/en\/gaspard-gregoire-explication-des-ceremonies-de-la-fete-dieu-daix-en-provence-ornee-de-figures-du-lieutenant-de-prince-damour-du-roi-batonniers-de-la-bazoche-de-labbe-de-la-ville\/\" \/>\n<meta property=\"og:locale\" content=\"en_US\" \/>\n<meta property=\"og:type\" content=\"article\" \/>\n<meta property=\"og:title\" content=\"GASPARD Gr\u00e9goire Explication des c\u00e9r\u00e9monies de la F\u00eate-Dieu d&#039;Aix en Provence, orn\u00e9e de figures du Lieutenant de prince d&#039;amour; du roi &amp; batonniers de la Bazoche; de l&#039;abb\u00e9 de la ville; &amp; des jeux des Diables, des Rascassetos, des Ap\u00f4tres, de la Reine de Saba, des Tirassons, des Chevaux-frux, &amp;c. &amp;c. &amp;c. Et des airs not\u00e9s, consacr\u00e9s \u00e0 cette f\u00eate. - Libairie Clavreuil\" \/>\n<meta property=\"og:description\" content=\"12mo (162 x 93 mm) title, 220 pp. Contemporary polished calf, triple gilt filet on covers, spine gilt with raised bands, red edges.\" \/>\n<meta property=\"og:url\" content=\"https:\/\/www.librairieclavreuil.com\/en\/gaspard-gregoire-explication-des-ceremonies-de-la-fete-dieu-daix-en-provence-ornee-de-figures-du-lieutenant-de-prince-damour-du-roi-batonniers-de-la-bazoche-de-labbe-de-la-ville\/\" \/>\n<meta property=\"og:site_name\" content=\"Libairie Clavreuil\" \/>\n<meta property=\"article:modified_time\" content=\"2025-10-01T16:28:28+00:00\" \/>\n<meta property=\"og:image\" content=\"https:\/\/www.librairieclavreuil.com\/wp-content\/uploads\/2025\/09\/gregoire-gaspard-explication-des-ceremonies-de-la-fete-dieu-d-aix-en-provence-ornee-de-figures-du-lieutenant-de-prince-d-amour-du-roi-batonniers-de-la.jpg\" \/>\n\t<meta property=\"og:image:width\" content=\"515\" \/>\n\t<meta property=\"og:image:height\" content=\"800\" \/>\n\t<meta property=\"og:image:type\" content=\"image\/jpeg\" \/>\n<meta name=\"twitter:card\" content=\"summary_large_image\" \/>\n<script type=\"application\/ld+json\" class=\"yoast-schema-graph\">{\"@context\":\"https:\/\/schema.org\",\"@graph\":[{\"@type\":\"WebPage\",\"@id\":\"https:\/\/www.librairieclavreuil.com\/en\/gaspard-gregoire-explication-des-ceremonies-de-la-fete-dieu-daix-en-provence-ornee-de-figures-du-lieutenant-de-prince-damour-du-roi-batonniers-de-la-bazoche-de-labbe-de-la-ville\/\",\"url\":\"https:\/\/www.librairieclavreuil.com\/en\/gaspard-gregoire-explication-des-ceremonies-de-la-fete-dieu-daix-en-provence-ornee-de-figures-du-lieutenant-de-prince-damour-du-roi-batonniers-de-la-bazoche-de-labbe-de-la-ville\/\",\"name\":\"GASPARD Gr\u00e9goire Explication des c\u00e9r\u00e9monies de la F\u00eate-Dieu d'Aix en Provence, orn\u00e9e de figures du Lieutenant de prince d'amour; du roi &amp; batonniers de la Bazoche; de l'abb\u00e9 de la ville; &amp; des jeux des Diables, des Rascassetos, des Ap\u00f4tres, de la Reine de Saba, des Tirassons, des Chevaux-frux, &amp;c. &amp;c. &amp;c. Et des airs not\u00e9s, consacr\u00e9s \u00e0 cette f\u00eate. - Libairie Clavreuil\",\"isPartOf\":{\"@id\":\"https:\/\/www.librairieclavreuil.com\/#website\"},\"primaryImageOfPage\":{\"@id\":\"https:\/\/www.librairieclavreuil.com\/en\/gaspard-gregoire-explication-des-ceremonies-de-la-fete-dieu-daix-en-provence-ornee-de-figures-du-lieutenant-de-prince-damour-du-roi-batonniers-de-la-bazoche-de-labbe-de-la-ville\/#primaryimage\"},\"image\":{\"@id\":\"https:\/\/www.librairieclavreuil.com\/en\/gaspard-gregoire-explication-des-ceremonies-de-la-fete-dieu-daix-en-provence-ornee-de-figures-du-lieutenant-de-prince-damour-du-roi-batonniers-de-la-bazoche-de-labbe-de-la-ville\/#primaryimage\"},\"thumbnailUrl\":\"https:\/\/www.librairieclavreuil.com\/wp-content\/uploads\/2025\/09\/gregoire-gaspard-explication-des-ceremonies-de-la-fete-dieu-d-aix-en-provence-ornee-de-figures-du-lieutenant-de-prince-d-amour-du-roi-batonniers-de-la.jpg\",\"datePublished\":\"2025-09-30T14:53:21+00:00\",\"dateModified\":\"2025-10-01T16:28:28+00:00\",\"breadcrumb\":{\"@id\":\"https:\/\/www.librairieclavreuil.com\/en\/gaspard-gregoire-explication-des-ceremonies-de-la-fete-dieu-daix-en-provence-ornee-de-figures-du-lieutenant-de-prince-damour-du-roi-batonniers-de-la-bazoche-de-labbe-de-la-ville\/#breadcrumb\"},\"inLanguage\":\"en-US\",\"potentialAction\":[{\"@type\":\"ReadAction\",\"target\":[\"https:\/\/www.librairieclavreuil.com\/en\/gaspard-gregoire-explication-des-ceremonies-de-la-fete-dieu-daix-en-provence-ornee-de-figures-du-lieutenant-de-prince-damour-du-roi-batonniers-de-la-bazoche-de-labbe-de-la-ville\/\"]}]},{\"@type\":\"ImageObject\",\"inLanguage\":\"en-US\",\"@id\":\"https:\/\/www.librairieclavreuil.com\/en\/gaspard-gregoire-explication-des-ceremonies-de-la-fete-dieu-daix-en-provence-ornee-de-figures-du-lieutenant-de-prince-damour-du-roi-batonniers-de-la-bazoche-de-labbe-de-la-ville\/#primaryimage\",\"url\":\"https:\/\/www.librairieclavreuil.com\/wp-content\/uploads\/2025\/09\/gregoire-gaspard-explication-des-ceremonies-de-la-fete-dieu-d-aix-en-provence-ornee-de-figures-du-lieutenant-de-prince-d-amour-du-roi-batonniers-de-la.jpg\",\"contentUrl\":\"https:\/\/www.librairieclavreuil.com\/wp-content\/uploads\/2025\/09\/gregoire-gaspard-explication-des-ceremonies-de-la-fete-dieu-d-aix-en-provence-ornee-de-figures-du-lieutenant-de-prince-d-amour-du-roi-batonniers-de-la.jpg\",\"width\":515,\"height\":800},{\"@type\":\"BreadcrumbList\",\"@id\":\"https:\/\/www.librairieclavreuil.com\/en\/gaspard-gregoire-explication-des-ceremonies-de-la-fete-dieu-daix-en-provence-ornee-de-figures-du-lieutenant-de-prince-damour-du-roi-batonniers-de-la-bazoche-de-labbe-de-la-ville\/#breadcrumb\",\"itemListElement\":[{\"@type\":\"ListItem\",\"position\":1,\"name\":\"Accueil\",\"item\":\"https:\/\/www.librairieclavreuil.com\/\"},{\"@type\":\"ListItem\",\"position\":2,\"name\":\"All our books\",\"item\":\"https:\/\/www.librairieclavreuil.com\/en\/all-our-books\/\"},{\"@type\":\"ListItem\",\"position\":3,\"name\":\"GASPARD Gr\u00e9goire Explication des c\u00e9r\u00e9monies de la F\u00eate-Dieu...\"}]},{\"@type\":\"WebSite\",\"@id\":\"https:\/\/www.librairieclavreuil.com\/#website\",\"url\":\"https:\/\/www.librairieclavreuil.com\/\",\"name\":\"Libairie Clavreuil\",\"description\":\"Livres anciens, manuscrits rares et \u00e9ditions originales \u2013 Librairie Clavreuil\",\"publisher\":{\"@id\":\"https:\/\/www.librairieclavreuil.com\/#organization\"},\"potentialAction\":[{\"@type\":\"SearchAction\",\"target\":{\"@type\":\"EntryPoint\",\"urlTemplate\":\"https:\/\/www.librairieclavreuil.com\/?s={search_term_string}\"},\"query-input\":{\"@type\":\"PropertyValueSpecification\",\"valueRequired\":true,\"valueName\":\"search_term_string\"}}],\"inLanguage\":\"en-US\"},{\"@type\":\"Organization\",\"@id\":\"https:\/\/www.librairieclavreuil.com\/#organization\",\"name\":\"Libairie Clavreuil\",\"url\":\"https:\/\/www.librairieclavreuil.com\/\",\"logo\":{\"@type\":\"ImageObject\",\"inLanguage\":\"en-US\",\"@id\":\"https:\/\/www.librairieclavreuil.com\/#\/schema\/logo\/image\/\",\"url\":\"https:\/\/www.librairieclavreuil.com\/wp-content\/uploads\/2021\/06\/cropped-LOGO_PNG_DATE-_gold-512x512-1.png\",\"contentUrl\":\"https:\/\/www.librairieclavreuil.com\/wp-content\/uploads\/2021\/06\/cropped-LOGO_PNG_DATE-_gold-512x512-1.png\",\"width\":512,\"height\":512,\"caption\":\"Libairie Clavreuil\"},\"image\":{\"@id\":\"https:\/\/www.librairieclavreuil.com\/#\/schema\/logo\/image\/\"},\"sameAs\":[\"https:\/\/www.instagram.com\/librairieclavreuil\/\"]}]}<\/script>\n<!-- \/ Yoast SEO plugin. -->","yoast_head_json":{"title":"GASPARD Gr\u00e9goire Explication des c\u00e9r\u00e9monies de la F\u00eate-Dieu d'Aix en Provence, orn\u00e9e de figures du Lieutenant de prince d'amour; du roi &amp; batonniers de la Bazoche; de l'abb\u00e9 de la ville; &amp; des jeux des Diables, des Rascassetos, des Ap\u00f4tres, de la Reine de Saba, des Tirassons, des Chevaux-frux, &amp;c. &amp;c. &amp;c. Et des airs not\u00e9s, consacr\u00e9s \u00e0 cette f\u00eate. - Libairie Clavreuil","robots":{"index":"index","follow":"follow","max-snippet":"max-snippet:-1","max-image-preview":"max-image-preview:large","max-video-preview":"max-video-preview:-1"},"canonical":"https:\/\/www.librairieclavreuil.com\/en\/gaspard-gregoire-explication-des-ceremonies-de-la-fete-dieu-daix-en-provence-ornee-de-figures-du-lieutenant-de-prince-damour-du-roi-batonniers-de-la-bazoche-de-labbe-de-la-ville\/","og_locale":"en_US","og_type":"article","og_title":"GASPARD Gr\u00e9goire Explication des c\u00e9r\u00e9monies de la F\u00eate-Dieu d'Aix en Provence, orn\u00e9e de figures du Lieutenant de prince d'amour; du roi &amp; batonniers de la Bazoche; de l'abb\u00e9 de la ville; &amp; des jeux des Diables, des Rascassetos, des Ap\u00f4tres, de la Reine de Saba, des Tirassons, des Chevaux-frux, &amp;c. &amp;c. &amp;c. Et des airs not\u00e9s, consacr\u00e9s \u00e0 cette f\u00eate. - Libairie Clavreuil","og_description":"12mo (162 x 93 mm) title, 220 pp. Contemporary polished calf, triple gilt filet on covers, spine gilt with raised bands, red edges.","og_url":"https:\/\/www.librairieclavreuil.com\/en\/gaspard-gregoire-explication-des-ceremonies-de-la-fete-dieu-daix-en-provence-ornee-de-figures-du-lieutenant-de-prince-damour-du-roi-batonniers-de-la-bazoche-de-labbe-de-la-ville\/","og_site_name":"Libairie Clavreuil","article_modified_time":"2025-10-01T16:28:28+00:00","og_image":[{"width":515,"height":800,"url":"https:\/\/www.librairieclavreuil.com\/wp-content\/uploads\/2025\/09\/gregoire-gaspard-explication-des-ceremonies-de-la-fete-dieu-d-aix-en-provence-ornee-de-figures-du-lieutenant-de-prince-d-amour-du-roi-batonniers-de-la.jpg","type":"image\/jpeg"}],"twitter_card":"summary_large_image","schema":{"@context":"https:\/\/schema.org","@graph":[{"@type":"WebPage","@id":"https:\/\/www.librairieclavreuil.com\/en\/gaspard-gregoire-explication-des-ceremonies-de-la-fete-dieu-daix-en-provence-ornee-de-figures-du-lieutenant-de-prince-damour-du-roi-batonniers-de-la-bazoche-de-labbe-de-la-ville\/","url":"https:\/\/www.librairieclavreuil.com\/en\/gaspard-gregoire-explication-des-ceremonies-de-la-fete-dieu-daix-en-provence-ornee-de-figures-du-lieutenant-de-prince-damour-du-roi-batonniers-de-la-bazoche-de-labbe-de-la-ville\/","name":"GASPARD Gr\u00e9goire Explication des c\u00e9r\u00e9monies de la F\u00eate-Dieu d'Aix en Provence, orn\u00e9e de figures du Lieutenant de prince d'amour; du roi &amp; batonniers de la Bazoche; de l'abb\u00e9 de la ville; &amp; des jeux des Diables, des Rascassetos, des Ap\u00f4tres, de la Reine de Saba, des Tirassons, des Chevaux-frux, &amp;c. &amp;c. &amp;c. Et des airs not\u00e9s, consacr\u00e9s \u00e0 cette f\u00eate. - Libairie Clavreuil","isPartOf":{"@id":"https:\/\/www.librairieclavreuil.com\/#website"},"primaryImageOfPage":{"@id":"https:\/\/www.librairieclavreuil.com\/en\/gaspard-gregoire-explication-des-ceremonies-de-la-fete-dieu-daix-en-provence-ornee-de-figures-du-lieutenant-de-prince-damour-du-roi-batonniers-de-la-bazoche-de-labbe-de-la-ville\/#primaryimage"},"image":{"@id":"https:\/\/www.librairieclavreuil.com\/en\/gaspard-gregoire-explication-des-ceremonies-de-la-fete-dieu-daix-en-provence-ornee-de-figures-du-lieutenant-de-prince-damour-du-roi-batonniers-de-la-bazoche-de-labbe-de-la-ville\/#primaryimage"},"thumbnailUrl":"https:\/\/www.librairieclavreuil.com\/wp-content\/uploads\/2025\/09\/gregoire-gaspard-explication-des-ceremonies-de-la-fete-dieu-d-aix-en-provence-ornee-de-figures-du-lieutenant-de-prince-d-amour-du-roi-batonniers-de-la.jpg","datePublished":"2025-09-30T14:53:21+00:00","dateModified":"2025-10-01T16:28:28+00:00","breadcrumb":{"@id":"https:\/\/www.librairieclavreuil.com\/en\/gaspard-gregoire-explication-des-ceremonies-de-la-fete-dieu-daix-en-provence-ornee-de-figures-du-lieutenant-de-prince-damour-du-roi-batonniers-de-la-bazoche-de-labbe-de-la-ville\/#breadcrumb"},"inLanguage":"en-US","potentialAction":[{"@type":"ReadAction","target":["https:\/\/www.librairieclavreuil.com\/en\/gaspard-gregoire-explication-des-ceremonies-de-la-fete-dieu-daix-en-provence-ornee-de-figures-du-lieutenant-de-prince-damour-du-roi-batonniers-de-la-bazoche-de-labbe-de-la-ville\/"]}]},{"@type":"ImageObject","inLanguage":"en-US","@id":"https:\/\/www.librairieclavreuil.com\/en\/gaspard-gregoire-explication-des-ceremonies-de-la-fete-dieu-daix-en-provence-ornee-de-figures-du-lieutenant-de-prince-damour-du-roi-batonniers-de-la-bazoche-de-labbe-de-la-ville\/#primaryimage","url":"https:\/\/www.librairieclavreuil.com\/wp-content\/uploads\/2025\/09\/gregoire-gaspard-explication-des-ceremonies-de-la-fete-dieu-d-aix-en-provence-ornee-de-figures-du-lieutenant-de-prince-d-amour-du-roi-batonniers-de-la.jpg","contentUrl":"https:\/\/www.librairieclavreuil.com\/wp-content\/uploads\/2025\/09\/gregoire-gaspard-explication-des-ceremonies-de-la-fete-dieu-d-aix-en-provence-ornee-de-figures-du-lieutenant-de-prince-d-amour-du-roi-batonniers-de-la.jpg","width":515,"height":800},{"@type":"BreadcrumbList","@id":"https:\/\/www.librairieclavreuil.com\/en\/gaspard-gregoire-explication-des-ceremonies-de-la-fete-dieu-daix-en-provence-ornee-de-figures-du-lieutenant-de-prince-damour-du-roi-batonniers-de-la-bazoche-de-labbe-de-la-ville\/#breadcrumb","itemListElement":[{"@type":"ListItem","position":1,"name":"Accueil","item":"https:\/\/www.librairieclavreuil.com\/"},{"@type":"ListItem","position":2,"name":"All our books","item":"https:\/\/www.librairieclavreuil.com\/en\/all-our-books\/"},{"@type":"ListItem","position":3,"name":"GASPARD Gr\u00e9goire Explication des c\u00e9r\u00e9monies de la F\u00eate-Dieu..."}]},{"@type":"WebSite","@id":"https:\/\/www.librairieclavreuil.com\/#website","url":"https:\/\/www.librairieclavreuil.com\/","name":"Libairie Clavreuil","description":"Livres anciens, manuscrits rares et \u00e9ditions originales \u2013 Librairie Clavreuil","publisher":{"@id":"https:\/\/www.librairieclavreuil.com\/#organization"},"potentialAction":[{"@type":"SearchAction","target":{"@type":"EntryPoint","urlTemplate":"https:\/\/www.librairieclavreuil.com\/?s={search_term_string}"},"query-input":{"@type":"PropertyValueSpecification","valueRequired":true,"valueName":"search_term_string"}}],"inLanguage":"en-US"},{"@type":"Organization","@id":"https:\/\/www.librairieclavreuil.com\/#organization","name":"Libairie Clavreuil","url":"https:\/\/www.librairieclavreuil.com\/","logo":{"@type":"ImageObject","inLanguage":"en-US","@id":"https:\/\/www.librairieclavreuil.com\/#\/schema\/logo\/image\/","url":"https:\/\/www.librairieclavreuil.com\/wp-content\/uploads\/2021\/06\/cropped-LOGO_PNG_DATE-_gold-512x512-1.png","contentUrl":"https:\/\/www.librairieclavreuil.com\/wp-content\/uploads\/2021\/06\/cropped-LOGO_PNG_DATE-_gold-512x512-1.png","width":512,"height":512,"caption":"Libairie Clavreuil"},"image":{"@id":"https:\/\/www.librairieclavreuil.com\/#\/schema\/logo\/image\/"},"sameAs":["https:\/\/www.instagram.com\/librairieclavreuil\/"]}]}},"jetpack_sharing_enabled":true,"_links":{"self":[{"href":"https:\/\/www.librairieclavreuil.com\/en\/wp-json\/wp\/v2\/product\/88195","targetHints":{"allow":["GET"]}}],"collection":[{"href":"https:\/\/www.librairieclavreuil.com\/en\/wp-json\/wp\/v2\/product"}],"about":[{"href":"https:\/\/www.librairieclavreuil.com\/en\/wp-json\/wp\/v2\/types\/product"}],"replies":[{"embeddable":true,"href":"https:\/\/www.librairieclavreuil.com\/en\/wp-json\/wp\/v2\/comments?post=88195"}],"wp:featuredmedia":[{"embeddable":true,"href":"https:\/\/www.librairieclavreuil.com\/en\/wp-json\/wp\/v2\/media\/88184"}],"wp:attachment":[{"href":"https:\/\/www.librairieclavreuil.com\/en\/wp-json\/wp\/v2\/media?parent=88195"}],"wp:term":[{"taxonomy":"product_brand","embeddable":true,"href":"https:\/\/www.librairieclavreuil.com\/en\/wp-json\/wp\/v2\/product_brand?post=88195"},{"taxonomy":"product_cat","embeddable":true,"href":"https:\/\/www.librairieclavreuil.com\/en\/wp-json\/wp\/v2\/product_cat?post=88195"},{"taxonomy":"product_tag","embeddable":true,"href":"https:\/\/www.librairieclavreuil.com\/en\/wp-json\/wp\/v2\/product_tag?post=88195"}],"curies":[{"name":"wp","href":"https:\/\/api.w.org\/{rel}","templated":true}]}}