{"id":88155,"date":"2025-09-25T17:47:43","date_gmt":"2025-09-25T15:47:43","guid":{"rendered":"https:\/\/www.librairieclavreuil.com\/malezieu-nicolas-de-elemens-de-geometrie-de-monseigneur-le-duc-de-bourgogne\/"},"modified":"2025-09-25T17:47:48","modified_gmt":"2025-09-25T15:47:48","slug":"malezieu-nicolas-de-elemens-de-geometrie-de-monseigneur-le-duc-de-bourgogne","status":"publish","type":"product","link":"https:\/\/www.librairieclavreuil.com\/en\/malezieu-nicolas-de-elemens-de-geometrie-de-monseigneur-le-duc-de-bourgogne\/","title":{"rendered":"MALEZIEU Nicolas de Elemens de G\u00e9om\u00e9trie de Monseigneur..."},"content":{"rendered":"<p style=\"text-align:justify\">First edition.<\/p>\n<p>Nicolas de Malezieu (1650-1727) was tutor to the Duke of Maine and mathematics teacher to the Duke of Burgundy. According to the preface, this work was written in the prince himself, under the supervision of his tutor.<\/p>\n<p>The second part is entitled: &#8220;Probl\u00e8mes d&#8217;arithm\u00e9tique et de g\u00e9om\u00e9trie, R\u00e9solus par la Sp\u00e9cieuse, pour en conno\u00eetre l&#8217;utilit\u00e9&#8221;.<\/p>\n<p style=\"text-align:justify\">Nice copy despite worn corners and missing part at headpiece.&nbsp;<\/p>\n","protected":false},"excerpt":{"rendered":"<p>4to (250 x 181 mm) 12unn.l, 190 pp., 30 pp. Marbled calf, gilt spine with raised band, crowned dolphin roll at tailpiece (<i>contemporary binding<\/i>).<\/p>\n","protected":false},"featured_media":88150,"comment_status":"open","ping_status":"closed","template":"","meta":{"_acf_changed":false},"product_brand":[],"product_cat":[550],"product_tag":[1450,1331,1330],"class_list":{"0":"post-88155","1":"product","2":"type-product","3":"status-publish","4":"has-post-thumbnail","6":"product_cat-science","7":"product_tag-first-edition","8":"product_tag-geometry","9":"product_tag-mathematics","10":"pa_auteur-malezieu-nicolas-de-2","11":"pa_type-de-livre-printed-book","13":"first","14":"instock","15":"shipping-taxable","16":"purchasable","17":"product-type-simple"},"acf":{"artist":" Nicolas de MALEZIEU","chapeau":"","adresse_bibliographique":"Paris, Jean Boudot, 1705","book_type":"Printed book","provenance":"","afficher_prix":""},"yoast_head":"<!-- This site is optimized with the Yoast SEO plugin v24.7 - https:\/\/yoast.com\/wordpress\/plugins\/seo\/ -->\n<title>MALEZIEU Nicolas de Elemens de G\u00e9om\u00e9trie de Monseigneur le duc de Bourgogne. - Libairie Clavreuil<\/title>\n<meta name=\"robots\" content=\"index, follow, max-snippet:-1, max-image-preview:large, max-video-preview:-1\" \/>\n<link rel=\"canonical\" href=\"https:\/\/www.librairieclavreuil.com\/en\/malezieu-nicolas-de-elemens-de-geometrie-de-monseigneur-le-duc-de-bourgogne\/\" \/>\n<meta property=\"og:locale\" content=\"en_US\" \/>\n<meta property=\"og:type\" content=\"article\" \/>\n<meta property=\"og:title\" content=\"MALEZIEU Nicolas de Elemens de G\u00e9om\u00e9trie de Monseigneur le duc de Bourgogne. - Libairie Clavreuil\" \/>\n<meta property=\"og:description\" content=\"4to (250 x 181 mm) 12unn.l, 190 pp., 30 pp. Marbled calf, gilt spine with raised band, crowned dolphin roll at tailpiece (contemporary binding).\" \/>\n<meta property=\"og:url\" content=\"https:\/\/www.librairieclavreuil.com\/en\/malezieu-nicolas-de-elemens-de-geometrie-de-monseigneur-le-duc-de-bourgogne\/\" \/>\n<meta property=\"og:site_name\" content=\"Libairie Clavreuil\" \/>\n<meta property=\"article:modified_time\" content=\"2025-09-25T15:47:48+00:00\" \/>\n<meta property=\"og:image\" content=\"https:\/\/www.librairieclavreuil.com\/wp-content\/uploads\/2025\/09\/nicolas-de-malezieu-elemens-de-geometrie-de-monseigneur-le-duc-de-bourgogne-2094-657c28995f46a.jpg\" \/>\n\t<meta property=\"og:image:width\" content=\"600\" \/>\n\t<meta property=\"og:image:height\" content=\"800\" \/>\n\t<meta property=\"og:image:type\" content=\"image\/jpeg\" \/>\n<meta name=\"twitter:card\" content=\"summary_large_image\" \/>\n<script type=\"application\/ld+json\" class=\"yoast-schema-graph\">{\"@context\":\"https:\/\/schema.org\",\"@graph\":[{\"@type\":\"WebPage\",\"@id\":\"https:\/\/www.librairieclavreuil.com\/en\/malezieu-nicolas-de-elemens-de-geometrie-de-monseigneur-le-duc-de-bourgogne\/\",\"url\":\"https:\/\/www.librairieclavreuil.com\/en\/malezieu-nicolas-de-elemens-de-geometrie-de-monseigneur-le-duc-de-bourgogne\/\",\"name\":\"MALEZIEU Nicolas de Elemens de G\u00e9om\u00e9trie de Monseigneur le duc de Bourgogne. - Libairie Clavreuil\",\"isPartOf\":{\"@id\":\"https:\/\/www.librairieclavreuil.com\/#website\"},\"primaryImageOfPage\":{\"@id\":\"https:\/\/www.librairieclavreuil.com\/en\/malezieu-nicolas-de-elemens-de-geometrie-de-monseigneur-le-duc-de-bourgogne\/#primaryimage\"},\"image\":{\"@id\":\"https:\/\/www.librairieclavreuil.com\/en\/malezieu-nicolas-de-elemens-de-geometrie-de-monseigneur-le-duc-de-bourgogne\/#primaryimage\"},\"thumbnailUrl\":\"https:\/\/www.librairieclavreuil.com\/wp-content\/uploads\/2025\/09\/nicolas-de-malezieu-elemens-de-geometrie-de-monseigneur-le-duc-de-bourgogne-2094-657c28995f46a.jpg\",\"datePublished\":\"2025-09-25T15:47:43+00:00\",\"dateModified\":\"2025-09-25T15:47:48+00:00\",\"breadcrumb\":{\"@id\":\"https:\/\/www.librairieclavreuil.com\/en\/malezieu-nicolas-de-elemens-de-geometrie-de-monseigneur-le-duc-de-bourgogne\/#breadcrumb\"},\"inLanguage\":\"en-US\",\"potentialAction\":[{\"@type\":\"ReadAction\",\"target\":[\"https:\/\/www.librairieclavreuil.com\/en\/malezieu-nicolas-de-elemens-de-geometrie-de-monseigneur-le-duc-de-bourgogne\/\"]}]},{\"@type\":\"ImageObject\",\"inLanguage\":\"en-US\",\"@id\":\"https:\/\/www.librairieclavreuil.com\/en\/malezieu-nicolas-de-elemens-de-geometrie-de-monseigneur-le-duc-de-bourgogne\/#primaryimage\",\"url\":\"https:\/\/www.librairieclavreuil.com\/wp-content\/uploads\/2025\/09\/nicolas-de-malezieu-elemens-de-geometrie-de-monseigneur-le-duc-de-bourgogne-2094-657c28995f46a.jpg\",\"contentUrl\":\"https:\/\/www.librairieclavreuil.com\/wp-content\/uploads\/2025\/09\/nicolas-de-malezieu-elemens-de-geometrie-de-monseigneur-le-duc-de-bourgogne-2094-657c28995f46a.jpg\",\"width\":600,\"height\":800},{\"@type\":\"BreadcrumbList\",\"@id\":\"https:\/\/www.librairieclavreuil.com\/en\/malezieu-nicolas-de-elemens-de-geometrie-de-monseigneur-le-duc-de-bourgogne\/#breadcrumb\",\"itemListElement\":[{\"@type\":\"ListItem\",\"position\":1,\"name\":\"Accueil\",\"item\":\"https:\/\/www.librairieclavreuil.com\/\"},{\"@type\":\"ListItem\",\"position\":2,\"name\":\"All our books\",\"item\":\"https:\/\/www.librairieclavreuil.com\/en\/all-our-books\/\"},{\"@type\":\"ListItem\",\"position\":3,\"name\":\"MALEZIEU Nicolas de Elemens de G\u00e9om\u00e9trie de Monseigneur...\"}]},{\"@type\":\"WebSite\",\"@id\":\"https:\/\/www.librairieclavreuil.com\/#website\",\"url\":\"https:\/\/www.librairieclavreuil.com\/\",\"name\":\"Libairie Clavreuil\",\"description\":\"Livres anciens, manuscrits rares et \u00e9ditions originales \u2013 Librairie Clavreuil\",\"publisher\":{\"@id\":\"https:\/\/www.librairieclavreuil.com\/#organization\"},\"potentialAction\":[{\"@type\":\"SearchAction\",\"target\":{\"@type\":\"EntryPoint\",\"urlTemplate\":\"https:\/\/www.librairieclavreuil.com\/?s={search_term_string}\"},\"query-input\":{\"@type\":\"PropertyValueSpecification\",\"valueRequired\":true,\"valueName\":\"search_term_string\"}}],\"inLanguage\":\"en-US\"},{\"@type\":\"Organization\",\"@id\":\"https:\/\/www.librairieclavreuil.com\/#organization\",\"name\":\"Libairie Clavreuil\",\"url\":\"https:\/\/www.librairieclavreuil.com\/\",\"logo\":{\"@type\":\"ImageObject\",\"inLanguage\":\"en-US\",\"@id\":\"https:\/\/www.librairieclavreuil.com\/#\/schema\/logo\/image\/\",\"url\":\"https:\/\/www.librairieclavreuil.com\/wp-content\/uploads\/2021\/06\/cropped-LOGO_PNG_DATE-_gold-512x512-1.png\",\"contentUrl\":\"https:\/\/www.librairieclavreuil.com\/wp-content\/uploads\/2021\/06\/cropped-LOGO_PNG_DATE-_gold-512x512-1.png\",\"width\":512,\"height\":512,\"caption\":\"Libairie Clavreuil\"},\"image\":{\"@id\":\"https:\/\/www.librairieclavreuil.com\/#\/schema\/logo\/image\/\"},\"sameAs\":[\"https:\/\/www.instagram.com\/librairieclavreuil\/\"]}]}<\/script>\n<!-- \/ Yoast SEO plugin. -->","yoast_head_json":{"title":"MALEZIEU Nicolas de Elemens de G\u00e9om\u00e9trie de Monseigneur le duc de Bourgogne. - Libairie Clavreuil","robots":{"index":"index","follow":"follow","max-snippet":"max-snippet:-1","max-image-preview":"max-image-preview:large","max-video-preview":"max-video-preview:-1"},"canonical":"https:\/\/www.librairieclavreuil.com\/en\/malezieu-nicolas-de-elemens-de-geometrie-de-monseigneur-le-duc-de-bourgogne\/","og_locale":"en_US","og_type":"article","og_title":"MALEZIEU Nicolas de Elemens de G\u00e9om\u00e9trie de Monseigneur le duc de Bourgogne. - Libairie Clavreuil","og_description":"4to (250 x 181 mm) 12unn.l, 190 pp., 30 pp. Marbled calf, gilt spine with raised band, crowned dolphin roll at tailpiece (contemporary binding).","og_url":"https:\/\/www.librairieclavreuil.com\/en\/malezieu-nicolas-de-elemens-de-geometrie-de-monseigneur-le-duc-de-bourgogne\/","og_site_name":"Libairie Clavreuil","article_modified_time":"2025-09-25T15:47:48+00:00","og_image":[{"width":600,"height":800,"url":"https:\/\/www.librairieclavreuil.com\/wp-content\/uploads\/2025\/09\/nicolas-de-malezieu-elemens-de-geometrie-de-monseigneur-le-duc-de-bourgogne-2094-657c28995f46a.jpg","type":"image\/jpeg"}],"twitter_card":"summary_large_image","schema":{"@context":"https:\/\/schema.org","@graph":[{"@type":"WebPage","@id":"https:\/\/www.librairieclavreuil.com\/en\/malezieu-nicolas-de-elemens-de-geometrie-de-monseigneur-le-duc-de-bourgogne\/","url":"https:\/\/www.librairieclavreuil.com\/en\/malezieu-nicolas-de-elemens-de-geometrie-de-monseigneur-le-duc-de-bourgogne\/","name":"MALEZIEU Nicolas de Elemens de G\u00e9om\u00e9trie de Monseigneur le duc de Bourgogne. - Libairie Clavreuil","isPartOf":{"@id":"https:\/\/www.librairieclavreuil.com\/#website"},"primaryImageOfPage":{"@id":"https:\/\/www.librairieclavreuil.com\/en\/malezieu-nicolas-de-elemens-de-geometrie-de-monseigneur-le-duc-de-bourgogne\/#primaryimage"},"image":{"@id":"https:\/\/www.librairieclavreuil.com\/en\/malezieu-nicolas-de-elemens-de-geometrie-de-monseigneur-le-duc-de-bourgogne\/#primaryimage"},"thumbnailUrl":"https:\/\/www.librairieclavreuil.com\/wp-content\/uploads\/2025\/09\/nicolas-de-malezieu-elemens-de-geometrie-de-monseigneur-le-duc-de-bourgogne-2094-657c28995f46a.jpg","datePublished":"2025-09-25T15:47:43+00:00","dateModified":"2025-09-25T15:47:48+00:00","breadcrumb":{"@id":"https:\/\/www.librairieclavreuil.com\/en\/malezieu-nicolas-de-elemens-de-geometrie-de-monseigneur-le-duc-de-bourgogne\/#breadcrumb"},"inLanguage":"en-US","potentialAction":[{"@type":"ReadAction","target":["https:\/\/www.librairieclavreuil.com\/en\/malezieu-nicolas-de-elemens-de-geometrie-de-monseigneur-le-duc-de-bourgogne\/"]}]},{"@type":"ImageObject","inLanguage":"en-US","@id":"https:\/\/www.librairieclavreuil.com\/en\/malezieu-nicolas-de-elemens-de-geometrie-de-monseigneur-le-duc-de-bourgogne\/#primaryimage","url":"https:\/\/www.librairieclavreuil.com\/wp-content\/uploads\/2025\/09\/nicolas-de-malezieu-elemens-de-geometrie-de-monseigneur-le-duc-de-bourgogne-2094-657c28995f46a.jpg","contentUrl":"https:\/\/www.librairieclavreuil.com\/wp-content\/uploads\/2025\/09\/nicolas-de-malezieu-elemens-de-geometrie-de-monseigneur-le-duc-de-bourgogne-2094-657c28995f46a.jpg","width":600,"height":800},{"@type":"BreadcrumbList","@id":"https:\/\/www.librairieclavreuil.com\/en\/malezieu-nicolas-de-elemens-de-geometrie-de-monseigneur-le-duc-de-bourgogne\/#breadcrumb","itemListElement":[{"@type":"ListItem","position":1,"name":"Accueil","item":"https:\/\/www.librairieclavreuil.com\/"},{"@type":"ListItem","position":2,"name":"All our books","item":"https:\/\/www.librairieclavreuil.com\/en\/all-our-books\/"},{"@type":"ListItem","position":3,"name":"MALEZIEU Nicolas de Elemens de G\u00e9om\u00e9trie de Monseigneur..."}]},{"@type":"WebSite","@id":"https:\/\/www.librairieclavreuil.com\/#website","url":"https:\/\/www.librairieclavreuil.com\/","name":"Libairie Clavreuil","description":"Livres anciens, manuscrits rares et \u00e9ditions originales \u2013 Librairie Clavreuil","publisher":{"@id":"https:\/\/www.librairieclavreuil.com\/#organization"},"potentialAction":[{"@type":"SearchAction","target":{"@type":"EntryPoint","urlTemplate":"https:\/\/www.librairieclavreuil.com\/?s={search_term_string}"},"query-input":{"@type":"PropertyValueSpecification","valueRequired":true,"valueName":"search_term_string"}}],"inLanguage":"en-US"},{"@type":"Organization","@id":"https:\/\/www.librairieclavreuil.com\/#organization","name":"Libairie Clavreuil","url":"https:\/\/www.librairieclavreuil.com\/","logo":{"@type":"ImageObject","inLanguage":"en-US","@id":"https:\/\/www.librairieclavreuil.com\/#\/schema\/logo\/image\/","url":"https:\/\/www.librairieclavreuil.com\/wp-content\/uploads\/2021\/06\/cropped-LOGO_PNG_DATE-_gold-512x512-1.png","contentUrl":"https:\/\/www.librairieclavreuil.com\/wp-content\/uploads\/2021\/06\/cropped-LOGO_PNG_DATE-_gold-512x512-1.png","width":512,"height":512,"caption":"Libairie Clavreuil"},"image":{"@id":"https:\/\/www.librairieclavreuil.com\/#\/schema\/logo\/image\/"},"sameAs":["https:\/\/www.instagram.com\/librairieclavreuil\/"]}]}},"jetpack_sharing_enabled":true,"_links":{"self":[{"href":"https:\/\/www.librairieclavreuil.com\/en\/wp-json\/wp\/v2\/product\/88155","targetHints":{"allow":["GET"]}}],"collection":[{"href":"https:\/\/www.librairieclavreuil.com\/en\/wp-json\/wp\/v2\/product"}],"about":[{"href":"https:\/\/www.librairieclavreuil.com\/en\/wp-json\/wp\/v2\/types\/product"}],"replies":[{"embeddable":true,"href":"https:\/\/www.librairieclavreuil.com\/en\/wp-json\/wp\/v2\/comments?post=88155"}],"wp:featuredmedia":[{"embeddable":true,"href":"https:\/\/www.librairieclavreuil.com\/en\/wp-json\/wp\/v2\/media\/88150"}],"wp:attachment":[{"href":"https:\/\/www.librairieclavreuil.com\/en\/wp-json\/wp\/v2\/media?parent=88155"}],"wp:term":[{"taxonomy":"product_brand","embeddable":true,"href":"https:\/\/www.librairieclavreuil.com\/en\/wp-json\/wp\/v2\/product_brand?post=88155"},{"taxonomy":"product_cat","embeddable":true,"href":"https:\/\/www.librairieclavreuil.com\/en\/wp-json\/wp\/v2\/product_cat?post=88155"},{"taxonomy":"product_tag","embeddable":true,"href":"https:\/\/www.librairieclavreuil.com\/en\/wp-json\/wp\/v2\/product_tag?post=88155"}],"curies":[{"name":"wp","href":"https:\/\/api.w.org\/{rel}","templated":true}]}}