{"id":88141,"date":"2025-09-25T17:47:15","date_gmt":"2025-09-25T15:47:15","guid":{"rendered":"https:\/\/www.librairieclavreuil.com\/cournot-augustin-de-lorigine-et-des-limites-de-la-correspondance-entre-lalgebre-et-la-geometrie\/"},"modified":"2025-09-25T17:47:21","modified_gmt":"2025-09-25T15:47:21","slug":"cournot-augustin-de-lorigine-et-des-limites-de-la-correspondance-entre-lalgebre-et-la-geometrie","status":"publish","type":"product","link":"https:\/\/www.librairieclavreuil.com\/en\/cournot-augustin-de-lorigine-et-des-limites-de-la-correspondance-entre-lalgebre-et-la-geometrie\/","title":{"rendered":"COURNOT Augustin De l&#8217;origine et des limites de..."},"content":{"rendered":"<p style=\"text-align:justify\"><i>DSB, III, 450-54 ; Poggendorff, III, 306.<\/i><\/p>\n<p style=\"text-align:justify\">First edition.<\/p>\n<p style=\"text-align:justify\">Antoine Augustin Cournot (1801-1877), mathematician and economist, was one of the first to formulate a model of supply and demand. His ideas on economics had a major influence on L\u00e9on Walras.<\/p>\n<p style=\"text-align:justify\">&#8220;Lorsqu&#8217;on soumet au calcul alg\u00e9brique des questions de g\u00e9om\u00e9trie, il arrive tant\u00f4t que l&#8217;alg\u00e8bre et la g\u00e9om\u00e9trie s&#8217;accordent, tant\u00f4t qu&#8217;elles ne s&#8217;accordent pas, j&#8217;ai voulu soumettre ces particularit\u00e9s d&#8217;accord ou de d\u00e9saccord \u00e0 une coordination logique, \u00e0 une explication r\u00e9guli\u00e8re&#8221; (Avertissement).<\/p>\n","protected":false},"excerpt":{"rendered":"<p>8vo (205 x 127 mm) VIII and 399 pp., 3 folding plates. Green sheep, flat spine gilt (<i>contemporary binding<\/i>).<\/p>\n","protected":false},"featured_media":88136,"comment_status":"open","ping_status":"closed","template":"","meta":{"_acf_changed":false},"product_brand":[],"product_cat":[550],"product_tag":[947,1450,1331,1330],"class_list":{"0":"post-88141","1":"product","2":"type-product","3":"status-publish","4":"has-post-thumbnail","6":"product_cat-science","7":"product_tag-algebra","8":"product_tag-first-edition","9":"product_tag-geometry","10":"product_tag-mathematics","11":"pa_auteur-cournot-augustin-2","12":"pa_type-de-livre-printed-book","14":"first","15":"instock","16":"shipping-taxable","17":"purchasable","18":"product-type-simple"},"acf":{"artist":" Augustin COURNOT","chapeau":"Cournot, the precursor of Walras","adresse_bibliographique":"Paris & Alger, Hachette, 1847","book_type":"Printed book","provenance":"","afficher_prix":""},"yoast_head":"<!-- This site is optimized with the Yoast SEO plugin v24.7 - https:\/\/yoast.com\/wordpress\/plugins\/seo\/ -->\n<title>COURNOT Augustin De l&#039;origine et des limites de la correspondance entre l&#039;alg\u00e8bre et la g\u00e9om\u00e9trie. - Libairie Clavreuil<\/title>\n<meta name=\"robots\" content=\"index, follow, max-snippet:-1, max-image-preview:large, max-video-preview:-1\" \/>\n<link rel=\"canonical\" href=\"https:\/\/www.librairieclavreuil.com\/en\/cournot-augustin-de-lorigine-et-des-limites-de-la-correspondance-entre-lalgebre-et-la-geometrie\/\" \/>\n<meta property=\"og:locale\" content=\"en_US\" \/>\n<meta property=\"og:type\" content=\"article\" \/>\n<meta property=\"og:title\" content=\"COURNOT Augustin De l&#039;origine et des limites de la correspondance entre l&#039;alg\u00e8bre et la g\u00e9om\u00e9trie. - Libairie Clavreuil\" \/>\n<meta property=\"og:description\" content=\"8vo (205 x 127 mm) VIII and 399 pp., 3 folding plates. Green sheep, flat spine gilt (contemporary binding).\" \/>\n<meta property=\"og:url\" content=\"https:\/\/www.librairieclavreuil.com\/en\/cournot-augustin-de-lorigine-et-des-limites-de-la-correspondance-entre-lalgebre-et-la-geometrie\/\" \/>\n<meta property=\"og:site_name\" content=\"Libairie Clavreuil\" \/>\n<meta property=\"article:modified_time\" content=\"2025-09-25T15:47:21+00:00\" \/>\n<meta property=\"og:image\" content=\"https:\/\/www.librairieclavreuil.com\/wp-content\/uploads\/2025\/09\/augustin-cournot-de-l-origine-et-des-limites-de-la-correspondance-entre-l-algebre-et-la-geometrie-2482-657c24f86838d.jpg\" \/>\n\t<meta property=\"og:image:width\" content=\"600\" \/>\n\t<meta property=\"og:image:height\" content=\"800\" \/>\n\t<meta property=\"og:image:type\" content=\"image\/jpeg\" \/>\n<meta name=\"twitter:card\" content=\"summary_large_image\" \/>\n<script type=\"application\/ld+json\" class=\"yoast-schema-graph\">{\"@context\":\"https:\/\/schema.org\",\"@graph\":[{\"@type\":\"WebPage\",\"@id\":\"https:\/\/www.librairieclavreuil.com\/en\/cournot-augustin-de-lorigine-et-des-limites-de-la-correspondance-entre-lalgebre-et-la-geometrie\/\",\"url\":\"https:\/\/www.librairieclavreuil.com\/en\/cournot-augustin-de-lorigine-et-des-limites-de-la-correspondance-entre-lalgebre-et-la-geometrie\/\",\"name\":\"COURNOT Augustin De l'origine et des limites de la correspondance entre l'alg\u00e8bre et la g\u00e9om\u00e9trie. - Libairie Clavreuil\",\"isPartOf\":{\"@id\":\"https:\/\/www.librairieclavreuil.com\/#website\"},\"primaryImageOfPage\":{\"@id\":\"https:\/\/www.librairieclavreuil.com\/en\/cournot-augustin-de-lorigine-et-des-limites-de-la-correspondance-entre-lalgebre-et-la-geometrie\/#primaryimage\"},\"image\":{\"@id\":\"https:\/\/www.librairieclavreuil.com\/en\/cournot-augustin-de-lorigine-et-des-limites-de-la-correspondance-entre-lalgebre-et-la-geometrie\/#primaryimage\"},\"thumbnailUrl\":\"https:\/\/www.librairieclavreuil.com\/wp-content\/uploads\/2025\/09\/augustin-cournot-de-l-origine-et-des-limites-de-la-correspondance-entre-l-algebre-et-la-geometrie-2482-657c24f86838d.jpg\",\"datePublished\":\"2025-09-25T15:47:15+00:00\",\"dateModified\":\"2025-09-25T15:47:21+00:00\",\"breadcrumb\":{\"@id\":\"https:\/\/www.librairieclavreuil.com\/en\/cournot-augustin-de-lorigine-et-des-limites-de-la-correspondance-entre-lalgebre-et-la-geometrie\/#breadcrumb\"},\"inLanguage\":\"en-US\",\"potentialAction\":[{\"@type\":\"ReadAction\",\"target\":[\"https:\/\/www.librairieclavreuil.com\/en\/cournot-augustin-de-lorigine-et-des-limites-de-la-correspondance-entre-lalgebre-et-la-geometrie\/\"]}]},{\"@type\":\"ImageObject\",\"inLanguage\":\"en-US\",\"@id\":\"https:\/\/www.librairieclavreuil.com\/en\/cournot-augustin-de-lorigine-et-des-limites-de-la-correspondance-entre-lalgebre-et-la-geometrie\/#primaryimage\",\"url\":\"https:\/\/www.librairieclavreuil.com\/wp-content\/uploads\/2025\/09\/augustin-cournot-de-l-origine-et-des-limites-de-la-correspondance-entre-l-algebre-et-la-geometrie-2482-657c24f86838d.jpg\",\"contentUrl\":\"https:\/\/www.librairieclavreuil.com\/wp-content\/uploads\/2025\/09\/augustin-cournot-de-l-origine-et-des-limites-de-la-correspondance-entre-l-algebre-et-la-geometrie-2482-657c24f86838d.jpg\",\"width\":600,\"height\":800},{\"@type\":\"BreadcrumbList\",\"@id\":\"https:\/\/www.librairieclavreuil.com\/en\/cournot-augustin-de-lorigine-et-des-limites-de-la-correspondance-entre-lalgebre-et-la-geometrie\/#breadcrumb\",\"itemListElement\":[{\"@type\":\"ListItem\",\"position\":1,\"name\":\"Accueil\",\"item\":\"https:\/\/www.librairieclavreuil.com\/\"},{\"@type\":\"ListItem\",\"position\":2,\"name\":\"All our books\",\"item\":\"https:\/\/www.librairieclavreuil.com\/en\/all-our-books\/\"},{\"@type\":\"ListItem\",\"position\":3,\"name\":\"COURNOT Augustin De l&rsquo;origine et des limites de...\"}]},{\"@type\":\"WebSite\",\"@id\":\"https:\/\/www.librairieclavreuil.com\/#website\",\"url\":\"https:\/\/www.librairieclavreuil.com\/\",\"name\":\"Libairie Clavreuil\",\"description\":\"Livres anciens, manuscrits rares et \u00e9ditions originales \u2013 Librairie Clavreuil\",\"publisher\":{\"@id\":\"https:\/\/www.librairieclavreuil.com\/#organization\"},\"potentialAction\":[{\"@type\":\"SearchAction\",\"target\":{\"@type\":\"EntryPoint\",\"urlTemplate\":\"https:\/\/www.librairieclavreuil.com\/?s={search_term_string}\"},\"query-input\":{\"@type\":\"PropertyValueSpecification\",\"valueRequired\":true,\"valueName\":\"search_term_string\"}}],\"inLanguage\":\"en-US\"},{\"@type\":\"Organization\",\"@id\":\"https:\/\/www.librairieclavreuil.com\/#organization\",\"name\":\"Libairie Clavreuil\",\"url\":\"https:\/\/www.librairieclavreuil.com\/\",\"logo\":{\"@type\":\"ImageObject\",\"inLanguage\":\"en-US\",\"@id\":\"https:\/\/www.librairieclavreuil.com\/#\/schema\/logo\/image\/\",\"url\":\"https:\/\/www.librairieclavreuil.com\/wp-content\/uploads\/2021\/06\/cropped-LOGO_PNG_DATE-_gold-512x512-1.png\",\"contentUrl\":\"https:\/\/www.librairieclavreuil.com\/wp-content\/uploads\/2021\/06\/cropped-LOGO_PNG_DATE-_gold-512x512-1.png\",\"width\":512,\"height\":512,\"caption\":\"Libairie Clavreuil\"},\"image\":{\"@id\":\"https:\/\/www.librairieclavreuil.com\/#\/schema\/logo\/image\/\"},\"sameAs\":[\"https:\/\/www.instagram.com\/librairieclavreuil\/\"]}]}<\/script>\n<!-- \/ Yoast SEO plugin. -->","yoast_head_json":{"title":"COURNOT Augustin De l'origine et des limites de la correspondance entre l'alg\u00e8bre et la g\u00e9om\u00e9trie. - Libairie Clavreuil","robots":{"index":"index","follow":"follow","max-snippet":"max-snippet:-1","max-image-preview":"max-image-preview:large","max-video-preview":"max-video-preview:-1"},"canonical":"https:\/\/www.librairieclavreuil.com\/en\/cournot-augustin-de-lorigine-et-des-limites-de-la-correspondance-entre-lalgebre-et-la-geometrie\/","og_locale":"en_US","og_type":"article","og_title":"COURNOT Augustin De l'origine et des limites de la correspondance entre l'alg\u00e8bre et la g\u00e9om\u00e9trie. - Libairie Clavreuil","og_description":"8vo (205 x 127 mm) VIII and 399 pp., 3 folding plates. Green sheep, flat spine gilt (contemporary binding).","og_url":"https:\/\/www.librairieclavreuil.com\/en\/cournot-augustin-de-lorigine-et-des-limites-de-la-correspondance-entre-lalgebre-et-la-geometrie\/","og_site_name":"Libairie Clavreuil","article_modified_time":"2025-09-25T15:47:21+00:00","og_image":[{"width":600,"height":800,"url":"https:\/\/www.librairieclavreuil.com\/wp-content\/uploads\/2025\/09\/augustin-cournot-de-l-origine-et-des-limites-de-la-correspondance-entre-l-algebre-et-la-geometrie-2482-657c24f86838d.jpg","type":"image\/jpeg"}],"twitter_card":"summary_large_image","schema":{"@context":"https:\/\/schema.org","@graph":[{"@type":"WebPage","@id":"https:\/\/www.librairieclavreuil.com\/en\/cournot-augustin-de-lorigine-et-des-limites-de-la-correspondance-entre-lalgebre-et-la-geometrie\/","url":"https:\/\/www.librairieclavreuil.com\/en\/cournot-augustin-de-lorigine-et-des-limites-de-la-correspondance-entre-lalgebre-et-la-geometrie\/","name":"COURNOT Augustin De l'origine et des limites de la correspondance entre l'alg\u00e8bre et la g\u00e9om\u00e9trie. - Libairie Clavreuil","isPartOf":{"@id":"https:\/\/www.librairieclavreuil.com\/#website"},"primaryImageOfPage":{"@id":"https:\/\/www.librairieclavreuil.com\/en\/cournot-augustin-de-lorigine-et-des-limites-de-la-correspondance-entre-lalgebre-et-la-geometrie\/#primaryimage"},"image":{"@id":"https:\/\/www.librairieclavreuil.com\/en\/cournot-augustin-de-lorigine-et-des-limites-de-la-correspondance-entre-lalgebre-et-la-geometrie\/#primaryimage"},"thumbnailUrl":"https:\/\/www.librairieclavreuil.com\/wp-content\/uploads\/2025\/09\/augustin-cournot-de-l-origine-et-des-limites-de-la-correspondance-entre-l-algebre-et-la-geometrie-2482-657c24f86838d.jpg","datePublished":"2025-09-25T15:47:15+00:00","dateModified":"2025-09-25T15:47:21+00:00","breadcrumb":{"@id":"https:\/\/www.librairieclavreuil.com\/en\/cournot-augustin-de-lorigine-et-des-limites-de-la-correspondance-entre-lalgebre-et-la-geometrie\/#breadcrumb"},"inLanguage":"en-US","potentialAction":[{"@type":"ReadAction","target":["https:\/\/www.librairieclavreuil.com\/en\/cournot-augustin-de-lorigine-et-des-limites-de-la-correspondance-entre-lalgebre-et-la-geometrie\/"]}]},{"@type":"ImageObject","inLanguage":"en-US","@id":"https:\/\/www.librairieclavreuil.com\/en\/cournot-augustin-de-lorigine-et-des-limites-de-la-correspondance-entre-lalgebre-et-la-geometrie\/#primaryimage","url":"https:\/\/www.librairieclavreuil.com\/wp-content\/uploads\/2025\/09\/augustin-cournot-de-l-origine-et-des-limites-de-la-correspondance-entre-l-algebre-et-la-geometrie-2482-657c24f86838d.jpg","contentUrl":"https:\/\/www.librairieclavreuil.com\/wp-content\/uploads\/2025\/09\/augustin-cournot-de-l-origine-et-des-limites-de-la-correspondance-entre-l-algebre-et-la-geometrie-2482-657c24f86838d.jpg","width":600,"height":800},{"@type":"BreadcrumbList","@id":"https:\/\/www.librairieclavreuil.com\/en\/cournot-augustin-de-lorigine-et-des-limites-de-la-correspondance-entre-lalgebre-et-la-geometrie\/#breadcrumb","itemListElement":[{"@type":"ListItem","position":1,"name":"Accueil","item":"https:\/\/www.librairieclavreuil.com\/"},{"@type":"ListItem","position":2,"name":"All our books","item":"https:\/\/www.librairieclavreuil.com\/en\/all-our-books\/"},{"@type":"ListItem","position":3,"name":"COURNOT Augustin De l&rsquo;origine et des limites de..."}]},{"@type":"WebSite","@id":"https:\/\/www.librairieclavreuil.com\/#website","url":"https:\/\/www.librairieclavreuil.com\/","name":"Libairie Clavreuil","description":"Livres anciens, manuscrits rares et \u00e9ditions originales \u2013 Librairie Clavreuil","publisher":{"@id":"https:\/\/www.librairieclavreuil.com\/#organization"},"potentialAction":[{"@type":"SearchAction","target":{"@type":"EntryPoint","urlTemplate":"https:\/\/www.librairieclavreuil.com\/?s={search_term_string}"},"query-input":{"@type":"PropertyValueSpecification","valueRequired":true,"valueName":"search_term_string"}}],"inLanguage":"en-US"},{"@type":"Organization","@id":"https:\/\/www.librairieclavreuil.com\/#organization","name":"Libairie Clavreuil","url":"https:\/\/www.librairieclavreuil.com\/","logo":{"@type":"ImageObject","inLanguage":"en-US","@id":"https:\/\/www.librairieclavreuil.com\/#\/schema\/logo\/image\/","url":"https:\/\/www.librairieclavreuil.com\/wp-content\/uploads\/2021\/06\/cropped-LOGO_PNG_DATE-_gold-512x512-1.png","contentUrl":"https:\/\/www.librairieclavreuil.com\/wp-content\/uploads\/2021\/06\/cropped-LOGO_PNG_DATE-_gold-512x512-1.png","width":512,"height":512,"caption":"Libairie Clavreuil"},"image":{"@id":"https:\/\/www.librairieclavreuil.com\/#\/schema\/logo\/image\/"},"sameAs":["https:\/\/www.instagram.com\/librairieclavreuil\/"]}]}},"jetpack_sharing_enabled":true,"_links":{"self":[{"href":"https:\/\/www.librairieclavreuil.com\/en\/wp-json\/wp\/v2\/product\/88141","targetHints":{"allow":["GET"]}}],"collection":[{"href":"https:\/\/www.librairieclavreuil.com\/en\/wp-json\/wp\/v2\/product"}],"about":[{"href":"https:\/\/www.librairieclavreuil.com\/en\/wp-json\/wp\/v2\/types\/product"}],"replies":[{"embeddable":true,"href":"https:\/\/www.librairieclavreuil.com\/en\/wp-json\/wp\/v2\/comments?post=88141"}],"wp:featuredmedia":[{"embeddable":true,"href":"https:\/\/www.librairieclavreuil.com\/en\/wp-json\/wp\/v2\/media\/88136"}],"wp:attachment":[{"href":"https:\/\/www.librairieclavreuil.com\/en\/wp-json\/wp\/v2\/media?parent=88141"}],"wp:term":[{"taxonomy":"product_brand","embeddable":true,"href":"https:\/\/www.librairieclavreuil.com\/en\/wp-json\/wp\/v2\/product_brand?post=88141"},{"taxonomy":"product_cat","embeddable":true,"href":"https:\/\/www.librairieclavreuil.com\/en\/wp-json\/wp\/v2\/product_cat?post=88141"},{"taxonomy":"product_tag","embeddable":true,"href":"https:\/\/www.librairieclavreuil.com\/en\/wp-json\/wp\/v2\/product_tag?post=88141"}],"curies":[{"name":"wp","href":"https:\/\/api.w.org\/{rel}","templated":true}]}}