{"id":88101,"date":"2025-09-25T17:45:57","date_gmt":"2025-09-25T15:45:57","guid":{"rendered":"https:\/\/www.librairieclavreuil.com\/hoffmann-frederic-observations-physiques-et-chymiques-dans-lesquelles-on-trouve-beaucoup-dexperiences-curieuses-qui-servent-a-etablir-une-chymie-solide-et-raisonnee\/"},"modified":"2025-09-25T17:46:04","modified_gmt":"2025-09-25T15:46:04","slug":"hoffmann-frederic-observations-physiques-et-chymiques-dans-lesquelles-on-trouve-beaucoup-dexperiences-curieuses-qui-servent-a-etablir-une-chymie-solide-et-raisonnee","status":"publish","type":"product","link":"https:\/\/www.librairieclavreuil.com\/en\/hoffmann-frederic-observations-physiques-et-chymiques-dans-lesquelles-on-trouve-beaucoup-dexperiences-curieuses-qui-servent-a-etablir-une-chymie-solide-et-raisonnee\/","title":{"rendered":"HOFFMANN Fr\u00e9d\u00e9ric Observations physiques et chymiques, dans lesquelles..."},"content":{"rendered":"<p style=\"text-align:justify\">Translated from Latin by&nbsp;Puiseux.<\/p>\n<p style=\"text-align:justify\">Hoffmann (1660-1740) was First Physician to the King of Prussia and taught medicine, chemistry and anatomy at the University of Hall.<\/p>\n<p style=\"text-align:justify\">&#8220;This work contains the author&#8217;s most important chemical works. Hoffmann opposed the iatrochemical views of Sylvius and Tachenius. He invented \u2018Hoffman\u2019s Anodyne\u2019 still in use in the British Pharmacopoeia. Hoffmann&#8217;s experimental investigations were largely concerned with the examination of mineral waters and he did much towards perfecting the analytical methods of his time&#8221; (Duveen).<\/p>\n<p style=\"text-align:justify\">Nice copy.<\/p>\n","protected":false},"excerpt":{"rendered":"<p>2 volumes 12mo (166 x 95 mm). Contemporary marbled calf, gilt spine with raised bands.<\/p>\n","protected":false},"featured_media":88096,"comment_status":"open","ping_status":"closed","template":"","meta":{"_acf_changed":false},"product_brand":[],"product_cat":[550],"product_tag":[1324,1326,1339,1335],"class_list":{"0":"post-88101","1":"product","2":"type-product","3":"status-publish","4":"has-post-thumbnail","6":"product_cat-science","7":"product_tag-chemistry","8":"product_tag-general-chemistry","9":"product_tag-general-physics","10":"product_tag-physics","11":"pa_auteur-hoffmann-frederic-2","12":"pa_type-de-livre-printed-book","14":"first","15":"instock","16":"shipping-taxable","17":"purchasable","18":"product-type-simple"},"acf":{"artist":" Fr\u00e9d\u00e9ric HOFFMANN","chapeau":"","adresse_bibliographique":"Paris, Briasson, 1754","book_type":"Printed book","provenance":"","afficher_prix":""},"yoast_head":"<!-- This site is optimized with the Yoast SEO plugin v24.7 - https:\/\/yoast.com\/wordpress\/plugins\/seo\/ -->\n<title>HOFFMANN Fr\u00e9d\u00e9ric Observations physiques et chymiques, dans lesquelles on trouve beaucoup d&#039;Exp\u00e9riences curieuses... qui servent \u00e0 \u00e9tablir une chymie solide et raisonn\u00e9e. - Libairie Clavreuil<\/title>\n<meta name=\"robots\" content=\"index, follow, max-snippet:-1, max-image-preview:large, max-video-preview:-1\" \/>\n<link rel=\"canonical\" href=\"https:\/\/www.librairieclavreuil.com\/en\/hoffmann-frederic-observations-physiques-et-chymiques-dans-lesquelles-on-trouve-beaucoup-dexperiences-curieuses-qui-servent-a-etablir-une-chymie-solide-et-raisonnee\/\" \/>\n<meta property=\"og:locale\" content=\"en_US\" \/>\n<meta property=\"og:type\" content=\"article\" \/>\n<meta property=\"og:title\" content=\"HOFFMANN Fr\u00e9d\u00e9ric Observations physiques et chymiques, dans lesquelles on trouve beaucoup d&#039;Exp\u00e9riences curieuses... qui servent \u00e0 \u00e9tablir une chymie solide et raisonn\u00e9e. - Libairie Clavreuil\" \/>\n<meta property=\"og:description\" content=\"2 volumes 12mo (166 x 95 mm). Contemporary marbled calf, gilt spine with raised bands.\" \/>\n<meta property=\"og:url\" content=\"https:\/\/www.librairieclavreuil.com\/en\/hoffmann-frederic-observations-physiques-et-chymiques-dans-lesquelles-on-trouve-beaucoup-dexperiences-curieuses-qui-servent-a-etablir-une-chymie-solide-et-raisonnee\/\" \/>\n<meta property=\"og:site_name\" content=\"Libairie Clavreuil\" \/>\n<meta property=\"article:modified_time\" content=\"2025-09-25T15:46:04+00:00\" \/>\n<meta property=\"og:image\" content=\"https:\/\/www.librairieclavreuil.com\/wp-content\/uploads\/2025\/09\/frederic-hoffmann-observations-physiques-et-chymiques-dans-lesquelles-on-trouve-beaucoup-d-experiences-curieuses-qui-servent-a-etablir-une-chymie-soli.jpg\" \/>\n\t<meta property=\"og:image:width\" content=\"600\" \/>\n\t<meta property=\"og:image:height\" content=\"800\" \/>\n\t<meta property=\"og:image:type\" content=\"image\/jpeg\" \/>\n<meta name=\"twitter:card\" content=\"summary_large_image\" \/>\n<script type=\"application\/ld+json\" class=\"yoast-schema-graph\">{\"@context\":\"https:\/\/schema.org\",\"@graph\":[{\"@type\":\"WebPage\",\"@id\":\"https:\/\/www.librairieclavreuil.com\/en\/hoffmann-frederic-observations-physiques-et-chymiques-dans-lesquelles-on-trouve-beaucoup-dexperiences-curieuses-qui-servent-a-etablir-une-chymie-solide-et-raisonnee\/\",\"url\":\"https:\/\/www.librairieclavreuil.com\/en\/hoffmann-frederic-observations-physiques-et-chymiques-dans-lesquelles-on-trouve-beaucoup-dexperiences-curieuses-qui-servent-a-etablir-une-chymie-solide-et-raisonnee\/\",\"name\":\"HOFFMANN Fr\u00e9d\u00e9ric Observations physiques et chymiques, dans lesquelles on trouve beaucoup d'Exp\u00e9riences curieuses... qui servent \u00e0 \u00e9tablir une chymie solide et raisonn\u00e9e. - Libairie Clavreuil\",\"isPartOf\":{\"@id\":\"https:\/\/www.librairieclavreuil.com\/#website\"},\"primaryImageOfPage\":{\"@id\":\"https:\/\/www.librairieclavreuil.com\/en\/hoffmann-frederic-observations-physiques-et-chymiques-dans-lesquelles-on-trouve-beaucoup-dexperiences-curieuses-qui-servent-a-etablir-une-chymie-solide-et-raisonnee\/#primaryimage\"},\"image\":{\"@id\":\"https:\/\/www.librairieclavreuil.com\/en\/hoffmann-frederic-observations-physiques-et-chymiques-dans-lesquelles-on-trouve-beaucoup-dexperiences-curieuses-qui-servent-a-etablir-une-chymie-solide-et-raisonnee\/#primaryimage\"},\"thumbnailUrl\":\"https:\/\/www.librairieclavreuil.com\/wp-content\/uploads\/2025\/09\/frederic-hoffmann-observations-physiques-et-chymiques-dans-lesquelles-on-trouve-beaucoup-d-experiences-curieuses-qui-servent-a-etablir-une-chymie-soli.jpg\",\"datePublished\":\"2025-09-25T15:45:57+00:00\",\"dateModified\":\"2025-09-25T15:46:04+00:00\",\"breadcrumb\":{\"@id\":\"https:\/\/www.librairieclavreuil.com\/en\/hoffmann-frederic-observations-physiques-et-chymiques-dans-lesquelles-on-trouve-beaucoup-dexperiences-curieuses-qui-servent-a-etablir-une-chymie-solide-et-raisonnee\/#breadcrumb\"},\"inLanguage\":\"en-US\",\"potentialAction\":[{\"@type\":\"ReadAction\",\"target\":[\"https:\/\/www.librairieclavreuil.com\/en\/hoffmann-frederic-observations-physiques-et-chymiques-dans-lesquelles-on-trouve-beaucoup-dexperiences-curieuses-qui-servent-a-etablir-une-chymie-solide-et-raisonnee\/\"]}]},{\"@type\":\"ImageObject\",\"inLanguage\":\"en-US\",\"@id\":\"https:\/\/www.librairieclavreuil.com\/en\/hoffmann-frederic-observations-physiques-et-chymiques-dans-lesquelles-on-trouve-beaucoup-dexperiences-curieuses-qui-servent-a-etablir-une-chymie-solide-et-raisonnee\/#primaryimage\",\"url\":\"https:\/\/www.librairieclavreuil.com\/wp-content\/uploads\/2025\/09\/frederic-hoffmann-observations-physiques-et-chymiques-dans-lesquelles-on-trouve-beaucoup-d-experiences-curieuses-qui-servent-a-etablir-une-chymie-soli.jpg\",\"contentUrl\":\"https:\/\/www.librairieclavreuil.com\/wp-content\/uploads\/2025\/09\/frederic-hoffmann-observations-physiques-et-chymiques-dans-lesquelles-on-trouve-beaucoup-d-experiences-curieuses-qui-servent-a-etablir-une-chymie-soli.jpg\",\"width\":600,\"height\":800},{\"@type\":\"BreadcrumbList\",\"@id\":\"https:\/\/www.librairieclavreuil.com\/en\/hoffmann-frederic-observations-physiques-et-chymiques-dans-lesquelles-on-trouve-beaucoup-dexperiences-curieuses-qui-servent-a-etablir-une-chymie-solide-et-raisonnee\/#breadcrumb\",\"itemListElement\":[{\"@type\":\"ListItem\",\"position\":1,\"name\":\"Accueil\",\"item\":\"https:\/\/www.librairieclavreuil.com\/\"},{\"@type\":\"ListItem\",\"position\":2,\"name\":\"All our books\",\"item\":\"https:\/\/www.librairieclavreuil.com\/en\/all-our-books\/\"},{\"@type\":\"ListItem\",\"position\":3,\"name\":\"HOFFMANN Fr\u00e9d\u00e9ric Observations physiques et chymiques, dans lesquelles...\"}]},{\"@type\":\"WebSite\",\"@id\":\"https:\/\/www.librairieclavreuil.com\/#website\",\"url\":\"https:\/\/www.librairieclavreuil.com\/\",\"name\":\"Libairie Clavreuil\",\"description\":\"Livres anciens, manuscrits rares et \u00e9ditions originales \u2013 Librairie Clavreuil\",\"publisher\":{\"@id\":\"https:\/\/www.librairieclavreuil.com\/#organization\"},\"potentialAction\":[{\"@type\":\"SearchAction\",\"target\":{\"@type\":\"EntryPoint\",\"urlTemplate\":\"https:\/\/www.librairieclavreuil.com\/?s={search_term_string}\"},\"query-input\":{\"@type\":\"PropertyValueSpecification\",\"valueRequired\":true,\"valueName\":\"search_term_string\"}}],\"inLanguage\":\"en-US\"},{\"@type\":\"Organization\",\"@id\":\"https:\/\/www.librairieclavreuil.com\/#organization\",\"name\":\"Libairie Clavreuil\",\"url\":\"https:\/\/www.librairieclavreuil.com\/\",\"logo\":{\"@type\":\"ImageObject\",\"inLanguage\":\"en-US\",\"@id\":\"https:\/\/www.librairieclavreuil.com\/#\/schema\/logo\/image\/\",\"url\":\"https:\/\/www.librairieclavreuil.com\/wp-content\/uploads\/2021\/06\/cropped-LOGO_PNG_DATE-_gold-512x512-1.png\",\"contentUrl\":\"https:\/\/www.librairieclavreuil.com\/wp-content\/uploads\/2021\/06\/cropped-LOGO_PNG_DATE-_gold-512x512-1.png\",\"width\":512,\"height\":512,\"caption\":\"Libairie Clavreuil\"},\"image\":{\"@id\":\"https:\/\/www.librairieclavreuil.com\/#\/schema\/logo\/image\/\"},\"sameAs\":[\"https:\/\/www.instagram.com\/librairieclavreuil\/\"]}]}<\/script>\n<!-- \/ Yoast SEO plugin. -->","yoast_head_json":{"title":"HOFFMANN Fr\u00e9d\u00e9ric Observations physiques et chymiques, dans lesquelles on trouve beaucoup d'Exp\u00e9riences curieuses... qui servent \u00e0 \u00e9tablir une chymie solide et raisonn\u00e9e. - Libairie Clavreuil","robots":{"index":"index","follow":"follow","max-snippet":"max-snippet:-1","max-image-preview":"max-image-preview:large","max-video-preview":"max-video-preview:-1"},"canonical":"https:\/\/www.librairieclavreuil.com\/en\/hoffmann-frederic-observations-physiques-et-chymiques-dans-lesquelles-on-trouve-beaucoup-dexperiences-curieuses-qui-servent-a-etablir-une-chymie-solide-et-raisonnee\/","og_locale":"en_US","og_type":"article","og_title":"HOFFMANN Fr\u00e9d\u00e9ric Observations physiques et chymiques, dans lesquelles on trouve beaucoup d'Exp\u00e9riences curieuses... qui servent \u00e0 \u00e9tablir une chymie solide et raisonn\u00e9e. - Libairie Clavreuil","og_description":"2 volumes 12mo (166 x 95 mm). Contemporary marbled calf, gilt spine with raised bands.","og_url":"https:\/\/www.librairieclavreuil.com\/en\/hoffmann-frederic-observations-physiques-et-chymiques-dans-lesquelles-on-trouve-beaucoup-dexperiences-curieuses-qui-servent-a-etablir-une-chymie-solide-et-raisonnee\/","og_site_name":"Libairie Clavreuil","article_modified_time":"2025-09-25T15:46:04+00:00","og_image":[{"width":600,"height":800,"url":"https:\/\/www.librairieclavreuil.com\/wp-content\/uploads\/2025\/09\/frederic-hoffmann-observations-physiques-et-chymiques-dans-lesquelles-on-trouve-beaucoup-d-experiences-curieuses-qui-servent-a-etablir-une-chymie-soli.jpg","type":"image\/jpeg"}],"twitter_card":"summary_large_image","schema":{"@context":"https:\/\/schema.org","@graph":[{"@type":"WebPage","@id":"https:\/\/www.librairieclavreuil.com\/en\/hoffmann-frederic-observations-physiques-et-chymiques-dans-lesquelles-on-trouve-beaucoup-dexperiences-curieuses-qui-servent-a-etablir-une-chymie-solide-et-raisonnee\/","url":"https:\/\/www.librairieclavreuil.com\/en\/hoffmann-frederic-observations-physiques-et-chymiques-dans-lesquelles-on-trouve-beaucoup-dexperiences-curieuses-qui-servent-a-etablir-une-chymie-solide-et-raisonnee\/","name":"HOFFMANN Fr\u00e9d\u00e9ric Observations physiques et chymiques, dans lesquelles on trouve beaucoup d'Exp\u00e9riences curieuses... qui servent \u00e0 \u00e9tablir une chymie solide et raisonn\u00e9e. - Libairie Clavreuil","isPartOf":{"@id":"https:\/\/www.librairieclavreuil.com\/#website"},"primaryImageOfPage":{"@id":"https:\/\/www.librairieclavreuil.com\/en\/hoffmann-frederic-observations-physiques-et-chymiques-dans-lesquelles-on-trouve-beaucoup-dexperiences-curieuses-qui-servent-a-etablir-une-chymie-solide-et-raisonnee\/#primaryimage"},"image":{"@id":"https:\/\/www.librairieclavreuil.com\/en\/hoffmann-frederic-observations-physiques-et-chymiques-dans-lesquelles-on-trouve-beaucoup-dexperiences-curieuses-qui-servent-a-etablir-une-chymie-solide-et-raisonnee\/#primaryimage"},"thumbnailUrl":"https:\/\/www.librairieclavreuil.com\/wp-content\/uploads\/2025\/09\/frederic-hoffmann-observations-physiques-et-chymiques-dans-lesquelles-on-trouve-beaucoup-d-experiences-curieuses-qui-servent-a-etablir-une-chymie-soli.jpg","datePublished":"2025-09-25T15:45:57+00:00","dateModified":"2025-09-25T15:46:04+00:00","breadcrumb":{"@id":"https:\/\/www.librairieclavreuil.com\/en\/hoffmann-frederic-observations-physiques-et-chymiques-dans-lesquelles-on-trouve-beaucoup-dexperiences-curieuses-qui-servent-a-etablir-une-chymie-solide-et-raisonnee\/#breadcrumb"},"inLanguage":"en-US","potentialAction":[{"@type":"ReadAction","target":["https:\/\/www.librairieclavreuil.com\/en\/hoffmann-frederic-observations-physiques-et-chymiques-dans-lesquelles-on-trouve-beaucoup-dexperiences-curieuses-qui-servent-a-etablir-une-chymie-solide-et-raisonnee\/"]}]},{"@type":"ImageObject","inLanguage":"en-US","@id":"https:\/\/www.librairieclavreuil.com\/en\/hoffmann-frederic-observations-physiques-et-chymiques-dans-lesquelles-on-trouve-beaucoup-dexperiences-curieuses-qui-servent-a-etablir-une-chymie-solide-et-raisonnee\/#primaryimage","url":"https:\/\/www.librairieclavreuil.com\/wp-content\/uploads\/2025\/09\/frederic-hoffmann-observations-physiques-et-chymiques-dans-lesquelles-on-trouve-beaucoup-d-experiences-curieuses-qui-servent-a-etablir-une-chymie-soli.jpg","contentUrl":"https:\/\/www.librairieclavreuil.com\/wp-content\/uploads\/2025\/09\/frederic-hoffmann-observations-physiques-et-chymiques-dans-lesquelles-on-trouve-beaucoup-d-experiences-curieuses-qui-servent-a-etablir-une-chymie-soli.jpg","width":600,"height":800},{"@type":"BreadcrumbList","@id":"https:\/\/www.librairieclavreuil.com\/en\/hoffmann-frederic-observations-physiques-et-chymiques-dans-lesquelles-on-trouve-beaucoup-dexperiences-curieuses-qui-servent-a-etablir-une-chymie-solide-et-raisonnee\/#breadcrumb","itemListElement":[{"@type":"ListItem","position":1,"name":"Accueil","item":"https:\/\/www.librairieclavreuil.com\/"},{"@type":"ListItem","position":2,"name":"All our books","item":"https:\/\/www.librairieclavreuil.com\/en\/all-our-books\/"},{"@type":"ListItem","position":3,"name":"HOFFMANN Fr\u00e9d\u00e9ric Observations physiques et chymiques, dans lesquelles..."}]},{"@type":"WebSite","@id":"https:\/\/www.librairieclavreuil.com\/#website","url":"https:\/\/www.librairieclavreuil.com\/","name":"Libairie Clavreuil","description":"Livres anciens, manuscrits rares et \u00e9ditions originales \u2013 Librairie Clavreuil","publisher":{"@id":"https:\/\/www.librairieclavreuil.com\/#organization"},"potentialAction":[{"@type":"SearchAction","target":{"@type":"EntryPoint","urlTemplate":"https:\/\/www.librairieclavreuil.com\/?s={search_term_string}"},"query-input":{"@type":"PropertyValueSpecification","valueRequired":true,"valueName":"search_term_string"}}],"inLanguage":"en-US"},{"@type":"Organization","@id":"https:\/\/www.librairieclavreuil.com\/#organization","name":"Libairie Clavreuil","url":"https:\/\/www.librairieclavreuil.com\/","logo":{"@type":"ImageObject","inLanguage":"en-US","@id":"https:\/\/www.librairieclavreuil.com\/#\/schema\/logo\/image\/","url":"https:\/\/www.librairieclavreuil.com\/wp-content\/uploads\/2021\/06\/cropped-LOGO_PNG_DATE-_gold-512x512-1.png","contentUrl":"https:\/\/www.librairieclavreuil.com\/wp-content\/uploads\/2021\/06\/cropped-LOGO_PNG_DATE-_gold-512x512-1.png","width":512,"height":512,"caption":"Libairie Clavreuil"},"image":{"@id":"https:\/\/www.librairieclavreuil.com\/#\/schema\/logo\/image\/"},"sameAs":["https:\/\/www.instagram.com\/librairieclavreuil\/"]}]}},"jetpack_sharing_enabled":true,"_links":{"self":[{"href":"https:\/\/www.librairieclavreuil.com\/en\/wp-json\/wp\/v2\/product\/88101","targetHints":{"allow":["GET"]}}],"collection":[{"href":"https:\/\/www.librairieclavreuil.com\/en\/wp-json\/wp\/v2\/product"}],"about":[{"href":"https:\/\/www.librairieclavreuil.com\/en\/wp-json\/wp\/v2\/types\/product"}],"replies":[{"embeddable":true,"href":"https:\/\/www.librairieclavreuil.com\/en\/wp-json\/wp\/v2\/comments?post=88101"}],"wp:featuredmedia":[{"embeddable":true,"href":"https:\/\/www.librairieclavreuil.com\/en\/wp-json\/wp\/v2\/media\/88096"}],"wp:attachment":[{"href":"https:\/\/www.librairieclavreuil.com\/en\/wp-json\/wp\/v2\/media?parent=88101"}],"wp:term":[{"taxonomy":"product_brand","embeddable":true,"href":"https:\/\/www.librairieclavreuil.com\/en\/wp-json\/wp\/v2\/product_brand?post=88101"},{"taxonomy":"product_cat","embeddable":true,"href":"https:\/\/www.librairieclavreuil.com\/en\/wp-json\/wp\/v2\/product_cat?post=88101"},{"taxonomy":"product_tag","embeddable":true,"href":"https:\/\/www.librairieclavreuil.com\/en\/wp-json\/wp\/v2\/product_tag?post=88101"}],"curies":[{"name":"wp","href":"https:\/\/api.w.org\/{rel}","templated":true}]}}