{"id":88069,"date":"2025-09-25T17:37:38","date_gmt":"2025-09-25T15:37:38","guid":{"rendered":"https:\/\/www.librairieclavreuil.com\/nollet-jean-antoine-abbe-lettres-sur-lelectricite-dans-lesquelles-on-examine-les-dernieres-decouvertes-qui-ont-ete-faites-sur-cette-matiere-les-consequences-que-lon-en-peut-tirer\/"},"modified":"2025-09-25T17:37:42","modified_gmt":"2025-09-25T15:37:42","slug":"nollet-jean-antoine-abbe-lettres-sur-lelectricite-dans-lesquelles-on-examine-les-dernieres-decouvertes-qui-ont-ete-faites-sur-cette-matiere-les-consequences-que-lon-en-peut-tirer","status":"publish","type":"product","link":"https:\/\/www.librairieclavreuil.com\/en\/nollet-jean-antoine-abbe-lettres-sur-lelectricite-dans-lesquelles-on-examine-les-dernieres-decouvertes-qui-ont-ete-faites-sur-cette-matiere-les-consequences-que-lon-en-peut-tirer\/","title":{"rendered":"NOLLET Jean-Antoine, abb\u00e9 Lettres sur l&#8217;\u00e9lectricit\u00e9. Dans lesquelles..."},"content":{"rendered":"<p style=\"text-align:justify\"><i>Wheeler Gift, 379-379a; not in Gartrell.<\/i><\/p>\n<p style=\"text-align:justify\">First edition of the first two portions (a third portion was published in 1767). A skilled researcher and professor, Nollet made a major contribution to the popularization of the physical sciences in France, studying in particular the effects of electricity.<\/p>\n<p style=\"text-align:justify\">&#8220;The most typical of these popularizers [alongside Maupertuis and the Marquise Du Ch\u00e2telet, for example] was undoubtedly the famous Abb\u00e9 Nollet. The physics course he taught in several pulpits, first in the provinces and then in Paris, was aimed above all at people of good standing, curious about the secrets of nature. He achieved great success by repeating in public the most novel experiments in physics; at this time, the phenomena of static electricity and Franklin&#8217;s discoveries provided him with the subject of spectacular demonstrations&#8221; (see Daumas, <i>Histoire de la Science<\/i>, p.110).<\/p>\n<p style=\"text-align:justify\">A good copy.<\/p>\n","protected":false},"excerpt":{"rendered":"<p style=\"text-align:justify\">2 parts in 1 volume, 12mo (166 x 94 mm) XI, 264 pp., 4 engraved plates for volume I; XII, 284 pp., engraved plates 5 to 7, for volume II. Contemporary marbled sheep, spine gilt, red edges.<\/p>\n","protected":false},"featured_media":88064,"comment_status":"open","ping_status":"closed","template":"","meta":{"_acf_changed":false},"product_brand":[],"product_cat":[550],"product_tag":[608,1450,1339,1335],"class_list":{"0":"post-88069","1":"product","2":"type-product","3":"status-publish","4":"has-post-thumbnail","6":"product_cat-science","7":"product_tag-electricity","8":"product_tag-first-edition","9":"product_tag-general-physics","10":"product_tag-physics","11":"pa_auteur-nollet-jean-antoine-abbe-2","12":"pa_type-de-livre-printed-book","14":"first","15":"instock","16":"shipping-taxable","17":"purchasable","18":"product-type-simple"},"acf":{"artist":"Jean-Antoine, abb\u00e9 NOLLET","chapeau":"","adresse_bibliographique":"Paris, Hippolyte-Louis Gu\u00e9rin, 1753-1760","book_type":"Printed book","provenance":"","afficher_prix":""},"yoast_head":"<!-- This site is optimized with the Yoast SEO plugin v24.7 - https:\/\/yoast.com\/wordpress\/plugins\/seo\/ -->\n<title>NOLLET Jean-Antoine, abb\u00e9 Lettres sur l&#039;\u00e9lectricit\u00e9. Dans lesquelles on examine les derni\u00e8res d\u00e9couvertes qui ont \u00e9t\u00e9 faites sur cette mati\u00e8re, &amp; les cons\u00e9quences que l&#039;on en peut tirer. - Libairie Clavreuil<\/title>\n<meta name=\"robots\" content=\"index, follow, max-snippet:-1, max-image-preview:large, max-video-preview:-1\" \/>\n<link rel=\"canonical\" href=\"https:\/\/www.librairieclavreuil.com\/en\/nollet-jean-antoine-abbe-lettres-sur-lelectricite-dans-lesquelles-on-examine-les-dernieres-decouvertes-qui-ont-ete-faites-sur-cette-matiere-les-consequences-que-lon-en-peut-tirer\/\" \/>\n<meta property=\"og:locale\" content=\"en_US\" \/>\n<meta property=\"og:type\" content=\"article\" \/>\n<meta property=\"og:title\" content=\"NOLLET Jean-Antoine, abb\u00e9 Lettres sur l&#039;\u00e9lectricit\u00e9. Dans lesquelles on examine les derni\u00e8res d\u00e9couvertes qui ont \u00e9t\u00e9 faites sur cette mati\u00e8re, &amp; les cons\u00e9quences que l&#039;on en peut tirer. - Libairie Clavreuil\" \/>\n<meta property=\"og:description\" content=\"2 parts in 1 volume, 12mo (166 x 94 mm) XI, 264 pp., 4 engraved plates for volume I; XII, 284 pp., engraved plates 5 to 7, for volume II. Contemporary marbled sheep, spine gilt, red edges.\" \/>\n<meta property=\"og:url\" content=\"https:\/\/www.librairieclavreuil.com\/en\/nollet-jean-antoine-abbe-lettres-sur-lelectricite-dans-lesquelles-on-examine-les-dernieres-decouvertes-qui-ont-ete-faites-sur-cette-matiere-les-consequences-que-lon-en-peut-tirer\/\" \/>\n<meta property=\"og:site_name\" content=\"Libairie Clavreuil\" \/>\n<meta property=\"article:modified_time\" content=\"2025-09-25T15:37:42+00:00\" \/>\n<meta property=\"og:image\" content=\"https:\/\/www.librairieclavreuil.com\/wp-content\/uploads\/2025\/09\/abbe-nollet-lettres-sur-l-electricite-dans-lesquelles-on-examine-les-dernieres-decouvertes-qui-ont-ete-faites-sur-cette-matiere-les-consequences-que-l.jpg\" \/>\n\t<meta property=\"og:image:width\" content=\"600\" \/>\n\t<meta property=\"og:image:height\" content=\"800\" \/>\n\t<meta property=\"og:image:type\" content=\"image\/jpeg\" \/>\n<meta name=\"twitter:card\" content=\"summary_large_image\" \/>\n<meta name=\"twitter:label1\" content=\"Est. reading time\" \/>\n\t<meta name=\"twitter:data1\" content=\"1 minute\" \/>\n<script type=\"application\/ld+json\" class=\"yoast-schema-graph\">{\"@context\":\"https:\/\/schema.org\",\"@graph\":[{\"@type\":\"WebPage\",\"@id\":\"https:\/\/www.librairieclavreuil.com\/en\/nollet-jean-antoine-abbe-lettres-sur-lelectricite-dans-lesquelles-on-examine-les-dernieres-decouvertes-qui-ont-ete-faites-sur-cette-matiere-les-consequences-que-lon-en-peut-tirer\/\",\"url\":\"https:\/\/www.librairieclavreuil.com\/en\/nollet-jean-antoine-abbe-lettres-sur-lelectricite-dans-lesquelles-on-examine-les-dernieres-decouvertes-qui-ont-ete-faites-sur-cette-matiere-les-consequences-que-lon-en-peut-tirer\/\",\"name\":\"NOLLET Jean-Antoine, abb\u00e9 Lettres sur l'\u00e9lectricit\u00e9. Dans lesquelles on examine les derni\u00e8res d\u00e9couvertes qui ont \u00e9t\u00e9 faites sur cette mati\u00e8re, &amp; les cons\u00e9quences que l'on en peut tirer. - Libairie Clavreuil\",\"isPartOf\":{\"@id\":\"https:\/\/www.librairieclavreuil.com\/#website\"},\"primaryImageOfPage\":{\"@id\":\"https:\/\/www.librairieclavreuil.com\/en\/nollet-jean-antoine-abbe-lettres-sur-lelectricite-dans-lesquelles-on-examine-les-dernieres-decouvertes-qui-ont-ete-faites-sur-cette-matiere-les-consequences-que-lon-en-peut-tirer\/#primaryimage\"},\"image\":{\"@id\":\"https:\/\/www.librairieclavreuil.com\/en\/nollet-jean-antoine-abbe-lettres-sur-lelectricite-dans-lesquelles-on-examine-les-dernieres-decouvertes-qui-ont-ete-faites-sur-cette-matiere-les-consequences-que-lon-en-peut-tirer\/#primaryimage\"},\"thumbnailUrl\":\"https:\/\/www.librairieclavreuil.com\/wp-content\/uploads\/2025\/09\/abbe-nollet-lettres-sur-l-electricite-dans-lesquelles-on-examine-les-dernieres-decouvertes-qui-ont-ete-faites-sur-cette-matiere-les-consequences-que-l.jpg\",\"datePublished\":\"2025-09-25T15:37:38+00:00\",\"dateModified\":\"2025-09-25T15:37:42+00:00\",\"breadcrumb\":{\"@id\":\"https:\/\/www.librairieclavreuil.com\/en\/nollet-jean-antoine-abbe-lettres-sur-lelectricite-dans-lesquelles-on-examine-les-dernieres-decouvertes-qui-ont-ete-faites-sur-cette-matiere-les-consequences-que-lon-en-peut-tirer\/#breadcrumb\"},\"inLanguage\":\"en-US\",\"potentialAction\":[{\"@type\":\"ReadAction\",\"target\":[\"https:\/\/www.librairieclavreuil.com\/en\/nollet-jean-antoine-abbe-lettres-sur-lelectricite-dans-lesquelles-on-examine-les-dernieres-decouvertes-qui-ont-ete-faites-sur-cette-matiere-les-consequences-que-lon-en-peut-tirer\/\"]}]},{\"@type\":\"ImageObject\",\"inLanguage\":\"en-US\",\"@id\":\"https:\/\/www.librairieclavreuil.com\/en\/nollet-jean-antoine-abbe-lettres-sur-lelectricite-dans-lesquelles-on-examine-les-dernieres-decouvertes-qui-ont-ete-faites-sur-cette-matiere-les-consequences-que-lon-en-peut-tirer\/#primaryimage\",\"url\":\"https:\/\/www.librairieclavreuil.com\/wp-content\/uploads\/2025\/09\/abbe-nollet-lettres-sur-l-electricite-dans-lesquelles-on-examine-les-dernieres-decouvertes-qui-ont-ete-faites-sur-cette-matiere-les-consequences-que-l.jpg\",\"contentUrl\":\"https:\/\/www.librairieclavreuil.com\/wp-content\/uploads\/2025\/09\/abbe-nollet-lettres-sur-l-electricite-dans-lesquelles-on-examine-les-dernieres-decouvertes-qui-ont-ete-faites-sur-cette-matiere-les-consequences-que-l.jpg\",\"width\":600,\"height\":800},{\"@type\":\"BreadcrumbList\",\"@id\":\"https:\/\/www.librairieclavreuil.com\/en\/nollet-jean-antoine-abbe-lettres-sur-lelectricite-dans-lesquelles-on-examine-les-dernieres-decouvertes-qui-ont-ete-faites-sur-cette-matiere-les-consequences-que-lon-en-peut-tirer\/#breadcrumb\",\"itemListElement\":[{\"@type\":\"ListItem\",\"position\":1,\"name\":\"Accueil\",\"item\":\"https:\/\/www.librairieclavreuil.com\/\"},{\"@type\":\"ListItem\",\"position\":2,\"name\":\"All our books\",\"item\":\"https:\/\/www.librairieclavreuil.com\/en\/all-our-books\/\"},{\"@type\":\"ListItem\",\"position\":3,\"name\":\"NOLLET Jean-Antoine, abb\u00e9 Lettres sur l&rsquo;\u00e9lectricit\u00e9. Dans lesquelles...\"}]},{\"@type\":\"WebSite\",\"@id\":\"https:\/\/www.librairieclavreuil.com\/#website\",\"url\":\"https:\/\/www.librairieclavreuil.com\/\",\"name\":\"Libairie Clavreuil\",\"description\":\"Livres anciens, manuscrits rares et \u00e9ditions originales \u2013 Librairie Clavreuil\",\"publisher\":{\"@id\":\"https:\/\/www.librairieclavreuil.com\/#organization\"},\"potentialAction\":[{\"@type\":\"SearchAction\",\"target\":{\"@type\":\"EntryPoint\",\"urlTemplate\":\"https:\/\/www.librairieclavreuil.com\/?s={search_term_string}\"},\"query-input\":{\"@type\":\"PropertyValueSpecification\",\"valueRequired\":true,\"valueName\":\"search_term_string\"}}],\"inLanguage\":\"en-US\"},{\"@type\":\"Organization\",\"@id\":\"https:\/\/www.librairieclavreuil.com\/#organization\",\"name\":\"Libairie Clavreuil\",\"url\":\"https:\/\/www.librairieclavreuil.com\/\",\"logo\":{\"@type\":\"ImageObject\",\"inLanguage\":\"en-US\",\"@id\":\"https:\/\/www.librairieclavreuil.com\/#\/schema\/logo\/image\/\",\"url\":\"https:\/\/www.librairieclavreuil.com\/wp-content\/uploads\/2021\/06\/cropped-LOGO_PNG_DATE-_gold-512x512-1.png\",\"contentUrl\":\"https:\/\/www.librairieclavreuil.com\/wp-content\/uploads\/2021\/06\/cropped-LOGO_PNG_DATE-_gold-512x512-1.png\",\"width\":512,\"height\":512,\"caption\":\"Libairie Clavreuil\"},\"image\":{\"@id\":\"https:\/\/www.librairieclavreuil.com\/#\/schema\/logo\/image\/\"},\"sameAs\":[\"https:\/\/www.instagram.com\/librairieclavreuil\/\"]}]}<\/script>\n<!-- \/ Yoast SEO plugin. -->","yoast_head_json":{"title":"NOLLET Jean-Antoine, abb\u00e9 Lettres sur l'\u00e9lectricit\u00e9. Dans lesquelles on examine les derni\u00e8res d\u00e9couvertes qui ont \u00e9t\u00e9 faites sur cette mati\u00e8re, &amp; les cons\u00e9quences que l'on en peut tirer. - Libairie Clavreuil","robots":{"index":"index","follow":"follow","max-snippet":"max-snippet:-1","max-image-preview":"max-image-preview:large","max-video-preview":"max-video-preview:-1"},"canonical":"https:\/\/www.librairieclavreuil.com\/en\/nollet-jean-antoine-abbe-lettres-sur-lelectricite-dans-lesquelles-on-examine-les-dernieres-decouvertes-qui-ont-ete-faites-sur-cette-matiere-les-consequences-que-lon-en-peut-tirer\/","og_locale":"en_US","og_type":"article","og_title":"NOLLET Jean-Antoine, abb\u00e9 Lettres sur l'\u00e9lectricit\u00e9. Dans lesquelles on examine les derni\u00e8res d\u00e9couvertes qui ont \u00e9t\u00e9 faites sur cette mati\u00e8re, &amp; les cons\u00e9quences que l'on en peut tirer. - Libairie Clavreuil","og_description":"2 parts in 1 volume, 12mo (166 x 94 mm) XI, 264 pp., 4 engraved plates for volume I; XII, 284 pp., engraved plates 5 to 7, for volume II. Contemporary marbled sheep, spine gilt, red edges.","og_url":"https:\/\/www.librairieclavreuil.com\/en\/nollet-jean-antoine-abbe-lettres-sur-lelectricite-dans-lesquelles-on-examine-les-dernieres-decouvertes-qui-ont-ete-faites-sur-cette-matiere-les-consequences-que-lon-en-peut-tirer\/","og_site_name":"Libairie Clavreuil","article_modified_time":"2025-09-25T15:37:42+00:00","og_image":[{"width":600,"height":800,"url":"https:\/\/www.librairieclavreuil.com\/wp-content\/uploads\/2025\/09\/abbe-nollet-lettres-sur-l-electricite-dans-lesquelles-on-examine-les-dernieres-decouvertes-qui-ont-ete-faites-sur-cette-matiere-les-consequences-que-l.jpg","type":"image\/jpeg"}],"twitter_card":"summary_large_image","twitter_misc":{"Est. reading time":"1 minute"},"schema":{"@context":"https:\/\/schema.org","@graph":[{"@type":"WebPage","@id":"https:\/\/www.librairieclavreuil.com\/en\/nollet-jean-antoine-abbe-lettres-sur-lelectricite-dans-lesquelles-on-examine-les-dernieres-decouvertes-qui-ont-ete-faites-sur-cette-matiere-les-consequences-que-lon-en-peut-tirer\/","url":"https:\/\/www.librairieclavreuil.com\/en\/nollet-jean-antoine-abbe-lettres-sur-lelectricite-dans-lesquelles-on-examine-les-dernieres-decouvertes-qui-ont-ete-faites-sur-cette-matiere-les-consequences-que-lon-en-peut-tirer\/","name":"NOLLET Jean-Antoine, abb\u00e9 Lettres sur l'\u00e9lectricit\u00e9. Dans lesquelles on examine les derni\u00e8res d\u00e9couvertes qui ont \u00e9t\u00e9 faites sur cette mati\u00e8re, &amp; les cons\u00e9quences que l'on en peut tirer. - Libairie Clavreuil","isPartOf":{"@id":"https:\/\/www.librairieclavreuil.com\/#website"},"primaryImageOfPage":{"@id":"https:\/\/www.librairieclavreuil.com\/en\/nollet-jean-antoine-abbe-lettres-sur-lelectricite-dans-lesquelles-on-examine-les-dernieres-decouvertes-qui-ont-ete-faites-sur-cette-matiere-les-consequences-que-lon-en-peut-tirer\/#primaryimage"},"image":{"@id":"https:\/\/www.librairieclavreuil.com\/en\/nollet-jean-antoine-abbe-lettres-sur-lelectricite-dans-lesquelles-on-examine-les-dernieres-decouvertes-qui-ont-ete-faites-sur-cette-matiere-les-consequences-que-lon-en-peut-tirer\/#primaryimage"},"thumbnailUrl":"https:\/\/www.librairieclavreuil.com\/wp-content\/uploads\/2025\/09\/abbe-nollet-lettres-sur-l-electricite-dans-lesquelles-on-examine-les-dernieres-decouvertes-qui-ont-ete-faites-sur-cette-matiere-les-consequences-que-l.jpg","datePublished":"2025-09-25T15:37:38+00:00","dateModified":"2025-09-25T15:37:42+00:00","breadcrumb":{"@id":"https:\/\/www.librairieclavreuil.com\/en\/nollet-jean-antoine-abbe-lettres-sur-lelectricite-dans-lesquelles-on-examine-les-dernieres-decouvertes-qui-ont-ete-faites-sur-cette-matiere-les-consequences-que-lon-en-peut-tirer\/#breadcrumb"},"inLanguage":"en-US","potentialAction":[{"@type":"ReadAction","target":["https:\/\/www.librairieclavreuil.com\/en\/nollet-jean-antoine-abbe-lettres-sur-lelectricite-dans-lesquelles-on-examine-les-dernieres-decouvertes-qui-ont-ete-faites-sur-cette-matiere-les-consequences-que-lon-en-peut-tirer\/"]}]},{"@type":"ImageObject","inLanguage":"en-US","@id":"https:\/\/www.librairieclavreuil.com\/en\/nollet-jean-antoine-abbe-lettres-sur-lelectricite-dans-lesquelles-on-examine-les-dernieres-decouvertes-qui-ont-ete-faites-sur-cette-matiere-les-consequences-que-lon-en-peut-tirer\/#primaryimage","url":"https:\/\/www.librairieclavreuil.com\/wp-content\/uploads\/2025\/09\/abbe-nollet-lettres-sur-l-electricite-dans-lesquelles-on-examine-les-dernieres-decouvertes-qui-ont-ete-faites-sur-cette-matiere-les-consequences-que-l.jpg","contentUrl":"https:\/\/www.librairieclavreuil.com\/wp-content\/uploads\/2025\/09\/abbe-nollet-lettres-sur-l-electricite-dans-lesquelles-on-examine-les-dernieres-decouvertes-qui-ont-ete-faites-sur-cette-matiere-les-consequences-que-l.jpg","width":600,"height":800},{"@type":"BreadcrumbList","@id":"https:\/\/www.librairieclavreuil.com\/en\/nollet-jean-antoine-abbe-lettres-sur-lelectricite-dans-lesquelles-on-examine-les-dernieres-decouvertes-qui-ont-ete-faites-sur-cette-matiere-les-consequences-que-lon-en-peut-tirer\/#breadcrumb","itemListElement":[{"@type":"ListItem","position":1,"name":"Accueil","item":"https:\/\/www.librairieclavreuil.com\/"},{"@type":"ListItem","position":2,"name":"All our books","item":"https:\/\/www.librairieclavreuil.com\/en\/all-our-books\/"},{"@type":"ListItem","position":3,"name":"NOLLET Jean-Antoine, abb\u00e9 Lettres sur l&rsquo;\u00e9lectricit\u00e9. Dans lesquelles..."}]},{"@type":"WebSite","@id":"https:\/\/www.librairieclavreuil.com\/#website","url":"https:\/\/www.librairieclavreuil.com\/","name":"Libairie Clavreuil","description":"Livres anciens, manuscrits rares et \u00e9ditions originales \u2013 Librairie Clavreuil","publisher":{"@id":"https:\/\/www.librairieclavreuil.com\/#organization"},"potentialAction":[{"@type":"SearchAction","target":{"@type":"EntryPoint","urlTemplate":"https:\/\/www.librairieclavreuil.com\/?s={search_term_string}"},"query-input":{"@type":"PropertyValueSpecification","valueRequired":true,"valueName":"search_term_string"}}],"inLanguage":"en-US"},{"@type":"Organization","@id":"https:\/\/www.librairieclavreuil.com\/#organization","name":"Libairie Clavreuil","url":"https:\/\/www.librairieclavreuil.com\/","logo":{"@type":"ImageObject","inLanguage":"en-US","@id":"https:\/\/www.librairieclavreuil.com\/#\/schema\/logo\/image\/","url":"https:\/\/www.librairieclavreuil.com\/wp-content\/uploads\/2021\/06\/cropped-LOGO_PNG_DATE-_gold-512x512-1.png","contentUrl":"https:\/\/www.librairieclavreuil.com\/wp-content\/uploads\/2021\/06\/cropped-LOGO_PNG_DATE-_gold-512x512-1.png","width":512,"height":512,"caption":"Libairie Clavreuil"},"image":{"@id":"https:\/\/www.librairieclavreuil.com\/#\/schema\/logo\/image\/"},"sameAs":["https:\/\/www.instagram.com\/librairieclavreuil\/"]}]}},"jetpack_sharing_enabled":true,"_links":{"self":[{"href":"https:\/\/www.librairieclavreuil.com\/en\/wp-json\/wp\/v2\/product\/88069","targetHints":{"allow":["GET"]}}],"collection":[{"href":"https:\/\/www.librairieclavreuil.com\/en\/wp-json\/wp\/v2\/product"}],"about":[{"href":"https:\/\/www.librairieclavreuil.com\/en\/wp-json\/wp\/v2\/types\/product"}],"replies":[{"embeddable":true,"href":"https:\/\/www.librairieclavreuil.com\/en\/wp-json\/wp\/v2\/comments?post=88069"}],"wp:featuredmedia":[{"embeddable":true,"href":"https:\/\/www.librairieclavreuil.com\/en\/wp-json\/wp\/v2\/media\/88064"}],"wp:attachment":[{"href":"https:\/\/www.librairieclavreuil.com\/en\/wp-json\/wp\/v2\/media?parent=88069"}],"wp:term":[{"taxonomy":"product_brand","embeddable":true,"href":"https:\/\/www.librairieclavreuil.com\/en\/wp-json\/wp\/v2\/product_brand?post=88069"},{"taxonomy":"product_cat","embeddable":true,"href":"https:\/\/www.librairieclavreuil.com\/en\/wp-json\/wp\/v2\/product_cat?post=88069"},{"taxonomy":"product_tag","embeddable":true,"href":"https:\/\/www.librairieclavreuil.com\/en\/wp-json\/wp\/v2\/product_tag?post=88069"}],"curies":[{"name":"wp","href":"https:\/\/api.w.org\/{rel}","templated":true}]}}