{"id":88063,"date":"2025-09-25T17:37:26","date_gmt":"2025-09-25T15:37:26","guid":{"rendered":"https:\/\/www.librairieclavreuil.com\/matteucci-carlo-traite-des-phenomenes-electro-physiologiques-des-animaux-suivi-detudes-anatomiques-sur-le-systeme-nerveux-et-sur-lorgane-electrique-de-la-torpille-par-paul-salvi\/"},"modified":"2025-09-25T17:37:31","modified_gmt":"2025-09-25T15:37:31","slug":"matteucci-carlo-traite-des-phenomenes-electro-physiologiques-des-animaux-suivi-detudes-anatomiques-sur-le-systeme-nerveux-et-sur-lorgane-electrique-de-la-torpille-par-paul-salvi","status":"publish","type":"product","link":"https:\/\/www.librairieclavreuil.com\/en\/matteucci-carlo-traite-des-phenomenes-electro-physiologiques-des-animaux-suivi-detudes-anatomiques-sur-le-systeme-nerveux-et-sur-lorgane-electrique-de-la-torpille-par-paul-salvi\/","title":{"rendered":"MATTEUCCI Carlo Trait\u00e9 des ph\u00e9nom\u00e8nes \u00e9lectro-physiologiques des animaux...."},"content":{"rendered":"<p style=\"text-align:justify\"><i>Wheeler Gift, 1064; Wheatland, 155; Gartrell, 862.<\/i><\/p>\n<p style=\"text-align:justify\">First edition.<\/p>\n<p style=\"text-align:justify\">Carlo Matteucci (1811-1868), physicist and neurophysicist, was one of the pioneers of electrophysiology. Divided into two parts, the first is devoted to his electrophysiological research based on his experiments on frogs. The second part contains Paulo Savi&#8217;s important study of the electrical apparatus of the torpedo.<\/p>\n<p style=\"text-align:justify\">&#8220;The author&#8217;s researches on the action of electric current on the nervous and muscular system of animals&#8221; (Wheeler).<\/p>\n<p style=\"text-align:justify\">Some foxing.<\/p>\n","protected":false},"excerpt":{"rendered":"<p style=\"text-align:justify\">8vo (216 x 132 mm) 2 unn.l., XV (wrongly numbred XIX), 272 pp. , 1 folding table and 6 folding plates. Modern half red-chagreen, spine gilt with raised bands.<\/p>\n","protected":false},"featured_media":88056,"comment_status":"open","ping_status":"closed","template":"","meta":{"_acf_changed":false},"product_brand":[],"product_cat":[550],"product_tag":[608,1450,1339,1349,1335,1274,1340],"class_list":{"0":"post-88063","1":"product","2":"type-product","3":"status-publish","4":"has-post-thumbnail","6":"product_cat-science","7":"product_tag-electricity","8":"product_tag-first-edition","9":"product_tag-general-physics","10":"product_tag-general-zoology","11":"product_tag-physics","12":"product_tag-physiology","13":"product_tag-zoology","14":"pa_auteur-matteucci-carlo-2","15":"pa_type-de-livre-printed-book","17":"first","18":"instock","19":"shipping-taxable","20":"purchasable","21":"product-type-simple"},"acf":{"artist":" Carlo MATTEUCCI","chapeau":"","adresse_bibliographique":"Paris, Fortin, Masson & Cie, 1844","book_type":"Printed book","provenance":"","afficher_prix":""},"yoast_head":"<!-- This site is optimized with the Yoast SEO plugin v24.7 - https:\/\/yoast.com\/wordpress\/plugins\/seo\/ -->\n<title>MATTEUCCI Carlo Trait\u00e9 des ph\u00e9nom\u00e8nes \u00e9lectro-physiologiques des animaux. Suivi d&#039;\u00e9tudes anatomiques sur le syst\u00e8me nerveux et sur l&#039;organe \u00e9lectrique de la torpille par Paul Salvi. - Libairie Clavreuil<\/title>\n<meta name=\"robots\" content=\"index, follow, max-snippet:-1, max-image-preview:large, max-video-preview:-1\" \/>\n<link rel=\"canonical\" href=\"https:\/\/www.librairieclavreuil.com\/en\/matteucci-carlo-traite-des-phenomenes-electro-physiologiques-des-animaux-suivi-detudes-anatomiques-sur-le-systeme-nerveux-et-sur-lorgane-electrique-de-la-torpille-par-paul-salvi\/\" \/>\n<meta property=\"og:locale\" content=\"en_US\" \/>\n<meta property=\"og:type\" content=\"article\" \/>\n<meta property=\"og:title\" content=\"MATTEUCCI Carlo Trait\u00e9 des ph\u00e9nom\u00e8nes \u00e9lectro-physiologiques des animaux. Suivi d&#039;\u00e9tudes anatomiques sur le syst\u00e8me nerveux et sur l&#039;organe \u00e9lectrique de la torpille par Paul Salvi. - Libairie Clavreuil\" \/>\n<meta property=\"og:description\" content=\"8vo (216 x 132 mm) 2 unn.l., XV (wrongly numbred XIX), 272 pp. , 1 folding table and 6 folding plates. Modern half red-chagreen, spine gilt with raised bands.\" \/>\n<meta property=\"og:url\" content=\"https:\/\/www.librairieclavreuil.com\/en\/matteucci-carlo-traite-des-phenomenes-electro-physiologiques-des-animaux-suivi-detudes-anatomiques-sur-le-systeme-nerveux-et-sur-lorgane-electrique-de-la-torpille-par-paul-salvi\/\" \/>\n<meta property=\"og:site_name\" content=\"Libairie Clavreuil\" \/>\n<meta property=\"article:modified_time\" content=\"2025-09-25T15:37:31+00:00\" \/>\n<meta property=\"og:image\" content=\"https:\/\/www.librairieclavreuil.com\/wp-content\/uploads\/2025\/09\/carlo-matteucci-traite-des-phenomenes-electro-physiologiques-des-animaux-suivi-d-etudes-anatomiques-sur-le-systeme-nerveux-et-sur-l-organe-electrique-.jpg\" \/>\n\t<meta property=\"og:image:width\" content=\"600\" \/>\n\t<meta property=\"og:image:height\" content=\"800\" \/>\n\t<meta property=\"og:image:type\" content=\"image\/jpeg\" \/>\n<meta name=\"twitter:card\" content=\"summary_large_image\" \/>\n<script type=\"application\/ld+json\" class=\"yoast-schema-graph\">{\"@context\":\"https:\/\/schema.org\",\"@graph\":[{\"@type\":\"WebPage\",\"@id\":\"https:\/\/www.librairieclavreuil.com\/en\/matteucci-carlo-traite-des-phenomenes-electro-physiologiques-des-animaux-suivi-detudes-anatomiques-sur-le-systeme-nerveux-et-sur-lorgane-electrique-de-la-torpille-par-paul-salvi\/\",\"url\":\"https:\/\/www.librairieclavreuil.com\/en\/matteucci-carlo-traite-des-phenomenes-electro-physiologiques-des-animaux-suivi-detudes-anatomiques-sur-le-systeme-nerveux-et-sur-lorgane-electrique-de-la-torpille-par-paul-salvi\/\",\"name\":\"MATTEUCCI Carlo Trait\u00e9 des ph\u00e9nom\u00e8nes \u00e9lectro-physiologiques des animaux. Suivi d'\u00e9tudes anatomiques sur le syst\u00e8me nerveux et sur l'organe \u00e9lectrique de la torpille par Paul Salvi. - Libairie Clavreuil\",\"isPartOf\":{\"@id\":\"https:\/\/www.librairieclavreuil.com\/#website\"},\"primaryImageOfPage\":{\"@id\":\"https:\/\/www.librairieclavreuil.com\/en\/matteucci-carlo-traite-des-phenomenes-electro-physiologiques-des-animaux-suivi-detudes-anatomiques-sur-le-systeme-nerveux-et-sur-lorgane-electrique-de-la-torpille-par-paul-salvi\/#primaryimage\"},\"image\":{\"@id\":\"https:\/\/www.librairieclavreuil.com\/en\/matteucci-carlo-traite-des-phenomenes-electro-physiologiques-des-animaux-suivi-detudes-anatomiques-sur-le-systeme-nerveux-et-sur-lorgane-electrique-de-la-torpille-par-paul-salvi\/#primaryimage\"},\"thumbnailUrl\":\"https:\/\/www.librairieclavreuil.com\/wp-content\/uploads\/2025\/09\/carlo-matteucci-traite-des-phenomenes-electro-physiologiques-des-animaux-suivi-d-etudes-anatomiques-sur-le-systeme-nerveux-et-sur-l-organe-electrique-.jpg\",\"datePublished\":\"2025-09-25T15:37:26+00:00\",\"dateModified\":\"2025-09-25T15:37:31+00:00\",\"breadcrumb\":{\"@id\":\"https:\/\/www.librairieclavreuil.com\/en\/matteucci-carlo-traite-des-phenomenes-electro-physiologiques-des-animaux-suivi-detudes-anatomiques-sur-le-systeme-nerveux-et-sur-lorgane-electrique-de-la-torpille-par-paul-salvi\/#breadcrumb\"},\"inLanguage\":\"en-US\",\"potentialAction\":[{\"@type\":\"ReadAction\",\"target\":[\"https:\/\/www.librairieclavreuil.com\/en\/matteucci-carlo-traite-des-phenomenes-electro-physiologiques-des-animaux-suivi-detudes-anatomiques-sur-le-systeme-nerveux-et-sur-lorgane-electrique-de-la-torpille-par-paul-salvi\/\"]}]},{\"@type\":\"ImageObject\",\"inLanguage\":\"en-US\",\"@id\":\"https:\/\/www.librairieclavreuil.com\/en\/matteucci-carlo-traite-des-phenomenes-electro-physiologiques-des-animaux-suivi-detudes-anatomiques-sur-le-systeme-nerveux-et-sur-lorgane-electrique-de-la-torpille-par-paul-salvi\/#primaryimage\",\"url\":\"https:\/\/www.librairieclavreuil.com\/wp-content\/uploads\/2025\/09\/carlo-matteucci-traite-des-phenomenes-electro-physiologiques-des-animaux-suivi-d-etudes-anatomiques-sur-le-systeme-nerveux-et-sur-l-organe-electrique-.jpg\",\"contentUrl\":\"https:\/\/www.librairieclavreuil.com\/wp-content\/uploads\/2025\/09\/carlo-matteucci-traite-des-phenomenes-electro-physiologiques-des-animaux-suivi-d-etudes-anatomiques-sur-le-systeme-nerveux-et-sur-l-organe-electrique-.jpg\",\"width\":600,\"height\":800},{\"@type\":\"BreadcrumbList\",\"@id\":\"https:\/\/www.librairieclavreuil.com\/en\/matteucci-carlo-traite-des-phenomenes-electro-physiologiques-des-animaux-suivi-detudes-anatomiques-sur-le-systeme-nerveux-et-sur-lorgane-electrique-de-la-torpille-par-paul-salvi\/#breadcrumb\",\"itemListElement\":[{\"@type\":\"ListItem\",\"position\":1,\"name\":\"Accueil\",\"item\":\"https:\/\/www.librairieclavreuil.com\/\"},{\"@type\":\"ListItem\",\"position\":2,\"name\":\"All our books\",\"item\":\"https:\/\/www.librairieclavreuil.com\/en\/all-our-books\/\"},{\"@type\":\"ListItem\",\"position\":3,\"name\":\"MATTEUCCI Carlo Trait\u00e9 des ph\u00e9nom\u00e8nes \u00e9lectro-physiologiques des animaux....\"}]},{\"@type\":\"WebSite\",\"@id\":\"https:\/\/www.librairieclavreuil.com\/#website\",\"url\":\"https:\/\/www.librairieclavreuil.com\/\",\"name\":\"Libairie Clavreuil\",\"description\":\"Livres anciens, manuscrits rares et \u00e9ditions originales \u2013 Librairie Clavreuil\",\"publisher\":{\"@id\":\"https:\/\/www.librairieclavreuil.com\/#organization\"},\"potentialAction\":[{\"@type\":\"SearchAction\",\"target\":{\"@type\":\"EntryPoint\",\"urlTemplate\":\"https:\/\/www.librairieclavreuil.com\/?s={search_term_string}\"},\"query-input\":{\"@type\":\"PropertyValueSpecification\",\"valueRequired\":true,\"valueName\":\"search_term_string\"}}],\"inLanguage\":\"en-US\"},{\"@type\":\"Organization\",\"@id\":\"https:\/\/www.librairieclavreuil.com\/#organization\",\"name\":\"Libairie Clavreuil\",\"url\":\"https:\/\/www.librairieclavreuil.com\/\",\"logo\":{\"@type\":\"ImageObject\",\"inLanguage\":\"en-US\",\"@id\":\"https:\/\/www.librairieclavreuil.com\/#\/schema\/logo\/image\/\",\"url\":\"https:\/\/www.librairieclavreuil.com\/wp-content\/uploads\/2021\/06\/cropped-LOGO_PNG_DATE-_gold-512x512-1.png\",\"contentUrl\":\"https:\/\/www.librairieclavreuil.com\/wp-content\/uploads\/2021\/06\/cropped-LOGO_PNG_DATE-_gold-512x512-1.png\",\"width\":512,\"height\":512,\"caption\":\"Libairie Clavreuil\"},\"image\":{\"@id\":\"https:\/\/www.librairieclavreuil.com\/#\/schema\/logo\/image\/\"},\"sameAs\":[\"https:\/\/www.instagram.com\/librairieclavreuil\/\"]}]}<\/script>\n<!-- \/ Yoast SEO plugin. -->","yoast_head_json":{"title":"MATTEUCCI Carlo Trait\u00e9 des ph\u00e9nom\u00e8nes \u00e9lectro-physiologiques des animaux. Suivi d'\u00e9tudes anatomiques sur le syst\u00e8me nerveux et sur l'organe \u00e9lectrique de la torpille par Paul Salvi. - Libairie Clavreuil","robots":{"index":"index","follow":"follow","max-snippet":"max-snippet:-1","max-image-preview":"max-image-preview:large","max-video-preview":"max-video-preview:-1"},"canonical":"https:\/\/www.librairieclavreuil.com\/en\/matteucci-carlo-traite-des-phenomenes-electro-physiologiques-des-animaux-suivi-detudes-anatomiques-sur-le-systeme-nerveux-et-sur-lorgane-electrique-de-la-torpille-par-paul-salvi\/","og_locale":"en_US","og_type":"article","og_title":"MATTEUCCI Carlo Trait\u00e9 des ph\u00e9nom\u00e8nes \u00e9lectro-physiologiques des animaux. Suivi d'\u00e9tudes anatomiques sur le syst\u00e8me nerveux et sur l'organe \u00e9lectrique de la torpille par Paul Salvi. - Libairie Clavreuil","og_description":"8vo (216 x 132 mm) 2 unn.l., XV (wrongly numbred XIX), 272 pp. , 1 folding table and 6 folding plates. Modern half red-chagreen, spine gilt with raised bands.","og_url":"https:\/\/www.librairieclavreuil.com\/en\/matteucci-carlo-traite-des-phenomenes-electro-physiologiques-des-animaux-suivi-detudes-anatomiques-sur-le-systeme-nerveux-et-sur-lorgane-electrique-de-la-torpille-par-paul-salvi\/","og_site_name":"Libairie Clavreuil","article_modified_time":"2025-09-25T15:37:31+00:00","og_image":[{"width":600,"height":800,"url":"https:\/\/www.librairieclavreuil.com\/wp-content\/uploads\/2025\/09\/carlo-matteucci-traite-des-phenomenes-electro-physiologiques-des-animaux-suivi-d-etudes-anatomiques-sur-le-systeme-nerveux-et-sur-l-organe-electrique-.jpg","type":"image\/jpeg"}],"twitter_card":"summary_large_image","schema":{"@context":"https:\/\/schema.org","@graph":[{"@type":"WebPage","@id":"https:\/\/www.librairieclavreuil.com\/en\/matteucci-carlo-traite-des-phenomenes-electro-physiologiques-des-animaux-suivi-detudes-anatomiques-sur-le-systeme-nerveux-et-sur-lorgane-electrique-de-la-torpille-par-paul-salvi\/","url":"https:\/\/www.librairieclavreuil.com\/en\/matteucci-carlo-traite-des-phenomenes-electro-physiologiques-des-animaux-suivi-detudes-anatomiques-sur-le-systeme-nerveux-et-sur-lorgane-electrique-de-la-torpille-par-paul-salvi\/","name":"MATTEUCCI Carlo Trait\u00e9 des ph\u00e9nom\u00e8nes \u00e9lectro-physiologiques des animaux. Suivi d'\u00e9tudes anatomiques sur le syst\u00e8me nerveux et sur l'organe \u00e9lectrique de la torpille par Paul Salvi. - Libairie Clavreuil","isPartOf":{"@id":"https:\/\/www.librairieclavreuil.com\/#website"},"primaryImageOfPage":{"@id":"https:\/\/www.librairieclavreuil.com\/en\/matteucci-carlo-traite-des-phenomenes-electro-physiologiques-des-animaux-suivi-detudes-anatomiques-sur-le-systeme-nerveux-et-sur-lorgane-electrique-de-la-torpille-par-paul-salvi\/#primaryimage"},"image":{"@id":"https:\/\/www.librairieclavreuil.com\/en\/matteucci-carlo-traite-des-phenomenes-electro-physiologiques-des-animaux-suivi-detudes-anatomiques-sur-le-systeme-nerveux-et-sur-lorgane-electrique-de-la-torpille-par-paul-salvi\/#primaryimage"},"thumbnailUrl":"https:\/\/www.librairieclavreuil.com\/wp-content\/uploads\/2025\/09\/carlo-matteucci-traite-des-phenomenes-electro-physiologiques-des-animaux-suivi-d-etudes-anatomiques-sur-le-systeme-nerveux-et-sur-l-organe-electrique-.jpg","datePublished":"2025-09-25T15:37:26+00:00","dateModified":"2025-09-25T15:37:31+00:00","breadcrumb":{"@id":"https:\/\/www.librairieclavreuil.com\/en\/matteucci-carlo-traite-des-phenomenes-electro-physiologiques-des-animaux-suivi-detudes-anatomiques-sur-le-systeme-nerveux-et-sur-lorgane-electrique-de-la-torpille-par-paul-salvi\/#breadcrumb"},"inLanguage":"en-US","potentialAction":[{"@type":"ReadAction","target":["https:\/\/www.librairieclavreuil.com\/en\/matteucci-carlo-traite-des-phenomenes-electro-physiologiques-des-animaux-suivi-detudes-anatomiques-sur-le-systeme-nerveux-et-sur-lorgane-electrique-de-la-torpille-par-paul-salvi\/"]}]},{"@type":"ImageObject","inLanguage":"en-US","@id":"https:\/\/www.librairieclavreuil.com\/en\/matteucci-carlo-traite-des-phenomenes-electro-physiologiques-des-animaux-suivi-detudes-anatomiques-sur-le-systeme-nerveux-et-sur-lorgane-electrique-de-la-torpille-par-paul-salvi\/#primaryimage","url":"https:\/\/www.librairieclavreuil.com\/wp-content\/uploads\/2025\/09\/carlo-matteucci-traite-des-phenomenes-electro-physiologiques-des-animaux-suivi-d-etudes-anatomiques-sur-le-systeme-nerveux-et-sur-l-organe-electrique-.jpg","contentUrl":"https:\/\/www.librairieclavreuil.com\/wp-content\/uploads\/2025\/09\/carlo-matteucci-traite-des-phenomenes-electro-physiologiques-des-animaux-suivi-d-etudes-anatomiques-sur-le-systeme-nerveux-et-sur-l-organe-electrique-.jpg","width":600,"height":800},{"@type":"BreadcrumbList","@id":"https:\/\/www.librairieclavreuil.com\/en\/matteucci-carlo-traite-des-phenomenes-electro-physiologiques-des-animaux-suivi-detudes-anatomiques-sur-le-systeme-nerveux-et-sur-lorgane-electrique-de-la-torpille-par-paul-salvi\/#breadcrumb","itemListElement":[{"@type":"ListItem","position":1,"name":"Accueil","item":"https:\/\/www.librairieclavreuil.com\/"},{"@type":"ListItem","position":2,"name":"All our books","item":"https:\/\/www.librairieclavreuil.com\/en\/all-our-books\/"},{"@type":"ListItem","position":3,"name":"MATTEUCCI Carlo Trait\u00e9 des ph\u00e9nom\u00e8nes \u00e9lectro-physiologiques des animaux...."}]},{"@type":"WebSite","@id":"https:\/\/www.librairieclavreuil.com\/#website","url":"https:\/\/www.librairieclavreuil.com\/","name":"Libairie Clavreuil","description":"Livres anciens, manuscrits rares et \u00e9ditions originales \u2013 Librairie Clavreuil","publisher":{"@id":"https:\/\/www.librairieclavreuil.com\/#organization"},"potentialAction":[{"@type":"SearchAction","target":{"@type":"EntryPoint","urlTemplate":"https:\/\/www.librairieclavreuil.com\/?s={search_term_string}"},"query-input":{"@type":"PropertyValueSpecification","valueRequired":true,"valueName":"search_term_string"}}],"inLanguage":"en-US"},{"@type":"Organization","@id":"https:\/\/www.librairieclavreuil.com\/#organization","name":"Libairie Clavreuil","url":"https:\/\/www.librairieclavreuil.com\/","logo":{"@type":"ImageObject","inLanguage":"en-US","@id":"https:\/\/www.librairieclavreuil.com\/#\/schema\/logo\/image\/","url":"https:\/\/www.librairieclavreuil.com\/wp-content\/uploads\/2021\/06\/cropped-LOGO_PNG_DATE-_gold-512x512-1.png","contentUrl":"https:\/\/www.librairieclavreuil.com\/wp-content\/uploads\/2021\/06\/cropped-LOGO_PNG_DATE-_gold-512x512-1.png","width":512,"height":512,"caption":"Libairie Clavreuil"},"image":{"@id":"https:\/\/www.librairieclavreuil.com\/#\/schema\/logo\/image\/"},"sameAs":["https:\/\/www.instagram.com\/librairieclavreuil\/"]}]}},"jetpack_sharing_enabled":true,"_links":{"self":[{"href":"https:\/\/www.librairieclavreuil.com\/en\/wp-json\/wp\/v2\/product\/88063","targetHints":{"allow":["GET"]}}],"collection":[{"href":"https:\/\/www.librairieclavreuil.com\/en\/wp-json\/wp\/v2\/product"}],"about":[{"href":"https:\/\/www.librairieclavreuil.com\/en\/wp-json\/wp\/v2\/types\/product"}],"replies":[{"embeddable":true,"href":"https:\/\/www.librairieclavreuil.com\/en\/wp-json\/wp\/v2\/comments?post=88063"}],"wp:featuredmedia":[{"embeddable":true,"href":"https:\/\/www.librairieclavreuil.com\/en\/wp-json\/wp\/v2\/media\/88056"}],"wp:attachment":[{"href":"https:\/\/www.librairieclavreuil.com\/en\/wp-json\/wp\/v2\/media?parent=88063"}],"wp:term":[{"taxonomy":"product_brand","embeddable":true,"href":"https:\/\/www.librairieclavreuil.com\/en\/wp-json\/wp\/v2\/product_brand?post=88063"},{"taxonomy":"product_cat","embeddable":true,"href":"https:\/\/www.librairieclavreuil.com\/en\/wp-json\/wp\/v2\/product_cat?post=88063"},{"taxonomy":"product_tag","embeddable":true,"href":"https:\/\/www.librairieclavreuil.com\/en\/wp-json\/wp\/v2\/product_tag?post=88063"}],"curies":[{"name":"wp","href":"https:\/\/api.w.org\/{rel}","templated":true}]}}