{"id":88055,"date":"2025-09-25T17:37:13","date_gmt":"2025-09-25T15:37:13","guid":{"rendered":"https:\/\/www.librairieclavreuil.com\/spallanzani-lazzaro-experiences-pour-servir-a-lhistoire-de-la-generation-des-animaux-et-des-plantes-avec-une-ebauche-de-lhistoire-des-etres-organises-avant-leur-fecondation-par-jean-senebier\/"},"modified":"2025-09-25T17:37:18","modified_gmt":"2025-09-25T15:37:18","slug":"spallanzani-lazzaro-experiences-pour-servir-a-lhistoire-de-la-generation-des-animaux-et-des-plantes-avec-une-ebauche-de-lhistoire-des-etres-organises-avant-leur-fecondation-par-jean-senebier","status":"publish","type":"product","link":"https:\/\/www.librairieclavreuil.com\/en\/spallanzani-lazzaro-experiences-pour-servir-a-lhistoire-de-la-generation-des-animaux-et-des-plantes-avec-une-ebauche-de-lhistoire-des-etres-organises-avant-leur-fecondation-par-jean-senebier\/","title":{"rendered":"SPALLANZANI Lazzaro Exp\u00e9riences pour servir \u00e0 l&#8217;histoire de..."},"content":{"rendered":"<p style=\"text-align:justify\"><i>Pritzel, 8813; DSB, XII, 553-66 et 308 pour Senebier.<\/i><\/p>\n<p>First French edition, translated by Senebier.<\/p>\n<p>Lazzaro Spallanzani (1729-1799) was the first to fully elucidate the mechanism of reproduction in amphibians, and carried out the first artificial fertilisations with dogs. He discovered that vertebrate reproduction requires a spermatozoon and an ovum. The three engraved plates illustrate his experiments on the fertilisation of batrachian eggs.<\/p>\n<p>Senebier, by translating most of his publications, greatly contributed to the spread of his work in France.<\/p>\n<p>Fine copy.<\/p>\n","protected":false},"excerpt":{"rendered":"<p>8vo (197 x 118 mm) de 2unn.l., XCVI, 413 pp. and 3 folding plates. Marbled calf in style, flat gilted spine.<\/p>\n","protected":false},"featured_media":88050,"comment_status":"open","ping_status":"closed","template":"","meta":{"_acf_changed":false},"product_brand":[],"product_cat":[550],"product_tag":[1348,1347,1346,1345,1344,1343,1342],"class_list":{"0":"post-88055","1":"product","2":"type-product","3":"status-publish","4":"has-post-thumbnail","6":"product_cat-science","7":"product_tag-apiculture-2","8":"product_tag-conchyliology","9":"product_tag-darwinism","10":"product_tag-entomology","11":"product_tag-erpetology","12":"product_tag-ichtiology","13":"product_tag-ornithology","14":"pa_auteur-spallanzani-lazzaro-2","15":"pa_type-de-livre-printed-book","17":"first","18":"instock","19":"shipping-taxable","20":"purchasable","21":"product-type-simple"},"acf":{"artist":" Lazzaro SPALLANZANI","chapeau":"","adresse_bibliographique":"Gen\u00e8ve, Barthelemi Chirol, 1785","book_type":"Printed book","provenance":"","afficher_prix":""},"yoast_head":"<!-- This site is optimized with the Yoast SEO plugin v24.7 - https:\/\/yoast.com\/wordpress\/plugins\/seo\/ -->\n<title>SPALLANZANI Lazzaro Exp\u00e9riences pour servir \u00e0 l&#039;histoire de la g\u00e9n\u00e9ration des animaux et des plantes... Avec une \u00e9bauche de l&#039;histoire des \u00eatres organis\u00e9s avant leur f\u00e9condation par Jean Senebier. - Libairie Clavreuil<\/title>\n<meta name=\"robots\" content=\"index, follow, max-snippet:-1, max-image-preview:large, max-video-preview:-1\" \/>\n<link rel=\"canonical\" href=\"https:\/\/www.librairieclavreuil.com\/en\/spallanzani-lazzaro-experiences-pour-servir-a-lhistoire-de-la-generation-des-animaux-et-des-plantes-avec-une-ebauche-de-lhistoire-des-etres-organises-avant-leur-fecondation-par-jean-senebier\/\" \/>\n<meta property=\"og:locale\" content=\"en_US\" \/>\n<meta property=\"og:type\" content=\"article\" \/>\n<meta property=\"og:title\" content=\"SPALLANZANI Lazzaro Exp\u00e9riences pour servir \u00e0 l&#039;histoire de la g\u00e9n\u00e9ration des animaux et des plantes... Avec une \u00e9bauche de l&#039;histoire des \u00eatres organis\u00e9s avant leur f\u00e9condation par Jean Senebier. - Libairie Clavreuil\" \/>\n<meta property=\"og:description\" content=\"8vo (197 x 118 mm) de 2unn.l., XCVI, 413 pp. and 3 folding plates. Marbled calf in style, flat gilted spine.\" \/>\n<meta property=\"og:url\" content=\"https:\/\/www.librairieclavreuil.com\/en\/spallanzani-lazzaro-experiences-pour-servir-a-lhistoire-de-la-generation-des-animaux-et-des-plantes-avec-une-ebauche-de-lhistoire-des-etres-organises-avant-leur-fecondation-par-jean-senebier\/\" \/>\n<meta property=\"og:site_name\" content=\"Libairie Clavreuil\" \/>\n<meta property=\"article:modified_time\" content=\"2025-09-25T15:37:18+00:00\" \/>\n<meta property=\"og:image\" content=\"https:\/\/www.librairieclavreuil.com\/wp-content\/uploads\/2025\/09\/lazzaro-spallanzani-experiences-pour-servir-a-l-histoire-de-la-generation-des-animaux-et-des-plantes-avec-une-ebauche-de-l-histoire-des-etres-organise.jpg\" \/>\n\t<meta property=\"og:image:width\" content=\"600\" \/>\n\t<meta property=\"og:image:height\" content=\"800\" \/>\n\t<meta property=\"og:image:type\" content=\"image\/jpeg\" \/>\n<meta name=\"twitter:card\" content=\"summary_large_image\" \/>\n<script type=\"application\/ld+json\" class=\"yoast-schema-graph\">{\"@context\":\"https:\/\/schema.org\",\"@graph\":[{\"@type\":\"WebPage\",\"@id\":\"https:\/\/www.librairieclavreuil.com\/en\/spallanzani-lazzaro-experiences-pour-servir-a-lhistoire-de-la-generation-des-animaux-et-des-plantes-avec-une-ebauche-de-lhistoire-des-etres-organises-avant-leur-fecondation-par-jean-senebier\/\",\"url\":\"https:\/\/www.librairieclavreuil.com\/en\/spallanzani-lazzaro-experiences-pour-servir-a-lhistoire-de-la-generation-des-animaux-et-des-plantes-avec-une-ebauche-de-lhistoire-des-etres-organises-avant-leur-fecondation-par-jean-senebier\/\",\"name\":\"SPALLANZANI Lazzaro Exp\u00e9riences pour servir \u00e0 l'histoire de la g\u00e9n\u00e9ration des animaux et des plantes... Avec une \u00e9bauche de l'histoire des \u00eatres organis\u00e9s avant leur f\u00e9condation par Jean Senebier. - Libairie Clavreuil\",\"isPartOf\":{\"@id\":\"https:\/\/www.librairieclavreuil.com\/#website\"},\"primaryImageOfPage\":{\"@id\":\"https:\/\/www.librairieclavreuil.com\/en\/spallanzani-lazzaro-experiences-pour-servir-a-lhistoire-de-la-generation-des-animaux-et-des-plantes-avec-une-ebauche-de-lhistoire-des-etres-organises-avant-leur-fecondation-par-jean-senebier\/#primaryimage\"},\"image\":{\"@id\":\"https:\/\/www.librairieclavreuil.com\/en\/spallanzani-lazzaro-experiences-pour-servir-a-lhistoire-de-la-generation-des-animaux-et-des-plantes-avec-une-ebauche-de-lhistoire-des-etres-organises-avant-leur-fecondation-par-jean-senebier\/#primaryimage\"},\"thumbnailUrl\":\"https:\/\/www.librairieclavreuil.com\/wp-content\/uploads\/2025\/09\/lazzaro-spallanzani-experiences-pour-servir-a-l-histoire-de-la-generation-des-animaux-et-des-plantes-avec-une-ebauche-de-l-histoire-des-etres-organise.jpg\",\"datePublished\":\"2025-09-25T15:37:13+00:00\",\"dateModified\":\"2025-09-25T15:37:18+00:00\",\"breadcrumb\":{\"@id\":\"https:\/\/www.librairieclavreuil.com\/en\/spallanzani-lazzaro-experiences-pour-servir-a-lhistoire-de-la-generation-des-animaux-et-des-plantes-avec-une-ebauche-de-lhistoire-des-etres-organises-avant-leur-fecondation-par-jean-senebier\/#breadcrumb\"},\"inLanguage\":\"en-US\",\"potentialAction\":[{\"@type\":\"ReadAction\",\"target\":[\"https:\/\/www.librairieclavreuil.com\/en\/spallanzani-lazzaro-experiences-pour-servir-a-lhistoire-de-la-generation-des-animaux-et-des-plantes-avec-une-ebauche-de-lhistoire-des-etres-organises-avant-leur-fecondation-par-jean-senebier\/\"]}]},{\"@type\":\"ImageObject\",\"inLanguage\":\"en-US\",\"@id\":\"https:\/\/www.librairieclavreuil.com\/en\/spallanzani-lazzaro-experiences-pour-servir-a-lhistoire-de-la-generation-des-animaux-et-des-plantes-avec-une-ebauche-de-lhistoire-des-etres-organises-avant-leur-fecondation-par-jean-senebier\/#primaryimage\",\"url\":\"https:\/\/www.librairieclavreuil.com\/wp-content\/uploads\/2025\/09\/lazzaro-spallanzani-experiences-pour-servir-a-l-histoire-de-la-generation-des-animaux-et-des-plantes-avec-une-ebauche-de-l-histoire-des-etres-organise.jpg\",\"contentUrl\":\"https:\/\/www.librairieclavreuil.com\/wp-content\/uploads\/2025\/09\/lazzaro-spallanzani-experiences-pour-servir-a-l-histoire-de-la-generation-des-animaux-et-des-plantes-avec-une-ebauche-de-l-histoire-des-etres-organise.jpg\",\"width\":600,\"height\":800},{\"@type\":\"BreadcrumbList\",\"@id\":\"https:\/\/www.librairieclavreuil.com\/en\/spallanzani-lazzaro-experiences-pour-servir-a-lhistoire-de-la-generation-des-animaux-et-des-plantes-avec-une-ebauche-de-lhistoire-des-etres-organises-avant-leur-fecondation-par-jean-senebier\/#breadcrumb\",\"itemListElement\":[{\"@type\":\"ListItem\",\"position\":1,\"name\":\"Accueil\",\"item\":\"https:\/\/www.librairieclavreuil.com\/\"},{\"@type\":\"ListItem\",\"position\":2,\"name\":\"All our books\",\"item\":\"https:\/\/www.librairieclavreuil.com\/en\/all-our-books\/\"},{\"@type\":\"ListItem\",\"position\":3,\"name\":\"SPALLANZANI Lazzaro Exp\u00e9riences pour servir \u00e0 l&rsquo;histoire de...\"}]},{\"@type\":\"WebSite\",\"@id\":\"https:\/\/www.librairieclavreuil.com\/#website\",\"url\":\"https:\/\/www.librairieclavreuil.com\/\",\"name\":\"Libairie Clavreuil\",\"description\":\"Livres anciens, manuscrits rares et \u00e9ditions originales \u2013 Librairie Clavreuil\",\"publisher\":{\"@id\":\"https:\/\/www.librairieclavreuil.com\/#organization\"},\"potentialAction\":[{\"@type\":\"SearchAction\",\"target\":{\"@type\":\"EntryPoint\",\"urlTemplate\":\"https:\/\/www.librairieclavreuil.com\/?s={search_term_string}\"},\"query-input\":{\"@type\":\"PropertyValueSpecification\",\"valueRequired\":true,\"valueName\":\"search_term_string\"}}],\"inLanguage\":\"en-US\"},{\"@type\":\"Organization\",\"@id\":\"https:\/\/www.librairieclavreuil.com\/#organization\",\"name\":\"Libairie Clavreuil\",\"url\":\"https:\/\/www.librairieclavreuil.com\/\",\"logo\":{\"@type\":\"ImageObject\",\"inLanguage\":\"en-US\",\"@id\":\"https:\/\/www.librairieclavreuil.com\/#\/schema\/logo\/image\/\",\"url\":\"https:\/\/www.librairieclavreuil.com\/wp-content\/uploads\/2021\/06\/cropped-LOGO_PNG_DATE-_gold-512x512-1.png\",\"contentUrl\":\"https:\/\/www.librairieclavreuil.com\/wp-content\/uploads\/2021\/06\/cropped-LOGO_PNG_DATE-_gold-512x512-1.png\",\"width\":512,\"height\":512,\"caption\":\"Libairie Clavreuil\"},\"image\":{\"@id\":\"https:\/\/www.librairieclavreuil.com\/#\/schema\/logo\/image\/\"},\"sameAs\":[\"https:\/\/www.instagram.com\/librairieclavreuil\/\"]}]}<\/script>\n<!-- \/ Yoast SEO plugin. -->","yoast_head_json":{"title":"SPALLANZANI Lazzaro Exp\u00e9riences pour servir \u00e0 l'histoire de la g\u00e9n\u00e9ration des animaux et des plantes... Avec une \u00e9bauche de l'histoire des \u00eatres organis\u00e9s avant leur f\u00e9condation par Jean Senebier. - Libairie Clavreuil","robots":{"index":"index","follow":"follow","max-snippet":"max-snippet:-1","max-image-preview":"max-image-preview:large","max-video-preview":"max-video-preview:-1"},"canonical":"https:\/\/www.librairieclavreuil.com\/en\/spallanzani-lazzaro-experiences-pour-servir-a-lhistoire-de-la-generation-des-animaux-et-des-plantes-avec-une-ebauche-de-lhistoire-des-etres-organises-avant-leur-fecondation-par-jean-senebier\/","og_locale":"en_US","og_type":"article","og_title":"SPALLANZANI Lazzaro Exp\u00e9riences pour servir \u00e0 l'histoire de la g\u00e9n\u00e9ration des animaux et des plantes... Avec une \u00e9bauche de l'histoire des \u00eatres organis\u00e9s avant leur f\u00e9condation par Jean Senebier. - Libairie Clavreuil","og_description":"8vo (197 x 118 mm) de 2unn.l., XCVI, 413 pp. and 3 folding plates. Marbled calf in style, flat gilted spine.","og_url":"https:\/\/www.librairieclavreuil.com\/en\/spallanzani-lazzaro-experiences-pour-servir-a-lhistoire-de-la-generation-des-animaux-et-des-plantes-avec-une-ebauche-de-lhistoire-des-etres-organises-avant-leur-fecondation-par-jean-senebier\/","og_site_name":"Libairie Clavreuil","article_modified_time":"2025-09-25T15:37:18+00:00","og_image":[{"width":600,"height":800,"url":"https:\/\/www.librairieclavreuil.com\/wp-content\/uploads\/2025\/09\/lazzaro-spallanzani-experiences-pour-servir-a-l-histoire-de-la-generation-des-animaux-et-des-plantes-avec-une-ebauche-de-l-histoire-des-etres-organise.jpg","type":"image\/jpeg"}],"twitter_card":"summary_large_image","schema":{"@context":"https:\/\/schema.org","@graph":[{"@type":"WebPage","@id":"https:\/\/www.librairieclavreuil.com\/en\/spallanzani-lazzaro-experiences-pour-servir-a-lhistoire-de-la-generation-des-animaux-et-des-plantes-avec-une-ebauche-de-lhistoire-des-etres-organises-avant-leur-fecondation-par-jean-senebier\/","url":"https:\/\/www.librairieclavreuil.com\/en\/spallanzani-lazzaro-experiences-pour-servir-a-lhistoire-de-la-generation-des-animaux-et-des-plantes-avec-une-ebauche-de-lhistoire-des-etres-organises-avant-leur-fecondation-par-jean-senebier\/","name":"SPALLANZANI Lazzaro Exp\u00e9riences pour servir \u00e0 l'histoire de la g\u00e9n\u00e9ration des animaux et des plantes... Avec une \u00e9bauche de l'histoire des \u00eatres organis\u00e9s avant leur f\u00e9condation par Jean Senebier. - Libairie Clavreuil","isPartOf":{"@id":"https:\/\/www.librairieclavreuil.com\/#website"},"primaryImageOfPage":{"@id":"https:\/\/www.librairieclavreuil.com\/en\/spallanzani-lazzaro-experiences-pour-servir-a-lhistoire-de-la-generation-des-animaux-et-des-plantes-avec-une-ebauche-de-lhistoire-des-etres-organises-avant-leur-fecondation-par-jean-senebier\/#primaryimage"},"image":{"@id":"https:\/\/www.librairieclavreuil.com\/en\/spallanzani-lazzaro-experiences-pour-servir-a-lhistoire-de-la-generation-des-animaux-et-des-plantes-avec-une-ebauche-de-lhistoire-des-etres-organises-avant-leur-fecondation-par-jean-senebier\/#primaryimage"},"thumbnailUrl":"https:\/\/www.librairieclavreuil.com\/wp-content\/uploads\/2025\/09\/lazzaro-spallanzani-experiences-pour-servir-a-l-histoire-de-la-generation-des-animaux-et-des-plantes-avec-une-ebauche-de-l-histoire-des-etres-organise.jpg","datePublished":"2025-09-25T15:37:13+00:00","dateModified":"2025-09-25T15:37:18+00:00","breadcrumb":{"@id":"https:\/\/www.librairieclavreuil.com\/en\/spallanzani-lazzaro-experiences-pour-servir-a-lhistoire-de-la-generation-des-animaux-et-des-plantes-avec-une-ebauche-de-lhistoire-des-etres-organises-avant-leur-fecondation-par-jean-senebier\/#breadcrumb"},"inLanguage":"en-US","potentialAction":[{"@type":"ReadAction","target":["https:\/\/www.librairieclavreuil.com\/en\/spallanzani-lazzaro-experiences-pour-servir-a-lhistoire-de-la-generation-des-animaux-et-des-plantes-avec-une-ebauche-de-lhistoire-des-etres-organises-avant-leur-fecondation-par-jean-senebier\/"]}]},{"@type":"ImageObject","inLanguage":"en-US","@id":"https:\/\/www.librairieclavreuil.com\/en\/spallanzani-lazzaro-experiences-pour-servir-a-lhistoire-de-la-generation-des-animaux-et-des-plantes-avec-une-ebauche-de-lhistoire-des-etres-organises-avant-leur-fecondation-par-jean-senebier\/#primaryimage","url":"https:\/\/www.librairieclavreuil.com\/wp-content\/uploads\/2025\/09\/lazzaro-spallanzani-experiences-pour-servir-a-l-histoire-de-la-generation-des-animaux-et-des-plantes-avec-une-ebauche-de-l-histoire-des-etres-organise.jpg","contentUrl":"https:\/\/www.librairieclavreuil.com\/wp-content\/uploads\/2025\/09\/lazzaro-spallanzani-experiences-pour-servir-a-l-histoire-de-la-generation-des-animaux-et-des-plantes-avec-une-ebauche-de-l-histoire-des-etres-organise.jpg","width":600,"height":800},{"@type":"BreadcrumbList","@id":"https:\/\/www.librairieclavreuil.com\/en\/spallanzani-lazzaro-experiences-pour-servir-a-lhistoire-de-la-generation-des-animaux-et-des-plantes-avec-une-ebauche-de-lhistoire-des-etres-organises-avant-leur-fecondation-par-jean-senebier\/#breadcrumb","itemListElement":[{"@type":"ListItem","position":1,"name":"Accueil","item":"https:\/\/www.librairieclavreuil.com\/"},{"@type":"ListItem","position":2,"name":"All our books","item":"https:\/\/www.librairieclavreuil.com\/en\/all-our-books\/"},{"@type":"ListItem","position":3,"name":"SPALLANZANI Lazzaro Exp\u00e9riences pour servir \u00e0 l&rsquo;histoire de..."}]},{"@type":"WebSite","@id":"https:\/\/www.librairieclavreuil.com\/#website","url":"https:\/\/www.librairieclavreuil.com\/","name":"Libairie Clavreuil","description":"Livres anciens, manuscrits rares et \u00e9ditions originales \u2013 Librairie Clavreuil","publisher":{"@id":"https:\/\/www.librairieclavreuil.com\/#organization"},"potentialAction":[{"@type":"SearchAction","target":{"@type":"EntryPoint","urlTemplate":"https:\/\/www.librairieclavreuil.com\/?s={search_term_string}"},"query-input":{"@type":"PropertyValueSpecification","valueRequired":true,"valueName":"search_term_string"}}],"inLanguage":"en-US"},{"@type":"Organization","@id":"https:\/\/www.librairieclavreuil.com\/#organization","name":"Libairie Clavreuil","url":"https:\/\/www.librairieclavreuil.com\/","logo":{"@type":"ImageObject","inLanguage":"en-US","@id":"https:\/\/www.librairieclavreuil.com\/#\/schema\/logo\/image\/","url":"https:\/\/www.librairieclavreuil.com\/wp-content\/uploads\/2021\/06\/cropped-LOGO_PNG_DATE-_gold-512x512-1.png","contentUrl":"https:\/\/www.librairieclavreuil.com\/wp-content\/uploads\/2021\/06\/cropped-LOGO_PNG_DATE-_gold-512x512-1.png","width":512,"height":512,"caption":"Libairie Clavreuil"},"image":{"@id":"https:\/\/www.librairieclavreuil.com\/#\/schema\/logo\/image\/"},"sameAs":["https:\/\/www.instagram.com\/librairieclavreuil\/"]}]}},"jetpack_sharing_enabled":true,"_links":{"self":[{"href":"https:\/\/www.librairieclavreuil.com\/en\/wp-json\/wp\/v2\/product\/88055","targetHints":{"allow":["GET"]}}],"collection":[{"href":"https:\/\/www.librairieclavreuil.com\/en\/wp-json\/wp\/v2\/product"}],"about":[{"href":"https:\/\/www.librairieclavreuil.com\/en\/wp-json\/wp\/v2\/types\/product"}],"replies":[{"embeddable":true,"href":"https:\/\/www.librairieclavreuil.com\/en\/wp-json\/wp\/v2\/comments?post=88055"}],"wp:featuredmedia":[{"embeddable":true,"href":"https:\/\/www.librairieclavreuil.com\/en\/wp-json\/wp\/v2\/media\/88050"}],"wp:attachment":[{"href":"https:\/\/www.librairieclavreuil.com\/en\/wp-json\/wp\/v2\/media?parent=88055"}],"wp:term":[{"taxonomy":"product_brand","embeddable":true,"href":"https:\/\/www.librairieclavreuil.com\/en\/wp-json\/wp\/v2\/product_brand?post=88055"},{"taxonomy":"product_cat","embeddable":true,"href":"https:\/\/www.librairieclavreuil.com\/en\/wp-json\/wp\/v2\/product_cat?post=88055"},{"taxonomy":"product_tag","embeddable":true,"href":"https:\/\/www.librairieclavreuil.com\/en\/wp-json\/wp\/v2\/product_tag?post=88055"}],"curies":[{"name":"wp","href":"https:\/\/api.w.org\/{rel}","templated":true}]}}