{"id":88041,"date":"2025-09-25T17:36:46","date_gmt":"2025-09-25T15:36:46","guid":{"rendered":"https:\/\/www.librairieclavreuil.com\/lenormand-louis-sebastien-manuel-pratique-de-lart-du-degraisseur-ou-instruction-sur-les-moyens-faciles-denlever-soi-meme-toutes-sortes-de-taches-seconde-edition\/"},"modified":"2025-09-25T17:36:51","modified_gmt":"2025-09-25T15:36:51","slug":"lenormand-louis-sebastien-manuel-pratique-de-lart-du-degraisseur-ou-instruction-sur-les-moyens-faciles-denlever-soi-meme-toutes-sortes-de-taches-seconde-edition","status":"publish","type":"product","link":"https:\/\/www.librairieclavreuil.com\/en\/lenormand-louis-sebastien-manuel-pratique-de-lart-du-degraisseur-ou-instruction-sur-les-moyens-faciles-denlever-soi-meme-toutes-sortes-de-taches-seconde-edition\/","title":{"rendered":"LENORMAND Louis-S\u00e9bastien Manuel pratique de l&#8217;art du d\u00e9graisseur..."},"content":{"rendered":"<p style=\"text-align:justify\"><i>Ron, Bibliotheca Tinctoria, p. 248 et n\u00b00060 (under Baillot); not in Neville or Cole.<\/i><\/p>\n<p style=\"text-align:justify\">First edition.<\/p>\n<p>A copy of the resale of the original edition with a new title.<\/p>\n<p>Louis-S\u00e9bastien Lenormand (1757-1839) was a renowned chemist and Lavoisier&#8217;s assistant, responsible in particular for the production of nitre, an essential element in the manufacture of gunpowder.<\/p>\n<p style=\"text-align:justify\">&#8220;During the revolution he was in charge of niter production for the manufacture of gundpowder. Later he became professor of chemistry at the \u00c9cole Centrale, Paris&#8221; (Neville). Ron quotes this title as a supplement to the <i>Nouveau manuel du teinturier <\/i>by Baillot (Paris 1819), specifying that &#8220;Lenormand&#8217;s book, an extract of which is added to Baillot&#8217;s (pp. 161-322) is claimed to be unpublished, but in the same year (1819) a 1st and 2nd edition were listed in the catalogue of the Biblioth\u00e8que Nationale, and a 3rd noted in 1826&#8221;.<\/p>\n<p>Beginning with 147 articles on how to remove stains of all kinds from any surface, the work continues with details on the treatment of paper (bleaching old paper, how to remove grease stains, ink stains, etc.), and ends with a very detailed index, which occupies pages 159-191.<\/p>\n<p>Nice copy.<\/p>\n","protected":false},"excerpt":{"rendered":"<p style=\"text-align:justify\">12mo (160 x 100 mm) 191 pp. Contemporary half-sheep with corners, flat spine, speckeld edges.<\/p>\n","protected":false},"featured_media":88034,"comment_status":"open","ping_status":"closed","template":"","meta":{"_acf_changed":false},"product_brand":[],"product_cat":[550],"product_tag":[1324,1450,1326],"class_list":{"0":"post-88041","1":"product","2":"type-product","3":"status-publish","4":"has-post-thumbnail","6":"product_cat-science","7":"product_tag-chemistry","8":"product_tag-first-edition","9":"product_tag-general-chemistry","10":"pa_auteur-lenormand-louis-sebastien-2","11":"pa_type-de-livre-printed-book","13":"first","14":"instock","15":"shipping-taxable","16":"purchasable","17":"product-type-simple"},"acf":{"artist":" Louis-S\u00e9bastien LENORMAND","chapeau":"","adresse_bibliographique":"Paris, Bachelier, 1819","book_type":"Printed book","provenance":"","afficher_prix":""},"yoast_head":"<!-- This site is optimized with the Yoast SEO plugin v24.7 - https:\/\/yoast.com\/wordpress\/plugins\/seo\/ -->\n<title>LENORMAND Louis-S\u00e9bastien Manuel pratique de l&#039;art du d\u00e9graisseur ou Instruction sur les moyens faciles d&#039;enlever soi-m\u00eame toutes sortes de taches. Seconde \u00e9dition. - Libairie Clavreuil<\/title>\n<meta name=\"robots\" content=\"index, follow, max-snippet:-1, max-image-preview:large, max-video-preview:-1\" \/>\n<link rel=\"canonical\" href=\"https:\/\/www.librairieclavreuil.com\/en\/lenormand-louis-sebastien-manuel-pratique-de-lart-du-degraisseur-ou-instruction-sur-les-moyens-faciles-denlever-soi-meme-toutes-sortes-de-taches-seconde-edition\/\" \/>\n<meta property=\"og:locale\" content=\"en_US\" \/>\n<meta property=\"og:type\" content=\"article\" \/>\n<meta property=\"og:title\" content=\"LENORMAND Louis-S\u00e9bastien Manuel pratique de l&#039;art du d\u00e9graisseur ou Instruction sur les moyens faciles d&#039;enlever soi-m\u00eame toutes sortes de taches. Seconde \u00e9dition. - Libairie Clavreuil\" \/>\n<meta property=\"og:description\" content=\"12mo (160 x 100 mm) 191 pp. Contemporary half-sheep with corners, flat spine, speckeld edges.\" \/>\n<meta property=\"og:url\" content=\"https:\/\/www.librairieclavreuil.com\/en\/lenormand-louis-sebastien-manuel-pratique-de-lart-du-degraisseur-ou-instruction-sur-les-moyens-faciles-denlever-soi-meme-toutes-sortes-de-taches-seconde-edition\/\" \/>\n<meta property=\"og:site_name\" content=\"Libairie Clavreuil\" \/>\n<meta property=\"article:modified_time\" content=\"2025-09-25T15:36:51+00:00\" \/>\n<meta property=\"og:image\" content=\"https:\/\/www.librairieclavreuil.com\/wp-content\/uploads\/2025\/09\/louis-sebastien-lenormand-manuel-pratique-de-l-art-du-degraisseur-ou-instruction-sur-les-moyens-faciles-d-enlever-soi-meme-toutes-sortes-de-taches-sec.jpg\" \/>\n\t<meta property=\"og:image:width\" content=\"581\" \/>\n\t<meta property=\"og:image:height\" content=\"800\" \/>\n\t<meta property=\"og:image:type\" content=\"image\/jpeg\" \/>\n<meta name=\"twitter:card\" content=\"summary_large_image\" \/>\n<meta name=\"twitter:label1\" content=\"Est. reading time\" \/>\n\t<meta name=\"twitter:data1\" content=\"1 minute\" \/>\n<script type=\"application\/ld+json\" class=\"yoast-schema-graph\">{\"@context\":\"https:\/\/schema.org\",\"@graph\":[{\"@type\":\"WebPage\",\"@id\":\"https:\/\/www.librairieclavreuil.com\/en\/lenormand-louis-sebastien-manuel-pratique-de-lart-du-degraisseur-ou-instruction-sur-les-moyens-faciles-denlever-soi-meme-toutes-sortes-de-taches-seconde-edition\/\",\"url\":\"https:\/\/www.librairieclavreuil.com\/en\/lenormand-louis-sebastien-manuel-pratique-de-lart-du-degraisseur-ou-instruction-sur-les-moyens-faciles-denlever-soi-meme-toutes-sortes-de-taches-seconde-edition\/\",\"name\":\"LENORMAND Louis-S\u00e9bastien Manuel pratique de l'art du d\u00e9graisseur ou Instruction sur les moyens faciles d'enlever soi-m\u00eame toutes sortes de taches. Seconde \u00e9dition. - Libairie Clavreuil\",\"isPartOf\":{\"@id\":\"https:\/\/www.librairieclavreuil.com\/#website\"},\"primaryImageOfPage\":{\"@id\":\"https:\/\/www.librairieclavreuil.com\/en\/lenormand-louis-sebastien-manuel-pratique-de-lart-du-degraisseur-ou-instruction-sur-les-moyens-faciles-denlever-soi-meme-toutes-sortes-de-taches-seconde-edition\/#primaryimage\"},\"image\":{\"@id\":\"https:\/\/www.librairieclavreuil.com\/en\/lenormand-louis-sebastien-manuel-pratique-de-lart-du-degraisseur-ou-instruction-sur-les-moyens-faciles-denlever-soi-meme-toutes-sortes-de-taches-seconde-edition\/#primaryimage\"},\"thumbnailUrl\":\"https:\/\/www.librairieclavreuil.com\/wp-content\/uploads\/2025\/09\/louis-sebastien-lenormand-manuel-pratique-de-l-art-du-degraisseur-ou-instruction-sur-les-moyens-faciles-d-enlever-soi-meme-toutes-sortes-de-taches-sec.jpg\",\"datePublished\":\"2025-09-25T15:36:46+00:00\",\"dateModified\":\"2025-09-25T15:36:51+00:00\",\"breadcrumb\":{\"@id\":\"https:\/\/www.librairieclavreuil.com\/en\/lenormand-louis-sebastien-manuel-pratique-de-lart-du-degraisseur-ou-instruction-sur-les-moyens-faciles-denlever-soi-meme-toutes-sortes-de-taches-seconde-edition\/#breadcrumb\"},\"inLanguage\":\"en-US\",\"potentialAction\":[{\"@type\":\"ReadAction\",\"target\":[\"https:\/\/www.librairieclavreuil.com\/en\/lenormand-louis-sebastien-manuel-pratique-de-lart-du-degraisseur-ou-instruction-sur-les-moyens-faciles-denlever-soi-meme-toutes-sortes-de-taches-seconde-edition\/\"]}]},{\"@type\":\"ImageObject\",\"inLanguage\":\"en-US\",\"@id\":\"https:\/\/www.librairieclavreuil.com\/en\/lenormand-louis-sebastien-manuel-pratique-de-lart-du-degraisseur-ou-instruction-sur-les-moyens-faciles-denlever-soi-meme-toutes-sortes-de-taches-seconde-edition\/#primaryimage\",\"url\":\"https:\/\/www.librairieclavreuil.com\/wp-content\/uploads\/2025\/09\/louis-sebastien-lenormand-manuel-pratique-de-l-art-du-degraisseur-ou-instruction-sur-les-moyens-faciles-d-enlever-soi-meme-toutes-sortes-de-taches-sec.jpg\",\"contentUrl\":\"https:\/\/www.librairieclavreuil.com\/wp-content\/uploads\/2025\/09\/louis-sebastien-lenormand-manuel-pratique-de-l-art-du-degraisseur-ou-instruction-sur-les-moyens-faciles-d-enlever-soi-meme-toutes-sortes-de-taches-sec.jpg\",\"width\":581,\"height\":800},{\"@type\":\"BreadcrumbList\",\"@id\":\"https:\/\/www.librairieclavreuil.com\/en\/lenormand-louis-sebastien-manuel-pratique-de-lart-du-degraisseur-ou-instruction-sur-les-moyens-faciles-denlever-soi-meme-toutes-sortes-de-taches-seconde-edition\/#breadcrumb\",\"itemListElement\":[{\"@type\":\"ListItem\",\"position\":1,\"name\":\"Accueil\",\"item\":\"https:\/\/www.librairieclavreuil.com\/\"},{\"@type\":\"ListItem\",\"position\":2,\"name\":\"All our books\",\"item\":\"https:\/\/www.librairieclavreuil.com\/en\/all-our-books\/\"},{\"@type\":\"ListItem\",\"position\":3,\"name\":\"LENORMAND Louis-S\u00e9bastien Manuel pratique de l&rsquo;art du d\u00e9graisseur...\"}]},{\"@type\":\"WebSite\",\"@id\":\"https:\/\/www.librairieclavreuil.com\/#website\",\"url\":\"https:\/\/www.librairieclavreuil.com\/\",\"name\":\"Libairie Clavreuil\",\"description\":\"Livres anciens, manuscrits rares et \u00e9ditions originales \u2013 Librairie Clavreuil\",\"publisher\":{\"@id\":\"https:\/\/www.librairieclavreuil.com\/#organization\"},\"potentialAction\":[{\"@type\":\"SearchAction\",\"target\":{\"@type\":\"EntryPoint\",\"urlTemplate\":\"https:\/\/www.librairieclavreuil.com\/?s={search_term_string}\"},\"query-input\":{\"@type\":\"PropertyValueSpecification\",\"valueRequired\":true,\"valueName\":\"search_term_string\"}}],\"inLanguage\":\"en-US\"},{\"@type\":\"Organization\",\"@id\":\"https:\/\/www.librairieclavreuil.com\/#organization\",\"name\":\"Libairie Clavreuil\",\"url\":\"https:\/\/www.librairieclavreuil.com\/\",\"logo\":{\"@type\":\"ImageObject\",\"inLanguage\":\"en-US\",\"@id\":\"https:\/\/www.librairieclavreuil.com\/#\/schema\/logo\/image\/\",\"url\":\"https:\/\/www.librairieclavreuil.com\/wp-content\/uploads\/2021\/06\/cropped-LOGO_PNG_DATE-_gold-512x512-1.png\",\"contentUrl\":\"https:\/\/www.librairieclavreuil.com\/wp-content\/uploads\/2021\/06\/cropped-LOGO_PNG_DATE-_gold-512x512-1.png\",\"width\":512,\"height\":512,\"caption\":\"Libairie Clavreuil\"},\"image\":{\"@id\":\"https:\/\/www.librairieclavreuil.com\/#\/schema\/logo\/image\/\"},\"sameAs\":[\"https:\/\/www.instagram.com\/librairieclavreuil\/\"]}]}<\/script>\n<!-- \/ Yoast SEO plugin. -->","yoast_head_json":{"title":"LENORMAND Louis-S\u00e9bastien Manuel pratique de l'art du d\u00e9graisseur ou Instruction sur les moyens faciles d'enlever soi-m\u00eame toutes sortes de taches. Seconde \u00e9dition. - Libairie Clavreuil","robots":{"index":"index","follow":"follow","max-snippet":"max-snippet:-1","max-image-preview":"max-image-preview:large","max-video-preview":"max-video-preview:-1"},"canonical":"https:\/\/www.librairieclavreuil.com\/en\/lenormand-louis-sebastien-manuel-pratique-de-lart-du-degraisseur-ou-instruction-sur-les-moyens-faciles-denlever-soi-meme-toutes-sortes-de-taches-seconde-edition\/","og_locale":"en_US","og_type":"article","og_title":"LENORMAND Louis-S\u00e9bastien Manuel pratique de l'art du d\u00e9graisseur ou Instruction sur les moyens faciles d'enlever soi-m\u00eame toutes sortes de taches. Seconde \u00e9dition. - Libairie Clavreuil","og_description":"12mo (160 x 100 mm) 191 pp. Contemporary half-sheep with corners, flat spine, speckeld edges.","og_url":"https:\/\/www.librairieclavreuil.com\/en\/lenormand-louis-sebastien-manuel-pratique-de-lart-du-degraisseur-ou-instruction-sur-les-moyens-faciles-denlever-soi-meme-toutes-sortes-de-taches-seconde-edition\/","og_site_name":"Libairie Clavreuil","article_modified_time":"2025-09-25T15:36:51+00:00","og_image":[{"width":581,"height":800,"url":"https:\/\/www.librairieclavreuil.com\/wp-content\/uploads\/2025\/09\/louis-sebastien-lenormand-manuel-pratique-de-l-art-du-degraisseur-ou-instruction-sur-les-moyens-faciles-d-enlever-soi-meme-toutes-sortes-de-taches-sec.jpg","type":"image\/jpeg"}],"twitter_card":"summary_large_image","twitter_misc":{"Est. reading time":"1 minute"},"schema":{"@context":"https:\/\/schema.org","@graph":[{"@type":"WebPage","@id":"https:\/\/www.librairieclavreuil.com\/en\/lenormand-louis-sebastien-manuel-pratique-de-lart-du-degraisseur-ou-instruction-sur-les-moyens-faciles-denlever-soi-meme-toutes-sortes-de-taches-seconde-edition\/","url":"https:\/\/www.librairieclavreuil.com\/en\/lenormand-louis-sebastien-manuel-pratique-de-lart-du-degraisseur-ou-instruction-sur-les-moyens-faciles-denlever-soi-meme-toutes-sortes-de-taches-seconde-edition\/","name":"LENORMAND Louis-S\u00e9bastien Manuel pratique de l'art du d\u00e9graisseur ou Instruction sur les moyens faciles d'enlever soi-m\u00eame toutes sortes de taches. Seconde \u00e9dition. - Libairie Clavreuil","isPartOf":{"@id":"https:\/\/www.librairieclavreuil.com\/#website"},"primaryImageOfPage":{"@id":"https:\/\/www.librairieclavreuil.com\/en\/lenormand-louis-sebastien-manuel-pratique-de-lart-du-degraisseur-ou-instruction-sur-les-moyens-faciles-denlever-soi-meme-toutes-sortes-de-taches-seconde-edition\/#primaryimage"},"image":{"@id":"https:\/\/www.librairieclavreuil.com\/en\/lenormand-louis-sebastien-manuel-pratique-de-lart-du-degraisseur-ou-instruction-sur-les-moyens-faciles-denlever-soi-meme-toutes-sortes-de-taches-seconde-edition\/#primaryimage"},"thumbnailUrl":"https:\/\/www.librairieclavreuil.com\/wp-content\/uploads\/2025\/09\/louis-sebastien-lenormand-manuel-pratique-de-l-art-du-degraisseur-ou-instruction-sur-les-moyens-faciles-d-enlever-soi-meme-toutes-sortes-de-taches-sec.jpg","datePublished":"2025-09-25T15:36:46+00:00","dateModified":"2025-09-25T15:36:51+00:00","breadcrumb":{"@id":"https:\/\/www.librairieclavreuil.com\/en\/lenormand-louis-sebastien-manuel-pratique-de-lart-du-degraisseur-ou-instruction-sur-les-moyens-faciles-denlever-soi-meme-toutes-sortes-de-taches-seconde-edition\/#breadcrumb"},"inLanguage":"en-US","potentialAction":[{"@type":"ReadAction","target":["https:\/\/www.librairieclavreuil.com\/en\/lenormand-louis-sebastien-manuel-pratique-de-lart-du-degraisseur-ou-instruction-sur-les-moyens-faciles-denlever-soi-meme-toutes-sortes-de-taches-seconde-edition\/"]}]},{"@type":"ImageObject","inLanguage":"en-US","@id":"https:\/\/www.librairieclavreuil.com\/en\/lenormand-louis-sebastien-manuel-pratique-de-lart-du-degraisseur-ou-instruction-sur-les-moyens-faciles-denlever-soi-meme-toutes-sortes-de-taches-seconde-edition\/#primaryimage","url":"https:\/\/www.librairieclavreuil.com\/wp-content\/uploads\/2025\/09\/louis-sebastien-lenormand-manuel-pratique-de-l-art-du-degraisseur-ou-instruction-sur-les-moyens-faciles-d-enlever-soi-meme-toutes-sortes-de-taches-sec.jpg","contentUrl":"https:\/\/www.librairieclavreuil.com\/wp-content\/uploads\/2025\/09\/louis-sebastien-lenormand-manuel-pratique-de-l-art-du-degraisseur-ou-instruction-sur-les-moyens-faciles-d-enlever-soi-meme-toutes-sortes-de-taches-sec.jpg","width":581,"height":800},{"@type":"BreadcrumbList","@id":"https:\/\/www.librairieclavreuil.com\/en\/lenormand-louis-sebastien-manuel-pratique-de-lart-du-degraisseur-ou-instruction-sur-les-moyens-faciles-denlever-soi-meme-toutes-sortes-de-taches-seconde-edition\/#breadcrumb","itemListElement":[{"@type":"ListItem","position":1,"name":"Accueil","item":"https:\/\/www.librairieclavreuil.com\/"},{"@type":"ListItem","position":2,"name":"All our books","item":"https:\/\/www.librairieclavreuil.com\/en\/all-our-books\/"},{"@type":"ListItem","position":3,"name":"LENORMAND Louis-S\u00e9bastien Manuel pratique de l&rsquo;art du d\u00e9graisseur..."}]},{"@type":"WebSite","@id":"https:\/\/www.librairieclavreuil.com\/#website","url":"https:\/\/www.librairieclavreuil.com\/","name":"Libairie Clavreuil","description":"Livres anciens, manuscrits rares et \u00e9ditions originales \u2013 Librairie Clavreuil","publisher":{"@id":"https:\/\/www.librairieclavreuil.com\/#organization"},"potentialAction":[{"@type":"SearchAction","target":{"@type":"EntryPoint","urlTemplate":"https:\/\/www.librairieclavreuil.com\/?s={search_term_string}"},"query-input":{"@type":"PropertyValueSpecification","valueRequired":true,"valueName":"search_term_string"}}],"inLanguage":"en-US"},{"@type":"Organization","@id":"https:\/\/www.librairieclavreuil.com\/#organization","name":"Libairie Clavreuil","url":"https:\/\/www.librairieclavreuil.com\/","logo":{"@type":"ImageObject","inLanguage":"en-US","@id":"https:\/\/www.librairieclavreuil.com\/#\/schema\/logo\/image\/","url":"https:\/\/www.librairieclavreuil.com\/wp-content\/uploads\/2021\/06\/cropped-LOGO_PNG_DATE-_gold-512x512-1.png","contentUrl":"https:\/\/www.librairieclavreuil.com\/wp-content\/uploads\/2021\/06\/cropped-LOGO_PNG_DATE-_gold-512x512-1.png","width":512,"height":512,"caption":"Libairie Clavreuil"},"image":{"@id":"https:\/\/www.librairieclavreuil.com\/#\/schema\/logo\/image\/"},"sameAs":["https:\/\/www.instagram.com\/librairieclavreuil\/"]}]}},"jetpack_sharing_enabled":true,"_links":{"self":[{"href":"https:\/\/www.librairieclavreuil.com\/en\/wp-json\/wp\/v2\/product\/88041","targetHints":{"allow":["GET"]}}],"collection":[{"href":"https:\/\/www.librairieclavreuil.com\/en\/wp-json\/wp\/v2\/product"}],"about":[{"href":"https:\/\/www.librairieclavreuil.com\/en\/wp-json\/wp\/v2\/types\/product"}],"replies":[{"embeddable":true,"href":"https:\/\/www.librairieclavreuil.com\/en\/wp-json\/wp\/v2\/comments?post=88041"}],"wp:featuredmedia":[{"embeddable":true,"href":"https:\/\/www.librairieclavreuil.com\/en\/wp-json\/wp\/v2\/media\/88034"}],"wp:attachment":[{"href":"https:\/\/www.librairieclavreuil.com\/en\/wp-json\/wp\/v2\/media?parent=88041"}],"wp:term":[{"taxonomy":"product_brand","embeddable":true,"href":"https:\/\/www.librairieclavreuil.com\/en\/wp-json\/wp\/v2\/product_brand?post=88041"},{"taxonomy":"product_cat","embeddable":true,"href":"https:\/\/www.librairieclavreuil.com\/en\/wp-json\/wp\/v2\/product_cat?post=88041"},{"taxonomy":"product_tag","embeddable":true,"href":"https:\/\/www.librairieclavreuil.com\/en\/wp-json\/wp\/v2\/product_tag?post=88041"}],"curies":[{"name":"wp","href":"https:\/\/api.w.org\/{rel}","templated":true}]}}