{"id":87852,"date":"2025-09-01T14:39:12","date_gmt":"2025-09-01T12:39:12","guid":{"rendered":"https:\/\/www.librairieclavreuil.com\/lalemant-jerome-appele-achiendasse-par-les-hurons-relation-de-ce-qui-sest-passe-de-plus-remarquable-aux-missions-des-peres-de-la-compagnie-de-jesus-en-la-nouvelle-france-sur-le-grand-flevve-de-sai\/"},"modified":"2025-09-01T14:39:18","modified_gmt":"2025-09-01T12:39:18","slug":"lalemant-jerome-appele-achiendasse-par-les-hurons-relation-de-ce-qui-sest-passe-de-plus-remarquable-aux-missions-des-peres-de-la-compagnie-de-jesus-en-la-nouvelle-france-sur-le-grand-flevve-de-sai","status":"publish","type":"product","link":"https:\/\/www.librairieclavreuil.com\/en\/lalemant-jerome-appele-achiendasse-par-les-hurons-relation-de-ce-qui-sest-passe-de-plus-remarquable-aux-missions-des-peres-de-la-compagnie-de-jesus-en-la-nouvelle-france-sur-le-grand-flevve-de-sai\/","title":{"rendered":"LALEMANT J\u00e9r\u00f4me (appel\u00e9 Achiendass\u00e9 par les Hurons) Relation..."},"content":{"rendered":"<p style=\"text-align:justify\"><i>Alden\/Landis, 648\/89 ; John Carter Brown, II, 372 ; Sabin, 38685 ; Church, II, 487; de Backer-Sommervogel, IV, 1401:8. Not in Chadenat and Leclerc.<\/i><\/p>\n<p style=\"text-align:justify\"><span style=\"font-variant:small-caps\">First edition of this important account by Jesuit missionaries in Canada of their activities in 1647 among the Native Americans of the Quebec and Great Lakes regions, and their daily life among the Hurons and Algonquins.<\/span><\/p>\n<p style=\"text-align:justify\">Born in Paris in 1593 and died in Quebec City in 1673, J\u00e9r\u00f4me Lalemant was a Jesuit priest, superior of the Huron mission from 1638 to 1645, then superior of the Jesuits of Canada from 1645 to 1650 and from 1659 to 1665. He entered the Jesuit novitiate in Paris in 1610 and studied philosophy and then theology at the Coll\u00e8ge de Clermont. In the meantime, he was prefect of the boarding school in Verdun and a teacher at the Coll\u00e8ge d&#8217;Amiens before teaching philosophy and science at the Coll\u00e8ge de Clermont and becoming spiritual father of that college. Few Jesuits had as much experience as Father J\u00e9r\u00f4me Lalemant before coming to Canada, which attests to the high esteem in which he was held by his superiors.<\/p>\n<p style=\"text-align:justify\">After all these years of teaching, Lallemant was appointed superior of the Huron mission in 1638, the same year he arrived in Canada, succeeding Br\u00e9beuf. His first act was to conduct a census of the population within the boundaries of Huronia: 12,000 people spread across 32 towns or villages.<\/p>\n<p style=\"text-align:justify\">His name remains attached to the missionaries&#8217; central residence: Sainte-Marie-des-Hurons. Begun in 1639, this first major settlement in the \u2018Pays d&#8217;En Haut\u2019 developed at the same pace as the mission itself. By 1649, it contained a chapel, residences for the priests and lay staff, carpentry and blacksmith workshops, a hospital, a retirement home for neophytes, a guesthouse for non-Christians passing through, a cemetery, and a farm with a farmyard and domestic animals. As a base for apostolic operations, Sainte-Marie-des-Hurons was the stronghold of the mission from 1639 to 1649.<\/p>\n<p style=\"text-align:justify\">The physical construction of Sainte-Marie-des-Hurons would have been impossible without an institution introduced to Canada by Father J\u00e9r\u00f4me Lalemant: the \u2018donn\u00e9s\u2019. The brothers in charge of domestic work were too few in number to keep up with the constant progress of the mission. Moreover, their religious status prohibited them from carrying weapons, and it was not prudent for the missionaries to remain defenceless in Huronia. The \u2018don\u00e9s,\u2019 who devoted their lives to the mission but did not take religious vows, supplemented the coadjutor brothers and could, if necessary, take up arms.<\/p>\n<p style=\"text-align:justify\">In 1644, Father J\u00e9r\u00f4me Lalemant was appointed superior of the Jesuits in Canada, with residence in Quebec City. The letter bringing him this news was intercepted by the Iroquois, and he did not take up his post until September 1645. After returning to France for a few years, he returned to Quebec City as superior of the Jesuits in 1659, never to leave again.<\/p>\n<p style=\"text-align:justify\">The Hurons had nicknamed Father Lalemant \u2018Achiendass\u00e9\u2019. He himself explains the origins of this custom: &#8216;The reason for these nicknames is that the Savages, not being able to pronounce our names or nicknames, as their language does not use many of the consonants found in them, do their best to approximate them, and if they cannot manage it, they look for words in their own language that are easy to pronounce and have some connection with our names or their meaning. But as it sometimes happens that they come across words that are rather inappropriate, they look for words in their own language that are easy to pronounce and have some connection with our names or their meaning. in the country that they can easily pronounce and that have some connection with our names or their meaning. But since it sometimes happens that they encounter rather inappropriate names, the confirmation or change of the names they gave during the voyage is done in the country.&#8221; See : Dictionnaire biographique du Canada, L\u00e9on Pouliot, vol. 1.<\/p>\n<p style=\"text-align:justify\">A very fine copy in contemporary vellum, small marginal waterstain to the last 50 leaves.<\/p>\n","protected":false},"excerpt":{"rendered":"<p style=\"text-align:justify\">8vo (172 x 114 mm) 4 un.l., 276 pp. Contemporary limp vellum , flat spine (light overall wear).<\/p>\n","protected":false},"featured_media":87842,"comment_status":"open","ping_status":"closed","template":"","meta":{"_acf_changed":false},"product_brand":[],"product_cat":[552],"product_tag":[1365],"class_list":{"0":"post-87852","1":"product","2":"type-product","3":"status-publish","4":"has-post-thumbnail","6":"product_cat-travel","7":"product_tag-canada-2","8":"pa_auteur-lalemant-jerome-appele-achiendasse-par-les-hurons-2","9":"pa_type-de-livre-printed-book","11":"first","12":"outofstock","13":"shipping-taxable","14":"purchasable","15":"product-type-simple"},"acf":{"artist":"J\u00e9r\u00f4me (appel\u00e9 Achiendass\u00e9 par les Hurons) LALEMANT","chapeau":"","adresse_bibliographique":"Paris, S\u00e9bastien et Gabriel Cramoisy, 1648","book_type":"Printed book","provenance":"","afficher_prix":""},"yoast_head":"<!-- This site is optimized with the Yoast SEO plugin v24.7 - https:\/\/yoast.com\/wordpress\/plugins\/seo\/ -->\n<title>LALEMANT J\u00e9r\u00f4me (appel\u00e9 Achiendass\u00e9 par les Hurons) Relation de ce qui s&#039;est pass\u00e9 de plus remarquable aux missions des P\u00e8res de la Compagnie de J\u00e9sus en la Nouvelle France sur le grand flevve de Saint Laurens en l&#039;ann\u00e9e 1647. - Libairie Clavreuil<\/title>\n<meta name=\"robots\" content=\"index, follow, max-snippet:-1, max-image-preview:large, max-video-preview:-1\" \/>\n<link rel=\"canonical\" href=\"https:\/\/www.librairieclavreuil.com\/en\/lalemant-jerome-appele-achiendasse-par-les-hurons-relation-de-ce-qui-sest-passe-de-plus-remarquable-aux-missions-des-peres-de-la-compagnie-de-jesus-en-la-nouvelle-france-sur-le-grand-flevve-de-sai\/\" \/>\n<meta property=\"og:locale\" content=\"en_US\" \/>\n<meta property=\"og:type\" content=\"article\" \/>\n<meta property=\"og:title\" content=\"LALEMANT J\u00e9r\u00f4me (appel\u00e9 Achiendass\u00e9 par les Hurons) Relation de ce qui s&#039;est pass\u00e9 de plus remarquable aux missions des P\u00e8res de la Compagnie de J\u00e9sus en la Nouvelle France sur le grand flevve de Saint Laurens en l&#039;ann\u00e9e 1647. - Libairie Clavreuil\" \/>\n<meta property=\"og:description\" content=\"8vo (172 x 114 mm) 4 un.l., 276 pp. Contemporary limp vellum , flat spine (light overall wear).\" \/>\n<meta property=\"og:url\" content=\"https:\/\/www.librairieclavreuil.com\/en\/lalemant-jerome-appele-achiendasse-par-les-hurons-relation-de-ce-qui-sest-passe-de-plus-remarquable-aux-missions-des-peres-de-la-compagnie-de-jesus-en-la-nouvelle-france-sur-le-grand-flevve-de-sai\/\" \/>\n<meta property=\"og:site_name\" content=\"Libairie Clavreuil\" \/>\n<meta property=\"article:modified_time\" content=\"2025-09-01T12:39:18+00:00\" \/>\n<meta property=\"og:image\" content=\"https:\/\/www.librairieclavreuil.com\/wp-content\/uploads\/2025\/09\/jerome-appele-achiendasse-par-les-hurons-lalemant-relation-de-ce-qui-s-est-passe-de-plus-remarquable-aux-missions-des-peres-de-la-compagnie-68b5939f8c0a3-1.jpg\" \/>\n\t<meta property=\"og:image:width\" content=\"533\" \/>\n\t<meta property=\"og:image:height\" content=\"800\" \/>\n\t<meta property=\"og:image:type\" content=\"image\/jpeg\" \/>\n<meta name=\"twitter:card\" content=\"summary_large_image\" \/>\n<meta name=\"twitter:label1\" content=\"Est. reading time\" \/>\n\t<meta name=\"twitter:data1\" content=\"3 minutes\" \/>\n<script type=\"application\/ld+json\" class=\"yoast-schema-graph\">{\"@context\":\"https:\/\/schema.org\",\"@graph\":[{\"@type\":\"WebPage\",\"@id\":\"https:\/\/www.librairieclavreuil.com\/en\/lalemant-jerome-appele-achiendasse-par-les-hurons-relation-de-ce-qui-sest-passe-de-plus-remarquable-aux-missions-des-peres-de-la-compagnie-de-jesus-en-la-nouvelle-france-sur-le-grand-flevve-de-sai\/\",\"url\":\"https:\/\/www.librairieclavreuil.com\/en\/lalemant-jerome-appele-achiendasse-par-les-hurons-relation-de-ce-qui-sest-passe-de-plus-remarquable-aux-missions-des-peres-de-la-compagnie-de-jesus-en-la-nouvelle-france-sur-le-grand-flevve-de-sai\/\",\"name\":\"LALEMANT J\u00e9r\u00f4me (appel\u00e9 Achiendass\u00e9 par les Hurons) Relation de ce qui s'est pass\u00e9 de plus remarquable aux missions des P\u00e8res de la Compagnie de J\u00e9sus en la Nouvelle France sur le grand flevve de Saint Laurens en l'ann\u00e9e 1647. - Libairie Clavreuil\",\"isPartOf\":{\"@id\":\"https:\/\/www.librairieclavreuil.com\/#website\"},\"primaryImageOfPage\":{\"@id\":\"https:\/\/www.librairieclavreuil.com\/en\/lalemant-jerome-appele-achiendasse-par-les-hurons-relation-de-ce-qui-sest-passe-de-plus-remarquable-aux-missions-des-peres-de-la-compagnie-de-jesus-en-la-nouvelle-france-sur-le-grand-flevve-de-sai\/#primaryimage\"},\"image\":{\"@id\":\"https:\/\/www.librairieclavreuil.com\/en\/lalemant-jerome-appele-achiendasse-par-les-hurons-relation-de-ce-qui-sest-passe-de-plus-remarquable-aux-missions-des-peres-de-la-compagnie-de-jesus-en-la-nouvelle-france-sur-le-grand-flevve-de-sai\/#primaryimage\"},\"thumbnailUrl\":\"https:\/\/www.librairieclavreuil.com\/wp-content\/uploads\/2025\/09\/jerome-appele-achiendasse-par-les-hurons-lalemant-relation-de-ce-qui-s-est-passe-de-plus-remarquable-aux-missions-des-peres-de-la-compagnie-68b5939f8c0a3-1.jpg\",\"datePublished\":\"2025-09-01T12:39:12+00:00\",\"dateModified\":\"2025-09-01T12:39:18+00:00\",\"breadcrumb\":{\"@id\":\"https:\/\/www.librairieclavreuil.com\/en\/lalemant-jerome-appele-achiendasse-par-les-hurons-relation-de-ce-qui-sest-passe-de-plus-remarquable-aux-missions-des-peres-de-la-compagnie-de-jesus-en-la-nouvelle-france-sur-le-grand-flevve-de-sai\/#breadcrumb\"},\"inLanguage\":\"en-US\",\"potentialAction\":[{\"@type\":\"ReadAction\",\"target\":[\"https:\/\/www.librairieclavreuil.com\/en\/lalemant-jerome-appele-achiendasse-par-les-hurons-relation-de-ce-qui-sest-passe-de-plus-remarquable-aux-missions-des-peres-de-la-compagnie-de-jesus-en-la-nouvelle-france-sur-le-grand-flevve-de-sai\/\"]}]},{\"@type\":\"ImageObject\",\"inLanguage\":\"en-US\",\"@id\":\"https:\/\/www.librairieclavreuil.com\/en\/lalemant-jerome-appele-achiendasse-par-les-hurons-relation-de-ce-qui-sest-passe-de-plus-remarquable-aux-missions-des-peres-de-la-compagnie-de-jesus-en-la-nouvelle-france-sur-le-grand-flevve-de-sai\/#primaryimage\",\"url\":\"https:\/\/www.librairieclavreuil.com\/wp-content\/uploads\/2025\/09\/jerome-appele-achiendasse-par-les-hurons-lalemant-relation-de-ce-qui-s-est-passe-de-plus-remarquable-aux-missions-des-peres-de-la-compagnie-68b5939f8c0a3-1.jpg\",\"contentUrl\":\"https:\/\/www.librairieclavreuil.com\/wp-content\/uploads\/2025\/09\/jerome-appele-achiendasse-par-les-hurons-lalemant-relation-de-ce-qui-s-est-passe-de-plus-remarquable-aux-missions-des-peres-de-la-compagnie-68b5939f8c0a3-1.jpg\",\"width\":533,\"height\":800},{\"@type\":\"BreadcrumbList\",\"@id\":\"https:\/\/www.librairieclavreuil.com\/en\/lalemant-jerome-appele-achiendasse-par-les-hurons-relation-de-ce-qui-sest-passe-de-plus-remarquable-aux-missions-des-peres-de-la-compagnie-de-jesus-en-la-nouvelle-france-sur-le-grand-flevve-de-sai\/#breadcrumb\",\"itemListElement\":[{\"@type\":\"ListItem\",\"position\":1,\"name\":\"Accueil\",\"item\":\"https:\/\/www.librairieclavreuil.com\/\"},{\"@type\":\"ListItem\",\"position\":2,\"name\":\"All our books\",\"item\":\"https:\/\/www.librairieclavreuil.com\/en\/all-our-books\/\"},{\"@type\":\"ListItem\",\"position\":3,\"name\":\"LALEMANT J\u00e9r\u00f4me (appel\u00e9 Achiendass\u00e9 par les Hurons) Relation...\"}]},{\"@type\":\"WebSite\",\"@id\":\"https:\/\/www.librairieclavreuil.com\/#website\",\"url\":\"https:\/\/www.librairieclavreuil.com\/\",\"name\":\"Libairie Clavreuil\",\"description\":\"Livres anciens, manuscrits rares et \u00e9ditions originales \u2013 Librairie Clavreuil\",\"publisher\":{\"@id\":\"https:\/\/www.librairieclavreuil.com\/#organization\"},\"potentialAction\":[{\"@type\":\"SearchAction\",\"target\":{\"@type\":\"EntryPoint\",\"urlTemplate\":\"https:\/\/www.librairieclavreuil.com\/?s={search_term_string}\"},\"query-input\":{\"@type\":\"PropertyValueSpecification\",\"valueRequired\":true,\"valueName\":\"search_term_string\"}}],\"inLanguage\":\"en-US\"},{\"@type\":\"Organization\",\"@id\":\"https:\/\/www.librairieclavreuil.com\/#organization\",\"name\":\"Libairie Clavreuil\",\"url\":\"https:\/\/www.librairieclavreuil.com\/\",\"logo\":{\"@type\":\"ImageObject\",\"inLanguage\":\"en-US\",\"@id\":\"https:\/\/www.librairieclavreuil.com\/#\/schema\/logo\/image\/\",\"url\":\"https:\/\/www.librairieclavreuil.com\/wp-content\/uploads\/2021\/06\/cropped-LOGO_PNG_DATE-_gold-512x512-1.png\",\"contentUrl\":\"https:\/\/www.librairieclavreuil.com\/wp-content\/uploads\/2021\/06\/cropped-LOGO_PNG_DATE-_gold-512x512-1.png\",\"width\":512,\"height\":512,\"caption\":\"Libairie Clavreuil\"},\"image\":{\"@id\":\"https:\/\/www.librairieclavreuil.com\/#\/schema\/logo\/image\/\"},\"sameAs\":[\"https:\/\/www.instagram.com\/librairieclavreuil\/\"]}]}<\/script>\n<!-- \/ Yoast SEO plugin. -->","yoast_head_json":{"title":"LALEMANT J\u00e9r\u00f4me (appel\u00e9 Achiendass\u00e9 par les Hurons) Relation de ce qui s'est pass\u00e9 de plus remarquable aux missions des P\u00e8res de la Compagnie de J\u00e9sus en la Nouvelle France sur le grand flevve de Saint Laurens en l'ann\u00e9e 1647. - Libairie Clavreuil","robots":{"index":"index","follow":"follow","max-snippet":"max-snippet:-1","max-image-preview":"max-image-preview:large","max-video-preview":"max-video-preview:-1"},"canonical":"https:\/\/www.librairieclavreuil.com\/en\/lalemant-jerome-appele-achiendasse-par-les-hurons-relation-de-ce-qui-sest-passe-de-plus-remarquable-aux-missions-des-peres-de-la-compagnie-de-jesus-en-la-nouvelle-france-sur-le-grand-flevve-de-sai\/","og_locale":"en_US","og_type":"article","og_title":"LALEMANT J\u00e9r\u00f4me (appel\u00e9 Achiendass\u00e9 par les Hurons) Relation de ce qui s'est pass\u00e9 de plus remarquable aux missions des P\u00e8res de la Compagnie de J\u00e9sus en la Nouvelle France sur le grand flevve de Saint Laurens en l'ann\u00e9e 1647. - Libairie Clavreuil","og_description":"8vo (172 x 114 mm) 4 un.l., 276 pp. Contemporary limp vellum , flat spine (light overall wear).","og_url":"https:\/\/www.librairieclavreuil.com\/en\/lalemant-jerome-appele-achiendasse-par-les-hurons-relation-de-ce-qui-sest-passe-de-plus-remarquable-aux-missions-des-peres-de-la-compagnie-de-jesus-en-la-nouvelle-france-sur-le-grand-flevve-de-sai\/","og_site_name":"Libairie Clavreuil","article_modified_time":"2025-09-01T12:39:18+00:00","og_image":[{"width":533,"height":800,"url":"https:\/\/www.librairieclavreuil.com\/wp-content\/uploads\/2025\/09\/jerome-appele-achiendasse-par-les-hurons-lalemant-relation-de-ce-qui-s-est-passe-de-plus-remarquable-aux-missions-des-peres-de-la-compagnie-68b5939f8c0a3-1.jpg","type":"image\/jpeg"}],"twitter_card":"summary_large_image","twitter_misc":{"Est. reading time":"3 minutes"},"schema":{"@context":"https:\/\/schema.org","@graph":[{"@type":"WebPage","@id":"https:\/\/www.librairieclavreuil.com\/en\/lalemant-jerome-appele-achiendasse-par-les-hurons-relation-de-ce-qui-sest-passe-de-plus-remarquable-aux-missions-des-peres-de-la-compagnie-de-jesus-en-la-nouvelle-france-sur-le-grand-flevve-de-sai\/","url":"https:\/\/www.librairieclavreuil.com\/en\/lalemant-jerome-appele-achiendasse-par-les-hurons-relation-de-ce-qui-sest-passe-de-plus-remarquable-aux-missions-des-peres-de-la-compagnie-de-jesus-en-la-nouvelle-france-sur-le-grand-flevve-de-sai\/","name":"LALEMANT J\u00e9r\u00f4me (appel\u00e9 Achiendass\u00e9 par les Hurons) Relation de ce qui s'est pass\u00e9 de plus remarquable aux missions des P\u00e8res de la Compagnie de J\u00e9sus en la Nouvelle France sur le grand flevve de Saint Laurens en l'ann\u00e9e 1647. - Libairie Clavreuil","isPartOf":{"@id":"https:\/\/www.librairieclavreuil.com\/#website"},"primaryImageOfPage":{"@id":"https:\/\/www.librairieclavreuil.com\/en\/lalemant-jerome-appele-achiendasse-par-les-hurons-relation-de-ce-qui-sest-passe-de-plus-remarquable-aux-missions-des-peres-de-la-compagnie-de-jesus-en-la-nouvelle-france-sur-le-grand-flevve-de-sai\/#primaryimage"},"image":{"@id":"https:\/\/www.librairieclavreuil.com\/en\/lalemant-jerome-appele-achiendasse-par-les-hurons-relation-de-ce-qui-sest-passe-de-plus-remarquable-aux-missions-des-peres-de-la-compagnie-de-jesus-en-la-nouvelle-france-sur-le-grand-flevve-de-sai\/#primaryimage"},"thumbnailUrl":"https:\/\/www.librairieclavreuil.com\/wp-content\/uploads\/2025\/09\/jerome-appele-achiendasse-par-les-hurons-lalemant-relation-de-ce-qui-s-est-passe-de-plus-remarquable-aux-missions-des-peres-de-la-compagnie-68b5939f8c0a3-1.jpg","datePublished":"2025-09-01T12:39:12+00:00","dateModified":"2025-09-01T12:39:18+00:00","breadcrumb":{"@id":"https:\/\/www.librairieclavreuil.com\/en\/lalemant-jerome-appele-achiendasse-par-les-hurons-relation-de-ce-qui-sest-passe-de-plus-remarquable-aux-missions-des-peres-de-la-compagnie-de-jesus-en-la-nouvelle-france-sur-le-grand-flevve-de-sai\/#breadcrumb"},"inLanguage":"en-US","potentialAction":[{"@type":"ReadAction","target":["https:\/\/www.librairieclavreuil.com\/en\/lalemant-jerome-appele-achiendasse-par-les-hurons-relation-de-ce-qui-sest-passe-de-plus-remarquable-aux-missions-des-peres-de-la-compagnie-de-jesus-en-la-nouvelle-france-sur-le-grand-flevve-de-sai\/"]}]},{"@type":"ImageObject","inLanguage":"en-US","@id":"https:\/\/www.librairieclavreuil.com\/en\/lalemant-jerome-appele-achiendasse-par-les-hurons-relation-de-ce-qui-sest-passe-de-plus-remarquable-aux-missions-des-peres-de-la-compagnie-de-jesus-en-la-nouvelle-france-sur-le-grand-flevve-de-sai\/#primaryimage","url":"https:\/\/www.librairieclavreuil.com\/wp-content\/uploads\/2025\/09\/jerome-appele-achiendasse-par-les-hurons-lalemant-relation-de-ce-qui-s-est-passe-de-plus-remarquable-aux-missions-des-peres-de-la-compagnie-68b5939f8c0a3-1.jpg","contentUrl":"https:\/\/www.librairieclavreuil.com\/wp-content\/uploads\/2025\/09\/jerome-appele-achiendasse-par-les-hurons-lalemant-relation-de-ce-qui-s-est-passe-de-plus-remarquable-aux-missions-des-peres-de-la-compagnie-68b5939f8c0a3-1.jpg","width":533,"height":800},{"@type":"BreadcrumbList","@id":"https:\/\/www.librairieclavreuil.com\/en\/lalemant-jerome-appele-achiendasse-par-les-hurons-relation-de-ce-qui-sest-passe-de-plus-remarquable-aux-missions-des-peres-de-la-compagnie-de-jesus-en-la-nouvelle-france-sur-le-grand-flevve-de-sai\/#breadcrumb","itemListElement":[{"@type":"ListItem","position":1,"name":"Accueil","item":"https:\/\/www.librairieclavreuil.com\/"},{"@type":"ListItem","position":2,"name":"All our books","item":"https:\/\/www.librairieclavreuil.com\/en\/all-our-books\/"},{"@type":"ListItem","position":3,"name":"LALEMANT J\u00e9r\u00f4me (appel\u00e9 Achiendass\u00e9 par les Hurons) Relation..."}]},{"@type":"WebSite","@id":"https:\/\/www.librairieclavreuil.com\/#website","url":"https:\/\/www.librairieclavreuil.com\/","name":"Libairie Clavreuil","description":"Livres anciens, manuscrits rares et \u00e9ditions originales \u2013 Librairie Clavreuil","publisher":{"@id":"https:\/\/www.librairieclavreuil.com\/#organization"},"potentialAction":[{"@type":"SearchAction","target":{"@type":"EntryPoint","urlTemplate":"https:\/\/www.librairieclavreuil.com\/?s={search_term_string}"},"query-input":{"@type":"PropertyValueSpecification","valueRequired":true,"valueName":"search_term_string"}}],"inLanguage":"en-US"},{"@type":"Organization","@id":"https:\/\/www.librairieclavreuil.com\/#organization","name":"Libairie Clavreuil","url":"https:\/\/www.librairieclavreuil.com\/","logo":{"@type":"ImageObject","inLanguage":"en-US","@id":"https:\/\/www.librairieclavreuil.com\/#\/schema\/logo\/image\/","url":"https:\/\/www.librairieclavreuil.com\/wp-content\/uploads\/2021\/06\/cropped-LOGO_PNG_DATE-_gold-512x512-1.png","contentUrl":"https:\/\/www.librairieclavreuil.com\/wp-content\/uploads\/2021\/06\/cropped-LOGO_PNG_DATE-_gold-512x512-1.png","width":512,"height":512,"caption":"Libairie Clavreuil"},"image":{"@id":"https:\/\/www.librairieclavreuil.com\/#\/schema\/logo\/image\/"},"sameAs":["https:\/\/www.instagram.com\/librairieclavreuil\/"]}]}},"jetpack_sharing_enabled":true,"_links":{"self":[{"href":"https:\/\/www.librairieclavreuil.com\/en\/wp-json\/wp\/v2\/product\/87852","targetHints":{"allow":["GET"]}}],"collection":[{"href":"https:\/\/www.librairieclavreuil.com\/en\/wp-json\/wp\/v2\/product"}],"about":[{"href":"https:\/\/www.librairieclavreuil.com\/en\/wp-json\/wp\/v2\/types\/product"}],"replies":[{"embeddable":true,"href":"https:\/\/www.librairieclavreuil.com\/en\/wp-json\/wp\/v2\/comments?post=87852"}],"wp:featuredmedia":[{"embeddable":true,"href":"https:\/\/www.librairieclavreuil.com\/en\/wp-json\/wp\/v2\/media\/87842"}],"wp:attachment":[{"href":"https:\/\/www.librairieclavreuil.com\/en\/wp-json\/wp\/v2\/media?parent=87852"}],"wp:term":[{"taxonomy":"product_brand","embeddable":true,"href":"https:\/\/www.librairieclavreuil.com\/en\/wp-json\/wp\/v2\/product_brand?post=87852"},{"taxonomy":"product_cat","embeddable":true,"href":"https:\/\/www.librairieclavreuil.com\/en\/wp-json\/wp\/v2\/product_cat?post=87852"},{"taxonomy":"product_tag","embeddable":true,"href":"https:\/\/www.librairieclavreuil.com\/en\/wp-json\/wp\/v2\/product_tag?post=87852"}],"curies":[{"name":"wp","href":"https:\/\/api.w.org\/{rel}","templated":true}]}}