{"id":87451,"date":"2025-07-24T14:24:14","date_gmt":"2025-07-24T12:24:14","guid":{"rendered":"https:\/\/www.librairieclavreuil.com\/arcussia-charles-d-la-fauconnerie-divisee-en-dix-parties-avec-les-portraicts-au-naturel-de-tous-les-oyseaux-suivie-de-lettres-de-philoierax-a-philofalco-ou-sont-contenus-les-maladies-des-oy\/"},"modified":"2025-07-24T14:24:21","modified_gmt":"2025-07-24T12:24:21","slug":"arcussia-charles-d-la-fauconnerie-divisee-en-dix-parties-avec-les-portraicts-au-naturel-de-tous-les-oyseaux-suivie-de-lettres-de-philoierax-a-philofalco-ou-sont-contenus-les-maladies-des-oy","status":"publish","type":"product","link":"https:\/\/www.librairieclavreuil.com\/en\/arcussia-charles-d-la-fauconnerie-divisee-en-dix-parties-avec-les-portraicts-au-naturel-de-tous-les-oyseaux-suivie-de-lettres-de-philoierax-a-philofalco-ou-sont-contenus-les-maladies-des-oy\/","title":{"rendered":"ARCUSSIA Charles d&#8217; La Fauconnerie. Divis\u00e9e en dix..."},"content":{"rendered":"<p><i>Thi\u00e9baud, 33 ; Souhart, 17-18 ; Schwerdt, I, 42-43 (incorrect collation with only 11 engravings in the text).<\/i><\/p>\n<p style=\"text-align:justify\"><span style=\"font-variant:small-caps\">The most important and first complete edition of one of the earliest French treatises on falconry and hawking, by Charles d&#8217;Arcussia (1554-1628), falconer to King Henri IV (and later to Louis XIII).<\/span><\/p>\n<p style=\"text-align:justify\">&#8220;The work is much esteemed on account of its originality and the amount of information it contains&#8221; (Harting), &#8220;the outcome of long practice and an astonishing amount of research work in every subject connected with [Arcussia&#8217;s] favourite sport [hawking]&#8221; (Schwerdt).<\/p>\n<p style=\"text-align:justify\">Charles d&#8217;Arcussia, is very famous for his writings on falconry. Inveterate hunter, poet and philosopher, viscount of Esparron de Palli\u00e8res, lord of Courmes and Revest, First Consul of Aix, he was born around 1554 at the ch\u00e2teau d&#8217;Esparron. As a young man, he left Provence to study in Italy. When Henry IV ascended the throne in 1596, he was appointed First Consul of Aix, prosecutor and deputy to the States of Provence. Charles was a man of passion, with a taste for hunting, and devoted much of his time to studying nature and wild animals. This book is a reference work that was translated into many languages. Even today, Charles d&#8217;Arcussia is recognized for his extensive experience of falconry hunting and for his immense work as a naturalist and historian.<\/p>\n<p style=\"text-align:justify\">&#8220;Nous consid\u00e9rons cette \u00e9dition comme \u00e9tant la meilleure ; c&#8217;est la premi\u00e8re qui contienne tout ce qu&#8217;a \u00e9crit d&#8217;Arcussia et la derni\u00e8re publi\u00e9e de son vivant ; le papier est bien sup\u00e9rieur \u00e0 celui des \u00e9ditions suivantes et le tirage des gravures est incontestablement plus net. On la rencontre rarement compl\u00e8te ; le portrait, les armes et les 5 planches d&#8217;instruments manquent la plupart du temps&#8221; (Thi\u00e9baud).<\/p>\n<p style=\"text-align:justify\">\u00ab&nbsp;Quelques 350 ann\u00e9es s\u00e9parent la production du trait\u00e9 de Fr\u00e9d\u00e9ric II de \u00ab La fauconnerie \u00bb de Charles d&#8217; Arcussia, Seigneur d&#8217;Esparron, de Pailli\u00e8res et du Revest ( 1554-1628). Durant ce laps de temps, la fauconnerie reste une pratique largement ancr\u00e9e au sein des soci\u00e9t\u00e9s europ\u00e9ennes et s&#8217;appr\u00eate \u00e0 atteindre de nouveaux sommets gr\u00e2ce \u00e0 la d\u00e9votion du roi de France, Louis XIII, qui l&#8217;am\u00e8ne alors \u00e0 son plus haut degr\u00e9 de perfection et de raffinement tel que soulign\u00e9 par Louis Magaud d &#8216;Aubusson dans l&#8217;extrait suivant (1879: 54) : \u00ab&nbsp;Sous Louis Xlll la fauconnerie atteint son apog\u00e9e. Ce prince, qui fut le plus grand fauconnier de son temps, s&#8217;effor\u00e7a de perfectionner tout ce qui concernait son plaisir favori, et sous son r\u00e8gne la fauconnerie royale re\u00e7ut un d\u00e9veloppement qu&#8217;elle n&#8217;avait peut-\u00eatre jamais eu sous les r\u00e8gnes pr\u00e9c\u00e9dents et que laiss\u00e8rent peu \u00e0 peu d\u00e9cro\u00eetre les rois qui vinrent apr\u00e8s lui. Les oiseaux les mieux dress\u00e9s dirig\u00e9s par les hommes les plus experts composaient les \u00e9quipages royaux. Les officiers charg\u00e9s des diff\u00e9rents vols mettaient tous leurs soins \u00e0 \u00e9tudier un art qui avait la faveur du prince et qui pouvait devenir, t\u00e9moin le duc de Luynes, le point de d\u00e9part de leur fortune.&nbsp;\u00bb&nbsp; C&#8217;est durant les ann\u00e9es pass\u00e9es en tant que Gentilhomme ordinaire de la chambre du roi Louis XIII que d&#8217; Arcussia parach\u00e8ve la r\u00e9daction de son \u0153uvre de fauconnerie, soit entre 1615 et 1627. \u00c0 cette \u00e9poque, il est d\u00e9j\u00e0 introduit aux d\u00e9duits de la chasse au vol dont il acquiert la ma\u00eetrise d\u00e8s son plus jeune \u00e2ge aupr\u00e8s du gouverneur de Provence, Claude de Savoie, dont il est alors le page (Jullien, 1883 : xxiv). Durant sa vie, Charles d&#8217;Arcussia est non seulement homme d&#8217;\u00c9tat, mais \u00e9galement fauconnier passionn\u00e9 qui d\u00e9pense la majeure partie de son temps \u00e0 garder et \u00e0 entra\u00eener les rapaces pour la chasse : tant dans l&#8217;entourage monarchique \u00e0 Paris, qu&#8217;en Provence aux alentours du ch\u00e2teau d&#8217;Esparron. L&#8217;\u0153uvre de d&#8217;Arcussia est la premi\u00e8re \u00e0 se produire sous l&#8217;\u0153il sympathisant du roi de France qui contribue alors \u00e0 renouveler la fauconnerie textuelle et imag\u00e9e.&nbsp;\u00bb Mauricio Ruiz. <i>Les livres de la fauconnerie&nbsp;: Sauvegarde et transmission d\u2019un patrimoine mat\u00e9riel immat\u00e9riel.<\/i> Montreal, 2018, pp. 82-83.<\/p>\n<p style=\"text-align:justify\">The illustration consists of the coat of arms and the portrait of the author engraved by Biot, 14 ornithological engravings in the text (of which 10 full-page, 20 smaller, and 2 of anatomy), and 5 plates of instruments (of which one folding).<\/p>\n<p style=\"text-align:justify\">A good copy, well established by Chambolle-Duru. The coat of arms, the portrait and the instrument plates come from another copy and were inserted at the time of binding.<\/p>\n<p style=\"text-align:justify\">Provenance: Thorvald Lindquist (bookplate) &#8211; another unidentified bookplate \u2013 Hubert Lebaudy (book plate).<\/p>\n","protected":false},"excerpt":{"rendered":"<p style=\"text-align:justify\">4 parts in 1 volume, 4to (221 x 162 mm) 5 nn.ll., pp. 7-8, 334 pp. (repeated pagination 327-328), 4 nn.ll.; 4 nn.ll., pp. [335]-406, pp. 399-409; 6 nn.ll., 48 pp.; 56 pp. Nineteenth-century red Jansenist morocco by Chambolle-Duru, raised bands, inner rules, marbled and gilt edges.<\/p>\n","protected":false},"featured_media":87416,"comment_status":"open","ping_status":"closed","template":"","meta":{"_acf_changed":false},"product_brand":[],"product_cat":[534],"product_tag":[1476,566,1342],"class_list":{"0":"post-87451","1":"product","2":"type-product","3":"status-publish","4":"has-post-thumbnail","6":"product_cat-hunting","7":"product_tag-falconry","8":"product_tag-hunting","9":"product_tag-ornithology","10":"pa_auteur-arcussia-charles-d-2","11":"pa_type-de-livre-printed-book","13":"first","14":"instock","15":"shipping-taxable","16":"purchasable","17":"product-type-simple"},"acf":{"artist":" Charles d' ARCUSSIA","chapeau":"","adresse_bibliographique":"Paris, Jean Houzi [= Houz\u00e9], 1627 & 1626","book_type":"Printed book","provenance":"","afficher_prix":""},"yoast_head":"<!-- This site is optimized with the Yoast SEO plugin v24.7 - https:\/\/yoast.com\/wordpress\/plugins\/seo\/ -->\n<title>ARCUSSIA Charles d&#039; La Fauconnerie. Divis\u00e9e en dix parties. Avec les portraicts au naturel de tous les oyseaux. [Suivie de:]- Lettres de Philoierax \u00e0 Philofalco. O\u00f9 sont contenus les maladies des oyseaux, &amp; les rem\u00e8de pour les gu\u00e9rir. - La Fauconnerie du roi. Avec la conf\u00e9rence des fauconniers.- Discours de chasse. O\u00f9 sont repr\u00e9sentez les vouls faits en une assembl\u00e9e de fauconniers. - Libairie Clavreuil<\/title>\n<meta name=\"robots\" content=\"index, follow, max-snippet:-1, max-image-preview:large, max-video-preview:-1\" \/>\n<link rel=\"canonical\" href=\"https:\/\/www.librairieclavreuil.com\/en\/arcussia-charles-d-la-fauconnerie-divisee-en-dix-parties-avec-les-portraicts-au-naturel-de-tous-les-oyseaux-suivie-de-lettres-de-philoierax-a-philofalco-ou-sont-contenus-les-maladies-des-oy\/\" \/>\n<meta property=\"og:locale\" content=\"en_US\" \/>\n<meta property=\"og:type\" content=\"article\" \/>\n<meta property=\"og:title\" content=\"ARCUSSIA Charles d&#039; La Fauconnerie. Divis\u00e9e en dix parties. Avec les portraicts au naturel de tous les oyseaux. [Suivie de:]- Lettres de Philoierax \u00e0 Philofalco. O\u00f9 sont contenus les maladies des oyseaux, &amp; les rem\u00e8de pour les gu\u00e9rir. - La Fauconnerie du roi. Avec la conf\u00e9rence des fauconniers.- Discours de chasse. O\u00f9 sont repr\u00e9sentez les vouls faits en une assembl\u00e9e de fauconniers. - Libairie Clavreuil\" \/>\n<meta property=\"og:description\" content=\"4 parts in 1 volume, 4to (221 x 162 mm) 5 nn.ll., pp. 7-8, 334 pp. (repeated pagination 327-328), 4 nn.ll.; 4 nn.ll., pp. [335]-406, pp. 399-409; 6 nn.ll., 48 pp.; 56 pp. Nineteenth-century red Jansenist morocco by Chambolle-Duru, raised bands, inner rules, marbled and gilt edges.\" \/>\n<meta property=\"og:url\" content=\"https:\/\/www.librairieclavreuil.com\/en\/arcussia-charles-d-la-fauconnerie-divisee-en-dix-parties-avec-les-portraicts-au-naturel-de-tous-les-oyseaux-suivie-de-lettres-de-philoierax-a-philofalco-ou-sont-contenus-les-maladies-des-oy\/\" \/>\n<meta property=\"og:site_name\" content=\"Libairie Clavreuil\" \/>\n<meta property=\"article:modified_time\" content=\"2025-07-24T12:24:21+00:00\" \/>\n<meta property=\"og:image\" content=\"https:\/\/www.librairieclavreuil.com\/wp-content\/uploads\/2025\/07\/charles-d-arcussia-la-fauconnerie-divisee-en-dix-parties-avec-les-portraicts-au-naturel-de-tous-les-oyseaux-suivie-de-lettres-de-philoierax-a-philofal.jpg\" \/>\n\t<meta property=\"og:image:width\" content=\"593\" \/>\n\t<meta property=\"og:image:height\" content=\"800\" \/>\n\t<meta property=\"og:image:type\" content=\"image\/jpeg\" \/>\n<meta name=\"twitter:card\" content=\"summary_large_image\" \/>\n<meta name=\"twitter:label1\" content=\"Est. reading time\" \/>\n\t<meta name=\"twitter:data1\" content=\"4 minutes\" \/>\n<script type=\"application\/ld+json\" class=\"yoast-schema-graph\">{\"@context\":\"https:\/\/schema.org\",\"@graph\":[{\"@type\":\"WebPage\",\"@id\":\"https:\/\/www.librairieclavreuil.com\/en\/arcussia-charles-d-la-fauconnerie-divisee-en-dix-parties-avec-les-portraicts-au-naturel-de-tous-les-oyseaux-suivie-de-lettres-de-philoierax-a-philofalco-ou-sont-contenus-les-maladies-des-oy\/\",\"url\":\"https:\/\/www.librairieclavreuil.com\/en\/arcussia-charles-d-la-fauconnerie-divisee-en-dix-parties-avec-les-portraicts-au-naturel-de-tous-les-oyseaux-suivie-de-lettres-de-philoierax-a-philofalco-ou-sont-contenus-les-maladies-des-oy\/\",\"name\":\"ARCUSSIA Charles d' La Fauconnerie. Divis\u00e9e en dix parties. Avec les portraicts au naturel de tous les oyseaux. [Suivie de:]- Lettres de Philoierax \u00e0 Philofalco. O\u00f9 sont contenus les maladies des oyseaux, &amp; les rem\u00e8de pour les gu\u00e9rir. - La Fauconnerie du roi. Avec la conf\u00e9rence des fauconniers.- Discours de chasse. O\u00f9 sont repr\u00e9sentez les vouls faits en une assembl\u00e9e de fauconniers. - Libairie Clavreuil\",\"isPartOf\":{\"@id\":\"https:\/\/www.librairieclavreuil.com\/#website\"},\"primaryImageOfPage\":{\"@id\":\"https:\/\/www.librairieclavreuil.com\/en\/arcussia-charles-d-la-fauconnerie-divisee-en-dix-parties-avec-les-portraicts-au-naturel-de-tous-les-oyseaux-suivie-de-lettres-de-philoierax-a-philofalco-ou-sont-contenus-les-maladies-des-oy\/#primaryimage\"},\"image\":{\"@id\":\"https:\/\/www.librairieclavreuil.com\/en\/arcussia-charles-d-la-fauconnerie-divisee-en-dix-parties-avec-les-portraicts-au-naturel-de-tous-les-oyseaux-suivie-de-lettres-de-philoierax-a-philofalco-ou-sont-contenus-les-maladies-des-oy\/#primaryimage\"},\"thumbnailUrl\":\"https:\/\/www.librairieclavreuil.com\/wp-content\/uploads\/2025\/07\/charles-d-arcussia-la-fauconnerie-divisee-en-dix-parties-avec-les-portraicts-au-naturel-de-tous-les-oyseaux-suivie-de-lettres-de-philoierax-a-philofal.jpg\",\"datePublished\":\"2025-07-24T12:24:14+00:00\",\"dateModified\":\"2025-07-24T12:24:21+00:00\",\"breadcrumb\":{\"@id\":\"https:\/\/www.librairieclavreuil.com\/en\/arcussia-charles-d-la-fauconnerie-divisee-en-dix-parties-avec-les-portraicts-au-naturel-de-tous-les-oyseaux-suivie-de-lettres-de-philoierax-a-philofalco-ou-sont-contenus-les-maladies-des-oy\/#breadcrumb\"},\"inLanguage\":\"en-US\",\"potentialAction\":[{\"@type\":\"ReadAction\",\"target\":[\"https:\/\/www.librairieclavreuil.com\/en\/arcussia-charles-d-la-fauconnerie-divisee-en-dix-parties-avec-les-portraicts-au-naturel-de-tous-les-oyseaux-suivie-de-lettres-de-philoierax-a-philofalco-ou-sont-contenus-les-maladies-des-oy\/\"]}]},{\"@type\":\"ImageObject\",\"inLanguage\":\"en-US\",\"@id\":\"https:\/\/www.librairieclavreuil.com\/en\/arcussia-charles-d-la-fauconnerie-divisee-en-dix-parties-avec-les-portraicts-au-naturel-de-tous-les-oyseaux-suivie-de-lettres-de-philoierax-a-philofalco-ou-sont-contenus-les-maladies-des-oy\/#primaryimage\",\"url\":\"https:\/\/www.librairieclavreuil.com\/wp-content\/uploads\/2025\/07\/charles-d-arcussia-la-fauconnerie-divisee-en-dix-parties-avec-les-portraicts-au-naturel-de-tous-les-oyseaux-suivie-de-lettres-de-philoierax-a-philofal.jpg\",\"contentUrl\":\"https:\/\/www.librairieclavreuil.com\/wp-content\/uploads\/2025\/07\/charles-d-arcussia-la-fauconnerie-divisee-en-dix-parties-avec-les-portraicts-au-naturel-de-tous-les-oyseaux-suivie-de-lettres-de-philoierax-a-philofal.jpg\",\"width\":593,\"height\":800},{\"@type\":\"BreadcrumbList\",\"@id\":\"https:\/\/www.librairieclavreuil.com\/en\/arcussia-charles-d-la-fauconnerie-divisee-en-dix-parties-avec-les-portraicts-au-naturel-de-tous-les-oyseaux-suivie-de-lettres-de-philoierax-a-philofalco-ou-sont-contenus-les-maladies-des-oy\/#breadcrumb\",\"itemListElement\":[{\"@type\":\"ListItem\",\"position\":1,\"name\":\"Accueil\",\"item\":\"https:\/\/www.librairieclavreuil.com\/\"},{\"@type\":\"ListItem\",\"position\":2,\"name\":\"All our books\",\"item\":\"https:\/\/www.librairieclavreuil.com\/en\/all-our-books\/\"},{\"@type\":\"ListItem\",\"position\":3,\"name\":\"ARCUSSIA Charles d&rsquo; La Fauconnerie. Divis\u00e9e en dix...\"}]},{\"@type\":\"WebSite\",\"@id\":\"https:\/\/www.librairieclavreuil.com\/#website\",\"url\":\"https:\/\/www.librairieclavreuil.com\/\",\"name\":\"Libairie Clavreuil\",\"description\":\"Livres anciens, manuscrits rares et \u00e9ditions originales \u2013 Librairie Clavreuil\",\"publisher\":{\"@id\":\"https:\/\/www.librairieclavreuil.com\/#organization\"},\"potentialAction\":[{\"@type\":\"SearchAction\",\"target\":{\"@type\":\"EntryPoint\",\"urlTemplate\":\"https:\/\/www.librairieclavreuil.com\/?s={search_term_string}\"},\"query-input\":{\"@type\":\"PropertyValueSpecification\",\"valueRequired\":true,\"valueName\":\"search_term_string\"}}],\"inLanguage\":\"en-US\"},{\"@type\":\"Organization\",\"@id\":\"https:\/\/www.librairieclavreuil.com\/#organization\",\"name\":\"Libairie Clavreuil\",\"url\":\"https:\/\/www.librairieclavreuil.com\/\",\"logo\":{\"@type\":\"ImageObject\",\"inLanguage\":\"en-US\",\"@id\":\"https:\/\/www.librairieclavreuil.com\/#\/schema\/logo\/image\/\",\"url\":\"https:\/\/www.librairieclavreuil.com\/wp-content\/uploads\/2021\/06\/cropped-LOGO_PNG_DATE-_gold-512x512-1.png\",\"contentUrl\":\"https:\/\/www.librairieclavreuil.com\/wp-content\/uploads\/2021\/06\/cropped-LOGO_PNG_DATE-_gold-512x512-1.png\",\"width\":512,\"height\":512,\"caption\":\"Libairie Clavreuil\"},\"image\":{\"@id\":\"https:\/\/www.librairieclavreuil.com\/#\/schema\/logo\/image\/\"},\"sameAs\":[\"https:\/\/www.instagram.com\/librairieclavreuil\/\"]}]}<\/script>\n<!-- \/ Yoast SEO plugin. -->","yoast_head_json":{"title":"ARCUSSIA Charles d' La Fauconnerie. Divis\u00e9e en dix parties. Avec les portraicts au naturel de tous les oyseaux. [Suivie de:]- Lettres de Philoierax \u00e0 Philofalco. O\u00f9 sont contenus les maladies des oyseaux, &amp; les rem\u00e8de pour les gu\u00e9rir. - La Fauconnerie du roi. Avec la conf\u00e9rence des fauconniers.- Discours de chasse. O\u00f9 sont repr\u00e9sentez les vouls faits en une assembl\u00e9e de fauconniers. - Libairie Clavreuil","robots":{"index":"index","follow":"follow","max-snippet":"max-snippet:-1","max-image-preview":"max-image-preview:large","max-video-preview":"max-video-preview:-1"},"canonical":"https:\/\/www.librairieclavreuil.com\/en\/arcussia-charles-d-la-fauconnerie-divisee-en-dix-parties-avec-les-portraicts-au-naturel-de-tous-les-oyseaux-suivie-de-lettres-de-philoierax-a-philofalco-ou-sont-contenus-les-maladies-des-oy\/","og_locale":"en_US","og_type":"article","og_title":"ARCUSSIA Charles d' La Fauconnerie. Divis\u00e9e en dix parties. Avec les portraicts au naturel de tous les oyseaux. [Suivie de:]- Lettres de Philoierax \u00e0 Philofalco. O\u00f9 sont contenus les maladies des oyseaux, &amp; les rem\u00e8de pour les gu\u00e9rir. - La Fauconnerie du roi. Avec la conf\u00e9rence des fauconniers.- Discours de chasse. O\u00f9 sont repr\u00e9sentez les vouls faits en une assembl\u00e9e de fauconniers. - Libairie Clavreuil","og_description":"4 parts in 1 volume, 4to (221 x 162 mm) 5 nn.ll., pp. 7-8, 334 pp. (repeated pagination 327-328), 4 nn.ll.; 4 nn.ll., pp. [335]-406, pp. 399-409; 6 nn.ll., 48 pp.; 56 pp. Nineteenth-century red Jansenist morocco by Chambolle-Duru, raised bands, inner rules, marbled and gilt edges.","og_url":"https:\/\/www.librairieclavreuil.com\/en\/arcussia-charles-d-la-fauconnerie-divisee-en-dix-parties-avec-les-portraicts-au-naturel-de-tous-les-oyseaux-suivie-de-lettres-de-philoierax-a-philofalco-ou-sont-contenus-les-maladies-des-oy\/","og_site_name":"Libairie Clavreuil","article_modified_time":"2025-07-24T12:24:21+00:00","og_image":[{"width":593,"height":800,"url":"https:\/\/www.librairieclavreuil.com\/wp-content\/uploads\/2025\/07\/charles-d-arcussia-la-fauconnerie-divisee-en-dix-parties-avec-les-portraicts-au-naturel-de-tous-les-oyseaux-suivie-de-lettres-de-philoierax-a-philofal.jpg","type":"image\/jpeg"}],"twitter_card":"summary_large_image","twitter_misc":{"Est. reading time":"4 minutes"},"schema":{"@context":"https:\/\/schema.org","@graph":[{"@type":"WebPage","@id":"https:\/\/www.librairieclavreuil.com\/en\/arcussia-charles-d-la-fauconnerie-divisee-en-dix-parties-avec-les-portraicts-au-naturel-de-tous-les-oyseaux-suivie-de-lettres-de-philoierax-a-philofalco-ou-sont-contenus-les-maladies-des-oy\/","url":"https:\/\/www.librairieclavreuil.com\/en\/arcussia-charles-d-la-fauconnerie-divisee-en-dix-parties-avec-les-portraicts-au-naturel-de-tous-les-oyseaux-suivie-de-lettres-de-philoierax-a-philofalco-ou-sont-contenus-les-maladies-des-oy\/","name":"ARCUSSIA Charles d' La Fauconnerie. Divis\u00e9e en dix parties. Avec les portraicts au naturel de tous les oyseaux. [Suivie de:]- Lettres de Philoierax \u00e0 Philofalco. O\u00f9 sont contenus les maladies des oyseaux, &amp; les rem\u00e8de pour les gu\u00e9rir. - La Fauconnerie du roi. Avec la conf\u00e9rence des fauconniers.- Discours de chasse. O\u00f9 sont repr\u00e9sentez les vouls faits en une assembl\u00e9e de fauconniers. - Libairie Clavreuil","isPartOf":{"@id":"https:\/\/www.librairieclavreuil.com\/#website"},"primaryImageOfPage":{"@id":"https:\/\/www.librairieclavreuil.com\/en\/arcussia-charles-d-la-fauconnerie-divisee-en-dix-parties-avec-les-portraicts-au-naturel-de-tous-les-oyseaux-suivie-de-lettres-de-philoierax-a-philofalco-ou-sont-contenus-les-maladies-des-oy\/#primaryimage"},"image":{"@id":"https:\/\/www.librairieclavreuil.com\/en\/arcussia-charles-d-la-fauconnerie-divisee-en-dix-parties-avec-les-portraicts-au-naturel-de-tous-les-oyseaux-suivie-de-lettres-de-philoierax-a-philofalco-ou-sont-contenus-les-maladies-des-oy\/#primaryimage"},"thumbnailUrl":"https:\/\/www.librairieclavreuil.com\/wp-content\/uploads\/2025\/07\/charles-d-arcussia-la-fauconnerie-divisee-en-dix-parties-avec-les-portraicts-au-naturel-de-tous-les-oyseaux-suivie-de-lettres-de-philoierax-a-philofal.jpg","datePublished":"2025-07-24T12:24:14+00:00","dateModified":"2025-07-24T12:24:21+00:00","breadcrumb":{"@id":"https:\/\/www.librairieclavreuil.com\/en\/arcussia-charles-d-la-fauconnerie-divisee-en-dix-parties-avec-les-portraicts-au-naturel-de-tous-les-oyseaux-suivie-de-lettres-de-philoierax-a-philofalco-ou-sont-contenus-les-maladies-des-oy\/#breadcrumb"},"inLanguage":"en-US","potentialAction":[{"@type":"ReadAction","target":["https:\/\/www.librairieclavreuil.com\/en\/arcussia-charles-d-la-fauconnerie-divisee-en-dix-parties-avec-les-portraicts-au-naturel-de-tous-les-oyseaux-suivie-de-lettres-de-philoierax-a-philofalco-ou-sont-contenus-les-maladies-des-oy\/"]}]},{"@type":"ImageObject","inLanguage":"en-US","@id":"https:\/\/www.librairieclavreuil.com\/en\/arcussia-charles-d-la-fauconnerie-divisee-en-dix-parties-avec-les-portraicts-au-naturel-de-tous-les-oyseaux-suivie-de-lettres-de-philoierax-a-philofalco-ou-sont-contenus-les-maladies-des-oy\/#primaryimage","url":"https:\/\/www.librairieclavreuil.com\/wp-content\/uploads\/2025\/07\/charles-d-arcussia-la-fauconnerie-divisee-en-dix-parties-avec-les-portraicts-au-naturel-de-tous-les-oyseaux-suivie-de-lettres-de-philoierax-a-philofal.jpg","contentUrl":"https:\/\/www.librairieclavreuil.com\/wp-content\/uploads\/2025\/07\/charles-d-arcussia-la-fauconnerie-divisee-en-dix-parties-avec-les-portraicts-au-naturel-de-tous-les-oyseaux-suivie-de-lettres-de-philoierax-a-philofal.jpg","width":593,"height":800},{"@type":"BreadcrumbList","@id":"https:\/\/www.librairieclavreuil.com\/en\/arcussia-charles-d-la-fauconnerie-divisee-en-dix-parties-avec-les-portraicts-au-naturel-de-tous-les-oyseaux-suivie-de-lettres-de-philoierax-a-philofalco-ou-sont-contenus-les-maladies-des-oy\/#breadcrumb","itemListElement":[{"@type":"ListItem","position":1,"name":"Accueil","item":"https:\/\/www.librairieclavreuil.com\/"},{"@type":"ListItem","position":2,"name":"All our books","item":"https:\/\/www.librairieclavreuil.com\/en\/all-our-books\/"},{"@type":"ListItem","position":3,"name":"ARCUSSIA Charles d&rsquo; La Fauconnerie. Divis\u00e9e en dix..."}]},{"@type":"WebSite","@id":"https:\/\/www.librairieclavreuil.com\/#website","url":"https:\/\/www.librairieclavreuil.com\/","name":"Libairie Clavreuil","description":"Livres anciens, manuscrits rares et \u00e9ditions originales \u2013 Librairie Clavreuil","publisher":{"@id":"https:\/\/www.librairieclavreuil.com\/#organization"},"potentialAction":[{"@type":"SearchAction","target":{"@type":"EntryPoint","urlTemplate":"https:\/\/www.librairieclavreuil.com\/?s={search_term_string}"},"query-input":{"@type":"PropertyValueSpecification","valueRequired":true,"valueName":"search_term_string"}}],"inLanguage":"en-US"},{"@type":"Organization","@id":"https:\/\/www.librairieclavreuil.com\/#organization","name":"Libairie Clavreuil","url":"https:\/\/www.librairieclavreuil.com\/","logo":{"@type":"ImageObject","inLanguage":"en-US","@id":"https:\/\/www.librairieclavreuil.com\/#\/schema\/logo\/image\/","url":"https:\/\/www.librairieclavreuil.com\/wp-content\/uploads\/2021\/06\/cropped-LOGO_PNG_DATE-_gold-512x512-1.png","contentUrl":"https:\/\/www.librairieclavreuil.com\/wp-content\/uploads\/2021\/06\/cropped-LOGO_PNG_DATE-_gold-512x512-1.png","width":512,"height":512,"caption":"Libairie Clavreuil"},"image":{"@id":"https:\/\/www.librairieclavreuil.com\/#\/schema\/logo\/image\/"},"sameAs":["https:\/\/www.instagram.com\/librairieclavreuil\/"]}]}},"jetpack_sharing_enabled":true,"_links":{"self":[{"href":"https:\/\/www.librairieclavreuil.com\/en\/wp-json\/wp\/v2\/product\/87451","targetHints":{"allow":["GET"]}}],"collection":[{"href":"https:\/\/www.librairieclavreuil.com\/en\/wp-json\/wp\/v2\/product"}],"about":[{"href":"https:\/\/www.librairieclavreuil.com\/en\/wp-json\/wp\/v2\/types\/product"}],"replies":[{"embeddable":true,"href":"https:\/\/www.librairieclavreuil.com\/en\/wp-json\/wp\/v2\/comments?post=87451"}],"wp:featuredmedia":[{"embeddable":true,"href":"https:\/\/www.librairieclavreuil.com\/en\/wp-json\/wp\/v2\/media\/87416"}],"wp:attachment":[{"href":"https:\/\/www.librairieclavreuil.com\/en\/wp-json\/wp\/v2\/media?parent=87451"}],"wp:term":[{"taxonomy":"product_brand","embeddable":true,"href":"https:\/\/www.librairieclavreuil.com\/en\/wp-json\/wp\/v2\/product_brand?post=87451"},{"taxonomy":"product_cat","embeddable":true,"href":"https:\/\/www.librairieclavreuil.com\/en\/wp-json\/wp\/v2\/product_cat?post=87451"},{"taxonomy":"product_tag","embeddable":true,"href":"https:\/\/www.librairieclavreuil.com\/en\/wp-json\/wp\/v2\/product_tag?post=87451"}],"curies":[{"name":"wp","href":"https:\/\/api.w.org\/{rel}","templated":true}]}}