{"id":87406,"date":"2025-07-18T14:44:41","date_gmt":"2025-07-18T12:44:41","guid":{"rendered":"https:\/\/www.librairieclavreuil.com\/charcot-jean-martin-oeuvres-completes-recueillies-et-publiees-par-bourneville\/"},"modified":"2025-07-18T14:44:44","modified_gmt":"2025-07-18T12:44:44","slug":"charcot-jean-martin-oeuvres-completes-recueillies-et-publiees-par-bourneville","status":"publish","type":"product","link":"https:\/\/www.librairieclavreuil.com\/en\/charcot-jean-martin-oeuvres-completes-recueillies-et-publiees-par-bourneville\/","title":{"rendered":"CHARCOT Jean-Martin Oeuvres compl\u00e8tes. Recueillies et publi\u00e9es par..."},"content":{"rendered":"<p style=\"text-align:justify\"><i>See Heirs of Hippocrates, 1918-1920 &amp; Garrison-Morton 4546, 4558, 228 (for : Le\u00e7ons sur les maladies du syst\u00e8me nerveux ; &#8230;. maladies du cerveau; &#8230; maladies du foie).<\/i><\/p>\n<p style=\"text-align:justify\">Partly first edition. The complete works containg Charcot&#8217;s classic texts on diseases of the nervous system, on the diseases of the brain, and on the diseases of the liver.<\/p>\n<p style=\"text-align:justify\">&#8220;In France, Charcot was one of the greatest neurologists of his time. It was perhaps his incomparable qualities as a teacher, writer, and organizer that contributed most to the reputation of this gifted clinician\u2026 He was the creator of the greatest modern neurological clinic, and a masterly describer of many disease pictures\u2026 Charcot brought to his clinic at la Salp\u00eatri\u00e8re a group of devoted pupils who were among the founders of modern neurology. Charcot was an outstanding teacher, and this course of lectures at the Salp\u00eatri\u00e8re constitutes one of the textbooks in the field of neurology and is his greatest work.<\/p>\n<p style=\"text-align:justify\">Of the many works issued by Charcot, this one on the localization of functions in diseases of the brains tands out as one of the most important.<\/p>\n<p style=\"text-align:justify\">Though best remembered as a clinical neurologist, Charcot also contributed to a more accurate knowledge of many other diseases. This classic work on the diseases of the liver, biliary passages, and kidney is a fine example of his versatility&#8221; (Heirs).<\/p>\n<p style=\"text-align:justify\">The works comprise : 1 (1892): Le\u00e7ons sur les maladies du syst\u00e8me nerveux. Portrait and 14 engraved plantes. 2 (1894): Le\u00e7ons sur les maladies du syst\u00e8me nerveux. 10 plates. 3 (1890) : Le\u00e7ons sur les maladies du syst\u00e8me nerveux. Recueillies et publi\u00e9es par MM. Babinski, Bernard, F\u00e9r\u00e9, Guinon, Marie et Gilles de la Tourette. 4 (1893) : Le\u00e7ons sur les localisations &nbsp;dans les maladies du cerveau et de la moelle \u00e9pini\u00e8re. Recueillies par Bourneville et E. Brissaud. 5 (1888) : Maladies des poumons et du syst\u00e8me vasculaire. 2 plates. 6 (1891) : Le\u00e7ons sur les maladies du foie et des reins. Recueillies par Bourneville, Sevestre et Brissaud. 7 plates. 7 (1890) : Maladies des vieillards : Goutte et Rhumatisme. 4 plates. 8 (1889) : Maladies infectieuse. Affections de la peau, kystes hydatiques, estomac et rate, th\u00e9rapeutique. 9 (1890) : H\u00e9morragie et ramollissement du cerveau. M\u00e9talloth\u00e9rapie et hypnotisme. \u00c9lectroth\u00e9rapie. 13 plates.<\/p>\n<p style=\"text-align:justify\">Rare and complete copy of the works of Charcot, entirely uncut.<\/p>\n<p style=\"text-align:justify\">Some occasional foxing.<\/p>\n<p style=\"text-align:justify\">Provenance : Archigymnasii insulensis Cathol (rubber stamp, released).<\/p>\n","protected":false},"excerpt":{"rendered":"<p>9 volumes 8vo (228 x 142 mm) Contemporary boards with original printed wrappers mounted, flat spine with manuscript title (some overall wear).<\/p>\n","protected":false},"featured_media":87393,"comment_status":"open","ping_status":"closed","template":"","meta":{"_acf_changed":false},"product_brand":[],"product_cat":[548],"product_tag":[1302,1282,1284,1314,1295,1271,1294],"class_list":{"0":"post-87406","1":"product","2":"type-product","3":"status-publish","4":"has-post-thumbnail","6":"product_cat-medicine","7":"product_tag-brain","8":"product_tag-contagions-2","9":"product_tag-epidemics","10":"product_tag-general-psychiatry","11":"product_tag-heart","12":"product_tag-medicine","13":"product_tag-organes-2","14":"pa_auteur-charcot-jean-martin-2","15":"pa_type-de-livre-printed-book","17":"first","18":"outofstock","19":"shipping-taxable","20":"purchasable","21":"product-type-simple"},"acf":{"artist":"Jean-Martin CHARCOT","chapeau":"","adresse_bibliographique":"Paris, Aux Bureaux du Progr\u00e8s M\u00e9dical et Louis Battaille, 1888-1894","book_type":"Printed book","provenance":"","afficher_prix":""},"yoast_head":"<!-- This site is optimized with the Yoast SEO plugin v24.7 - https:\/\/yoast.com\/wordpress\/plugins\/seo\/ -->\n<title>CHARCOT Jean-Martin Oeuvres compl\u00e8tes. Recueillies et publi\u00e9es par Bourneville. - Libairie Clavreuil<\/title>\n<meta name=\"robots\" content=\"index, follow, max-snippet:-1, max-image-preview:large, max-video-preview:-1\" \/>\n<link rel=\"canonical\" href=\"https:\/\/www.librairieclavreuil.com\/en\/charcot-jean-martin-oeuvres-completes-recueillies-et-publiees-par-bourneville\/\" \/>\n<meta property=\"og:locale\" content=\"en_US\" \/>\n<meta property=\"og:type\" content=\"article\" \/>\n<meta property=\"og:title\" content=\"CHARCOT Jean-Martin Oeuvres compl\u00e8tes. Recueillies et publi\u00e9es par Bourneville. - Libairie Clavreuil\" \/>\n<meta property=\"og:description\" content=\"9 volumes 8vo (228 x 142 mm) Contemporary boards with original printed wrappers mounted, flat spine with manuscript title (some overall wear).\" \/>\n<meta property=\"og:url\" content=\"https:\/\/www.librairieclavreuil.com\/en\/charcot-jean-martin-oeuvres-completes-recueillies-et-publiees-par-bourneville\/\" \/>\n<meta property=\"og:site_name\" content=\"Libairie Clavreuil\" \/>\n<meta property=\"article:modified_time\" content=\"2025-07-18T12:44:44+00:00\" \/>\n<meta property=\"og:image\" content=\"https:\/\/www.librairieclavreuil.com\/wp-content\/uploads\/2025\/07\/jean-martin-charcot-oeuvres-completes-recueillies-et-publiees-par-bourneville-9888-687a4165a1e3a.jpg\" \/>\n\t<meta property=\"og:image:width\" content=\"622\" \/>\n\t<meta property=\"og:image:height\" content=\"800\" \/>\n\t<meta property=\"og:image:type\" content=\"image\/jpeg\" \/>\n<meta name=\"twitter:card\" content=\"summary_large_image\" \/>\n<meta name=\"twitter:label1\" content=\"Est. reading time\" \/>\n\t<meta name=\"twitter:data1\" content=\"2 minutes\" \/>\n<script type=\"application\/ld+json\" class=\"yoast-schema-graph\">{\"@context\":\"https:\/\/schema.org\",\"@graph\":[{\"@type\":\"WebPage\",\"@id\":\"https:\/\/www.librairieclavreuil.com\/en\/charcot-jean-martin-oeuvres-completes-recueillies-et-publiees-par-bourneville\/\",\"url\":\"https:\/\/www.librairieclavreuil.com\/en\/charcot-jean-martin-oeuvres-completes-recueillies-et-publiees-par-bourneville\/\",\"name\":\"CHARCOT Jean-Martin Oeuvres compl\u00e8tes. Recueillies et publi\u00e9es par Bourneville. - Libairie Clavreuil\",\"isPartOf\":{\"@id\":\"https:\/\/www.librairieclavreuil.com\/#website\"},\"primaryImageOfPage\":{\"@id\":\"https:\/\/www.librairieclavreuil.com\/en\/charcot-jean-martin-oeuvres-completes-recueillies-et-publiees-par-bourneville\/#primaryimage\"},\"image\":{\"@id\":\"https:\/\/www.librairieclavreuil.com\/en\/charcot-jean-martin-oeuvres-completes-recueillies-et-publiees-par-bourneville\/#primaryimage\"},\"thumbnailUrl\":\"https:\/\/www.librairieclavreuil.com\/wp-content\/uploads\/2025\/07\/jean-martin-charcot-oeuvres-completes-recueillies-et-publiees-par-bourneville-9888-687a4165a1e3a.jpg\",\"datePublished\":\"2025-07-18T12:44:41+00:00\",\"dateModified\":\"2025-07-18T12:44:44+00:00\",\"breadcrumb\":{\"@id\":\"https:\/\/www.librairieclavreuil.com\/en\/charcot-jean-martin-oeuvres-completes-recueillies-et-publiees-par-bourneville\/#breadcrumb\"},\"inLanguage\":\"en-US\",\"potentialAction\":[{\"@type\":\"ReadAction\",\"target\":[\"https:\/\/www.librairieclavreuil.com\/en\/charcot-jean-martin-oeuvres-completes-recueillies-et-publiees-par-bourneville\/\"]}]},{\"@type\":\"ImageObject\",\"inLanguage\":\"en-US\",\"@id\":\"https:\/\/www.librairieclavreuil.com\/en\/charcot-jean-martin-oeuvres-completes-recueillies-et-publiees-par-bourneville\/#primaryimage\",\"url\":\"https:\/\/www.librairieclavreuil.com\/wp-content\/uploads\/2025\/07\/jean-martin-charcot-oeuvres-completes-recueillies-et-publiees-par-bourneville-9888-687a4165a1e3a.jpg\",\"contentUrl\":\"https:\/\/www.librairieclavreuil.com\/wp-content\/uploads\/2025\/07\/jean-martin-charcot-oeuvres-completes-recueillies-et-publiees-par-bourneville-9888-687a4165a1e3a.jpg\",\"width\":622,\"height\":800},{\"@type\":\"BreadcrumbList\",\"@id\":\"https:\/\/www.librairieclavreuil.com\/en\/charcot-jean-martin-oeuvres-completes-recueillies-et-publiees-par-bourneville\/#breadcrumb\",\"itemListElement\":[{\"@type\":\"ListItem\",\"position\":1,\"name\":\"Accueil\",\"item\":\"https:\/\/www.librairieclavreuil.com\/\"},{\"@type\":\"ListItem\",\"position\":2,\"name\":\"All our books\",\"item\":\"https:\/\/www.librairieclavreuil.com\/en\/all-our-books\/\"},{\"@type\":\"ListItem\",\"position\":3,\"name\":\"CHARCOT Jean-Martin Oeuvres compl\u00e8tes. Recueillies et publi\u00e9es par...\"}]},{\"@type\":\"WebSite\",\"@id\":\"https:\/\/www.librairieclavreuil.com\/#website\",\"url\":\"https:\/\/www.librairieclavreuil.com\/\",\"name\":\"Libairie Clavreuil\",\"description\":\"Livres anciens, manuscrits rares et \u00e9ditions originales \u2013 Librairie Clavreuil\",\"publisher\":{\"@id\":\"https:\/\/www.librairieclavreuil.com\/#organization\"},\"potentialAction\":[{\"@type\":\"SearchAction\",\"target\":{\"@type\":\"EntryPoint\",\"urlTemplate\":\"https:\/\/www.librairieclavreuil.com\/?s={search_term_string}\"},\"query-input\":{\"@type\":\"PropertyValueSpecification\",\"valueRequired\":true,\"valueName\":\"search_term_string\"}}],\"inLanguage\":\"en-US\"},{\"@type\":\"Organization\",\"@id\":\"https:\/\/www.librairieclavreuil.com\/#organization\",\"name\":\"Libairie Clavreuil\",\"url\":\"https:\/\/www.librairieclavreuil.com\/\",\"logo\":{\"@type\":\"ImageObject\",\"inLanguage\":\"en-US\",\"@id\":\"https:\/\/www.librairieclavreuil.com\/#\/schema\/logo\/image\/\",\"url\":\"https:\/\/www.librairieclavreuil.com\/wp-content\/uploads\/2021\/06\/cropped-LOGO_PNG_DATE-_gold-512x512-1.png\",\"contentUrl\":\"https:\/\/www.librairieclavreuil.com\/wp-content\/uploads\/2021\/06\/cropped-LOGO_PNG_DATE-_gold-512x512-1.png\",\"width\":512,\"height\":512,\"caption\":\"Libairie Clavreuil\"},\"image\":{\"@id\":\"https:\/\/www.librairieclavreuil.com\/#\/schema\/logo\/image\/\"},\"sameAs\":[\"https:\/\/www.instagram.com\/librairieclavreuil\/\"]}]}<\/script>\n<!-- \/ Yoast SEO plugin. -->","yoast_head_json":{"title":"CHARCOT Jean-Martin Oeuvres compl\u00e8tes. Recueillies et publi\u00e9es par Bourneville. - Libairie Clavreuil","robots":{"index":"index","follow":"follow","max-snippet":"max-snippet:-1","max-image-preview":"max-image-preview:large","max-video-preview":"max-video-preview:-1"},"canonical":"https:\/\/www.librairieclavreuil.com\/en\/charcot-jean-martin-oeuvres-completes-recueillies-et-publiees-par-bourneville\/","og_locale":"en_US","og_type":"article","og_title":"CHARCOT Jean-Martin Oeuvres compl\u00e8tes. Recueillies et publi\u00e9es par Bourneville. - Libairie Clavreuil","og_description":"9 volumes 8vo (228 x 142 mm) Contemporary boards with original printed wrappers mounted, flat spine with manuscript title (some overall wear).","og_url":"https:\/\/www.librairieclavreuil.com\/en\/charcot-jean-martin-oeuvres-completes-recueillies-et-publiees-par-bourneville\/","og_site_name":"Libairie Clavreuil","article_modified_time":"2025-07-18T12:44:44+00:00","og_image":[{"width":622,"height":800,"url":"https:\/\/www.librairieclavreuil.com\/wp-content\/uploads\/2025\/07\/jean-martin-charcot-oeuvres-completes-recueillies-et-publiees-par-bourneville-9888-687a4165a1e3a.jpg","type":"image\/jpeg"}],"twitter_card":"summary_large_image","twitter_misc":{"Est. reading time":"2 minutes"},"schema":{"@context":"https:\/\/schema.org","@graph":[{"@type":"WebPage","@id":"https:\/\/www.librairieclavreuil.com\/en\/charcot-jean-martin-oeuvres-completes-recueillies-et-publiees-par-bourneville\/","url":"https:\/\/www.librairieclavreuil.com\/en\/charcot-jean-martin-oeuvres-completes-recueillies-et-publiees-par-bourneville\/","name":"CHARCOT Jean-Martin Oeuvres compl\u00e8tes. Recueillies et publi\u00e9es par Bourneville. - Libairie Clavreuil","isPartOf":{"@id":"https:\/\/www.librairieclavreuil.com\/#website"},"primaryImageOfPage":{"@id":"https:\/\/www.librairieclavreuil.com\/en\/charcot-jean-martin-oeuvres-completes-recueillies-et-publiees-par-bourneville\/#primaryimage"},"image":{"@id":"https:\/\/www.librairieclavreuil.com\/en\/charcot-jean-martin-oeuvres-completes-recueillies-et-publiees-par-bourneville\/#primaryimage"},"thumbnailUrl":"https:\/\/www.librairieclavreuil.com\/wp-content\/uploads\/2025\/07\/jean-martin-charcot-oeuvres-completes-recueillies-et-publiees-par-bourneville-9888-687a4165a1e3a.jpg","datePublished":"2025-07-18T12:44:41+00:00","dateModified":"2025-07-18T12:44:44+00:00","breadcrumb":{"@id":"https:\/\/www.librairieclavreuil.com\/en\/charcot-jean-martin-oeuvres-completes-recueillies-et-publiees-par-bourneville\/#breadcrumb"},"inLanguage":"en-US","potentialAction":[{"@type":"ReadAction","target":["https:\/\/www.librairieclavreuil.com\/en\/charcot-jean-martin-oeuvres-completes-recueillies-et-publiees-par-bourneville\/"]}]},{"@type":"ImageObject","inLanguage":"en-US","@id":"https:\/\/www.librairieclavreuil.com\/en\/charcot-jean-martin-oeuvres-completes-recueillies-et-publiees-par-bourneville\/#primaryimage","url":"https:\/\/www.librairieclavreuil.com\/wp-content\/uploads\/2025\/07\/jean-martin-charcot-oeuvres-completes-recueillies-et-publiees-par-bourneville-9888-687a4165a1e3a.jpg","contentUrl":"https:\/\/www.librairieclavreuil.com\/wp-content\/uploads\/2025\/07\/jean-martin-charcot-oeuvres-completes-recueillies-et-publiees-par-bourneville-9888-687a4165a1e3a.jpg","width":622,"height":800},{"@type":"BreadcrumbList","@id":"https:\/\/www.librairieclavreuil.com\/en\/charcot-jean-martin-oeuvres-completes-recueillies-et-publiees-par-bourneville\/#breadcrumb","itemListElement":[{"@type":"ListItem","position":1,"name":"Accueil","item":"https:\/\/www.librairieclavreuil.com\/"},{"@type":"ListItem","position":2,"name":"All our books","item":"https:\/\/www.librairieclavreuil.com\/en\/all-our-books\/"},{"@type":"ListItem","position":3,"name":"CHARCOT Jean-Martin Oeuvres compl\u00e8tes. Recueillies et publi\u00e9es par..."}]},{"@type":"WebSite","@id":"https:\/\/www.librairieclavreuil.com\/#website","url":"https:\/\/www.librairieclavreuil.com\/","name":"Libairie Clavreuil","description":"Livres anciens, manuscrits rares et \u00e9ditions originales \u2013 Librairie Clavreuil","publisher":{"@id":"https:\/\/www.librairieclavreuil.com\/#organization"},"potentialAction":[{"@type":"SearchAction","target":{"@type":"EntryPoint","urlTemplate":"https:\/\/www.librairieclavreuil.com\/?s={search_term_string}"},"query-input":{"@type":"PropertyValueSpecification","valueRequired":true,"valueName":"search_term_string"}}],"inLanguage":"en-US"},{"@type":"Organization","@id":"https:\/\/www.librairieclavreuil.com\/#organization","name":"Libairie Clavreuil","url":"https:\/\/www.librairieclavreuil.com\/","logo":{"@type":"ImageObject","inLanguage":"en-US","@id":"https:\/\/www.librairieclavreuil.com\/#\/schema\/logo\/image\/","url":"https:\/\/www.librairieclavreuil.com\/wp-content\/uploads\/2021\/06\/cropped-LOGO_PNG_DATE-_gold-512x512-1.png","contentUrl":"https:\/\/www.librairieclavreuil.com\/wp-content\/uploads\/2021\/06\/cropped-LOGO_PNG_DATE-_gold-512x512-1.png","width":512,"height":512,"caption":"Libairie Clavreuil"},"image":{"@id":"https:\/\/www.librairieclavreuil.com\/#\/schema\/logo\/image\/"},"sameAs":["https:\/\/www.instagram.com\/librairieclavreuil\/"]}]}},"jetpack_sharing_enabled":true,"_links":{"self":[{"href":"https:\/\/www.librairieclavreuil.com\/en\/wp-json\/wp\/v2\/product\/87406","targetHints":{"allow":["GET"]}}],"collection":[{"href":"https:\/\/www.librairieclavreuil.com\/en\/wp-json\/wp\/v2\/product"}],"about":[{"href":"https:\/\/www.librairieclavreuil.com\/en\/wp-json\/wp\/v2\/types\/product"}],"replies":[{"embeddable":true,"href":"https:\/\/www.librairieclavreuil.com\/en\/wp-json\/wp\/v2\/comments?post=87406"}],"wp:featuredmedia":[{"embeddable":true,"href":"https:\/\/www.librairieclavreuil.com\/en\/wp-json\/wp\/v2\/media\/87393"}],"wp:attachment":[{"href":"https:\/\/www.librairieclavreuil.com\/en\/wp-json\/wp\/v2\/media?parent=87406"}],"wp:term":[{"taxonomy":"product_brand","embeddable":true,"href":"https:\/\/www.librairieclavreuil.com\/en\/wp-json\/wp\/v2\/product_brand?post=87406"},{"taxonomy":"product_cat","embeddable":true,"href":"https:\/\/www.librairieclavreuil.com\/en\/wp-json\/wp\/v2\/product_cat?post=87406"},{"taxonomy":"product_tag","embeddable":true,"href":"https:\/\/www.librairieclavreuil.com\/en\/wp-json\/wp\/v2\/product_tag?post=87406"}],"curies":[{"name":"wp","href":"https:\/\/api.w.org\/{rel}","templated":true}]}}