{"id":87245,"date":"2025-06-26T11:06:39","date_gmt":"2025-06-26T09:06:39","guid":{"rendered":"https:\/\/www.librairieclavreuil.com\/marchand-etienne-voyage-autour-du-monde-pendant-les-annees-1790-1791-et-1792-precede-dune-introduction-historique-auquel-on-a-joint-des-recherches-sur-les-terres-australes-de-drake-et-un\/"},"modified":"2025-09-01T14:41:57","modified_gmt":"2025-09-01T12:41:57","slug":"marchand-etienne-voyage-autour-du-monde-pendant-les-annees-1790-1791-et-1792-precede-dune-introduction-historique-auquel-on-a-joint-des-recherches-sur-les-terres-australes-de-drake-et-un","status":"publish","type":"product","link":"https:\/\/www.librairieclavreuil.com\/en\/marchand-etienne-voyage-autour-du-monde-pendant-les-annees-1790-1791-et-1792-precede-dune-introduction-historique-auquel-on-a-joint-des-recherches-sur-les-terres-australes-de-drake-et-un\/","title":{"rendered":"MARCHAND \u00c9tienne Voyage autour du monde pendant les..."},"content":{"rendered":"<p style=\"text-align:justify\"><i>Sabin, 24751 &amp; 44491; Hill (2), 612 ; Howgego, M-43; Lada-Mocarski, 54 ; see Odile Gannier, Consigner l&#8217;\u00e9v\u00e9nement : les journaux de voyage de Marchand, in &#8220;Annales historiques de la R\u00e9volution fran\u00e7aise&#8221;, n\u00b0 320 (2000).<\/i><\/p>\n<p style=\"text-align:justify\"><span style=\"font-variant:small-caps\">First edition, the rare in 4to issue.<\/span><\/p>\n<p style=\"text-align:justify\">Account of the second great circumnavigation voyage by a Frenchman, a quarter of a century after that of Bougainville,&nbsp;&#8220;a very important and authoritative work for the history of the northwest coast&#8221; (Lada-Mocarski).<\/p>\n<p style=\"text-align:justify\">The work was based on the notes and logbook of \u00c9tienne Marchand (who died in 1793) by Charles-Pierre Claret de Fleurieu (1737-1810). Other sources were incorporated into the final version: the report sent from the Ile de France in April 1792, the diary of the ship&#8217;s surgeon Claude Roblet and, above all, the diary of Captain Prosper Chenal, second in command, who was in charge of all the reconnaissance work during the expedition. The Solide&#8217;s mission, launched by private shipowners, was originally purely commercial: to explore the route taken by ships trading in skins between Nootka and Macao. Marchand left Marseille on 14 December 1790; his return, on 14 August 1792, went unnoticed due to current political events (four days after the events of 10 August).<\/p>\n<p style=\"text-align:justify\">Although a commercial failure, the voyage was a success from a navigational point of view \u2013 the journey was very fast \u2013 and from a geographical point of view: Marchand explored the southern lands and discovered the islands of the northern Marquesas group (Ua Pou, Nuku Hiva, Motu Hiti, Eiao, Hotutu), which he aptly named the &#8220;Isles de la R\u00e9volution&#8221;.<\/p>\n<p style=\"text-align:justify\">&#8220;Parti de Marseille en d\u00e9cembre [1790] sur le Solide, il doubla le Cap Horn et reconnut en d\u00e9tail l&#8217;archipel des Marquises (Nuku-Hiva, Fatu-Hiva, Hiva-Oa, Vaitahu) qu&#8217;il baptisa \u00eeles de la R\u00e9volution. Gr\u00e2ce \u00e0 lui le pavillon tricolore flotta pour la premi\u00e8re fois dans le Pacifique (juin 1791). Il remonta ensuite vers le Nord, chargea en Alaska une cargaison de fourrures avec laquelle il gagna Macao apr\u00e8s avoir fait escale aux \u00eeles Hawa\u00ef&#8221; (Taillemite).<\/p>\n<p style=\"text-align:justify\">&#8220;A most important work for the history of geographical discovery in the Northwest. Marchand&#8217;s expedition sailed around Cape Horn and, after touching at the Marquesas and Hawaii, visited Norfolk Sound, Queen Charlotte Island, Nootka Sound, and parts of the northwest coast of America, of which lenghty descriptions are given, in addition to descriptions of the Indian inhabitants. The introduction is a valuable feature of this work, as it contains Fleurieu\u2019s learned researches on the early navigators to the North Pacific, from 1537 to 1791. Among others, the voyages of Drake, Juan de Fuca, Admiral de Fuentes (de Fonte), Bering, Chirikov, Cook, La P\u00e9rouse, Meares, Portlock and Dixon, Colnet, Don Haro, and Malaspina are discussed and recapitulation given. The second volume gives nautical observations and natural history&#8230; The third volume has more natural history, Drake&#8217;s discoveries of 1578, and Roggeveen&#8217;s voyage, 1721-22, as well as a &#8216;Liste g\u00e9n\u00e9rale des voyageurs et des auteurs cit\u00e9s&#8230;&#8217; The fourth volume relates to hydrography and hydrographical charts (&#8230;), as well as copies of earlier charts and new surveys of the Marquesas Islands and the northwest coast of America&#8221; (Hill).<\/p>\n<p style=\"text-align:justify\">Claret de Fleurieu&#8217;s introduction is a veritable essay on the exploration of the North Pacific between 1537 and 1791, with historical and critical remarks on the voyages of Drake, Juan de Fuca, Admiral de Fuentes, Bering, Chirikov, Cook, La P\u00e9rouse, Meares, Portlock and Dixon, Colnett, Don Haro and Malaspina.<\/p>\n<p style=\"text-align:justify\">The illustration comprises 16 plates numbered I to XV (there is a plate VI bis), including 15 folding maps (engraved by Collin, Tardieu, Bouclet and D&#8217;Houdan), and a figure engraved by Fortier after Genillion (stilts of Santa-Christina, in the Marquesas).<br \/>&nbsp;<br \/>Light waterstain on the inner corner of the atlas.<\/p>\n<p style=\"text-align:justify\">A fine copy, well preserved in its original publisher&#8217;s binding. Text and atlas with full margins, entirely uncut.<\/p>\n","protected":false},"excerpt":{"rendered":"<p style=\"text-align:justify\">3 text volumes 4to (270 x 203 mm) and 1 large 4to volume of atlas (303 x 229 mm). Texte&nbsp;: XII, CXLIV, 628 pp., 2 nn.ll. (errata), a folding table (Wahitho language) for volume I; XVI, 676 pp. 1 nn.l. (errata) for volume II; XI, 431 pp. 1 nn.l (errata) for volume III.&nbsp;Atlas&nbsp;: 1 blank l., 1 nn.l (title), VIII, 158 pp. 1 nn.l (table) and 16 engraved plates (numbered 1-15, 6bis). Original publisher&#8217;s speckled boards, flat spine with printed labels, modern slipcases.<\/p>\n","protected":false},"featured_media":87853,"comment_status":"open","ping_status":"closed","template":"","meta":{"_acf_changed":false},"product_brand":[],"product_cat":[552],"product_tag":[1407,1450,620],"class_list":{"0":"post-87245","1":"product","2":"type-product","3":"status-publish","4":"has-post-thumbnail","6":"product_cat-travel","7":"product_tag-circum-2","8":"product_tag-first-edition","9":"product_tag-travel","10":"pa_auteur-marchand-etienne-2","11":"pa_type-de-livre-printed-book","13":"first","14":"instock","15":"shipping-taxable","16":"purchasable","17":"product-type-simple"},"acf":{"artist":"\u00c9tienne MARCHAND","chapeau":"","adresse_bibliographique":"Paris, Imprimerie de la R\u00e9publique, 1798-1800","book_type":"Printed book","provenance":"","afficher_prix":""},"yoast_head":"<!-- This site is optimized with the Yoast SEO plugin v24.7 - https:\/\/yoast.com\/wordpress\/plugins\/seo\/ -->\n<title>MARCHAND \u00c9tienne Voyage autour du monde pendant les ann\u00e9es 1790, 1791, et 1792 (...) pr\u00e9c\u00e9d\u00e9 d&#039;une introduction historique ; auquel on a joint des recherches sur les terres australes de Drake, et un examen critique du voyage de Roggeween... - Libairie Clavreuil<\/title>\n<meta name=\"robots\" content=\"index, follow, max-snippet:-1, max-image-preview:large, max-video-preview:-1\" \/>\n<link rel=\"canonical\" href=\"https:\/\/www.librairieclavreuil.com\/en\/marchand-etienne-voyage-autour-du-monde-pendant-les-annees-1790-1791-et-1792-precede-dune-introduction-historique-auquel-on-a-joint-des-recherches-sur-les-terres-australes-de-drake-et-un\/\" \/>\n<meta property=\"og:locale\" content=\"en_US\" \/>\n<meta property=\"og:type\" content=\"article\" \/>\n<meta property=\"og:title\" content=\"MARCHAND \u00c9tienne Voyage autour du monde pendant les ann\u00e9es 1790, 1791, et 1792 (...) pr\u00e9c\u00e9d\u00e9 d&#039;une introduction historique ; auquel on a joint des recherches sur les terres australes de Drake, et un examen critique du voyage de Roggeween... - Libairie Clavreuil\" \/>\n<meta property=\"og:description\" content=\"3 text volumes 4to (270 x 203 mm) and 1 large 4to volume of atlas (303 x 229 mm). Texte&nbsp;: XII, CXLIV, 628 pp., 2 nn.ll. (errata), a folding table (Wahitho language) for volume I; XVI, 676 pp. 1 nn.l. (errata) for volume II; XI, 431 pp. 1 nn.l (errata) for volume III.&nbsp;Atlas&nbsp;: 1 blank l., 1 nn.l (title), VIII, 158 pp. 1 nn.l (table) and 16 engraved plates (numbered 1-15, 6bis). Original publisher&#039;s speckled boards, flat spine with printed labels, modern slipcases.\" \/>\n<meta property=\"og:url\" content=\"https:\/\/www.librairieclavreuil.com\/en\/marchand-etienne-voyage-autour-du-monde-pendant-les-annees-1790-1791-et-1792-precede-dune-introduction-historique-auquel-on-a-joint-des-recherches-sur-les-terres-australes-de-drake-et-un\/\" \/>\n<meta property=\"og:site_name\" content=\"Libairie Clavreuil\" \/>\n<meta property=\"article:modified_time\" content=\"2025-09-01T12:41:57+00:00\" \/>\n<meta property=\"og:image\" content=\"https:\/\/www.librairieclavreuil.com\/wp-content\/uploads\/2025\/09\/etienne-marchand-voyage-autour-du-monde-pendant-les-annees-1790-1791-et-1792-precede-d-une-introduction-historique-auquel-on-a-joint-des-rec-68b5944e12ae7.jpg\" \/>\n\t<meta property=\"og:image:width\" content=\"800\" \/>\n\t<meta property=\"og:image:height\" content=\"453\" \/>\n\t<meta property=\"og:image:type\" content=\"image\/jpeg\" \/>\n<meta name=\"twitter:card\" content=\"summary_large_image\" \/>\n<meta name=\"twitter:label1\" content=\"Est. reading time\" \/>\n\t<meta name=\"twitter:data1\" content=\"3 minutes\" \/>\n<script type=\"application\/ld+json\" class=\"yoast-schema-graph\">{\"@context\":\"https:\/\/schema.org\",\"@graph\":[{\"@type\":\"WebPage\",\"@id\":\"https:\/\/www.librairieclavreuil.com\/en\/marchand-etienne-voyage-autour-du-monde-pendant-les-annees-1790-1791-et-1792-precede-dune-introduction-historique-auquel-on-a-joint-des-recherches-sur-les-terres-australes-de-drake-et-un\/\",\"url\":\"https:\/\/www.librairieclavreuil.com\/en\/marchand-etienne-voyage-autour-du-monde-pendant-les-annees-1790-1791-et-1792-precede-dune-introduction-historique-auquel-on-a-joint-des-recherches-sur-les-terres-australes-de-drake-et-un\/\",\"name\":\"MARCHAND \u00c9tienne Voyage autour du monde pendant les ann\u00e9es 1790, 1791, et 1792 (...) pr\u00e9c\u00e9d\u00e9 d'une introduction historique ; auquel on a joint des recherches sur les terres australes de Drake, et un examen critique du voyage de Roggeween... - Libairie Clavreuil\",\"isPartOf\":{\"@id\":\"https:\/\/www.librairieclavreuil.com\/#website\"},\"primaryImageOfPage\":{\"@id\":\"https:\/\/www.librairieclavreuil.com\/en\/marchand-etienne-voyage-autour-du-monde-pendant-les-annees-1790-1791-et-1792-precede-dune-introduction-historique-auquel-on-a-joint-des-recherches-sur-les-terres-australes-de-drake-et-un\/#primaryimage\"},\"image\":{\"@id\":\"https:\/\/www.librairieclavreuil.com\/en\/marchand-etienne-voyage-autour-du-monde-pendant-les-annees-1790-1791-et-1792-precede-dune-introduction-historique-auquel-on-a-joint-des-recherches-sur-les-terres-australes-de-drake-et-un\/#primaryimage\"},\"thumbnailUrl\":\"https:\/\/www.librairieclavreuil.com\/wp-content\/uploads\/2025\/09\/etienne-marchand-voyage-autour-du-monde-pendant-les-annees-1790-1791-et-1792-precede-d-une-introduction-historique-auquel-on-a-joint-des-rec-68b5944e12ae7.jpg\",\"datePublished\":\"2025-06-26T09:06:39+00:00\",\"dateModified\":\"2025-09-01T12:41:57+00:00\",\"breadcrumb\":{\"@id\":\"https:\/\/www.librairieclavreuil.com\/en\/marchand-etienne-voyage-autour-du-monde-pendant-les-annees-1790-1791-et-1792-precede-dune-introduction-historique-auquel-on-a-joint-des-recherches-sur-les-terres-australes-de-drake-et-un\/#breadcrumb\"},\"inLanguage\":\"en-US\",\"potentialAction\":[{\"@type\":\"ReadAction\",\"target\":[\"https:\/\/www.librairieclavreuil.com\/en\/marchand-etienne-voyage-autour-du-monde-pendant-les-annees-1790-1791-et-1792-precede-dune-introduction-historique-auquel-on-a-joint-des-recherches-sur-les-terres-australes-de-drake-et-un\/\"]}]},{\"@type\":\"ImageObject\",\"inLanguage\":\"en-US\",\"@id\":\"https:\/\/www.librairieclavreuil.com\/en\/marchand-etienne-voyage-autour-du-monde-pendant-les-annees-1790-1791-et-1792-precede-dune-introduction-historique-auquel-on-a-joint-des-recherches-sur-les-terres-australes-de-drake-et-un\/#primaryimage\",\"url\":\"https:\/\/www.librairieclavreuil.com\/wp-content\/uploads\/2025\/09\/etienne-marchand-voyage-autour-du-monde-pendant-les-annees-1790-1791-et-1792-precede-d-une-introduction-historique-auquel-on-a-joint-des-rec-68b5944e12ae7.jpg\",\"contentUrl\":\"https:\/\/www.librairieclavreuil.com\/wp-content\/uploads\/2025\/09\/etienne-marchand-voyage-autour-du-monde-pendant-les-annees-1790-1791-et-1792-precede-d-une-introduction-historique-auquel-on-a-joint-des-rec-68b5944e12ae7.jpg\",\"width\":800,\"height\":453},{\"@type\":\"BreadcrumbList\",\"@id\":\"https:\/\/www.librairieclavreuil.com\/en\/marchand-etienne-voyage-autour-du-monde-pendant-les-annees-1790-1791-et-1792-precede-dune-introduction-historique-auquel-on-a-joint-des-recherches-sur-les-terres-australes-de-drake-et-un\/#breadcrumb\",\"itemListElement\":[{\"@type\":\"ListItem\",\"position\":1,\"name\":\"Accueil\",\"item\":\"https:\/\/www.librairieclavreuil.com\/\"},{\"@type\":\"ListItem\",\"position\":2,\"name\":\"All our books\",\"item\":\"https:\/\/www.librairieclavreuil.com\/en\/all-our-books\/\"},{\"@type\":\"ListItem\",\"position\":3,\"name\":\"MARCHAND \u00c9tienne Voyage autour du monde pendant les...\"}]},{\"@type\":\"WebSite\",\"@id\":\"https:\/\/www.librairieclavreuil.com\/#website\",\"url\":\"https:\/\/www.librairieclavreuil.com\/\",\"name\":\"Libairie Clavreuil\",\"description\":\"Livres anciens, manuscrits rares et \u00e9ditions originales \u2013 Librairie Clavreuil\",\"publisher\":{\"@id\":\"https:\/\/www.librairieclavreuil.com\/#organization\"},\"potentialAction\":[{\"@type\":\"SearchAction\",\"target\":{\"@type\":\"EntryPoint\",\"urlTemplate\":\"https:\/\/www.librairieclavreuil.com\/?s={search_term_string}\"},\"query-input\":{\"@type\":\"PropertyValueSpecification\",\"valueRequired\":true,\"valueName\":\"search_term_string\"}}],\"inLanguage\":\"en-US\"},{\"@type\":\"Organization\",\"@id\":\"https:\/\/www.librairieclavreuil.com\/#organization\",\"name\":\"Libairie Clavreuil\",\"url\":\"https:\/\/www.librairieclavreuil.com\/\",\"logo\":{\"@type\":\"ImageObject\",\"inLanguage\":\"en-US\",\"@id\":\"https:\/\/www.librairieclavreuil.com\/#\/schema\/logo\/image\/\",\"url\":\"https:\/\/www.librairieclavreuil.com\/wp-content\/uploads\/2021\/06\/cropped-LOGO_PNG_DATE-_gold-512x512-1.png\",\"contentUrl\":\"https:\/\/www.librairieclavreuil.com\/wp-content\/uploads\/2021\/06\/cropped-LOGO_PNG_DATE-_gold-512x512-1.png\",\"width\":512,\"height\":512,\"caption\":\"Libairie Clavreuil\"},\"image\":{\"@id\":\"https:\/\/www.librairieclavreuil.com\/#\/schema\/logo\/image\/\"},\"sameAs\":[\"https:\/\/www.instagram.com\/librairieclavreuil\/\"]}]}<\/script>\n<!-- \/ Yoast SEO plugin. -->","yoast_head_json":{"title":"MARCHAND \u00c9tienne Voyage autour du monde pendant les ann\u00e9es 1790, 1791, et 1792 (...) pr\u00e9c\u00e9d\u00e9 d'une introduction historique ; auquel on a joint des recherches sur les terres australes de Drake, et un examen critique du voyage de Roggeween... - Libairie Clavreuil","robots":{"index":"index","follow":"follow","max-snippet":"max-snippet:-1","max-image-preview":"max-image-preview:large","max-video-preview":"max-video-preview:-1"},"canonical":"https:\/\/www.librairieclavreuil.com\/en\/marchand-etienne-voyage-autour-du-monde-pendant-les-annees-1790-1791-et-1792-precede-dune-introduction-historique-auquel-on-a-joint-des-recherches-sur-les-terres-australes-de-drake-et-un\/","og_locale":"en_US","og_type":"article","og_title":"MARCHAND \u00c9tienne Voyage autour du monde pendant les ann\u00e9es 1790, 1791, et 1792 (...) pr\u00e9c\u00e9d\u00e9 d'une introduction historique ; auquel on a joint des recherches sur les terres australes de Drake, et un examen critique du voyage de Roggeween... - Libairie Clavreuil","og_description":"3 text volumes 4to (270 x 203 mm) and 1 large 4to volume of atlas (303 x 229 mm). Texte&nbsp;: XII, CXLIV, 628 pp., 2 nn.ll. (errata), a folding table (Wahitho language) for volume I; XVI, 676 pp. 1 nn.l. (errata) for volume II; XI, 431 pp. 1 nn.l (errata) for volume III.&nbsp;Atlas&nbsp;: 1 blank l., 1 nn.l (title), VIII, 158 pp. 1 nn.l (table) and 16 engraved plates (numbered 1-15, 6bis). Original publisher's speckled boards, flat spine with printed labels, modern slipcases.","og_url":"https:\/\/www.librairieclavreuil.com\/en\/marchand-etienne-voyage-autour-du-monde-pendant-les-annees-1790-1791-et-1792-precede-dune-introduction-historique-auquel-on-a-joint-des-recherches-sur-les-terres-australes-de-drake-et-un\/","og_site_name":"Libairie Clavreuil","article_modified_time":"2025-09-01T12:41:57+00:00","og_image":[{"width":800,"height":453,"url":"https:\/\/www.librairieclavreuil.com\/wp-content\/uploads\/2025\/09\/etienne-marchand-voyage-autour-du-monde-pendant-les-annees-1790-1791-et-1792-precede-d-une-introduction-historique-auquel-on-a-joint-des-rec-68b5944e12ae7.jpg","type":"image\/jpeg"}],"twitter_card":"summary_large_image","twitter_misc":{"Est. reading time":"3 minutes"},"schema":{"@context":"https:\/\/schema.org","@graph":[{"@type":"WebPage","@id":"https:\/\/www.librairieclavreuil.com\/en\/marchand-etienne-voyage-autour-du-monde-pendant-les-annees-1790-1791-et-1792-precede-dune-introduction-historique-auquel-on-a-joint-des-recherches-sur-les-terres-australes-de-drake-et-un\/","url":"https:\/\/www.librairieclavreuil.com\/en\/marchand-etienne-voyage-autour-du-monde-pendant-les-annees-1790-1791-et-1792-precede-dune-introduction-historique-auquel-on-a-joint-des-recherches-sur-les-terres-australes-de-drake-et-un\/","name":"MARCHAND \u00c9tienne Voyage autour du monde pendant les ann\u00e9es 1790, 1791, et 1792 (...) pr\u00e9c\u00e9d\u00e9 d'une introduction historique ; auquel on a joint des recherches sur les terres australes de Drake, et un examen critique du voyage de Roggeween... - Libairie Clavreuil","isPartOf":{"@id":"https:\/\/www.librairieclavreuil.com\/#website"},"primaryImageOfPage":{"@id":"https:\/\/www.librairieclavreuil.com\/en\/marchand-etienne-voyage-autour-du-monde-pendant-les-annees-1790-1791-et-1792-precede-dune-introduction-historique-auquel-on-a-joint-des-recherches-sur-les-terres-australes-de-drake-et-un\/#primaryimage"},"image":{"@id":"https:\/\/www.librairieclavreuil.com\/en\/marchand-etienne-voyage-autour-du-monde-pendant-les-annees-1790-1791-et-1792-precede-dune-introduction-historique-auquel-on-a-joint-des-recherches-sur-les-terres-australes-de-drake-et-un\/#primaryimage"},"thumbnailUrl":"https:\/\/www.librairieclavreuil.com\/wp-content\/uploads\/2025\/09\/etienne-marchand-voyage-autour-du-monde-pendant-les-annees-1790-1791-et-1792-precede-d-une-introduction-historique-auquel-on-a-joint-des-rec-68b5944e12ae7.jpg","datePublished":"2025-06-26T09:06:39+00:00","dateModified":"2025-09-01T12:41:57+00:00","breadcrumb":{"@id":"https:\/\/www.librairieclavreuil.com\/en\/marchand-etienne-voyage-autour-du-monde-pendant-les-annees-1790-1791-et-1792-precede-dune-introduction-historique-auquel-on-a-joint-des-recherches-sur-les-terres-australes-de-drake-et-un\/#breadcrumb"},"inLanguage":"en-US","potentialAction":[{"@type":"ReadAction","target":["https:\/\/www.librairieclavreuil.com\/en\/marchand-etienne-voyage-autour-du-monde-pendant-les-annees-1790-1791-et-1792-precede-dune-introduction-historique-auquel-on-a-joint-des-recherches-sur-les-terres-australes-de-drake-et-un\/"]}]},{"@type":"ImageObject","inLanguage":"en-US","@id":"https:\/\/www.librairieclavreuil.com\/en\/marchand-etienne-voyage-autour-du-monde-pendant-les-annees-1790-1791-et-1792-precede-dune-introduction-historique-auquel-on-a-joint-des-recherches-sur-les-terres-australes-de-drake-et-un\/#primaryimage","url":"https:\/\/www.librairieclavreuil.com\/wp-content\/uploads\/2025\/09\/etienne-marchand-voyage-autour-du-monde-pendant-les-annees-1790-1791-et-1792-precede-d-une-introduction-historique-auquel-on-a-joint-des-rec-68b5944e12ae7.jpg","contentUrl":"https:\/\/www.librairieclavreuil.com\/wp-content\/uploads\/2025\/09\/etienne-marchand-voyage-autour-du-monde-pendant-les-annees-1790-1791-et-1792-precede-d-une-introduction-historique-auquel-on-a-joint-des-rec-68b5944e12ae7.jpg","width":800,"height":453},{"@type":"BreadcrumbList","@id":"https:\/\/www.librairieclavreuil.com\/en\/marchand-etienne-voyage-autour-du-monde-pendant-les-annees-1790-1791-et-1792-precede-dune-introduction-historique-auquel-on-a-joint-des-recherches-sur-les-terres-australes-de-drake-et-un\/#breadcrumb","itemListElement":[{"@type":"ListItem","position":1,"name":"Accueil","item":"https:\/\/www.librairieclavreuil.com\/"},{"@type":"ListItem","position":2,"name":"All our books","item":"https:\/\/www.librairieclavreuil.com\/en\/all-our-books\/"},{"@type":"ListItem","position":3,"name":"MARCHAND \u00c9tienne Voyage autour du monde pendant les..."}]},{"@type":"WebSite","@id":"https:\/\/www.librairieclavreuil.com\/#website","url":"https:\/\/www.librairieclavreuil.com\/","name":"Libairie Clavreuil","description":"Livres anciens, manuscrits rares et \u00e9ditions originales \u2013 Librairie Clavreuil","publisher":{"@id":"https:\/\/www.librairieclavreuil.com\/#organization"},"potentialAction":[{"@type":"SearchAction","target":{"@type":"EntryPoint","urlTemplate":"https:\/\/www.librairieclavreuil.com\/?s={search_term_string}"},"query-input":{"@type":"PropertyValueSpecification","valueRequired":true,"valueName":"search_term_string"}}],"inLanguage":"en-US"},{"@type":"Organization","@id":"https:\/\/www.librairieclavreuil.com\/#organization","name":"Libairie Clavreuil","url":"https:\/\/www.librairieclavreuil.com\/","logo":{"@type":"ImageObject","inLanguage":"en-US","@id":"https:\/\/www.librairieclavreuil.com\/#\/schema\/logo\/image\/","url":"https:\/\/www.librairieclavreuil.com\/wp-content\/uploads\/2021\/06\/cropped-LOGO_PNG_DATE-_gold-512x512-1.png","contentUrl":"https:\/\/www.librairieclavreuil.com\/wp-content\/uploads\/2021\/06\/cropped-LOGO_PNG_DATE-_gold-512x512-1.png","width":512,"height":512,"caption":"Libairie Clavreuil"},"image":{"@id":"https:\/\/www.librairieclavreuil.com\/#\/schema\/logo\/image\/"},"sameAs":["https:\/\/www.instagram.com\/librairieclavreuil\/"]}]}},"jetpack_sharing_enabled":true,"_links":{"self":[{"href":"https:\/\/www.librairieclavreuil.com\/en\/wp-json\/wp\/v2\/product\/87245","targetHints":{"allow":["GET"]}}],"collection":[{"href":"https:\/\/www.librairieclavreuil.com\/en\/wp-json\/wp\/v2\/product"}],"about":[{"href":"https:\/\/www.librairieclavreuil.com\/en\/wp-json\/wp\/v2\/types\/product"}],"replies":[{"embeddable":true,"href":"https:\/\/www.librairieclavreuil.com\/en\/wp-json\/wp\/v2\/comments?post=87245"}],"wp:featuredmedia":[{"embeddable":true,"href":"https:\/\/www.librairieclavreuil.com\/en\/wp-json\/wp\/v2\/media\/87853"}],"wp:attachment":[{"href":"https:\/\/www.librairieclavreuil.com\/en\/wp-json\/wp\/v2\/media?parent=87245"}],"wp:term":[{"taxonomy":"product_brand","embeddable":true,"href":"https:\/\/www.librairieclavreuil.com\/en\/wp-json\/wp\/v2\/product_brand?post=87245"},{"taxonomy":"product_cat","embeddable":true,"href":"https:\/\/www.librairieclavreuil.com\/en\/wp-json\/wp\/v2\/product_cat?post=87245"},{"taxonomy":"product_tag","embeddable":true,"href":"https:\/\/www.librairieclavreuil.com\/en\/wp-json\/wp\/v2\/product_tag?post=87245"}],"curies":[{"name":"wp","href":"https:\/\/api.w.org\/{rel}","templated":true}]}}