{"id":87194,"date":"2025-06-26T10:41:41","date_gmt":"2025-06-26T08:41:41","guid":{"rendered":"https:\/\/www.librairieclavreuil.com\/racine-jean-oeuvres-2\/"},"modified":"2025-06-26T10:41:44","modified_gmt":"2025-06-26T08:41:44","slug":"racine-jean-oeuvres-2","status":"publish","type":"product","link":"https:\/\/www.librairieclavreuil.com\/en\/racine-jean-oeuvres-2\/","title":{"rendered":"RACINE Jean Oeuvres."},"content":{"rendered":"<p style=\"text-align:justify\"><i>Brunet, IV, 1078.<\/i><\/p>\n<p>Magnificent edition, printed in an edition of only 200 copies with great care by Didot, as indicated on the last volume: \u2018Printed in an edition of 200 copies, with new typefaces from the foundry of Didot l&#8217;A\u00een\u00e9, on wove paper, from the manufacture of Mr. Johannot p\u00e8re et fils, d&#8217;Annonai, the first manufacturers in France of this kind of paper\u2019.<\/p>\n<p><span style=\"font-variant:small-caps\">A sublime copy of this very fine edition.<\/span><\/p>\n","protected":false},"excerpt":{"rendered":"<p style=\"text-align:justify\">3 volumes 4to (301 x 225mm) XXVII, 463pp. for volume I ; 2 un.l., 482pp., &nbsp;1 un.l. (&#8216;fragment de B\u00e9r\u00e9nice&#8217;) for volume II ; &nbsp;2 un.l., 393pp., 1 un.l. (table and colophone) for volume III. Contemporary red morocco, large gilt border composed of several decorative tools maroquin rouge, spine gilt with raised bands, gilt turn-ins, fly leaves and endpaper in blue watered silk, gilt edges.<\/p>\n","protected":false},"featured_media":87187,"comment_status":"open","ping_status":"closed","template":"","meta":{"_acf_changed":false},"product_brand":[],"product_cat":[544],"product_tag":[1245,1267],"class_list":{"0":"post-87194","1":"product","2":"type-product","3":"status-publish","4":"has-post-thumbnail","6":"product_cat-literature","7":"product_tag-18th-century-literature","8":"product_tag-binding","9":"pa_auteur-racine-jean-2","10":"pa_type-de-livre-printed-book","12":"first","13":"instock","14":"shipping-taxable","15":"purchasable","16":"product-type-simple"},"acf":{"artist":" Jean RACINE","chapeau":"","adresse_bibliographique":"Paris, Imprim\u00e9 par ordre du roi pour l'\u00e9ducation de Monseigneur le Dauphin. Ambroise Didot, 1783","book_type":"Printed book","provenance":"","afficher_prix":""},"yoast_head":"<!-- This site is optimized with the Yoast SEO plugin v24.7 - https:\/\/yoast.com\/wordpress\/plugins\/seo\/ -->\n<title>RACINE Jean Oeuvres. - Libairie Clavreuil<\/title>\n<meta name=\"robots\" content=\"index, follow, max-snippet:-1, max-image-preview:large, max-video-preview:-1\" \/>\n<link rel=\"canonical\" href=\"https:\/\/www.librairieclavreuil.com\/en\/racine-jean-oeuvres-2\/\" \/>\n<meta property=\"og:locale\" content=\"en_US\" \/>\n<meta property=\"og:type\" content=\"article\" \/>\n<meta property=\"og:title\" content=\"RACINE Jean Oeuvres. - Libairie Clavreuil\" \/>\n<meta property=\"og:description\" content=\"3 volumes 4to (301 x 225mm) XXVII, 463pp. for volume I ; 2 un.l., 482pp., &nbsp;1 un.l. (&#039;fragment de B\u00e9r\u00e9nice&#039;) for volume II ; &nbsp;2 un.l., 393pp., 1 un.l. (table and colophone) for volume III. Contemporary red morocco, large gilt border composed of several decorative tools maroquin rouge, spine gilt with raised bands, gilt turn-ins, fly leaves and endpaper in blue watered silk, gilt edges.\" \/>\n<meta property=\"og:url\" content=\"https:\/\/www.librairieclavreuil.com\/en\/racine-jean-oeuvres-2\/\" \/>\n<meta property=\"og:site_name\" content=\"Libairie Clavreuil\" \/>\n<meta property=\"article:modified_time\" content=\"2025-06-26T08:41:44+00:00\" \/>\n<meta property=\"og:image\" content=\"https:\/\/www.librairieclavreuil.com\/wp-content\/uploads\/2025\/06\/jean-racine-oeuvres-9779-685d0759866a4.jpg\" \/>\n\t<meta property=\"og:image:width\" content=\"622\" \/>\n\t<meta property=\"og:image:height\" content=\"800\" \/>\n\t<meta property=\"og:image:type\" content=\"image\/jpeg\" \/>\n<meta name=\"twitter:card\" content=\"summary_large_image\" \/>\n<script type=\"application\/ld+json\" class=\"yoast-schema-graph\">{\"@context\":\"https:\/\/schema.org\",\"@graph\":[{\"@type\":\"WebPage\",\"@id\":\"https:\/\/www.librairieclavreuil.com\/en\/racine-jean-oeuvres-2\/\",\"url\":\"https:\/\/www.librairieclavreuil.com\/en\/racine-jean-oeuvres-2\/\",\"name\":\"RACINE Jean Oeuvres. - Libairie Clavreuil\",\"isPartOf\":{\"@id\":\"https:\/\/www.librairieclavreuil.com\/#website\"},\"primaryImageOfPage\":{\"@id\":\"https:\/\/www.librairieclavreuil.com\/en\/racine-jean-oeuvres-2\/#primaryimage\"},\"image\":{\"@id\":\"https:\/\/www.librairieclavreuil.com\/en\/racine-jean-oeuvres-2\/#primaryimage\"},\"thumbnailUrl\":\"https:\/\/www.librairieclavreuil.com\/wp-content\/uploads\/2025\/06\/jean-racine-oeuvres-9779-685d0759866a4.jpg\",\"datePublished\":\"2025-06-26T08:41:41+00:00\",\"dateModified\":\"2025-06-26T08:41:44+00:00\",\"breadcrumb\":{\"@id\":\"https:\/\/www.librairieclavreuil.com\/en\/racine-jean-oeuvres-2\/#breadcrumb\"},\"inLanguage\":\"en-US\",\"potentialAction\":[{\"@type\":\"ReadAction\",\"target\":[\"https:\/\/www.librairieclavreuil.com\/en\/racine-jean-oeuvres-2\/\"]}]},{\"@type\":\"ImageObject\",\"inLanguage\":\"en-US\",\"@id\":\"https:\/\/www.librairieclavreuil.com\/en\/racine-jean-oeuvres-2\/#primaryimage\",\"url\":\"https:\/\/www.librairieclavreuil.com\/wp-content\/uploads\/2025\/06\/jean-racine-oeuvres-9779-685d0759866a4.jpg\",\"contentUrl\":\"https:\/\/www.librairieclavreuil.com\/wp-content\/uploads\/2025\/06\/jean-racine-oeuvres-9779-685d0759866a4.jpg\",\"width\":622,\"height\":800},{\"@type\":\"BreadcrumbList\",\"@id\":\"https:\/\/www.librairieclavreuil.com\/en\/racine-jean-oeuvres-2\/#breadcrumb\",\"itemListElement\":[{\"@type\":\"ListItem\",\"position\":1,\"name\":\"Accueil\",\"item\":\"https:\/\/www.librairieclavreuil.com\/\"},{\"@type\":\"ListItem\",\"position\":2,\"name\":\"All our books\",\"item\":\"https:\/\/www.librairieclavreuil.com\/en\/all-our-books\/\"},{\"@type\":\"ListItem\",\"position\":3,\"name\":\"RACINE Jean Oeuvres.\"}]},{\"@type\":\"WebSite\",\"@id\":\"https:\/\/www.librairieclavreuil.com\/#website\",\"url\":\"https:\/\/www.librairieclavreuil.com\/\",\"name\":\"Libairie Clavreuil\",\"description\":\"Livres anciens, manuscrits rares et \u00e9ditions originales \u2013 Librairie Clavreuil\",\"publisher\":{\"@id\":\"https:\/\/www.librairieclavreuil.com\/#organization\"},\"potentialAction\":[{\"@type\":\"SearchAction\",\"target\":{\"@type\":\"EntryPoint\",\"urlTemplate\":\"https:\/\/www.librairieclavreuil.com\/?s={search_term_string}\"},\"query-input\":{\"@type\":\"PropertyValueSpecification\",\"valueRequired\":true,\"valueName\":\"search_term_string\"}}],\"inLanguage\":\"en-US\"},{\"@type\":\"Organization\",\"@id\":\"https:\/\/www.librairieclavreuil.com\/#organization\",\"name\":\"Libairie Clavreuil\",\"url\":\"https:\/\/www.librairieclavreuil.com\/\",\"logo\":{\"@type\":\"ImageObject\",\"inLanguage\":\"en-US\",\"@id\":\"https:\/\/www.librairieclavreuil.com\/#\/schema\/logo\/image\/\",\"url\":\"https:\/\/www.librairieclavreuil.com\/wp-content\/uploads\/2021\/06\/cropped-LOGO_PNG_DATE-_gold-512x512-1.png\",\"contentUrl\":\"https:\/\/www.librairieclavreuil.com\/wp-content\/uploads\/2021\/06\/cropped-LOGO_PNG_DATE-_gold-512x512-1.png\",\"width\":512,\"height\":512,\"caption\":\"Libairie Clavreuil\"},\"image\":{\"@id\":\"https:\/\/www.librairieclavreuil.com\/#\/schema\/logo\/image\/\"},\"sameAs\":[\"https:\/\/www.instagram.com\/librairieclavreuil\/\"]}]}<\/script>\n<!-- \/ Yoast SEO plugin. -->","yoast_head_json":{"title":"RACINE Jean Oeuvres. - Libairie Clavreuil","robots":{"index":"index","follow":"follow","max-snippet":"max-snippet:-1","max-image-preview":"max-image-preview:large","max-video-preview":"max-video-preview:-1"},"canonical":"https:\/\/www.librairieclavreuil.com\/en\/racine-jean-oeuvres-2\/","og_locale":"en_US","og_type":"article","og_title":"RACINE Jean Oeuvres. - Libairie Clavreuil","og_description":"3 volumes 4to (301 x 225mm) XXVII, 463pp. for volume I ; 2 un.l., 482pp., &nbsp;1 un.l. ('fragment de B\u00e9r\u00e9nice') for volume II ; &nbsp;2 un.l., 393pp., 1 un.l. (table and colophone) for volume III. Contemporary red morocco, large gilt border composed of several decorative tools maroquin rouge, spine gilt with raised bands, gilt turn-ins, fly leaves and endpaper in blue watered silk, gilt edges.","og_url":"https:\/\/www.librairieclavreuil.com\/en\/racine-jean-oeuvres-2\/","og_site_name":"Libairie Clavreuil","article_modified_time":"2025-06-26T08:41:44+00:00","og_image":[{"width":622,"height":800,"url":"https:\/\/www.librairieclavreuil.com\/wp-content\/uploads\/2025\/06\/jean-racine-oeuvres-9779-685d0759866a4.jpg","type":"image\/jpeg"}],"twitter_card":"summary_large_image","schema":{"@context":"https:\/\/schema.org","@graph":[{"@type":"WebPage","@id":"https:\/\/www.librairieclavreuil.com\/en\/racine-jean-oeuvres-2\/","url":"https:\/\/www.librairieclavreuil.com\/en\/racine-jean-oeuvres-2\/","name":"RACINE Jean Oeuvres. - Libairie Clavreuil","isPartOf":{"@id":"https:\/\/www.librairieclavreuil.com\/#website"},"primaryImageOfPage":{"@id":"https:\/\/www.librairieclavreuil.com\/en\/racine-jean-oeuvres-2\/#primaryimage"},"image":{"@id":"https:\/\/www.librairieclavreuil.com\/en\/racine-jean-oeuvres-2\/#primaryimage"},"thumbnailUrl":"https:\/\/www.librairieclavreuil.com\/wp-content\/uploads\/2025\/06\/jean-racine-oeuvres-9779-685d0759866a4.jpg","datePublished":"2025-06-26T08:41:41+00:00","dateModified":"2025-06-26T08:41:44+00:00","breadcrumb":{"@id":"https:\/\/www.librairieclavreuil.com\/en\/racine-jean-oeuvres-2\/#breadcrumb"},"inLanguage":"en-US","potentialAction":[{"@type":"ReadAction","target":["https:\/\/www.librairieclavreuil.com\/en\/racine-jean-oeuvres-2\/"]}]},{"@type":"ImageObject","inLanguage":"en-US","@id":"https:\/\/www.librairieclavreuil.com\/en\/racine-jean-oeuvres-2\/#primaryimage","url":"https:\/\/www.librairieclavreuil.com\/wp-content\/uploads\/2025\/06\/jean-racine-oeuvres-9779-685d0759866a4.jpg","contentUrl":"https:\/\/www.librairieclavreuil.com\/wp-content\/uploads\/2025\/06\/jean-racine-oeuvres-9779-685d0759866a4.jpg","width":622,"height":800},{"@type":"BreadcrumbList","@id":"https:\/\/www.librairieclavreuil.com\/en\/racine-jean-oeuvres-2\/#breadcrumb","itemListElement":[{"@type":"ListItem","position":1,"name":"Accueil","item":"https:\/\/www.librairieclavreuil.com\/"},{"@type":"ListItem","position":2,"name":"All our books","item":"https:\/\/www.librairieclavreuil.com\/en\/all-our-books\/"},{"@type":"ListItem","position":3,"name":"RACINE Jean Oeuvres."}]},{"@type":"WebSite","@id":"https:\/\/www.librairieclavreuil.com\/#website","url":"https:\/\/www.librairieclavreuil.com\/","name":"Libairie Clavreuil","description":"Livres anciens, manuscrits rares et \u00e9ditions originales \u2013 Librairie Clavreuil","publisher":{"@id":"https:\/\/www.librairieclavreuil.com\/#organization"},"potentialAction":[{"@type":"SearchAction","target":{"@type":"EntryPoint","urlTemplate":"https:\/\/www.librairieclavreuil.com\/?s={search_term_string}"},"query-input":{"@type":"PropertyValueSpecification","valueRequired":true,"valueName":"search_term_string"}}],"inLanguage":"en-US"},{"@type":"Organization","@id":"https:\/\/www.librairieclavreuil.com\/#organization","name":"Libairie Clavreuil","url":"https:\/\/www.librairieclavreuil.com\/","logo":{"@type":"ImageObject","inLanguage":"en-US","@id":"https:\/\/www.librairieclavreuil.com\/#\/schema\/logo\/image\/","url":"https:\/\/www.librairieclavreuil.com\/wp-content\/uploads\/2021\/06\/cropped-LOGO_PNG_DATE-_gold-512x512-1.png","contentUrl":"https:\/\/www.librairieclavreuil.com\/wp-content\/uploads\/2021\/06\/cropped-LOGO_PNG_DATE-_gold-512x512-1.png","width":512,"height":512,"caption":"Libairie Clavreuil"},"image":{"@id":"https:\/\/www.librairieclavreuil.com\/#\/schema\/logo\/image\/"},"sameAs":["https:\/\/www.instagram.com\/librairieclavreuil\/"]}]}},"jetpack_sharing_enabled":true,"_links":{"self":[{"href":"https:\/\/www.librairieclavreuil.com\/en\/wp-json\/wp\/v2\/product\/87194","targetHints":{"allow":["GET"]}}],"collection":[{"href":"https:\/\/www.librairieclavreuil.com\/en\/wp-json\/wp\/v2\/product"}],"about":[{"href":"https:\/\/www.librairieclavreuil.com\/en\/wp-json\/wp\/v2\/types\/product"}],"replies":[{"embeddable":true,"href":"https:\/\/www.librairieclavreuil.com\/en\/wp-json\/wp\/v2\/comments?post=87194"}],"wp:featuredmedia":[{"embeddable":true,"href":"https:\/\/www.librairieclavreuil.com\/en\/wp-json\/wp\/v2\/media\/87187"}],"wp:attachment":[{"href":"https:\/\/www.librairieclavreuil.com\/en\/wp-json\/wp\/v2\/media?parent=87194"}],"wp:term":[{"taxonomy":"product_brand","embeddable":true,"href":"https:\/\/www.librairieclavreuil.com\/en\/wp-json\/wp\/v2\/product_brand?post=87194"},{"taxonomy":"product_cat","embeddable":true,"href":"https:\/\/www.librairieclavreuil.com\/en\/wp-json\/wp\/v2\/product_cat?post=87194"},{"taxonomy":"product_tag","embeddable":true,"href":"https:\/\/www.librairieclavreuil.com\/en\/wp-json\/wp\/v2\/product_tag?post=87194"}],"curies":[{"name":"wp","href":"https:\/\/api.w.org\/{rel}","templated":true}]}}