{"id":87186,"date":"2025-06-26T10:41:33","date_gmt":"2025-06-26T08:41:33","guid":{"rendered":"https:\/\/www.librairieclavreuil.com\/racine-jean-oeuvres-completes-avec-les-notes-de-tous-les-commentateurs-edition-publiee-par-l-aime-martin\/"},"modified":"2025-06-26T10:41:36","modified_gmt":"2025-06-26T08:41:36","slug":"racine-jean-oeuvres-completes-avec-les-notes-de-tous-les-commentateurs-edition-publiee-par-l-aime-martin","status":"publish","type":"product","link":"https:\/\/www.librairieclavreuil.com\/en\/racine-jean-oeuvres-completes-avec-les-notes-de-tous-les-commentateurs-edition-publiee-par-l-aime-martin\/","title":{"rendered":"RACINE Jean Oeuvres compl\u00e8tes. Avec les notes de..."},"content":{"rendered":"<p style=\"text-align:justify\"><i>Qu\u00e9rard, 7, 423 (gives a total of only 13 plates including the portrait, and indicates 1820-1821) ; Brunet, IV, 1080 (without collation for plates). Fl\u00e9ty, 162. Not in Vicaire.<\/i><\/p>\n<p>Beautiful edition, printed by Didot l&#8217;A\u00een\u00e9 for Lef\u00e8vre. It is illustrated with an engraved portrait after Prudhon and 13 plates after drawings by G\u00e9rard, Girodet, Moitte, Desenne, Taunay and Chaudet.<\/p>\n<p>A rare copy on large wove paper with all the plates before the letter, which Brunet has already praised: &#8220;Edition printed on fine paper. There are copies on large wove paper, paltes before the letter: 50 to 60 fr., and more expensive with the etchings, and especially with a fine morocco binding&#8221;.<\/p>\n<p>A magnificent copy on large paper, bound by Simier, known as Simier p\u00e8re, the first in the dynasty of 19th century Parisian bookbinders and the only one bearing the title \u2018Relieur du Roi\u2019.<\/p>\n","protected":false},"excerpt":{"rendered":"<p style=\"text-align:justify\">6 volumes large 8vo (232 x 150 mm) frontispiece engraved by Leroux after Prudhon, 10 nn.ll., CLXXII, 395 pp. 1 nn.l. (table), 4 engraved plates for volume I ; 2 nn.ll., 515 pp. 4 engraved plates for volume II ; 2 nn.ll., 541 pp, 1 nn.l. (table), 3 engraved plates for volume III; 2 nn.ll., 385 pp, 1 nn.l. (table), 2 engraved plates for volume IV; 2 nn.ll., 500 pp. for volume V; 2 nn.ll., 522 pp. for volume VI. Long-grained midnight blue morocco, decorative border in gilt and in blind on covers, spine with raised bands, compartments richly gilt, roulette on the edges, inner roulette, gilt edges (Simier R. Du Roi).<\/p>\n","protected":false},"featured_media":87183,"comment_status":"open","ping_status":"closed","template":"","meta":{"_acf_changed":false},"product_brand":[],"product_cat":[530],"product_tag":[604,598,1267],"class_list":{"0":"post-87186","1":"product","2":"type-product","3":"status-publish","4":"has-post-thumbnail","6":"product_cat-binding","7":"product_tag-19th-century-illustrations","8":"product_tag-19th-century-literature","9":"product_tag-binding","10":"pa_auteur-racine-jean-2","11":"pa_type-de-livre-printed-book","13":"first","14":"instock","15":"shipping-taxable","16":"purchasable","17":"product-type-simple"},"acf":{"artist":" Jean RACINE","chapeau":"Magnificent large paper copy bound by Simier in blue morocco\r\nPlates before the letter","adresse_bibliographique":"Paris, Lef\u00e8vre, 1820","book_type":"Printed book","provenance":"","afficher_prix":""},"yoast_head":"<!-- This site is optimized with the Yoast SEO plugin v24.7 - https:\/\/yoast.com\/wordpress\/plugins\/seo\/ -->\n<title>RACINE Jean Oeuvres compl\u00e8tes. Avec les notes de tous les commentateurs. \u00c9dition publi\u00e9e par L. Aim\u00e9-Martin. - Libairie Clavreuil<\/title>\n<meta name=\"robots\" content=\"index, follow, max-snippet:-1, max-image-preview:large, max-video-preview:-1\" \/>\n<link rel=\"canonical\" href=\"https:\/\/www.librairieclavreuil.com\/en\/racine-jean-oeuvres-completes-avec-les-notes-de-tous-les-commentateurs-edition-publiee-par-l-aime-martin\/\" \/>\n<meta property=\"og:locale\" content=\"en_US\" \/>\n<meta property=\"og:type\" content=\"article\" \/>\n<meta property=\"og:title\" content=\"RACINE Jean Oeuvres compl\u00e8tes. Avec les notes de tous les commentateurs. \u00c9dition publi\u00e9e par L. Aim\u00e9-Martin. - Libairie Clavreuil\" \/>\n<meta property=\"og:description\" content=\"6 volumes large 8vo (232 x 150 mm) frontispiece engraved by Leroux after Prudhon, 10 nn.ll., CLXXII, 395 pp. 1 nn.l. (table), 4 engraved plates for volume I ; 2 nn.ll., 515 pp. 4 engraved plates for volume II ; 2 nn.ll., 541 pp, 1 nn.l. (table), 3 engraved plates for volume III; 2 nn.ll., 385 pp, 1 nn.l. (table), 2 engraved plates for volume IV; 2 nn.ll., 500 pp. for volume V; 2 nn.ll., 522 pp. for volume VI. Long-grained midnight blue morocco, decorative border in gilt and in blind on covers, spine with raised bands, compartments richly gilt, roulette on the edges, inner roulette, gilt edges (Simier R. Du Roi).\" \/>\n<meta property=\"og:url\" content=\"https:\/\/www.librairieclavreuil.com\/en\/racine-jean-oeuvres-completes-avec-les-notes-de-tous-les-commentateurs-edition-publiee-par-l-aime-martin\/\" \/>\n<meta property=\"og:site_name\" content=\"Libairie Clavreuil\" \/>\n<meta property=\"article:modified_time\" content=\"2025-06-26T08:41:36+00:00\" \/>\n<meta property=\"og:image\" content=\"https:\/\/www.librairieclavreuil.com\/wp-content\/uploads\/2025\/06\/jean-racine-oeuvres-completes-avec-les-notes-de-tous-les-commentateurs-edition-publiee-par-l-aime-martin-9822-6808ef83b30d4.jpg\" \/>\n\t<meta property=\"og:image:width\" content=\"800\" \/>\n\t<meta property=\"og:image:height\" content=\"622\" \/>\n\t<meta property=\"og:image:type\" content=\"image\/jpeg\" \/>\n<meta name=\"twitter:card\" content=\"summary_large_image\" \/>\n<meta name=\"twitter:label1\" content=\"Est. reading time\" \/>\n\t<meta name=\"twitter:data1\" content=\"1 minute\" \/>\n<script type=\"application\/ld+json\" class=\"yoast-schema-graph\">{\"@context\":\"https:\/\/schema.org\",\"@graph\":[{\"@type\":\"WebPage\",\"@id\":\"https:\/\/www.librairieclavreuil.com\/en\/racine-jean-oeuvres-completes-avec-les-notes-de-tous-les-commentateurs-edition-publiee-par-l-aime-martin\/\",\"url\":\"https:\/\/www.librairieclavreuil.com\/en\/racine-jean-oeuvres-completes-avec-les-notes-de-tous-les-commentateurs-edition-publiee-par-l-aime-martin\/\",\"name\":\"RACINE Jean Oeuvres compl\u00e8tes. Avec les notes de tous les commentateurs. \u00c9dition publi\u00e9e par L. Aim\u00e9-Martin. - Libairie Clavreuil\",\"isPartOf\":{\"@id\":\"https:\/\/www.librairieclavreuil.com\/#website\"},\"primaryImageOfPage\":{\"@id\":\"https:\/\/www.librairieclavreuil.com\/en\/racine-jean-oeuvres-completes-avec-les-notes-de-tous-les-commentateurs-edition-publiee-par-l-aime-martin\/#primaryimage\"},\"image\":{\"@id\":\"https:\/\/www.librairieclavreuil.com\/en\/racine-jean-oeuvres-completes-avec-les-notes-de-tous-les-commentateurs-edition-publiee-par-l-aime-martin\/#primaryimage\"},\"thumbnailUrl\":\"https:\/\/www.librairieclavreuil.com\/wp-content\/uploads\/2025\/06\/jean-racine-oeuvres-completes-avec-les-notes-de-tous-les-commentateurs-edition-publiee-par-l-aime-martin-9822-6808ef83b30d4.jpg\",\"datePublished\":\"2025-06-26T08:41:33+00:00\",\"dateModified\":\"2025-06-26T08:41:36+00:00\",\"breadcrumb\":{\"@id\":\"https:\/\/www.librairieclavreuil.com\/en\/racine-jean-oeuvres-completes-avec-les-notes-de-tous-les-commentateurs-edition-publiee-par-l-aime-martin\/#breadcrumb\"},\"inLanguage\":\"en-US\",\"potentialAction\":[{\"@type\":\"ReadAction\",\"target\":[\"https:\/\/www.librairieclavreuil.com\/en\/racine-jean-oeuvres-completes-avec-les-notes-de-tous-les-commentateurs-edition-publiee-par-l-aime-martin\/\"]}]},{\"@type\":\"ImageObject\",\"inLanguage\":\"en-US\",\"@id\":\"https:\/\/www.librairieclavreuil.com\/en\/racine-jean-oeuvres-completes-avec-les-notes-de-tous-les-commentateurs-edition-publiee-par-l-aime-martin\/#primaryimage\",\"url\":\"https:\/\/www.librairieclavreuil.com\/wp-content\/uploads\/2025\/06\/jean-racine-oeuvres-completes-avec-les-notes-de-tous-les-commentateurs-edition-publiee-par-l-aime-martin-9822-6808ef83b30d4.jpg\",\"contentUrl\":\"https:\/\/www.librairieclavreuil.com\/wp-content\/uploads\/2025\/06\/jean-racine-oeuvres-completes-avec-les-notes-de-tous-les-commentateurs-edition-publiee-par-l-aime-martin-9822-6808ef83b30d4.jpg\",\"width\":800,\"height\":622},{\"@type\":\"BreadcrumbList\",\"@id\":\"https:\/\/www.librairieclavreuil.com\/en\/racine-jean-oeuvres-completes-avec-les-notes-de-tous-les-commentateurs-edition-publiee-par-l-aime-martin\/#breadcrumb\",\"itemListElement\":[{\"@type\":\"ListItem\",\"position\":1,\"name\":\"Accueil\",\"item\":\"https:\/\/www.librairieclavreuil.com\/\"},{\"@type\":\"ListItem\",\"position\":2,\"name\":\"All our books\",\"item\":\"https:\/\/www.librairieclavreuil.com\/en\/all-our-books\/\"},{\"@type\":\"ListItem\",\"position\":3,\"name\":\"RACINE Jean Oeuvres compl\u00e8tes. Avec les notes de...\"}]},{\"@type\":\"WebSite\",\"@id\":\"https:\/\/www.librairieclavreuil.com\/#website\",\"url\":\"https:\/\/www.librairieclavreuil.com\/\",\"name\":\"Libairie Clavreuil\",\"description\":\"Livres anciens, manuscrits rares et \u00e9ditions originales \u2013 Librairie Clavreuil\",\"publisher\":{\"@id\":\"https:\/\/www.librairieclavreuil.com\/#organization\"},\"potentialAction\":[{\"@type\":\"SearchAction\",\"target\":{\"@type\":\"EntryPoint\",\"urlTemplate\":\"https:\/\/www.librairieclavreuil.com\/?s={search_term_string}\"},\"query-input\":{\"@type\":\"PropertyValueSpecification\",\"valueRequired\":true,\"valueName\":\"search_term_string\"}}],\"inLanguage\":\"en-US\"},{\"@type\":\"Organization\",\"@id\":\"https:\/\/www.librairieclavreuil.com\/#organization\",\"name\":\"Libairie Clavreuil\",\"url\":\"https:\/\/www.librairieclavreuil.com\/\",\"logo\":{\"@type\":\"ImageObject\",\"inLanguage\":\"en-US\",\"@id\":\"https:\/\/www.librairieclavreuil.com\/#\/schema\/logo\/image\/\",\"url\":\"https:\/\/www.librairieclavreuil.com\/wp-content\/uploads\/2021\/06\/cropped-LOGO_PNG_DATE-_gold-512x512-1.png\",\"contentUrl\":\"https:\/\/www.librairieclavreuil.com\/wp-content\/uploads\/2021\/06\/cropped-LOGO_PNG_DATE-_gold-512x512-1.png\",\"width\":512,\"height\":512,\"caption\":\"Libairie Clavreuil\"},\"image\":{\"@id\":\"https:\/\/www.librairieclavreuil.com\/#\/schema\/logo\/image\/\"},\"sameAs\":[\"https:\/\/www.instagram.com\/librairieclavreuil\/\"]}]}<\/script>\n<!-- \/ Yoast SEO plugin. -->","yoast_head_json":{"title":"RACINE Jean Oeuvres compl\u00e8tes. Avec les notes de tous les commentateurs. \u00c9dition publi\u00e9e par L. Aim\u00e9-Martin. - Libairie Clavreuil","robots":{"index":"index","follow":"follow","max-snippet":"max-snippet:-1","max-image-preview":"max-image-preview:large","max-video-preview":"max-video-preview:-1"},"canonical":"https:\/\/www.librairieclavreuil.com\/en\/racine-jean-oeuvres-completes-avec-les-notes-de-tous-les-commentateurs-edition-publiee-par-l-aime-martin\/","og_locale":"en_US","og_type":"article","og_title":"RACINE Jean Oeuvres compl\u00e8tes. Avec les notes de tous les commentateurs. \u00c9dition publi\u00e9e par L. Aim\u00e9-Martin. - Libairie Clavreuil","og_description":"6 volumes large 8vo (232 x 150 mm) frontispiece engraved by Leroux after Prudhon, 10 nn.ll., CLXXII, 395 pp. 1 nn.l. (table), 4 engraved plates for volume I ; 2 nn.ll., 515 pp. 4 engraved plates for volume II ; 2 nn.ll., 541 pp, 1 nn.l. (table), 3 engraved plates for volume III; 2 nn.ll., 385 pp, 1 nn.l. (table), 2 engraved plates for volume IV; 2 nn.ll., 500 pp. for volume V; 2 nn.ll., 522 pp. for volume VI. Long-grained midnight blue morocco, decorative border in gilt and in blind on covers, spine with raised bands, compartments richly gilt, roulette on the edges, inner roulette, gilt edges (Simier R. Du Roi).","og_url":"https:\/\/www.librairieclavreuil.com\/en\/racine-jean-oeuvres-completes-avec-les-notes-de-tous-les-commentateurs-edition-publiee-par-l-aime-martin\/","og_site_name":"Libairie Clavreuil","article_modified_time":"2025-06-26T08:41:36+00:00","og_image":[{"width":800,"height":622,"url":"https:\/\/www.librairieclavreuil.com\/wp-content\/uploads\/2025\/06\/jean-racine-oeuvres-completes-avec-les-notes-de-tous-les-commentateurs-edition-publiee-par-l-aime-martin-9822-6808ef83b30d4.jpg","type":"image\/jpeg"}],"twitter_card":"summary_large_image","twitter_misc":{"Est. reading time":"1 minute"},"schema":{"@context":"https:\/\/schema.org","@graph":[{"@type":"WebPage","@id":"https:\/\/www.librairieclavreuil.com\/en\/racine-jean-oeuvres-completes-avec-les-notes-de-tous-les-commentateurs-edition-publiee-par-l-aime-martin\/","url":"https:\/\/www.librairieclavreuil.com\/en\/racine-jean-oeuvres-completes-avec-les-notes-de-tous-les-commentateurs-edition-publiee-par-l-aime-martin\/","name":"RACINE Jean Oeuvres compl\u00e8tes. Avec les notes de tous les commentateurs. \u00c9dition publi\u00e9e par L. Aim\u00e9-Martin. - Libairie Clavreuil","isPartOf":{"@id":"https:\/\/www.librairieclavreuil.com\/#website"},"primaryImageOfPage":{"@id":"https:\/\/www.librairieclavreuil.com\/en\/racine-jean-oeuvres-completes-avec-les-notes-de-tous-les-commentateurs-edition-publiee-par-l-aime-martin\/#primaryimage"},"image":{"@id":"https:\/\/www.librairieclavreuil.com\/en\/racine-jean-oeuvres-completes-avec-les-notes-de-tous-les-commentateurs-edition-publiee-par-l-aime-martin\/#primaryimage"},"thumbnailUrl":"https:\/\/www.librairieclavreuil.com\/wp-content\/uploads\/2025\/06\/jean-racine-oeuvres-completes-avec-les-notes-de-tous-les-commentateurs-edition-publiee-par-l-aime-martin-9822-6808ef83b30d4.jpg","datePublished":"2025-06-26T08:41:33+00:00","dateModified":"2025-06-26T08:41:36+00:00","breadcrumb":{"@id":"https:\/\/www.librairieclavreuil.com\/en\/racine-jean-oeuvres-completes-avec-les-notes-de-tous-les-commentateurs-edition-publiee-par-l-aime-martin\/#breadcrumb"},"inLanguage":"en-US","potentialAction":[{"@type":"ReadAction","target":["https:\/\/www.librairieclavreuil.com\/en\/racine-jean-oeuvres-completes-avec-les-notes-de-tous-les-commentateurs-edition-publiee-par-l-aime-martin\/"]}]},{"@type":"ImageObject","inLanguage":"en-US","@id":"https:\/\/www.librairieclavreuil.com\/en\/racine-jean-oeuvres-completes-avec-les-notes-de-tous-les-commentateurs-edition-publiee-par-l-aime-martin\/#primaryimage","url":"https:\/\/www.librairieclavreuil.com\/wp-content\/uploads\/2025\/06\/jean-racine-oeuvres-completes-avec-les-notes-de-tous-les-commentateurs-edition-publiee-par-l-aime-martin-9822-6808ef83b30d4.jpg","contentUrl":"https:\/\/www.librairieclavreuil.com\/wp-content\/uploads\/2025\/06\/jean-racine-oeuvres-completes-avec-les-notes-de-tous-les-commentateurs-edition-publiee-par-l-aime-martin-9822-6808ef83b30d4.jpg","width":800,"height":622},{"@type":"BreadcrumbList","@id":"https:\/\/www.librairieclavreuil.com\/en\/racine-jean-oeuvres-completes-avec-les-notes-de-tous-les-commentateurs-edition-publiee-par-l-aime-martin\/#breadcrumb","itemListElement":[{"@type":"ListItem","position":1,"name":"Accueil","item":"https:\/\/www.librairieclavreuil.com\/"},{"@type":"ListItem","position":2,"name":"All our books","item":"https:\/\/www.librairieclavreuil.com\/en\/all-our-books\/"},{"@type":"ListItem","position":3,"name":"RACINE Jean Oeuvres compl\u00e8tes. Avec les notes de..."}]},{"@type":"WebSite","@id":"https:\/\/www.librairieclavreuil.com\/#website","url":"https:\/\/www.librairieclavreuil.com\/","name":"Libairie Clavreuil","description":"Livres anciens, manuscrits rares et \u00e9ditions originales \u2013 Librairie Clavreuil","publisher":{"@id":"https:\/\/www.librairieclavreuil.com\/#organization"},"potentialAction":[{"@type":"SearchAction","target":{"@type":"EntryPoint","urlTemplate":"https:\/\/www.librairieclavreuil.com\/?s={search_term_string}"},"query-input":{"@type":"PropertyValueSpecification","valueRequired":true,"valueName":"search_term_string"}}],"inLanguage":"en-US"},{"@type":"Organization","@id":"https:\/\/www.librairieclavreuil.com\/#organization","name":"Libairie Clavreuil","url":"https:\/\/www.librairieclavreuil.com\/","logo":{"@type":"ImageObject","inLanguage":"en-US","@id":"https:\/\/www.librairieclavreuil.com\/#\/schema\/logo\/image\/","url":"https:\/\/www.librairieclavreuil.com\/wp-content\/uploads\/2021\/06\/cropped-LOGO_PNG_DATE-_gold-512x512-1.png","contentUrl":"https:\/\/www.librairieclavreuil.com\/wp-content\/uploads\/2021\/06\/cropped-LOGO_PNG_DATE-_gold-512x512-1.png","width":512,"height":512,"caption":"Libairie Clavreuil"},"image":{"@id":"https:\/\/www.librairieclavreuil.com\/#\/schema\/logo\/image\/"},"sameAs":["https:\/\/www.instagram.com\/librairieclavreuil\/"]}]}},"jetpack_sharing_enabled":true,"_links":{"self":[{"href":"https:\/\/www.librairieclavreuil.com\/en\/wp-json\/wp\/v2\/product\/87186","targetHints":{"allow":["GET"]}}],"collection":[{"href":"https:\/\/www.librairieclavreuil.com\/en\/wp-json\/wp\/v2\/product"}],"about":[{"href":"https:\/\/www.librairieclavreuil.com\/en\/wp-json\/wp\/v2\/types\/product"}],"replies":[{"embeddable":true,"href":"https:\/\/www.librairieclavreuil.com\/en\/wp-json\/wp\/v2\/comments?post=87186"}],"wp:featuredmedia":[{"embeddable":true,"href":"https:\/\/www.librairieclavreuil.com\/en\/wp-json\/wp\/v2\/media\/87183"}],"wp:attachment":[{"href":"https:\/\/www.librairieclavreuil.com\/en\/wp-json\/wp\/v2\/media?parent=87186"}],"wp:term":[{"taxonomy":"product_brand","embeddable":true,"href":"https:\/\/www.librairieclavreuil.com\/en\/wp-json\/wp\/v2\/product_brand?post=87186"},{"taxonomy":"product_cat","embeddable":true,"href":"https:\/\/www.librairieclavreuil.com\/en\/wp-json\/wp\/v2\/product_cat?post=87186"},{"taxonomy":"product_tag","embeddable":true,"href":"https:\/\/www.librairieclavreuil.com\/en\/wp-json\/wp\/v2\/product_tag?post=87186"}],"curies":[{"name":"wp","href":"https:\/\/api.w.org\/{rel}","templated":true}]}}